{"id":9298,"date":"2025-11-17T02:33:08","date_gmt":"2025-11-17T02:33:08","guid":{"rendered":"https:\/\/changhongchemical.com\/?post_type=product&#038;p=9298"},"modified":"2025-11-17T02:33:08","modified_gmt":"2025-11-17T02:33:08","slug":"chluminitsbq-cas-74401-04-0","status":"publish","type":"product","link":"https:\/\/changhongchemical.com\/tr\/product\/chluminitsbq-cas-74401-04-0\/","title":{"rendered":"CHLUMINIT\u00aeSBQ CAS 74401-04-0"},"content":{"rendered":"<p><b>Uygulama <\/b><\/p>\n<p>Esterifasyonda kullan\u0131lan \u00f6nceden duyarl\u0131la\u015ft\u0131r\u0131lm\u0131\u015f ofset plakalar i\u00e7in negatif \u00e7al\u0131\u015fma duyarl\u0131la\u015ft\u0131r\u0131c\u0131s\u0131, Diazo ara \u00fcr\u00fcn\u00fcn\u00fcn yerine ge\u00e7er, ancak daha y\u00fcksek kalite sa\u011flar<\/p>\n<p>ve daha uzun raf \u00f6mr\u00fc ile h\u0131zl\u0131 maruz kalma s\u00fcresi.<\/p>\n<p>1) organik vinilpiridin re\u00e7inesi (SBQ \u0131\u015f\u0131\u011fa duyarl\u0131 re\u00e7ine) Di\u011fer yard\u0131mc\u0131 maddelerle birlikte diren\u00e7li suda \u00e7\u00f6z\u00fcn\u00fcrl\u00fck re\u00e7inesi ekleyin, SBQ \u0131\u015f\u0131\u011fa duyarl\u0131 re\u00e7ine \u015funlar\u0131 yapabilir<\/p>\n<p>\u0130pek bask\u0131 plakas\u0131 \u00fcretimi i\u00e7in tek ak\u0131\u015fkan tarzda dayan\u0131kl\u0131 suda \u00e7\u00f6z\u00fcn\u00fcr SBQ \u0131\u015f\u0131\u011fa duyarl\u0131 re\u00e7ine \u00fcretin, bu sayede<\/p>\n<p>suda \u00e7\u00f6z\u00fcn\u00fcr Bask\u0131 M\u00fcrekkepleri i\u00e7in kullan\u0131l\u0131r. boyutland\u0131rma malzemesi m\u00fcsilaj tutkal\u0131. bask\u0131 malzemesi vb. Tekstil, giysi, havlu ka\u011f\u0131t \u00fczerine bask\u0131 g\u00f6r\u00fcnt\u00fcs\u00fc var<\/p>\n<p>Y\u00fcksek senitizasyonun g\u00fc\u00e7l\u00fc noktalar\u0131, iyi ay\u0131rma keskinli\u011fi, p\u00fcr\u00fczs\u00fcz y\u00fczey.<\/p>\n<p>2) organik vinilpiridin re\u00e7inesi (SBQ \u0131\u015f\u0131\u011fa duyarl\u0131 re\u00e7ine) Di\u011fer yard\u0131mc\u0131 maddelerle birlikte diren\u00e7li suda \u00e7\u00f6z\u00fcn\u00fcrl\u00fck re\u00e7inesi ekleyin, SBQ \u0131\u015f\u0131\u011fa duyarl\u0131 re\u00e7ine<\/p>\n<p>diren\u00e7li solventin tek ak\u0131\u015fkan stilini olu\u015fturur. SBQ \u0131\u015f\u0131\u011fa duyarl\u0131 re\u00e7ine, diren\u00e7li solvent bask\u0131 m\u00fcrekkep plakas\u0131 \u00fcretimi i\u00e7in<\/p>\n<p>Kaynak \u00f6nleyici bask\u0131 m\u00fcrekkebi, kabartma bask\u0131 m\u00fcrekkebi, hav kaplama bask\u0131 m\u00fcrekkebi gibi solvent bask\u0131 m\u00fcrekkepleri i\u00e7in kullan\u0131l\u0131r. Plaktik \u00e7\u00f6z\u00fcn\u00fcr bask\u0131 m\u00fcrekkebi, k\u00f6p\u00fck<\/p>\n<p>bask\u0131 m\u00fcrekkebi ve benzeri, esas olarak bask\u0131 \u00fcr\u00fcnleri i\u00e7in kullan\u0131l\u0131r: PCB, Metre, AD marka plaka, her t\u00fcrl\u00fc marka, isim levhas\u0131, \u00e7\u0131kartma ka\u011f\u0131d\u0131, plastik,<\/p>\n<p>cam, metal, deri ve vb.<\/p>\n<p>3) Ofset bask\u0131 kullan\u0131m\u0131 i\u00e7in organik vinilpiridin re\u00e7ine (SBQ \u0131\u015f\u0131\u011fa duyarl\u0131 re\u00e7ine) tedarik edilebilir.<\/p>\n<p><strong>SBQ'nun Avantajlar\u0131 :<\/strong><\/p>\n<p>1) kullan\u0131m\u0131 kolay, ba\u015fka bir da\u011f\u0131t\u0131m olmadan do\u011frudan kaplama kuma\u015f naylon ekran plakas\u0131 i\u00e7in kullan\u0131labilen tek ak\u0131\u015fkan tarz\u0131d\u0131r.<\/p>\n<p>2) \u0130yi termal stabilite. Y\u00fcksek s\u0131cakl\u0131k ve nem ko\u015fullar\u0131nda tutulursa metamorfoza u\u011framas\u0131 kolay de\u011fildir, fotoresest olan<\/p>\n<p>Diazofotografik re\u00e7ine veya bikromattan daha iyidir, \u00f6n kaplamal\u0131 ekran versiyonu i\u00e7in kullan\u0131labilir.<\/p>\n<p>3) Plaka yapmak i\u00e7in, \u00f6rne\u011fin, kuma\u015f kaplamak, pozlamak, geli\u015ftirmek.<\/p>\n<p>4) Hassasiyet y\u00fcksektir ve diazo fotoresestten d\u00f6rt veya be\u015f kat daha fazlad\u0131r, spektrum aral\u0131\u011f\u0131 315 ila 430 mm aras\u0131ndad\u0131r. Tepe noktas\u0131<\/p>\n<p>emilim dalga boyu yakla\u015f\u0131k 370 mm'dir. Siyah \u0131\u015f\u0131k lambas\u0131na veya y\u00fcksek voltajl\u0131 c\u0131va lambas\u0131na maruz b\u0131rakmak daha iyidir.<\/p>\n<p>5) Y\u00fcksek Geli\u015ftirme Kapasitesi. Do\u011frudan su ile geli\u015ftirme bir\u00e7ok kolayl\u0131k sa\u011flar ve y\u00fcksek netlikte ay\u0131rma, net g\u00f6r\u00fcnt\u00fc ve iyi<\/p>\n<p>bask\u0131 kalitesi.<\/p>\n<p>6) SBQ \u0131\u015f\u0131\u011fa duyarl\u0131 re\u00e7ineden yap\u0131lm\u0131\u015f serigrafi bask\u0131 plakas\u0131, \u00e7e\u015fitli bask\u0131 m\u00fcrekkebi malzemeleri i\u00e7in uygundur.<\/p>\n<p>7) Naylon ekranl\u0131 plaka kal\u0131b\u0131 g\u00fc\u00e7l\u00fc bir yap\u0131\u015fkanl\u0131\u011fa sahiptir. Bask\u0131 oran\u0131 y\u00fcksektir, kal\u0131b\u0131n bo\u015falt\u0131lmas\u0131 kolay de\u011fildir.<\/p>\n<p>8) \u00c7\u00f6km\u00fc\u015f veya eski plakan\u0131n yeniden kullan\u0131lmas\u0131 i\u00e7in yerle bir edilmesi zordur.<\/p>\n<p>9) \u0130nsana zarar yok, kirlilik yok, \u00e7evrecilik<\/p>\n<p><b>B\u00d6L\u00dcM 4 G\u00fcvenlik ve Kullan\u0131m <\/b><\/p>\n<p>20 Kg\/net varil. Di\u011fer paketleme se\u00e7enekleri istek \u00fczerine mevcuttur<\/p>","protected":false},"excerpt":{"rendered":"<p><strong>\u00dcr\u00fcn Ad\u0131: <\/strong>SBQ<\/p>\n<p><strong>Kimyasal Ad\u0131: <\/strong>N-Metil-4-(p-folmil stiril)-piridimyum metils\u00fclfat<\/p>\n<p><strong>CAS: <\/strong>74401-04-0<\/p>\n<p><strong>Molek\u00fcler A\u011f\u0131rl\u0131k: <\/strong>79.90<\/p>\n<p><strong>Molek\u00fcler Form\u00fcl: <\/strong>C16H17NO5S<\/p>\n<p><strong>Tahlil: <\/strong>\u2265 98,0 %<\/p>\n<p><strong>G\u00f6r\u00fcn\u00fc\u015f: <\/strong>Soluk sar\u0131 toz<\/p>\n<p><strong>Absorbans (10 ppm, 343nm): <\/strong>\u2264 1.300<\/p>\n<p><strong>Erime Noktas\u0131 \u00b0C: <\/strong>234.4 \u00b0C<\/p>\n<p><strong>Ba\u015fvuru Talimatlar\u0131<\/strong><\/p>\n<p>SBQ, suda \u00e7\u00f6z\u00fcn\u00fcrl\u00fc\u011fe sahip \u0131\u015f\u0131\u011fa duyarl\u0131 kaplamalar\u0131n bile\u015fik malzemesi olarak kullan\u0131l\u0131r. Esas olarak ipek bask\u0131 foto\u011fraf jelasyonu \u00fcretimi i\u00e7in kullan\u0131l\u0131r.<\/p>\n<p>\u0130kili diazo tozundan daha iyi karakter, \u00e7\u00fcnk\u00fc herhangi bir karanl\u0131k reaksiyon olmadan y\u00fcksek stabilite, daha y\u00fcksek \u0131\u015f\u0131\u011fa duyarl\u0131l\u0131k ve termal stabilite<\/p>","protected":false},"featured_media":0,"comment_status":"closed","ping_status":"closed","template":"","meta":[],"product_brand":[],"product_cat":[154],"product_tag":[],"class_list":{"0":"post-9298","1":"product","2":"type-product","3":"status-publish","5":"product_cat-aproducts","7":"first","8":"instock","9":"shipping-taxable","10":"product-type-simple"},"yoast_head":"<!-- This site is optimized with the Yoast SEO plugin v27.4 - https:\/\/yoast.com\/product\/yoast-seo-wordpress\/ -->\n<title>Water-Soluble Photoinitiator SBQ | CAS 74401-04-0 Supplier- Changhong Chemic<\/title>\n<meta name=\"description\" content=\"is a water-soluble, high-sensitivity photoinitiator specifically designed for photoresists, printed circuit board (PCB) photomasks, and UV-curable imaging materials. This electronics-grade chemical ensures high resolution and performance in demanding applications. Request a technical data sheet and quote.\" \/>\n<meta name=\"robots\" content=\"index, follow, max-snippet:-1, max-image-preview:large, max-video-preview:-1\" \/>\n<link rel=\"canonical\" href=\"https:\/\/changhongchemical.com\/tr\/product\/chluminitsbq-cas-74401-04-0\/\" \/>\n<meta property=\"og:locale\" content=\"tr_TR\" \/>\n<meta property=\"og:type\" content=\"article\" \/>\n<meta property=\"og:title\" content=\"Water-Soluble Photoinitiator SBQ | CAS 74401-04-0 Supplier- Changhong Chemic\" \/>\n<meta property=\"og:description\" content=\"is a water-soluble, high-sensitivity photoinitiator specifically designed for photoresists, printed circuit board (PCB) photomasks, and UV-curable imaging materials. This electronics-grade chemical ensures high resolution and performance in demanding applications. Request a technical data sheet and quote.\" \/>\n<meta property=\"og:url\" content=\"https:\/\/changhongchemical.com\/tr\/product\/chluminitsbq-cas-74401-04-0\/\" \/>\n<meta property=\"og:site_name\" content=\"Changhong Chemical\" \/>\n<meta property=\"og:image\" content=\"https:\/\/changhongchemical.com\/wp-content\/uploads\/2024\/02\/logo-jpeg.jpg\" \/>\n\t<meta property=\"og:image:width\" content=\"1000\" \/>\n\t<meta property=\"og:image:height\" content=\"1000\" \/>\n\t<meta property=\"og:image:type\" content=\"image\/jpeg\" \/>\n<meta name=\"twitter:card\" content=\"summary_large_image\" \/>\n<meta name=\"twitter:label1\" content=\"Tahmini okuma s\u00fcresi\" \/>\n\t<meta name=\"twitter:data1\" content=\"2 dakika\" \/>\n<script type=\"application\/ld+json\" class=\"yoast-schema-graph\">{\"@context\":\"https:\\\/\\\/schema.org\",\"@graph\":[{\"@type\":\"WebPage\",\"@id\":\"https:\\\/\\\/changhongchemical.com\\\/product\\\/chluminitsbq-cas-74401-04-0\\\/\",\"url\":\"https:\\\/\\\/changhongchemical.com\\\/product\\\/chluminitsbq-cas-74401-04-0\\\/\",\"name\":\"Water-Soluble Photoinitiator SBQ | CAS 74401-04-0 Supplier- Changhong Chemic\",\"isPartOf\":{\"@id\":\"https:\\\/\\\/changhongchemical.com\\\/#website\"},\"datePublished\":\"2025-11-17T02:33:08+00:00\",\"description\":\"is a water-soluble, high-sensitivity photoinitiator specifically designed for photoresists, printed circuit board (PCB) photomasks, and UV-curable imaging materials. This electronics-grade chemical ensures high resolution and performance in demanding applications. Request a technical data sheet and quote.\",\"breadcrumb\":{\"@id\":\"https:\\\/\\\/changhongchemical.com\\\/product\\\/chluminitsbq-cas-74401-04-0\\\/#breadcrumb\"},\"inLanguage\":\"tr\",\"potentialAction\":[{\"@type\":\"ReadAction\",\"target\":[\"https:\\\/\\\/changhongchemical.com\\\/product\\\/chluminitsbq-cas-74401-04-0\\\/\"]}]},{\"@type\":\"BreadcrumbList\",\"@id\":\"https:\\\/\\\/changhongchemical.com\\\/product\\\/chluminitsbq-cas-74401-04-0\\\/#breadcrumb\",\"itemListElement\":[{\"@type\":\"ListItem\",\"position\":1,\"name\":\"Home\",\"item\":\"https:\\\/\\\/changhongchemical.com\\\/\"},{\"@type\":\"ListItem\",\"position\":2,\"name\":\"Products Changhong\",\"item\":\"https:\\\/\\\/changhongchemical.com\\\/product\\\/\"},{\"@type\":\"ListItem\",\"position\":3,\"name\":\"CHLUMINIT\u00aeSBQ CAS 74401-04-0\"}]},{\"@type\":\"WebSite\",\"@id\":\"https:\\\/\\\/changhongchemical.com\\\/#website\",\"url\":\"https:\\\/\\\/changhongchemical.com\\\/\",\"name\":\"Changhong Chemical\",\"description\":\"China chemical manufacturer \uff06 supplier\",\"publisher\":{\"@id\":\"https:\\\/\\\/changhongchemical.com\\\/#organization\"},\"potentialAction\":[{\"@type\":\"SearchAction\",\"target\":{\"@type\":\"EntryPoint\",\"urlTemplate\":\"https:\\\/\\\/changhongchemical.com\\\/?s={search_term_string}\"},\"query-input\":{\"@type\":\"PropertyValueSpecification\",\"valueRequired\":true,\"valueName\":\"search_term_string\"}}],\"inLanguage\":\"tr\"},{\"@type\":\"Organization\",\"@id\":\"https:\\\/\\\/changhongchemical.com\\\/#organization\",\"name\":\"Changhong Chemical\",\"url\":\"https:\\\/\\\/changhongchemical.com\\\/\",\"logo\":{\"@type\":\"ImageObject\",\"inLanguage\":\"tr\",\"@id\":\"https:\\\/\\\/changhongchemical.com\\\/#\\\/schema\\\/logo\\\/image\\\/\",\"url\":\"https:\\\/\\\/changhongchemical.com\\\/wp-content\\\/uploads\\\/2020\\\/08\\\/cropped-longchang-logo.png\",\"contentUrl\":\"https:\\\/\\\/changhongchemical.com\\\/wp-content\\\/uploads\\\/2020\\\/08\\\/cropped-longchang-logo.png\",\"width\":512,\"height\":512,\"caption\":\"Changhong Chemical\"},\"image\":{\"@id\":\"https:\\\/\\\/changhongchemical.com\\\/#\\\/schema\\\/logo\\\/image\\\/\"}}]}<\/script>\n<!-- \/ Yoast SEO plugin. -->","yoast_head_json":{"title":"Suda \u00c7\u00f6z\u00fcn\u00fcr Fotoba\u015flat\u0131c\u0131 SBQ | CAS 74401-04-0 Tedarik\u00e7i - Changhong Chemic","description":"fotorezistler, bask\u0131l\u0131 devre kart\u0131 (PCB) fotomasklar\u0131 ve UV ile k\u00fcrlenebilen g\u00f6r\u00fcnt\u00fcleme malzemeleri i\u00e7in \u00f6zel olarak tasarlanm\u0131\u015f suda \u00e7\u00f6z\u00fcn\u00fcr, y\u00fcksek hassasiyetli bir foto ba\u015flat\u0131c\u0131d\u0131r. Bu elektronik s\u0131n\u0131f\u0131 kimyasal, zorlu uygulamalarda y\u00fcksek \u00e7\u00f6z\u00fcn\u00fcrl\u00fck ve performans sa\u011flar. Teknik veri sayfas\u0131 ve fiyat teklifi isteyin.","robots":{"index":"index","follow":"follow","max-snippet":"max-snippet:-1","max-image-preview":"max-image-preview:large","max-video-preview":"max-video-preview:-1"},"canonical":"https:\/\/changhongchemical.com\/tr\/product\/chluminitsbq-cas-74401-04-0\/","og_locale":"tr_TR","og_type":"article","og_title":"Water-Soluble Photoinitiator SBQ | CAS 74401-04-0 Supplier- Changhong Chemic","og_description":"is a water-soluble, high-sensitivity photoinitiator specifically designed for photoresists, printed circuit board (PCB) photomasks, and UV-curable imaging materials. This electronics-grade chemical ensures high resolution and performance in demanding applications. Request a technical data sheet and quote.","og_url":"https:\/\/changhongchemical.com\/tr\/product\/chluminitsbq-cas-74401-04-0\/","og_site_name":"Changhong Chemical","og_image":[{"width":1000,"height":1000,"url":"https:\/\/changhongchemical.com\/wp-content\/uploads\/2024\/02\/logo-jpeg.jpg","type":"image\/jpeg"}],"twitter_card":"summary_large_image","twitter_misc":{"Tahmini okuma s\u00fcresi":"2 dakika"},"schema":{"@context":"https:\/\/schema.org","@graph":[{"@type":"WebPage","@id":"https:\/\/changhongchemical.com\/product\/chluminitsbq-cas-74401-04-0\/","url":"https:\/\/changhongchemical.com\/product\/chluminitsbq-cas-74401-04-0\/","name":"Suda \u00c7\u00f6z\u00fcn\u00fcr Fotoba\u015flat\u0131c\u0131 SBQ | CAS 74401-04-0 Tedarik\u00e7i - Changhong Chemic","isPartOf":{"@id":"https:\/\/changhongchemical.com\/#website"},"datePublished":"2025-11-17T02:33:08+00:00","description":"fotorezistler, bask\u0131l\u0131 devre kart\u0131 (PCB) fotomasklar\u0131 ve UV ile k\u00fcrlenebilen g\u00f6r\u00fcnt\u00fcleme malzemeleri i\u00e7in \u00f6zel olarak tasarlanm\u0131\u015f suda \u00e7\u00f6z\u00fcn\u00fcr, y\u00fcksek hassasiyetli bir foto ba\u015flat\u0131c\u0131d\u0131r. Bu elektronik s\u0131n\u0131f\u0131 kimyasal, zorlu uygulamalarda y\u00fcksek \u00e7\u00f6z\u00fcn\u00fcrl\u00fck ve performans sa\u011flar. Teknik veri sayfas\u0131 ve fiyat teklifi isteyin.","breadcrumb":{"@id":"https:\/\/changhongchemical.com\/product\/chluminitsbq-cas-74401-04-0\/#breadcrumb"},"inLanguage":"tr","potentialAction":[{"@type":"ReadAction","target":["https:\/\/changhongchemical.com\/product\/chluminitsbq-cas-74401-04-0\/"]}]},{"@type":"BreadcrumbList","@id":"https:\/\/changhongchemical.com\/product\/chluminitsbq-cas-74401-04-0\/#breadcrumb","itemListElement":[{"@type":"ListItem","position":1,"name":"Home","item":"https:\/\/changhongchemical.com\/"},{"@type":"ListItem","position":2,"name":"Products Changhong","item":"https:\/\/changhongchemical.com\/product\/"},{"@type":"ListItem","position":3,"name":"CHLUMINIT\u00aeSBQ CAS 74401-04-0"}]},{"@type":"WebSite","@id":"https:\/\/changhongchemical.com\/#website","url":"https:\/\/changhongchemical.com\/","name":"Longchang Kimya","description":"\u00c7in kimyasal \u00fcreticisi \uff06 tedarik\u00e7isi","publisher":{"@id":"https:\/\/changhongchemical.com\/#organization"},"potentialAction":[{"@type":"SearchAction","target":{"@type":"EntryPoint","urlTemplate":"https:\/\/changhongchemical.com\/?s={search_term_string}"},"query-input":{"@type":"PropertyValueSpecification","valueRequired":true,"valueName":"search_term_string"}}],"inLanguage":"tr"},{"@type":"Organization","@id":"https:\/\/changhongchemical.com\/#organization","name":"Longchang Kimya","url":"https:\/\/changhongchemical.com\/","logo":{"@type":"ImageObject","inLanguage":"tr","@id":"https:\/\/changhongchemical.com\/#\/schema\/logo\/image\/","url":"https:\/\/changhongchemical.com\/wp-content\/uploads\/2020\/08\/cropped-longchang-logo.png","contentUrl":"https:\/\/changhongchemical.com\/wp-content\/uploads\/2020\/08\/cropped-longchang-logo.png","width":512,"height":512,"caption":"Changhong Chemical"},"image":{"@id":"https:\/\/changhongchemical.com\/#\/schema\/logo\/image\/"}}]}},"_links":{"self":[{"href":"https:\/\/changhongchemical.com\/tr\/wp-json\/wp\/v2\/product\/9298","targetHints":{"allow":["GET"]}}],"collection":[{"href":"https:\/\/changhongchemical.com\/tr\/wp-json\/wp\/v2\/product"}],"about":[{"href":"https:\/\/changhongchemical.com\/tr\/wp-json\/wp\/v2\/types\/product"}],"replies":[{"embeddable":true,"href":"https:\/\/changhongchemical.com\/tr\/wp-json\/wp\/v2\/comments?post=9298"}],"wp:attachment":[{"href":"https:\/\/changhongchemical.com\/tr\/wp-json\/wp\/v2\/media?parent=9298"}],"wp:term":[{"taxonomy":"product_brand","embeddable":true,"href":"https:\/\/changhongchemical.com\/tr\/wp-json\/wp\/v2\/product_brand?post=9298"},{"taxonomy":"product_cat","embeddable":true,"href":"https:\/\/changhongchemical.com\/tr\/wp-json\/wp\/v2\/product_cat?post=9298"},{"taxonomy":"product_tag","embeddable":true,"href":"https:\/\/changhongchemical.com\/tr\/wp-json\/wp\/v2\/product_tag?post=9298"}],"curies":[{"name":"wp","href":"https:\/\/api.w.org\/{rel}","templated":true}]}}