{"id":9293,"date":"2025-11-17T02:01:28","date_gmt":"2025-11-17T02:01:28","guid":{"rendered":"https:\/\/changhongchemical.com\/?post_type=product&#038;p=9293"},"modified":"2025-11-17T02:01:28","modified_gmt":"2025-11-17T02:01:28","slug":"chluminitone","status":"publish","type":"product","link":"https:\/\/changhongchemical.com\/tr\/product\/chluminitone\/","title":{"rendered":"CHLUMINIT\u00aeONE"},"content":{"rendered":"<p><b>\u015eartname <\/b><\/p>\n<p>G\u00f6r\u00fcn\u00fc\u015f: Beyaz ila kirli beyaz toz<\/p>\n<p>\u0130\u00e7erik: \u226598.0%<\/p>\n<p>Erime noktas\u0131: 100-120\u00b0C<\/p>\n<p>\u00c7\u00f6z\u00fcn\u00fcrl\u00fck: Suda \u00e7\u00f6z\u00fcnmez, en yayg\u0131n organik \u00e7\u00f6z\u00fcc\u00fclerde, monomerlerde, prepolimerlerde \u00e7\u00f6z\u00fcn\u00fcr; a\u015fa\u011f\u0131dakilerle uyumludur<\/p>\n<p>re\u00e7ineler.<\/p>\n<p><b>Uygulamalar <\/b><\/p>\n<p>Ah\u015fap, plastik, ka\u011f\u0131t, metal, optik fiberler i\u00e7in \u015feffaf kaplamalar; D\u00f6\u015feme kaplamalar\u0131; Yap\u0131\u015ft\u0131r\u0131c\u0131lar; Bask\u0131 m\u00fcrekkepleri, \u00f6zellikle<\/p>\n<p>g\u0131da ambalaj\u0131 i\u00e7in; Bask\u0131 plakalar\u0131.<\/p>\n<p>Optimum konsantrasyon a\u011f\u0131rl\u0131k\u00e7a 0,5 ile 5% aras\u0131ndad\u0131r ve sistem bile\u015fimine, kal\u0131nl\u0131\u011f\u0131na ve<\/p>\n<p>istenen k\u00fcrlenme h\u0131z\u0131.<\/p>\n<p><b>G\u00fcvenlik ve Kullan\u0131m <\/b><\/p>\n<p>A\u015fa\u011f\u0131daki kullan\u0131m \u00f6nlemlerine uyulmal\u0131d\u0131r:<\/p>\n<p>- A\u00e7\u0131k ve iyi havaland\u0131r\u0131lm\u0131\u015f bir \u00e7al\u0131\u015fma alan\u0131 sa\u011flay\u0131n<\/p>\n<p>- Cilt ile temastan ka\u00e7\u0131n\u0131n (eldiven)<\/p>\n<p>- G\u00f6zlerin tahri\u015f olmas\u0131n\u0131 \u00f6nlemek i\u00e7in g\u00f6zl\u00fck tak\u0131n<\/p>\n<p>Raf \u00f6mr\u00fc: HRcure-ONE 25\u00b0C'nin alt\u0131ndaki kuru bir alanda ve karanl\u0131kta sakland\u0131\u011f\u0131nda 12 ayd\u0131r.<\/p>","protected":false},"excerpt":{"rendered":"<p>&nbsp;<\/p>\n<p><strong>Ba\u015fvuru Talimatlar\u0131<\/strong><\/p>\n<p>y\u00fcksek reaktivite ve sararmama \u00f6zelli\u011fi ile karakterize edilen oligomerik polifonksiyonel bir \u0251-hidroksiketondur<\/p>\n<p>\u00d6zellikler. \u00d6zellikle migrasyon olmamas\u0131, d\u00fc\u015f\u00fck koku ve d\u00fc\u015f\u00fck sararma \u00f6zelliklerinin gerekli oldu\u011fu durumlarda tavsiye edilir.<\/p>\n<p>Su ile uyumlu bir solvent i\u00e7inde \u00f6nceden seyreltildi\u011finde su bazl\u0131 UV k\u00fcrlenebilir sistemler i\u00e7in uygundur.<\/p>","protected":false},"featured_media":0,"comment_status":"closed","ping_status":"closed","template":"","meta":[],"product_brand":[],"product_cat":[154],"product_tag":[],"class_list":{"0":"post-9293","1":"product","2":"type-product","3":"status-publish","5":"product_cat-aproducts","7":"first","8":"instock","9":"shipping-taxable","10":"product-type-simple"},"yoast_head":"<!-- This site is optimized with the Yoast SEO plugin v27.4 - https:\/\/yoast.com\/product\/yoast-seo-wordpress\/ -->\n<title>CHLUMINIT\u00aeONE - Changhong Chemical<\/title>\n<meta name=\"description\" content=\"is an oligomeric polyfunctional \u0251-hydroxyketone characterized by high reactivity and non-yellowingproperties. It is particularly recommended when no migration, low odor and low yellowing characteristics are required.It is suitable for water based UV curable systems when prediluted in a water compatible solvent.\" \/>\n<meta name=\"robots\" content=\"index, follow, max-snippet:-1, max-image-preview:large, max-video-preview:-1\" \/>\n<link rel=\"canonical\" href=\"https:\/\/changhongchemical.com\/tr\/product\/chluminitone\/\" \/>\n<meta property=\"og:locale\" content=\"tr_TR\" \/>\n<meta property=\"og:type\" content=\"article\" \/>\n<meta property=\"og:title\" content=\"CHLUMINIT\u00aeONE - Changhong Chemical\" \/>\n<meta property=\"og:description\" content=\"is an oligomeric polyfunctional \u0251-hydroxyketone characterized by high reactivity and non-yellowingproperties. It is particularly recommended when no migration, low odor and low yellowing characteristics are required.It is suitable for water based UV curable systems when prediluted in a water compatible solvent.\" \/>\n<meta property=\"og:url\" content=\"https:\/\/changhongchemical.com\/tr\/product\/chluminitone\/\" \/>\n<meta property=\"og:site_name\" content=\"Changhong Chemical\" \/>\n<meta property=\"og:image\" content=\"https:\/\/changhongchemical.com\/wp-content\/uploads\/2024\/02\/logo-jpeg.jpg\" \/>\n\t<meta property=\"og:image:width\" content=\"1000\" \/>\n\t<meta property=\"og:image:height\" content=\"1000\" \/>\n\t<meta property=\"og:image:type\" content=\"image\/jpeg\" \/>\n<meta name=\"twitter:card\" content=\"summary_large_image\" \/>\n<meta name=\"twitter:label1\" content=\"Tahmini okuma s\u00fcresi\" \/>\n\t<meta name=\"twitter:data1\" content=\"1 dakika\" \/>\n<script type=\"application\/ld+json\" class=\"yoast-schema-graph\">{\"@context\":\"https:\\\/\\\/schema.org\",\"@graph\":[{\"@type\":\"WebPage\",\"@id\":\"https:\\\/\\\/changhongchemical.com\\\/product\\\/chluminitone\\\/\",\"url\":\"https:\\\/\\\/changhongchemical.com\\\/product\\\/chluminitone\\\/\",\"name\":\"CHLUMINIT\u00aeONE - Changhong Chemical\",\"isPartOf\":{\"@id\":\"https:\\\/\\\/changhongchemical.com\\\/#website\"},\"datePublished\":\"2025-11-17T02:01:28+00:00\",\"description\":\"is an oligomeric polyfunctional \u0251-hydroxyketone characterized by high reactivity and non-yellowingproperties. It is particularly recommended when no migration, low odor and low yellowing characteristics are required.It is suitable for water based UV curable systems when prediluted in a water compatible solvent.\",\"breadcrumb\":{\"@id\":\"https:\\\/\\\/changhongchemical.com\\\/product\\\/chluminitone\\\/#breadcrumb\"},\"inLanguage\":\"tr\",\"potentialAction\":[{\"@type\":\"ReadAction\",\"target\":[\"https:\\\/\\\/changhongchemical.com\\\/product\\\/chluminitone\\\/\"]}]},{\"@type\":\"BreadcrumbList\",\"@id\":\"https:\\\/\\\/changhongchemical.com\\\/product\\\/chluminitone\\\/#breadcrumb\",\"itemListElement\":[{\"@type\":\"ListItem\",\"position\":1,\"name\":\"Home\",\"item\":\"https:\\\/\\\/changhongchemical.com\\\/\"},{\"@type\":\"ListItem\",\"position\":2,\"name\":\"Products Changhong\",\"item\":\"https:\\\/\\\/changhongchemical.com\\\/product\\\/\"},{\"@type\":\"ListItem\",\"position\":3,\"name\":\"CHLUMINIT\u00aeONE\"}]},{\"@type\":\"WebSite\",\"@id\":\"https:\\\/\\\/changhongchemical.com\\\/#website\",\"url\":\"https:\\\/\\\/changhongchemical.com\\\/\",\"name\":\"Changhong Chemical\",\"description\":\"China chemical manufacturer \uff06 supplier\",\"publisher\":{\"@id\":\"https:\\\/\\\/changhongchemical.com\\\/#organization\"},\"potentialAction\":[{\"@type\":\"SearchAction\",\"target\":{\"@type\":\"EntryPoint\",\"urlTemplate\":\"https:\\\/\\\/changhongchemical.com\\\/?s={search_term_string}\"},\"query-input\":{\"@type\":\"PropertyValueSpecification\",\"valueRequired\":true,\"valueName\":\"search_term_string\"}}],\"inLanguage\":\"tr\"},{\"@type\":\"Organization\",\"@id\":\"https:\\\/\\\/changhongchemical.com\\\/#organization\",\"name\":\"Changhong Chemical\",\"url\":\"https:\\\/\\\/changhongchemical.com\\\/\",\"logo\":{\"@type\":\"ImageObject\",\"inLanguage\":\"tr\",\"@id\":\"https:\\\/\\\/changhongchemical.com\\\/#\\\/schema\\\/logo\\\/image\\\/\",\"url\":\"https:\\\/\\\/changhongchemical.com\\\/wp-content\\\/uploads\\\/2020\\\/08\\\/cropped-longchang-logo.png\",\"contentUrl\":\"https:\\\/\\\/changhongchemical.com\\\/wp-content\\\/uploads\\\/2020\\\/08\\\/cropped-longchang-logo.png\",\"width\":512,\"height\":512,\"caption\":\"Changhong Chemical\"},\"image\":{\"@id\":\"https:\\\/\\\/changhongchemical.com\\\/#\\\/schema\\\/logo\\\/image\\\/\"}}]}<\/script>\n<!-- \/ Yoast SEO plugin. -->","yoast_head_json":{"title":"CHLUMINIT\u00aeONE - Changhong Chemical","description":"Y\u00fcksek reaktivite ve sararmama \u00f6zellikleri ile karakterize edilen oligomerik polifonksiyonel bir \u0251-hidroksiketondur. \u00d6zellikle migrasyon, d\u00fc\u015f\u00fck koku ve d\u00fc\u015f\u00fck sararma \u00f6zelliklerinin gerekli oldu\u011fu durumlarda tavsiye edilir. Su bazl\u0131 UV k\u00fcrlenebilir sistemler i\u00e7in su ile uyumlu bir \u00e7\u00f6z\u00fcc\u00fc i\u00e7inde \u00f6nceden seyreltildi\u011finde uygundur.","robots":{"index":"index","follow":"follow","max-snippet":"max-snippet:-1","max-image-preview":"max-image-preview:large","max-video-preview":"max-video-preview:-1"},"canonical":"https:\/\/changhongchemical.com\/tr\/product\/chluminitone\/","og_locale":"tr_TR","og_type":"article","og_title":"CHLUMINIT\u00aeONE - Changhong Chemical","og_description":"is an oligomeric polyfunctional \u0251-hydroxyketone characterized by high reactivity and non-yellowingproperties. It is particularly recommended when no migration, low odor and low yellowing characteristics are required.It is suitable for water based UV curable systems when prediluted in a water compatible solvent.","og_url":"https:\/\/changhongchemical.com\/tr\/product\/chluminitone\/","og_site_name":"Changhong Chemical","og_image":[{"width":1000,"height":1000,"url":"https:\/\/changhongchemical.com\/wp-content\/uploads\/2024\/02\/logo-jpeg.jpg","type":"image\/jpeg"}],"twitter_card":"summary_large_image","twitter_misc":{"Tahmini okuma s\u00fcresi":"1 dakika"},"schema":{"@context":"https:\/\/schema.org","@graph":[{"@type":"WebPage","@id":"https:\/\/changhongchemical.com\/product\/chluminitone\/","url":"https:\/\/changhongchemical.com\/product\/chluminitone\/","name":"CHLUMINIT\u00aeONE - Changhong Chemical","isPartOf":{"@id":"https:\/\/changhongchemical.com\/#website"},"datePublished":"2025-11-17T02:01:28+00:00","description":"Y\u00fcksek reaktivite ve sararmama \u00f6zellikleri ile karakterize edilen oligomerik polifonksiyonel bir \u0251-hidroksiketondur. \u00d6zellikle migrasyon, d\u00fc\u015f\u00fck koku ve d\u00fc\u015f\u00fck sararma \u00f6zelliklerinin gerekli oldu\u011fu durumlarda tavsiye edilir. Su bazl\u0131 UV k\u00fcrlenebilir sistemler i\u00e7in su ile uyumlu bir \u00e7\u00f6z\u00fcc\u00fc i\u00e7inde \u00f6nceden seyreltildi\u011finde uygundur.","breadcrumb":{"@id":"https:\/\/changhongchemical.com\/product\/chluminitone\/#breadcrumb"},"inLanguage":"tr","potentialAction":[{"@type":"ReadAction","target":["https:\/\/changhongchemical.com\/product\/chluminitone\/"]}]},{"@type":"BreadcrumbList","@id":"https:\/\/changhongchemical.com\/product\/chluminitone\/#breadcrumb","itemListElement":[{"@type":"ListItem","position":1,"name":"Home","item":"https:\/\/changhongchemical.com\/"},{"@type":"ListItem","position":2,"name":"Products Changhong","item":"https:\/\/changhongchemical.com\/product\/"},{"@type":"ListItem","position":3,"name":"CHLUMINIT\u00aeONE"}]},{"@type":"WebSite","@id":"https:\/\/changhongchemical.com\/#website","url":"https:\/\/changhongchemical.com\/","name":"Longchang Kimya","description":"\u00c7in kimyasal \u00fcreticisi \uff06 tedarik\u00e7isi","publisher":{"@id":"https:\/\/changhongchemical.com\/#organization"},"potentialAction":[{"@type":"SearchAction","target":{"@type":"EntryPoint","urlTemplate":"https:\/\/changhongchemical.com\/?s={search_term_string}"},"query-input":{"@type":"PropertyValueSpecification","valueRequired":true,"valueName":"search_term_string"}}],"inLanguage":"tr"},{"@type":"Organization","@id":"https:\/\/changhongchemical.com\/#organization","name":"Longchang Kimya","url":"https:\/\/changhongchemical.com\/","logo":{"@type":"ImageObject","inLanguage":"tr","@id":"https:\/\/changhongchemical.com\/#\/schema\/logo\/image\/","url":"https:\/\/changhongchemical.com\/wp-content\/uploads\/2020\/08\/cropped-longchang-logo.png","contentUrl":"https:\/\/changhongchemical.com\/wp-content\/uploads\/2020\/08\/cropped-longchang-logo.png","width":512,"height":512,"caption":"Changhong Chemical"},"image":{"@id":"https:\/\/changhongchemical.com\/#\/schema\/logo\/image\/"}}]}},"_links":{"self":[{"href":"https:\/\/changhongchemical.com\/tr\/wp-json\/wp\/v2\/product\/9293","targetHints":{"allow":["GET"]}}],"collection":[{"href":"https:\/\/changhongchemical.com\/tr\/wp-json\/wp\/v2\/product"}],"about":[{"href":"https:\/\/changhongchemical.com\/tr\/wp-json\/wp\/v2\/types\/product"}],"replies":[{"embeddable":true,"href":"https:\/\/changhongchemical.com\/tr\/wp-json\/wp\/v2\/comments?post=9293"}],"wp:attachment":[{"href":"https:\/\/changhongchemical.com\/tr\/wp-json\/wp\/v2\/media?parent=9293"}],"wp:term":[{"taxonomy":"product_brand","embeddable":true,"href":"https:\/\/changhongchemical.com\/tr\/wp-json\/wp\/v2\/product_brand?post=9293"},{"taxonomy":"product_cat","embeddable":true,"href":"https:\/\/changhongchemical.com\/tr\/wp-json\/wp\/v2\/product_cat?post=9293"},{"taxonomy":"product_tag","embeddable":true,"href":"https:\/\/changhongchemical.com\/tr\/wp-json\/wp\/v2\/product_tag?post=9293"}],"curies":[{"name":"wp","href":"https:\/\/api.w.org\/{rel}","templated":true}]}}