{"id":8532,"date":"2025-05-06T07:10:30","date_gmt":"2025-05-06T07:10:30","guid":{"rendered":"https:\/\/changhongchemical.com\/?post_type=product&#038;p=8532"},"modified":"2025-05-06T07:12:44","modified_gmt":"2025-05-06T07:12:44","slug":"chluminit-20102p-cas-71449-78-0-108-32-7","status":"publish","type":"product","link":"https:\/\/changhongchemical.com\/tr\/product\/chluminit-20102p-cas-71449-78-0-108-32-7\/","title":{"rendered":"CHLUMINIT\u00ae 20102P CAS 71449-78-0, 108-32-7"},"content":{"rendered":"<h2>4-tiyofenil fenil difenil s\u00fclfonyum hekzafloroantimonat tuzu propilen karbonat \u00e7\u00f6zeltisi<\/h2>\n<h2><strong><b>Teknik Parametreler<\/b><\/strong><\/h2>\n<p>G\u00f6r\u00fcn\u00fcm\uff1aA\u00e7\u0131k sar\u0131 \u015feffaf s\u0131v\u0131<\/p>\n<p>Kat\u0131 \u0130\u00e7erik\uff1a45.00~55.00%<\/p>\n<p>Su \u0130\u00e7eri\u011fi\uff1a\u22640,50%<\/p>\n<h2><strong><b>Avantajlar<\/b><\/strong><\/h2>\n<p>Y\u00fcksek aktivite<\/p>\n<p>\u0130yi stabilite<\/p>\n<h2><strong><b>Uygulamalar<\/b><\/strong><\/h2>\n<p>CHLUMINIT\u00ae-20102P esas olarak epoksi kaplama, \u00f6zel m\u00fcrekkep ve 3D bask\u0131 i\u00e7in kullan\u0131l\u0131r. \u00d6nerilen dozaj 1~3%'dir.<\/p>\n<h2><strong><b>Depolama &amp; <\/b><\/strong><strong><b>P<\/b><\/strong><strong><b>ackaging<\/b><\/strong><\/h2>\n<p>S\u0131k\u0131ca kapal\u0131 bir kapta saklay\u0131n ve serin, kuru, karanl\u0131k, havaland\u0131r\u0131lm\u0131\u015f bir alanda saklay\u0131n. \u00dcretim tarihinden itibaren 2 y\u0131l i\u00e7inde ge\u00e7erlidir. Ambalaj: 20kg\/paket.<\/p>\n<h2><strong><b>UV Absorbans Spektrumu<\/b><\/strong><\/h2>\n<p><img decoding=\"async\" class=\"alignnone size-full wp-image-8533\" src=\"https:\/\/changhongchemical.com\/wp-content\/uploads\/2025\/05\/20102p.webp\" alt=\"\" width=\"797\" height=\"353\" srcset=\"https:\/\/changhongchemical.com\/wp-content\/uploads\/2025\/05\/20102p.webp 797w, https:\/\/changhongchemical.com\/wp-content\/uploads\/2025\/05\/20102p-768x340.webp 768w, https:\/\/changhongchemical.com\/wp-content\/uploads\/2025\/05\/20102p-18x8.webp 18w, https:\/\/changhongchemical.com\/wp-content\/uploads\/2025\/05\/20102p-600x266.webp 600w\" sizes=\"(max-width: 797px) 100vw, 797px\" \/><\/p>\n<h1><strong><b>\u015eimdi Bize Ula\u015f\u0131n!<\/b><\/strong><\/h1>\n<h4><strong><b>Fiyata ihtiyac\u0131n\u0131z varsa, l\u00fctfen a\u015fa\u011f\u0131daki forma ileti\u015fim bilgilerinizi doldurun, genellikle 24 saat i\u00e7inde sizinle ileti\u015fime ge\u00e7ece\u011fiz. Bana e-posta da g\u00f6nderebilirsiniz\u00a0<span style=\"color: #00ccff;\"><a style=\"color: #00ccff;\" href=\"mailto:info@changhongchemical.com\">info@changhongchemical.com<\/a><\/span>\u00a0\u00c7al\u0131\u015fma saatleri i\u00e7inde (8:30 - 6:00 UTC+8 Pzt.~Sat.) veya h\u0131zl\u0131 yan\u0131t almak i\u00e7in web sitesi canl\u0131 sohbetini kullan\u0131n.<\/b><\/strong><\/h4>","protected":false},"excerpt":{"rendered":"<p><strong><b>Genel Bilgiler<\/b><\/strong><\/p>\n<p>CHLUMINIT\u00ae-20102P, kolay kullan\u0131m i\u00e7in propilen karbonat i\u00e7inde \u00e7\u00f6z\u00fcnen genel bir katyonik fotoba\u015flat\u0131c\u0131d\u0131r. Y\u00fcksek aktivite ve iyi stabilite ile, esas olarak kaplama, m\u00fcrekkep ve 3D bask\u0131 gibi katyonik sistemlerde kullan\u0131l\u0131r.<\/p>\n<p><strong><b>\u00dcr\u00fcn Bilgileri<\/b><\/strong><\/p>\n<p>Kimyasal Ad\u0131: 4-tiyofenil fenil difenil s\u00fclfonyum hekzafloroantimonat tuzu propilen karbonat \u00e7\u00f6zeltisi<\/p>\n<p>CAS No\uff1a71449-78-0, 108-32-7<\/p>","protected":false},"featured_media":8534,"comment_status":"closed","ping_status":"closed","template":"","meta":[],"product_brand":[],"product_cat":[175,174],"product_tag":[],"class_list":{"0":"post-8532","1":"product","2":"type-product","3":"status-publish","4":"has-post-thumbnail","6":"product_cat-cationic-photoinitiator","7":"product_cat-photoinitiator","9":"first","10":"instock","11":"shipping-taxable","12":"product-type-simple"},"yoast_head":"<!-- This site is optimized with the Yoast SEO plugin v27.4 - https:\/\/yoast.com\/product\/yoast-seo-wordpress\/ -->\n<title>China CHLUMINIT\u00ae 20102P CAS 71449-78-0, 108-32-7 Manufacturer - Changhong Chemical<\/title>\n<meta name=\"description\" content=\"General Information CHLUMINIT\u00ae-20102P is a general cationic photoinitiator, which is dissolved in propylene carbonate for easy...\" \/>\n<meta name=\"robots\" content=\"index, follow, max-snippet:-1, max-image-preview:large, max-video-preview:-1\" \/>\n<link rel=\"canonical\" href=\"https:\/\/changhongchemical.com\/tr\/product\/chluminit-20102p-cas-71449-78-0-108-32-7\/\" \/>\n<meta property=\"og:locale\" content=\"tr_TR\" \/>\n<meta property=\"og:type\" content=\"article\" \/>\n<meta property=\"og:title\" content=\"China CHLUMINIT\u00ae 20102P CAS 71449-78-0, 108-32-7 Manufacturer - Changhong Chemical\" \/>\n<meta property=\"og:description\" content=\"General Information CHLUMINIT\u00ae-20102P is a general cationic photoinitiator, which is dissolved in propylene carbonate for easy...\" \/>\n<meta property=\"og:url\" content=\"https:\/\/changhongchemical.com\/tr\/product\/chluminit-20102p-cas-71449-78-0-108-32-7\/\" \/>\n<meta property=\"og:site_name\" content=\"Changhong Chemical\" \/>\n<meta property=\"article:modified_time\" content=\"2025-05-06T07:12:44+00:00\" \/>\n<meta property=\"og:image\" content=\"https:\/\/changhongchemical.com\/wp-content\/uploads\/2025\/05\/20102p-300x300-1.webp\" \/>\n\t<meta property=\"og:image:width\" content=\"300\" \/>\n\t<meta property=\"og:image:height\" content=\"300\" \/>\n\t<meta property=\"og:image:type\" content=\"image\/webp\" \/>\n<meta name=\"twitter:card\" content=\"summary_large_image\" \/>\n<meta name=\"twitter:label1\" content=\"Tahmini okuma s\u00fcresi\" \/>\n\t<meta name=\"twitter:data1\" content=\"1 dakika\" \/>\n<script type=\"application\/ld+json\" class=\"yoast-schema-graph\">{\"@context\":\"https:\\\/\\\/schema.org\",\"@graph\":[{\"@type\":\"WebPage\",\"@id\":\"https:\\\/\\\/changhongchemical.com\\\/product\\\/chluminit-20102p-cas-71449-78-0-108-32-7\\\/\",\"url\":\"https:\\\/\\\/changhongchemical.com\\\/product\\\/chluminit-20102p-cas-71449-78-0-108-32-7\\\/\",\"name\":\"China CHLUMINIT\u00ae 20102P CAS 71449-78-0, 108-32-7 Manufacturer - Changhong Chemical\",\"isPartOf\":{\"@id\":\"https:\\\/\\\/changhongchemical.com\\\/#website\"},\"primaryImageOfPage\":{\"@id\":\"https:\\\/\\\/changhongchemical.com\\\/product\\\/chluminit-20102p-cas-71449-78-0-108-32-7\\\/#primaryimage\"},\"image\":{\"@id\":\"https:\\\/\\\/changhongchemical.com\\\/product\\\/chluminit-20102p-cas-71449-78-0-108-32-7\\\/#primaryimage\"},\"thumbnailUrl\":\"https:\\\/\\\/changhongchemical.com\\\/wp-content\\\/uploads\\\/2025\\\/05\\\/20102p-300x300-1.webp\",\"datePublished\":\"2025-05-06T07:10:30+00:00\",\"dateModified\":\"2025-05-06T07:12:44+00:00\",\"description\":\"General Information CHLUMINIT\u00ae-20102P is a general cationic photoinitiator, which is dissolved in propylene carbonate for easy...\",\"breadcrumb\":{\"@id\":\"https:\\\/\\\/changhongchemical.com\\\/product\\\/chluminit-20102p-cas-71449-78-0-108-32-7\\\/#breadcrumb\"},\"inLanguage\":\"tr\",\"potentialAction\":[{\"@type\":\"ReadAction\",\"target\":[\"https:\\\/\\\/changhongchemical.com\\\/product\\\/chluminit-20102p-cas-71449-78-0-108-32-7\\\/\"]}]},{\"@type\":\"ImageObject\",\"inLanguage\":\"tr\",\"@id\":\"https:\\\/\\\/changhongchemical.com\\\/product\\\/chluminit-20102p-cas-71449-78-0-108-32-7\\\/#primaryimage\",\"url\":\"https:\\\/\\\/changhongchemical.com\\\/wp-content\\\/uploads\\\/2025\\\/05\\\/20102p-300x300-1.webp\",\"contentUrl\":\"https:\\\/\\\/changhongchemical.com\\\/wp-content\\\/uploads\\\/2025\\\/05\\\/20102p-300x300-1.webp\",\"width\":300,\"height\":300},{\"@type\":\"BreadcrumbList\",\"@id\":\"https:\\\/\\\/changhongchemical.com\\\/product\\\/chluminit-20102p-cas-71449-78-0-108-32-7\\\/#breadcrumb\",\"itemListElement\":[{\"@type\":\"ListItem\",\"position\":1,\"name\":\"Home\",\"item\":\"https:\\\/\\\/changhongchemical.com\\\/\"},{\"@type\":\"ListItem\",\"position\":2,\"name\":\"Products Changhong\",\"item\":\"https:\\\/\\\/changhongchemical.com\\\/product\\\/\"},{\"@type\":\"ListItem\",\"position\":3,\"name\":\"CHLUMINIT\u00ae 20102P CAS 71449-78-0, 108-32-7\"}]},{\"@type\":\"WebSite\",\"@id\":\"https:\\\/\\\/changhongchemical.com\\\/#website\",\"url\":\"https:\\\/\\\/changhongchemical.com\\\/\",\"name\":\"Changhong Chemical\",\"description\":\"China chemical manufacturer \uff06 supplier\",\"publisher\":{\"@id\":\"https:\\\/\\\/changhongchemical.com\\\/#organization\"},\"potentialAction\":[{\"@type\":\"SearchAction\",\"target\":{\"@type\":\"EntryPoint\",\"urlTemplate\":\"https:\\\/\\\/changhongchemical.com\\\/?s={search_term_string}\"},\"query-input\":{\"@type\":\"PropertyValueSpecification\",\"valueRequired\":true,\"valueName\":\"search_term_string\"}}],\"inLanguage\":\"tr\"},{\"@type\":\"Organization\",\"@id\":\"https:\\\/\\\/changhongchemical.com\\\/#organization\",\"name\":\"Changhong Chemical\",\"url\":\"https:\\\/\\\/changhongchemical.com\\\/\",\"logo\":{\"@type\":\"ImageObject\",\"inLanguage\":\"tr\",\"@id\":\"https:\\\/\\\/changhongchemical.com\\\/#\\\/schema\\\/logo\\\/image\\\/\",\"url\":\"https:\\\/\\\/changhongchemical.com\\\/wp-content\\\/uploads\\\/2020\\\/08\\\/cropped-longchang-logo.png\",\"contentUrl\":\"https:\\\/\\\/changhongchemical.com\\\/wp-content\\\/uploads\\\/2020\\\/08\\\/cropped-longchang-logo.png\",\"width\":512,\"height\":512,\"caption\":\"Changhong Chemical\"},\"image\":{\"@id\":\"https:\\\/\\\/changhongchemical.com\\\/#\\\/schema\\\/logo\\\/image\\\/\"}}]}<\/script>\n<!-- \/ Yoast SEO plugin. -->","yoast_head_json":{"title":"\u00c7in CHLUMINIT\u00ae 20102P CAS 71449-78-0, 108-32-7 \u00dcretici - Changhong Chemical","description":"General Information CHLUMINIT\u00ae-20102P is a general cationic photoinitiator, which is dissolved in propylene carbonate for easy...","robots":{"index":"index","follow":"follow","max-snippet":"max-snippet:-1","max-image-preview":"max-image-preview:large","max-video-preview":"max-video-preview:-1"},"canonical":"https:\/\/changhongchemical.com\/tr\/product\/chluminit-20102p-cas-71449-78-0-108-32-7\/","og_locale":"tr_TR","og_type":"article","og_title":"China CHLUMINIT\u00ae 20102P CAS 71449-78-0, 108-32-7 Manufacturer - Changhong Chemical","og_description":"General Information CHLUMINIT\u00ae-20102P is a general cationic photoinitiator, which is dissolved in propylene carbonate for easy...","og_url":"https:\/\/changhongchemical.com\/tr\/product\/chluminit-20102p-cas-71449-78-0-108-32-7\/","og_site_name":"Changhong Chemical","article_modified_time":"2025-05-06T07:12:44+00:00","og_image":[{"width":300,"height":300,"url":"https:\/\/changhongchemical.com\/wp-content\/uploads\/2025\/05\/20102p-300x300-1.webp","type":"image\/webp"}],"twitter_card":"summary_large_image","twitter_misc":{"Tahmini okuma s\u00fcresi":"1 dakika"},"schema":{"@context":"https:\/\/schema.org","@graph":[{"@type":"WebPage","@id":"https:\/\/changhongchemical.com\/product\/chluminit-20102p-cas-71449-78-0-108-32-7\/","url":"https:\/\/changhongchemical.com\/product\/chluminit-20102p-cas-71449-78-0-108-32-7\/","name":"\u00c7in CHLUMINIT\u00ae 20102P CAS 71449-78-0, 108-32-7 \u00dcretici - Changhong Chemical","isPartOf":{"@id":"https:\/\/changhongchemical.com\/#website"},"primaryImageOfPage":{"@id":"https:\/\/changhongchemical.com\/product\/chluminit-20102p-cas-71449-78-0-108-32-7\/#primaryimage"},"image":{"@id":"https:\/\/changhongchemical.com\/product\/chluminit-20102p-cas-71449-78-0-108-32-7\/#primaryimage"},"thumbnailUrl":"https:\/\/changhongchemical.com\/wp-content\/uploads\/2025\/05\/20102p-300x300-1.webp","datePublished":"2025-05-06T07:10:30+00:00","dateModified":"2025-05-06T07:12:44+00:00","description":"General Information CHLUMINIT\u00ae-20102P is a general cationic photoinitiator, which is dissolved in propylene carbonate for easy...","breadcrumb":{"@id":"https:\/\/changhongchemical.com\/product\/chluminit-20102p-cas-71449-78-0-108-32-7\/#breadcrumb"},"inLanguage":"tr","potentialAction":[{"@type":"ReadAction","target":["https:\/\/changhongchemical.com\/product\/chluminit-20102p-cas-71449-78-0-108-32-7\/"]}]},{"@type":"ImageObject","inLanguage":"tr","@id":"https:\/\/changhongchemical.com\/product\/chluminit-20102p-cas-71449-78-0-108-32-7\/#primaryimage","url":"https:\/\/changhongchemical.com\/wp-content\/uploads\/2025\/05\/20102p-300x300-1.webp","contentUrl":"https:\/\/changhongchemical.com\/wp-content\/uploads\/2025\/05\/20102p-300x300-1.webp","width":300,"height":300},{"@type":"BreadcrumbList","@id":"https:\/\/changhongchemical.com\/product\/chluminit-20102p-cas-71449-78-0-108-32-7\/#breadcrumb","itemListElement":[{"@type":"ListItem","position":1,"name":"Home","item":"https:\/\/changhongchemical.com\/"},{"@type":"ListItem","position":2,"name":"Products Changhong","item":"https:\/\/changhongchemical.com\/product\/"},{"@type":"ListItem","position":3,"name":"CHLUMINIT\u00ae 20102P CAS 71449-78-0, 108-32-7"}]},{"@type":"WebSite","@id":"https:\/\/changhongchemical.com\/#website","url":"https:\/\/changhongchemical.com\/","name":"Longchang Kimya","description":"\u00c7in kimyasal \u00fcreticisi \uff06 tedarik\u00e7isi","publisher":{"@id":"https:\/\/changhongchemical.com\/#organization"},"potentialAction":[{"@type":"SearchAction","target":{"@type":"EntryPoint","urlTemplate":"https:\/\/changhongchemical.com\/?s={search_term_string}"},"query-input":{"@type":"PropertyValueSpecification","valueRequired":true,"valueName":"search_term_string"}}],"inLanguage":"tr"},{"@type":"Organization","@id":"https:\/\/changhongchemical.com\/#organization","name":"Longchang Kimya","url":"https:\/\/changhongchemical.com\/","logo":{"@type":"ImageObject","inLanguage":"tr","@id":"https:\/\/changhongchemical.com\/#\/schema\/logo\/image\/","url":"https:\/\/changhongchemical.com\/wp-content\/uploads\/2020\/08\/cropped-longchang-logo.png","contentUrl":"https:\/\/changhongchemical.com\/wp-content\/uploads\/2020\/08\/cropped-longchang-logo.png","width":512,"height":512,"caption":"Changhong Chemical"},"image":{"@id":"https:\/\/changhongchemical.com\/#\/schema\/logo\/image\/"}}]}},"_links":{"self":[{"href":"https:\/\/changhongchemical.com\/tr\/wp-json\/wp\/v2\/product\/8532","targetHints":{"allow":["GET"]}}],"collection":[{"href":"https:\/\/changhongchemical.com\/tr\/wp-json\/wp\/v2\/product"}],"about":[{"href":"https:\/\/changhongchemical.com\/tr\/wp-json\/wp\/v2\/types\/product"}],"replies":[{"embeddable":true,"href":"https:\/\/changhongchemical.com\/tr\/wp-json\/wp\/v2\/comments?post=8532"}],"wp:featuredmedia":[{"embeddable":true,"href":"https:\/\/changhongchemical.com\/tr\/wp-json\/wp\/v2\/media\/8534"}],"wp:attachment":[{"href":"https:\/\/changhongchemical.com\/tr\/wp-json\/wp\/v2\/media?parent=8532"}],"wp:term":[{"taxonomy":"product_brand","embeddable":true,"href":"https:\/\/changhongchemical.com\/tr\/wp-json\/wp\/v2\/product_brand?post=8532"},{"taxonomy":"product_cat","embeddable":true,"href":"https:\/\/changhongchemical.com\/tr\/wp-json\/wp\/v2\/product_cat?post=8532"},{"taxonomy":"product_tag","embeddable":true,"href":"https:\/\/changhongchemical.com\/tr\/wp-json\/wp\/v2\/product_tag?post=8532"}],"curies":[{"name":"wp","href":"https:\/\/api.w.org\/{rel}","templated":true}]}}