{"id":8399,"date":"2025-03-26T09:14:11","date_gmt":"2025-03-26T09:14:11","guid":{"rendered":"https:\/\/changhongchemical.com\/?post_type=product&#038;p=8399"},"modified":"2026-01-08T05:50:07","modified_gmt":"2026-01-08T05:50:07","slug":"perfluoroalkyl-alcohol","status":"publish","type":"product","link":"https:\/\/changhongchemical.com\/tr\/product\/perfluoroalkyl-alcohol\/","title":{"rendered":"CHLUMOFIUOR\u00ae Perfloroalkil alkol CAS 65530-60-1"},"content":{"rendered":"<table width=\"531\">\n<tbody>\n<tr>\n<td colspan=\"3\" width=\"531\">Perfloroalkil alkol \u00dcr\u00fcn \u00f6zellikleri<\/td>\n<\/tr>\n<tr>\n<td>Fiziksel \u00f6zellikler<\/td>\n<td width=\"192\">Perfluorooctylethanol<\/td>\n<td>Perfloroheksiletanol<\/td>\n<\/tr>\n<tr>\n<td>G\u00f6r\u00fcn\u00fc\u015f<\/td>\n<td>Mumsu kat\u0131<\/td>\n<td>Renksiz \u015feffaf s\u0131v\u0131<\/td>\n<\/tr>\n<tr>\n<td>Safl\u0131k (%)<\/td>\n<td>\uff1e96<\/td>\n<td width=\"200\">\uff1e95<\/td>\n<\/tr>\n<tr>\n<td>CAS NO<\/td>\n<td>678-39-7<\/td>\n<td>647-42-7<\/td>\n<\/tr>\n<tr>\n<td>Molek\u00fcler form\u00fcl<\/td>\n<td>C10H5F17O<\/td>\n<td>C8H5F13O<\/td>\n<\/tr>\n<tr>\n<td>Molek\u00fcler a\u011f\u0131rl\u0131k<\/td>\n<td width=\"192\">464.12<\/td>\n<td>364.1<\/td>\n<\/tr>\n<tr>\n<td>Kaynama noktas\u0131 (atmosferik bas\u0131n\u00e7)<\/td>\n<td>112~114\u2103<\/td>\n<td width=\"200\">88~95\u210328 mm Hg (lit.)<\/td>\n<\/tr>\n<tr>\n<td>Erime noktas\u0131<\/td>\n<td>\u00a050\u00b0C<\/td>\n<td>\/<\/td>\n<\/tr>\n<tr>\n<td>Yo\u011funluk 25 \u2103<\/td>\n<td width=\"192\">1,7 g\/ml<\/td>\n<td>1,65 g\/mL<\/td>\n<\/tr>\n<tr>\n<td>pH (20 \u2103)<\/td>\n<td>6~7<\/td>\n<td>3~7<\/td>\n<\/tr>\n<\/tbody>\n<\/table>\n<p>&nbsp;<\/p>\n<p>Di\u011fer ad\u0131:<\/p>\n<p>3,3,3-Trifloro-1-propanol<\/p>\n<p>PFAS alkol<\/p>\n<h2><strong><b>\u015eimdi Bize Ula\u015f\u0131n!<\/b><\/strong><\/h2>\n<h4><strong><b>Fiyata ihtiyac\u0131n\u0131z varsa, l\u00fctfen a\u015fa\u011f\u0131daki forma ileti\u015fim bilgilerinizi doldurun, genellikle 24 saat i\u00e7inde sizinle ileti\u015fime ge\u00e7ece\u011fiz. Bana e-posta da g\u00f6nderebilirsiniz\u00a0<span style=\"color: #00ccff;\"><a style=\"color: #00ccff;\" href=\"mailto:info@changhongchemical.com\">info@changhongchemical.com<\/a><\/span>\u00a0\u00c7al\u0131\u015fma saatleri i\u00e7inde (8:30 - 6:00 UTC+8 Pzt.~Sat.) veya h\u0131zl\u0131 yan\u0131t almak i\u00e7in web sitesi canl\u0131 sohbetini kullan\u0131n.<\/b><\/strong><\/h4>","protected":false},"excerpt":{"rendered":"<p>Perfloroalkil alkoller, benzersiz fizikokimyasal \u00f6zellikleri nedeniyle end\u00fcstriyel, farmas\u00f6tik ve \u00e7evresel alanlarda \u00f6nemli bir rol oynamaktad\u0131r.<\/p>\n<p>Uygulama alanlar\u0131: kimyasal reaktifler, ince kimyasallar, farmas\u00f6tik ara \u00fcr\u00fcnler, malzeme ara \u00fcr\u00fcnleri, perfloroalkil etil akrilat \u00fcretimi.<\/p>","protected":false},"featured_media":8408,"comment_status":"closed","ping_status":"closed","template":"","meta":[],"product_brand":[],"product_cat":[188],"product_tag":[],"class_list":{"0":"post-8399","1":"product","2":"type-product","3":"status-publish","4":"has-post-thumbnail","6":"product_cat-fluorinated-fine-chemicals","8":"first","9":"instock","10":"shipping-taxable","11":"product-type-simple"},"yoast_head":"<!-- This site is optimized with the Yoast SEO plugin v27.4 - https:\/\/yoast.com\/product\/yoast-seo-wordpress\/ -->\n<title>China CHLUMOFIUOR\u00ae Perfluoroalkyl alcohol CAS 65530-60-1 Manufacturer - Changhong Chemical<\/title>\n<meta name=\"description\" content=\"Perfluoroalkyl alcohols play a key role in industrial, pharmaceutical, and environmental fields due to their unique physicochemical...\" \/>\n<meta name=\"robots\" content=\"index, follow, max-snippet:-1, max-image-preview:large, max-video-preview:-1\" \/>\n<link rel=\"canonical\" href=\"https:\/\/changhongchemical.com\/tr\/product\/perfluoroalkyl-alcohol\/\" \/>\n<meta property=\"og:locale\" content=\"tr_TR\" \/>\n<meta property=\"og:type\" content=\"article\" \/>\n<meta property=\"og:title\" content=\"China CHLUMOFIUOR\u00ae Perfluoroalkyl alcohol CAS 65530-60-1 Manufacturer - Changhong Chemical\" \/>\n<meta property=\"og:description\" content=\"Perfluoroalkyl alcohols play a key role in industrial, pharmaceutical, and environmental fields due to their unique physicochemical...\" \/>\n<meta property=\"og:url\" content=\"https:\/\/changhongchemical.com\/tr\/product\/perfluoroalkyl-alcohol\/\" \/>\n<meta property=\"og:site_name\" content=\"Changhong Chemical\" \/>\n<meta property=\"article:modified_time\" content=\"2026-01-08T05:50:07+00:00\" \/>\n<meta property=\"og:image\" content=\"https:\/\/changhongchemical.com\/wp-content\/uploads\/2025\/03\/2-2.jpg\" \/>\n\t<meta property=\"og:image:width\" content=\"300\" \/>\n\t<meta property=\"og:image:height\" content=\"300\" \/>\n\t<meta property=\"og:image:type\" content=\"image\/jpeg\" \/>\n<meta name=\"twitter:card\" content=\"summary_large_image\" \/>\n<meta name=\"twitter:label1\" content=\"Tahmini okuma s\u00fcresi\" \/>\n\t<meta name=\"twitter:data1\" content=\"1 dakika\" \/>\n<script type=\"application\/ld+json\" class=\"yoast-schema-graph\">{\"@context\":\"https:\\\/\\\/schema.org\",\"@graph\":[{\"@type\":\"WebPage\",\"@id\":\"https:\\\/\\\/changhongchemical.com\\\/product\\\/perfluoroalkyl-alcohol\\\/\",\"url\":\"https:\\\/\\\/changhongchemical.com\\\/product\\\/perfluoroalkyl-alcohol\\\/\",\"name\":\"China CHLUMOFIUOR\u00ae Perfluoroalkyl alcohol CAS 65530-60-1 Manufacturer - Changhong Chemical\",\"isPartOf\":{\"@id\":\"https:\\\/\\\/changhongchemical.com\\\/#website\"},\"primaryImageOfPage\":{\"@id\":\"https:\\\/\\\/changhongchemical.com\\\/product\\\/perfluoroalkyl-alcohol\\\/#primaryimage\"},\"image\":{\"@id\":\"https:\\\/\\\/changhongchemical.com\\\/product\\\/perfluoroalkyl-alcohol\\\/#primaryimage\"},\"thumbnailUrl\":\"https:\\\/\\\/changhongchemical.com\\\/wp-content\\\/uploads\\\/2025\\\/03\\\/2-2.jpg\",\"datePublished\":\"2025-03-26T09:14:11+00:00\",\"dateModified\":\"2026-01-08T05:50:07+00:00\",\"description\":\"Perfluoroalkyl alcohols play a key role in industrial, pharmaceutical, and environmental fields due to their unique physicochemical...\",\"breadcrumb\":{\"@id\":\"https:\\\/\\\/changhongchemical.com\\\/product\\\/perfluoroalkyl-alcohol\\\/#breadcrumb\"},\"inLanguage\":\"tr\",\"potentialAction\":[{\"@type\":\"ReadAction\",\"target\":[\"https:\\\/\\\/changhongchemical.com\\\/product\\\/perfluoroalkyl-alcohol\\\/\"]}]},{\"@type\":\"ImageObject\",\"inLanguage\":\"tr\",\"@id\":\"https:\\\/\\\/changhongchemical.com\\\/product\\\/perfluoroalkyl-alcohol\\\/#primaryimage\",\"url\":\"https:\\\/\\\/changhongchemical.com\\\/wp-content\\\/uploads\\\/2025\\\/03\\\/2-2.jpg\",\"contentUrl\":\"https:\\\/\\\/changhongchemical.com\\\/wp-content\\\/uploads\\\/2025\\\/03\\\/2-2.jpg\",\"width\":300,\"height\":300},{\"@type\":\"BreadcrumbList\",\"@id\":\"https:\\\/\\\/changhongchemical.com\\\/product\\\/perfluoroalkyl-alcohol\\\/#breadcrumb\",\"itemListElement\":[{\"@type\":\"ListItem\",\"position\":1,\"name\":\"Home\",\"item\":\"https:\\\/\\\/changhongchemical.com\\\/\"},{\"@type\":\"ListItem\",\"position\":2,\"name\":\"Products Changhong\",\"item\":\"https:\\\/\\\/changhongchemical.com\\\/product\\\/\"},{\"@type\":\"ListItem\",\"position\":3,\"name\":\"CHLUMOFIUOR\u00ae Perfluoroalkyl alcohol CAS 65530-60-1\"}]},{\"@type\":\"WebSite\",\"@id\":\"https:\\\/\\\/changhongchemical.com\\\/#website\",\"url\":\"https:\\\/\\\/changhongchemical.com\\\/\",\"name\":\"Changhong Chemical\",\"description\":\"China chemical manufacturer \uff06 supplier\",\"publisher\":{\"@id\":\"https:\\\/\\\/changhongchemical.com\\\/#organization\"},\"potentialAction\":[{\"@type\":\"SearchAction\",\"target\":{\"@type\":\"EntryPoint\",\"urlTemplate\":\"https:\\\/\\\/changhongchemical.com\\\/?s={search_term_string}\"},\"query-input\":{\"@type\":\"PropertyValueSpecification\",\"valueRequired\":true,\"valueName\":\"search_term_string\"}}],\"inLanguage\":\"tr\"},{\"@type\":\"Organization\",\"@id\":\"https:\\\/\\\/changhongchemical.com\\\/#organization\",\"name\":\"Changhong Chemical\",\"url\":\"https:\\\/\\\/changhongchemical.com\\\/\",\"logo\":{\"@type\":\"ImageObject\",\"inLanguage\":\"tr\",\"@id\":\"https:\\\/\\\/changhongchemical.com\\\/#\\\/schema\\\/logo\\\/image\\\/\",\"url\":\"https:\\\/\\\/changhongchemical.com\\\/wp-content\\\/uploads\\\/2020\\\/08\\\/cropped-longchang-logo.png\",\"contentUrl\":\"https:\\\/\\\/changhongchemical.com\\\/wp-content\\\/uploads\\\/2020\\\/08\\\/cropped-longchang-logo.png\",\"width\":512,\"height\":512,\"caption\":\"Changhong Chemical\"},\"image\":{\"@id\":\"https:\\\/\\\/changhongchemical.com\\\/#\\\/schema\\\/logo\\\/image\\\/\"}}]}<\/script>\n<!-- \/ Yoast SEO plugin. -->","yoast_head_json":{"title":"\u00c7in CHLUMOFIUOR\u00ae Perfloroalkil alkol CAS 65530-60-1 \u00dcretici - Changhong Chemical","description":"Perfluoroalkyl alcohols play a key role in industrial, pharmaceutical, and environmental fields due to their unique physicochemical...","robots":{"index":"index","follow":"follow","max-snippet":"max-snippet:-1","max-image-preview":"max-image-preview:large","max-video-preview":"max-video-preview:-1"},"canonical":"https:\/\/changhongchemical.com\/tr\/product\/perfluoroalkyl-alcohol\/","og_locale":"tr_TR","og_type":"article","og_title":"China CHLUMOFIUOR\u00ae Perfluoroalkyl alcohol CAS 65530-60-1 Manufacturer - Changhong Chemical","og_description":"Perfluoroalkyl alcohols play a key role in industrial, pharmaceutical, and environmental fields due to their unique physicochemical...","og_url":"https:\/\/changhongchemical.com\/tr\/product\/perfluoroalkyl-alcohol\/","og_site_name":"Changhong Chemical","article_modified_time":"2026-01-08T05:50:07+00:00","og_image":[{"width":300,"height":300,"url":"https:\/\/changhongchemical.com\/wp-content\/uploads\/2025\/03\/2-2.jpg","type":"image\/jpeg"}],"twitter_card":"summary_large_image","twitter_misc":{"Tahmini okuma s\u00fcresi":"1 dakika"},"schema":{"@context":"https:\/\/schema.org","@graph":[{"@type":"WebPage","@id":"https:\/\/changhongchemical.com\/product\/perfluoroalkyl-alcohol\/","url":"https:\/\/changhongchemical.com\/product\/perfluoroalkyl-alcohol\/","name":"\u00c7in CHLUMOFIUOR\u00ae Perfloroalkil alkol CAS 65530-60-1 \u00dcretici - Changhong Chemical","isPartOf":{"@id":"https:\/\/changhongchemical.com\/#website"},"primaryImageOfPage":{"@id":"https:\/\/changhongchemical.com\/product\/perfluoroalkyl-alcohol\/#primaryimage"},"image":{"@id":"https:\/\/changhongchemical.com\/product\/perfluoroalkyl-alcohol\/#primaryimage"},"thumbnailUrl":"https:\/\/changhongchemical.com\/wp-content\/uploads\/2025\/03\/2-2.jpg","datePublished":"2025-03-26T09:14:11+00:00","dateModified":"2026-01-08T05:50:07+00:00","description":"Perfluoroalkyl alcohols play a key role in industrial, pharmaceutical, and environmental fields due to their unique physicochemical...","breadcrumb":{"@id":"https:\/\/changhongchemical.com\/product\/perfluoroalkyl-alcohol\/#breadcrumb"},"inLanguage":"tr","potentialAction":[{"@type":"ReadAction","target":["https:\/\/changhongchemical.com\/product\/perfluoroalkyl-alcohol\/"]}]},{"@type":"ImageObject","inLanguage":"tr","@id":"https:\/\/changhongchemical.com\/product\/perfluoroalkyl-alcohol\/#primaryimage","url":"https:\/\/changhongchemical.com\/wp-content\/uploads\/2025\/03\/2-2.jpg","contentUrl":"https:\/\/changhongchemical.com\/wp-content\/uploads\/2025\/03\/2-2.jpg","width":300,"height":300},{"@type":"BreadcrumbList","@id":"https:\/\/changhongchemical.com\/product\/perfluoroalkyl-alcohol\/#breadcrumb","itemListElement":[{"@type":"ListItem","position":1,"name":"Home","item":"https:\/\/changhongchemical.com\/"},{"@type":"ListItem","position":2,"name":"Products Changhong","item":"https:\/\/changhongchemical.com\/product\/"},{"@type":"ListItem","position":3,"name":"CHLUMOFIUOR\u00ae Perfluoroalkyl alcohol CAS 65530-60-1"}]},{"@type":"WebSite","@id":"https:\/\/changhongchemical.com\/#website","url":"https:\/\/changhongchemical.com\/","name":"Longchang Kimya","description":"\u00c7in kimyasal \u00fcreticisi \uff06 tedarik\u00e7isi","publisher":{"@id":"https:\/\/changhongchemical.com\/#organization"},"potentialAction":[{"@type":"SearchAction","target":{"@type":"EntryPoint","urlTemplate":"https:\/\/changhongchemical.com\/?s={search_term_string}"},"query-input":{"@type":"PropertyValueSpecification","valueRequired":true,"valueName":"search_term_string"}}],"inLanguage":"tr"},{"@type":"Organization","@id":"https:\/\/changhongchemical.com\/#organization","name":"Longchang Kimya","url":"https:\/\/changhongchemical.com\/","logo":{"@type":"ImageObject","inLanguage":"tr","@id":"https:\/\/changhongchemical.com\/#\/schema\/logo\/image\/","url":"https:\/\/changhongchemical.com\/wp-content\/uploads\/2020\/08\/cropped-longchang-logo.png","contentUrl":"https:\/\/changhongchemical.com\/wp-content\/uploads\/2020\/08\/cropped-longchang-logo.png","width":512,"height":512,"caption":"Changhong Chemical"},"image":{"@id":"https:\/\/changhongchemical.com\/#\/schema\/logo\/image\/"}}]}},"_links":{"self":[{"href":"https:\/\/changhongchemical.com\/tr\/wp-json\/wp\/v2\/product\/8399","targetHints":{"allow":["GET"]}}],"collection":[{"href":"https:\/\/changhongchemical.com\/tr\/wp-json\/wp\/v2\/product"}],"about":[{"href":"https:\/\/changhongchemical.com\/tr\/wp-json\/wp\/v2\/types\/product"}],"replies":[{"embeddable":true,"href":"https:\/\/changhongchemical.com\/tr\/wp-json\/wp\/v2\/comments?post=8399"}],"wp:featuredmedia":[{"embeddable":true,"href":"https:\/\/changhongchemical.com\/tr\/wp-json\/wp\/v2\/media\/8408"}],"wp:attachment":[{"href":"https:\/\/changhongchemical.com\/tr\/wp-json\/wp\/v2\/media?parent=8399"}],"wp:term":[{"taxonomy":"product_brand","embeddable":true,"href":"https:\/\/changhongchemical.com\/tr\/wp-json\/wp\/v2\/product_brand?post=8399"},{"taxonomy":"product_cat","embeddable":true,"href":"https:\/\/changhongchemical.com\/tr\/wp-json\/wp\/v2\/product_cat?post=8399"},{"taxonomy":"product_tag","embeddable":true,"href":"https:\/\/changhongchemical.com\/tr\/wp-json\/wp\/v2\/product_tag?post=8399"}],"curies":[{"name":"wp","href":"https:\/\/api.w.org\/{rel}","templated":true}]}}