{"id":8389,"date":"2025-03-26T07:56:00","date_gmt":"2025-03-26T07:56:00","guid":{"rendered":"https:\/\/changhongchemical.com\/?post_type=product&#038;p=8389"},"modified":"2026-01-08T06:47:08","modified_gmt":"2026-01-08T06:47:08","slug":"perfluorohexylethyltrichlorosilane","status":"publish","type":"product","link":"https:\/\/changhongchemical.com\/tr\/product\/perfluorohexylethyltrichlorosilane\/","title":{"rendered":"CHLUMOFIUOR\u00ae Perfluorohexylethyltrichlorosilane CAS 78560-45-9"},"content":{"rendered":"<p>\u0130\u00e7erik ve bile\u015fen bilgileri<\/p>\n<p>Malzeme ad\u0131: Perfluorohexylethyltrichlorosilane<\/p>\n<p>CAS Kodu:78560-45-9<\/p>\n<p>EINECS kodu: Yok<\/p>\n<p>TSCA listesinde olup olmad\u0131\u011f\u0131: Listelenmemi\u015ftir<\/p>\n<p>Safl\u0131k:&gt; 97<\/p>\n<p>Fiziksel ve Kimyasal \u00d6zellikler<\/p>\n<p>Renk: renksiz ila a\u00e7\u0131k pembe<\/p>\n<p>Molek\u00fcl a\u011f\u0131rl\u0131\u011f\u0131: 481,56<\/p>\n<p>Kaynama noktas\u0131: 199,3\u00b0C<\/p>\n<p>Erime noktas\u0131: -<\/p>\n<p>Parlama noktas\u0131: 74,3\u00b0C<\/p>\n<p>Buhar bas\u0131nc\u0131: 25\u00b0C'de 0,486mmHg<\/p>\n<p>Buhar yo\u011funlu\u011fu (hava=1): &gt;1<\/p>\n<p>Ayr\u0131\u015fma s\u0131cakl\u0131\u011f\u0131: veri yok<\/p>\n<p>Tutu\u015fma noktas\u0131: veri yok<\/p>\n<p>Patlama S\u0131n\u0131r\u0131: Veri yok<\/p>\n<p>Yo\u011funluk: 1,638 g\/mL @ 25\u00b0C<\/p>\n<p>K\u0131r\u0131lma indisi: 1.352@ 20\u2103<\/p>\n<p>Suda \u00e7\u00f6z\u00fcn\u00fcrl\u00fck: su ile reaksiyona girer<\/p>\n<p>Di\u011fer ad\u0131:<\/p>\n<p>1H,1H,2H,2H - Tridecafluorooctyltrichlorosilane<\/p>\n<p>3,3,4,5,5,6,6,7,7,8,8,8 - Tridecafluorooctyltrichlorosilane<\/p>\n<h2><strong><b>\u015eimdi Bize Ula\u015f\u0131n!<\/b><\/strong><\/h2>\n<h4><strong><b>Fiyata ihtiyac\u0131n\u0131z varsa, l\u00fctfen a\u015fa\u011f\u0131daki forma ileti\u015fim bilgilerinizi doldurun, genellikle 24 saat i\u00e7inde sizinle ileti\u015fime ge\u00e7ece\u011fiz. Bana e-posta da g\u00f6nderebilirsiniz\u00a0<span style=\"color: #00ccff;\"><a style=\"color: #00ccff;\" href=\"mailto:info@changhongchemical.com\">info@changhongchemical.com<\/a><\/span>\u00a0\u00c7al\u0131\u015fma saatleri i\u00e7inde (8:30 - 6:00 UTC+8 Pzt.~Sat.) veya h\u0131zl\u0131 yan\u0131t almak i\u00e7in web sitesi canl\u0131 sohbetini kullan\u0131n.<\/b><\/strong><\/h4>","protected":false},"excerpt":{"rendered":"<p>\u00dcr\u00fcn bilgileri<\/p>\n<p>\u00dcr\u00fcn ad\u0131: FL103<\/p>\n<p>Kimyasal ad\u0131: Perfluorohexylethyltrichlorosilane<\/p>\n<p>Kimyasal form\u00fcl: Cl3SiCH2CH2(CF2CF2)3F<\/p>","protected":false},"featured_media":8416,"comment_status":"closed","ping_status":"closed","template":"","meta":[],"product_brand":[],"product_cat":[188],"product_tag":[],"class_list":{"0":"post-8389","1":"product","2":"type-product","3":"status-publish","4":"has-post-thumbnail","6":"product_cat-fluorinated-fine-chemicals","8":"first","9":"instock","10":"shipping-taxable","11":"product-type-simple"},"yoast_head":"<!-- This site is optimized with the Yoast SEO plugin v27.4 - https:\/\/yoast.com\/product\/yoast-seo-wordpress\/ -->\n<title>China CHLUMOFIUOR\u00ae Perfluorohexylethyltrichlorosilane CAS 78560-45-9 Manufacturer - Changhong Chemical<\/title>\n<meta name=\"description\" content=\"Product information Product name: FL103 Chemical name: Perfluorohexylethyltrichlorosilane Chemical formula: Cl3SiCH2CH2(CF2CF2)3F\" \/>\n<meta name=\"robots\" content=\"index, follow, max-snippet:-1, max-image-preview:large, max-video-preview:-1\" \/>\n<link rel=\"canonical\" href=\"https:\/\/changhongchemical.com\/tr\/product\/perfluorohexylethyltrichlorosilane\/\" \/>\n<meta property=\"og:locale\" content=\"tr_TR\" \/>\n<meta property=\"og:type\" content=\"article\" \/>\n<meta property=\"og:title\" content=\"China CHLUMOFIUOR\u00ae Perfluorohexylethyltrichlorosilane CAS 78560-45-9 Manufacturer - Changhong Chemical\" \/>\n<meta property=\"og:description\" content=\"Product information Product name: FL103 Chemical name: Perfluorohexylethyltrichlorosilane Chemical formula: Cl3SiCH2CH2(CF2CF2)3F\" \/>\n<meta property=\"og:url\" content=\"https:\/\/changhongchemical.com\/tr\/product\/perfluorohexylethyltrichlorosilane\/\" \/>\n<meta property=\"og:site_name\" content=\"Changhong Chemical\" \/>\n<meta property=\"article:modified_time\" content=\"2026-01-08T06:47:08+00:00\" \/>\n<meta property=\"og:image\" content=\"https:\/\/changhongchemical.com\/wp-content\/uploads\/2025\/03\/6-4.jpg\" \/>\n\t<meta property=\"og:image:width\" content=\"300\" \/>\n\t<meta property=\"og:image:height\" content=\"300\" \/>\n\t<meta property=\"og:image:type\" content=\"image\/jpeg\" \/>\n<meta name=\"twitter:card\" content=\"summary_large_image\" \/>\n<meta name=\"twitter:label1\" content=\"Tahmini okuma s\u00fcresi\" \/>\n\t<meta name=\"twitter:data1\" content=\"1 dakika\" \/>\n<script type=\"application\/ld+json\" class=\"yoast-schema-graph\">{\"@context\":\"https:\\\/\\\/schema.org\",\"@graph\":[{\"@type\":\"WebPage\",\"@id\":\"https:\\\/\\\/changhongchemical.com\\\/product\\\/perfluorohexylethyltrichlorosilane\\\/\",\"url\":\"https:\\\/\\\/changhongchemical.com\\\/product\\\/perfluorohexylethyltrichlorosilane\\\/\",\"name\":\"China CHLUMOFIUOR\u00ae Perfluorohexylethyltrichlorosilane CAS 78560-45-9 Manufacturer - Changhong Chemical\",\"isPartOf\":{\"@id\":\"https:\\\/\\\/changhongchemical.com\\\/#website\"},\"primaryImageOfPage\":{\"@id\":\"https:\\\/\\\/changhongchemical.com\\\/product\\\/perfluorohexylethyltrichlorosilane\\\/#primaryimage\"},\"image\":{\"@id\":\"https:\\\/\\\/changhongchemical.com\\\/product\\\/perfluorohexylethyltrichlorosilane\\\/#primaryimage\"},\"thumbnailUrl\":\"https:\\\/\\\/changhongchemical.com\\\/wp-content\\\/uploads\\\/2025\\\/03\\\/6-4.jpg\",\"datePublished\":\"2025-03-26T07:56:00+00:00\",\"dateModified\":\"2026-01-08T06:47:08+00:00\",\"description\":\"Product information Product name: FL103 Chemical name: Perfluorohexylethyltrichlorosilane Chemical formula: Cl3SiCH2CH2(CF2CF2)3F\",\"breadcrumb\":{\"@id\":\"https:\\\/\\\/changhongchemical.com\\\/product\\\/perfluorohexylethyltrichlorosilane\\\/#breadcrumb\"},\"inLanguage\":\"tr\",\"potentialAction\":[{\"@type\":\"ReadAction\",\"target\":[\"https:\\\/\\\/changhongchemical.com\\\/product\\\/perfluorohexylethyltrichlorosilane\\\/\"]}]},{\"@type\":\"ImageObject\",\"inLanguage\":\"tr\",\"@id\":\"https:\\\/\\\/changhongchemical.com\\\/product\\\/perfluorohexylethyltrichlorosilane\\\/#primaryimage\",\"url\":\"https:\\\/\\\/changhongchemical.com\\\/wp-content\\\/uploads\\\/2025\\\/03\\\/6-4.jpg\",\"contentUrl\":\"https:\\\/\\\/changhongchemical.com\\\/wp-content\\\/uploads\\\/2025\\\/03\\\/6-4.jpg\",\"width\":300,\"height\":300},{\"@type\":\"BreadcrumbList\",\"@id\":\"https:\\\/\\\/changhongchemical.com\\\/product\\\/perfluorohexylethyltrichlorosilane\\\/#breadcrumb\",\"itemListElement\":[{\"@type\":\"ListItem\",\"position\":1,\"name\":\"Home\",\"item\":\"https:\\\/\\\/changhongchemical.com\\\/\"},{\"@type\":\"ListItem\",\"position\":2,\"name\":\"Products Changhong\",\"item\":\"https:\\\/\\\/changhongchemical.com\\\/product\\\/\"},{\"@type\":\"ListItem\",\"position\":3,\"name\":\"CHLUMOFIUOR\u00ae Perfluorohexylethyltrichlorosilane CAS 78560-45-9\"}]},{\"@type\":\"WebSite\",\"@id\":\"https:\\\/\\\/changhongchemical.com\\\/#website\",\"url\":\"https:\\\/\\\/changhongchemical.com\\\/\",\"name\":\"Changhong Chemical\",\"description\":\"China chemical manufacturer \uff06 supplier\",\"publisher\":{\"@id\":\"https:\\\/\\\/changhongchemical.com\\\/#organization\"},\"potentialAction\":[{\"@type\":\"SearchAction\",\"target\":{\"@type\":\"EntryPoint\",\"urlTemplate\":\"https:\\\/\\\/changhongchemical.com\\\/?s={search_term_string}\"},\"query-input\":{\"@type\":\"PropertyValueSpecification\",\"valueRequired\":true,\"valueName\":\"search_term_string\"}}],\"inLanguage\":\"tr\"},{\"@type\":\"Organization\",\"@id\":\"https:\\\/\\\/changhongchemical.com\\\/#organization\",\"name\":\"Changhong Chemical\",\"url\":\"https:\\\/\\\/changhongchemical.com\\\/\",\"logo\":{\"@type\":\"ImageObject\",\"inLanguage\":\"tr\",\"@id\":\"https:\\\/\\\/changhongchemical.com\\\/#\\\/schema\\\/logo\\\/image\\\/\",\"url\":\"https:\\\/\\\/changhongchemical.com\\\/wp-content\\\/uploads\\\/2020\\\/08\\\/cropped-longchang-logo.png\",\"contentUrl\":\"https:\\\/\\\/changhongchemical.com\\\/wp-content\\\/uploads\\\/2020\\\/08\\\/cropped-longchang-logo.png\",\"width\":512,\"height\":512,\"caption\":\"Changhong Chemical\"},\"image\":{\"@id\":\"https:\\\/\\\/changhongchemical.com\\\/#\\\/schema\\\/logo\\\/image\\\/\"}}]}<\/script>\n<!-- \/ Yoast SEO plugin. -->","yoast_head_json":{"title":"\u00c7in CHLUMOFIUOR\u00ae Perfluorohexylethyltrichlorosilane CAS 78560-45-9 \u00dcretici - Changhong Chemical","description":"Product information Product name: FL103 Chemical name: Perfluorohexylethyltrichlorosilane Chemical formula: Cl3SiCH2CH2(CF2CF2)3F","robots":{"index":"index","follow":"follow","max-snippet":"max-snippet:-1","max-image-preview":"max-image-preview:large","max-video-preview":"max-video-preview:-1"},"canonical":"https:\/\/changhongchemical.com\/tr\/product\/perfluorohexylethyltrichlorosilane\/","og_locale":"tr_TR","og_type":"article","og_title":"China CHLUMOFIUOR\u00ae Perfluorohexylethyltrichlorosilane CAS 78560-45-9 Manufacturer - Changhong Chemical","og_description":"Product information Product name: FL103 Chemical name: Perfluorohexylethyltrichlorosilane Chemical formula: Cl3SiCH2CH2(CF2CF2)3F","og_url":"https:\/\/changhongchemical.com\/tr\/product\/perfluorohexylethyltrichlorosilane\/","og_site_name":"Changhong Chemical","article_modified_time":"2026-01-08T06:47:08+00:00","og_image":[{"width":300,"height":300,"url":"https:\/\/changhongchemical.com\/wp-content\/uploads\/2025\/03\/6-4.jpg","type":"image\/jpeg"}],"twitter_card":"summary_large_image","twitter_misc":{"Tahmini okuma s\u00fcresi":"1 dakika"},"schema":{"@context":"https:\/\/schema.org","@graph":[{"@type":"WebPage","@id":"https:\/\/changhongchemical.com\/product\/perfluorohexylethyltrichlorosilane\/","url":"https:\/\/changhongchemical.com\/product\/perfluorohexylethyltrichlorosilane\/","name":"\u00c7in CHLUMOFIUOR\u00ae Perfluorohexylethyltrichlorosilane CAS 78560-45-9 \u00dcretici - Changhong Chemical","isPartOf":{"@id":"https:\/\/changhongchemical.com\/#website"},"primaryImageOfPage":{"@id":"https:\/\/changhongchemical.com\/product\/perfluorohexylethyltrichlorosilane\/#primaryimage"},"image":{"@id":"https:\/\/changhongchemical.com\/product\/perfluorohexylethyltrichlorosilane\/#primaryimage"},"thumbnailUrl":"https:\/\/changhongchemical.com\/wp-content\/uploads\/2025\/03\/6-4.jpg","datePublished":"2025-03-26T07:56:00+00:00","dateModified":"2026-01-08T06:47:08+00:00","description":"Product information Product name: FL103 Chemical name: Perfluorohexylethyltrichlorosilane Chemical formula: Cl3SiCH2CH2(CF2CF2)3F","breadcrumb":{"@id":"https:\/\/changhongchemical.com\/product\/perfluorohexylethyltrichlorosilane\/#breadcrumb"},"inLanguage":"tr","potentialAction":[{"@type":"ReadAction","target":["https:\/\/changhongchemical.com\/product\/perfluorohexylethyltrichlorosilane\/"]}]},{"@type":"ImageObject","inLanguage":"tr","@id":"https:\/\/changhongchemical.com\/product\/perfluorohexylethyltrichlorosilane\/#primaryimage","url":"https:\/\/changhongchemical.com\/wp-content\/uploads\/2025\/03\/6-4.jpg","contentUrl":"https:\/\/changhongchemical.com\/wp-content\/uploads\/2025\/03\/6-4.jpg","width":300,"height":300},{"@type":"BreadcrumbList","@id":"https:\/\/changhongchemical.com\/product\/perfluorohexylethyltrichlorosilane\/#breadcrumb","itemListElement":[{"@type":"ListItem","position":1,"name":"Home","item":"https:\/\/changhongchemical.com\/"},{"@type":"ListItem","position":2,"name":"Products Changhong","item":"https:\/\/changhongchemical.com\/product\/"},{"@type":"ListItem","position":3,"name":"CHLUMOFIUOR\u00ae Perfluorohexylethyltrichlorosilane CAS 78560-45-9"}]},{"@type":"WebSite","@id":"https:\/\/changhongchemical.com\/#website","url":"https:\/\/changhongchemical.com\/","name":"Longchang Kimya","description":"\u00c7in kimyasal \u00fcreticisi \uff06 tedarik\u00e7isi","publisher":{"@id":"https:\/\/changhongchemical.com\/#organization"},"potentialAction":[{"@type":"SearchAction","target":{"@type":"EntryPoint","urlTemplate":"https:\/\/changhongchemical.com\/?s={search_term_string}"},"query-input":{"@type":"PropertyValueSpecification","valueRequired":true,"valueName":"search_term_string"}}],"inLanguage":"tr"},{"@type":"Organization","@id":"https:\/\/changhongchemical.com\/#organization","name":"Longchang Kimya","url":"https:\/\/changhongchemical.com\/","logo":{"@type":"ImageObject","inLanguage":"tr","@id":"https:\/\/changhongchemical.com\/#\/schema\/logo\/image\/","url":"https:\/\/changhongchemical.com\/wp-content\/uploads\/2020\/08\/cropped-longchang-logo.png","contentUrl":"https:\/\/changhongchemical.com\/wp-content\/uploads\/2020\/08\/cropped-longchang-logo.png","width":512,"height":512,"caption":"Changhong Chemical"},"image":{"@id":"https:\/\/changhongchemical.com\/#\/schema\/logo\/image\/"}}]}},"_links":{"self":[{"href":"https:\/\/changhongchemical.com\/tr\/wp-json\/wp\/v2\/product\/8389","targetHints":{"allow":["GET"]}}],"collection":[{"href":"https:\/\/changhongchemical.com\/tr\/wp-json\/wp\/v2\/product"}],"about":[{"href":"https:\/\/changhongchemical.com\/tr\/wp-json\/wp\/v2\/types\/product"}],"replies":[{"embeddable":true,"href":"https:\/\/changhongchemical.com\/tr\/wp-json\/wp\/v2\/comments?post=8389"}],"wp:featuredmedia":[{"embeddable":true,"href":"https:\/\/changhongchemical.com\/tr\/wp-json\/wp\/v2\/media\/8416"}],"wp:attachment":[{"href":"https:\/\/changhongchemical.com\/tr\/wp-json\/wp\/v2\/media?parent=8389"}],"wp:term":[{"taxonomy":"product_brand","embeddable":true,"href":"https:\/\/changhongchemical.com\/tr\/wp-json\/wp\/v2\/product_brand?post=8389"},{"taxonomy":"product_cat","embeddable":true,"href":"https:\/\/changhongchemical.com\/tr\/wp-json\/wp\/v2\/product_cat?post=8389"},{"taxonomy":"product_tag","embeddable":true,"href":"https:\/\/changhongchemical.com\/tr\/wp-json\/wp\/v2\/product_tag?post=8389"}],"curies":[{"name":"wp","href":"https:\/\/api.w.org\/{rel}","templated":true}]}}