{"id":8382,"date":"2025-03-27T09:07:16","date_gmt":"2025-03-27T09:07:16","guid":{"rendered":"https:\/\/changhongchemical.com\/?post_type=product&#038;p=8382"},"modified":"2025-05-12T03:00:13","modified_gmt":"2025-05-12T03:00:13","slug":"perfluoropolyether-grease","status":"publish","type":"product","link":"https:\/\/changhongchemical.com\/tr\/product\/perfluoropolyether-grease\/","title":{"rendered":"CHLUMOFIUOR\u00ae Perfluoropolyether gres"},"content":{"rendered":"<p><strong>S<\/strong><strong>\u00f6zel:<\/strong><\/p>\n<p>M\u00fckemmel kimyasal ve solvent direnci M\u00fckemmel termal \u00f6zellikler, \u00e7ok geni\u015f \u00e7al\u0131\u015fma s\u0131cakl\u0131\u011f\u0131 aral\u0131\u011f\u0131<\/p>\n<p>M\u00fckemmel termal \u00f6zellikler, \u00e7ok geni\u015f \u00e7al\u0131\u015fma s\u0131cakl\u0131\u011f\u0131 aral\u0131\u011f\u0131 M\u00fckemmel elektriksel \u00f6zellikler ve radyasyon direnci Metaller, plastikler ve kau\u00e7uk ile iyi uyumluluk<\/p>\n<p>S\u0131v\u0131 ve gaz oksijene kar\u015f\u0131 inert Greslere kolayca form\u00fcle edilebilir<\/p>\n<p>M\u00fckemmel viskozite indeksi D\u00fc\u015f\u00fck buharla\u015fma kay\u0131plar\u0131<\/p>\n<p>M\u00fckemmel su ile y\u0131kama \u00f6zellikleri \u0130yi y\u00fcksek ve d\u00fc\u015f\u00fck s\u0131cakl\u0131k a\u015f\u0131nma \u00f6zellikleri<\/p>\n<p>\u00c7evre a\u00e7\u0131s\u0131ndan g\u00fcvenli, toksik olmayan, yan\u0131c\u0131 olmayan, s\u0131f\u0131r potansiyel ozon tabakas\u0131 incelmesi<\/p>\n<p><strong>Uygulama:<\/strong><\/p>\n<p>Yar\u0131 iletken end\u00fcstrisi (vakum pompas\u0131 ya\u011f\u0131), elektronik end\u00fcstrisi (\u0131s\u0131 transfer s\u0131v\u0131s\u0131, g\u00fcvenilirlik test s\u0131v\u0131s\u0131), elektronik ya\u011flama (sabit disk), havac\u0131l\u0131k end\u00fcstrisi ya\u011flama, otomotiv end\u00fcstrisi ya\u011flama, end\u00fcstriyel ya\u011flama (rulmanlar, di\u015fliler), ka\u011f\u0131t end\u00fcstrisi ya\u011flama (oluklu ka\u011f\u0131t).<\/p>\n<p>1\u3001 Elektronik s\u0131v\u0131<\/p>\n<p>Yar\u0131 iletken a\u015f\u0131nd\u0131rma ekipman\u0131 ve sabit disk temizli\u011fi, partik\u00fcl kirlili\u011fi temizli\u011fi, dokunmatik ekran y\u00fczey temizli\u011fi, elektronik end\u00fcstrisinde g\u00fcvenilirlik test s\u0131v\u0131s\u0131<\/p>\n<table style=\"border-collapse: collapse; width: 616.52pt;\" border=\"0\" width=\"822\" cellspacing=\"0\" cellpadding=\"0\">\n<tbody>\n<tr style=\"height: 13.50pt;\">\n<td class=\"et2\" style=\"height: 13.50pt; width: 616.50pt;\" colspan=\"3\" width=\"822\" height=\"18\">Elektronik ak\u0131\u015fkan \u00fcr\u00fcn \u00f6zellikleri<\/td>\n<\/tr>\n<tr style=\"height: 13.50pt;\">\n<td class=\"et2\" style=\"height: 13.50pt;\" height=\"18\">Fiziksel \u00f6zellikler<\/td>\n<td class=\"et2\">FL\u00ae ET01<\/td>\n<td class=\"et2\">FL\u00aeET02<\/td>\n<\/tr>\n<tr style=\"height: 13.50pt;\">\n<td class=\"et2\" style=\"height: 13.50pt;\" height=\"18\">G\u00f6r\u00fcn\u00fc\u015f<\/td>\n<td class=\"et2\">Renksiz ve \u015feffaf<\/td>\n<td class=\"et2\">Renksiz ve \u015feffaf<\/td>\n<\/tr>\n<tr style=\"height: 13.50pt;\">\n<td class=\"et2\" style=\"height: 13.50pt;\" height=\"18\">Kinematik viskozite (20\u2103, cSt)<\/td>\n<td class=\"et2\">&lt;30<\/td>\n<td class=\"et2\">30-60<\/td>\n<\/tr>\n<tr style=\"height: 40.50pt;\">\n<td class=\"et2\" style=\"height: 40.50pt;\" height=\"54\">N\u00f6tralizasyon say\u0131s\u0131 (KOH, %)<\/td>\n<td class=\"et2\">\u22640.03<\/td>\n<td class=\"et3\" style=\"width: 176.25pt;\" width=\"235\">\u22640.03<\/td>\n<\/tr>\n<\/tbody>\n<\/table>\n<p>2\u3001 Vakum pompas\u0131 ya\u011f\u0131<\/p>\n<p>Yar\u0131 iletken ve entegre devre end\u00fcstrilerinde iyon a\u015f\u0131nd\u0131rma ekipman\u0131 i\u00e7in vakum pompas\u0131 ya\u011f\u0131.<\/p>\n<table style=\"border-collapse: collapse; width: 616.52pt;\" border=\"0\" width=\"822\" cellspacing=\"0\" cellpadding=\"0\">\n<tbody>\n<tr style=\"height: 13.50pt;\">\n<td class=\"et2\" style=\"height: 13.50pt; width: 616.50pt;\" colspan=\"3\" width=\"822\" height=\"18\">Vakum pompas\u0131 ya\u011f\u0131 \u00fcr\u00fcn \u00f6zellikleri<\/td>\n<\/tr>\n<tr style=\"height: 13.50pt;\">\n<td class=\"et2\" style=\"height: 13.50pt;\" height=\"18\">Fiziksel \u00f6zellikler<\/td>\n<td class=\"et2\">FL\u00aeVPL16<\/td>\n<td class=\"et2\">FL\u00aeVPL25FL\u00aeVPL25<\/td>\n<\/tr>\n<tr style=\"height: 13.50pt;\">\n<td class=\"et2\" style=\"height: 13.50pt;\" height=\"18\">G\u00f6r\u00fcn\u00fc\u015f<\/td>\n<td class=\"et2\">Renksiz ve \u015feffaf<\/td>\n<td class=\"et2\">Renksiz ve \u015feffaf<\/td>\n<\/tr>\n<tr style=\"height: 13.50pt;\">\n<td class=\"et2\" style=\"height: 13.50pt;\" height=\"18\">Kinematik viskozite (20\u2103, cSt)<\/td>\n<td class=\"et2\">145-175<\/td>\n<td class=\"et2\">250-290<\/td>\n<\/tr>\n<tr style=\"height: 14.00pt;\">\n<td class=\"et2\" style=\"height: 14.00pt;\" height=\"18\">Akma noktas\u0131 (\u2103)<\/td>\n<td class=\"et2\">-45<\/td>\n<td class=\"et4\" style=\"width: 176.25pt;\" width=\"235\">-35<\/td>\n<\/tr>\n<tr style=\"height: 13.50pt;\">\n<td class=\"et2\" style=\"height: 13.50pt;\" height=\"18\">Y\u00fczey gerilimi (20\u2103, g\/cm3)<\/td>\n<td class=\"et2\">22<\/td>\n<td class=\"et2\">22<\/td>\n<\/tr>\n<tr style=\"height: 13.50pt;\">\n<td class=\"et2\" style=\"height: 13.50pt;\" height=\"18\">Buharla\u015fma kayb\u0131 (149 \u2103, 22 saat, %)<\/td>\n<td class=\"et2\">\u22647<\/td>\n<td class=\"et2\">\u22645<\/td>\n<\/tr>\n<tr style=\"height: 13.50pt;\">\n<td class=\"et2\" style=\"height: 13.50pt;\" height=\"18\">N\u00f6tralizasyon say\u0131s\u0131 (KOH, %)<\/td>\n<td class=\"et2\">\u22640.03<\/td>\n<td class=\"et2\">\u22640.03<\/td>\n<\/tr>\n<\/tbody>\n<\/table>\n<p>3\u3001 Gres bazl\u0131 ya\u011f<\/p>\n<p>Makine, otomobil, kimya end\u00fcstrisi, havac\u0131l\u0131k, askeri, n\u00fckleer end\u00fcstri ve di\u011fer end\u00fcstrilerde kullan\u0131lan y\u00fcksek performansl\u0131 ya\u011flay\u0131c\u0131 ve gres baz ya\u011f\u0131.<\/p>\n<table style=\"border-collapse: collapse; width: 1010.27pt;\" border=\"0\" width=\"1347\" cellspacing=\"0\" cellpadding=\"0\">\n<tbody>\n<tr style=\"height: 13.50pt;\">\n<td class=\"et2\" style=\"height: 13.50pt; width: 1010.25pt;\" colspan=\"5\" width=\"1347\" height=\"18\">Gres Baz Ya\u011f\u0131 \u00dcr\u00fcn Teknik \u00d6zellikleri<\/td>\n<\/tr>\n<tr style=\"height: 13.50pt;\">\n<td class=\"et2\" style=\"height: 13.50pt;\" colspan=\"2\" height=\"18\">Fiziksel \u00f6zellikler<\/td>\n<td class=\"et2\">FL\u00aeL700<\/td>\n<td class=\"et2\">FL\u00aeL1500<\/td>\n<td class=\"et3\" style=\"width: 160.50pt;\" width=\"214\">FL\u00aeL1800<\/td>\n<\/tr>\n<tr style=\"height: 13.50pt;\">\n<td class=\"et2\" style=\"height: 13.50pt;\" colspan=\"2\" height=\"18\">G\u00f6r\u00fcn\u00fc\u015f<\/td>\n<td class=\"et2\">Renksiz ve \u015feffaf<\/td>\n<td class=\"et2\">Renksiz ve \u015feffaf<\/td>\n<td class=\"et2\">Renksiz ve \u015feffaf<\/td>\n<\/tr>\n<tr style=\"height: 13.50pt;\">\n<td class=\"et2\" style=\"height: 41.00pt;\" rowspan=\"3\" height=\"54\">Kinematik viskozite (cSt)<\/td>\n<td class=\"et2\">20\u2103<\/td>\n<td class=\"et2\">600-800<\/td>\n<td class=\"et2\">1400-1600<\/td>\n<td class=\"et3\" style=\"width: 160.50pt;\" width=\"214\">1700-1950<\/td>\n<\/tr>\n<tr style=\"height: 14.00pt;\">\n<td class=\"et2\">40\u2103<\/td>\n<td class=\"et3\" style=\"width: 233.25pt;\" width=\"311\">180-230<\/td>\n<td class=\"et3\" style=\"width: 176.25pt;\" width=\"235\">390-450<\/td>\n<td class=\"et2\">490-530<\/td>\n<\/tr>\n<tr style=\"height: 13.50pt;\">\n<td class=\"et2\">100\u2103<\/td>\n<td class=\"et2\">18-25<\/td>\n<td class=\"et2\">34-43<\/td>\n<td class=\"et2\">43-50<\/td>\n<\/tr>\n<tr style=\"height: 13.50pt;\">\n<td class=\"et2\" style=\"height: 13.50pt;\" colspan=\"2\" height=\"18\">Akma noktas\u0131 (\u2103)<\/td>\n<td class=\"et3\" style=\"width: 233.25pt;\" width=\"311\">-27<\/td>\n<td class=\"et2\">-25<\/td>\n<td class=\"et2\">-20<\/td>\n<\/tr>\n<tr style=\"height: 13.50pt;\">\n<td class=\"et2\" style=\"height: 13.50pt;\" colspan=\"2\" height=\"18\">Y\u00fczey Gerilimi (20\u00b0C, g\/cm3)<\/td>\n<td class=\"et2\">23<\/td>\n<td class=\"et2\">24<\/td>\n<td class=\"et2\">24<\/td>\n<\/tr>\n<tr style=\"height: 13.50pt;\">\n<td class=\"et2\" style=\"height: 27.00pt;\" rowspan=\"2\" height=\"36\">Buharla\u015fma kayb\u0131 (%)<\/td>\n<td class=\"et2\">149\u2103\uff0c22h<\/td>\n<td class=\"et2\">\u22641<\/td>\n<td class=\"et2\">\u22641<\/td>\n<td class=\"et2\">\u22641<\/td>\n<\/tr>\n<tr style=\"height: 13.50pt;\">\n<td class=\"et2\">204\u2103\uff0c22h<\/td>\n<td class=\"et2\">\u22643<\/td>\n<td class=\"et2\">\u22641<\/td>\n<td class=\"et2\">\u22641<\/td>\n<\/tr>\n<tr style=\"height: 13.50pt;\">\n<td class=\"et2\" style=\"height: 13.50pt;\" colspan=\"2\" height=\"18\">N\u00f6tralizasyon say\u0131s\u0131 (KOH, %)<\/td>\n<td class=\"et2\">\u22640.03<\/td>\n<td class=\"et2\">\u22640.03<\/td>\n<td class=\"et2\">\u22640.03<\/td>\n<\/tr>\n<\/tbody>\n<\/table>\n<h2><strong><b>\u015eimdi Bize Ula\u015f\u0131n!<\/b><\/strong><\/h2>\n<h4><strong><b>Fiyata ihtiyac\u0131n\u0131z varsa, l\u00fctfen a\u015fa\u011f\u0131daki forma ileti\u015fim bilgilerinizi doldurun, genellikle 24 saat i\u00e7inde sizinle ileti\u015fime ge\u00e7ece\u011fiz. Bana e-posta da g\u00f6nderebilirsiniz\u00a0<span style=\"color: #00ccff;\"><a style=\"color: #00ccff;\" href=\"mailto:info@changhongchemical.com\">info@changhongchemical.com<\/a><\/span>\u00a0\u00c7al\u0131\u015fma saatleri i\u00e7inde (8:30 - 6:00 UTC+8 Pzt.~Sat.) veya h\u0131zl\u0131 yan\u0131t almak i\u00e7in web sitesi canl\u0131 sohbetini kullan\u0131n.<\/b><\/strong><\/h4>","protected":false},"excerpt":{"rendered":"<p>Perfloropolieterler (PFPE), ortalama molek\u00fcler a\u011f\u0131rl\u0131\u011f\u0131 500 ila 15.000 aras\u0131nda de\u011fi\u015fen ve molek\u00fclde sadece \u00fc\u00e7 element olan C, F ve O i\u00e7eren \u00f6zel bir perfloropolimer bile\u015fikleri s\u0131n\u0131f\u0131d\u0131r. PFPE, m\u00fckemmel \u0131s\u0131 direnci, d\u00fc\u015f\u00fck s\u0131cakl\u0131k performans\u0131, oksidasyon direnci, kimyasal stabilite (g\u00fc\u00e7l\u00fc asitlere, alkalilere, s\u0131v\u0131 oksijene vb. diren\u00e7), ya\u011flama vb. gibi \u00fcst\u00fcn fiziksel ve kimyasal \u00f6zelliklere sahiptir. \u00c7ok \u00e7e\u015fitli uygulamalarda yayg\u0131n olarak kullan\u0131l\u0131r. M\u00fckemmel \u0131s\u0131 direnci, d\u00fc\u015f\u00fck s\u0131cakl\u0131k performans\u0131, oksidasyon direnci, kimyasal stabilite (\u00e7ok g\u00fc\u00e7l\u00fc asitlere, alkalilere, s\u0131v\u0131 oksijene vb. kar\u015f\u0131 diren\u00e7), ya\u011flama vb. gibi m\u00fckemmel fizikokimyasal \u00f6zelliklere sahiptir ve yayg\u0131n olarak kullan\u0131lmaktad\u0131r.<\/p>","protected":false},"featured_media":8383,"comment_status":"closed","ping_status":"closed","template":"","meta":[],"product_brand":[],"product_cat":[188],"product_tag":[],"class_list":{"0":"post-8382","1":"product","2":"type-product","3":"status-publish","4":"has-post-thumbnail","6":"product_cat-fluorinated-fine-chemicals","8":"first","9":"instock","10":"shipping-taxable","11":"product-type-simple"},"yoast_head":"<!-- This site is optimized with the Yoast SEO plugin v27.4 - https:\/\/yoast.com\/product\/yoast-seo-wordpress\/ -->\n<title>China CHLUMOFIUOR\u00ae Perfluoropolyether grease Manufacturer - Changhong Chemical<\/title>\n<meta name=\"description\" content=\"Perfluoropolyethers (PFPE) is a special class of perfluoropolymer compounds with average molecular weight ranging from 500 to 15,000 and only three...\" \/>\n<meta name=\"robots\" content=\"index, follow, max-snippet:-1, max-image-preview:large, max-video-preview:-1\" \/>\n<link rel=\"canonical\" href=\"https:\/\/changhongchemical.com\/tr\/product\/perfluoropolyether-grease\/\" \/>\n<meta property=\"og:locale\" content=\"tr_TR\" \/>\n<meta property=\"og:type\" content=\"article\" \/>\n<meta property=\"og:title\" content=\"China CHLUMOFIUOR\u00ae Perfluoropolyether grease Manufacturer - Changhong Chemical\" \/>\n<meta property=\"og:description\" content=\"Perfluoropolyethers (PFPE) is a special class of perfluoropolymer compounds with average molecular weight ranging from 500 to 15,000 and only three...\" \/>\n<meta property=\"og:url\" content=\"https:\/\/changhongchemical.com\/tr\/product\/perfluoropolyether-grease\/\" \/>\n<meta property=\"og:site_name\" content=\"Changhong Chemical\" \/>\n<meta property=\"article:modified_time\" content=\"2025-05-12T03:00:13+00:00\" \/>\n<meta property=\"og:image\" content=\"https:\/\/changhongchemical.com\/wp-content\/uploads\/2025\/03\/2-1.jpg\" \/>\n\t<meta property=\"og:image:width\" content=\"300\" \/>\n\t<meta property=\"og:image:height\" content=\"300\" \/>\n\t<meta property=\"og:image:type\" content=\"image\/jpeg\" \/>\n<meta name=\"twitter:card\" content=\"summary_large_image\" \/>\n<meta name=\"twitter:label1\" content=\"Tahmini okuma s\u00fcresi\" \/>\n\t<meta name=\"twitter:data1\" content=\"2 dakika\" \/>\n<script type=\"application\/ld+json\" class=\"yoast-schema-graph\">{\"@context\":\"https:\\\/\\\/schema.org\",\"@graph\":[{\"@type\":\"WebPage\",\"@id\":\"https:\\\/\\\/changhongchemical.com\\\/product\\\/perfluoropolyether-grease\\\/\",\"url\":\"https:\\\/\\\/changhongchemical.com\\\/product\\\/perfluoropolyether-grease\\\/\",\"name\":\"China CHLUMOFIUOR\u00ae Perfluoropolyether grease Manufacturer - Changhong Chemical\",\"isPartOf\":{\"@id\":\"https:\\\/\\\/changhongchemical.com\\\/#website\"},\"primaryImageOfPage\":{\"@id\":\"https:\\\/\\\/changhongchemical.com\\\/product\\\/perfluoropolyether-grease\\\/#primaryimage\"},\"image\":{\"@id\":\"https:\\\/\\\/changhongchemical.com\\\/product\\\/perfluoropolyether-grease\\\/#primaryimage\"},\"thumbnailUrl\":\"https:\\\/\\\/changhongchemical.com\\\/wp-content\\\/uploads\\\/2025\\\/03\\\/2-1.jpg\",\"datePublished\":\"2025-03-27T09:07:16+00:00\",\"dateModified\":\"2025-05-12T03:00:13+00:00\",\"description\":\"Perfluoropolyethers (PFPE) is a special class of perfluoropolymer compounds with average molecular weight ranging from 500 to 15,000 and only three...\",\"breadcrumb\":{\"@id\":\"https:\\\/\\\/changhongchemical.com\\\/product\\\/perfluoropolyether-grease\\\/#breadcrumb\"},\"inLanguage\":\"tr\",\"potentialAction\":[{\"@type\":\"ReadAction\",\"target\":[\"https:\\\/\\\/changhongchemical.com\\\/product\\\/perfluoropolyether-grease\\\/\"]}]},{\"@type\":\"ImageObject\",\"inLanguage\":\"tr\",\"@id\":\"https:\\\/\\\/changhongchemical.com\\\/product\\\/perfluoropolyether-grease\\\/#primaryimage\",\"url\":\"https:\\\/\\\/changhongchemical.com\\\/wp-content\\\/uploads\\\/2025\\\/03\\\/2-1.jpg\",\"contentUrl\":\"https:\\\/\\\/changhongchemical.com\\\/wp-content\\\/uploads\\\/2025\\\/03\\\/2-1.jpg\",\"width\":300,\"height\":300},{\"@type\":\"BreadcrumbList\",\"@id\":\"https:\\\/\\\/changhongchemical.com\\\/product\\\/perfluoropolyether-grease\\\/#breadcrumb\",\"itemListElement\":[{\"@type\":\"ListItem\",\"position\":1,\"name\":\"Home\",\"item\":\"https:\\\/\\\/changhongchemical.com\\\/\"},{\"@type\":\"ListItem\",\"position\":2,\"name\":\"Products Changhong\",\"item\":\"https:\\\/\\\/changhongchemical.com\\\/product\\\/\"},{\"@type\":\"ListItem\",\"position\":3,\"name\":\"CHLUMOFIUOR\u00ae Perfluoropolyether grease\"}]},{\"@type\":\"WebSite\",\"@id\":\"https:\\\/\\\/changhongchemical.com\\\/#website\",\"url\":\"https:\\\/\\\/changhongchemical.com\\\/\",\"name\":\"Changhong Chemical\",\"description\":\"China chemical manufacturer \uff06 supplier\",\"publisher\":{\"@id\":\"https:\\\/\\\/changhongchemical.com\\\/#organization\"},\"potentialAction\":[{\"@type\":\"SearchAction\",\"target\":{\"@type\":\"EntryPoint\",\"urlTemplate\":\"https:\\\/\\\/changhongchemical.com\\\/?s={search_term_string}\"},\"query-input\":{\"@type\":\"PropertyValueSpecification\",\"valueRequired\":true,\"valueName\":\"search_term_string\"}}],\"inLanguage\":\"tr\"},{\"@type\":\"Organization\",\"@id\":\"https:\\\/\\\/changhongchemical.com\\\/#organization\",\"name\":\"Changhong Chemical\",\"url\":\"https:\\\/\\\/changhongchemical.com\\\/\",\"logo\":{\"@type\":\"ImageObject\",\"inLanguage\":\"tr\",\"@id\":\"https:\\\/\\\/changhongchemical.com\\\/#\\\/schema\\\/logo\\\/image\\\/\",\"url\":\"https:\\\/\\\/changhongchemical.com\\\/wp-content\\\/uploads\\\/2020\\\/08\\\/cropped-longchang-logo.png\",\"contentUrl\":\"https:\\\/\\\/changhongchemical.com\\\/wp-content\\\/uploads\\\/2020\\\/08\\\/cropped-longchang-logo.png\",\"width\":512,\"height\":512,\"caption\":\"Changhong Chemical\"},\"image\":{\"@id\":\"https:\\\/\\\/changhongchemical.com\\\/#\\\/schema\\\/logo\\\/image\\\/\"}}]}<\/script>\n<!-- \/ Yoast SEO plugin. -->","yoast_head_json":{"title":"\u00c7in CHLUMOFIUOR\u00ae Perfluoropolyether gres \u00dcreticisi - Changhong Chemical","description":"Perfluoropolyethers (PFPE) is a special class of perfluoropolymer compounds with average molecular weight ranging from 500 to 15,000 and only three...","robots":{"index":"index","follow":"follow","max-snippet":"max-snippet:-1","max-image-preview":"max-image-preview:large","max-video-preview":"max-video-preview:-1"},"canonical":"https:\/\/changhongchemical.com\/tr\/product\/perfluoropolyether-grease\/","og_locale":"tr_TR","og_type":"article","og_title":"China CHLUMOFIUOR\u00ae Perfluoropolyether grease Manufacturer - Changhong Chemical","og_description":"Perfluoropolyethers (PFPE) is a special class of perfluoropolymer compounds with average molecular weight ranging from 500 to 15,000 and only three...","og_url":"https:\/\/changhongchemical.com\/tr\/product\/perfluoropolyether-grease\/","og_site_name":"Changhong Chemical","article_modified_time":"2025-05-12T03:00:13+00:00","og_image":[{"width":300,"height":300,"url":"https:\/\/changhongchemical.com\/wp-content\/uploads\/2025\/03\/2-1.jpg","type":"image\/jpeg"}],"twitter_card":"summary_large_image","twitter_misc":{"Tahmini okuma s\u00fcresi":"2 dakika"},"schema":{"@context":"https:\/\/schema.org","@graph":[{"@type":"WebPage","@id":"https:\/\/changhongchemical.com\/product\/perfluoropolyether-grease\/","url":"https:\/\/changhongchemical.com\/product\/perfluoropolyether-grease\/","name":"\u00c7in CHLUMOFIUOR\u00ae Perfluoropolyether gres \u00dcreticisi - Changhong Chemical","isPartOf":{"@id":"https:\/\/changhongchemical.com\/#website"},"primaryImageOfPage":{"@id":"https:\/\/changhongchemical.com\/product\/perfluoropolyether-grease\/#primaryimage"},"image":{"@id":"https:\/\/changhongchemical.com\/product\/perfluoropolyether-grease\/#primaryimage"},"thumbnailUrl":"https:\/\/changhongchemical.com\/wp-content\/uploads\/2025\/03\/2-1.jpg","datePublished":"2025-03-27T09:07:16+00:00","dateModified":"2025-05-12T03:00:13+00:00","description":"Perfluoropolyethers (PFPE) is a special class of perfluoropolymer compounds with average molecular weight ranging from 500 to 15,000 and only three...","breadcrumb":{"@id":"https:\/\/changhongchemical.com\/product\/perfluoropolyether-grease\/#breadcrumb"},"inLanguage":"tr","potentialAction":[{"@type":"ReadAction","target":["https:\/\/changhongchemical.com\/product\/perfluoropolyether-grease\/"]}]},{"@type":"ImageObject","inLanguage":"tr","@id":"https:\/\/changhongchemical.com\/product\/perfluoropolyether-grease\/#primaryimage","url":"https:\/\/changhongchemical.com\/wp-content\/uploads\/2025\/03\/2-1.jpg","contentUrl":"https:\/\/changhongchemical.com\/wp-content\/uploads\/2025\/03\/2-1.jpg","width":300,"height":300},{"@type":"BreadcrumbList","@id":"https:\/\/changhongchemical.com\/product\/perfluoropolyether-grease\/#breadcrumb","itemListElement":[{"@type":"ListItem","position":1,"name":"Home","item":"https:\/\/changhongchemical.com\/"},{"@type":"ListItem","position":2,"name":"Products Changhong","item":"https:\/\/changhongchemical.com\/product\/"},{"@type":"ListItem","position":3,"name":"CHLUMOFIUOR\u00ae Perfluoropolyether grease"}]},{"@type":"WebSite","@id":"https:\/\/changhongchemical.com\/#website","url":"https:\/\/changhongchemical.com\/","name":"Longchang Kimya","description":"\u00c7in kimyasal \u00fcreticisi \uff06 tedarik\u00e7isi","publisher":{"@id":"https:\/\/changhongchemical.com\/#organization"},"potentialAction":[{"@type":"SearchAction","target":{"@type":"EntryPoint","urlTemplate":"https:\/\/changhongchemical.com\/?s={search_term_string}"},"query-input":{"@type":"PropertyValueSpecification","valueRequired":true,"valueName":"search_term_string"}}],"inLanguage":"tr"},{"@type":"Organization","@id":"https:\/\/changhongchemical.com\/#organization","name":"Longchang Kimya","url":"https:\/\/changhongchemical.com\/","logo":{"@type":"ImageObject","inLanguage":"tr","@id":"https:\/\/changhongchemical.com\/#\/schema\/logo\/image\/","url":"https:\/\/changhongchemical.com\/wp-content\/uploads\/2020\/08\/cropped-longchang-logo.png","contentUrl":"https:\/\/changhongchemical.com\/wp-content\/uploads\/2020\/08\/cropped-longchang-logo.png","width":512,"height":512,"caption":"Changhong Chemical"},"image":{"@id":"https:\/\/changhongchemical.com\/#\/schema\/logo\/image\/"}}]}},"_links":{"self":[{"href":"https:\/\/changhongchemical.com\/tr\/wp-json\/wp\/v2\/product\/8382","targetHints":{"allow":["GET"]}}],"collection":[{"href":"https:\/\/changhongchemical.com\/tr\/wp-json\/wp\/v2\/product"}],"about":[{"href":"https:\/\/changhongchemical.com\/tr\/wp-json\/wp\/v2\/types\/product"}],"replies":[{"embeddable":true,"href":"https:\/\/changhongchemical.com\/tr\/wp-json\/wp\/v2\/comments?post=8382"}],"wp:featuredmedia":[{"embeddable":true,"href":"https:\/\/changhongchemical.com\/tr\/wp-json\/wp\/v2\/media\/8383"}],"wp:attachment":[{"href":"https:\/\/changhongchemical.com\/tr\/wp-json\/wp\/v2\/media?parent=8382"}],"wp:term":[{"taxonomy":"product_brand","embeddable":true,"href":"https:\/\/changhongchemical.com\/tr\/wp-json\/wp\/v2\/product_brand?post=8382"},{"taxonomy":"product_cat","embeddable":true,"href":"https:\/\/changhongchemical.com\/tr\/wp-json\/wp\/v2\/product_cat?post=8382"},{"taxonomy":"product_tag","embeddable":true,"href":"https:\/\/changhongchemical.com\/tr\/wp-json\/wp\/v2\/product_tag?post=8382"}],"curies":[{"name":"wp","href":"https:\/\/api.w.org\/{rel}","templated":true}]}}