{"id":8377,"date":"2025-03-26T03:55:31","date_gmt":"2025-03-26T03:55:31","guid":{"rendered":"https:\/\/changhongchemical.com\/?post_type=product&#038;p=8377"},"modified":"2025-05-12T03:02:51","modified_gmt":"2025-05-12T03:02:51","slug":"hydrofluoroether-hfe-374","status":"publish","type":"product","link":"https:\/\/changhongchemical.com\/tr\/product\/hydrofluoroether-hfe-374\/","title":{"rendered":"CHLUMOFIUOR\u00ae Hidrofloroeter HFE-374"},"content":{"rendered":"<p>Hidrofloroetil Eter HFE-374, kimyasal ad\u0131: 1,1,2,2-tetrafloroetil etil eter \u00c7evre dostu bir \u00e7\u00f6z\u00fcc\u00fc olarak, hassas temizlik, kurutucu ve benzeri alanlarda yayg\u0131n olarak kullan\u0131lmaktad\u0131r.<\/p>\n<table style=\"border-collapse: collapse; width: 511.52pt;\" border=\"0\" width=\"682\" cellspacing=\"0\" cellpadding=\"0\">\n<tbody>\n<tr style=\"height: 13.50pt;\">\n<td class=\"et3\" style=\"height: 13.50pt; width: 511.50pt;\" colspan=\"2\" width=\"682\" height=\"18\">Hidrofloroeterler FL\u00ae374 \u00dcr\u00fcn \u00d6zellikleri<\/td>\n<\/tr>\n<tr style=\"height: 13.50pt;\">\n<td class=\"et3\" style=\"height: 13.50pt;\" height=\"18\">Fiziksel \u00f6zellikler<\/td>\n<td class=\"et3\">FL\u00ae 374<\/td>\n<\/tr>\n<tr style=\"height: 13.50pt;\">\n<td class=\"et3\" style=\"height: 13.50pt;\" height=\"18\">G\u00f6r\u00fcn\u00fc\u015f<\/td>\n<td class=\"et3\">Renksiz ve kokusuz \u015feffaf s\u0131v\u0131<\/td>\n<\/tr>\n<tr style=\"height: 13.50pt;\">\n<td class=\"et3\" style=\"height: 13.50pt;\" height=\"18\">Kaynama noktas\u0131 (\u2103)<\/td>\n<td class=\"et3\">56.6<\/td>\n<\/tr>\n<tr style=\"height: 13.50pt;\">\n<td class=\"et3\" style=\"height: 13.50pt;\" height=\"18\">Erime noktas\u0131 (\u2103)<\/td>\n<td class=\"et3\">-86<\/td>\n<\/tr>\n<tr style=\"height: 13.50pt;\">\n<td class=\"et3\" style=\"height: 13.50pt;\" height=\"18\">Parlama noktas\u0131 (\u2103)<\/td>\n<td class=\"et3\">-15<\/td>\n<\/tr>\n<tr style=\"height: 13.50pt;\">\n<td class=\"et3\" style=\"height: 13.50pt;\" height=\"18\">Yo\u011funluk (g\/mL)<\/td>\n<td class=\"et3\">1.1987<\/td>\n<\/tr>\n<tr style=\"height: 13.50pt;\">\n<td class=\"et3\" style=\"height: 13.50pt;\" height=\"18\">K\u0131r\u0131lma indisi<\/td>\n<td class=\"et3\">1.294<\/td>\n<\/tr>\n<tr style=\"height: 13.50pt;\">\n<td class=\"et3\" style=\"height: 13.50pt;\" height=\"18\">Nem (ppm)<\/td>\n<td class=\"et3\">\uff1c100<\/td>\n<\/tr>\n<tr style=\"height: 13.50pt;\">\n<td class=\"et3\" style=\"height: 13.50pt;\" height=\"18\">Asit de\u011feri (ppm)<\/td>\n<td class=\"et3\">\uff1c1<\/td>\n<\/tr>\n<tr style=\"height: 13.50pt;\">\n<td class=\"et3\" style=\"height: 13.50pt;\" height=\"18\">U\u00e7ucu olmayan kal\u0131nt\u0131 (ppm)<\/td>\n<td class=\"et3\">\uff1c100<\/td>\n<\/tr>\n<tr style=\"height: 13.50pt;\">\n<td class=\"et3\" style=\"height: 13.50pt;\" height=\"18\">ODP<\/td>\n<td class=\"et3\">0<\/td>\n<\/tr>\n<tr style=\"height: 13.50pt;\">\n<td class=\"et3\" style=\"height: 13.50pt;\" height=\"18\">GWP<\/td>\n<td class=\"et3\">47<\/td>\n<\/tr>\n<\/tbody>\n<\/table>\n<h2><strong><b>\u015eimdi Bize Ula\u015f\u0131n!<\/b><\/strong><\/h2>\n<h4><strong><b>Fiyata ihtiyac\u0131n\u0131z varsa, l\u00fctfen a\u015fa\u011f\u0131daki forma ileti\u015fim bilgilerinizi doldurun, genellikle 24 saat i\u00e7inde sizinle ileti\u015fime ge\u00e7ece\u011fiz. Bana e-posta da g\u00f6nderebilirsiniz\u00a0<span style=\"color: #00ccff;\"><a style=\"color: #00ccff;\" href=\"mailto:info@changhongchemical.com\">info@changhongchemical.com<\/a><\/span>\u00a0\u00c7al\u0131\u015fma saatleri i\u00e7inde (8:30 - 6:00 UTC+8 Pzt.~Sat.) veya h\u0131zl\u0131 yan\u0131t almak i\u00e7in web sitesi canl\u0131 sohbetini kullan\u0131n.<\/b><\/strong><\/h4>","protected":false},"excerpt":{"rendered":"<p>\u00d6deme g\u00fcc\u00fc: hafif<\/p>\n<p>G\u00fcvenilirlik: son derece kararl\u0131<\/p>\n<p>H\u0131zl\u0131 kuruma: daha y\u00fcksek kaynama noktas\u0131, tam buharla\u015fma.<\/p>\n<p>Rejenerasyon: distilasyon yoluyla rejenerasyon end\u00fcstriyel at\u0131k miktar\u0131n\u0131 b\u00fcy\u00fck \u00f6l\u00e7\u00fcde azalt\u0131r.<\/p>\n<p>Penetrabilite: d\u00fc\u015f\u00fck viskozite, d\u00fc\u015f\u00fck y\u00fczey gerilimi, y\u00fcksek yo\u011funluk, y\u00fcksek ak\u0131\u015fkanl\u0131k.<\/p>\n<p>\u00c7evre dostu: ozon tabakas\u0131n\u0131 inceltmez, \u00e7e\u015fitli \u00e7evre standartlar\u0131n\u0131 kolayca ge\u00e7er.<br \/>\n\u00d6nerilen uygulamalar:<\/p>\n<p>1, \u00e7\u00f6z\u00fcc\u00fc seyreltici 2, hassas temizlik<\/p>\n<p>3\u3001Desikant 4\u3001Di\u011fer vb.<\/p>","protected":false},"featured_media":0,"comment_status":"closed","ping_status":"closed","template":"","meta":[],"product_brand":[],"product_cat":[188],"product_tag":[],"class_list":{"0":"post-8377","1":"product","2":"type-product","3":"status-publish","5":"product_cat-fluorinated-fine-chemicals","7":"first","8":"instock","9":"shipping-taxable","10":"product-type-simple"},"yoast_head":"<!-- This site is optimized with the Yoast SEO plugin v27.4 - https:\/\/yoast.com\/product\/yoast-seo-wordpress\/ -->\n<title>China CHLUMOFIUOR\u00ae Hydrofluoroether HFE-374 Manufacturer - Changhong Chemical<\/title>\n<meta name=\"description\" content=\"Solvency: mild Reliability: extremely stable Quick drying: higher boiling point, complete volatilization. Regeneration: through distillation...\" \/>\n<meta name=\"robots\" content=\"index, follow, max-snippet:-1, max-image-preview:large, max-video-preview:-1\" \/>\n<link rel=\"canonical\" href=\"https:\/\/changhongchemical.com\/tr\/product\/hydrofluoroether-hfe-374\/\" \/>\n<meta property=\"og:locale\" content=\"tr_TR\" \/>\n<meta property=\"og:type\" content=\"article\" \/>\n<meta property=\"og:title\" content=\"China CHLUMOFIUOR\u00ae Hydrofluoroether HFE-374 Manufacturer - Changhong Chemical\" \/>\n<meta property=\"og:description\" content=\"Solvency: mild Reliability: extremely stable Quick drying: higher boiling point, complete volatilization. Regeneration: through distillation...\" \/>\n<meta property=\"og:url\" content=\"https:\/\/changhongchemical.com\/tr\/product\/hydrofluoroether-hfe-374\/\" \/>\n<meta property=\"og:site_name\" content=\"Changhong Chemical\" \/>\n<meta property=\"article:modified_time\" content=\"2025-05-12T03:02:51+00:00\" \/>\n<meta property=\"og:image\" content=\"https:\/\/changhongchemical.com\/wp-content\/uploads\/2024\/02\/logo-jpeg.jpg\" \/>\n\t<meta property=\"og:image:width\" content=\"1000\" \/>\n\t<meta property=\"og:image:height\" content=\"1000\" \/>\n\t<meta property=\"og:image:type\" content=\"image\/jpeg\" \/>\n<meta name=\"twitter:card\" content=\"summary_large_image\" \/>\n<meta name=\"twitter:label1\" content=\"Tahmini okuma s\u00fcresi\" \/>\n\t<meta name=\"twitter:data1\" content=\"1 dakika\" \/>\n<script type=\"application\/ld+json\" class=\"yoast-schema-graph\">{\"@context\":\"https:\\\/\\\/schema.org\",\"@graph\":[{\"@type\":\"WebPage\",\"@id\":\"https:\\\/\\\/changhongchemical.com\\\/product\\\/hydrofluoroether-hfe-374\\\/\",\"url\":\"https:\\\/\\\/changhongchemical.com\\\/product\\\/hydrofluoroether-hfe-374\\\/\",\"name\":\"China CHLUMOFIUOR\u00ae Hydrofluoroether HFE-374 Manufacturer - Changhong Chemical\",\"isPartOf\":{\"@id\":\"https:\\\/\\\/changhongchemical.com\\\/#website\"},\"datePublished\":\"2025-03-26T03:55:31+00:00\",\"dateModified\":\"2025-05-12T03:02:51+00:00\",\"description\":\"Solvency: mild Reliability: extremely stable Quick drying: higher boiling point, complete volatilization. Regeneration: through distillation...\",\"breadcrumb\":{\"@id\":\"https:\\\/\\\/changhongchemical.com\\\/product\\\/hydrofluoroether-hfe-374\\\/#breadcrumb\"},\"inLanguage\":\"tr\",\"potentialAction\":[{\"@type\":\"ReadAction\",\"target\":[\"https:\\\/\\\/changhongchemical.com\\\/product\\\/hydrofluoroether-hfe-374\\\/\"]}]},{\"@type\":\"BreadcrumbList\",\"@id\":\"https:\\\/\\\/changhongchemical.com\\\/product\\\/hydrofluoroether-hfe-374\\\/#breadcrumb\",\"itemListElement\":[{\"@type\":\"ListItem\",\"position\":1,\"name\":\"Home\",\"item\":\"https:\\\/\\\/changhongchemical.com\\\/\"},{\"@type\":\"ListItem\",\"position\":2,\"name\":\"Products Changhong\",\"item\":\"https:\\\/\\\/changhongchemical.com\\\/product\\\/\"},{\"@type\":\"ListItem\",\"position\":3,\"name\":\"CHLUMOFIUOR\u00ae Hydrofluoroether HFE-374\"}]},{\"@type\":\"WebSite\",\"@id\":\"https:\\\/\\\/changhongchemical.com\\\/#website\",\"url\":\"https:\\\/\\\/changhongchemical.com\\\/\",\"name\":\"Changhong Chemical\",\"description\":\"China chemical manufacturer \uff06 supplier\",\"publisher\":{\"@id\":\"https:\\\/\\\/changhongchemical.com\\\/#organization\"},\"potentialAction\":[{\"@type\":\"SearchAction\",\"target\":{\"@type\":\"EntryPoint\",\"urlTemplate\":\"https:\\\/\\\/changhongchemical.com\\\/?s={search_term_string}\"},\"query-input\":{\"@type\":\"PropertyValueSpecification\",\"valueRequired\":true,\"valueName\":\"search_term_string\"}}],\"inLanguage\":\"tr\"},{\"@type\":\"Organization\",\"@id\":\"https:\\\/\\\/changhongchemical.com\\\/#organization\",\"name\":\"Changhong Chemical\",\"url\":\"https:\\\/\\\/changhongchemical.com\\\/\",\"logo\":{\"@type\":\"ImageObject\",\"inLanguage\":\"tr\",\"@id\":\"https:\\\/\\\/changhongchemical.com\\\/#\\\/schema\\\/logo\\\/image\\\/\",\"url\":\"https:\\\/\\\/changhongchemical.com\\\/wp-content\\\/uploads\\\/2020\\\/08\\\/cropped-longchang-logo.png\",\"contentUrl\":\"https:\\\/\\\/changhongchemical.com\\\/wp-content\\\/uploads\\\/2020\\\/08\\\/cropped-longchang-logo.png\",\"width\":512,\"height\":512,\"caption\":\"Changhong Chemical\"},\"image\":{\"@id\":\"https:\\\/\\\/changhongchemical.com\\\/#\\\/schema\\\/logo\\\/image\\\/\"}}]}<\/script>\n<!-- \/ Yoast SEO plugin. -->","yoast_head_json":{"title":"\u00c7in CHLUMOFIUOR\u00ae Hidrofloroeter HFE-374 \u00dcretici - Changhong Chemical","description":"Solvency: mild Reliability: extremely stable Quick drying: higher boiling point, complete volatilization. Regeneration: through distillation...","robots":{"index":"index","follow":"follow","max-snippet":"max-snippet:-1","max-image-preview":"max-image-preview:large","max-video-preview":"max-video-preview:-1"},"canonical":"https:\/\/changhongchemical.com\/tr\/product\/hydrofluoroether-hfe-374\/","og_locale":"tr_TR","og_type":"article","og_title":"China CHLUMOFIUOR\u00ae Hydrofluoroether HFE-374 Manufacturer - Changhong Chemical","og_description":"Solvency: mild Reliability: extremely stable Quick drying: higher boiling point, complete volatilization. Regeneration: through distillation...","og_url":"https:\/\/changhongchemical.com\/tr\/product\/hydrofluoroether-hfe-374\/","og_site_name":"Changhong Chemical","article_modified_time":"2025-05-12T03:02:51+00:00","og_image":[{"width":1000,"height":1000,"url":"https:\/\/changhongchemical.com\/wp-content\/uploads\/2024\/02\/logo-jpeg.jpg","type":"image\/jpeg"}],"twitter_card":"summary_large_image","twitter_misc":{"Tahmini okuma s\u00fcresi":"1 dakika"},"schema":{"@context":"https:\/\/schema.org","@graph":[{"@type":"WebPage","@id":"https:\/\/changhongchemical.com\/product\/hydrofluoroether-hfe-374\/","url":"https:\/\/changhongchemical.com\/product\/hydrofluoroether-hfe-374\/","name":"\u00c7in CHLUMOFIUOR\u00ae Hidrofloroeter HFE-374 \u00dcretici - Changhong Chemical","isPartOf":{"@id":"https:\/\/changhongchemical.com\/#website"},"datePublished":"2025-03-26T03:55:31+00:00","dateModified":"2025-05-12T03:02:51+00:00","description":"Solvency: mild Reliability: extremely stable Quick drying: higher boiling point, complete volatilization. Regeneration: through distillation...","breadcrumb":{"@id":"https:\/\/changhongchemical.com\/product\/hydrofluoroether-hfe-374\/#breadcrumb"},"inLanguage":"tr","potentialAction":[{"@type":"ReadAction","target":["https:\/\/changhongchemical.com\/product\/hydrofluoroether-hfe-374\/"]}]},{"@type":"BreadcrumbList","@id":"https:\/\/changhongchemical.com\/product\/hydrofluoroether-hfe-374\/#breadcrumb","itemListElement":[{"@type":"ListItem","position":1,"name":"Home","item":"https:\/\/changhongchemical.com\/"},{"@type":"ListItem","position":2,"name":"Products Changhong","item":"https:\/\/changhongchemical.com\/product\/"},{"@type":"ListItem","position":3,"name":"CHLUMOFIUOR\u00ae Hydrofluoroether HFE-374"}]},{"@type":"WebSite","@id":"https:\/\/changhongchemical.com\/#website","url":"https:\/\/changhongchemical.com\/","name":"Longchang Kimya","description":"\u00c7in kimyasal \u00fcreticisi \uff06 tedarik\u00e7isi","publisher":{"@id":"https:\/\/changhongchemical.com\/#organization"},"potentialAction":[{"@type":"SearchAction","target":{"@type":"EntryPoint","urlTemplate":"https:\/\/changhongchemical.com\/?s={search_term_string}"},"query-input":{"@type":"PropertyValueSpecification","valueRequired":true,"valueName":"search_term_string"}}],"inLanguage":"tr"},{"@type":"Organization","@id":"https:\/\/changhongchemical.com\/#organization","name":"Longchang Kimya","url":"https:\/\/changhongchemical.com\/","logo":{"@type":"ImageObject","inLanguage":"tr","@id":"https:\/\/changhongchemical.com\/#\/schema\/logo\/image\/","url":"https:\/\/changhongchemical.com\/wp-content\/uploads\/2020\/08\/cropped-longchang-logo.png","contentUrl":"https:\/\/changhongchemical.com\/wp-content\/uploads\/2020\/08\/cropped-longchang-logo.png","width":512,"height":512,"caption":"Changhong Chemical"},"image":{"@id":"https:\/\/changhongchemical.com\/#\/schema\/logo\/image\/"}}]}},"_links":{"self":[{"href":"https:\/\/changhongchemical.com\/tr\/wp-json\/wp\/v2\/product\/8377","targetHints":{"allow":["GET"]}}],"collection":[{"href":"https:\/\/changhongchemical.com\/tr\/wp-json\/wp\/v2\/product"}],"about":[{"href":"https:\/\/changhongchemical.com\/tr\/wp-json\/wp\/v2\/types\/product"}],"replies":[{"embeddable":true,"href":"https:\/\/changhongchemical.com\/tr\/wp-json\/wp\/v2\/comments?post=8377"}],"wp:attachment":[{"href":"https:\/\/changhongchemical.com\/tr\/wp-json\/wp\/v2\/media?parent=8377"}],"wp:term":[{"taxonomy":"product_brand","embeddable":true,"href":"https:\/\/changhongchemical.com\/tr\/wp-json\/wp\/v2\/product_brand?post=8377"},{"taxonomy":"product_cat","embeddable":true,"href":"https:\/\/changhongchemical.com\/tr\/wp-json\/wp\/v2\/product_cat?post=8377"},{"taxonomy":"product_tag","embeddable":true,"href":"https:\/\/changhongchemical.com\/tr\/wp-json\/wp\/v2\/product_tag?post=8377"}],"curies":[{"name":"wp","href":"https:\/\/api.w.org\/{rel}","templated":true}]}}