{"id":8370,"date":"2025-03-26T03:03:07","date_gmt":"2025-03-26T03:03:07","guid":{"rendered":"https:\/\/changhongchemical.com\/?post_type=product&#038;p=8370"},"modified":"2026-01-08T07:09:55","modified_gmt":"2026-01-08T07:09:55","slug":"perfluorobutylsulfonyl-fluoride","status":"publish","type":"product","link":"https:\/\/changhongchemical.com\/tr\/product\/perfluorobutylsulfonyl-fluoride\/","title":{"rendered":"CHLUMOFIUOR\u00ae Perfluorobutylsulfonyl fluoride CAS 375-72-4"},"content":{"rendered":"<p>Ad\u0131\uff1aPerflorob\u00fctils\u00fclfonil flor\u00fcr<br \/>\nCAS NO: 375-72-4<br \/>\nEINECS: 206-792-6<br \/>\nMolek\u00fcl a\u011f\u0131rl\u0131\u011f\u0131: 302,09<br \/>\nKaynama Noktas\u0131\uff1a64-66\u2103<br \/>\nYo\u011funluk: 25\u2103 --- 1,68g\/cm3<br \/>\nMolek\u00fcler form\u00fcl: C4F9SO2F<br \/>\n\u00d6zellikleri: renksiz \u015feffaf, suda \u00e7\u00f6z\u00fcnmeyen, tahri\u015f edici, a\u015f\u0131nd\u0131r\u0131c\u0131, u\u00e7ucu s\u0131v\u0131.<br \/>\nKullan\u0131m Alanlar\u0131: \u00c7e\u015fitli flor y\u00fczey aktif maddelerin, flor y\u00fczey i\u015fleme maddelerinin ve di\u011fer flor ince kimyasallar\u0131n sentezinde kullan\u0131l\u0131r. PFBSF'nin a\u015fa\u011f\u0131 ak\u0131\u015f su itici ve ya\u011f itici y\u00fczey aktif hammaddeleri k\u00f6p\u00fck \u00f6nleyici madde, antistatik madde, deterjan, tesviye maddesi vb. olarak kullan\u0131labilir. Geni\u015f bir kullan\u0131m alan\u0131na sahiptir.<\/p>\n<p>Di\u011fer ad\u0131:<\/p>\n<p>Nonaflorob\u00fctans\u00fclfonil flor\u00fcr<\/p>\n<p>Nonafloro-1 -b\u00fctans\u00fclfonil Flor\u00fcr<\/p>\n<p>Perfloro-1 -b\u00fctans\u00fclfonil Flor\u00fcr<\/p>\n<p>1,1,2,2,3,3,4,4,4 -nonaflorob\u00fctan -1 -s\u00fclfonil flor\u00fcr<\/p>\n<h2><strong><b>\u015eimdi Bize Ula\u015f\u0131n!<\/b><\/strong><\/h2>\n<h4><strong><b>Fiyata ihtiyac\u0131n\u0131z varsa, l\u00fctfen a\u015fa\u011f\u0131daki forma ileti\u015fim bilgilerinizi doldurun, genellikle 24 saat i\u00e7inde sizinle ileti\u015fime ge\u00e7ece\u011fiz. Bana e-posta da g\u00f6nderebilirsiniz\u00a0<span style=\"color: #00ccff;\"><a style=\"color: #00ccff;\" href=\"mailto:info@changhongchemical.com\">info@changhongchemical.com<\/a><\/span>\u00a0\u00c7al\u0131\u015fma saatleri i\u00e7inde (8:30 - 6:00 UTC+8 Pzt.~Sat.) veya h\u0131zl\u0131 yan\u0131t almak i\u00e7in web sitesi canl\u0131 sohbetini kullan\u0131n.<\/b><\/strong><\/h4>","protected":false},"excerpt":{"rendered":"<table style=\"border-collapse: collapse; width: 498.77pt;\" border=\"0\" width=\"665\" cellspacing=\"0\" cellpadding=\"0\">\n<tbody>\n<tr style=\"height: 20.00pt;\">\n<td class=\"et3\" style=\"height: 41.00pt; width: 163.50pt;\" colspan=\"2\" rowspan=\"2\" width=\"218\" height=\"54\">\u0130\u00e7erik<\/td>\n<td class=\"et3\" style=\"width: 335.25pt;\" colspan=\"3\" width=\"447\">G\u00f6sterge<\/td>\n<\/tr>\n<tr style=\"height: 21.00pt;\">\n<td class=\"et3\">\u00dcst\u00fcn kalite<\/td>\n<td class=\"et3\">Birinci s\u0131n\u0131f<\/td>\n<td class=\"et3\">Nitelikli \u00fcr\u00fcn<\/td>\n<\/tr>\n<tr style=\"height: 13.50pt;\">\n<td class=\"et3\" style=\"height: 13.50pt;\" colspan=\"2\" height=\"18\">Safl\u0131k, GC<\/td>\n<td class=\"et3\">\u226598%<\/td>\n<td class=\"et3\">\u226597%<\/td>\n<td class=\"et3\">\u226595%<\/td>\n<\/tr>\n<tr style=\"height: 13.50pt;\">\n<td class=\"et3\" style=\"height: 13.50pt;\" colspan=\"2\" height=\"18\">PH<\/td>\n<td class=\"et3\">3.8-4.8<\/td>\n<td class=\"et3\">3.8-4.8<\/td>\n<td class=\"et3\">3.0-6.0<\/td>\n<\/tr>\n<tr style=\"height: 13.50pt;\">\n<td class=\"et3\" style=\"height: 13.50pt;\" colspan=\"2\" height=\"18\">Safs\u0131zl\u0131klar<\/td>\n<td class=\"et5\">\u22642.0%<\/td>\n<td class=\"et3\">\u22643.0%<\/td>\n<td class=\"et3\">\u22645.0%<\/td>\n<\/tr>\n<\/tbody>\n<\/table>","protected":false},"featured_media":8371,"comment_status":"closed","ping_status":"closed","template":"","meta":[],"product_brand":[],"product_cat":[188],"product_tag":[],"class_list":{"0":"post-8370","1":"product","2":"type-product","3":"status-publish","4":"has-post-thumbnail","6":"product_cat-fluorinated-fine-chemicals","8":"first","9":"instock","10":"shipping-taxable","11":"product-type-simple"},"yoast_head":"<!-- This site is optimized with the Yoast SEO plugin v27.4 - https:\/\/yoast.com\/product\/yoast-seo-wordpress\/ -->\n<title>China CHLUMOFIUOR\u00ae Perfluorobutylsulfonyl fluoride CAS 375-72-4 Manufacturer - Changhong Chemical<\/title>\n<meta name=\"description\" content=\"&lt;tr style=&quot;height...\" \/>\n<meta name=\"robots\" content=\"index, follow, max-snippet:-1, max-image-preview:large, max-video-preview:-1\" \/>\n<link rel=\"canonical\" href=\"https:\/\/changhongchemical.com\/tr\/product\/perfluorobutylsulfonyl-fluoride\/\" \/>\n<meta property=\"og:locale\" content=\"tr_TR\" \/>\n<meta property=\"og:type\" content=\"article\" \/>\n<meta property=\"og:title\" content=\"China CHLUMOFIUOR\u00ae Perfluorobutylsulfonyl fluoride CAS 375-72-4 Manufacturer - Changhong Chemical\" \/>\n<meta property=\"og:description\" content=\"&lt;tr style=&quot;height...\" \/>\n<meta property=\"og:url\" content=\"https:\/\/changhongchemical.com\/tr\/product\/perfluorobutylsulfonyl-fluoride\/\" \/>\n<meta property=\"og:site_name\" content=\"Changhong Chemical\" \/>\n<meta property=\"article:modified_time\" content=\"2026-01-08T07:09:55+00:00\" \/>\n<meta property=\"og:image\" content=\"https:\/\/changhongchemical.com\/wp-content\/uploads\/2025\/03\/2.jpg\" \/>\n\t<meta property=\"og:image:width\" content=\"300\" \/>\n\t<meta property=\"og:image:height\" content=\"300\" \/>\n\t<meta property=\"og:image:type\" content=\"image\/jpeg\" \/>\n<meta name=\"twitter:card\" content=\"summary_large_image\" \/>\n<meta name=\"twitter:label1\" content=\"Tahmini okuma s\u00fcresi\" \/>\n\t<meta name=\"twitter:data1\" content=\"1 dakika\" \/>\n<script type=\"application\/ld+json\" class=\"yoast-schema-graph\">{\"@context\":\"https:\\\/\\\/schema.org\",\"@graph\":[{\"@type\":\"WebPage\",\"@id\":\"https:\\\/\\\/changhongchemical.com\\\/product\\\/perfluorobutylsulfonyl-fluoride\\\/\",\"url\":\"https:\\\/\\\/changhongchemical.com\\\/product\\\/perfluorobutylsulfonyl-fluoride\\\/\",\"name\":\"China CHLUMOFIUOR\u00ae Perfluorobutylsulfonyl fluoride CAS 375-72-4 Manufacturer - Changhong Chemical\",\"isPartOf\":{\"@id\":\"https:\\\/\\\/changhongchemical.com\\\/#website\"},\"primaryImageOfPage\":{\"@id\":\"https:\\\/\\\/changhongchemical.com\\\/product\\\/perfluorobutylsulfonyl-fluoride\\\/#primaryimage\"},\"image\":{\"@id\":\"https:\\\/\\\/changhongchemical.com\\\/product\\\/perfluorobutylsulfonyl-fluoride\\\/#primaryimage\"},\"thumbnailUrl\":\"https:\\\/\\\/changhongchemical.com\\\/wp-content\\\/uploads\\\/2025\\\/03\\\/2.jpg\",\"datePublished\":\"2025-03-26T03:03:07+00:00\",\"dateModified\":\"2026-01-08T07:09:55+00:00\",\"description\":\"&lt;tr style=&quot;height...\",\"breadcrumb\":{\"@id\":\"https:\\\/\\\/changhongchemical.com\\\/product\\\/perfluorobutylsulfonyl-fluoride\\\/#breadcrumb\"},\"inLanguage\":\"tr\",\"potentialAction\":[{\"@type\":\"ReadAction\",\"target\":[\"https:\\\/\\\/changhongchemical.com\\\/product\\\/perfluorobutylsulfonyl-fluoride\\\/\"]}]},{\"@type\":\"ImageObject\",\"inLanguage\":\"tr\",\"@id\":\"https:\\\/\\\/changhongchemical.com\\\/product\\\/perfluorobutylsulfonyl-fluoride\\\/#primaryimage\",\"url\":\"https:\\\/\\\/changhongchemical.com\\\/wp-content\\\/uploads\\\/2025\\\/03\\\/2.jpg\",\"contentUrl\":\"https:\\\/\\\/changhongchemical.com\\\/wp-content\\\/uploads\\\/2025\\\/03\\\/2.jpg\",\"width\":300,\"height\":300},{\"@type\":\"BreadcrumbList\",\"@id\":\"https:\\\/\\\/changhongchemical.com\\\/product\\\/perfluorobutylsulfonyl-fluoride\\\/#breadcrumb\",\"itemListElement\":[{\"@type\":\"ListItem\",\"position\":1,\"name\":\"Home\",\"item\":\"https:\\\/\\\/changhongchemical.com\\\/\"},{\"@type\":\"ListItem\",\"position\":2,\"name\":\"Products Changhong\",\"item\":\"https:\\\/\\\/changhongchemical.com\\\/product\\\/\"},{\"@type\":\"ListItem\",\"position\":3,\"name\":\"CHLUMOFIUOR\u00ae Perfluorobutylsulfonyl fluoride CAS 375-72-4\"}]},{\"@type\":\"WebSite\",\"@id\":\"https:\\\/\\\/changhongchemical.com\\\/#website\",\"url\":\"https:\\\/\\\/changhongchemical.com\\\/\",\"name\":\"Changhong Chemical\",\"description\":\"China chemical manufacturer \uff06 supplier\",\"publisher\":{\"@id\":\"https:\\\/\\\/changhongchemical.com\\\/#organization\"},\"potentialAction\":[{\"@type\":\"SearchAction\",\"target\":{\"@type\":\"EntryPoint\",\"urlTemplate\":\"https:\\\/\\\/changhongchemical.com\\\/?s={search_term_string}\"},\"query-input\":{\"@type\":\"PropertyValueSpecification\",\"valueRequired\":true,\"valueName\":\"search_term_string\"}}],\"inLanguage\":\"tr\"},{\"@type\":\"Organization\",\"@id\":\"https:\\\/\\\/changhongchemical.com\\\/#organization\",\"name\":\"Changhong Chemical\",\"url\":\"https:\\\/\\\/changhongchemical.com\\\/\",\"logo\":{\"@type\":\"ImageObject\",\"inLanguage\":\"tr\",\"@id\":\"https:\\\/\\\/changhongchemical.com\\\/#\\\/schema\\\/logo\\\/image\\\/\",\"url\":\"https:\\\/\\\/changhongchemical.com\\\/wp-content\\\/uploads\\\/2020\\\/08\\\/cropped-longchang-logo.png\",\"contentUrl\":\"https:\\\/\\\/changhongchemical.com\\\/wp-content\\\/uploads\\\/2020\\\/08\\\/cropped-longchang-logo.png\",\"width\":512,\"height\":512,\"caption\":\"Changhong Chemical\"},\"image\":{\"@id\":\"https:\\\/\\\/changhongchemical.com\\\/#\\\/schema\\\/logo\\\/image\\\/\"}}]}<\/script>\n<!-- \/ Yoast SEO plugin. -->","yoast_head_json":{"title":"\u00c7in CHLUMOFIUOR\u00ae Perfluorobutylsulfonyl fluoride CAS 375-72-4 \u00dcretici - Changhong Chemical","description":"&lt;tr style=&quot;height...","robots":{"index":"index","follow":"follow","max-snippet":"max-snippet:-1","max-image-preview":"max-image-preview:large","max-video-preview":"max-video-preview:-1"},"canonical":"https:\/\/changhongchemical.com\/tr\/product\/perfluorobutylsulfonyl-fluoride\/","og_locale":"tr_TR","og_type":"article","og_title":"China CHLUMOFIUOR\u00ae Perfluorobutylsulfonyl fluoride CAS 375-72-4 Manufacturer - Changhong Chemical","og_description":"&lt;tr style=&quot;height...","og_url":"https:\/\/changhongchemical.com\/tr\/product\/perfluorobutylsulfonyl-fluoride\/","og_site_name":"Changhong Chemical","article_modified_time":"2026-01-08T07:09:55+00:00","og_image":[{"width":300,"height":300,"url":"https:\/\/changhongchemical.com\/wp-content\/uploads\/2025\/03\/2.jpg","type":"image\/jpeg"}],"twitter_card":"summary_large_image","twitter_misc":{"Tahmini okuma s\u00fcresi":"1 dakika"},"schema":{"@context":"https:\/\/schema.org","@graph":[{"@type":"WebPage","@id":"https:\/\/changhongchemical.com\/product\/perfluorobutylsulfonyl-fluoride\/","url":"https:\/\/changhongchemical.com\/product\/perfluorobutylsulfonyl-fluoride\/","name":"\u00c7in CHLUMOFIUOR\u00ae Perfluorobutylsulfonyl fluoride CAS 375-72-4 \u00dcretici - Changhong Chemical","isPartOf":{"@id":"https:\/\/changhongchemical.com\/#website"},"primaryImageOfPage":{"@id":"https:\/\/changhongchemical.com\/product\/perfluorobutylsulfonyl-fluoride\/#primaryimage"},"image":{"@id":"https:\/\/changhongchemical.com\/product\/perfluorobutylsulfonyl-fluoride\/#primaryimage"},"thumbnailUrl":"https:\/\/changhongchemical.com\/wp-content\/uploads\/2025\/03\/2.jpg","datePublished":"2025-03-26T03:03:07+00:00","dateModified":"2026-01-08T07:09:55+00:00","description":"&lt;tr style=&quot;height...","breadcrumb":{"@id":"https:\/\/changhongchemical.com\/product\/perfluorobutylsulfonyl-fluoride\/#breadcrumb"},"inLanguage":"tr","potentialAction":[{"@type":"ReadAction","target":["https:\/\/changhongchemical.com\/product\/perfluorobutylsulfonyl-fluoride\/"]}]},{"@type":"ImageObject","inLanguage":"tr","@id":"https:\/\/changhongchemical.com\/product\/perfluorobutylsulfonyl-fluoride\/#primaryimage","url":"https:\/\/changhongchemical.com\/wp-content\/uploads\/2025\/03\/2.jpg","contentUrl":"https:\/\/changhongchemical.com\/wp-content\/uploads\/2025\/03\/2.jpg","width":300,"height":300},{"@type":"BreadcrumbList","@id":"https:\/\/changhongchemical.com\/product\/perfluorobutylsulfonyl-fluoride\/#breadcrumb","itemListElement":[{"@type":"ListItem","position":1,"name":"Home","item":"https:\/\/changhongchemical.com\/"},{"@type":"ListItem","position":2,"name":"Products Changhong","item":"https:\/\/changhongchemical.com\/product\/"},{"@type":"ListItem","position":3,"name":"CHLUMOFIUOR\u00ae Perfluorobutylsulfonyl fluoride CAS 375-72-4"}]},{"@type":"WebSite","@id":"https:\/\/changhongchemical.com\/#website","url":"https:\/\/changhongchemical.com\/","name":"Longchang Kimya","description":"\u00c7in kimyasal \u00fcreticisi \uff06 tedarik\u00e7isi","publisher":{"@id":"https:\/\/changhongchemical.com\/#organization"},"potentialAction":[{"@type":"SearchAction","target":{"@type":"EntryPoint","urlTemplate":"https:\/\/changhongchemical.com\/?s={search_term_string}"},"query-input":{"@type":"PropertyValueSpecification","valueRequired":true,"valueName":"search_term_string"}}],"inLanguage":"tr"},{"@type":"Organization","@id":"https:\/\/changhongchemical.com\/#organization","name":"Longchang Kimya","url":"https:\/\/changhongchemical.com\/","logo":{"@type":"ImageObject","inLanguage":"tr","@id":"https:\/\/changhongchemical.com\/#\/schema\/logo\/image\/","url":"https:\/\/changhongchemical.com\/wp-content\/uploads\/2020\/08\/cropped-longchang-logo.png","contentUrl":"https:\/\/changhongchemical.com\/wp-content\/uploads\/2020\/08\/cropped-longchang-logo.png","width":512,"height":512,"caption":"Changhong Chemical"},"image":{"@id":"https:\/\/changhongchemical.com\/#\/schema\/logo\/image\/"}}]}},"_links":{"self":[{"href":"https:\/\/changhongchemical.com\/tr\/wp-json\/wp\/v2\/product\/8370","targetHints":{"allow":["GET"]}}],"collection":[{"href":"https:\/\/changhongchemical.com\/tr\/wp-json\/wp\/v2\/product"}],"about":[{"href":"https:\/\/changhongchemical.com\/tr\/wp-json\/wp\/v2\/types\/product"}],"replies":[{"embeddable":true,"href":"https:\/\/changhongchemical.com\/tr\/wp-json\/wp\/v2\/comments?post=8370"}],"wp:featuredmedia":[{"embeddable":true,"href":"https:\/\/changhongchemical.com\/tr\/wp-json\/wp\/v2\/media\/8371"}],"wp:attachment":[{"href":"https:\/\/changhongchemical.com\/tr\/wp-json\/wp\/v2\/media?parent=8370"}],"wp:term":[{"taxonomy":"product_brand","embeddable":true,"href":"https:\/\/changhongchemical.com\/tr\/wp-json\/wp\/v2\/product_brand?post=8370"},{"taxonomy":"product_cat","embeddable":true,"href":"https:\/\/changhongchemical.com\/tr\/wp-json\/wp\/v2\/product_cat?post=8370"},{"taxonomy":"product_tag","embeddable":true,"href":"https:\/\/changhongchemical.com\/tr\/wp-json\/wp\/v2\/product_tag?post=8370"}],"curies":[{"name":"wp","href":"https:\/\/api.w.org\/{rel}","templated":true}]}}