{"id":8363,"date":"2025-03-25T07:48:06","date_gmt":"2025-03-25T07:48:06","guid":{"rendered":"https:\/\/changhongchemical.com\/?post_type=product&#038;p=8363"},"modified":"2026-01-08T07:16:53","modified_gmt":"2026-01-08T07:16:53","slug":"c-6-cas-355-42-0","status":"publish","type":"product","link":"https:\/\/changhongchemical.com\/tr\/product\/c-6-cas-355-42-0\/","title":{"rendered":"CHLUMOFIUOR\u00ae C-6 Perflorohekzan CAS 355-42-0"},"content":{"rendered":"<p>Performans endeksi<br \/>\nG\u00f6r\u00fcn\u00fcm: renksiz s\u0131v\u0131<br \/>\nKaynama noktas\u0131 (\u00b0C): 57@760mmHg<br \/>\nErime noktas\u0131 (\u00b0C): -81.0<br \/>\nYo\u011funluk (g\/mL): 1,669@25\u00b0C<br \/>\nK\u0131r\u0131lma indisi: 1.252@20\u00b0C<br \/>\nParlama Noktas\u0131 (\u00b0C): Yok<br \/>\nSafl\u0131k (GC): &gt;99%<br \/>\nUygulama alanlar\u0131<br \/>\nT\u0131pta insan kan\u0131 ve MRI kontrast maddesi olarak kullan\u0131lan end\u00fcstriyel \u00e7\u00f6z\u00fcc\u00fc.<br \/>\nPaketleme ve depolama<br \/>\nBu \u00fcr\u00fcn 1L, 10L HDPE \u015fi\u015felerde\/varillerde ve 25L \u00e7elik-plastik kompozit varillerde ambalajlanm\u0131\u015ft\u0131r. \u00dcr\u00fcn havaland\u0131r\u0131lm\u0131\u015f ve serin bir yerde kapal\u0131 bir kapta saklan\u0131r, ayr\u0131nt\u0131lar i\u00e7in MSDS'ye bak\u0131n, raf \u00f6mr\u00fc bir y\u0131ld\u0131r.<\/p>\n<p>Di\u011fer ad\u0131:<\/p>\n<p>Tetradekaflorohekzan<\/p>\n<p>FC - 72<\/p>\n<p>Fluorinert FC - 72<\/p>\n<p>Flutec PP1<\/p>\n<p>Perfloro - bile\u015fik FC - 72<\/p>\n<h2><strong><b>\u015eimdi Bize Ula\u015f\u0131n!<\/b><\/strong><\/h2>\n<h4><strong><b>Fiyata ihtiyac\u0131n\u0131z varsa, l\u00fctfen a\u015fa\u011f\u0131daki forma ileti\u015fim bilgilerinizi doldurun, genellikle 24 saat i\u00e7inde sizinle ileti\u015fime ge\u00e7ece\u011fiz. Bana e-posta da g\u00f6nderebilirsiniz\u00a0<span style=\"color: #00ccff;\"><a style=\"color: #00ccff;\" href=\"mailto:info@changhongchemical.com\">info@changhongchemical.com<\/a><\/span>\u00a0\u00c7al\u0131\u015fma saatleri i\u00e7inde (8:30 - 6:00 UTC+8 Pzt.~Sat.) veya h\u0131zl\u0131 yan\u0131t almak i\u00e7in web sitesi canl\u0131 sohbetini kullan\u0131n.<\/b><\/strong><\/h4>","protected":false},"excerpt":{"rendered":"<p>C-6<br \/>\nPerflorohekzan<br \/>\nCAS No: 355-42-0<br \/>\nMolek\u00fcler Form\u00fcl: CF3CF2CF2CF2CF2CF2CF3<br \/>\nMolek\u00fcl a\u011f\u0131rl\u0131\u011f\u0131: 338,04<br \/>\nEINECS No.: 206-585-0<\/p>","protected":false},"featured_media":8364,"comment_status":"closed","ping_status":"closed","template":"","meta":[],"product_brand":[],"product_cat":[188],"product_tag":[],"class_list":{"0":"post-8363","1":"product","2":"type-product","3":"status-publish","4":"has-post-thumbnail","6":"product_cat-fluorinated-fine-chemicals","8":"first","9":"instock","10":"shipping-taxable","11":"product-type-simple"},"yoast_head":"<!-- This site is optimized with the Yoast SEO plugin v27.4 - https:\/\/yoast.com\/product\/yoast-seo-wordpress\/ -->\n<title>China CHLUMOFIUOR\u00ae C-6 Perfluorohexane CAS 355-42-0 Manufacturer - Changhong Chemical<\/title>\n<meta name=\"description\" content=\"C-6 Perfluorohexane CAS No.: 355-42-0 Molecular Formula: CF3CF2CF2CF2CF2CF2CF3 Molecular weight: 338.04 EINECS No.: 206-585-0\" \/>\n<meta name=\"robots\" content=\"index, follow, max-snippet:-1, max-image-preview:large, max-video-preview:-1\" \/>\n<link rel=\"canonical\" href=\"https:\/\/changhongchemical.com\/tr\/product\/c-6-cas-355-42-0\/\" \/>\n<meta property=\"og:locale\" content=\"tr_TR\" \/>\n<meta property=\"og:type\" content=\"article\" \/>\n<meta property=\"og:title\" content=\"China CHLUMOFIUOR\u00ae C-6 Perfluorohexane CAS 355-42-0 Manufacturer - Changhong Chemical\" \/>\n<meta property=\"og:description\" content=\"C-6 Perfluorohexane CAS No.: 355-42-0 Molecular Formula: CF3CF2CF2CF2CF2CF2CF3 Molecular weight: 338.04 EINECS No.: 206-585-0\" \/>\n<meta property=\"og:url\" content=\"https:\/\/changhongchemical.com\/tr\/product\/c-6-cas-355-42-0\/\" \/>\n<meta property=\"og:site_name\" content=\"Changhong Chemical\" \/>\n<meta property=\"article:modified_time\" content=\"2026-01-08T07:16:53+00:00\" \/>\n<meta property=\"og:image\" content=\"https:\/\/changhongchemical.com\/wp-content\/uploads\/2025\/03\/C-6.jpg\" \/>\n\t<meta property=\"og:image:width\" content=\"300\" \/>\n\t<meta property=\"og:image:height\" content=\"300\" \/>\n\t<meta property=\"og:image:type\" content=\"image\/jpeg\" \/>\n<meta name=\"twitter:card\" content=\"summary_large_image\" \/>\n<meta name=\"twitter:label1\" content=\"Tahmini okuma s\u00fcresi\" \/>\n\t<meta name=\"twitter:data1\" content=\"1 dakika\" \/>\n<script type=\"application\/ld+json\" class=\"yoast-schema-graph\">{\"@context\":\"https:\\\/\\\/schema.org\",\"@graph\":[{\"@type\":\"WebPage\",\"@id\":\"https:\\\/\\\/changhongchemical.com\\\/product\\\/c-6-cas-355-42-0\\\/\",\"url\":\"https:\\\/\\\/changhongchemical.com\\\/product\\\/c-6-cas-355-42-0\\\/\",\"name\":\"China CHLUMOFIUOR\u00ae C-6 Perfluorohexane CAS 355-42-0 Manufacturer - Changhong Chemical\",\"isPartOf\":{\"@id\":\"https:\\\/\\\/changhongchemical.com\\\/#website\"},\"primaryImageOfPage\":{\"@id\":\"https:\\\/\\\/changhongchemical.com\\\/product\\\/c-6-cas-355-42-0\\\/#primaryimage\"},\"image\":{\"@id\":\"https:\\\/\\\/changhongchemical.com\\\/product\\\/c-6-cas-355-42-0\\\/#primaryimage\"},\"thumbnailUrl\":\"https:\\\/\\\/changhongchemical.com\\\/wp-content\\\/uploads\\\/2025\\\/03\\\/C-6.jpg\",\"datePublished\":\"2025-03-25T07:48:06+00:00\",\"dateModified\":\"2026-01-08T07:16:53+00:00\",\"description\":\"C-6 Perfluorohexane CAS No.: 355-42-0 Molecular Formula: CF3CF2CF2CF2CF2CF2CF3 Molecular weight: 338.04 EINECS No.: 206-585-0\",\"breadcrumb\":{\"@id\":\"https:\\\/\\\/changhongchemical.com\\\/product\\\/c-6-cas-355-42-0\\\/#breadcrumb\"},\"inLanguage\":\"tr\",\"potentialAction\":[{\"@type\":\"ReadAction\",\"target\":[\"https:\\\/\\\/changhongchemical.com\\\/product\\\/c-6-cas-355-42-0\\\/\"]}]},{\"@type\":\"ImageObject\",\"inLanguage\":\"tr\",\"@id\":\"https:\\\/\\\/changhongchemical.com\\\/product\\\/c-6-cas-355-42-0\\\/#primaryimage\",\"url\":\"https:\\\/\\\/changhongchemical.com\\\/wp-content\\\/uploads\\\/2025\\\/03\\\/C-6.jpg\",\"contentUrl\":\"https:\\\/\\\/changhongchemical.com\\\/wp-content\\\/uploads\\\/2025\\\/03\\\/C-6.jpg\",\"width\":300,\"height\":300},{\"@type\":\"BreadcrumbList\",\"@id\":\"https:\\\/\\\/changhongchemical.com\\\/product\\\/c-6-cas-355-42-0\\\/#breadcrumb\",\"itemListElement\":[{\"@type\":\"ListItem\",\"position\":1,\"name\":\"Home\",\"item\":\"https:\\\/\\\/changhongchemical.com\\\/\"},{\"@type\":\"ListItem\",\"position\":2,\"name\":\"Products Changhong\",\"item\":\"https:\\\/\\\/changhongchemical.com\\\/product\\\/\"},{\"@type\":\"ListItem\",\"position\":3,\"name\":\"CHLUMOFIUOR\u00ae C-6 Perfluorohexane CAS 355-42-0\"}]},{\"@type\":\"WebSite\",\"@id\":\"https:\\\/\\\/changhongchemical.com\\\/#website\",\"url\":\"https:\\\/\\\/changhongchemical.com\\\/\",\"name\":\"Changhong Chemical\",\"description\":\"China chemical manufacturer \uff06 supplier\",\"publisher\":{\"@id\":\"https:\\\/\\\/changhongchemical.com\\\/#organization\"},\"potentialAction\":[{\"@type\":\"SearchAction\",\"target\":{\"@type\":\"EntryPoint\",\"urlTemplate\":\"https:\\\/\\\/changhongchemical.com\\\/?s={search_term_string}\"},\"query-input\":{\"@type\":\"PropertyValueSpecification\",\"valueRequired\":true,\"valueName\":\"search_term_string\"}}],\"inLanguage\":\"tr\"},{\"@type\":\"Organization\",\"@id\":\"https:\\\/\\\/changhongchemical.com\\\/#organization\",\"name\":\"Changhong Chemical\",\"url\":\"https:\\\/\\\/changhongchemical.com\\\/\",\"logo\":{\"@type\":\"ImageObject\",\"inLanguage\":\"tr\",\"@id\":\"https:\\\/\\\/changhongchemical.com\\\/#\\\/schema\\\/logo\\\/image\\\/\",\"url\":\"https:\\\/\\\/changhongchemical.com\\\/wp-content\\\/uploads\\\/2020\\\/08\\\/cropped-longchang-logo.png\",\"contentUrl\":\"https:\\\/\\\/changhongchemical.com\\\/wp-content\\\/uploads\\\/2020\\\/08\\\/cropped-longchang-logo.png\",\"width\":512,\"height\":512,\"caption\":\"Changhong Chemical\"},\"image\":{\"@id\":\"https:\\\/\\\/changhongchemical.com\\\/#\\\/schema\\\/logo\\\/image\\\/\"}}]}<\/script>\n<!-- \/ Yoast SEO plugin. -->","yoast_head_json":{"title":"\u00c7in CHLUMOFIUOR\u00ae C-6 Perfluorohexane CAS 355-42-0 \u00dcretici - Changhong Chemical","description":"C-6 Perfluorohexane CAS No.: 355-42-0 Molecular Formula: CF3CF2CF2CF2CF2CF2CF3 Molecular weight: 338.04 EINECS No.: 206-585-0","robots":{"index":"index","follow":"follow","max-snippet":"max-snippet:-1","max-image-preview":"max-image-preview:large","max-video-preview":"max-video-preview:-1"},"canonical":"https:\/\/changhongchemical.com\/tr\/product\/c-6-cas-355-42-0\/","og_locale":"tr_TR","og_type":"article","og_title":"China CHLUMOFIUOR\u00ae C-6 Perfluorohexane CAS 355-42-0 Manufacturer - Changhong Chemical","og_description":"C-6 Perfluorohexane CAS No.: 355-42-0 Molecular Formula: CF3CF2CF2CF2CF2CF2CF3 Molecular weight: 338.04 EINECS No.: 206-585-0","og_url":"https:\/\/changhongchemical.com\/tr\/product\/c-6-cas-355-42-0\/","og_site_name":"Changhong Chemical","article_modified_time":"2026-01-08T07:16:53+00:00","og_image":[{"width":300,"height":300,"url":"https:\/\/changhongchemical.com\/wp-content\/uploads\/2025\/03\/C-6.jpg","type":"image\/jpeg"}],"twitter_card":"summary_large_image","twitter_misc":{"Tahmini okuma s\u00fcresi":"1 dakika"},"schema":{"@context":"https:\/\/schema.org","@graph":[{"@type":"WebPage","@id":"https:\/\/changhongchemical.com\/product\/c-6-cas-355-42-0\/","url":"https:\/\/changhongchemical.com\/product\/c-6-cas-355-42-0\/","name":"\u00c7in CHLUMOFIUOR\u00ae C-6 Perfluorohexane CAS 355-42-0 \u00dcretici - Changhong Chemical","isPartOf":{"@id":"https:\/\/changhongchemical.com\/#website"},"primaryImageOfPage":{"@id":"https:\/\/changhongchemical.com\/product\/c-6-cas-355-42-0\/#primaryimage"},"image":{"@id":"https:\/\/changhongchemical.com\/product\/c-6-cas-355-42-0\/#primaryimage"},"thumbnailUrl":"https:\/\/changhongchemical.com\/wp-content\/uploads\/2025\/03\/C-6.jpg","datePublished":"2025-03-25T07:48:06+00:00","dateModified":"2026-01-08T07:16:53+00:00","description":"C-6 Perfluorohexane CAS No.: 355-42-0 Molecular Formula: CF3CF2CF2CF2CF2CF2CF3 Molecular weight: 338.04 EINECS No.: 206-585-0","breadcrumb":{"@id":"https:\/\/changhongchemical.com\/product\/c-6-cas-355-42-0\/#breadcrumb"},"inLanguage":"tr","potentialAction":[{"@type":"ReadAction","target":["https:\/\/changhongchemical.com\/product\/c-6-cas-355-42-0\/"]}]},{"@type":"ImageObject","inLanguage":"tr","@id":"https:\/\/changhongchemical.com\/product\/c-6-cas-355-42-0\/#primaryimage","url":"https:\/\/changhongchemical.com\/wp-content\/uploads\/2025\/03\/C-6.jpg","contentUrl":"https:\/\/changhongchemical.com\/wp-content\/uploads\/2025\/03\/C-6.jpg","width":300,"height":300},{"@type":"BreadcrumbList","@id":"https:\/\/changhongchemical.com\/product\/c-6-cas-355-42-0\/#breadcrumb","itemListElement":[{"@type":"ListItem","position":1,"name":"Home","item":"https:\/\/changhongchemical.com\/"},{"@type":"ListItem","position":2,"name":"Products Changhong","item":"https:\/\/changhongchemical.com\/product\/"},{"@type":"ListItem","position":3,"name":"CHLUMOFIUOR\u00ae C-6 Perfluorohexane CAS 355-42-0"}]},{"@type":"WebSite","@id":"https:\/\/changhongchemical.com\/#website","url":"https:\/\/changhongchemical.com\/","name":"Longchang Kimya","description":"\u00c7in kimyasal \u00fcreticisi \uff06 tedarik\u00e7isi","publisher":{"@id":"https:\/\/changhongchemical.com\/#organization"},"potentialAction":[{"@type":"SearchAction","target":{"@type":"EntryPoint","urlTemplate":"https:\/\/changhongchemical.com\/?s={search_term_string}"},"query-input":{"@type":"PropertyValueSpecification","valueRequired":true,"valueName":"search_term_string"}}],"inLanguage":"tr"},{"@type":"Organization","@id":"https:\/\/changhongchemical.com\/#organization","name":"Longchang Kimya","url":"https:\/\/changhongchemical.com\/","logo":{"@type":"ImageObject","inLanguage":"tr","@id":"https:\/\/changhongchemical.com\/#\/schema\/logo\/image\/","url":"https:\/\/changhongchemical.com\/wp-content\/uploads\/2020\/08\/cropped-longchang-logo.png","contentUrl":"https:\/\/changhongchemical.com\/wp-content\/uploads\/2020\/08\/cropped-longchang-logo.png","width":512,"height":512,"caption":"Changhong Chemical"},"image":{"@id":"https:\/\/changhongchemical.com\/#\/schema\/logo\/image\/"}}]}},"_links":{"self":[{"href":"https:\/\/changhongchemical.com\/tr\/wp-json\/wp\/v2\/product\/8363","targetHints":{"allow":["GET"]}}],"collection":[{"href":"https:\/\/changhongchemical.com\/tr\/wp-json\/wp\/v2\/product"}],"about":[{"href":"https:\/\/changhongchemical.com\/tr\/wp-json\/wp\/v2\/types\/product"}],"replies":[{"embeddable":true,"href":"https:\/\/changhongchemical.com\/tr\/wp-json\/wp\/v2\/comments?post=8363"}],"wp:featuredmedia":[{"embeddable":true,"href":"https:\/\/changhongchemical.com\/tr\/wp-json\/wp\/v2\/media\/8364"}],"wp:attachment":[{"href":"https:\/\/changhongchemical.com\/tr\/wp-json\/wp\/v2\/media?parent=8363"}],"wp:term":[{"taxonomy":"product_brand","embeddable":true,"href":"https:\/\/changhongchemical.com\/tr\/wp-json\/wp\/v2\/product_brand?post=8363"},{"taxonomy":"product_cat","embeddable":true,"href":"https:\/\/changhongchemical.com\/tr\/wp-json\/wp\/v2\/product_cat?post=8363"},{"taxonomy":"product_tag","embeddable":true,"href":"https:\/\/changhongchemical.com\/tr\/wp-json\/wp\/v2\/product_tag?post=8363"}],"curies":[{"name":"wp","href":"https:\/\/api.w.org\/{rel}","templated":true}]}}