{"id":8350,"date":"2025-03-25T07:04:20","date_gmt":"2025-03-25T07:04:20","guid":{"rendered":"https:\/\/changhongchemical.com\/?post_type=product&#038;p=8350"},"modified":"2026-01-08T07:41:41","modified_gmt":"2026-01-08T07:41:41","slug":"cbr-8-cas-423-55-2","status":"publish","type":"product","link":"https:\/\/changhongchemical.com\/tr\/product\/cbr-8-cas-423-55-2\/","title":{"rendered":"CHLUMOFIUOR\u00ae CBr-8 Perfluorooctyl bromide CAS 423-55-2"},"content":{"rendered":"<p>Performans endeksi<br \/>\nG\u00f6r\u00fcn\u00fcm: renksiz s\u0131v\u0131<br \/>\nKaynama noktas\u0131 (\u00b0C): 140@760mmHg<br \/>\nErime noktas\u0131 (\u00b0C): 7.25<br \/>\nYo\u011funluk (g\/mL): 1,9366 @ 16 \u00b0C<br \/>\nK\u0131r\u0131lma \u0130ndisi: 1.296 @ 25 \u00b0C<br \/>\nParlama Noktas\u0131 (\u00b0C): &gt;105<br \/>\nSafl\u0131k (GC): &gt;99%<br \/>\nUygulama Alanlar\u0131<br \/>\nOrganik flor ara \u00fcr\u00fcnleri, farmas\u00f6tik ara \u00fcr\u00fcnler, malzeme ara \u00fcr\u00fcnleri; m\u00fckemmel oksijen ta\u015f\u0131ma kapasitesi ile t\u0131pta yapay kan, akci\u011fer s\u0131v\u0131 ventilasyon tedavisi (intrat\u00fcb\u00fcler emboli riskine neden olan kana gaz s\u0131z\u0131nt\u0131s\u0131n\u0131 \u00f6nlemek i\u00e7in yeterince d\u00fc\u015f\u00fck buhar bas\u0131nc\u0131) ve \u00e7e\u015fitli g\u00f6r\u00fcnt\u00fcleme t\u00fcrleri olarak kullan\u0131l\u0131r.<br \/>\nPaketleme ve depolama<br \/>\nBu \u00fcr\u00fcn 1L, 10L HDPE \u015fi\u015felerde\/varillerde ve 25L \u00e7elik-plastik kompozit varillerde paketlenmi\u015ftir. \u00dcr\u00fcn hava ge\u00e7irmez ko\u015fullarda havaland\u0131r\u0131lm\u0131\u015f ve serin bir yerde saklanmal\u0131d\u0131r, ayr\u0131nt\u0131lar i\u00e7in l\u00fctfen MSDS'ye bak\u0131n, raf \u00f6mr\u00fc bir y\u0131ld\u0131r.<\/p>\n<p>Di\u011fer Ad\u0131\uff1a<\/p>\n<p>1 - Bromoheptadecafluorooctane<\/p>\n<p>Heptadekafluorooktil brom\u00fcr<\/p>\n<p>Perflubron<\/p>\n<p>Heptadekafloro - n - oktil brom\u00fcr<\/p>\n<p>Perfloro - n - oktil brom\u00fcr<\/p>\n<h2><strong><b>\u015eimdi Bize Ula\u015f\u0131n!<\/b><\/strong><\/h2>\n<h4><strong><b>Fiyata ihtiyac\u0131n\u0131z varsa, l\u00fctfen a\u015fa\u011f\u0131daki forma ileti\u015fim bilgilerinizi doldurun, genellikle 24 saat i\u00e7inde sizinle ileti\u015fime ge\u00e7ece\u011fiz. Bana e-posta da g\u00f6nderebilirsiniz\u00a0<span style=\"color: #00ccff;\"><a style=\"color: #00ccff;\" href=\"mailto:info@changhongchemical.com\">info@changhongchemical.com<\/a><\/span>\u00a0\u00c7al\u0131\u015fma saatleri i\u00e7inde (8:30 - 6:00 UTC+8 Pzt.~Sat.) veya h\u0131zl\u0131 yan\u0131t almak i\u00e7in web sitesi canl\u0131 sohbetini kullan\u0131n.<\/b><\/strong><\/h4>","protected":false},"excerpt":{"rendered":"<p>CBr-8<br \/>\nPerflorooktil brom\u00fcr<br \/>\nCAS No: 423-55-2<br \/>\nMolek\u00fcler form\u00fcl: BrCF2CF2CF2CF2CF2CF2CF2CF2CF3<br \/>\nMolek\u00fcl a\u011f\u0131rl\u0131\u011f\u0131: 498,96<br \/>\nEINECS No.: 207-028-4<\/p>","protected":false},"featured_media":8351,"comment_status":"closed","ping_status":"closed","template":"","meta":[],"product_brand":[],"product_cat":[188],"product_tag":[],"class_list":{"0":"post-8350","1":"product","2":"type-product","3":"status-publish","4":"has-post-thumbnail","6":"product_cat-fluorinated-fine-chemicals","8":"first","9":"instock","10":"shipping-taxable","11":"product-type-simple"},"yoast_head":"<!-- This site is optimized with the Yoast SEO plugin v27.4 - https:\/\/yoast.com\/product\/yoast-seo-wordpress\/ -->\n<title>China CHLUMOFIUOR\u00ae CBr-8 Perfluorooctyl bromide CAS 423-55-2 Manufacturer - Changhong Chemical<\/title>\n<meta name=\"description\" content=\"CBr-8 Perfluorooctyl bromide CAS No.: 423-55-2 Molecular formula: BrCF2CF2CF2CF2CF2CF2CF2CF2CF3 Molecular weight: 498.96 EINECS No.: 207-028-4\" \/>\n<meta name=\"robots\" content=\"index, follow, max-snippet:-1, max-image-preview:large, max-video-preview:-1\" \/>\n<link rel=\"canonical\" href=\"https:\/\/changhongchemical.com\/tr\/product\/cbr-8-cas-423-55-2\/\" \/>\n<meta property=\"og:locale\" content=\"tr_TR\" \/>\n<meta property=\"og:type\" content=\"article\" \/>\n<meta property=\"og:title\" content=\"China CHLUMOFIUOR\u00ae CBr-8 Perfluorooctyl bromide CAS 423-55-2 Manufacturer - Changhong Chemical\" \/>\n<meta property=\"og:description\" content=\"CBr-8 Perfluorooctyl bromide CAS No.: 423-55-2 Molecular formula: BrCF2CF2CF2CF2CF2CF2CF2CF2CF3 Molecular weight: 498.96 EINECS No.: 207-028-4\" \/>\n<meta property=\"og:url\" content=\"https:\/\/changhongchemical.com\/tr\/product\/cbr-8-cas-423-55-2\/\" \/>\n<meta property=\"og:site_name\" content=\"Changhong Chemical\" \/>\n<meta property=\"article:modified_time\" content=\"2026-01-08T07:41:41+00:00\" \/>\n<meta property=\"og:image\" content=\"https:\/\/changhongchemical.com\/wp-content\/uploads\/2025\/03\/CBR-8.jpg\" \/>\n\t<meta property=\"og:image:width\" content=\"300\" \/>\n\t<meta property=\"og:image:height\" content=\"300\" \/>\n\t<meta property=\"og:image:type\" content=\"image\/jpeg\" \/>\n<meta name=\"twitter:card\" content=\"summary_large_image\" \/>\n<meta name=\"twitter:label1\" content=\"Tahmini okuma s\u00fcresi\" \/>\n\t<meta name=\"twitter:data1\" content=\"2 dakika\" \/>\n<script type=\"application\/ld+json\" class=\"yoast-schema-graph\">{\"@context\":\"https:\\\/\\\/schema.org\",\"@graph\":[{\"@type\":\"WebPage\",\"@id\":\"https:\\\/\\\/changhongchemical.com\\\/product\\\/cbr-8-cas-423-55-2\\\/\",\"url\":\"https:\\\/\\\/changhongchemical.com\\\/product\\\/cbr-8-cas-423-55-2\\\/\",\"name\":\"China CHLUMOFIUOR\u00ae CBr-8 Perfluorooctyl bromide CAS 423-55-2 Manufacturer - Changhong Chemical\",\"isPartOf\":{\"@id\":\"https:\\\/\\\/changhongchemical.com\\\/#website\"},\"primaryImageOfPage\":{\"@id\":\"https:\\\/\\\/changhongchemical.com\\\/product\\\/cbr-8-cas-423-55-2\\\/#primaryimage\"},\"image\":{\"@id\":\"https:\\\/\\\/changhongchemical.com\\\/product\\\/cbr-8-cas-423-55-2\\\/#primaryimage\"},\"thumbnailUrl\":\"https:\\\/\\\/changhongchemical.com\\\/wp-content\\\/uploads\\\/2025\\\/03\\\/CBR-8.jpg\",\"datePublished\":\"2025-03-25T07:04:20+00:00\",\"dateModified\":\"2026-01-08T07:41:41+00:00\",\"description\":\"CBr-8 Perfluorooctyl bromide CAS No.: 423-55-2 Molecular formula: BrCF2CF2CF2CF2CF2CF2CF2CF2CF3 Molecular weight: 498.96 EINECS No.: 207-028-4\",\"breadcrumb\":{\"@id\":\"https:\\\/\\\/changhongchemical.com\\\/product\\\/cbr-8-cas-423-55-2\\\/#breadcrumb\"},\"inLanguage\":\"tr\",\"potentialAction\":[{\"@type\":\"ReadAction\",\"target\":[\"https:\\\/\\\/changhongchemical.com\\\/product\\\/cbr-8-cas-423-55-2\\\/\"]}]},{\"@type\":\"ImageObject\",\"inLanguage\":\"tr\",\"@id\":\"https:\\\/\\\/changhongchemical.com\\\/product\\\/cbr-8-cas-423-55-2\\\/#primaryimage\",\"url\":\"https:\\\/\\\/changhongchemical.com\\\/wp-content\\\/uploads\\\/2025\\\/03\\\/CBR-8.jpg\",\"contentUrl\":\"https:\\\/\\\/changhongchemical.com\\\/wp-content\\\/uploads\\\/2025\\\/03\\\/CBR-8.jpg\",\"width\":300,\"height\":300},{\"@type\":\"BreadcrumbList\",\"@id\":\"https:\\\/\\\/changhongchemical.com\\\/product\\\/cbr-8-cas-423-55-2\\\/#breadcrumb\",\"itemListElement\":[{\"@type\":\"ListItem\",\"position\":1,\"name\":\"Home\",\"item\":\"https:\\\/\\\/changhongchemical.com\\\/\"},{\"@type\":\"ListItem\",\"position\":2,\"name\":\"Products Changhong\",\"item\":\"https:\\\/\\\/changhongchemical.com\\\/product\\\/\"},{\"@type\":\"ListItem\",\"position\":3,\"name\":\"CHLUMOFIUOR\u00ae CBr-8 Perfluorooctyl bromide CAS 423-55-2\"}]},{\"@type\":\"WebSite\",\"@id\":\"https:\\\/\\\/changhongchemical.com\\\/#website\",\"url\":\"https:\\\/\\\/changhongchemical.com\\\/\",\"name\":\"Changhong Chemical\",\"description\":\"China chemical manufacturer \uff06 supplier\",\"publisher\":{\"@id\":\"https:\\\/\\\/changhongchemical.com\\\/#organization\"},\"potentialAction\":[{\"@type\":\"SearchAction\",\"target\":{\"@type\":\"EntryPoint\",\"urlTemplate\":\"https:\\\/\\\/changhongchemical.com\\\/?s={search_term_string}\"},\"query-input\":{\"@type\":\"PropertyValueSpecification\",\"valueRequired\":true,\"valueName\":\"search_term_string\"}}],\"inLanguage\":\"tr\"},{\"@type\":\"Organization\",\"@id\":\"https:\\\/\\\/changhongchemical.com\\\/#organization\",\"name\":\"Changhong Chemical\",\"url\":\"https:\\\/\\\/changhongchemical.com\\\/\",\"logo\":{\"@type\":\"ImageObject\",\"inLanguage\":\"tr\",\"@id\":\"https:\\\/\\\/changhongchemical.com\\\/#\\\/schema\\\/logo\\\/image\\\/\",\"url\":\"https:\\\/\\\/changhongchemical.com\\\/wp-content\\\/uploads\\\/2020\\\/08\\\/cropped-longchang-logo.png\",\"contentUrl\":\"https:\\\/\\\/changhongchemical.com\\\/wp-content\\\/uploads\\\/2020\\\/08\\\/cropped-longchang-logo.png\",\"width\":512,\"height\":512,\"caption\":\"Changhong Chemical\"},\"image\":{\"@id\":\"https:\\\/\\\/changhongchemical.com\\\/#\\\/schema\\\/logo\\\/image\\\/\"}}]}<\/script>\n<!-- \/ Yoast SEO plugin. -->","yoast_head_json":{"title":"\u00c7in CHLUMOFIUOR\u00ae CBr-8 Perfluorooctyl bromide CAS 423-55-2 \u00dcretici - Changhong Chemical","description":"CBr-8 Perfluorooctyl bromide CAS No.: 423-55-2 Molecular formula: BrCF2CF2CF2CF2CF2CF2CF2CF2CF3 Molecular weight: 498.96 EINECS No.: 207-028-4","robots":{"index":"index","follow":"follow","max-snippet":"max-snippet:-1","max-image-preview":"max-image-preview:large","max-video-preview":"max-video-preview:-1"},"canonical":"https:\/\/changhongchemical.com\/tr\/product\/cbr-8-cas-423-55-2\/","og_locale":"tr_TR","og_type":"article","og_title":"China CHLUMOFIUOR\u00ae CBr-8 Perfluorooctyl bromide CAS 423-55-2 Manufacturer - Changhong Chemical","og_description":"CBr-8 Perfluorooctyl bromide CAS No.: 423-55-2 Molecular formula: BrCF2CF2CF2CF2CF2CF2CF2CF2CF3 Molecular weight: 498.96 EINECS No.: 207-028-4","og_url":"https:\/\/changhongchemical.com\/tr\/product\/cbr-8-cas-423-55-2\/","og_site_name":"Changhong Chemical","article_modified_time":"2026-01-08T07:41:41+00:00","og_image":[{"width":300,"height":300,"url":"https:\/\/changhongchemical.com\/wp-content\/uploads\/2025\/03\/CBR-8.jpg","type":"image\/jpeg"}],"twitter_card":"summary_large_image","twitter_misc":{"Tahmini okuma s\u00fcresi":"2 dakika"},"schema":{"@context":"https:\/\/schema.org","@graph":[{"@type":"WebPage","@id":"https:\/\/changhongchemical.com\/product\/cbr-8-cas-423-55-2\/","url":"https:\/\/changhongchemical.com\/product\/cbr-8-cas-423-55-2\/","name":"\u00c7in CHLUMOFIUOR\u00ae CBr-8 Perfluorooctyl bromide CAS 423-55-2 \u00dcretici - Changhong Chemical","isPartOf":{"@id":"https:\/\/changhongchemical.com\/#website"},"primaryImageOfPage":{"@id":"https:\/\/changhongchemical.com\/product\/cbr-8-cas-423-55-2\/#primaryimage"},"image":{"@id":"https:\/\/changhongchemical.com\/product\/cbr-8-cas-423-55-2\/#primaryimage"},"thumbnailUrl":"https:\/\/changhongchemical.com\/wp-content\/uploads\/2025\/03\/CBR-8.jpg","datePublished":"2025-03-25T07:04:20+00:00","dateModified":"2026-01-08T07:41:41+00:00","description":"CBr-8 Perfluorooctyl bromide CAS No.: 423-55-2 Molecular formula: BrCF2CF2CF2CF2CF2CF2CF2CF2CF3 Molecular weight: 498.96 EINECS No.: 207-028-4","breadcrumb":{"@id":"https:\/\/changhongchemical.com\/product\/cbr-8-cas-423-55-2\/#breadcrumb"},"inLanguage":"tr","potentialAction":[{"@type":"ReadAction","target":["https:\/\/changhongchemical.com\/product\/cbr-8-cas-423-55-2\/"]}]},{"@type":"ImageObject","inLanguage":"tr","@id":"https:\/\/changhongchemical.com\/product\/cbr-8-cas-423-55-2\/#primaryimage","url":"https:\/\/changhongchemical.com\/wp-content\/uploads\/2025\/03\/CBR-8.jpg","contentUrl":"https:\/\/changhongchemical.com\/wp-content\/uploads\/2025\/03\/CBR-8.jpg","width":300,"height":300},{"@type":"BreadcrumbList","@id":"https:\/\/changhongchemical.com\/product\/cbr-8-cas-423-55-2\/#breadcrumb","itemListElement":[{"@type":"ListItem","position":1,"name":"Home","item":"https:\/\/changhongchemical.com\/"},{"@type":"ListItem","position":2,"name":"Products Changhong","item":"https:\/\/changhongchemical.com\/product\/"},{"@type":"ListItem","position":3,"name":"CHLUMOFIUOR\u00ae CBr-8 Perfluorooctyl bromide CAS 423-55-2"}]},{"@type":"WebSite","@id":"https:\/\/changhongchemical.com\/#website","url":"https:\/\/changhongchemical.com\/","name":"Longchang Kimya","description":"\u00c7in kimyasal \u00fcreticisi \uff06 tedarik\u00e7isi","publisher":{"@id":"https:\/\/changhongchemical.com\/#organization"},"potentialAction":[{"@type":"SearchAction","target":{"@type":"EntryPoint","urlTemplate":"https:\/\/changhongchemical.com\/?s={search_term_string}"},"query-input":{"@type":"PropertyValueSpecification","valueRequired":true,"valueName":"search_term_string"}}],"inLanguage":"tr"},{"@type":"Organization","@id":"https:\/\/changhongchemical.com\/#organization","name":"Longchang Kimya","url":"https:\/\/changhongchemical.com\/","logo":{"@type":"ImageObject","inLanguage":"tr","@id":"https:\/\/changhongchemical.com\/#\/schema\/logo\/image\/","url":"https:\/\/changhongchemical.com\/wp-content\/uploads\/2020\/08\/cropped-longchang-logo.png","contentUrl":"https:\/\/changhongchemical.com\/wp-content\/uploads\/2020\/08\/cropped-longchang-logo.png","width":512,"height":512,"caption":"Changhong Chemical"},"image":{"@id":"https:\/\/changhongchemical.com\/#\/schema\/logo\/image\/"}}]}},"_links":{"self":[{"href":"https:\/\/changhongchemical.com\/tr\/wp-json\/wp\/v2\/product\/8350","targetHints":{"allow":["GET"]}}],"collection":[{"href":"https:\/\/changhongchemical.com\/tr\/wp-json\/wp\/v2\/product"}],"about":[{"href":"https:\/\/changhongchemical.com\/tr\/wp-json\/wp\/v2\/types\/product"}],"replies":[{"embeddable":true,"href":"https:\/\/changhongchemical.com\/tr\/wp-json\/wp\/v2\/comments?post=8350"}],"wp:featuredmedia":[{"embeddable":true,"href":"https:\/\/changhongchemical.com\/tr\/wp-json\/wp\/v2\/media\/8351"}],"wp:attachment":[{"href":"https:\/\/changhongchemical.com\/tr\/wp-json\/wp\/v2\/media?parent=8350"}],"wp:term":[{"taxonomy":"product_brand","embeddable":true,"href":"https:\/\/changhongchemical.com\/tr\/wp-json\/wp\/v2\/product_brand?post=8350"},{"taxonomy":"product_cat","embeddable":true,"href":"https:\/\/changhongchemical.com\/tr\/wp-json\/wp\/v2\/product_cat?post=8350"},{"taxonomy":"product_tag","embeddable":true,"href":"https:\/\/changhongchemical.com\/tr\/wp-json\/wp\/v2\/product_tag?post=8350"}],"curies":[{"name":"wp","href":"https:\/\/api.w.org\/{rel}","templated":true}]}}