{"id":8198,"date":"2025-03-24T04:30:48","date_gmt":"2025-03-24T04:30:48","guid":{"rendered":"https:\/\/changhongchemical.com\/?post_type=product&#038;p=8198"},"modified":"2025-05-12T02:58:11","modified_gmt":"2025-05-12T02:58:11","slug":"ch-101","status":"publish","type":"product","link":"https:\/\/changhongchemical.com\/tr\/product\/ch-101\/","title":{"rendered":"CHLUMOFIUOR\u00ae CH-101 su bazl\u0131 tek bile\u015fenli florokarbon em\u00fclsiyonu"},"content":{"rendered":"<p>Performans endeksi:<\/p>\n<p>G\u00f6r\u00fcn\u00fcm: s\u00fct beyaz\u0131 s\u0131v\u0131<\/p>\n<p>Kat\u0131 flor i\u00e7eri\u011fi (%): 10\u00b11<\/p>\n<p>Kat\u0131 madde i\u00e7eri\u011fi (%): 45\u00b11<\/p>\n<p>Cam ge\u00e7i\u015f s\u0131cakl\u0131\u011f\u0131 (\u00b0C): 25\u00b15<\/p>\n<p>Viskozite (S): 10\uff5e20 (23\u00b12\u00b0C, kaplanm\u0131\u015f-4 bardak)<\/p>\n<p>Yo\u011funluk (g\/mL): 1,1\u00b10,05@20\u00b0C<\/p>\n<p>pH: 6,5\uff5e8<\/p>\n<p>Mekanik stabilite: Anormallik yok (3000r\/dk, 0,5 saat)<\/p>\n<p>\u0130yonik \u00f6zellikler: anyonik<\/p>\n<p>&nbsp;<\/p>\n<p>\u00dcr\u00fcn \u00d6zellikleri.<\/p>\n<p>Ultra uzun hava ko\u015fullar\u0131na dayan\u0131kl\u0131l\u0131k, m\u00fckemmel kir direnci, \u00e7ok d\u00fc\u015f\u00fck VOC emisyonu, ye\u015fil \u00e7evre koruma, iyi in\u015fa edilebilirlik; haddelenebilir, f\u0131r\u00e7alanabilir, p\u00fcsk\u00fcrt\u00fclebilir veya havas\u0131z p\u00fcsk\u00fcrt\u00fclebilir<\/p>\n<p>Uygulama alanlar\u0131: binalar\u0131n i\u00e7 ve d\u0131\u015f duvarlar\u0131, \u00e7imento, seramik vb.<\/p>\n<p>Binalar\u0131n i\u00e7 ve d\u0131\u015f duvarlar\u0131n\u0131n korunmas\u0131 ve dekorasyonu, \u00e7imento, seramik, metal, ah\u015fap ve s\u0131r \u00fcst\u00fc.<\/p>\n<p>Paketleme ve Depolama.<\/p>\n<p>Bu \u00fcr\u00fcn\u00fcn ambalaj \u00f6zellikleri s\u0131ras\u0131yla 25Kg\/varil ve 200Kg\/varildir. \u00dcr\u00fcn kapal\u0131 kaplarda 5-30\u00b0C s\u0131cakl\u0131kta saklanmal\u0131, donma ve y\u00fcksek s\u0131cakl\u0131ktan ka\u00e7\u0131n\u0131lmal\u0131, raf \u00f6mr\u00fc 1 y\u0131l olmal\u0131d\u0131r.<\/p>\n<p>Di\u011fer ad\u0131:<\/p>\n<p>Tek bile\u015fenli su bazl\u0131 florokarbon em\u00fclsiyonu<\/p>\n<p>Tek bile\u015fenli su bazl\u0131 florokarbon em\u00fclsiyonu<\/p>\n<p>Su bazl\u0131 tek paket florokarbon em\u00fclsiyon<\/p>\n<p>Su bazl\u0131 florokarbon tek bile\u015fenli em\u00fclsiyon<\/p>\n<h2><strong><b>\u015eimdi Bize Ula\u015f\u0131n!<\/b><\/strong><\/h2>\n<h4><strong><b>Fiyata ihtiyac\u0131n\u0131z varsa, l\u00fctfen a\u015fa\u011f\u0131daki forma ileti\u015fim bilgilerinizi doldurun, genellikle 24 saat i\u00e7inde sizinle ileti\u015fime ge\u00e7ece\u011fiz. Bana e-posta da g\u00f6nderebilirsiniz\u00a0<span style=\"color: #00ccff;\"><a style=\"color: #00ccff;\" href=\"mailto:info@changhongchemical.com\">info@changhongchemical.com<\/a><\/span>\u00a0\u00c7al\u0131\u015fma saatleri i\u00e7inde (8:30 - 6:00 UTC+8 Pzt.~Sat.) veya h\u0131zl\u0131 yan\u0131t almak i\u00e7in web sitesi canl\u0131 sohbetini kullan\u0131n.<\/b><\/strong><\/h4>","protected":false},"excerpt":{"rendered":"<p>CH-101 su bazl\u0131 tek bile\u015fenli florokarbon em\u00fclsiyonu, flor i\u00e7eren monomer, olefinik monomer ve fonksiyonel monomerin bir kopolimeridir; tohum em\u00fclsiyon polimerizasyon teknolojisi ile \u00fcretilen sert \u00e7ekirdekli ve yumu\u015fak kabuklu kompozit yap\u0131ya sahip bir polimer em\u00fclsiyonudur. Bu florokarbon em\u00fclsiyonu ile haz\u0131rlanan su bazl\u0131 florokarbon kaplama, ultra uzun hava direnci, UV direnci, m\u00fckemmel su beyazl\u0131\u011f\u0131 direnci, asit, alkali ve tuz korozyon direncine sahiptir ve asit ya\u011fmuru, atmosferik kirlilik ve deniz tuzu spreyi korozyon ko\u015fullar\u0131 alt\u0131nda de\u011fi\u015fmez. Son derece d\u00fc\u015f\u00fck VOC emisyonu, ye\u015fil \u00e7evre koruma, iyi in\u015faat performans\u0131 vb. \u00f6zellikle dekoratif ve \u00f6rt\u00fc \u0131\u015f\u0131\u011f\u0131n\u0131n i\u00e7 ve d\u0131\u015f duvarlar\u0131n\u0131n korunmas\u0131 i\u00e7in uygundur, koruma s\u00fcresi 20 y\u0131la kadar \u00e7\u0131kabilir.<\/p>","protected":false},"featured_media":8199,"comment_status":"closed","ping_status":"closed","template":"","meta":[],"product_brand":[],"product_cat":[186],"product_tag":[],"class_list":{"0":"post-8198","1":"product","2":"type-product","3":"status-publish","4":"has-post-thumbnail","6":"product_cat-fluorocarbon-resin","8":"first","9":"instock","10":"shipping-taxable","11":"product-type-simple"},"yoast_head":"<!-- This site is optimized with the Yoast SEO plugin v27.4 - https:\/\/yoast.com\/product\/yoast-seo-wordpress\/ -->\n<title>China CHLUMOFIUOR\u00ae CH-101 waterborne one-component fluorocarbon emulsion Manufacturer - Changhong Chemical<\/title>\n<meta name=\"description\" content=\"CH-101 waterborne one-component fluorocarbon emulsion is a copolymer of fluorine-containing monomer, olefinic monomer and functional monomer; it is a...\" \/>\n<meta name=\"robots\" content=\"index, follow, max-snippet:-1, max-image-preview:large, max-video-preview:-1\" \/>\n<link rel=\"canonical\" href=\"https:\/\/changhongchemical.com\/tr\/product\/ch-101\/\" \/>\n<meta property=\"og:locale\" content=\"tr_TR\" \/>\n<meta property=\"og:type\" content=\"article\" \/>\n<meta property=\"og:title\" content=\"China CHLUMOFIUOR\u00ae CH-101 waterborne one-component fluorocarbon emulsion Manufacturer - Changhong Chemical\" \/>\n<meta property=\"og:description\" content=\"CH-101 waterborne one-component fluorocarbon emulsion is a copolymer of fluorine-containing monomer, olefinic monomer and functional monomer; it is a...\" \/>\n<meta property=\"og:url\" content=\"https:\/\/changhongchemical.com\/tr\/product\/ch-101\/\" \/>\n<meta property=\"og:site_name\" content=\"Changhong Chemical\" \/>\n<meta property=\"article:modified_time\" content=\"2025-05-12T02:58:11+00:00\" \/>\n<meta property=\"og:image\" content=\"https:\/\/changhongchemical.com\/wp-content\/uploads\/2025\/03\/CH-101.jpg\" \/>\n\t<meta property=\"og:image:width\" content=\"600\" \/>\n\t<meta property=\"og:image:height\" content=\"600\" \/>\n\t<meta property=\"og:image:type\" content=\"image\/jpeg\" \/>\n<meta name=\"twitter:card\" content=\"summary_large_image\" \/>\n<meta name=\"twitter:label1\" content=\"Tahmini okuma s\u00fcresi\" \/>\n\t<meta name=\"twitter:data1\" content=\"2 dakika\" \/>\n<script type=\"application\/ld+json\" class=\"yoast-schema-graph\">{\"@context\":\"https:\\\/\\\/schema.org\",\"@graph\":[{\"@type\":\"WebPage\",\"@id\":\"https:\\\/\\\/changhongchemical.com\\\/product\\\/ch-101\\\/\",\"url\":\"https:\\\/\\\/changhongchemical.com\\\/product\\\/ch-101\\\/\",\"name\":\"China CHLUMOFIUOR\u00ae CH-101 waterborne one-component fluorocarbon emulsion Manufacturer - Changhong Chemical\",\"isPartOf\":{\"@id\":\"https:\\\/\\\/changhongchemical.com\\\/#website\"},\"primaryImageOfPage\":{\"@id\":\"https:\\\/\\\/changhongchemical.com\\\/product\\\/ch-101\\\/#primaryimage\"},\"image\":{\"@id\":\"https:\\\/\\\/changhongchemical.com\\\/product\\\/ch-101\\\/#primaryimage\"},\"thumbnailUrl\":\"https:\\\/\\\/changhongchemical.com\\\/wp-content\\\/uploads\\\/2025\\\/03\\\/CH-101.jpg\",\"datePublished\":\"2025-03-24T04:30:48+00:00\",\"dateModified\":\"2025-05-12T02:58:11+00:00\",\"description\":\"CH-101 waterborne one-component fluorocarbon emulsion is a copolymer of fluorine-containing monomer, olefinic monomer and functional monomer; it is a...\",\"breadcrumb\":{\"@id\":\"https:\\\/\\\/changhongchemical.com\\\/product\\\/ch-101\\\/#breadcrumb\"},\"inLanguage\":\"tr\",\"potentialAction\":[{\"@type\":\"ReadAction\",\"target\":[\"https:\\\/\\\/changhongchemical.com\\\/product\\\/ch-101\\\/\"]}]},{\"@type\":\"ImageObject\",\"inLanguage\":\"tr\",\"@id\":\"https:\\\/\\\/changhongchemical.com\\\/product\\\/ch-101\\\/#primaryimage\",\"url\":\"https:\\\/\\\/changhongchemical.com\\\/wp-content\\\/uploads\\\/2025\\\/03\\\/CH-101.jpg\",\"contentUrl\":\"https:\\\/\\\/changhongchemical.com\\\/wp-content\\\/uploads\\\/2025\\\/03\\\/CH-101.jpg\",\"width\":600,\"height\":600},{\"@type\":\"BreadcrumbList\",\"@id\":\"https:\\\/\\\/changhongchemical.com\\\/product\\\/ch-101\\\/#breadcrumb\",\"itemListElement\":[{\"@type\":\"ListItem\",\"position\":1,\"name\":\"Home\",\"item\":\"https:\\\/\\\/changhongchemical.com\\\/\"},{\"@type\":\"ListItem\",\"position\":2,\"name\":\"Products Changhong\",\"item\":\"https:\\\/\\\/changhongchemical.com\\\/product\\\/\"},{\"@type\":\"ListItem\",\"position\":3,\"name\":\"CHLUMOFIUOR\u00ae CH-101 waterborne one-component fluorocarbon emulsion\"}]},{\"@type\":\"WebSite\",\"@id\":\"https:\\\/\\\/changhongchemical.com\\\/#website\",\"url\":\"https:\\\/\\\/changhongchemical.com\\\/\",\"name\":\"Changhong Chemical\",\"description\":\"China chemical manufacturer \uff06 supplier\",\"publisher\":{\"@id\":\"https:\\\/\\\/changhongchemical.com\\\/#organization\"},\"potentialAction\":[{\"@type\":\"SearchAction\",\"target\":{\"@type\":\"EntryPoint\",\"urlTemplate\":\"https:\\\/\\\/changhongchemical.com\\\/?s={search_term_string}\"},\"query-input\":{\"@type\":\"PropertyValueSpecification\",\"valueRequired\":true,\"valueName\":\"search_term_string\"}}],\"inLanguage\":\"tr\"},{\"@type\":\"Organization\",\"@id\":\"https:\\\/\\\/changhongchemical.com\\\/#organization\",\"name\":\"Changhong Chemical\",\"url\":\"https:\\\/\\\/changhongchemical.com\\\/\",\"logo\":{\"@type\":\"ImageObject\",\"inLanguage\":\"tr\",\"@id\":\"https:\\\/\\\/changhongchemical.com\\\/#\\\/schema\\\/logo\\\/image\\\/\",\"url\":\"https:\\\/\\\/changhongchemical.com\\\/wp-content\\\/uploads\\\/2020\\\/08\\\/cropped-longchang-logo.png\",\"contentUrl\":\"https:\\\/\\\/changhongchemical.com\\\/wp-content\\\/uploads\\\/2020\\\/08\\\/cropped-longchang-logo.png\",\"width\":512,\"height\":512,\"caption\":\"Changhong Chemical\"},\"image\":{\"@id\":\"https:\\\/\\\/changhongchemical.com\\\/#\\\/schema\\\/logo\\\/image\\\/\"}}]}<\/script>\n<!-- \/ Yoast SEO plugin. -->","yoast_head_json":{"title":"\u00c7in CHLUMOFIUOR\u00ae CH-101 su bazl\u0131 tek bile\u015fenli florokarbon em\u00fclsiyon \u00dcreticisi - Changhong Chemical","description":"CH-101 waterborne one-component fluorocarbon emulsion is a copolymer of fluorine-containing monomer, olefinic monomer and functional monomer; it is a...","robots":{"index":"index","follow":"follow","max-snippet":"max-snippet:-1","max-image-preview":"max-image-preview:large","max-video-preview":"max-video-preview:-1"},"canonical":"https:\/\/changhongchemical.com\/tr\/product\/ch-101\/","og_locale":"tr_TR","og_type":"article","og_title":"China CHLUMOFIUOR\u00ae CH-101 waterborne one-component fluorocarbon emulsion Manufacturer - Changhong Chemical","og_description":"CH-101 waterborne one-component fluorocarbon emulsion is a copolymer of fluorine-containing monomer, olefinic monomer and functional monomer; it is a...","og_url":"https:\/\/changhongchemical.com\/tr\/product\/ch-101\/","og_site_name":"Changhong Chemical","article_modified_time":"2025-05-12T02:58:11+00:00","og_image":[{"width":600,"height":600,"url":"https:\/\/changhongchemical.com\/wp-content\/uploads\/2025\/03\/CH-101.jpg","type":"image\/jpeg"}],"twitter_card":"summary_large_image","twitter_misc":{"Tahmini okuma s\u00fcresi":"2 dakika"},"schema":{"@context":"https:\/\/schema.org","@graph":[{"@type":"WebPage","@id":"https:\/\/changhongchemical.com\/product\/ch-101\/","url":"https:\/\/changhongchemical.com\/product\/ch-101\/","name":"\u00c7in CHLUMOFIUOR\u00ae CH-101 su bazl\u0131 tek bile\u015fenli florokarbon em\u00fclsiyon \u00dcreticisi - Changhong Chemical","isPartOf":{"@id":"https:\/\/changhongchemical.com\/#website"},"primaryImageOfPage":{"@id":"https:\/\/changhongchemical.com\/product\/ch-101\/#primaryimage"},"image":{"@id":"https:\/\/changhongchemical.com\/product\/ch-101\/#primaryimage"},"thumbnailUrl":"https:\/\/changhongchemical.com\/wp-content\/uploads\/2025\/03\/CH-101.jpg","datePublished":"2025-03-24T04:30:48+00:00","dateModified":"2025-05-12T02:58:11+00:00","description":"CH-101 waterborne one-component fluorocarbon emulsion is a copolymer of fluorine-containing monomer, olefinic monomer and functional monomer; it is a...","breadcrumb":{"@id":"https:\/\/changhongchemical.com\/product\/ch-101\/#breadcrumb"},"inLanguage":"tr","potentialAction":[{"@type":"ReadAction","target":["https:\/\/changhongchemical.com\/product\/ch-101\/"]}]},{"@type":"ImageObject","inLanguage":"tr","@id":"https:\/\/changhongchemical.com\/product\/ch-101\/#primaryimage","url":"https:\/\/changhongchemical.com\/wp-content\/uploads\/2025\/03\/CH-101.jpg","contentUrl":"https:\/\/changhongchemical.com\/wp-content\/uploads\/2025\/03\/CH-101.jpg","width":600,"height":600},{"@type":"BreadcrumbList","@id":"https:\/\/changhongchemical.com\/product\/ch-101\/#breadcrumb","itemListElement":[{"@type":"ListItem","position":1,"name":"Home","item":"https:\/\/changhongchemical.com\/"},{"@type":"ListItem","position":2,"name":"Products Changhong","item":"https:\/\/changhongchemical.com\/product\/"},{"@type":"ListItem","position":3,"name":"CHLUMOFIUOR\u00ae CH-101 waterborne one-component fluorocarbon emulsion"}]},{"@type":"WebSite","@id":"https:\/\/changhongchemical.com\/#website","url":"https:\/\/changhongchemical.com\/","name":"Longchang Kimya","description":"\u00c7in kimyasal \u00fcreticisi \uff06 tedarik\u00e7isi","publisher":{"@id":"https:\/\/changhongchemical.com\/#organization"},"potentialAction":[{"@type":"SearchAction","target":{"@type":"EntryPoint","urlTemplate":"https:\/\/changhongchemical.com\/?s={search_term_string}"},"query-input":{"@type":"PropertyValueSpecification","valueRequired":true,"valueName":"search_term_string"}}],"inLanguage":"tr"},{"@type":"Organization","@id":"https:\/\/changhongchemical.com\/#organization","name":"Longchang Kimya","url":"https:\/\/changhongchemical.com\/","logo":{"@type":"ImageObject","inLanguage":"tr","@id":"https:\/\/changhongchemical.com\/#\/schema\/logo\/image\/","url":"https:\/\/changhongchemical.com\/wp-content\/uploads\/2020\/08\/cropped-longchang-logo.png","contentUrl":"https:\/\/changhongchemical.com\/wp-content\/uploads\/2020\/08\/cropped-longchang-logo.png","width":512,"height":512,"caption":"Changhong Chemical"},"image":{"@id":"https:\/\/changhongchemical.com\/#\/schema\/logo\/image\/"}}]}},"_links":{"self":[{"href":"https:\/\/changhongchemical.com\/tr\/wp-json\/wp\/v2\/product\/8198","targetHints":{"allow":["GET"]}}],"collection":[{"href":"https:\/\/changhongchemical.com\/tr\/wp-json\/wp\/v2\/product"}],"about":[{"href":"https:\/\/changhongchemical.com\/tr\/wp-json\/wp\/v2\/types\/product"}],"replies":[{"embeddable":true,"href":"https:\/\/changhongchemical.com\/tr\/wp-json\/wp\/v2\/comments?post=8198"}],"wp:featuredmedia":[{"embeddable":true,"href":"https:\/\/changhongchemical.com\/tr\/wp-json\/wp\/v2\/media\/8199"}],"wp:attachment":[{"href":"https:\/\/changhongchemical.com\/tr\/wp-json\/wp\/v2\/media?parent=8198"}],"wp:term":[{"taxonomy":"product_brand","embeddable":true,"href":"https:\/\/changhongchemical.com\/tr\/wp-json\/wp\/v2\/product_brand?post=8198"},{"taxonomy":"product_cat","embeddable":true,"href":"https:\/\/changhongchemical.com\/tr\/wp-json\/wp\/v2\/product_cat?post=8198"},{"taxonomy":"product_tag","embeddable":true,"href":"https:\/\/changhongchemical.com\/tr\/wp-json\/wp\/v2\/product_tag?post=8198"}],"curies":[{"name":"wp","href":"https:\/\/api.w.org\/{rel}","templated":true}]}}