{"id":8193,"date":"2025-03-24T04:17:38","date_gmt":"2025-03-24T04:17:38","guid":{"rendered":"https:\/\/changhongchemical.com\/?post_type=product&#038;p=8193"},"modified":"2025-05-12T02:58:53","modified_gmt":"2025-05-12T02:58:53","slug":"ch-201","status":"publish","type":"product","link":"https:\/\/changhongchemical.com\/tr\/product\/ch-201\/","title":{"rendered":"CHLUMOFIUOR\u00ae CH-201 FEVE sulu re\u00e7ine dispersiyonu"},"content":{"rendered":"<p>Performans endeksi:<br \/>\nG\u00f6r\u00fcn\u00fcm: s\u00fct beyaz\u0131 s\u0131v\u0131<br \/>\nKat\u0131 flor i\u00e7eri\u011fi (%): 24\u00b12<br \/>\nKat\u0131 madde i\u00e7eri\u011fi (%): 40\u00b12<br \/>\nYo\u011funluk (g\/mL): 1,1\u00b10,05@20\u00b0C<br \/>\nHidroksil de\u011feri (mgKOH\/g): 60\u00b15<br \/>\npH de\u011feri:7.0\uff5e8.0<\/p>\n<p>\u00dcr\u00fcn \u00d6zellikleri.<br \/>\nM\u00fckemmel hava ko\u015fullar\u0131na dayan\u0131kl\u0131l\u0131k, leke direnci, sararmama, y\u00fcksek parlakl\u0131k, tuz p\u00fcsk\u00fcrtme direnci, a\u015f\u0131nma direnci<br \/>\nUygulama alanlar\u0131: \u00dcr\u00fcn perde duvar, profil ve di\u011fer end\u00fcstrilerde kullan\u0131l\u0131r.<br \/>\nPerde duvarlarda, profillerde, korozyon \u00f6nleyici, beton koruma ve di\u011fer d\u0131\u015f mekan y\u00fcksek hava ko\u015fullar\u0131na dayan\u0131kl\u0131 dekoratif alanlarda kullan\u0131l\u0131r.<br \/>\nPaketleme ve Depolama.<br \/>\nBu \u00fcr\u00fcn 200Kg\/varil olarak paketlenmi\u015ftir. \u00dcr\u00fcn kapal\u0131 kaplarda saklanmal\u0131, donma ve y\u00fcksek s\u0131cakl\u0131ktan ka\u00e7\u0131n\u0131lmal\u0131, saklama s\u0131cakl\u0131\u011f\u0131 5 ~ 30 \u2103, raf \u00f6mr\u00fc bir y\u0131l olmal\u0131d\u0131r.<\/p>\n<p>Di\u011fer Ad\u0131\uff1a<\/p>\n<p>FEVE su bazl\u0131 re\u00e7ine dispersiyonu<\/p>\n<p>FEVE sulu re\u00e7ine em\u00fclsiyonu<\/p>\n<p>FEVE sulu re\u00e7ine dispersiyonu<\/p>\n<p>FEVE su bazl\u0131 re\u00e7ine dispersiyonu<\/p>\n<h2><strong><b>\u015eimdi Bize Ula\u015f\u0131n!<\/b><\/strong><\/h2>\n<h4><strong><b>Fiyata ihtiyac\u0131n\u0131z varsa, l\u00fctfen a\u015fa\u011f\u0131daki forma ileti\u015fim bilgilerinizi doldurun, genellikle 24 saat i\u00e7inde sizinle ileti\u015fime ge\u00e7ece\u011fiz. Bana e-posta da g\u00f6nderebilirsiniz\u00a0<span style=\"color: #00ccff;\"><a style=\"color: #00ccff;\" href=\"mailto:info@changhongchemical.com\">info@changhongchemical.com<\/a><\/span>\u00a0\u00c7al\u0131\u015fma saatleri i\u00e7inde (8:30 - 6:00 UTC+8 Pzt.~Sat.) veya h\u0131zl\u0131 yan\u0131t almak i\u00e7in web sitesi canl\u0131 sohbetini kullan\u0131n.<\/b><\/strong><\/h4>","protected":false},"excerpt":{"rendered":"<p>CH-201 FEVE su bazl\u0131 re\u00e7ine dispersiyonu, trifloroetilen klor\u00fcr ve vinil eterin alternatif kopolimerizasyonu (FEVE) ve \u00f6zel bir i\u015flemle yap\u0131lan su bazl\u0131 bir flor re\u00e7inesidir. Bu \u00fcr\u00fcnle haz\u0131rlanan su bazl\u0131 florokarbon kaplama, hava ko\u015fullar\u0131na dayan\u0131kl\u0131l\u0131k, leke direnci, sararmama, y\u00fcksek parlakl\u0131k, tuz p\u00fcsk\u00fcrtme direnci ve a\u015f\u0131nma direnci gibi m\u00fckemmel \u00f6zelliklere sahiptir. Perde duvarlarda, profillerde, korozyon \u00f6nleyici, beton koruma ve di\u011fer d\u0131\u015f mekan y\u00fcksek hava ko\u015fullar\u0131na dayan\u0131kl\u0131 dekorasyonlarda yayg\u0131n olarak kullan\u0131l\u0131r.<\/p>","protected":false},"featured_media":8194,"comment_status":"closed","ping_status":"closed","template":"","meta":[],"product_brand":[],"product_cat":[186],"product_tag":[],"class_list":{"0":"post-8193","1":"product","2":"type-product","3":"status-publish","4":"has-post-thumbnail","6":"product_cat-fluorocarbon-resin","8":"first","9":"instock","10":"shipping-taxable","11":"product-type-simple"},"yoast_head":"<!-- This site is optimized with the Yoast SEO plugin v27.4 - https:\/\/yoast.com\/product\/yoast-seo-wordpress\/ -->\n<title>China CHLUMOFIUOR\u00ae CH-201 FEVE aqueous resin dispersion Manufacturer - Changhong Chemical<\/title>\n<meta name=\"description\" content=\"CH-201 FEVE waterborne resin dispersion is a waterborne fluorine resin made by alternating copolymerization (FEVE) of trifluoroethylene chloride and vinyl...\" \/>\n<meta name=\"robots\" content=\"index, follow, max-snippet:-1, max-image-preview:large, max-video-preview:-1\" \/>\n<link rel=\"canonical\" href=\"https:\/\/changhongchemical.com\/tr\/product\/ch-201\/\" \/>\n<meta property=\"og:locale\" content=\"tr_TR\" \/>\n<meta property=\"og:type\" content=\"article\" \/>\n<meta property=\"og:title\" content=\"China CHLUMOFIUOR\u00ae CH-201 FEVE aqueous resin dispersion Manufacturer - Changhong Chemical\" \/>\n<meta property=\"og:description\" content=\"CH-201 FEVE waterborne resin dispersion is a waterborne fluorine resin made by alternating copolymerization (FEVE) of trifluoroethylene chloride and vinyl...\" \/>\n<meta property=\"og:url\" content=\"https:\/\/changhongchemical.com\/tr\/product\/ch-201\/\" \/>\n<meta property=\"og:site_name\" content=\"Changhong Chemical\" \/>\n<meta property=\"article:modified_time\" content=\"2025-05-12T02:58:53+00:00\" \/>\n<meta property=\"og:image\" content=\"https:\/\/changhongchemical.com\/wp-content\/uploads\/2025\/03\/CH-201.jpg\" \/>\n\t<meta property=\"og:image:width\" content=\"600\" \/>\n\t<meta property=\"og:image:height\" content=\"600\" \/>\n\t<meta property=\"og:image:type\" content=\"image\/jpeg\" \/>\n<meta name=\"twitter:card\" content=\"summary_large_image\" \/>\n<meta name=\"twitter:label1\" content=\"Tahmini okuma s\u00fcresi\" \/>\n\t<meta name=\"twitter:data1\" content=\"1 dakika\" \/>\n<script type=\"application\/ld+json\" class=\"yoast-schema-graph\">{\"@context\":\"https:\\\/\\\/schema.org\",\"@graph\":[{\"@type\":\"WebPage\",\"@id\":\"https:\\\/\\\/changhongchemical.com\\\/product\\\/ch-201\\\/\",\"url\":\"https:\\\/\\\/changhongchemical.com\\\/product\\\/ch-201\\\/\",\"name\":\"China CHLUMOFIUOR\u00ae CH-201 FEVE aqueous resin dispersion Manufacturer - Changhong Chemical\",\"isPartOf\":{\"@id\":\"https:\\\/\\\/changhongchemical.com\\\/#website\"},\"primaryImageOfPage\":{\"@id\":\"https:\\\/\\\/changhongchemical.com\\\/product\\\/ch-201\\\/#primaryimage\"},\"image\":{\"@id\":\"https:\\\/\\\/changhongchemical.com\\\/product\\\/ch-201\\\/#primaryimage\"},\"thumbnailUrl\":\"https:\\\/\\\/changhongchemical.com\\\/wp-content\\\/uploads\\\/2025\\\/03\\\/CH-201.jpg\",\"datePublished\":\"2025-03-24T04:17:38+00:00\",\"dateModified\":\"2025-05-12T02:58:53+00:00\",\"description\":\"CH-201 FEVE waterborne resin dispersion is a waterborne fluorine resin made by alternating copolymerization (FEVE) of trifluoroethylene chloride and vinyl...\",\"breadcrumb\":{\"@id\":\"https:\\\/\\\/changhongchemical.com\\\/product\\\/ch-201\\\/#breadcrumb\"},\"inLanguage\":\"tr\",\"potentialAction\":[{\"@type\":\"ReadAction\",\"target\":[\"https:\\\/\\\/changhongchemical.com\\\/product\\\/ch-201\\\/\"]}]},{\"@type\":\"ImageObject\",\"inLanguage\":\"tr\",\"@id\":\"https:\\\/\\\/changhongchemical.com\\\/product\\\/ch-201\\\/#primaryimage\",\"url\":\"https:\\\/\\\/changhongchemical.com\\\/wp-content\\\/uploads\\\/2025\\\/03\\\/CH-201.jpg\",\"contentUrl\":\"https:\\\/\\\/changhongchemical.com\\\/wp-content\\\/uploads\\\/2025\\\/03\\\/CH-201.jpg\",\"width\":600,\"height\":600},{\"@type\":\"BreadcrumbList\",\"@id\":\"https:\\\/\\\/changhongchemical.com\\\/product\\\/ch-201\\\/#breadcrumb\",\"itemListElement\":[{\"@type\":\"ListItem\",\"position\":1,\"name\":\"Home\",\"item\":\"https:\\\/\\\/changhongchemical.com\\\/\"},{\"@type\":\"ListItem\",\"position\":2,\"name\":\"Products Changhong\",\"item\":\"https:\\\/\\\/changhongchemical.com\\\/product\\\/\"},{\"@type\":\"ListItem\",\"position\":3,\"name\":\"CHLUMOFIUOR\u00ae CH-201 FEVE aqueous resin dispersion\"}]},{\"@type\":\"WebSite\",\"@id\":\"https:\\\/\\\/changhongchemical.com\\\/#website\",\"url\":\"https:\\\/\\\/changhongchemical.com\\\/\",\"name\":\"Changhong Chemical\",\"description\":\"China chemical manufacturer \uff06 supplier\",\"publisher\":{\"@id\":\"https:\\\/\\\/changhongchemical.com\\\/#organization\"},\"potentialAction\":[{\"@type\":\"SearchAction\",\"target\":{\"@type\":\"EntryPoint\",\"urlTemplate\":\"https:\\\/\\\/changhongchemical.com\\\/?s={search_term_string}\"},\"query-input\":{\"@type\":\"PropertyValueSpecification\",\"valueRequired\":true,\"valueName\":\"search_term_string\"}}],\"inLanguage\":\"tr\"},{\"@type\":\"Organization\",\"@id\":\"https:\\\/\\\/changhongchemical.com\\\/#organization\",\"name\":\"Changhong Chemical\",\"url\":\"https:\\\/\\\/changhongchemical.com\\\/\",\"logo\":{\"@type\":\"ImageObject\",\"inLanguage\":\"tr\",\"@id\":\"https:\\\/\\\/changhongchemical.com\\\/#\\\/schema\\\/logo\\\/image\\\/\",\"url\":\"https:\\\/\\\/changhongchemical.com\\\/wp-content\\\/uploads\\\/2020\\\/08\\\/cropped-longchang-logo.png\",\"contentUrl\":\"https:\\\/\\\/changhongchemical.com\\\/wp-content\\\/uploads\\\/2020\\\/08\\\/cropped-longchang-logo.png\",\"width\":512,\"height\":512,\"caption\":\"Changhong Chemical\"},\"image\":{\"@id\":\"https:\\\/\\\/changhongchemical.com\\\/#\\\/schema\\\/logo\\\/image\\\/\"}}]}<\/script>\n<!-- \/ Yoast SEO plugin. -->","yoast_head_json":{"title":"\u00c7in CHLUMOFIUOR\u00ae CH-201 FEVE sulu re\u00e7ine dispersiyonu \u00dcretici - Changhong Chemical","description":"CH-201 FEVE waterborne resin dispersion is a waterborne fluorine resin made by alternating copolymerization (FEVE) of trifluoroethylene chloride and vinyl...","robots":{"index":"index","follow":"follow","max-snippet":"max-snippet:-1","max-image-preview":"max-image-preview:large","max-video-preview":"max-video-preview:-1"},"canonical":"https:\/\/changhongchemical.com\/tr\/product\/ch-201\/","og_locale":"tr_TR","og_type":"article","og_title":"China CHLUMOFIUOR\u00ae CH-201 FEVE aqueous resin dispersion Manufacturer - Changhong Chemical","og_description":"CH-201 FEVE waterborne resin dispersion is a waterborne fluorine resin made by alternating copolymerization (FEVE) of trifluoroethylene chloride and vinyl...","og_url":"https:\/\/changhongchemical.com\/tr\/product\/ch-201\/","og_site_name":"Changhong Chemical","article_modified_time":"2025-05-12T02:58:53+00:00","og_image":[{"width":600,"height":600,"url":"https:\/\/changhongchemical.com\/wp-content\/uploads\/2025\/03\/CH-201.jpg","type":"image\/jpeg"}],"twitter_card":"summary_large_image","twitter_misc":{"Tahmini okuma s\u00fcresi":"1 dakika"},"schema":{"@context":"https:\/\/schema.org","@graph":[{"@type":"WebPage","@id":"https:\/\/changhongchemical.com\/product\/ch-201\/","url":"https:\/\/changhongchemical.com\/product\/ch-201\/","name":"\u00c7in CHLUMOFIUOR\u00ae CH-201 FEVE sulu re\u00e7ine dispersiyonu \u00dcretici - Changhong Chemical","isPartOf":{"@id":"https:\/\/changhongchemical.com\/#website"},"primaryImageOfPage":{"@id":"https:\/\/changhongchemical.com\/product\/ch-201\/#primaryimage"},"image":{"@id":"https:\/\/changhongchemical.com\/product\/ch-201\/#primaryimage"},"thumbnailUrl":"https:\/\/changhongchemical.com\/wp-content\/uploads\/2025\/03\/CH-201.jpg","datePublished":"2025-03-24T04:17:38+00:00","dateModified":"2025-05-12T02:58:53+00:00","description":"CH-201 FEVE waterborne resin dispersion is a waterborne fluorine resin made by alternating copolymerization (FEVE) of trifluoroethylene chloride and vinyl...","breadcrumb":{"@id":"https:\/\/changhongchemical.com\/product\/ch-201\/#breadcrumb"},"inLanguage":"tr","potentialAction":[{"@type":"ReadAction","target":["https:\/\/changhongchemical.com\/product\/ch-201\/"]}]},{"@type":"ImageObject","inLanguage":"tr","@id":"https:\/\/changhongchemical.com\/product\/ch-201\/#primaryimage","url":"https:\/\/changhongchemical.com\/wp-content\/uploads\/2025\/03\/CH-201.jpg","contentUrl":"https:\/\/changhongchemical.com\/wp-content\/uploads\/2025\/03\/CH-201.jpg","width":600,"height":600},{"@type":"BreadcrumbList","@id":"https:\/\/changhongchemical.com\/product\/ch-201\/#breadcrumb","itemListElement":[{"@type":"ListItem","position":1,"name":"Home","item":"https:\/\/changhongchemical.com\/"},{"@type":"ListItem","position":2,"name":"Products Changhong","item":"https:\/\/changhongchemical.com\/product\/"},{"@type":"ListItem","position":3,"name":"CHLUMOFIUOR\u00ae CH-201 FEVE aqueous resin dispersion"}]},{"@type":"WebSite","@id":"https:\/\/changhongchemical.com\/#website","url":"https:\/\/changhongchemical.com\/","name":"Longchang Kimya","description":"\u00c7in kimyasal \u00fcreticisi \uff06 tedarik\u00e7isi","publisher":{"@id":"https:\/\/changhongchemical.com\/#organization"},"potentialAction":[{"@type":"SearchAction","target":{"@type":"EntryPoint","urlTemplate":"https:\/\/changhongchemical.com\/?s={search_term_string}"},"query-input":{"@type":"PropertyValueSpecification","valueRequired":true,"valueName":"search_term_string"}}],"inLanguage":"tr"},{"@type":"Organization","@id":"https:\/\/changhongchemical.com\/#organization","name":"Longchang Kimya","url":"https:\/\/changhongchemical.com\/","logo":{"@type":"ImageObject","inLanguage":"tr","@id":"https:\/\/changhongchemical.com\/#\/schema\/logo\/image\/","url":"https:\/\/changhongchemical.com\/wp-content\/uploads\/2020\/08\/cropped-longchang-logo.png","contentUrl":"https:\/\/changhongchemical.com\/wp-content\/uploads\/2020\/08\/cropped-longchang-logo.png","width":512,"height":512,"caption":"Changhong Chemical"},"image":{"@id":"https:\/\/changhongchemical.com\/#\/schema\/logo\/image\/"}}]}},"_links":{"self":[{"href":"https:\/\/changhongchemical.com\/tr\/wp-json\/wp\/v2\/product\/8193","targetHints":{"allow":["GET"]}}],"collection":[{"href":"https:\/\/changhongchemical.com\/tr\/wp-json\/wp\/v2\/product"}],"about":[{"href":"https:\/\/changhongchemical.com\/tr\/wp-json\/wp\/v2\/types\/product"}],"replies":[{"embeddable":true,"href":"https:\/\/changhongchemical.com\/tr\/wp-json\/wp\/v2\/comments?post=8193"}],"wp:featuredmedia":[{"embeddable":true,"href":"https:\/\/changhongchemical.com\/tr\/wp-json\/wp\/v2\/media\/8194"}],"wp:attachment":[{"href":"https:\/\/changhongchemical.com\/tr\/wp-json\/wp\/v2\/media?parent=8193"}],"wp:term":[{"taxonomy":"product_brand","embeddable":true,"href":"https:\/\/changhongchemical.com\/tr\/wp-json\/wp\/v2\/product_brand?post=8193"},{"taxonomy":"product_cat","embeddable":true,"href":"https:\/\/changhongchemical.com\/tr\/wp-json\/wp\/v2\/product_cat?post=8193"},{"taxonomy":"product_tag","embeddable":true,"href":"https:\/\/changhongchemical.com\/tr\/wp-json\/wp\/v2\/product_tag?post=8193"}],"curies":[{"name":"wp","href":"https:\/\/api.w.org\/{rel}","templated":true}]}}