{"id":8190,"date":"2025-03-24T04:06:34","date_gmt":"2025-03-24T04:06:34","guid":{"rendered":"https:\/\/changhongchemical.com\/?post_type=product&#038;p=8190"},"modified":"2025-05-12T02:59:00","modified_gmt":"2025-05-12T02:59:00","slug":"ch-202","status":"publish","type":"product","link":"https:\/\/changhongchemical.com\/tr\/product\/ch-202\/","title":{"rendered":"CHLUMOFIUOR\u00ae CH-202 su bazl\u0131 florlu akrilat re\u00e7ine dispersiyonu"},"content":{"rendered":"<p>Performans endeksi:<br \/>\nG\u00f6r\u00fcn\u00fcm: s\u00fct beyaz\u0131 s\u0131v\u0131<br \/>\nKat\u0131 flor i\u00e7eri\u011fi (%): 10\u00b11<br \/>\nKat\u0131 madde i\u00e7eri\u011fi (%): 45\u00b12<br \/>\nCam ge\u00e7i\u015f s\u0131cakl\u0131\u011f\u0131 (\u2103): 35<br \/>\nYo\u011funluk (g\/mL): 1,1\u00b10,05@20\u00b0C<br \/>\nHidroksil de\u011feri (mgKOH\/g): 115\u00b15<br \/>\npH de\u011feri:7.0\uff5e9.0<br \/>\n\u0130yonik \u00f6zellikler: anyonik<\/p>\n<p>\u00dcr\u00fcn \u00d6zellikleri.<br \/>\nY\u00fcksek hava ko\u015fullar\u0131na dayan\u0131kl\u0131l\u0131k, leke direnci, y\u00fcksek parlakl\u0131k, sararma yok, y\u00fcksek sertlik, a\u015f\u0131nma direnci<br \/>\nUygulama alanlar\u0131: su bazl\u0131 florokarbon boyalar<br \/>\nSu bazl\u0131 florokarbon boya, su bazl\u0131 florokarbon \u00fcst bask\u0131 boyas\u0131.<br \/>\nPaketleme ve Depolama.<br \/>\nBu \u00fcr\u00fcn 200Kg\/varil olarak paketlenmi\u015ftir. \u00dcr\u00fcn kapal\u0131 kaplarda saklanmal\u0131, donma ve y\u00fcksek s\u0131cakl\u0131ktan ka\u00e7\u0131n\u0131lmal\u0131, saklama s\u0131cakl\u0131\u011f\u0131 5 ~ 30 \u2103, raf \u00f6mr\u00fc bir y\u0131l olmal\u0131d\u0131r.<\/p>\n<p>Di\u011fer Ad\u0131\uff1a<\/p>\n<p>Su bazl\u0131 florlu akrilat re\u00e7ine em\u00fclsiyonu<\/p>\n<p>Florlu akrilat re\u00e7inenin sulu dispersiyonu<\/p>\n<p>Florlu akrilat re\u00e7ine su bazl\u0131 dispersiyon<\/p>\n<p>Florlu akrilat re\u00e7inenin su bazl\u0131 dispersiyonu<\/p>\n<h2><strong><b>\u015eimdi Bize Ula\u015f\u0131n!<\/b><\/strong><\/h2>\n<h4><strong><b>Fiyata ihtiyac\u0131n\u0131z varsa, l\u00fctfen a\u015fa\u011f\u0131daki forma ileti\u015fim bilgilerinizi doldurun, genellikle 24 saat i\u00e7inde sizinle ileti\u015fime ge\u00e7ece\u011fiz. Bana e-posta da g\u00f6nderebilirsiniz\u00a0<span style=\"color: #00ccff;\"><a style=\"color: #00ccff;\" href=\"mailto:info@changhongchemical.com\">info@changhongchemical.com<\/a><\/span>\u00a0\u00c7al\u0131\u015fma saatleri i\u00e7inde (8:30 - 6:00 UTC+8 Pzt.~Sat.) veya h\u0131zl\u0131 yan\u0131t almak i\u00e7in web sitesi canl\u0131 sohbetini kullan\u0131n.<\/b><\/strong><\/h4>","protected":false},"excerpt":{"rendered":"<p>CH-201 hidroksil florlu akrilik re\u00e7ine dispersiyonudur. Bu \u00fcr\u00fcn faz transfer y\u00f6ntemi ile \u00fcretilir ve k\u00fcrlendikten sonra solvent bazl\u0131 \u00fcr\u00fcnlerle ayn\u0131 \u00f6zelliklere sahiptir. Su bazl\u0131 izosiyanat k\u00fcrleme ajan\u0131 ile iki bile\u015fenli bir sistem ve amino re\u00e7ine ile tek bile\u015fenli bir f\u0131r\u0131nlama sistemi olu\u015fturabilir. Bu \u00fcr\u00fcnle haz\u0131rlanan su bazl\u0131 kaplamalar, y\u00fcksek hava ko\u015fullar\u0131na ve leke direncine, sararma olmadan y\u00fcksek parlakl\u0131\u011fa ve iyi a\u015f\u0131nma direncine sahip y\u00fcksek sertli\u011fe sahiptir.<\/p>","protected":false},"featured_media":8191,"comment_status":"closed","ping_status":"closed","template":"","meta":[],"product_brand":[],"product_cat":[186],"product_tag":[],"class_list":{"0":"post-8190","1":"product","2":"type-product","3":"status-publish","4":"has-post-thumbnail","6":"product_cat-fluorocarbon-resin","8":"first","9":"instock","10":"shipping-taxable","11":"product-type-simple"},"yoast_head":"<!-- This site is optimized with the Yoast SEO plugin v27.4 - https:\/\/yoast.com\/product\/yoast-seo-wordpress\/ -->\n<title>China CHLUMOFIUOR\u00ae CH-202 waterborne fluorinated acrylate resin dispersion Manufacturer - Changhong Chemical<\/title>\n<meta name=\"description\" content=\"CH-201 is a hydroxyl fluorinated acrylic resin dispersion. This product is produced by phase transfer method and has the same properties as solvent-based...\" \/>\n<meta name=\"robots\" content=\"index, follow, max-snippet:-1, max-image-preview:large, max-video-preview:-1\" \/>\n<link rel=\"canonical\" href=\"https:\/\/changhongchemical.com\/tr\/product\/ch-202\/\" \/>\n<meta property=\"og:locale\" content=\"tr_TR\" \/>\n<meta property=\"og:type\" content=\"article\" \/>\n<meta property=\"og:title\" content=\"China CHLUMOFIUOR\u00ae CH-202 waterborne fluorinated acrylate resin dispersion Manufacturer - Changhong Chemical\" \/>\n<meta property=\"og:description\" content=\"CH-201 is a hydroxyl fluorinated acrylic resin dispersion. This product is produced by phase transfer method and has the same properties as solvent-based...\" \/>\n<meta property=\"og:url\" content=\"https:\/\/changhongchemical.com\/tr\/product\/ch-202\/\" \/>\n<meta property=\"og:site_name\" content=\"Changhong Chemical\" \/>\n<meta property=\"article:modified_time\" content=\"2025-05-12T02:59:00+00:00\" \/>\n<meta property=\"og:image\" content=\"https:\/\/changhongchemical.com\/wp-content\/uploads\/2025\/03\/CH-202.jpg\" \/>\n\t<meta property=\"og:image:width\" content=\"600\" \/>\n\t<meta property=\"og:image:height\" content=\"600\" \/>\n\t<meta property=\"og:image:type\" content=\"image\/jpeg\" \/>\n<meta name=\"twitter:card\" content=\"summary_large_image\" \/>\n<meta name=\"twitter:label1\" content=\"Tahmini okuma s\u00fcresi\" \/>\n\t<meta name=\"twitter:data1\" content=\"1 dakika\" \/>\n<script type=\"application\/ld+json\" class=\"yoast-schema-graph\">{\"@context\":\"https:\\\/\\\/schema.org\",\"@graph\":[{\"@type\":\"WebPage\",\"@id\":\"https:\\\/\\\/changhongchemical.com\\\/product\\\/ch-202\\\/\",\"url\":\"https:\\\/\\\/changhongchemical.com\\\/product\\\/ch-202\\\/\",\"name\":\"China CHLUMOFIUOR\u00ae CH-202 waterborne fluorinated acrylate resin dispersion Manufacturer - Changhong Chemical\",\"isPartOf\":{\"@id\":\"https:\\\/\\\/changhongchemical.com\\\/#website\"},\"primaryImageOfPage\":{\"@id\":\"https:\\\/\\\/changhongchemical.com\\\/product\\\/ch-202\\\/#primaryimage\"},\"image\":{\"@id\":\"https:\\\/\\\/changhongchemical.com\\\/product\\\/ch-202\\\/#primaryimage\"},\"thumbnailUrl\":\"https:\\\/\\\/changhongchemical.com\\\/wp-content\\\/uploads\\\/2025\\\/03\\\/CH-202.jpg\",\"datePublished\":\"2025-03-24T04:06:34+00:00\",\"dateModified\":\"2025-05-12T02:59:00+00:00\",\"description\":\"CH-201 is a hydroxyl fluorinated acrylic resin dispersion. This product is produced by phase transfer method and has the same properties as solvent-based...\",\"breadcrumb\":{\"@id\":\"https:\\\/\\\/changhongchemical.com\\\/product\\\/ch-202\\\/#breadcrumb\"},\"inLanguage\":\"tr\",\"potentialAction\":[{\"@type\":\"ReadAction\",\"target\":[\"https:\\\/\\\/changhongchemical.com\\\/product\\\/ch-202\\\/\"]}]},{\"@type\":\"ImageObject\",\"inLanguage\":\"tr\",\"@id\":\"https:\\\/\\\/changhongchemical.com\\\/product\\\/ch-202\\\/#primaryimage\",\"url\":\"https:\\\/\\\/changhongchemical.com\\\/wp-content\\\/uploads\\\/2025\\\/03\\\/CH-202.jpg\",\"contentUrl\":\"https:\\\/\\\/changhongchemical.com\\\/wp-content\\\/uploads\\\/2025\\\/03\\\/CH-202.jpg\",\"width\":600,\"height\":600},{\"@type\":\"BreadcrumbList\",\"@id\":\"https:\\\/\\\/changhongchemical.com\\\/product\\\/ch-202\\\/#breadcrumb\",\"itemListElement\":[{\"@type\":\"ListItem\",\"position\":1,\"name\":\"Home\",\"item\":\"https:\\\/\\\/changhongchemical.com\\\/\"},{\"@type\":\"ListItem\",\"position\":2,\"name\":\"Products Changhong\",\"item\":\"https:\\\/\\\/changhongchemical.com\\\/product\\\/\"},{\"@type\":\"ListItem\",\"position\":3,\"name\":\"CHLUMOFIUOR\u00ae CH-202 waterborne fluorinated acrylate resin dispersion\"}]},{\"@type\":\"WebSite\",\"@id\":\"https:\\\/\\\/changhongchemical.com\\\/#website\",\"url\":\"https:\\\/\\\/changhongchemical.com\\\/\",\"name\":\"Changhong Chemical\",\"description\":\"China chemical manufacturer \uff06 supplier\",\"publisher\":{\"@id\":\"https:\\\/\\\/changhongchemical.com\\\/#organization\"},\"potentialAction\":[{\"@type\":\"SearchAction\",\"target\":{\"@type\":\"EntryPoint\",\"urlTemplate\":\"https:\\\/\\\/changhongchemical.com\\\/?s={search_term_string}\"},\"query-input\":{\"@type\":\"PropertyValueSpecification\",\"valueRequired\":true,\"valueName\":\"search_term_string\"}}],\"inLanguage\":\"tr\"},{\"@type\":\"Organization\",\"@id\":\"https:\\\/\\\/changhongchemical.com\\\/#organization\",\"name\":\"Changhong Chemical\",\"url\":\"https:\\\/\\\/changhongchemical.com\\\/\",\"logo\":{\"@type\":\"ImageObject\",\"inLanguage\":\"tr\",\"@id\":\"https:\\\/\\\/changhongchemical.com\\\/#\\\/schema\\\/logo\\\/image\\\/\",\"url\":\"https:\\\/\\\/changhongchemical.com\\\/wp-content\\\/uploads\\\/2020\\\/08\\\/cropped-longchang-logo.png\",\"contentUrl\":\"https:\\\/\\\/changhongchemical.com\\\/wp-content\\\/uploads\\\/2020\\\/08\\\/cropped-longchang-logo.png\",\"width\":512,\"height\":512,\"caption\":\"Changhong Chemical\"},\"image\":{\"@id\":\"https:\\\/\\\/changhongchemical.com\\\/#\\\/schema\\\/logo\\\/image\\\/\"}}]}<\/script>\n<!-- \/ Yoast SEO plugin. -->","yoast_head_json":{"title":"\u00c7in CHLUMOFIUOR\u00ae CH-202 su bazl\u0131 florlu akrilat re\u00e7ine dispersiyonu \u00dcretici - Changhong Chemical","description":"CH-201 is a hydroxyl fluorinated acrylic resin dispersion. This product is produced by phase transfer method and has the same properties as solvent-based...","robots":{"index":"index","follow":"follow","max-snippet":"max-snippet:-1","max-image-preview":"max-image-preview:large","max-video-preview":"max-video-preview:-1"},"canonical":"https:\/\/changhongchemical.com\/tr\/product\/ch-202\/","og_locale":"tr_TR","og_type":"article","og_title":"China CHLUMOFIUOR\u00ae CH-202 waterborne fluorinated acrylate resin dispersion Manufacturer - Changhong Chemical","og_description":"CH-201 is a hydroxyl fluorinated acrylic resin dispersion. This product is produced by phase transfer method and has the same properties as solvent-based...","og_url":"https:\/\/changhongchemical.com\/tr\/product\/ch-202\/","og_site_name":"Changhong Chemical","article_modified_time":"2025-05-12T02:59:00+00:00","og_image":[{"width":600,"height":600,"url":"https:\/\/changhongchemical.com\/wp-content\/uploads\/2025\/03\/CH-202.jpg","type":"image\/jpeg"}],"twitter_card":"summary_large_image","twitter_misc":{"Tahmini okuma s\u00fcresi":"1 dakika"},"schema":{"@context":"https:\/\/schema.org","@graph":[{"@type":"WebPage","@id":"https:\/\/changhongchemical.com\/product\/ch-202\/","url":"https:\/\/changhongchemical.com\/product\/ch-202\/","name":"\u00c7in CHLUMOFIUOR\u00ae CH-202 su bazl\u0131 florlu akrilat re\u00e7ine dispersiyonu \u00dcretici - Changhong Chemical","isPartOf":{"@id":"https:\/\/changhongchemical.com\/#website"},"primaryImageOfPage":{"@id":"https:\/\/changhongchemical.com\/product\/ch-202\/#primaryimage"},"image":{"@id":"https:\/\/changhongchemical.com\/product\/ch-202\/#primaryimage"},"thumbnailUrl":"https:\/\/changhongchemical.com\/wp-content\/uploads\/2025\/03\/CH-202.jpg","datePublished":"2025-03-24T04:06:34+00:00","dateModified":"2025-05-12T02:59:00+00:00","description":"CH-201 is a hydroxyl fluorinated acrylic resin dispersion. This product is produced by phase transfer method and has the same properties as solvent-based...","breadcrumb":{"@id":"https:\/\/changhongchemical.com\/product\/ch-202\/#breadcrumb"},"inLanguage":"tr","potentialAction":[{"@type":"ReadAction","target":["https:\/\/changhongchemical.com\/product\/ch-202\/"]}]},{"@type":"ImageObject","inLanguage":"tr","@id":"https:\/\/changhongchemical.com\/product\/ch-202\/#primaryimage","url":"https:\/\/changhongchemical.com\/wp-content\/uploads\/2025\/03\/CH-202.jpg","contentUrl":"https:\/\/changhongchemical.com\/wp-content\/uploads\/2025\/03\/CH-202.jpg","width":600,"height":600},{"@type":"BreadcrumbList","@id":"https:\/\/changhongchemical.com\/product\/ch-202\/#breadcrumb","itemListElement":[{"@type":"ListItem","position":1,"name":"Home","item":"https:\/\/changhongchemical.com\/"},{"@type":"ListItem","position":2,"name":"Products Changhong","item":"https:\/\/changhongchemical.com\/product\/"},{"@type":"ListItem","position":3,"name":"CHLUMOFIUOR\u00ae CH-202 waterborne fluorinated acrylate resin dispersion"}]},{"@type":"WebSite","@id":"https:\/\/changhongchemical.com\/#website","url":"https:\/\/changhongchemical.com\/","name":"Longchang Kimya","description":"\u00c7in kimyasal \u00fcreticisi \uff06 tedarik\u00e7isi","publisher":{"@id":"https:\/\/changhongchemical.com\/#organization"},"potentialAction":[{"@type":"SearchAction","target":{"@type":"EntryPoint","urlTemplate":"https:\/\/changhongchemical.com\/?s={search_term_string}"},"query-input":{"@type":"PropertyValueSpecification","valueRequired":true,"valueName":"search_term_string"}}],"inLanguage":"tr"},{"@type":"Organization","@id":"https:\/\/changhongchemical.com\/#organization","name":"Longchang Kimya","url":"https:\/\/changhongchemical.com\/","logo":{"@type":"ImageObject","inLanguage":"tr","@id":"https:\/\/changhongchemical.com\/#\/schema\/logo\/image\/","url":"https:\/\/changhongchemical.com\/wp-content\/uploads\/2020\/08\/cropped-longchang-logo.png","contentUrl":"https:\/\/changhongchemical.com\/wp-content\/uploads\/2020\/08\/cropped-longchang-logo.png","width":512,"height":512,"caption":"Changhong Chemical"},"image":{"@id":"https:\/\/changhongchemical.com\/#\/schema\/logo\/image\/"}}]}},"_links":{"self":[{"href":"https:\/\/changhongchemical.com\/tr\/wp-json\/wp\/v2\/product\/8190","targetHints":{"allow":["GET"]}}],"collection":[{"href":"https:\/\/changhongchemical.com\/tr\/wp-json\/wp\/v2\/product"}],"about":[{"href":"https:\/\/changhongchemical.com\/tr\/wp-json\/wp\/v2\/types\/product"}],"replies":[{"embeddable":true,"href":"https:\/\/changhongchemical.com\/tr\/wp-json\/wp\/v2\/comments?post=8190"}],"wp:featuredmedia":[{"embeddable":true,"href":"https:\/\/changhongchemical.com\/tr\/wp-json\/wp\/v2\/media\/8191"}],"wp:attachment":[{"href":"https:\/\/changhongchemical.com\/tr\/wp-json\/wp\/v2\/media?parent=8190"}],"wp:term":[{"taxonomy":"product_brand","embeddable":true,"href":"https:\/\/changhongchemical.com\/tr\/wp-json\/wp\/v2\/product_brand?post=8190"},{"taxonomy":"product_cat","embeddable":true,"href":"https:\/\/changhongchemical.com\/tr\/wp-json\/wp\/v2\/product_cat?post=8190"},{"taxonomy":"product_tag","embeddable":true,"href":"https:\/\/changhongchemical.com\/tr\/wp-json\/wp\/v2\/product_tag?post=8190"}],"curies":[{"name":"wp","href":"https:\/\/api.w.org\/{rel}","templated":true}]}}