{"id":8182,"date":"2025-03-24T03:40:45","date_gmt":"2025-03-24T03:40:45","guid":{"rendered":"https:\/\/changhongchemical.com\/?post_type=product&#038;p=8182"},"modified":"2025-05-12T02:59:20","modified_gmt":"2025-05-12T02:59:20","slug":"ch-902","status":"publish","type":"product","link":"https:\/\/changhongchemical.com\/tr\/product\/ch-902\/","title":{"rendered":"CHLUMOFIUOR\u00ae CH-902 Su Bazl\u0131 FEVE Florosilikon Re\u00e7ine"},"content":{"rendered":"<p>Performans endeksi:<br \/>\nG\u00f6r\u00fcn\u00fcm: s\u00fct beyaz\u0131 s\u0131v\u0131<br \/>\nFlor i\u00e7eri\u011fi (%): 24\u00b11<br \/>\nKat\u0131 madde i\u00e7eri\u011fi (%): 40\u00b11<br \/>\nYo\u011funluk (g\/mL): 1,1\u00b10,05@20\u00b0C<br \/>\nHidroksil de\u011feri (mgKOH\/g): 65\u00b15<\/p>\n<p>\u00dcr\u00fcn \u00d6zellikleri.<br \/>\nY\u00fcksek hava ko\u015fullar\u0131na dayan\u0131kl\u0131l\u0131k, leke tutmama; y\u00fcksek parlakl\u0131k; tuz p\u00fcsk\u00fcrtme direnci, a\u015f\u0131nma direnci, g\u00fc\u00e7l\u00fc hidrofobiklik, g\u00fc\u00e7l\u00fc kendi kendini temizleme \u00f6zellikleri<br \/>\nUygulama alanlar\u0131: A\u011f\u0131rl\u0131kl\u0131 olarak y\u00fcksek performansl\u0131 kendi kendini temizleyen kaplamalarda kullan\u0131l\u0131r.<br \/>\nTemel olarak y\u00fcksek performansl\u0131 kendi kendini temizleyen kaplamalarda kullan\u0131l\u0131r<br \/>\nPaketleme ve Depolama.<br \/>\nBu \u00fcr\u00fcn 200Kg\/varil olarak paketlenmi\u015ftir. \u00dcr\u00fcn kapal\u0131 kaplarda saklanmal\u0131, donma ve y\u00fcksek s\u0131cakl\u0131ktan ka\u00e7\u0131n\u0131lmal\u0131, saklama s\u0131cakl\u0131\u011f\u0131 5 ~ 30 \u2103, raf \u00f6mr\u00fc bir y\u0131l olmal\u0131d\u0131r.<\/p>\n<p>Di\u011fer Ad\u0131\uff1a<\/p>\n<p>Su bazl\u0131 FEVE florosilikon re\u00e7ine<\/p>\n<p>Sulu FEVE florosilikon re\u00e7ine<\/p>\n<p>FEVE florosilikon re\u00e7ine, su bazl\u0131<\/p>\n<p>FEVE su bazl\u0131 florosilikon re\u00e7ine<\/p>\n<h2><strong><b>\u015eimdi Bize Ula\u015f\u0131n!<\/b><\/strong><\/h2>\n<h4><strong><b>Fiyata ihtiyac\u0131n\u0131z varsa, l\u00fctfen a\u015fa\u011f\u0131daki forma ileti\u015fim bilgilerinizi doldurun, genellikle 24 saat i\u00e7inde sizinle ileti\u015fime ge\u00e7ece\u011fiz. Bana e-posta da g\u00f6nderebilirsiniz\u00a0<span style=\"color: #00ccff;\"><a style=\"color: #00ccff;\" href=\"mailto:info@changhongchemical.com\">info@changhongchemical.com<\/a><\/span>\u00a0\u00c7al\u0131\u015fma saatleri i\u00e7inde (8:30 - 6:00 UTC+8 Pzt.~Sat.) veya h\u0131zl\u0131 yan\u0131t almak i\u00e7in web sitesi canl\u0131 sohbetini kullan\u0131n.<\/b><\/strong><\/h4>","protected":false},"excerpt":{"rendered":"<p>CH-902 su bazl\u0131 FEVE tipi florosilikon re\u00e7ine, flor i\u00e7eren monomerlerin ve silikon monomerlerin kopolimerizasyonunun \u00fcr\u00fcn\u00fcd\u00fcr ve \u00f6zel faz-transfer teknolojisi ile \u00fcretilir ve k\u00fcrlendikten sonra solvent bazl\u0131 \u00fcr\u00fcnlerle ayn\u0131 performansa sahiptir. Su bazl\u0131 izosiyanat k\u00fcrleme ajan\u0131 ile iki bile\u015fenli bir sistem veya amino re\u00e7ine ile tek bile\u015fenli bir pi\u015firme sistemi haline getirilebilir.<\/p>","protected":false},"featured_media":8183,"comment_status":"closed","ping_status":"closed","template":"","meta":[],"product_brand":[],"product_cat":[186],"product_tag":[],"class_list":{"0":"post-8182","1":"product","2":"type-product","3":"status-publish","4":"has-post-thumbnail","6":"product_cat-fluorocarbon-resin","8":"first","9":"instock","10":"shipping-taxable","11":"product-type-simple"},"yoast_head":"<!-- This site is optimized with the Yoast SEO plugin v27.4 - https:\/\/yoast.com\/product\/yoast-seo-wordpress\/ -->\n<title>China CHLUMOFIUOR\u00ae CH-902 Waterborne FEVE Fluorosilicone Resin Manufacturer - Changhong Chemical<\/title>\n<meta name=\"description\" content=\"CH-902 waterborne FEVE type fluorosilicone resin is the product of copolymerization of fluorine-containing monomers and silicone monomers, and is produced...\" \/>\n<meta name=\"robots\" content=\"index, follow, max-snippet:-1, max-image-preview:large, max-video-preview:-1\" \/>\n<link rel=\"canonical\" href=\"https:\/\/changhongchemical.com\/tr\/product\/ch-902\/\" \/>\n<meta property=\"og:locale\" content=\"tr_TR\" \/>\n<meta property=\"og:type\" content=\"article\" \/>\n<meta property=\"og:title\" content=\"China CHLUMOFIUOR\u00ae CH-902 Waterborne FEVE Fluorosilicone Resin Manufacturer - Changhong Chemical\" \/>\n<meta property=\"og:description\" content=\"CH-902 waterborne FEVE type fluorosilicone resin is the product of copolymerization of fluorine-containing monomers and silicone monomers, and is produced...\" \/>\n<meta property=\"og:url\" content=\"https:\/\/changhongchemical.com\/tr\/product\/ch-902\/\" \/>\n<meta property=\"og:site_name\" content=\"Changhong Chemical\" \/>\n<meta property=\"article:modified_time\" content=\"2025-05-12T02:59:20+00:00\" \/>\n<meta property=\"og:image\" content=\"https:\/\/changhongchemical.com\/wp-content\/uploads\/2025\/03\/CH-902.jpg\" \/>\n\t<meta property=\"og:image:width\" content=\"600\" \/>\n\t<meta property=\"og:image:height\" content=\"600\" \/>\n\t<meta property=\"og:image:type\" content=\"image\/jpeg\" \/>\n<meta name=\"twitter:card\" content=\"summary_large_image\" \/>\n<meta name=\"twitter:label1\" content=\"Tahmini okuma s\u00fcresi\" \/>\n\t<meta name=\"twitter:data1\" content=\"1 dakika\" \/>\n<script type=\"application\/ld+json\" class=\"yoast-schema-graph\">{\"@context\":\"https:\\\/\\\/schema.org\",\"@graph\":[{\"@type\":\"WebPage\",\"@id\":\"https:\\\/\\\/changhongchemical.com\\\/product\\\/ch-902\\\/\",\"url\":\"https:\\\/\\\/changhongchemical.com\\\/product\\\/ch-902\\\/\",\"name\":\"China CHLUMOFIUOR\u00ae CH-902 Waterborne FEVE Fluorosilicone Resin Manufacturer - Changhong Chemical\",\"isPartOf\":{\"@id\":\"https:\\\/\\\/changhongchemical.com\\\/#website\"},\"primaryImageOfPage\":{\"@id\":\"https:\\\/\\\/changhongchemical.com\\\/product\\\/ch-902\\\/#primaryimage\"},\"image\":{\"@id\":\"https:\\\/\\\/changhongchemical.com\\\/product\\\/ch-902\\\/#primaryimage\"},\"thumbnailUrl\":\"https:\\\/\\\/changhongchemical.com\\\/wp-content\\\/uploads\\\/2025\\\/03\\\/CH-902.jpg\",\"datePublished\":\"2025-03-24T03:40:45+00:00\",\"dateModified\":\"2025-05-12T02:59:20+00:00\",\"description\":\"CH-902 waterborne FEVE type fluorosilicone resin is the product of copolymerization of fluorine-containing monomers and silicone monomers, and is produced...\",\"breadcrumb\":{\"@id\":\"https:\\\/\\\/changhongchemical.com\\\/product\\\/ch-902\\\/#breadcrumb\"},\"inLanguage\":\"tr\",\"potentialAction\":[{\"@type\":\"ReadAction\",\"target\":[\"https:\\\/\\\/changhongchemical.com\\\/product\\\/ch-902\\\/\"]}]},{\"@type\":\"ImageObject\",\"inLanguage\":\"tr\",\"@id\":\"https:\\\/\\\/changhongchemical.com\\\/product\\\/ch-902\\\/#primaryimage\",\"url\":\"https:\\\/\\\/changhongchemical.com\\\/wp-content\\\/uploads\\\/2025\\\/03\\\/CH-902.jpg\",\"contentUrl\":\"https:\\\/\\\/changhongchemical.com\\\/wp-content\\\/uploads\\\/2025\\\/03\\\/CH-902.jpg\",\"width\":600,\"height\":600},{\"@type\":\"BreadcrumbList\",\"@id\":\"https:\\\/\\\/changhongchemical.com\\\/product\\\/ch-902\\\/#breadcrumb\",\"itemListElement\":[{\"@type\":\"ListItem\",\"position\":1,\"name\":\"Home\",\"item\":\"https:\\\/\\\/changhongchemical.com\\\/\"},{\"@type\":\"ListItem\",\"position\":2,\"name\":\"Products Changhong\",\"item\":\"https:\\\/\\\/changhongchemical.com\\\/product\\\/\"},{\"@type\":\"ListItem\",\"position\":3,\"name\":\"CHLUMOFIUOR\u00ae CH-902 Waterborne FEVE Fluorosilicone Resin\"}]},{\"@type\":\"WebSite\",\"@id\":\"https:\\\/\\\/changhongchemical.com\\\/#website\",\"url\":\"https:\\\/\\\/changhongchemical.com\\\/\",\"name\":\"Changhong Chemical\",\"description\":\"China chemical manufacturer \uff06 supplier\",\"publisher\":{\"@id\":\"https:\\\/\\\/changhongchemical.com\\\/#organization\"},\"potentialAction\":[{\"@type\":\"SearchAction\",\"target\":{\"@type\":\"EntryPoint\",\"urlTemplate\":\"https:\\\/\\\/changhongchemical.com\\\/?s={search_term_string}\"},\"query-input\":{\"@type\":\"PropertyValueSpecification\",\"valueRequired\":true,\"valueName\":\"search_term_string\"}}],\"inLanguage\":\"tr\"},{\"@type\":\"Organization\",\"@id\":\"https:\\\/\\\/changhongchemical.com\\\/#organization\",\"name\":\"Changhong Chemical\",\"url\":\"https:\\\/\\\/changhongchemical.com\\\/\",\"logo\":{\"@type\":\"ImageObject\",\"inLanguage\":\"tr\",\"@id\":\"https:\\\/\\\/changhongchemical.com\\\/#\\\/schema\\\/logo\\\/image\\\/\",\"url\":\"https:\\\/\\\/changhongchemical.com\\\/wp-content\\\/uploads\\\/2020\\\/08\\\/cropped-longchang-logo.png\",\"contentUrl\":\"https:\\\/\\\/changhongchemical.com\\\/wp-content\\\/uploads\\\/2020\\\/08\\\/cropped-longchang-logo.png\",\"width\":512,\"height\":512,\"caption\":\"Changhong Chemical\"},\"image\":{\"@id\":\"https:\\\/\\\/changhongchemical.com\\\/#\\\/schema\\\/logo\\\/image\\\/\"}}]}<\/script>\n<!-- \/ Yoast SEO plugin. -->","yoast_head_json":{"title":"\u00c7in CHLUMOFIUOR\u00ae CH-902 Su Bazl\u0131 FEVE Florosilikon Re\u00e7ine \u00dcreticisi - Changhong Chemical","description":"CH-902 waterborne FEVE type fluorosilicone resin is the product of copolymerization of fluorine-containing monomers and silicone monomers, and is produced...","robots":{"index":"index","follow":"follow","max-snippet":"max-snippet:-1","max-image-preview":"max-image-preview:large","max-video-preview":"max-video-preview:-1"},"canonical":"https:\/\/changhongchemical.com\/tr\/product\/ch-902\/","og_locale":"tr_TR","og_type":"article","og_title":"China CHLUMOFIUOR\u00ae CH-902 Waterborne FEVE Fluorosilicone Resin Manufacturer - Changhong Chemical","og_description":"CH-902 waterborne FEVE type fluorosilicone resin is the product of copolymerization of fluorine-containing monomers and silicone monomers, and is produced...","og_url":"https:\/\/changhongchemical.com\/tr\/product\/ch-902\/","og_site_name":"Changhong Chemical","article_modified_time":"2025-05-12T02:59:20+00:00","og_image":[{"width":600,"height":600,"url":"https:\/\/changhongchemical.com\/wp-content\/uploads\/2025\/03\/CH-902.jpg","type":"image\/jpeg"}],"twitter_card":"summary_large_image","twitter_misc":{"Tahmini okuma s\u00fcresi":"1 dakika"},"schema":{"@context":"https:\/\/schema.org","@graph":[{"@type":"WebPage","@id":"https:\/\/changhongchemical.com\/product\/ch-902\/","url":"https:\/\/changhongchemical.com\/product\/ch-902\/","name":"\u00c7in CHLUMOFIUOR\u00ae CH-902 Su Bazl\u0131 FEVE Florosilikon Re\u00e7ine \u00dcreticisi - Changhong Chemical","isPartOf":{"@id":"https:\/\/changhongchemical.com\/#website"},"primaryImageOfPage":{"@id":"https:\/\/changhongchemical.com\/product\/ch-902\/#primaryimage"},"image":{"@id":"https:\/\/changhongchemical.com\/product\/ch-902\/#primaryimage"},"thumbnailUrl":"https:\/\/changhongchemical.com\/wp-content\/uploads\/2025\/03\/CH-902.jpg","datePublished":"2025-03-24T03:40:45+00:00","dateModified":"2025-05-12T02:59:20+00:00","description":"CH-902 waterborne FEVE type fluorosilicone resin is the product of copolymerization of fluorine-containing monomers and silicone monomers, and is produced...","breadcrumb":{"@id":"https:\/\/changhongchemical.com\/product\/ch-902\/#breadcrumb"},"inLanguage":"tr","potentialAction":[{"@type":"ReadAction","target":["https:\/\/changhongchemical.com\/product\/ch-902\/"]}]},{"@type":"ImageObject","inLanguage":"tr","@id":"https:\/\/changhongchemical.com\/product\/ch-902\/#primaryimage","url":"https:\/\/changhongchemical.com\/wp-content\/uploads\/2025\/03\/CH-902.jpg","contentUrl":"https:\/\/changhongchemical.com\/wp-content\/uploads\/2025\/03\/CH-902.jpg","width":600,"height":600},{"@type":"BreadcrumbList","@id":"https:\/\/changhongchemical.com\/product\/ch-902\/#breadcrumb","itemListElement":[{"@type":"ListItem","position":1,"name":"Home","item":"https:\/\/changhongchemical.com\/"},{"@type":"ListItem","position":2,"name":"Products Changhong","item":"https:\/\/changhongchemical.com\/product\/"},{"@type":"ListItem","position":3,"name":"CHLUMOFIUOR\u00ae CH-902 Waterborne FEVE Fluorosilicone Resin"}]},{"@type":"WebSite","@id":"https:\/\/changhongchemical.com\/#website","url":"https:\/\/changhongchemical.com\/","name":"Longchang Kimya","description":"\u00c7in kimyasal \u00fcreticisi \uff06 tedarik\u00e7isi","publisher":{"@id":"https:\/\/changhongchemical.com\/#organization"},"potentialAction":[{"@type":"SearchAction","target":{"@type":"EntryPoint","urlTemplate":"https:\/\/changhongchemical.com\/?s={search_term_string}"},"query-input":{"@type":"PropertyValueSpecification","valueRequired":true,"valueName":"search_term_string"}}],"inLanguage":"tr"},{"@type":"Organization","@id":"https:\/\/changhongchemical.com\/#organization","name":"Longchang Kimya","url":"https:\/\/changhongchemical.com\/","logo":{"@type":"ImageObject","inLanguage":"tr","@id":"https:\/\/changhongchemical.com\/#\/schema\/logo\/image\/","url":"https:\/\/changhongchemical.com\/wp-content\/uploads\/2020\/08\/cropped-longchang-logo.png","contentUrl":"https:\/\/changhongchemical.com\/wp-content\/uploads\/2020\/08\/cropped-longchang-logo.png","width":512,"height":512,"caption":"Changhong Chemical"},"image":{"@id":"https:\/\/changhongchemical.com\/#\/schema\/logo\/image\/"}}]}},"_links":{"self":[{"href":"https:\/\/changhongchemical.com\/tr\/wp-json\/wp\/v2\/product\/8182","targetHints":{"allow":["GET"]}}],"collection":[{"href":"https:\/\/changhongchemical.com\/tr\/wp-json\/wp\/v2\/product"}],"about":[{"href":"https:\/\/changhongchemical.com\/tr\/wp-json\/wp\/v2\/types\/product"}],"replies":[{"embeddable":true,"href":"https:\/\/changhongchemical.com\/tr\/wp-json\/wp\/v2\/comments?post=8182"}],"wp:featuredmedia":[{"embeddable":true,"href":"https:\/\/changhongchemical.com\/tr\/wp-json\/wp\/v2\/media\/8183"}],"wp:attachment":[{"href":"https:\/\/changhongchemical.com\/tr\/wp-json\/wp\/v2\/media?parent=8182"}],"wp:term":[{"taxonomy":"product_brand","embeddable":true,"href":"https:\/\/changhongchemical.com\/tr\/wp-json\/wp\/v2\/product_brand?post=8182"},{"taxonomy":"product_cat","embeddable":true,"href":"https:\/\/changhongchemical.com\/tr\/wp-json\/wp\/v2\/product_cat?post=8182"},{"taxonomy":"product_tag","embeddable":true,"href":"https:\/\/changhongchemical.com\/tr\/wp-json\/wp\/v2\/product_tag?post=8182"}],"curies":[{"name":"wp","href":"https:\/\/api.w.org\/{rel}","templated":true}]}}