{"id":8175,"date":"2025-03-24T03:28:17","date_gmt":"2025-03-24T03:28:17","guid":{"rendered":"https:\/\/changhongchemical.com\/?post_type=product&#038;p=8175"},"modified":"2025-05-12T02:59:26","modified_gmt":"2025-05-12T02:59:26","slug":"ch-901-solvent-based-fluorosilicone-resin","status":"publish","type":"product","link":"https:\/\/changhongchemical.com\/tr\/product\/ch-901-solvent-based-fluorosilicone-resin\/","title":{"rendered":"CHLUMOFIUOR\u00ae CH-901 Solvent Bazl\u0131 Florosilikon Re\u00e7ine"},"content":{"rendered":"<p>Performans endeksi:<br \/>\nG\u00f6r\u00fcn\u00fc\u015f: a\u00e7\u0131k sar\u0131 s\u0131v\u0131<br \/>\nFlor i\u00e7eri\u011fi (%): 24\u00b11<br \/>\nKat\u0131 madde i\u00e7eri\u011fi (%): \u226550<br \/>\nCam ge\u00e7i\u015f s\u0131cakl\u0131\u011f\u0131 (\u00b0C): 35\u00b11<br \/>\nViskozite (S): 90\uff5e180 (23\u00b12\u00b0C, kaplanm\u0131\u015f-4 kap)<br \/>\nYo\u011funluk (g\/mL): 1,1\u00b10,05@20\u00b0C<br \/>\nHidroksil de\u011feri (mgKOH\/g): 23\u00b13<br \/>\nAsit de\u011feri (mgKOH\/g ): 3\u00b11<\/p>\n<p>\u00dcr\u00fcn \u00d6zellikleri.<br \/>\nS\u00fcper hava ko\u015fullar\u0131na dayan\u0131kl\u0131l\u0131k, anti-korozif, y\u00fcksek dekoratif, g\u00fc\u00e7l\u00fc hidrofobiklik, g\u00fc\u00e7l\u00fc kendi kendini temizleme<br \/>\nUygulama alanlar\u0131: a\u011f\u0131rl\u0131kl\u0131 olarak y\u00fcksek performansl\u0131 kendi kendini temizleyen kaplamalarda kullan\u0131l\u0131r.<br \/>\nTemel olarak y\u00fcksek performansl\u0131 kendi kendini temizleyen kaplamalarda kullan\u0131l\u0131r<br \/>\nPaketleme ve Depolama.<br \/>\nAmbalaj \u00f6zellikleri 200Kg\/tamburdur. \u00dcr\u00fcn kapal\u0131 kaplarda saklanmal\u0131, serin ve kuru bir yere yerle\u015ftirilmeli, su ve buharla temas\u0131ndan ka\u00e7\u0131n\u0131lmal\u0131, raf \u00f6mr\u00fc bir y\u0131l olmal\u0131d\u0131r.<\/p>\n<p>Di\u011fer ad\u0131:<\/p>\n<p>Solvent bazl\u0131 Florosilikon Re\u00e7ine<\/p>\n<p>Florosilikon Re\u00e7ine, Solvent bazl\u0131<\/p>\n<p>Solvent tipi Florosilikon Re\u00e7ine<\/p>\n<p>Florosilikon Re\u00e7ine Solvent Bazl\u0131 Sistem<\/p>\n<h2><strong><b>\u015eimdi Bize Ula\u015f\u0131n!<\/b><\/strong><\/h2>\n<h4><strong><b>Fiyata ihtiyac\u0131n\u0131z varsa, l\u00fctfen a\u015fa\u011f\u0131daki forma ileti\u015fim bilgilerinizi doldurun, genellikle 24 saat i\u00e7inde sizinle ileti\u015fime ge\u00e7ece\u011fiz. Bana e-posta da g\u00f6nderebilirsiniz\u00a0<span style=\"color: #00ccff;\"><a style=\"color: #00ccff;\" href=\"mailto:info@changhongchemical.com\">info@changhongchemical.com<\/a><\/span>\u00a0\u00c7al\u0131\u015fma saatleri i\u00e7inde (8:30 - 6:00 UTC+8 Pzt.~Sat.) veya h\u0131zl\u0131 yan\u0131t almak i\u00e7in web sitesi canl\u0131 sohbetini kullan\u0131n.<\/b><\/strong><\/h4>","protected":false},"excerpt":{"rendered":"<p>CH-901 solvent bazl\u0131 florosilikon re\u00e7ine, trifloroetilen klor\u00fcr\u00fcn vinil ester ve di\u011fer fonksiyonel monomerlerle kopolimerizasyonunun bir \u00fcr\u00fcn\u00fcd\u00fcr ve oda s\u0131cakl\u0131\u011f\u0131nda bir film halinde k\u00fcrlenebilir ve ayr\u0131ca orta s\u0131cakl\u0131kta pi\u015firme ile florokarbon f\u0131r\u0131n boyas\u0131 haline getirilebilir. M\u00fckemmel hava ko\u015fullar\u0131na dayan\u0131kl\u0131l\u0131k, korozyon direnci, kimyasal diren\u00e7, g\u00fc\u00e7l\u00fc kendi kendini temizleme, g\u00fc\u00e7l\u00fc hidrofobiklik, y\u00fcksek dekoratif \u00f6zelliklere sahiptir, \u00f6zellikle ultra dayan\u0131kl\u0131 hava ko\u015fullar\u0131na dayan\u0131kl\u0131 end\u00fcstriyel ve mimari kaplamalar\u0131n \u00fcretimi i\u00e7in uygundur.<\/p>","protected":false},"featured_media":8176,"comment_status":"closed","ping_status":"closed","template":"","meta":[],"product_brand":[],"product_cat":[186],"product_tag":[],"class_list":{"0":"post-8175","1":"product","2":"type-product","3":"status-publish","4":"has-post-thumbnail","6":"product_cat-fluorocarbon-resin","8":"first","9":"instock","10":"shipping-taxable","11":"product-type-simple"},"yoast_head":"<!-- This site is optimized with the Yoast SEO plugin v27.4 - https:\/\/yoast.com\/product\/yoast-seo-wordpress\/ -->\n<title>China CHLUMOFIUOR\u00ae CH-901 Solvent-based Fluorosilicone Resin Manufacturer - Changhong Chemical<\/title>\n<meta name=\"description\" content=\"CH-901 solvent-based fluorosilicone resin is a product of copolymerization of trifluoroethylene chloride with vinyl ester and other functional monomers...\" \/>\n<meta name=\"robots\" content=\"index, follow, max-snippet:-1, max-image-preview:large, max-video-preview:-1\" \/>\n<link rel=\"canonical\" href=\"https:\/\/changhongchemical.com\/tr\/product\/ch-901-solvent-based-fluorosilicone-resin\/\" \/>\n<meta property=\"og:locale\" content=\"tr_TR\" \/>\n<meta property=\"og:type\" content=\"article\" \/>\n<meta property=\"og:title\" content=\"China CHLUMOFIUOR\u00ae CH-901 Solvent-based Fluorosilicone Resin Manufacturer - Changhong Chemical\" \/>\n<meta property=\"og:description\" content=\"CH-901 solvent-based fluorosilicone resin is a product of copolymerization of trifluoroethylene chloride with vinyl ester and other functional monomers...\" \/>\n<meta property=\"og:url\" content=\"https:\/\/changhongchemical.com\/tr\/product\/ch-901-solvent-based-fluorosilicone-resin\/\" \/>\n<meta property=\"og:site_name\" content=\"Changhong Chemical\" \/>\n<meta property=\"article:modified_time\" content=\"2025-05-12T02:59:26+00:00\" \/>\n<meta property=\"og:image\" content=\"https:\/\/changhongchemical.com\/wp-content\/uploads\/2025\/03\/ch-901.jpg\" \/>\n\t<meta property=\"og:image:width\" content=\"600\" \/>\n\t<meta property=\"og:image:height\" content=\"600\" \/>\n\t<meta property=\"og:image:type\" content=\"image\/jpeg\" \/>\n<meta name=\"twitter:card\" content=\"summary_large_image\" \/>\n<meta name=\"twitter:label1\" content=\"Tahmini okuma s\u00fcresi\" \/>\n\t<meta name=\"twitter:data1\" content=\"1 dakika\" \/>\n<script type=\"application\/ld+json\" class=\"yoast-schema-graph\">{\"@context\":\"https:\\\/\\\/schema.org\",\"@graph\":[{\"@type\":\"WebPage\",\"@id\":\"https:\\\/\\\/changhongchemical.com\\\/product\\\/ch-901-solvent-based-fluorosilicone-resin\\\/\",\"url\":\"https:\\\/\\\/changhongchemical.com\\\/product\\\/ch-901-solvent-based-fluorosilicone-resin\\\/\",\"name\":\"China CHLUMOFIUOR\u00ae CH-901 Solvent-based Fluorosilicone Resin Manufacturer - Changhong Chemical\",\"isPartOf\":{\"@id\":\"https:\\\/\\\/changhongchemical.com\\\/#website\"},\"primaryImageOfPage\":{\"@id\":\"https:\\\/\\\/changhongchemical.com\\\/product\\\/ch-901-solvent-based-fluorosilicone-resin\\\/#primaryimage\"},\"image\":{\"@id\":\"https:\\\/\\\/changhongchemical.com\\\/product\\\/ch-901-solvent-based-fluorosilicone-resin\\\/#primaryimage\"},\"thumbnailUrl\":\"https:\\\/\\\/changhongchemical.com\\\/wp-content\\\/uploads\\\/2025\\\/03\\\/ch-901.jpg\",\"datePublished\":\"2025-03-24T03:28:17+00:00\",\"dateModified\":\"2025-05-12T02:59:26+00:00\",\"description\":\"CH-901 solvent-based fluorosilicone resin is a product of copolymerization of trifluoroethylene chloride with vinyl ester and other functional monomers...\",\"breadcrumb\":{\"@id\":\"https:\\\/\\\/changhongchemical.com\\\/product\\\/ch-901-solvent-based-fluorosilicone-resin\\\/#breadcrumb\"},\"inLanguage\":\"tr\",\"potentialAction\":[{\"@type\":\"ReadAction\",\"target\":[\"https:\\\/\\\/changhongchemical.com\\\/product\\\/ch-901-solvent-based-fluorosilicone-resin\\\/\"]}]},{\"@type\":\"ImageObject\",\"inLanguage\":\"tr\",\"@id\":\"https:\\\/\\\/changhongchemical.com\\\/product\\\/ch-901-solvent-based-fluorosilicone-resin\\\/#primaryimage\",\"url\":\"https:\\\/\\\/changhongchemical.com\\\/wp-content\\\/uploads\\\/2025\\\/03\\\/ch-901.jpg\",\"contentUrl\":\"https:\\\/\\\/changhongchemical.com\\\/wp-content\\\/uploads\\\/2025\\\/03\\\/ch-901.jpg\",\"width\":600,\"height\":600},{\"@type\":\"BreadcrumbList\",\"@id\":\"https:\\\/\\\/changhongchemical.com\\\/product\\\/ch-901-solvent-based-fluorosilicone-resin\\\/#breadcrumb\",\"itemListElement\":[{\"@type\":\"ListItem\",\"position\":1,\"name\":\"Home\",\"item\":\"https:\\\/\\\/changhongchemical.com\\\/\"},{\"@type\":\"ListItem\",\"position\":2,\"name\":\"Products Changhong\",\"item\":\"https:\\\/\\\/changhongchemical.com\\\/product\\\/\"},{\"@type\":\"ListItem\",\"position\":3,\"name\":\"CHLUMOFIUOR\u00ae CH-901 Solvent-based Fluorosilicone Resin\"}]},{\"@type\":\"WebSite\",\"@id\":\"https:\\\/\\\/changhongchemical.com\\\/#website\",\"url\":\"https:\\\/\\\/changhongchemical.com\\\/\",\"name\":\"Changhong Chemical\",\"description\":\"China chemical manufacturer \uff06 supplier\",\"publisher\":{\"@id\":\"https:\\\/\\\/changhongchemical.com\\\/#organization\"},\"potentialAction\":[{\"@type\":\"SearchAction\",\"target\":{\"@type\":\"EntryPoint\",\"urlTemplate\":\"https:\\\/\\\/changhongchemical.com\\\/?s={search_term_string}\"},\"query-input\":{\"@type\":\"PropertyValueSpecification\",\"valueRequired\":true,\"valueName\":\"search_term_string\"}}],\"inLanguage\":\"tr\"},{\"@type\":\"Organization\",\"@id\":\"https:\\\/\\\/changhongchemical.com\\\/#organization\",\"name\":\"Changhong Chemical\",\"url\":\"https:\\\/\\\/changhongchemical.com\\\/\",\"logo\":{\"@type\":\"ImageObject\",\"inLanguage\":\"tr\",\"@id\":\"https:\\\/\\\/changhongchemical.com\\\/#\\\/schema\\\/logo\\\/image\\\/\",\"url\":\"https:\\\/\\\/changhongchemical.com\\\/wp-content\\\/uploads\\\/2020\\\/08\\\/cropped-longchang-logo.png\",\"contentUrl\":\"https:\\\/\\\/changhongchemical.com\\\/wp-content\\\/uploads\\\/2020\\\/08\\\/cropped-longchang-logo.png\",\"width\":512,\"height\":512,\"caption\":\"Changhong Chemical\"},\"image\":{\"@id\":\"https:\\\/\\\/changhongchemical.com\\\/#\\\/schema\\\/logo\\\/image\\\/\"}}]}<\/script>\n<!-- \/ Yoast SEO plugin. -->","yoast_head_json":{"title":"\u00c7in CHLUMOFIUOR\u00ae CH-901 Solvent Bazl\u0131 Florosilikon Re\u00e7ine \u00dcreticisi - Changhong Chemical","description":"CH-901 solvent-based fluorosilicone resin is a product of copolymerization of trifluoroethylene chloride with vinyl ester and other functional monomers...","robots":{"index":"index","follow":"follow","max-snippet":"max-snippet:-1","max-image-preview":"max-image-preview:large","max-video-preview":"max-video-preview:-1"},"canonical":"https:\/\/changhongchemical.com\/tr\/product\/ch-901-solvent-based-fluorosilicone-resin\/","og_locale":"tr_TR","og_type":"article","og_title":"China CHLUMOFIUOR\u00ae CH-901 Solvent-based Fluorosilicone Resin Manufacturer - Changhong Chemical","og_description":"CH-901 solvent-based fluorosilicone resin is a product of copolymerization of trifluoroethylene chloride with vinyl ester and other functional monomers...","og_url":"https:\/\/changhongchemical.com\/tr\/product\/ch-901-solvent-based-fluorosilicone-resin\/","og_site_name":"Changhong Chemical","article_modified_time":"2025-05-12T02:59:26+00:00","og_image":[{"width":600,"height":600,"url":"https:\/\/changhongchemical.com\/wp-content\/uploads\/2025\/03\/ch-901.jpg","type":"image\/jpeg"}],"twitter_card":"summary_large_image","twitter_misc":{"Tahmini okuma s\u00fcresi":"1 dakika"},"schema":{"@context":"https:\/\/schema.org","@graph":[{"@type":"WebPage","@id":"https:\/\/changhongchemical.com\/product\/ch-901-solvent-based-fluorosilicone-resin\/","url":"https:\/\/changhongchemical.com\/product\/ch-901-solvent-based-fluorosilicone-resin\/","name":"\u00c7in CHLUMOFIUOR\u00ae CH-901 Solvent Bazl\u0131 Florosilikon Re\u00e7ine \u00dcreticisi - Changhong Chemical","isPartOf":{"@id":"https:\/\/changhongchemical.com\/#website"},"primaryImageOfPage":{"@id":"https:\/\/changhongchemical.com\/product\/ch-901-solvent-based-fluorosilicone-resin\/#primaryimage"},"image":{"@id":"https:\/\/changhongchemical.com\/product\/ch-901-solvent-based-fluorosilicone-resin\/#primaryimage"},"thumbnailUrl":"https:\/\/changhongchemical.com\/wp-content\/uploads\/2025\/03\/ch-901.jpg","datePublished":"2025-03-24T03:28:17+00:00","dateModified":"2025-05-12T02:59:26+00:00","description":"CH-901 solvent-based fluorosilicone resin is a product of copolymerization of trifluoroethylene chloride with vinyl ester and other functional monomers...","breadcrumb":{"@id":"https:\/\/changhongchemical.com\/product\/ch-901-solvent-based-fluorosilicone-resin\/#breadcrumb"},"inLanguage":"tr","potentialAction":[{"@type":"ReadAction","target":["https:\/\/changhongchemical.com\/product\/ch-901-solvent-based-fluorosilicone-resin\/"]}]},{"@type":"ImageObject","inLanguage":"tr","@id":"https:\/\/changhongchemical.com\/product\/ch-901-solvent-based-fluorosilicone-resin\/#primaryimage","url":"https:\/\/changhongchemical.com\/wp-content\/uploads\/2025\/03\/ch-901.jpg","contentUrl":"https:\/\/changhongchemical.com\/wp-content\/uploads\/2025\/03\/ch-901.jpg","width":600,"height":600},{"@type":"BreadcrumbList","@id":"https:\/\/changhongchemical.com\/product\/ch-901-solvent-based-fluorosilicone-resin\/#breadcrumb","itemListElement":[{"@type":"ListItem","position":1,"name":"Home","item":"https:\/\/changhongchemical.com\/"},{"@type":"ListItem","position":2,"name":"Products Changhong","item":"https:\/\/changhongchemical.com\/product\/"},{"@type":"ListItem","position":3,"name":"CHLUMOFIUOR\u00ae CH-901 Solvent-based Fluorosilicone Resin"}]},{"@type":"WebSite","@id":"https:\/\/changhongchemical.com\/#website","url":"https:\/\/changhongchemical.com\/","name":"Longchang Kimya","description":"\u00c7in kimyasal \u00fcreticisi \uff06 tedarik\u00e7isi","publisher":{"@id":"https:\/\/changhongchemical.com\/#organization"},"potentialAction":[{"@type":"SearchAction","target":{"@type":"EntryPoint","urlTemplate":"https:\/\/changhongchemical.com\/?s={search_term_string}"},"query-input":{"@type":"PropertyValueSpecification","valueRequired":true,"valueName":"search_term_string"}}],"inLanguage":"tr"},{"@type":"Organization","@id":"https:\/\/changhongchemical.com\/#organization","name":"Longchang Kimya","url":"https:\/\/changhongchemical.com\/","logo":{"@type":"ImageObject","inLanguage":"tr","@id":"https:\/\/changhongchemical.com\/#\/schema\/logo\/image\/","url":"https:\/\/changhongchemical.com\/wp-content\/uploads\/2020\/08\/cropped-longchang-logo.png","contentUrl":"https:\/\/changhongchemical.com\/wp-content\/uploads\/2020\/08\/cropped-longchang-logo.png","width":512,"height":512,"caption":"Changhong Chemical"},"image":{"@id":"https:\/\/changhongchemical.com\/#\/schema\/logo\/image\/"}}]}},"_links":{"self":[{"href":"https:\/\/changhongchemical.com\/tr\/wp-json\/wp\/v2\/product\/8175","targetHints":{"allow":["GET"]}}],"collection":[{"href":"https:\/\/changhongchemical.com\/tr\/wp-json\/wp\/v2\/product"}],"about":[{"href":"https:\/\/changhongchemical.com\/tr\/wp-json\/wp\/v2\/types\/product"}],"replies":[{"embeddable":true,"href":"https:\/\/changhongchemical.com\/tr\/wp-json\/wp\/v2\/comments?post=8175"}],"wp:featuredmedia":[{"embeddable":true,"href":"https:\/\/changhongchemical.com\/tr\/wp-json\/wp\/v2\/media\/8176"}],"wp:attachment":[{"href":"https:\/\/changhongchemical.com\/tr\/wp-json\/wp\/v2\/media?parent=8175"}],"wp:term":[{"taxonomy":"product_brand","embeddable":true,"href":"https:\/\/changhongchemical.com\/tr\/wp-json\/wp\/v2\/product_brand?post=8175"},{"taxonomy":"product_cat","embeddable":true,"href":"https:\/\/changhongchemical.com\/tr\/wp-json\/wp\/v2\/product_cat?post=8175"},{"taxonomy":"product_tag","embeddable":true,"href":"https:\/\/changhongchemical.com\/tr\/wp-json\/wp\/v2\/product_tag?post=8175"}],"curies":[{"name":"wp","href":"https:\/\/api.w.org\/{rel}","templated":true}]}}