{"id":8156,"date":"2025-03-24T02:21:21","date_gmt":"2025-03-24T02:21:21","guid":{"rendered":"https:\/\/changhongchemical.com\/?post_type=product&#038;p=8156"},"modified":"2025-04-01T02:15:42","modified_gmt":"2025-04-01T02:15:42","slug":"ch-903","status":"publish","type":"product","link":"https:\/\/changhongchemical.com\/tr\/product\/ch-903\/","title":{"rendered":"CHLUMOFIUOR\u00ae CH-903 Florlu akrilat i\u00e7eren su bazl\u0131 florosilikon re\u00e7ine"},"content":{"rendered":"<p>CH-903 Florlu akrilat i\u00e7eren su bazl\u0131 florosilikon re\u00e7ine<\/p>\n<p>&nbsp;<\/p>\n<p><b><strong>Performans g\u00f6stergeleri:<\/strong><\/b><\/p>\n<p>G\u00f6r\u00fcn\u00fcm: s\u00fct beyaz\u0131 s\u0131v\u0131<\/p>\n<p>Flor i\u00e7eri\u011fi (%): 10\u00b11<\/p>\n<p>Kat\u0131 madde i\u00e7eri\u011fi (%): 45\u00b12<\/p>\n<p>Cam ge\u00e7i\u015f s\u0131cakl\u0131\u011f\u0131 (\u00b0C): 35<\/p>\n<p>Yo\u011funluk (g\/mL): 1,1\u00b10,05@20\u00b0C<\/p>\n<p>Hidroksil de\u011feri (mgKOH\/g): 115\u00b15<\/p>\n<p>pH de\u011feri: 7.0-9.0<\/p>\n<p>\u0130yonik \u00f6zellik: anyon<\/p>\n<p><b><strong>\u00dcr\u00fcn \u00f6zellikleri:<\/strong><\/b><\/p>\n<p>y\u00fcksek hava direnci ve leke direnci; y\u00fcksek parlakl\u0131k, sararma yok, y\u00fcksek sertlik, a\u015f\u0131nma direnci, iyi su ve ya\u011f iticili\u011fi<\/p>\n<p><b><strong>Uygulama alanlar\u0131:<\/strong><\/b><\/p>\n<p>esas olarak y\u00fcksek performansl\u0131 kendi kendini temizleyen kaplamalarda kullan\u0131l\u0131r<\/p>\n<p><b><strong>Paketleme ve depolama:<\/strong><\/b><\/p>\n<p>Bu \u00fcr\u00fcn 200Kg\/varil olarak ambalajlanm\u0131\u015ft\u0131r. \u00dcr\u00fcn hava ge\u00e7irmez kaplarda, donma ve y\u00fcksek s\u0131cakl\u0131klardan uzakta saklanmal\u0131d\u0131r. Depolama s\u0131cakl\u0131\u011f\u0131 5 ~ 30 \u2103 ve raf \u00f6mr\u00fc bir y\u0131ld\u0131r.<\/p>\n<h2><strong><b>\u015eimdi Bize Ula\u015f\u0131n!<\/b><\/strong><\/h2>\n<h4><strong><b>Fiyata ihtiyac\u0131n\u0131z varsa, l\u00fctfen a\u015fa\u011f\u0131daki forma ileti\u015fim bilgilerinizi doldurun, genellikle 24 saat i\u00e7inde sizinle ileti\u015fime ge\u00e7ece\u011fiz. Bana e-posta da g\u00f6nderebilirsiniz <a href=\"mailto:info@changhongchemical.com\"><span style=\"color: #00ccff;\">info@changhongchemical.com<\/span><\/a>\u00a0\u00c7al\u0131\u015fma saatleri i\u00e7inde (8:30 - 6:00 UTC+8 Pzt.~Sat.) veya h\u0131zl\u0131 yan\u0131t almak i\u00e7in web sitesi canl\u0131 sohbetini kullan\u0131n.<\/b><\/strong><\/h4>","protected":false},"excerpt":{"rendered":"<p>CH-903 florlu akrilat i\u00e7eren su bazl\u0131 florosilikon re\u00e7ine, \u00f6zel bir faz transfer teknolojisi kullan\u0131larak \u00fcretilen hidroksi-fonksiyonel florlu akrilat i\u00e7eren su bazl\u0131 bir florosilikon re\u00e7inedir. K\u00fcrle\u015ftikten sonra solvent bazl\u0131 \u00fcr\u00fcnlerle ayn\u0131 \u00f6zelliklere sahiptir. Sulu bir izosiyanat k\u00fcrleme ajan\u0131 ile iki bile\u015fenli bir sistem veya bir amino re\u00e7ine ile tek bile\u015fenli bir pi\u015firme sistemi olu\u015fturmak i\u00e7in kullan\u0131labilir. Bu \u00fcr\u00fcnle haz\u0131rlanan sulu kaplamalar y\u00fcksek hava ko\u015fullar\u0131na ve leke direncine, sararma olmadan y\u00fcksek parlakl\u0131\u011fa, y\u00fcksek sertli\u011fe ve iyi a\u015f\u0131nma direncine ve iyi su ve ya\u011f iticili\u011fine sahiptir.<\/p>","protected":false},"featured_media":8157,"comment_status":"closed","ping_status":"closed","template":"","meta":[],"product_brand":[],"product_cat":[186],"product_tag":[],"class_list":{"0":"post-8156","1":"product","2":"type-product","3":"status-publish","4":"has-post-thumbnail","6":"product_cat-fluorocarbon-resin","8":"first","9":"instock","10":"shipping-taxable","11":"product-type-simple"},"yoast_head":"<!-- This site is optimized with the Yoast SEO plugin v27.4 - https:\/\/yoast.com\/product\/yoast-seo-wordpress\/ -->\n<title>China CHLUMOFIUOR\u00ae CH-903 Water-based fluorosilicone resin containing fluorinated acrylate Manufacturer - Changhong Chemical<\/title>\n<meta name=\"description\" content=\"CH-903 water-based fluorosilicone resin containing fluorinated acrylate is a water-based fluorosilicone resin containing hydroxy-functional fluorinated...\" \/>\n<meta name=\"robots\" content=\"index, follow, max-snippet:-1, max-image-preview:large, max-video-preview:-1\" \/>\n<link rel=\"canonical\" href=\"https:\/\/changhongchemical.com\/tr\/product\/ch-903\/\" \/>\n<meta property=\"og:locale\" content=\"tr_TR\" \/>\n<meta property=\"og:type\" content=\"article\" \/>\n<meta property=\"og:title\" content=\"China CHLUMOFIUOR\u00ae CH-903 Water-based fluorosilicone resin containing fluorinated acrylate Manufacturer - Changhong Chemical\" \/>\n<meta property=\"og:description\" content=\"CH-903 water-based fluorosilicone resin containing fluorinated acrylate is a water-based fluorosilicone resin containing hydroxy-functional fluorinated...\" \/>\n<meta property=\"og:url\" content=\"https:\/\/changhongchemical.com\/tr\/product\/ch-903\/\" \/>\n<meta property=\"og:site_name\" content=\"Changhong Chemical\" \/>\n<meta property=\"article:modified_time\" content=\"2025-04-01T02:15:42+00:00\" \/>\n<meta property=\"og:image\" content=\"https:\/\/changhongchemical.com\/wp-content\/uploads\/2025\/03\/CH-903-Water-based-fluorosilicone-resin-containing-fluorinated-acrylate.jpg\" \/>\n\t<meta property=\"og:image:width\" content=\"600\" \/>\n\t<meta property=\"og:image:height\" content=\"600\" \/>\n\t<meta property=\"og:image:type\" content=\"image\/jpeg\" \/>\n<meta name=\"twitter:card\" content=\"summary_large_image\" \/>\n<meta name=\"twitter:label1\" content=\"Tahmini okuma s\u00fcresi\" \/>\n\t<meta name=\"twitter:data1\" content=\"1 dakika\" \/>\n<script type=\"application\/ld+json\" class=\"yoast-schema-graph\">{\"@context\":\"https:\\\/\\\/schema.org\",\"@graph\":[{\"@type\":\"WebPage\",\"@id\":\"https:\\\/\\\/changhongchemical.com\\\/product\\\/ch-903\\\/\",\"url\":\"https:\\\/\\\/changhongchemical.com\\\/product\\\/ch-903\\\/\",\"name\":\"China CHLUMOFIUOR\u00ae CH-903 Water-based fluorosilicone resin containing fluorinated acrylate Manufacturer - Changhong Chemical\",\"isPartOf\":{\"@id\":\"https:\\\/\\\/changhongchemical.com\\\/#website\"},\"primaryImageOfPage\":{\"@id\":\"https:\\\/\\\/changhongchemical.com\\\/product\\\/ch-903\\\/#primaryimage\"},\"image\":{\"@id\":\"https:\\\/\\\/changhongchemical.com\\\/product\\\/ch-903\\\/#primaryimage\"},\"thumbnailUrl\":\"https:\\\/\\\/changhongchemical.com\\\/wp-content\\\/uploads\\\/2025\\\/03\\\/CH-903-Water-based-fluorosilicone-resin-containing-fluorinated-acrylate.jpg\",\"datePublished\":\"2025-03-24T02:21:21+00:00\",\"dateModified\":\"2025-04-01T02:15:42+00:00\",\"description\":\"CH-903 water-based fluorosilicone resin containing fluorinated acrylate is a water-based fluorosilicone resin containing hydroxy-functional fluorinated...\",\"breadcrumb\":{\"@id\":\"https:\\\/\\\/changhongchemical.com\\\/product\\\/ch-903\\\/#breadcrumb\"},\"inLanguage\":\"tr\",\"potentialAction\":[{\"@type\":\"ReadAction\",\"target\":[\"https:\\\/\\\/changhongchemical.com\\\/product\\\/ch-903\\\/\"]}]},{\"@type\":\"ImageObject\",\"inLanguage\":\"tr\",\"@id\":\"https:\\\/\\\/changhongchemical.com\\\/product\\\/ch-903\\\/#primaryimage\",\"url\":\"https:\\\/\\\/changhongchemical.com\\\/wp-content\\\/uploads\\\/2025\\\/03\\\/CH-903-Water-based-fluorosilicone-resin-containing-fluorinated-acrylate.jpg\",\"contentUrl\":\"https:\\\/\\\/changhongchemical.com\\\/wp-content\\\/uploads\\\/2025\\\/03\\\/CH-903-Water-based-fluorosilicone-resin-containing-fluorinated-acrylate.jpg\",\"width\":600,\"height\":600,\"caption\":\"CH-903-Water-based-fluorosilicone-resin-containing-fluorinated-acrylate\"},{\"@type\":\"BreadcrumbList\",\"@id\":\"https:\\\/\\\/changhongchemical.com\\\/product\\\/ch-903\\\/#breadcrumb\",\"itemListElement\":[{\"@type\":\"ListItem\",\"position\":1,\"name\":\"Home\",\"item\":\"https:\\\/\\\/changhongchemical.com\\\/\"},{\"@type\":\"ListItem\",\"position\":2,\"name\":\"Products Changhong\",\"item\":\"https:\\\/\\\/changhongchemical.com\\\/product\\\/\"},{\"@type\":\"ListItem\",\"position\":3,\"name\":\"CHLUMOFIUOR\u00ae CH-903 Water-based fluorosilicone resin containing fluorinated acrylate\"}]},{\"@type\":\"WebSite\",\"@id\":\"https:\\\/\\\/changhongchemical.com\\\/#website\",\"url\":\"https:\\\/\\\/changhongchemical.com\\\/\",\"name\":\"Changhong Chemical\",\"description\":\"China chemical manufacturer \uff06 supplier\",\"publisher\":{\"@id\":\"https:\\\/\\\/changhongchemical.com\\\/#organization\"},\"potentialAction\":[{\"@type\":\"SearchAction\",\"target\":{\"@type\":\"EntryPoint\",\"urlTemplate\":\"https:\\\/\\\/changhongchemical.com\\\/?s={search_term_string}\"},\"query-input\":{\"@type\":\"PropertyValueSpecification\",\"valueRequired\":true,\"valueName\":\"search_term_string\"}}],\"inLanguage\":\"tr\"},{\"@type\":\"Organization\",\"@id\":\"https:\\\/\\\/changhongchemical.com\\\/#organization\",\"name\":\"Changhong Chemical\",\"url\":\"https:\\\/\\\/changhongchemical.com\\\/\",\"logo\":{\"@type\":\"ImageObject\",\"inLanguage\":\"tr\",\"@id\":\"https:\\\/\\\/changhongchemical.com\\\/#\\\/schema\\\/logo\\\/image\\\/\",\"url\":\"https:\\\/\\\/changhongchemical.com\\\/wp-content\\\/uploads\\\/2020\\\/08\\\/cropped-longchang-logo.png\",\"contentUrl\":\"https:\\\/\\\/changhongchemical.com\\\/wp-content\\\/uploads\\\/2020\\\/08\\\/cropped-longchang-logo.png\",\"width\":512,\"height\":512,\"caption\":\"Changhong Chemical\"},\"image\":{\"@id\":\"https:\\\/\\\/changhongchemical.com\\\/#\\\/schema\\\/logo\\\/image\\\/\"}}]}<\/script>\n<!-- \/ Yoast SEO plugin. -->","yoast_head_json":{"title":"\u00c7in CHLUMOFIUOR\u00ae CH-903 Florlu akrilat i\u00e7eren su bazl\u0131 florosilikon re\u00e7ine \u00dcretici - Changhong Chemical","description":"CH-903 water-based fluorosilicone resin containing fluorinated acrylate is a water-based fluorosilicone resin containing hydroxy-functional fluorinated...","robots":{"index":"index","follow":"follow","max-snippet":"max-snippet:-1","max-image-preview":"max-image-preview:large","max-video-preview":"max-video-preview:-1"},"canonical":"https:\/\/changhongchemical.com\/tr\/product\/ch-903\/","og_locale":"tr_TR","og_type":"article","og_title":"China CHLUMOFIUOR\u00ae CH-903 Water-based fluorosilicone resin containing fluorinated acrylate Manufacturer - Changhong Chemical","og_description":"CH-903 water-based fluorosilicone resin containing fluorinated acrylate is a water-based fluorosilicone resin containing hydroxy-functional fluorinated...","og_url":"https:\/\/changhongchemical.com\/tr\/product\/ch-903\/","og_site_name":"Changhong Chemical","article_modified_time":"2025-04-01T02:15:42+00:00","og_image":[{"width":600,"height":600,"url":"https:\/\/changhongchemical.com\/wp-content\/uploads\/2025\/03\/CH-903-Water-based-fluorosilicone-resin-containing-fluorinated-acrylate.jpg","type":"image\/jpeg"}],"twitter_card":"summary_large_image","twitter_misc":{"Tahmini okuma s\u00fcresi":"1 dakika"},"schema":{"@context":"https:\/\/schema.org","@graph":[{"@type":"WebPage","@id":"https:\/\/changhongchemical.com\/product\/ch-903\/","url":"https:\/\/changhongchemical.com\/product\/ch-903\/","name":"\u00c7in CHLUMOFIUOR\u00ae CH-903 Florlu akrilat i\u00e7eren su bazl\u0131 florosilikon re\u00e7ine \u00dcretici - Changhong Chemical","isPartOf":{"@id":"https:\/\/changhongchemical.com\/#website"},"primaryImageOfPage":{"@id":"https:\/\/changhongchemical.com\/product\/ch-903\/#primaryimage"},"image":{"@id":"https:\/\/changhongchemical.com\/product\/ch-903\/#primaryimage"},"thumbnailUrl":"https:\/\/changhongchemical.com\/wp-content\/uploads\/2025\/03\/CH-903-Water-based-fluorosilicone-resin-containing-fluorinated-acrylate.jpg","datePublished":"2025-03-24T02:21:21+00:00","dateModified":"2025-04-01T02:15:42+00:00","description":"CH-903 water-based fluorosilicone resin containing fluorinated acrylate is a water-based fluorosilicone resin containing hydroxy-functional fluorinated...","breadcrumb":{"@id":"https:\/\/changhongchemical.com\/product\/ch-903\/#breadcrumb"},"inLanguage":"tr","potentialAction":[{"@type":"ReadAction","target":["https:\/\/changhongchemical.com\/product\/ch-903\/"]}]},{"@type":"ImageObject","inLanguage":"tr","@id":"https:\/\/changhongchemical.com\/product\/ch-903\/#primaryimage","url":"https:\/\/changhongchemical.com\/wp-content\/uploads\/2025\/03\/CH-903-Water-based-fluorosilicone-resin-containing-fluorinated-acrylate.jpg","contentUrl":"https:\/\/changhongchemical.com\/wp-content\/uploads\/2025\/03\/CH-903-Water-based-fluorosilicone-resin-containing-fluorinated-acrylate.jpg","width":600,"height":600,"caption":"CH-903-Water-based-fluorosilicone-resin-containing-fluorinated-acrylate"},{"@type":"BreadcrumbList","@id":"https:\/\/changhongchemical.com\/product\/ch-903\/#breadcrumb","itemListElement":[{"@type":"ListItem","position":1,"name":"Home","item":"https:\/\/changhongchemical.com\/"},{"@type":"ListItem","position":2,"name":"Products Changhong","item":"https:\/\/changhongchemical.com\/product\/"},{"@type":"ListItem","position":3,"name":"CHLUMOFIUOR\u00ae CH-903 Water-based fluorosilicone resin containing fluorinated acrylate"}]},{"@type":"WebSite","@id":"https:\/\/changhongchemical.com\/#website","url":"https:\/\/changhongchemical.com\/","name":"Longchang Kimya","description":"\u00c7in kimyasal \u00fcreticisi \uff06 tedarik\u00e7isi","publisher":{"@id":"https:\/\/changhongchemical.com\/#organization"},"potentialAction":[{"@type":"SearchAction","target":{"@type":"EntryPoint","urlTemplate":"https:\/\/changhongchemical.com\/?s={search_term_string}"},"query-input":{"@type":"PropertyValueSpecification","valueRequired":true,"valueName":"search_term_string"}}],"inLanguage":"tr"},{"@type":"Organization","@id":"https:\/\/changhongchemical.com\/#organization","name":"Longchang Kimya","url":"https:\/\/changhongchemical.com\/","logo":{"@type":"ImageObject","inLanguage":"tr","@id":"https:\/\/changhongchemical.com\/#\/schema\/logo\/image\/","url":"https:\/\/changhongchemical.com\/wp-content\/uploads\/2020\/08\/cropped-longchang-logo.png","contentUrl":"https:\/\/changhongchemical.com\/wp-content\/uploads\/2020\/08\/cropped-longchang-logo.png","width":512,"height":512,"caption":"Changhong Chemical"},"image":{"@id":"https:\/\/changhongchemical.com\/#\/schema\/logo\/image\/"}}]}},"_links":{"self":[{"href":"https:\/\/changhongchemical.com\/tr\/wp-json\/wp\/v2\/product\/8156","targetHints":{"allow":["GET"]}}],"collection":[{"href":"https:\/\/changhongchemical.com\/tr\/wp-json\/wp\/v2\/product"}],"about":[{"href":"https:\/\/changhongchemical.com\/tr\/wp-json\/wp\/v2\/types\/product"}],"replies":[{"embeddable":true,"href":"https:\/\/changhongchemical.com\/tr\/wp-json\/wp\/v2\/comments?post=8156"}],"wp:featuredmedia":[{"embeddable":true,"href":"https:\/\/changhongchemical.com\/tr\/wp-json\/wp\/v2\/media\/8157"}],"wp:attachment":[{"href":"https:\/\/changhongchemical.com\/tr\/wp-json\/wp\/v2\/media?parent=8156"}],"wp:term":[{"taxonomy":"product_brand","embeddable":true,"href":"https:\/\/changhongchemical.com\/tr\/wp-json\/wp\/v2\/product_brand?post=8156"},{"taxonomy":"product_cat","embeddable":true,"href":"https:\/\/changhongchemical.com\/tr\/wp-json\/wp\/v2\/product_cat?post=8156"},{"taxonomy":"product_tag","embeddable":true,"href":"https:\/\/changhongchemical.com\/tr\/wp-json\/wp\/v2\/product_tag?post=8156"}],"curies":[{"name":"wp","href":"https:\/\/api.w.org\/{rel}","templated":true}]}}