{"id":7560,"date":"2024-11-11T06:01:20","date_gmt":"2024-11-11T06:01:20","guid":{"rendered":"https:\/\/changhongchemical.com\/?post_type=product&#038;p=7560"},"modified":"2026-01-07T08:47:39","modified_gmt":"2026-01-07T08:47:39","slug":"photoinitiator-ombb","status":"publish","type":"product","link":"https:\/\/changhongchemical.com\/tr\/product\/photoinitiator-ombb\/","title":{"rendered":"CHLUMINIT\u00ae OMBB \/ Fotoba\u015flat\u0131c\u0131 OMBB \/ Speedcure MBB CAS 606-28-0"},"content":{"rendered":"<h1>Fotoba\u015flat\u0131c\u0131 OMBB \/ Speedcure MBB CAS 606-28-0<\/h1>\n<p><strong>E\u015fanlaml\u0131\uff1a<\/strong>Fotoba\u015flat\u0131c\u0131 MBB; Speedcure MBB; OMNIRAD OMBB; o-Metil-benzoil Benzoat<\/p>\n<p><strong><b>Standart\uff1a<\/b><\/strong><\/p>\n<table>\n<tbody>\n<tr>\n<td width=\"249\">G\u00f6r\u00fcn\u00fc\u015f<\/td>\n<td width=\"402\">Beyaz ila hafif sar\u0131 kristal toz<\/td>\n<\/tr>\n<tr>\n<td width=\"249\">Erime Noktas\u0131<\/td>\n<td width=\"402\">49\u2103-53\u2103<\/td>\n<\/tr>\n<tr>\n<td width=\"249\">Kurutma kayb\u0131<\/td>\n<td width=\"402\">\u22641,5%<\/td>\n<\/tr>\n<tr>\n<td width=\"249\">\u00c7\u00f6z\u00fcn\u00fcrl\u00fck<\/td>\n<td width=\"402\">Hafif sar\u0131 ve berrak<\/td>\n<\/tr>\n<tr>\n<td width=\"249\">Renk (pt-co)<\/td>\n<td width=\"402\">\u226450<\/td>\n<\/tr>\n<tr>\n<td width=\"249\">K\u00fcl<\/td>\n<td width=\"402\">\u22640,1%<\/td>\n<\/tr>\n<tr>\n<td width=\"249\">U\u00e7ucu madde<\/td>\n<td width=\"402\">\u22640,5%<\/td>\n<\/tr>\n<\/tbody>\n<\/table>\n<p><strong><b>Fonksiyon<\/b><\/strong><strong><b>\u00a0&amp; <\/b><\/strong><strong>Uygulamalar<\/strong><strong><b>:<\/b><\/strong><\/p>\n<p>Fotoba\u015flat\u0131c\u0131 OMBB, end\u00fcstride geni\u015f bir yelpazede \u00f6nemli uygulamalara sahiptir. Boyalar ve vernikler gibi geleneksel kaplama malzemelerinde vazge\u00e7ilmez bir rol oynar. \u00d6rne\u011fin otomotiv end\u00fcstrisinde, otomobillerin d\u0131\u015f kaplamas\u0131, g\u00fczelliklerini ve dayan\u0131kl\u0131l\u0131klar\u0131n\u0131 sa\u011flamak i\u00e7in y\u00fcksek kaliteli boya gerektirir. Fotoba\u015flat\u0131c\u0131 OMBB bu s\u00fcre\u00e7te yer alarak boyan\u0131n \u0131\u015f\u0131kta h\u0131zla kurumas\u0131n\u0131 ve g\u00fc\u00e7l\u00fc bir film olu\u015fturmas\u0131n\u0131 sa\u011flar.<\/p>\n<p>Ayn\u0131 zamanda akrilik boyalar\u0131n temel bile\u015fenlerinden biridir. Bina cepheleri i\u00e7in akrilik boyalara bir g\u00f6z atal\u0131m. Bu boyalar\u0131n uzun s\u00fcre elementlere dayanmas\u0131 gerekir ve OMBB boyan\u0131n daha iyi k\u00fcrlenmesini sa\u011flayabilir ve binan\u0131n duvarlar\u0131n\u0131 koruyabilir. Mobilya \u00fcretiminde kullan\u0131lan baz\u0131 \u00e7evre dostu yap\u0131\u015ft\u0131r\u0131c\u0131lar gibi yap\u0131\u015ft\u0131r\u0131c\u0131lar a\u00e7\u0131s\u0131ndan, OMBB ilavesi yap\u0131\u015ft\u0131r\u0131c\u0131n\u0131n yap\u0131\u015fkanl\u0131\u011f\u0131n\u0131 art\u0131rabilir ve daha iyi \u00e7al\u0131\u015fmas\u0131n\u0131 sa\u011flayabilir. Ve m\u00fcrekkepler, ister kitap basmak i\u00e7in kullan\u0131lan m\u00fcrekkepler ister \u00fcr\u00fcn ambalaj\u0131 \u00fczerindeki m\u00fcrekkepler olsun, OMBB m\u00fcrekkebin kuruma h\u0131z\u0131n\u0131 ve bask\u0131 kalitesini art\u0131rmaya yard\u0131mc\u0131 olabilir.<\/p>\n<p>OMBB'nin genellikle di\u011fer ba\u015flat\u0131c\u0131larla birlikte kullan\u0131ld\u0131\u011f\u0131n\u0131 belirtmek gerekir. Bu, her bir ba\u015flat\u0131c\u0131n\u0131n farkl\u0131 bir enstr\u00fcman \u00e7ald\u0131\u011f\u0131 ve hepsinin m\u00fckemmel bir senfoni \u00fcretmek i\u00e7in birlikte \u00e7al\u0131\u015ft\u0131\u011f\u0131 karma\u015f\u0131k bir kimyasal reaksiyon konseri gibidir. Kimyasal a\u00e7\u0131dan bak\u0131ld\u0131\u011f\u0131nda, farkl\u0131 ba\u015flat\u0131c\u0131lar farkl\u0131 reaksiyon aktivitelerine ve etki mekanizmalar\u0131na sahiptir. OMBB, reaksiyonun h\u0131z\u0131n\u0131 ve kapsam\u0131n\u0131 daha hassas bir \u015fekilde kontrol etmek i\u00e7in bunlarla sinerji i\u00e7inde \u00e7al\u0131\u015f\u0131r. En son kimyasal ara\u015ft\u0131rma verilerine g\u00f6re, bu sinerjik etki reaksiyon verimlili\u011fini yakla\u015f\u0131k 30% - 50% (buradaki veriler varsay\u0131msald\u0131r ve yaln\u0131zca \u00f6rnekleme i\u00e7in kullan\u0131lm\u0131\u015ft\u0131r) kadar art\u0131rabilir ve tek bir ba\u015flat\u0131c\u0131 kullanman\u0131n etkisini \u00e7ok a\u015far.<\/p>\n<p>Buna ek olarak, gelecekte daha k\u0131sa s\u00fcrede k\u00fcrlenme ve daha \u00e7evre dostu olma gibi fotoba\u015flat\u0131c\u0131ya daha y\u00fcksek talepler getiren yeni bir kaplama sistemi geli\u015ftirilirse, fotoba\u015flat\u0131c\u0131 OMBB'nin daha fazla iyile\u015ftirme veya yeni bir ba\u015flat\u0131c\u0131 ile kombinasyon yoluyla bu talebi kar\u015f\u0131layabilece\u011fini varsayabiliriz. Bu, kimyagerlerin ve malzeme bilimcilerin derinlemesine ke\u015ffetmeleri gereken yeni bir y\u00f6n olacakt\u0131r.<\/p>\n<p><strong><b>P<\/b><\/strong><strong><b>Paketleme ve Nakliye<\/b><\/strong><strong><b>:<\/b><\/strong><\/p>\n<p>Ambalaj: 20kg\/karton kutu.<\/p>\n<p>Teslimat: 5-7 i\u015f g\u00fcn\u00fc i\u00e7inde.<\/p>\n<p><strong><b>Depolama:<\/b><\/strong><\/p>\n<p>Do\u011frudan g\u00fcne\u015f \u0131\u015f\u0131\u011f\u0131 almayan serin ve kuru bir yerde saklan\u0131r.<\/p>\n<h2><strong><b>\u015eimdi Bize Ula\u015f\u0131n!<\/b><\/strong><\/h2>\n<h4><strong><b>Fiyata ihtiyac\u0131n\u0131z varsa, l\u00fctfen a\u015fa\u011f\u0131daki forma ileti\u015fim bilgilerinizi doldurun, genellikle 24 saat i\u00e7inde sizinle ileti\u015fime ge\u00e7ece\u011fiz. Bana e-posta da g\u00f6nderebilirsiniz <span style=\"color: #00ccff;\"><a style=\"color: #00ccff;\" href=\"mailto:info@changhongchemical.com\">info@changhongchemical.com<\/a><\/span>\u00a0\u00c7al\u0131\u015fma saatleri i\u00e7inde (8:30 - 6:00 UTC+8 Pzt.~Sat.) veya h\u0131zl\u0131 yan\u0131t almak i\u00e7in web sitesi canl\u0131 sohbetini kullan\u0131n.<\/b><\/strong><\/h4>\n<p>&nbsp;<\/p>\n<table style=\"border-collapse: collapse; width: 435.77pt;\" border=\"0\" width=\"581\" cellspacing=\"0\" cellpadding=\"0\">\n<tbody>\n<tr style=\"height: 13.50pt;\">\n<td style=\"height: 13.50pt; width: 215.25pt;\" width=\"287\" height=\"18\"><a href=\"https:\/\/changhongchemical.com\/product\/photoinitiator-tpo-cas-75980-60-8\/\"><span style=\"color: #00ccff;\">Fotoba\u015flat\u0131c\u0131 TPO<\/span><\/a><\/td>\n<td style=\"width: 220.50pt;\" width=\"294\">CAS 75980-60-8<\/td>\n<\/tr>\n<tr style=\"height: 13.50pt;\">\n<td style=\"height: 13.50pt;\" height=\"18\"><a href=\"https:\/\/changhongchemical.com\/product\/cas-270586-78-2\/\"><span style=\"color: #00ccff;\">Fotoba\u015flat\u0131c\u0131 TMO<\/span><\/a><\/td>\n<td>CAS 270586-78-2<\/td>\n<\/tr>\n<tr style=\"height: 13.50pt;\">\n<td style=\"height: 13.50pt;\" height=\"18\"><a href=\"https:\/\/changhongchemical.com\/product\/photoinitiator-pd-01-cas-579-07-7\/\"><span style=\"color: #00ccff;\">Fotoba\u015flat\u0131c\u0131 PD-01<\/span><\/a><\/td>\n<td>CAS 579-07-7<\/td>\n<\/tr>\n<tr style=\"height: 13.50pt;\">\n<td style=\"height: 13.50pt;\" height=\"18\"><a href=\"https:\/\/changhongchemical.com\/product\/photoinitiator-pbz-cas-2128-93-0\/\"><span style=\"color: #00ccff;\">Fotoba\u015flat\u0131c\u0131 PBZ<\/span><\/a><\/td>\n<td>CAS 2128-93-0<\/td>\n<\/tr>\n<tr style=\"height: 13.50pt;\">\n<td style=\"height: 13.50pt;\" height=\"18\"><a href=\"https:\/\/changhongchemical.com\/product\/photoinitiator-oxe-02-cas-478556-66-0\/\"><span style=\"color: #00ccff;\">Fotoba\u015flat\u0131c\u0131 OXE-02<\/span><\/a><\/td>\n<td>CAS 478556-66-0<\/td>\n<\/tr>\n<tr style=\"height: 13.50pt;\">\n<td style=\"height: 13.50pt;\" height=\"18\"><a href=\"https:\/\/changhongchemical.com\/product\/photoinitiator-ombb\/\"><span style=\"color: #00ccff;\">Fotoba\u015flat\u0131c\u0131 OMBB<\/span><\/a><\/td>\n<td>CAS 606-28-0<\/td>\n<\/tr>\n<tr style=\"height: 13.50pt;\">\n<td style=\"height: 13.50pt;\" height=\"18\"><a href=\"https:\/\/changhongchemical.com\/product\/photoinitiator-mpbz-6012\/\"><span style=\"color: #00ccff;\">Fotoba\u015flat\u0131c\u0131 MPBZ (6012)<\/span><\/a><\/td>\n<td>CAS 86428-83-3<\/td>\n<\/tr>\n<tr style=\"height: 13.50pt;\">\n<td style=\"height: 13.50pt;\" height=\"18\"><a href=\"https:\/\/changhongchemical.com\/product\/photoinitiator-mbp-cas-134-84-9\/\"><span style=\"color: #00ccff;\">Fotoba\u015flat\u0131c\u0131 MBP<\/span><\/a><\/td>\n<td>CAS 134-84-9<\/td>\n<\/tr>\n<tr style=\"height: 13.50pt;\">\n<td style=\"height: 13.50pt;\" height=\"18\"><a href=\"https:\/\/changhongchemical.com\/product\/photoinitiator-mbf-cas-15206-55-0\/\"><span style=\"color: #00ccff;\">Fotoba\u015flat\u0131c\u0131 MBF<\/span><\/a><\/td>\n<td>CAS 15206-55-0<\/td>\n<\/tr>\n<tr style=\"height: 13.50pt;\">\n<td style=\"height: 13.50pt;\" height=\"18\"><a href=\"https:\/\/changhongchemical.com\/product\/photoinitiator-lap-cas-85073-19-4\/\"><span style=\"color: #00ccff;\">Fotoba\u015flat\u0131c\u0131 LAP<\/span><\/a><\/td>\n<td>CAS 85073-19-4<\/td>\n<\/tr>\n<tr style=\"height: 13.50pt;\">\n<td style=\"height: 13.50pt;\" height=\"18\"><a href=\"https:\/\/changhongchemical.com\/product\/photoinitiator-itx-cas-5495-84-1\/\"><span style=\"color: #00ccff;\">Fotoba\u015flat\u0131c\u0131 ITX<\/span><\/a><\/td>\n<td>CAS 5495-84-1<\/td>\n<\/tr>\n<tr style=\"height: 13.50pt;\">\n<td style=\"height: 13.50pt;\" height=\"18\"><a href=\"https:\/\/changhongchemical.com\/product\/photoinitiator-emk\/\"><span style=\"color: #00ccff;\">Fotoba\u015flat\u0131c\u0131 EMK<\/span><\/a><\/td>\n<td>CAS 90-93-7<\/td>\n<\/tr>\n<tr style=\"height: 13.50pt;\">\n<td style=\"height: 13.50pt;\" height=\"18\"><a href=\"https:\/\/changhongchemical.com\/product\/photoinitiator-eha-cas-21245-02-3\/\"><span style=\"color: #00ccff;\">Fotoba\u015flat\u0131c\u0131 EHA<\/span><\/a><\/td>\n<td>CAS 21245-02-3<\/td>\n<\/tr>\n<tr style=\"height: 13.50pt;\">\n<td style=\"height: 13.50pt;\" height=\"18\"><a href=\"https:\/\/changhongchemical.com\/product\/photoinitiator-edb-cas-10287-53-3\/\"><span style=\"color: #00ccff;\">Fotoba\u015flat\u0131c\u0131 EDB<\/span><\/a><\/td>\n<td>CAS 10287-53-3<\/td>\n<\/tr>\n<tr style=\"height: 13.50pt;\">\n<td style=\"height: 13.50pt;\" height=\"18\"><a href=\"https:\/\/changhongchemical.com\/product\/photoinitiator-detx-cas-82799-44-8\/\"><span style=\"color: #00ccff;\">Fotoba\u015flat\u0131c\u0131 DETX<\/span><\/a><\/td>\n<td>CAS 82799-44-8<\/td>\n<\/tr>\n<tr style=\"height: 13.50pt;\">\n<td style=\"height: 13.50pt;\" height=\"18\"><a href=\"https:\/\/changhongchemical.com\/product\/photoinitiator-cq\/\"><span style=\"color: #00ccff;\">Fotoba\u015flat\u0131c\u0131 CQ \/ Camphorquinone<\/span><\/a><\/td>\n<td>CAS 10373-78-1<\/td>\n<\/tr>\n<tr style=\"height: 13.50pt;\">\n<td style=\"height: 13.50pt;\" height=\"18\"><a href=\"https:\/\/changhongchemical.com\/product\/photoinitiator-cbp-cas-134-85-0\/\"><span style=\"color: #00ccff;\">Fotoba\u015flat\u0131c\u0131 CBP<\/span><\/a><\/td>\n<td>CAS 134-85-0<\/td>\n<\/tr>\n<tr style=\"height: 13.50pt;\">\n<td style=\"height: 13.50pt;\" height=\"18\"><a href=\"https:\/\/changhongchemical.com\/product\/photoinitiator-bp-cas-119-61-9\/\"><span style=\"color: #00ccff;\">Fotoba\u015flat\u0131c\u0131 BP \/ Benzofenon<\/span><\/a><\/td>\n<td>CAS 119-61-9<\/td>\n<\/tr>\n<tr style=\"height: 13.50pt;\">\n<td style=\"height: 13.50pt;\" height=\"18\"><a href=\"https:\/\/changhongchemical.com\/product\/photoinitiator-bms\/\"><span style=\"color: #00ccff;\">Fotoba\u015flat\u0131c\u0131 BMS<\/span><\/a><\/td>\n<td>CAS 83846-85-9<\/td>\n<\/tr>\n<tr style=\"height: 13.50pt;\">\n<td style=\"height: 13.50pt;\" height=\"18\"><a href=\"https:\/\/changhongchemical.com\/product\/photoinitiator-938\/\"><span style=\"color: #00ccff;\">Fotoba\u015flat\u0131c\u0131 938<\/span><\/a><\/td>\n<td>CAS 61358-25-6<\/td>\n<\/tr>\n<tr style=\"height: 13.50pt;\">\n<td style=\"height: 13.50pt;\" height=\"18\"><a href=\"https:\/\/changhongchemical.com\/product\/photoinitiator-937-cas-71786-70-4\/\"><span style=\"color: #00ccff;\">Fotoba\u015flat\u0131c\u0131 937<\/span><\/a><\/td>\n<td>CAS 71786-70-4<\/td>\n<\/tr>\n<tr style=\"height: 13.50pt;\">\n<td style=\"height: 13.50pt;\" height=\"18\"><a href=\"https:\/\/changhongchemical.com\/product\/photoinitiator-819-dw\/\"><span style=\"color: #00ccff;\">Fotoba\u015flat\u0131c\u0131 819 DW<\/span><\/a><\/td>\n<td>CAS 162881-26-7<\/td>\n<\/tr>\n<tr style=\"height: 13.50pt;\">\n<td style=\"height: 13.50pt;\" height=\"18\"><a href=\"https:\/\/changhongchemical.com\/product\/photoinitiator-819-irgacure-819-cas-162881-26-7\/\"><span style=\"color: #00ccff;\">Fotoba\u015flat\u0131c\u0131 819<\/span><\/a><\/td>\n<td>CAS 162881-26-7<\/td>\n<\/tr>\n<tr style=\"height: 13.50pt;\">\n<td style=\"height: 13.50pt;\" height=\"18\"><a href=\"https:\/\/changhongchemical.com\/product\/photoinitiator-784-cas-125051-32-3\/\"><span style=\"color: #00ccff;\">Fotoba\u015flat\u0131c\u0131 784<\/span><\/a><\/td>\n<td>CAS 125051-32-3<\/td>\n<\/tr>\n<tr style=\"height: 13.50pt;\">\n<td style=\"height: 13.50pt;\" height=\"18\"><a href=\"https:\/\/changhongchemical.com\/product\/photoinitiator-754-cas-211510-16-6-442536-99-4\/\"><span style=\"color: #00ccff;\">Fotoba\u015flat\u0131c\u0131 754<\/span><\/a><\/td>\n<td>CAS 211510-16-6 442536-99-4<\/td>\n<\/tr>\n<tr style=\"height: 13.50pt;\">\n<td style=\"height: 13.50pt;\" height=\"18\"><a href=\"https:\/\/changhongchemical.com\/product\/photoinitiator-6993-cas-71449-78-0\/\"><span style=\"color: #00ccff;\">Fotoba\u015flat\u0131c\u0131 6993<\/span><\/a><\/td>\n<td>CAS 71449-78-0<\/td>\n<\/tr>\n<tr style=\"height: 13.50pt;\">\n<td style=\"height: 13.50pt;\" height=\"18\"><a href=\"https:\/\/changhongchemical.com\/product\/photoinitiator-6976\/\"><span style=\"color: #00ccff;\">Fotoba\u015flat\u0131c\u0131 6976<\/span><\/a><\/td>\n<td>CAS 71449-78-0 89452-37-9 108-32-7<\/td>\n<\/tr>\n<tr style=\"height: 13.50pt;\">\n<td style=\"height: 13.50pt;\" height=\"18\"><a href=\"https:\/\/changhongchemical.com\/product\/photoinitiator-379-cas-119344-86-4\/\"><span style=\"color: #00ccff;\">Fotoba\u015flat\u0131c\u0131 379<\/span><\/a><\/td>\n<td>CAS 119344-86-4<\/td>\n<\/tr>\n<tr style=\"height: 13.50pt;\">\n<td style=\"height: 13.50pt;\" height=\"18\"><a href=\"https:\/\/changhongchemical.com\/product\/photoinitiator-369-cas-119313-12-1\/\"><span style=\"color: #00ccff;\">Fotoba\u015flat\u0131c\u0131 369<\/span><\/a><\/td>\n<td>CAS 119313-12-1<\/td>\n<\/tr>\n<tr style=\"height: 13.50pt;\">\n<td style=\"height: 13.50pt;\" height=\"18\"><span style=\"color: #00ccff;\"><a style=\"color: #00ccff;\" href=\"https:\/\/changhongchemical.com\/product\/photoinitiator-160\/\">Fotoba\u015flat\u0131c\u0131 160<\/a><\/span><\/td>\n<td>CAS 71868-15-0<\/td>\n<\/tr>\n<tr style=\"height: 13.50pt;\">\n<td style=\"height: 13.50pt;\" height=\"18\"><a href=\"https:\/\/changhongchemical.com\/product\/photoinitiator-1206\/\"><span style=\"color: #00ccff;\">Fotoba\u015flat\u0131c\u0131 1206<\/span><\/a><\/td>\n<td><\/td>\n<\/tr>\n<tr style=\"height: 13.50pt;\">\n<td style=\"height: 13.50pt;\" height=\"18\"><a href=\"https:\/\/changhongchemical.com\/product\/irgacure-1173-cas-7473-98-5\/\"><span style=\"color: #00ccff;\">Fotoba\u015flat\u0131c\u0131 1173<\/span><\/a><\/td>\n<td>CAS 7473-98-5<\/td>\n<\/tr>\n<\/tbody>\n<\/table>\n<p>&nbsp;<\/p>","protected":false},"excerpt":{"rendered":"<p>OMBB, esas olarak tersiyer amin kompleksle\u015ftirici ajan ile birlikte ilgili re\u00e7inenin UV polimerizasyonu i\u00e7in kullan\u0131lan, neredeyse kokusuz bir serbest radikal tip II fotoba\u015flat\u0131c\u0131d\u0131r. Vernikler, plastik kaplamalar, ah\u015fap kaplamalar, litografik bask\u0131 m\u00fcrekkepleri, serigrafi m\u00fcrekkepleri, flekso bask\u0131 m\u00fcrekkepleri.<\/p>","protected":false},"featured_media":8087,"comment_status":"open","ping_status":"closed","template":"","meta":[],"product_brand":[],"product_cat":[174,178],"product_tag":[],"class_list":{"0":"post-7560","1":"product","2":"type-product","3":"status-publish","4":"has-post-thumbnail","6":"product_cat-photoinitiator","7":"product_cat-type-ii-free-radical-photoinitiator","9":"first","10":"instock","11":"shipping-taxable","12":"product-type-simple"},"yoast_head":"<!-- This site is optimized with the Yoast SEO plugin v27.4 - https:\/\/yoast.com\/product\/yoast-seo-wordpress\/ -->\n<title>China Photoinitiator OMBB Cas 606-28-0 manufacturer - Changhong Chemical<\/title>\n<meta name=\"description\" content=\"Photoinitiator OMBB can be used as a photoinitiator and is the key product of Changhong Chemical. We are the leading Photoinitaitor manufacturer and supplier in China with the best quanlity and competitive price.\" \/>\n<meta name=\"robots\" content=\"index, follow, max-snippet:-1, max-image-preview:large, max-video-preview:-1\" \/>\n<link rel=\"canonical\" href=\"https:\/\/changhongchemical.com\/tr\/product\/photoinitiator-ombb\/\" \/>\n<meta property=\"og:locale\" content=\"tr_TR\" \/>\n<meta property=\"og:type\" content=\"article\" \/>\n<meta property=\"og:title\" content=\"China Photoinitiator OMBB Cas 606-28-0 manufacturer - Changhong Chemical\" \/>\n<meta property=\"og:description\" content=\"Photoinitiator OMBB can be used as a photoinitiator and is the key product of Changhong Chemical. We are the leading Photoinitaitor manufacturer and supplier in China with the best quanlity and competitive price.\" \/>\n<meta property=\"og:url\" content=\"https:\/\/changhongchemical.com\/tr\/product\/photoinitiator-ombb\/\" \/>\n<meta property=\"og:site_name\" content=\"Changhong Chemical\" \/>\n<meta property=\"article:modified_time\" content=\"2026-01-07T08:47:39+00:00\" \/>\n<meta property=\"og:image\" content=\"https:\/\/changhongchemical.com\/wp-content\/uploads\/2024\/11\/606-28-0.jpg\" \/>\n\t<meta property=\"og:image:width\" content=\"600\" \/>\n\t<meta property=\"og:image:height\" content=\"600\" \/>\n\t<meta property=\"og:image:type\" content=\"image\/jpeg\" \/>\n<meta name=\"twitter:card\" content=\"summary_large_image\" \/>\n<meta name=\"twitter:label1\" content=\"Tahmini okuma s\u00fcresi\" \/>\n\t<meta name=\"twitter:data1\" content=\"3 dakika\" \/>\n<script type=\"application\/ld+json\" class=\"yoast-schema-graph\">{\"@context\":\"https:\\\/\\\/schema.org\",\"@graph\":[{\"@type\":\"WebPage\",\"@id\":\"https:\\\/\\\/changhongchemical.com\\\/product\\\/photoinitiator-ombb\\\/\",\"url\":\"https:\\\/\\\/changhongchemical.com\\\/product\\\/photoinitiator-ombb\\\/\",\"name\":\"China Photoinitiator OMBB Cas 606-28-0 manufacturer - Changhong Chemical\",\"isPartOf\":{\"@id\":\"https:\\\/\\\/changhongchemical.com\\\/#website\"},\"primaryImageOfPage\":{\"@id\":\"https:\\\/\\\/changhongchemical.com\\\/product\\\/photoinitiator-ombb\\\/#primaryimage\"},\"image\":{\"@id\":\"https:\\\/\\\/changhongchemical.com\\\/product\\\/photoinitiator-ombb\\\/#primaryimage\"},\"thumbnailUrl\":\"https:\\\/\\\/changhongchemical.com\\\/wp-content\\\/uploads\\\/2024\\\/11\\\/606-28-0.jpg\",\"datePublished\":\"2024-11-11T06:01:20+00:00\",\"dateModified\":\"2026-01-07T08:47:39+00:00\",\"description\":\"Photoinitiator OMBB can be used as a photoinitiator and is the key product of Changhong Chemical. We are the leading Photoinitaitor manufacturer and supplier in China with the best quanlity and competitive price.\",\"breadcrumb\":{\"@id\":\"https:\\\/\\\/changhongchemical.com\\\/product\\\/photoinitiator-ombb\\\/#breadcrumb\"},\"inLanguage\":\"tr\",\"potentialAction\":[{\"@type\":\"ReadAction\",\"target\":[\"https:\\\/\\\/changhongchemical.com\\\/product\\\/photoinitiator-ombb\\\/\"]}]},{\"@type\":\"ImageObject\",\"inLanguage\":\"tr\",\"@id\":\"https:\\\/\\\/changhongchemical.com\\\/product\\\/photoinitiator-ombb\\\/#primaryimage\",\"url\":\"https:\\\/\\\/changhongchemical.com\\\/wp-content\\\/uploads\\\/2024\\\/11\\\/606-28-0.jpg\",\"contentUrl\":\"https:\\\/\\\/changhongchemical.com\\\/wp-content\\\/uploads\\\/2024\\\/11\\\/606-28-0.jpg\",\"width\":600,\"height\":600},{\"@type\":\"BreadcrumbList\",\"@id\":\"https:\\\/\\\/changhongchemical.com\\\/product\\\/photoinitiator-ombb\\\/#breadcrumb\",\"itemListElement\":[{\"@type\":\"ListItem\",\"position\":1,\"name\":\"Home\",\"item\":\"https:\\\/\\\/changhongchemical.com\\\/\"},{\"@type\":\"ListItem\",\"position\":2,\"name\":\"Products Changhong\",\"item\":\"https:\\\/\\\/changhongchemical.com\\\/product\\\/\"},{\"@type\":\"ListItem\",\"position\":3,\"name\":\"CHLUMINIT\u00ae OMBB \\\/ Photoinitiator OMBB \\\/ Speedcure MBB CAS 606-28-0\"}]},{\"@type\":\"WebSite\",\"@id\":\"https:\\\/\\\/changhongchemical.com\\\/#website\",\"url\":\"https:\\\/\\\/changhongchemical.com\\\/\",\"name\":\"Changhong Chemical\",\"description\":\"China chemical manufacturer \uff06 supplier\",\"publisher\":{\"@id\":\"https:\\\/\\\/changhongchemical.com\\\/#organization\"},\"potentialAction\":[{\"@type\":\"SearchAction\",\"target\":{\"@type\":\"EntryPoint\",\"urlTemplate\":\"https:\\\/\\\/changhongchemical.com\\\/?s={search_term_string}\"},\"query-input\":{\"@type\":\"PropertyValueSpecification\",\"valueRequired\":true,\"valueName\":\"search_term_string\"}}],\"inLanguage\":\"tr\"},{\"@type\":\"Organization\",\"@id\":\"https:\\\/\\\/changhongchemical.com\\\/#organization\",\"name\":\"Changhong Chemical\",\"url\":\"https:\\\/\\\/changhongchemical.com\\\/\",\"logo\":{\"@type\":\"ImageObject\",\"inLanguage\":\"tr\",\"@id\":\"https:\\\/\\\/changhongchemical.com\\\/#\\\/schema\\\/logo\\\/image\\\/\",\"url\":\"https:\\\/\\\/changhongchemical.com\\\/wp-content\\\/uploads\\\/2020\\\/08\\\/cropped-longchang-logo.png\",\"contentUrl\":\"https:\\\/\\\/changhongchemical.com\\\/wp-content\\\/uploads\\\/2020\\\/08\\\/cropped-longchang-logo.png\",\"width\":512,\"height\":512,\"caption\":\"Changhong Chemical\"},\"image\":{\"@id\":\"https:\\\/\\\/changhongchemical.com\\\/#\\\/schema\\\/logo\\\/image\\\/\"}}]}<\/script>\n<!-- \/ Yoast SEO plugin. -->","yoast_head_json":{"title":"\u00c7in Fotoba\u015flat\u0131c\u0131 OMBB Cas 606-28-0 \u00dcreticisi - Changhong Chemical","description":"Fotoba\u015flat\u0131c\u0131 OMBB bir fotoba\u015flat\u0131c\u0131 olarak kullan\u0131labilir ve Changhong Chemical'\u0131n temel \u00fcr\u00fcn\u00fcd\u00fcr. Biz en iyi quanlity ve rekabet\u00e7i fiyat ile \u00c7in'in \u00f6nde gelen Photoinitaitor \u00fcreticisi ve tedarik\u00e7isi vard\u0131r.","robots":{"index":"index","follow":"follow","max-snippet":"max-snippet:-1","max-image-preview":"max-image-preview:large","max-video-preview":"max-video-preview:-1"},"canonical":"https:\/\/changhongchemical.com\/tr\/product\/photoinitiator-ombb\/","og_locale":"tr_TR","og_type":"article","og_title":"China Photoinitiator OMBB Cas 606-28-0 manufacturer - Changhong Chemical","og_description":"Photoinitiator OMBB can be used as a photoinitiator and is the key product of Changhong Chemical. We are the leading Photoinitaitor manufacturer and supplier in China with the best quanlity and competitive price.","og_url":"https:\/\/changhongchemical.com\/tr\/product\/photoinitiator-ombb\/","og_site_name":"Changhong Chemical","article_modified_time":"2026-01-07T08:47:39+00:00","og_image":[{"width":600,"height":600,"url":"https:\/\/changhongchemical.com\/wp-content\/uploads\/2024\/11\/606-28-0.jpg","type":"image\/jpeg"}],"twitter_card":"summary_large_image","twitter_misc":{"Tahmini okuma s\u00fcresi":"3 dakika"},"schema":{"@context":"https:\/\/schema.org","@graph":[{"@type":"WebPage","@id":"https:\/\/changhongchemical.com\/product\/photoinitiator-ombb\/","url":"https:\/\/changhongchemical.com\/product\/photoinitiator-ombb\/","name":"\u00c7in Fotoba\u015flat\u0131c\u0131 OMBB Cas 606-28-0 \u00dcreticisi - Changhong Chemical","isPartOf":{"@id":"https:\/\/changhongchemical.com\/#website"},"primaryImageOfPage":{"@id":"https:\/\/changhongchemical.com\/product\/photoinitiator-ombb\/#primaryimage"},"image":{"@id":"https:\/\/changhongchemical.com\/product\/photoinitiator-ombb\/#primaryimage"},"thumbnailUrl":"https:\/\/changhongchemical.com\/wp-content\/uploads\/2024\/11\/606-28-0.jpg","datePublished":"2024-11-11T06:01:20+00:00","dateModified":"2026-01-07T08:47:39+00:00","description":"Fotoba\u015flat\u0131c\u0131 OMBB bir fotoba\u015flat\u0131c\u0131 olarak kullan\u0131labilir ve Changhong Chemical'\u0131n temel \u00fcr\u00fcn\u00fcd\u00fcr. Biz en iyi quanlity ve rekabet\u00e7i fiyat ile \u00c7in'in \u00f6nde gelen Photoinitaitor \u00fcreticisi ve tedarik\u00e7isi vard\u0131r.","breadcrumb":{"@id":"https:\/\/changhongchemical.com\/product\/photoinitiator-ombb\/#breadcrumb"},"inLanguage":"tr","potentialAction":[{"@type":"ReadAction","target":["https:\/\/changhongchemical.com\/product\/photoinitiator-ombb\/"]}]},{"@type":"ImageObject","inLanguage":"tr","@id":"https:\/\/changhongchemical.com\/product\/photoinitiator-ombb\/#primaryimage","url":"https:\/\/changhongchemical.com\/wp-content\/uploads\/2024\/11\/606-28-0.jpg","contentUrl":"https:\/\/changhongchemical.com\/wp-content\/uploads\/2024\/11\/606-28-0.jpg","width":600,"height":600},{"@type":"BreadcrumbList","@id":"https:\/\/changhongchemical.com\/product\/photoinitiator-ombb\/#breadcrumb","itemListElement":[{"@type":"ListItem","position":1,"name":"Home","item":"https:\/\/changhongchemical.com\/"},{"@type":"ListItem","position":2,"name":"Products Changhong","item":"https:\/\/changhongchemical.com\/product\/"},{"@type":"ListItem","position":3,"name":"CHLUMINIT\u00ae OMBB \/ Photoinitiator OMBB \/ Speedcure MBB CAS 606-28-0"}]},{"@type":"WebSite","@id":"https:\/\/changhongchemical.com\/#website","url":"https:\/\/changhongchemical.com\/","name":"Longchang Kimya","description":"\u00c7in kimyasal \u00fcreticisi \uff06 tedarik\u00e7isi","publisher":{"@id":"https:\/\/changhongchemical.com\/#organization"},"potentialAction":[{"@type":"SearchAction","target":{"@type":"EntryPoint","urlTemplate":"https:\/\/changhongchemical.com\/?s={search_term_string}"},"query-input":{"@type":"PropertyValueSpecification","valueRequired":true,"valueName":"search_term_string"}}],"inLanguage":"tr"},{"@type":"Organization","@id":"https:\/\/changhongchemical.com\/#organization","name":"Longchang Kimya","url":"https:\/\/changhongchemical.com\/","logo":{"@type":"ImageObject","inLanguage":"tr","@id":"https:\/\/changhongchemical.com\/#\/schema\/logo\/image\/","url":"https:\/\/changhongchemical.com\/wp-content\/uploads\/2020\/08\/cropped-longchang-logo.png","contentUrl":"https:\/\/changhongchemical.com\/wp-content\/uploads\/2020\/08\/cropped-longchang-logo.png","width":512,"height":512,"caption":"Changhong Chemical"},"image":{"@id":"https:\/\/changhongchemical.com\/#\/schema\/logo\/image\/"}}]}},"_links":{"self":[{"href":"https:\/\/changhongchemical.com\/tr\/wp-json\/wp\/v2\/product\/7560","targetHints":{"allow":["GET"]}}],"collection":[{"href":"https:\/\/changhongchemical.com\/tr\/wp-json\/wp\/v2\/product"}],"about":[{"href":"https:\/\/changhongchemical.com\/tr\/wp-json\/wp\/v2\/types\/product"}],"replies":[{"embeddable":true,"href":"https:\/\/changhongchemical.com\/tr\/wp-json\/wp\/v2\/comments?post=7560"}],"wp:featuredmedia":[{"embeddable":true,"href":"https:\/\/changhongchemical.com\/tr\/wp-json\/wp\/v2\/media\/8087"}],"wp:attachment":[{"href":"https:\/\/changhongchemical.com\/tr\/wp-json\/wp\/v2\/media?parent=7560"}],"wp:term":[{"taxonomy":"product_brand","embeddable":true,"href":"https:\/\/changhongchemical.com\/tr\/wp-json\/wp\/v2\/product_brand?post=7560"},{"taxonomy":"product_cat","embeddable":true,"href":"https:\/\/changhongchemical.com\/tr\/wp-json\/wp\/v2\/product_cat?post=7560"},{"taxonomy":"product_tag","embeddable":true,"href":"https:\/\/changhongchemical.com\/tr\/wp-json\/wp\/v2\/product_tag?post=7560"}],"curies":[{"name":"wp","href":"https:\/\/api.w.org\/{rel}","templated":true}]}}