{"id":3723,"date":"2023-05-17T14:07:57","date_gmt":"2023-05-17T14:07:57","guid":{"rendered":"https:\/\/changhongchemical.com\/?post_type=product&#038;p=3723"},"modified":"2026-01-07T09:44:06","modified_gmt":"2026-01-07T09:44:06","slug":"avobenzone-cas-70356-09-1","status":"publish","type":"product","link":"https:\/\/changhongchemical.com\/tr\/product\/avobenzone-cas-70356-09-1\/","title":{"rendered":"CHLUMIUV\u00ae UV - 1789 \/ Avobenzone CAS 70356-09-1"},"content":{"rendered":"<p>&nbsp;<\/p>\n<table class=\"table-1\" cellspacing=\"0\">\n<tbody>\n<tr>\n<td>\u00d6\u011fe<\/td>\n<td>Standart<\/td>\n<\/tr>\n<tr>\n<td>G\u00f6r\u00fcn\u00fc\u015f<\/td>\n<td>Beyaz veya soluk sar\u0131 kristal toz<\/td>\n<\/tr>\n<tr>\n<td>Kurutma kayb\u0131<\/td>\n<td>\u22640,5%<\/td>\n<\/tr>\n<tr>\n<td>Tahlil (GC)<\/td>\n<td>95.0~105.0%<\/td>\n<\/tr>\n<tr>\n<td rowspan=\"2\">Safs\u0131zl\u0131k<\/td>\n<td>Bireysel safs\u0131zl\u0131k \u22643,0%<\/td>\n<\/tr>\n<tr>\n<td>Toplam safs\u0131zl\u0131k \u22644,5%<\/td>\n<\/tr>\n<tr>\n<td>Kal\u0131nt\u0131 \u00e7\u00f6z\u00fcc\u00fcler<\/td>\n<td>Metanol \u22643000ppm<\/td>\n<\/tr>\n<\/tbody>\n<\/table>\n<p><strong>Avobenzon Kullan\u0131m\u0131<\/strong><\/p>\n<p>G\u00fcne\u015f kremleri, Ki\u015fisel Bak\u0131m \u00fcr\u00fcnleri, G\u00fcne\u015f bak\u0131m\u0131, Bebek G\u00fcne\u015f bak\u0131m\u0131, G\u00fcnl\u00fck cilt bak\u0131m\u0131, G\u00fcne\u015f korumal\u0131 dekoratif kozmetik, Geni\u015f spektrumlu UV-A filtresi.<\/p>\n<p><strong>Avobenzone Paketleme ve Nakliye<\/strong><\/p>\n<p>25kgs\/tambur, 25kgs\/karton.<\/p>\n<p><strong>Avobenzon Depolama<\/strong><\/p>\n<p>S\u0131k\u0131, \u0131\u015f\u0131\u011fa dayan\u0131kl\u0131 kaplarda muhafaza edin. Orijinal, a\u00e7\u0131lmam\u0131\u015f kaplarda raf \u00f6mr\u00fc \u00fc\u00e7 y\u0131ld\u0131r.<\/p>\n<h2><strong>\u015eimdi Bize Ula\u015f\u0131n!<\/strong><\/h2>\n<p><strong>COA, MSDS veya TDS'ye ihtiyac\u0131n\u0131z varsa <span style=\"color: #00ccff;\"><a style=\"color: #00ccff;\" href=\"https:\/\/changhongchemical.com\/product-category\/lcsorb-uv-absorber\/\">UV Emici<\/a><\/span>l\u00fctfen ileti\u015fim bilgilerinizi a\u015fa\u011f\u0131daki forma doldurun, genellikle 24 saat i\u00e7inde sizinle ileti\u015fime ge\u00e7ece\u011fiz. Bana e-posta da g\u00f6nderebilirsiniz <span style=\"color: #00ccff;\"><a style=\"color: #00ccff;\" href=\"mailto:info@changhongchemical.com\">info@changhongchemical.com<\/a> <\/span>\u00c7al\u0131\u015fma saatleri i\u00e7inde (8:30 - 6:00 UTC+8 Pzt.~Sat.) veya h\u0131zl\u0131 yan\u0131t almak i\u00e7in web sitesi canl\u0131 sohbetini kullan\u0131n.<\/strong><\/p>","protected":false},"excerpt":{"rendered":"<p>Kimyasal Ad\u0131: Avobenzon<\/p>\n<p>CAS No.:70356-09-1<\/p>\n<p>Molek\u00fcler Form\u00fcl: C20H22O3<\/p>\n<p>Molek\u00fcler A\u011f\u0131rl\u0131k:310.40<\/p>\n<p>G\u00f6r\u00fcn\u00fcm:Beyaz veya soluk sar\u0131 kristal toz<\/p>\n<p>Kimyasal Yap\u0131:<img decoding=\"async\" title=\"Avobenzon Yap\u0131s\u0131\" src=\"https:\/\/changhongchemical.com\/wp-content\/uploads\/product-details\/20200612299243.png\" alt=\"Avobenzon Yap\u0131s\u0131\" width=\"181\" height=\"81\" border=\"0\" vspace=\"0\" \/><\/p>","protected":false},"featured_media":7937,"comment_status":"open","ping_status":"closed","template":"","meta":[],"product_brand":[],"product_cat":[139],"product_tag":[],"class_list":{"0":"post-3723","1":"product","2":"type-product","3":"status-publish","4":"has-post-thumbnail","6":"product_cat-uv-absorber","8":"first","9":"instock","10":"shipping-taxable","11":"product-type-simple"},"yoast_head":"<!-- This site is optimized with the Yoast SEO plugin v27.4 - https:\/\/yoast.com\/product\/yoast-seo-wordpress\/ -->\n<title>China CHLUMIUV\u00ae UV - 1789 \/ Avobenzone CAS 70356-09-1 Manufacturer - Changhong Chemical<\/title>\n<meta name=\"description\" content=\"Chemical Name: Avobenzone CAS No.:70356-09-1 Molecular Formula: C20H22O3 Molecular Weight:310.40 Appearance:White or pale yellow crystalline...\" \/>\n<meta name=\"robots\" content=\"index, follow, max-snippet:-1, max-image-preview:large, max-video-preview:-1\" \/>\n<link rel=\"canonical\" href=\"https:\/\/changhongchemical.com\/tr\/product\/avobenzone-cas-70356-09-1\/\" \/>\n<meta property=\"og:locale\" content=\"tr_TR\" \/>\n<meta property=\"og:type\" content=\"article\" \/>\n<meta property=\"og:title\" content=\"China CHLUMIUV\u00ae UV - 1789 \/ Avobenzone CAS 70356-09-1 Manufacturer - Changhong Chemical\" \/>\n<meta property=\"og:description\" content=\"Chemical Name: Avobenzone CAS No.:70356-09-1 Molecular Formula: C20H22O3 Molecular Weight:310.40 Appearance:White or pale yellow crystalline...\" \/>\n<meta property=\"og:url\" content=\"https:\/\/changhongchemical.com\/tr\/product\/avobenzone-cas-70356-09-1\/\" \/>\n<meta property=\"og:site_name\" content=\"Changhong Chemical\" \/>\n<meta property=\"article:modified_time\" content=\"2026-01-07T09:44:06+00:00\" \/>\n<meta property=\"og:image\" content=\"https:\/\/changhongchemical.com\/wp-content\/uploads\/2023\/05\/70356-09-1.jpg\" \/>\n\t<meta property=\"og:image:width\" content=\"600\" \/>\n\t<meta property=\"og:image:height\" content=\"600\" \/>\n\t<meta property=\"og:image:type\" content=\"image\/jpeg\" \/>\n<meta name=\"twitter:card\" content=\"summary_large_image\" \/>\n<meta name=\"twitter:label1\" content=\"Tahmini okuma s\u00fcresi\" \/>\n\t<meta name=\"twitter:data1\" content=\"1 dakika\" \/>\n<script type=\"application\/ld+json\" class=\"yoast-schema-graph\">{\"@context\":\"https:\\\/\\\/schema.org\",\"@graph\":[{\"@type\":\"WebPage\",\"@id\":\"https:\\\/\\\/changhongchemical.com\\\/product\\\/avobenzone-cas-70356-09-1\\\/\",\"url\":\"https:\\\/\\\/changhongchemical.com\\\/product\\\/avobenzone-cas-70356-09-1\\\/\",\"name\":\"China CHLUMIUV\u00ae UV - 1789 \\\/ Avobenzone CAS 70356-09-1 Manufacturer - Changhong Chemical\",\"isPartOf\":{\"@id\":\"https:\\\/\\\/changhongchemical.com\\\/#website\"},\"primaryImageOfPage\":{\"@id\":\"https:\\\/\\\/changhongchemical.com\\\/product\\\/avobenzone-cas-70356-09-1\\\/#primaryimage\"},\"image\":{\"@id\":\"https:\\\/\\\/changhongchemical.com\\\/product\\\/avobenzone-cas-70356-09-1\\\/#primaryimage\"},\"thumbnailUrl\":\"https:\\\/\\\/changhongchemical.com\\\/wp-content\\\/uploads\\\/2023\\\/05\\\/70356-09-1.jpg\",\"datePublished\":\"2023-05-17T14:07:57+00:00\",\"dateModified\":\"2026-01-07T09:44:06+00:00\",\"description\":\"Chemical Name: Avobenzone CAS No.:70356-09-1 Molecular Formula: C20H22O3 Molecular Weight:310.40 Appearance:White or pale yellow crystalline...\",\"breadcrumb\":{\"@id\":\"https:\\\/\\\/changhongchemical.com\\\/product\\\/avobenzone-cas-70356-09-1\\\/#breadcrumb\"},\"inLanguage\":\"tr\",\"potentialAction\":[{\"@type\":\"ReadAction\",\"target\":[\"https:\\\/\\\/changhongchemical.com\\\/product\\\/avobenzone-cas-70356-09-1\\\/\"]}]},{\"@type\":\"ImageObject\",\"inLanguage\":\"tr\",\"@id\":\"https:\\\/\\\/changhongchemical.com\\\/product\\\/avobenzone-cas-70356-09-1\\\/#primaryimage\",\"url\":\"https:\\\/\\\/changhongchemical.com\\\/wp-content\\\/uploads\\\/2023\\\/05\\\/70356-09-1.jpg\",\"contentUrl\":\"https:\\\/\\\/changhongchemical.com\\\/wp-content\\\/uploads\\\/2023\\\/05\\\/70356-09-1.jpg\",\"width\":600,\"height\":600},{\"@type\":\"BreadcrumbList\",\"@id\":\"https:\\\/\\\/changhongchemical.com\\\/product\\\/avobenzone-cas-70356-09-1\\\/#breadcrumb\",\"itemListElement\":[{\"@type\":\"ListItem\",\"position\":1,\"name\":\"Home\",\"item\":\"https:\\\/\\\/changhongchemical.com\\\/\"},{\"@type\":\"ListItem\",\"position\":2,\"name\":\"Products Changhong\",\"item\":\"https:\\\/\\\/changhongchemical.com\\\/product\\\/\"},{\"@type\":\"ListItem\",\"position\":3,\"name\":\"CHLUMIUV\u00ae UV &#8211; 1789 \\\/ Avobenzone CAS 70356-09-1\"}]},{\"@type\":\"WebSite\",\"@id\":\"https:\\\/\\\/changhongchemical.com\\\/#website\",\"url\":\"https:\\\/\\\/changhongchemical.com\\\/\",\"name\":\"Changhong Chemical\",\"description\":\"China chemical manufacturer \uff06 supplier\",\"publisher\":{\"@id\":\"https:\\\/\\\/changhongchemical.com\\\/#organization\"},\"potentialAction\":[{\"@type\":\"SearchAction\",\"target\":{\"@type\":\"EntryPoint\",\"urlTemplate\":\"https:\\\/\\\/changhongchemical.com\\\/?s={search_term_string}\"},\"query-input\":{\"@type\":\"PropertyValueSpecification\",\"valueRequired\":true,\"valueName\":\"search_term_string\"}}],\"inLanguage\":\"tr\"},{\"@type\":\"Organization\",\"@id\":\"https:\\\/\\\/changhongchemical.com\\\/#organization\",\"name\":\"Changhong Chemical\",\"url\":\"https:\\\/\\\/changhongchemical.com\\\/\",\"logo\":{\"@type\":\"ImageObject\",\"inLanguage\":\"tr\",\"@id\":\"https:\\\/\\\/changhongchemical.com\\\/#\\\/schema\\\/logo\\\/image\\\/\",\"url\":\"https:\\\/\\\/changhongchemical.com\\\/wp-content\\\/uploads\\\/2020\\\/08\\\/cropped-longchang-logo.png\",\"contentUrl\":\"https:\\\/\\\/changhongchemical.com\\\/wp-content\\\/uploads\\\/2020\\\/08\\\/cropped-longchang-logo.png\",\"width\":512,\"height\":512,\"caption\":\"Changhong Chemical\"},\"image\":{\"@id\":\"https:\\\/\\\/changhongchemical.com\\\/#\\\/schema\\\/logo\\\/image\\\/\"}}]}<\/script>\n<!-- \/ Yoast SEO plugin. -->","yoast_head_json":{"title":"\u00c7in CHLUMIUV\u00ae UV - 1789 \/ Avobenzone CAS 70356-09-1 \u00dcretici - Changhong Chemical","description":"Chemical Name: Avobenzone CAS No.:70356-09-1 Molecular Formula: C20H22O3 Molecular Weight:310.40 Appearance:White or pale yellow crystalline...","robots":{"index":"index","follow":"follow","max-snippet":"max-snippet:-1","max-image-preview":"max-image-preview:large","max-video-preview":"max-video-preview:-1"},"canonical":"https:\/\/changhongchemical.com\/tr\/product\/avobenzone-cas-70356-09-1\/","og_locale":"tr_TR","og_type":"article","og_title":"China CHLUMIUV\u00ae UV - 1789 \/ Avobenzone CAS 70356-09-1 Manufacturer - Changhong Chemical","og_description":"Chemical Name: Avobenzone CAS No.:70356-09-1 Molecular Formula: C20H22O3 Molecular Weight:310.40 Appearance:White or pale yellow crystalline...","og_url":"https:\/\/changhongchemical.com\/tr\/product\/avobenzone-cas-70356-09-1\/","og_site_name":"Changhong Chemical","article_modified_time":"2026-01-07T09:44:06+00:00","og_image":[{"width":600,"height":600,"url":"https:\/\/changhongchemical.com\/wp-content\/uploads\/2023\/05\/70356-09-1.jpg","type":"image\/jpeg"}],"twitter_card":"summary_large_image","twitter_misc":{"Tahmini okuma s\u00fcresi":"1 dakika"},"schema":{"@context":"https:\/\/schema.org","@graph":[{"@type":"WebPage","@id":"https:\/\/changhongchemical.com\/product\/avobenzone-cas-70356-09-1\/","url":"https:\/\/changhongchemical.com\/product\/avobenzone-cas-70356-09-1\/","name":"\u00c7in CHLUMIUV\u00ae UV - 1789 \/ Avobenzone CAS 70356-09-1 \u00dcretici - Changhong Chemical","isPartOf":{"@id":"https:\/\/changhongchemical.com\/#website"},"primaryImageOfPage":{"@id":"https:\/\/changhongchemical.com\/product\/avobenzone-cas-70356-09-1\/#primaryimage"},"image":{"@id":"https:\/\/changhongchemical.com\/product\/avobenzone-cas-70356-09-1\/#primaryimage"},"thumbnailUrl":"https:\/\/changhongchemical.com\/wp-content\/uploads\/2023\/05\/70356-09-1.jpg","datePublished":"2023-05-17T14:07:57+00:00","dateModified":"2026-01-07T09:44:06+00:00","description":"Chemical Name: Avobenzone CAS No.:70356-09-1 Molecular Formula: C20H22O3 Molecular Weight:310.40 Appearance:White or pale yellow crystalline...","breadcrumb":{"@id":"https:\/\/changhongchemical.com\/product\/avobenzone-cas-70356-09-1\/#breadcrumb"},"inLanguage":"tr","potentialAction":[{"@type":"ReadAction","target":["https:\/\/changhongchemical.com\/product\/avobenzone-cas-70356-09-1\/"]}]},{"@type":"ImageObject","inLanguage":"tr","@id":"https:\/\/changhongchemical.com\/product\/avobenzone-cas-70356-09-1\/#primaryimage","url":"https:\/\/changhongchemical.com\/wp-content\/uploads\/2023\/05\/70356-09-1.jpg","contentUrl":"https:\/\/changhongchemical.com\/wp-content\/uploads\/2023\/05\/70356-09-1.jpg","width":600,"height":600},{"@type":"BreadcrumbList","@id":"https:\/\/changhongchemical.com\/product\/avobenzone-cas-70356-09-1\/#breadcrumb","itemListElement":[{"@type":"ListItem","position":1,"name":"Home","item":"https:\/\/changhongchemical.com\/"},{"@type":"ListItem","position":2,"name":"Products Changhong","item":"https:\/\/changhongchemical.com\/product\/"},{"@type":"ListItem","position":3,"name":"CHLUMIUV\u00ae UV &#8211; 1789 \/ Avobenzone CAS 70356-09-1"}]},{"@type":"WebSite","@id":"https:\/\/changhongchemical.com\/#website","url":"https:\/\/changhongchemical.com\/","name":"Longchang Kimya","description":"\u00c7in kimyasal \u00fcreticisi \uff06 tedarik\u00e7isi","publisher":{"@id":"https:\/\/changhongchemical.com\/#organization"},"potentialAction":[{"@type":"SearchAction","target":{"@type":"EntryPoint","urlTemplate":"https:\/\/changhongchemical.com\/?s={search_term_string}"},"query-input":{"@type":"PropertyValueSpecification","valueRequired":true,"valueName":"search_term_string"}}],"inLanguage":"tr"},{"@type":"Organization","@id":"https:\/\/changhongchemical.com\/#organization","name":"Longchang Kimya","url":"https:\/\/changhongchemical.com\/","logo":{"@type":"ImageObject","inLanguage":"tr","@id":"https:\/\/changhongchemical.com\/#\/schema\/logo\/image\/","url":"https:\/\/changhongchemical.com\/wp-content\/uploads\/2020\/08\/cropped-longchang-logo.png","contentUrl":"https:\/\/changhongchemical.com\/wp-content\/uploads\/2020\/08\/cropped-longchang-logo.png","width":512,"height":512,"caption":"Changhong Chemical"},"image":{"@id":"https:\/\/changhongchemical.com\/#\/schema\/logo\/image\/"}}]}},"_links":{"self":[{"href":"https:\/\/changhongchemical.com\/tr\/wp-json\/wp\/v2\/product\/3723","targetHints":{"allow":["GET"]}}],"collection":[{"href":"https:\/\/changhongchemical.com\/tr\/wp-json\/wp\/v2\/product"}],"about":[{"href":"https:\/\/changhongchemical.com\/tr\/wp-json\/wp\/v2\/types\/product"}],"replies":[{"embeddable":true,"href":"https:\/\/changhongchemical.com\/tr\/wp-json\/wp\/v2\/comments?post=3723"}],"wp:featuredmedia":[{"embeddable":true,"href":"https:\/\/changhongchemical.com\/tr\/wp-json\/wp\/v2\/media\/7937"}],"wp:attachment":[{"href":"https:\/\/changhongchemical.com\/tr\/wp-json\/wp\/v2\/media?parent=3723"}],"wp:term":[{"taxonomy":"product_brand","embeddable":true,"href":"https:\/\/changhongchemical.com\/tr\/wp-json\/wp\/v2\/product_brand?post=3723"},{"taxonomy":"product_cat","embeddable":true,"href":"https:\/\/changhongchemical.com\/tr\/wp-json\/wp\/v2\/product_cat?post=3723"},{"taxonomy":"product_tag","embeddable":true,"href":"https:\/\/changhongchemical.com\/tr\/wp-json\/wp\/v2\/product_tag?post=3723"}],"curies":[{"name":"wp","href":"https:\/\/api.w.org\/{rel}","templated":true}]}}