{"id":9293,"date":"2025-11-17T02:01:28","date_gmt":"2025-11-17T02:01:28","guid":{"rendered":"https:\/\/changhongchemical.com\/?post_type=product&#038;p=9293"},"modified":"2025-11-17T02:01:28","modified_gmt":"2025-11-17T02:01:28","slug":"chluminitone","status":"publish","type":"product","link":"https:\/\/changhongchemical.com\/pt\/product\/chluminitone\/","title":{"rendered":"CHLUMINIT\u00aeONE"},"content":{"rendered":"<p><b>Especifica\u00e7\u00e3o <\/b><\/p>\n<p>Apar\u00eancia: P\u00f3 branco a esbranqui\u00e7ado<\/p>\n<p>Conte\u00fado: \u226598.0%<\/p>\n<p>Ponto de fus\u00e3o: 100-120\u00b0C<\/p>\n<p>Solubilidade: Insol\u00favel em \u00e1gua, sol\u00favel na maioria dos solventes org\u00e2nicos comuns, mon\u00f4meros, pr\u00e9-pol\u00edmeros; compat\u00edvel com<\/p>\n<p>resinas.<\/p>\n<p><b>Aplicativos <\/b><\/p>\n<p>Revestimentos transparentes para madeira, pl\u00e1stico, papel, metal, fibras \u00f3pticas; Revestimentos para pisos; Adesivos; Tintas de impress\u00e3o, especialmente<\/p>\n<p>para embalagens de alimentos; placas de impress\u00e3o.<\/p>\n<p>A concentra\u00e7\u00e3o ideal est\u00e1 entre 0,5 e 5% por peso e depende da composi\u00e7\u00e3o do sistema, da espessura e da<\/p>\n<p>velocidade de cura desejada.<\/p>\n<p><b>Seguran\u00e7a e manuseio <\/b><\/p>\n<p>As seguintes precau\u00e7\u00f5es de manuseio devem ser observadas:<\/p>\n<p>- Garanta uma \u00e1rea de trabalho limpa e bem ventilada<\/p>\n<p>- Evite o contato com a pele (luvas)<\/p>\n<p>- Use \u00f3culos de prote\u00e7\u00e3o para evitar irrita\u00e7\u00e3o nos olhos<\/p>\n<p>Prazo de validade: 12 meses quando o HRcure-ONE \u00e9 armazenado em uma \u00e1rea seca, abaixo de 25\u00b0C e no escuro.<\/p>","protected":false},"excerpt":{"rendered":"<p>&nbsp;<\/p>\n<p><strong>Instru\u00e7\u00f5es de aplica\u00e7\u00e3o<\/strong><\/p>\n<p>\u00e9 uma \u0251-hidroxicetona polifuncional oligom\u00e9rica caracterizada por alta reatividade e n\u00e3o amarelamento<\/p>\n<p>propriedades. \u00c9 especialmente recomendado quando n\u00e3o h\u00e1 necessidade de migra\u00e7\u00e3o, baixo odor e caracter\u00edsticas de baixo amarelamento.<\/p>\n<p>\u00c9 adequado para sistemas cur\u00e1veis por UV \u00e0 base de \u00e1gua quando pr\u00e9-dilu\u00eddo em um solvente compat\u00edvel com \u00e1gua.<\/p>","protected":false},"featured_media":0,"comment_status":"closed","ping_status":"closed","template":"","meta":[],"product_brand":[],"product_cat":[154],"product_tag":[],"class_list":{"0":"post-9293","1":"product","2":"type-product","3":"status-publish","5":"product_cat-aproducts","7":"first","8":"instock","9":"shipping-taxable","10":"product-type-simple"},"yoast_head":"<!-- This site is optimized with the Yoast SEO plugin v27.4 - https:\/\/yoast.com\/product\/yoast-seo-wordpress\/ -->\n<title>CHLUMINIT\u00aeONE - Changhong Chemical<\/title>\n<meta name=\"description\" content=\"is an oligomeric polyfunctional \u0251-hydroxyketone characterized by high reactivity and non-yellowingproperties. It is particularly recommended when no migration, low odor and low yellowing characteristics are required.It is suitable for water based UV curable systems when prediluted in a water compatible solvent.\" \/>\n<meta name=\"robots\" content=\"index, follow, max-snippet:-1, max-image-preview:large, max-video-preview:-1\" \/>\n<link rel=\"canonical\" href=\"https:\/\/changhongchemical.com\/pt\/product\/chluminitone\/\" \/>\n<meta property=\"og:locale\" content=\"pt_BR\" \/>\n<meta property=\"og:type\" content=\"article\" \/>\n<meta property=\"og:title\" content=\"CHLUMINIT\u00aeONE - Changhong Chemical\" \/>\n<meta property=\"og:description\" content=\"is an oligomeric polyfunctional \u0251-hydroxyketone characterized by high reactivity and non-yellowingproperties. It is particularly recommended when no migration, low odor and low yellowing characteristics are required.It is suitable for water based UV curable systems when prediluted in a water compatible solvent.\" \/>\n<meta property=\"og:url\" content=\"https:\/\/changhongchemical.com\/pt\/product\/chluminitone\/\" \/>\n<meta property=\"og:site_name\" content=\"Changhong Chemical\" \/>\n<meta property=\"og:image\" content=\"https:\/\/changhongchemical.com\/wp-content\/uploads\/2024\/02\/logo-jpeg.jpg\" \/>\n\t<meta property=\"og:image:width\" content=\"1000\" \/>\n\t<meta property=\"og:image:height\" content=\"1000\" \/>\n\t<meta property=\"og:image:type\" content=\"image\/jpeg\" \/>\n<meta name=\"twitter:card\" content=\"summary_large_image\" \/>\n<meta name=\"twitter:label1\" content=\"Est. tempo de leitura\" \/>\n\t<meta name=\"twitter:data1\" content=\"1 minuto\" \/>\n<script type=\"application\/ld+json\" class=\"yoast-schema-graph\">{\"@context\":\"https:\\\/\\\/schema.org\",\"@graph\":[{\"@type\":\"WebPage\",\"@id\":\"https:\\\/\\\/changhongchemical.com\\\/product\\\/chluminitone\\\/\",\"url\":\"https:\\\/\\\/changhongchemical.com\\\/product\\\/chluminitone\\\/\",\"name\":\"CHLUMINIT\u00aeONE - Changhong Chemical\",\"isPartOf\":{\"@id\":\"https:\\\/\\\/changhongchemical.com\\\/#website\"},\"datePublished\":\"2025-11-17T02:01:28+00:00\",\"description\":\"is an oligomeric polyfunctional \u0251-hydroxyketone characterized by high reactivity and non-yellowingproperties. It is particularly recommended when no migration, low odor and low yellowing characteristics are required.It is suitable for water based UV curable systems when prediluted in a water compatible solvent.\",\"breadcrumb\":{\"@id\":\"https:\\\/\\\/changhongchemical.com\\\/product\\\/chluminitone\\\/#breadcrumb\"},\"inLanguage\":\"pt-BR\",\"potentialAction\":[{\"@type\":\"ReadAction\",\"target\":[\"https:\\\/\\\/changhongchemical.com\\\/product\\\/chluminitone\\\/\"]}]},{\"@type\":\"BreadcrumbList\",\"@id\":\"https:\\\/\\\/changhongchemical.com\\\/product\\\/chluminitone\\\/#breadcrumb\",\"itemListElement\":[{\"@type\":\"ListItem\",\"position\":1,\"name\":\"Home\",\"item\":\"https:\\\/\\\/changhongchemical.com\\\/\"},{\"@type\":\"ListItem\",\"position\":2,\"name\":\"Products Changhong\",\"item\":\"https:\\\/\\\/changhongchemical.com\\\/product\\\/\"},{\"@type\":\"ListItem\",\"position\":3,\"name\":\"CHLUMINIT\u00aeONE\"}]},{\"@type\":\"WebSite\",\"@id\":\"https:\\\/\\\/changhongchemical.com\\\/#website\",\"url\":\"https:\\\/\\\/changhongchemical.com\\\/\",\"name\":\"Changhong Chemical\",\"description\":\"China chemical manufacturer \uff06 supplier\",\"publisher\":{\"@id\":\"https:\\\/\\\/changhongchemical.com\\\/#organization\"},\"potentialAction\":[{\"@type\":\"SearchAction\",\"target\":{\"@type\":\"EntryPoint\",\"urlTemplate\":\"https:\\\/\\\/changhongchemical.com\\\/?s={search_term_string}\"},\"query-input\":{\"@type\":\"PropertyValueSpecification\",\"valueRequired\":true,\"valueName\":\"search_term_string\"}}],\"inLanguage\":\"pt-BR\"},{\"@type\":\"Organization\",\"@id\":\"https:\\\/\\\/changhongchemical.com\\\/#organization\",\"name\":\"Changhong Chemical\",\"url\":\"https:\\\/\\\/changhongchemical.com\\\/\",\"logo\":{\"@type\":\"ImageObject\",\"inLanguage\":\"pt-BR\",\"@id\":\"https:\\\/\\\/changhongchemical.com\\\/#\\\/schema\\\/logo\\\/image\\\/\",\"url\":\"https:\\\/\\\/changhongchemical.com\\\/wp-content\\\/uploads\\\/2020\\\/08\\\/cropped-longchang-logo.png\",\"contentUrl\":\"https:\\\/\\\/changhongchemical.com\\\/wp-content\\\/uploads\\\/2020\\\/08\\\/cropped-longchang-logo.png\",\"width\":512,\"height\":512,\"caption\":\"Changhong Chemical\"},\"image\":{\"@id\":\"https:\\\/\\\/changhongchemical.com\\\/#\\\/schema\\\/logo\\\/image\\\/\"}}]}<\/script>\n<!-- \/ Yoast SEO plugin. -->","yoast_head_json":{"title":"CHLUMINIT\u00aeONE - Changhong Chemical","description":"\u00e9 uma \u0251-hidroxicetona polifuncional oligom\u00e9rica caracterizada por alta reatividade e propriedades de n\u00e3o amarelamento. \u00c9 particularmente recomendada quando n\u00e3o h\u00e1 necessidade de migra\u00e7\u00e3o, baixo odor e caracter\u00edsticas de baixo amarelamento. \u00c9 adequada para sistemas cur\u00e1veis por UV \u00e0 base de \u00e1gua quando pr\u00e9-dilu\u00edda em um solvente compat\u00edvel com \u00e1gua.","robots":{"index":"index","follow":"follow","max-snippet":"max-snippet:-1","max-image-preview":"max-image-preview:large","max-video-preview":"max-video-preview:-1"},"canonical":"https:\/\/changhongchemical.com\/pt\/product\/chluminitone\/","og_locale":"pt_BR","og_type":"article","og_title":"CHLUMINIT\u00aeONE - Changhong Chemical","og_description":"is an oligomeric polyfunctional \u0251-hydroxyketone characterized by high reactivity and non-yellowingproperties. It is particularly recommended when no migration, low odor and low yellowing characteristics are required.It is suitable for water based UV curable systems when prediluted in a water compatible solvent.","og_url":"https:\/\/changhongchemical.com\/pt\/product\/chluminitone\/","og_site_name":"Changhong Chemical","og_image":[{"width":1000,"height":1000,"url":"https:\/\/changhongchemical.com\/wp-content\/uploads\/2024\/02\/logo-jpeg.jpg","type":"image\/jpeg"}],"twitter_card":"summary_large_image","twitter_misc":{"Est. tempo de leitura":"1 minuto"},"schema":{"@context":"https:\/\/schema.org","@graph":[{"@type":"WebPage","@id":"https:\/\/changhongchemical.com\/product\/chluminitone\/","url":"https:\/\/changhongchemical.com\/product\/chluminitone\/","name":"CHLUMINIT\u00aeONE - Changhong Chemical","isPartOf":{"@id":"https:\/\/changhongchemical.com\/#website"},"datePublished":"2025-11-17T02:01:28+00:00","description":"\u00e9 uma \u0251-hidroxicetona polifuncional oligom\u00e9rica caracterizada por alta reatividade e propriedades de n\u00e3o amarelamento. \u00c9 particularmente recomendada quando n\u00e3o h\u00e1 necessidade de migra\u00e7\u00e3o, baixo odor e caracter\u00edsticas de baixo amarelamento. \u00c9 adequada para sistemas cur\u00e1veis por UV \u00e0 base de \u00e1gua quando pr\u00e9-dilu\u00edda em um solvente compat\u00edvel com \u00e1gua.","breadcrumb":{"@id":"https:\/\/changhongchemical.com\/product\/chluminitone\/#breadcrumb"},"inLanguage":"pt-BR","potentialAction":[{"@type":"ReadAction","target":["https:\/\/changhongchemical.com\/product\/chluminitone\/"]}]},{"@type":"BreadcrumbList","@id":"https:\/\/changhongchemical.com\/product\/chluminitone\/#breadcrumb","itemListElement":[{"@type":"ListItem","position":1,"name":"Home","item":"https:\/\/changhongchemical.com\/"},{"@type":"ListItem","position":2,"name":"Products Changhong","item":"https:\/\/changhongchemical.com\/product\/"},{"@type":"ListItem","position":3,"name":"CHLUMINIT\u00aeONE"}]},{"@type":"WebSite","@id":"https:\/\/changhongchemical.com\/#website","url":"https:\/\/changhongchemical.com\/","name":"Qu\u00edmica Longchang","description":"Fabricante de produtos qu\u00edmicos na China \uff06 fornecedor","publisher":{"@id":"https:\/\/changhongchemical.com\/#organization"},"potentialAction":[{"@type":"SearchAction","target":{"@type":"EntryPoint","urlTemplate":"https:\/\/changhongchemical.com\/?s={search_term_string}"},"query-input":{"@type":"PropertyValueSpecification","valueRequired":true,"valueName":"search_term_string"}}],"inLanguage":"pt-BR"},{"@type":"Organization","@id":"https:\/\/changhongchemical.com\/#organization","name":"Qu\u00edmica Longchang","url":"https:\/\/changhongchemical.com\/","logo":{"@type":"ImageObject","inLanguage":"pt-BR","@id":"https:\/\/changhongchemical.com\/#\/schema\/logo\/image\/","url":"https:\/\/changhongchemical.com\/wp-content\/uploads\/2020\/08\/cropped-longchang-logo.png","contentUrl":"https:\/\/changhongchemical.com\/wp-content\/uploads\/2020\/08\/cropped-longchang-logo.png","width":512,"height":512,"caption":"Changhong Chemical"},"image":{"@id":"https:\/\/changhongchemical.com\/#\/schema\/logo\/image\/"}}]}},"_links":{"self":[{"href":"https:\/\/changhongchemical.com\/pt\/wp-json\/wp\/v2\/product\/9293","targetHints":{"allow":["GET"]}}],"collection":[{"href":"https:\/\/changhongchemical.com\/pt\/wp-json\/wp\/v2\/product"}],"about":[{"href":"https:\/\/changhongchemical.com\/pt\/wp-json\/wp\/v2\/types\/product"}],"replies":[{"embeddable":true,"href":"https:\/\/changhongchemical.com\/pt\/wp-json\/wp\/v2\/comments?post=9293"}],"wp:attachment":[{"href":"https:\/\/changhongchemical.com\/pt\/wp-json\/wp\/v2\/media?parent=9293"}],"wp:term":[{"taxonomy":"product_brand","embeddable":true,"href":"https:\/\/changhongchemical.com\/pt\/wp-json\/wp\/v2\/product_brand?post=9293"},{"taxonomy":"product_cat","embeddable":true,"href":"https:\/\/changhongchemical.com\/pt\/wp-json\/wp\/v2\/product_cat?post=9293"},{"taxonomy":"product_tag","embeddable":true,"href":"https:\/\/changhongchemical.com\/pt\/wp-json\/wp\/v2\/product_tag?post=9293"}],"curies":[{"name":"wp","href":"https:\/\/api.w.org\/{rel}","templated":true}]}}