{"id":8392,"date":"2025-03-26T08:34:41","date_gmt":"2025-03-26T08:34:41","guid":{"rendered":"https:\/\/changhongchemical.com\/?post_type=product&#038;p=8392"},"modified":"2025-05-12T03:01:36","modified_gmt":"2025-05-12T03:01:36","slug":"ninafluorobutyl-vinyl","status":"publish","type":"product","link":"https:\/\/changhongchemical.com\/pt\/product\/ninafluorobutyl-vinyl\/","title":{"rendered":"CHLUMOFIUOR\u00ae Ninafluorobutyl vinyl"},"content":{"rendered":"<p>Indicadores de produtos<\/p>\n<table style=\"border-collapse: collapse; width: 730.52pt;\" border=\"0\" width=\"974\" cellspacing=\"0\" cellpadding=\"0\">\n<tbody>\n<tr style=\"height: 13.50pt;\">\n<td style=\"height: 13.50pt; width: 145.50pt;\" width=\"194\" height=\"18\">Modelo<\/td>\n<td style=\"width: 97.50pt;\" width=\"130\"><\/td>\n<td style=\"width: 156.75pt;\" width=\"209\"><\/td>\n<td style=\"width: 168.00pt;\" width=\"224\"><\/td>\n<td style=\"width: 162.75pt;\" width=\"217\"><\/td>\n<\/tr>\n<tr style=\"height: 13.50pt;\">\n<td style=\"height: 13.50pt;\" height=\"18\"><\/td>\n<td><\/td>\n<td>FL\u00ae PFBE01<\/td>\n<td>FL\u00ae PFBE02<\/td>\n<td>FL\u00ae PFBE03<\/td>\n<\/tr>\n<tr style=\"height: 13.50pt;\">\n<td style=\"height: 13.50pt;\" height=\"18\">Componentes<\/td>\n<td>Unidade: PFBE<\/td>\n<td>Especifica\u00e7\u00f5es t\u00e9cnicas<\/td>\n<td>Especifica\u00e7\u00f5es t\u00e9cnicas<\/td>\n<td>Especifica\u00e7\u00f5es t\u00e9cnicas<\/td>\n<\/tr>\n<tr style=\"height: 13.50pt;\">\n<td style=\"height: 13.50pt;\" height=\"18\">Perfluorobutil etileno<\/td>\n<td>%<\/td>\n<td>&gt;98<\/td>\n<td>&gt;99<\/td>\n<td>&gt;99.5<\/td>\n<\/tr>\n<tr style=\"height: 13.50pt;\">\n<td style=\"height: 13.50pt;\" height=\"18\">Perfluorohexano<\/td>\n<td>%<\/td>\n<td>&lt;2.0<\/td>\n<td>\/<\/td>\n<td>&lt;2.0<\/td>\n<\/tr>\n<tr style=\"height: 13.50pt;\">\n<td style=\"height: 13.50pt;\" height=\"18\">Perfluorohexiletileno<\/td>\n<td>%<\/td>\n<td>&lt;1.0<\/td>\n<td>\/<\/td>\n<td>&lt;1.0<\/td>\n<\/tr>\n<tr style=\"height: 13.50pt;\">\n<td style=\"height: 13.50pt;\" height=\"18\">Iodo total<\/td>\n<td>ppm<\/td>\n<td>&lt;150<\/td>\n<td>\/<\/td>\n<td>&lt;150<\/td>\n<\/tr>\n<\/tbody>\n<\/table>\n<p>\u00c1reas de aplica\u00e7\u00e3o:<\/p>\n<p>Tratamento de superf\u00edcie e lubrifica\u00e7\u00e3o, Limpeza, Solventes\/Refrigerantes, Resinas de silicone fluoradas e silanos<\/p>\n<p>Tabela de par\u00e2metros de propriedades f\u00edsicas<\/p>\n<table width=\"788\">\n<tbody>\n<tr>\n<td width=\"330\">Nome CAS<\/td>\n<td width=\"458\">3,3,4,4,5,5,5,6,6,6-Nonafluoro-1-hexene<\/td>\n<\/tr>\n<tr>\n<td>Outros nomes<\/td>\n<td>PFBE<\/td>\n<\/tr>\n<tr>\n<td>F\u00f3rmula molecular<\/td>\n<td>C4F9CH=CH2<\/td>\n<\/tr>\n<tr>\n<td width=\"330\">Peso molecular<\/td>\n<td>246<\/td>\n<\/tr>\n<tr>\n<td>Morfologia<\/td>\n<td>L\u00edquido<\/td>\n<\/tr>\n<tr>\n<td>Cor<\/td>\n<td>Incolor e transparente<\/td>\n<\/tr>\n<tr>\n<td>Odor<\/td>\n<td>\u00c9ter<\/td>\n<\/tr>\n<tr>\n<td>Ponto de ebuli\u00e7\u00e3o<\/td>\n<td>58 (136\u00b0F)<\/td>\n<\/tr>\n<tr>\n<td>Conte\u00fado de fl\u00faor, wt%<\/td>\n<td>69.5<\/td>\n<\/tr>\n<tr>\n<td>Densidade 25(77)<\/td>\n<td width=\"458\">1,4g\/cm3<\/td>\n<\/tr>\n<tr>\n<td width=\"330\">Ponto de espessamento<\/td>\n<td>&lt;25(77\u00b0F)<\/td>\n<\/tr>\n<tr>\n<td width=\"330\">Viscosidade, 25(77)<\/td>\n<td>&lt;7 cp<\/td>\n<\/tr>\n<tr>\n<td>Ponto de fulgor<\/td>\n<td>N\u00e3o inflam\u00e1vel<\/td>\n<\/tr>\n<\/tbody>\n<\/table>\n<p>Primeiros socorros pessoais, armazenamento e manuseio<\/p>\n<p>Este produto \u00e9 irritante para a pele e os olhos. Para evitar a exposi\u00e7\u00e3o, use luvas adequadas, \u00f3culos de seguran\u00e7a e outros equipamentos de prote\u00e7\u00e3o ao usar este produto e leia a MSDS antes de us\u00e1-lo.<\/p>\n<p>Informa\u00e7\u00f5es sobre embalagem e remessa<\/p>\n<p>Este produto n\u00e3o \u00e9 um produto tubular DOT, IMO ou IATA.<\/p>\n<h2><strong><b>Entre em contato conosco agora!<\/b><\/strong><\/h2>\n<h4><strong><b>Se precisar do Price, preencha suas informa\u00e7\u00f5es de contato no formul\u00e1rio abaixo. Normalmente, entraremos em contato dentro de 24 horas. Voc\u00ea tamb\u00e9m pode me enviar um e-mail\u00a0<span style=\"color: #00ccff;\"><a style=\"color: #00ccff;\" href=\"mailto:info@changhongchemical.com\">info@changhongchemical.com<\/a><\/span>\u00a0durante o hor\u00e1rio comercial (das 8h30 \u00e0s 18h UTC+8 de segunda a s\u00e1bado) ou use o bate-papo ao vivo do site para obter uma resposta imediata.<\/b><\/strong><\/h4>","protected":false},"excerpt":{"rendered":"<p>I. Introdu\u00e7\u00e3o<\/p>\n<p>O Ninafluorobutyl vinyl \u00e9 uma olefina fluorada que pode ser usada como aditivo, auxiliar de processamento ou mon\u00f4mero de copol\u00edmero para polimeriza\u00e7\u00e3o de radical livre. Ele cont\u00e9m quatro \u00e1tomos de carbono fluorados e \u00e9 um dos muitos mon\u00f4meros especiais fluorados oferecidos pela Fluorine Edge.<\/p>\n<p>Aplicativos<\/p>\n<p>O ninfluorobutil vinil \u00e9 um mon\u00f4mero fluorado com excelente desempenho, que pode ser usado para reduzir a energia da superf\u00edcie, melhorar a estabilidade qu\u00edmica e aumentar a lubricidade da superf\u00edcie. Ele pode ser usado como mon\u00f4mero para polimeriza\u00e7\u00e3o de radical livre em sistemas aquosos ou n\u00e3o aquosos e tamb\u00e9m pode ser misturado com pl\u00e1sticos para atuar como agente de libera\u00e7\u00e3o de molde.<\/p>","protected":false},"featured_media":0,"comment_status":"closed","ping_status":"closed","template":"","meta":[],"product_brand":[],"product_cat":[188],"product_tag":[],"class_list":{"0":"post-8392","1":"product","2":"type-product","3":"status-publish","5":"product_cat-fluorinated-fine-chemicals","7":"first","8":"instock","9":"shipping-taxable","10":"product-type-simple"},"yoast_head":"<!-- This site is optimized with the Yoast SEO plugin v27.4 - https:\/\/yoast.com\/product\/yoast-seo-wordpress\/ -->\n<title>China CHLUMOFIUOR\u00ae Ninafluorobutyl vinyl Manufacturer - Changhong Chemical<\/title>\n<meta name=\"description\" content=\"I. Introduction Ninafluorobutyl vinyl is a fluorinated olefin that can be used as an additive, processing aid, or copolymer monomer for free radical...\" \/>\n<meta name=\"robots\" content=\"index, follow, max-snippet:-1, max-image-preview:large, max-video-preview:-1\" \/>\n<link rel=\"canonical\" href=\"https:\/\/changhongchemical.com\/pt\/product\/ninafluorobutyl-vinyl\/\" \/>\n<meta property=\"og:locale\" content=\"pt_BR\" \/>\n<meta property=\"og:type\" content=\"article\" \/>\n<meta property=\"og:title\" content=\"China CHLUMOFIUOR\u00ae Ninafluorobutyl vinyl Manufacturer - Changhong Chemical\" \/>\n<meta property=\"og:description\" content=\"I. Introduction Ninafluorobutyl vinyl is a fluorinated olefin that can be used as an additive, processing aid, or copolymer monomer for free radical...\" \/>\n<meta property=\"og:url\" content=\"https:\/\/changhongchemical.com\/pt\/product\/ninafluorobutyl-vinyl\/\" \/>\n<meta property=\"og:site_name\" content=\"Changhong Chemical\" \/>\n<meta property=\"article:modified_time\" content=\"2025-05-12T03:01:36+00:00\" \/>\n<meta property=\"og:image\" content=\"https:\/\/changhongchemical.com\/wp-content\/uploads\/2024\/02\/logo-jpeg.jpg\" \/>\n\t<meta property=\"og:image:width\" content=\"1000\" \/>\n\t<meta property=\"og:image:height\" content=\"1000\" \/>\n\t<meta property=\"og:image:type\" content=\"image\/jpeg\" \/>\n<meta name=\"twitter:card\" content=\"summary_large_image\" \/>\n<meta name=\"twitter:label1\" content=\"Est. tempo de leitura\" \/>\n\t<meta name=\"twitter:data1\" content=\"1 minuto\" \/>\n<script type=\"application\/ld+json\" class=\"yoast-schema-graph\">{\"@context\":\"https:\\\/\\\/schema.org\",\"@graph\":[{\"@type\":\"WebPage\",\"@id\":\"https:\\\/\\\/changhongchemical.com\\\/product\\\/ninafluorobutyl-vinyl\\\/\",\"url\":\"https:\\\/\\\/changhongchemical.com\\\/product\\\/ninafluorobutyl-vinyl\\\/\",\"name\":\"China CHLUMOFIUOR\u00ae Ninafluorobutyl vinyl Manufacturer - Changhong Chemical\",\"isPartOf\":{\"@id\":\"https:\\\/\\\/changhongchemical.com\\\/#website\"},\"datePublished\":\"2025-03-26T08:34:41+00:00\",\"dateModified\":\"2025-05-12T03:01:36+00:00\",\"description\":\"I. Introduction Ninafluorobutyl vinyl is a fluorinated olefin that can be used as an additive, processing aid, or copolymer monomer for free radical...\",\"breadcrumb\":{\"@id\":\"https:\\\/\\\/changhongchemical.com\\\/product\\\/ninafluorobutyl-vinyl\\\/#breadcrumb\"},\"inLanguage\":\"pt-BR\",\"potentialAction\":[{\"@type\":\"ReadAction\",\"target\":[\"https:\\\/\\\/changhongchemical.com\\\/product\\\/ninafluorobutyl-vinyl\\\/\"]}]},{\"@type\":\"BreadcrumbList\",\"@id\":\"https:\\\/\\\/changhongchemical.com\\\/product\\\/ninafluorobutyl-vinyl\\\/#breadcrumb\",\"itemListElement\":[{\"@type\":\"ListItem\",\"position\":1,\"name\":\"Home\",\"item\":\"https:\\\/\\\/changhongchemical.com\\\/\"},{\"@type\":\"ListItem\",\"position\":2,\"name\":\"Products Changhong\",\"item\":\"https:\\\/\\\/changhongchemical.com\\\/product\\\/\"},{\"@type\":\"ListItem\",\"position\":3,\"name\":\"CHLUMOFIUOR\u00ae Ninafluorobutyl vinyl\"}]},{\"@type\":\"WebSite\",\"@id\":\"https:\\\/\\\/changhongchemical.com\\\/#website\",\"url\":\"https:\\\/\\\/changhongchemical.com\\\/\",\"name\":\"Changhong Chemical\",\"description\":\"China chemical manufacturer \uff06 supplier\",\"publisher\":{\"@id\":\"https:\\\/\\\/changhongchemical.com\\\/#organization\"},\"potentialAction\":[{\"@type\":\"SearchAction\",\"target\":{\"@type\":\"EntryPoint\",\"urlTemplate\":\"https:\\\/\\\/changhongchemical.com\\\/?s={search_term_string}\"},\"query-input\":{\"@type\":\"PropertyValueSpecification\",\"valueRequired\":true,\"valueName\":\"search_term_string\"}}],\"inLanguage\":\"pt-BR\"},{\"@type\":\"Organization\",\"@id\":\"https:\\\/\\\/changhongchemical.com\\\/#organization\",\"name\":\"Changhong Chemical\",\"url\":\"https:\\\/\\\/changhongchemical.com\\\/\",\"logo\":{\"@type\":\"ImageObject\",\"inLanguage\":\"pt-BR\",\"@id\":\"https:\\\/\\\/changhongchemical.com\\\/#\\\/schema\\\/logo\\\/image\\\/\",\"url\":\"https:\\\/\\\/changhongchemical.com\\\/wp-content\\\/uploads\\\/2020\\\/08\\\/cropped-longchang-logo.png\",\"contentUrl\":\"https:\\\/\\\/changhongchemical.com\\\/wp-content\\\/uploads\\\/2020\\\/08\\\/cropped-longchang-logo.png\",\"width\":512,\"height\":512,\"caption\":\"Changhong Chemical\"},\"image\":{\"@id\":\"https:\\\/\\\/changhongchemical.com\\\/#\\\/schema\\\/logo\\\/image\\\/\"}}]}<\/script>\n<!-- \/ Yoast SEO plugin. -->","yoast_head_json":{"title":"China CHLUMOFIUOR\u00ae Ninafluorobutyl vinyl Fabricante - Changhong Chemical","description":"I. Introduction Ninafluorobutyl vinyl is a fluorinated olefin that can be used as an additive, processing aid, or copolymer monomer for free radical...","robots":{"index":"index","follow":"follow","max-snippet":"max-snippet:-1","max-image-preview":"max-image-preview:large","max-video-preview":"max-video-preview:-1"},"canonical":"https:\/\/changhongchemical.com\/pt\/product\/ninafluorobutyl-vinyl\/","og_locale":"pt_BR","og_type":"article","og_title":"China CHLUMOFIUOR\u00ae Ninafluorobutyl vinyl Manufacturer - Changhong Chemical","og_description":"I. Introduction Ninafluorobutyl vinyl is a fluorinated olefin that can be used as an additive, processing aid, or copolymer monomer for free radical...","og_url":"https:\/\/changhongchemical.com\/pt\/product\/ninafluorobutyl-vinyl\/","og_site_name":"Changhong Chemical","article_modified_time":"2025-05-12T03:01:36+00:00","og_image":[{"width":1000,"height":1000,"url":"https:\/\/changhongchemical.com\/wp-content\/uploads\/2024\/02\/logo-jpeg.jpg","type":"image\/jpeg"}],"twitter_card":"summary_large_image","twitter_misc":{"Est. tempo de leitura":"1 minuto"},"schema":{"@context":"https:\/\/schema.org","@graph":[{"@type":"WebPage","@id":"https:\/\/changhongchemical.com\/product\/ninafluorobutyl-vinyl\/","url":"https:\/\/changhongchemical.com\/product\/ninafluorobutyl-vinyl\/","name":"China CHLUMOFIUOR\u00ae Ninafluorobutyl vinyl Fabricante - Changhong Chemical","isPartOf":{"@id":"https:\/\/changhongchemical.com\/#website"},"datePublished":"2025-03-26T08:34:41+00:00","dateModified":"2025-05-12T03:01:36+00:00","description":"I. Introduction Ninafluorobutyl vinyl is a fluorinated olefin that can be used as an additive, processing aid, or copolymer monomer for free radical...","breadcrumb":{"@id":"https:\/\/changhongchemical.com\/product\/ninafluorobutyl-vinyl\/#breadcrumb"},"inLanguage":"pt-BR","potentialAction":[{"@type":"ReadAction","target":["https:\/\/changhongchemical.com\/product\/ninafluorobutyl-vinyl\/"]}]},{"@type":"BreadcrumbList","@id":"https:\/\/changhongchemical.com\/product\/ninafluorobutyl-vinyl\/#breadcrumb","itemListElement":[{"@type":"ListItem","position":1,"name":"Home","item":"https:\/\/changhongchemical.com\/"},{"@type":"ListItem","position":2,"name":"Products Changhong","item":"https:\/\/changhongchemical.com\/product\/"},{"@type":"ListItem","position":3,"name":"CHLUMOFIUOR\u00ae Ninafluorobutyl vinyl"}]},{"@type":"WebSite","@id":"https:\/\/changhongchemical.com\/#website","url":"https:\/\/changhongchemical.com\/","name":"Qu\u00edmica Longchang","description":"Fabricante de produtos qu\u00edmicos na China \uff06 fornecedor","publisher":{"@id":"https:\/\/changhongchemical.com\/#organization"},"potentialAction":[{"@type":"SearchAction","target":{"@type":"EntryPoint","urlTemplate":"https:\/\/changhongchemical.com\/?s={search_term_string}"},"query-input":{"@type":"PropertyValueSpecification","valueRequired":true,"valueName":"search_term_string"}}],"inLanguage":"pt-BR"},{"@type":"Organization","@id":"https:\/\/changhongchemical.com\/#organization","name":"Qu\u00edmica Longchang","url":"https:\/\/changhongchemical.com\/","logo":{"@type":"ImageObject","inLanguage":"pt-BR","@id":"https:\/\/changhongchemical.com\/#\/schema\/logo\/image\/","url":"https:\/\/changhongchemical.com\/wp-content\/uploads\/2020\/08\/cropped-longchang-logo.png","contentUrl":"https:\/\/changhongchemical.com\/wp-content\/uploads\/2020\/08\/cropped-longchang-logo.png","width":512,"height":512,"caption":"Changhong Chemical"},"image":{"@id":"https:\/\/changhongchemical.com\/#\/schema\/logo\/image\/"}}]}},"_links":{"self":[{"href":"https:\/\/changhongchemical.com\/pt\/wp-json\/wp\/v2\/product\/8392","targetHints":{"allow":["GET"]}}],"collection":[{"href":"https:\/\/changhongchemical.com\/pt\/wp-json\/wp\/v2\/product"}],"about":[{"href":"https:\/\/changhongchemical.com\/pt\/wp-json\/wp\/v2\/types\/product"}],"replies":[{"embeddable":true,"href":"https:\/\/changhongchemical.com\/pt\/wp-json\/wp\/v2\/comments?post=8392"}],"wp:attachment":[{"href":"https:\/\/changhongchemical.com\/pt\/wp-json\/wp\/v2\/media?parent=8392"}],"wp:term":[{"taxonomy":"product_brand","embeddable":true,"href":"https:\/\/changhongchemical.com\/pt\/wp-json\/wp\/v2\/product_brand?post=8392"},{"taxonomy":"product_cat","embeddable":true,"href":"https:\/\/changhongchemical.com\/pt\/wp-json\/wp\/v2\/product_cat?post=8392"},{"taxonomy":"product_tag","embeddable":true,"href":"https:\/\/changhongchemical.com\/pt\/wp-json\/wp\/v2\/product_tag?post=8392"}],"curies":[{"name":"wp","href":"https:\/\/api.w.org\/{rel}","templated":true}]}}