{"id":8389,"date":"2025-03-26T07:56:00","date_gmt":"2025-03-26T07:56:00","guid":{"rendered":"https:\/\/changhongchemical.com\/?post_type=product&#038;p=8389"},"modified":"2026-01-08T06:47:08","modified_gmt":"2026-01-08T06:47:08","slug":"perfluorohexylethyltrichlorosilane","status":"publish","type":"product","link":"https:\/\/changhongchemical.com\/pt\/product\/perfluorohexylethyltrichlorosilane\/","title":{"rendered":"CHLUMOFIUOR\u00ae Perfluorohexiletiltriclorosilano CAS 78560-45-9"},"content":{"rendered":"<p>Informa\u00e7\u00f5es sobre ingredientes e componentes<\/p>\n<p>Nome do material: Perfluorohexiletiltriclorosilano<\/p>\n<p>C\u00f3digo CAS:78560-45-9<\/p>\n<p>C\u00f3digo EINECS: Nenhum<\/p>\n<p>Listado ou n\u00e3o na TSCA: N\u00e3o listado<\/p>\n<p>Pureza:&gt; 97<\/p>\n<p>Propriedades f\u00edsicas e qu\u00edmicas<\/p>\n<p>Cor: incolor a rosa claro<\/p>\n<p>Peso molecular: 481,56<\/p>\n<p>Ponto de ebuli\u00e7\u00e3o: 199,3\u00b0C<\/p>\n<p>Ponto de fus\u00e3o: -<\/p>\n<p>Ponto de fulgor: 74,3\u00b0C<\/p>\n<p>Press\u00e3o de vapor: 0,486 mmHg a 25\u00b0C<\/p>\n<p>Densidade do vapor (ar=1): &gt;1<\/p>\n<p>Temperatura de decomposi\u00e7\u00e3o: n\u00e3o h\u00e1 dados<\/p>\n<p>Ponto de igni\u00e7\u00e3o: n\u00e3o h\u00e1 dados<\/p>\n<p>Limite de explos\u00e3o: N\u00e3o h\u00e1 dados<\/p>\n<p>Densidade: 1,638g\/mL a 25\u00b0C<\/p>\n<p>\u00cdndice de refra\u00e7\u00e3o: 1.352@ 20\u2103<\/p>\n<p>Solubilidade em \u00e1gua: reage com a \u00e1gua<\/p>\n<p>Outro nome:<\/p>\n<p>1H,1H,2H,2H - Tridecafluorooctiltriclorosilano<\/p>\n<p>3,3,4,4,5,5,6,6,7,7,8,8,8 - Tridecafluorooctiltriclorosilano<\/p>\n<h2><strong><b>Entre em contato conosco agora!<\/b><\/strong><\/h2>\n<h4><strong><b>Se precisar do Price, preencha suas informa\u00e7\u00f5es de contato no formul\u00e1rio abaixo. Normalmente, entraremos em contato dentro de 24 horas. Voc\u00ea tamb\u00e9m pode me enviar um e-mail\u00a0<span style=\"color: #00ccff;\"><a style=\"color: #00ccff;\" href=\"mailto:info@changhongchemical.com\">info@changhongchemical.com<\/a><\/span>\u00a0durante o hor\u00e1rio comercial (das 8h30 \u00e0s 18h UTC+8 de segunda a s\u00e1bado) ou use o bate-papo ao vivo do site para obter uma resposta imediata.<\/b><\/strong><\/h4>","protected":false},"excerpt":{"rendered":"<p>Informa\u00e7\u00f5es sobre o produto<\/p>\n<p>Nome do produto: FL103<\/p>\n<p>Nome qu\u00edmico: Perfluorohexiletiltriclorosilano<\/p>\n<p>F\u00f3rmula qu\u00edmica: Cl3SiCH2CH2(CF2CF2)3F<\/p>","protected":false},"featured_media":8416,"comment_status":"closed","ping_status":"closed","template":"","meta":[],"product_brand":[],"product_cat":[188],"product_tag":[],"class_list":{"0":"post-8389","1":"product","2":"type-product","3":"status-publish","4":"has-post-thumbnail","6":"product_cat-fluorinated-fine-chemicals","8":"first","9":"instock","10":"shipping-taxable","11":"product-type-simple"},"yoast_head":"<!-- This site is optimized with the Yoast SEO plugin v27.4 - https:\/\/yoast.com\/product\/yoast-seo-wordpress\/ -->\n<title>China CHLUMOFIUOR\u00ae Perfluorohexylethyltrichlorosilane CAS 78560-45-9 Manufacturer - Changhong Chemical<\/title>\n<meta name=\"description\" content=\"Product information Product name: FL103 Chemical name: Perfluorohexylethyltrichlorosilane Chemical formula: Cl3SiCH2CH2(CF2CF2)3F\" \/>\n<meta name=\"robots\" content=\"index, follow, max-snippet:-1, max-image-preview:large, max-video-preview:-1\" \/>\n<link rel=\"canonical\" href=\"https:\/\/changhongchemical.com\/pt\/product\/perfluorohexylethyltrichlorosilane\/\" \/>\n<meta property=\"og:locale\" content=\"pt_BR\" \/>\n<meta property=\"og:type\" content=\"article\" \/>\n<meta property=\"og:title\" content=\"China CHLUMOFIUOR\u00ae Perfluorohexylethyltrichlorosilane CAS 78560-45-9 Manufacturer - Changhong Chemical\" \/>\n<meta property=\"og:description\" content=\"Product information Product name: FL103 Chemical name: Perfluorohexylethyltrichlorosilane Chemical formula: Cl3SiCH2CH2(CF2CF2)3F\" \/>\n<meta property=\"og:url\" content=\"https:\/\/changhongchemical.com\/pt\/product\/perfluorohexylethyltrichlorosilane\/\" \/>\n<meta property=\"og:site_name\" content=\"Changhong Chemical\" \/>\n<meta property=\"article:modified_time\" content=\"2026-01-08T06:47:08+00:00\" \/>\n<meta property=\"og:image\" content=\"https:\/\/changhongchemical.com\/wp-content\/uploads\/2025\/03\/6-4.jpg\" \/>\n\t<meta property=\"og:image:width\" content=\"300\" \/>\n\t<meta property=\"og:image:height\" content=\"300\" \/>\n\t<meta property=\"og:image:type\" content=\"image\/jpeg\" \/>\n<meta name=\"twitter:card\" content=\"summary_large_image\" \/>\n<meta name=\"twitter:label1\" content=\"Est. tempo de leitura\" \/>\n\t<meta name=\"twitter:data1\" content=\"1 minuto\" \/>\n<script type=\"application\/ld+json\" class=\"yoast-schema-graph\">{\"@context\":\"https:\\\/\\\/schema.org\",\"@graph\":[{\"@type\":\"WebPage\",\"@id\":\"https:\\\/\\\/changhongchemical.com\\\/product\\\/perfluorohexylethyltrichlorosilane\\\/\",\"url\":\"https:\\\/\\\/changhongchemical.com\\\/product\\\/perfluorohexylethyltrichlorosilane\\\/\",\"name\":\"China CHLUMOFIUOR\u00ae Perfluorohexylethyltrichlorosilane CAS 78560-45-9 Manufacturer - Changhong Chemical\",\"isPartOf\":{\"@id\":\"https:\\\/\\\/changhongchemical.com\\\/#website\"},\"primaryImageOfPage\":{\"@id\":\"https:\\\/\\\/changhongchemical.com\\\/product\\\/perfluorohexylethyltrichlorosilane\\\/#primaryimage\"},\"image\":{\"@id\":\"https:\\\/\\\/changhongchemical.com\\\/product\\\/perfluorohexylethyltrichlorosilane\\\/#primaryimage\"},\"thumbnailUrl\":\"https:\\\/\\\/changhongchemical.com\\\/wp-content\\\/uploads\\\/2025\\\/03\\\/6-4.jpg\",\"datePublished\":\"2025-03-26T07:56:00+00:00\",\"dateModified\":\"2026-01-08T06:47:08+00:00\",\"description\":\"Product information Product name: FL103 Chemical name: Perfluorohexylethyltrichlorosilane Chemical formula: Cl3SiCH2CH2(CF2CF2)3F\",\"breadcrumb\":{\"@id\":\"https:\\\/\\\/changhongchemical.com\\\/product\\\/perfluorohexylethyltrichlorosilane\\\/#breadcrumb\"},\"inLanguage\":\"pt-BR\",\"potentialAction\":[{\"@type\":\"ReadAction\",\"target\":[\"https:\\\/\\\/changhongchemical.com\\\/product\\\/perfluorohexylethyltrichlorosilane\\\/\"]}]},{\"@type\":\"ImageObject\",\"inLanguage\":\"pt-BR\",\"@id\":\"https:\\\/\\\/changhongchemical.com\\\/product\\\/perfluorohexylethyltrichlorosilane\\\/#primaryimage\",\"url\":\"https:\\\/\\\/changhongchemical.com\\\/wp-content\\\/uploads\\\/2025\\\/03\\\/6-4.jpg\",\"contentUrl\":\"https:\\\/\\\/changhongchemical.com\\\/wp-content\\\/uploads\\\/2025\\\/03\\\/6-4.jpg\",\"width\":300,\"height\":300},{\"@type\":\"BreadcrumbList\",\"@id\":\"https:\\\/\\\/changhongchemical.com\\\/product\\\/perfluorohexylethyltrichlorosilane\\\/#breadcrumb\",\"itemListElement\":[{\"@type\":\"ListItem\",\"position\":1,\"name\":\"Home\",\"item\":\"https:\\\/\\\/changhongchemical.com\\\/\"},{\"@type\":\"ListItem\",\"position\":2,\"name\":\"Products Changhong\",\"item\":\"https:\\\/\\\/changhongchemical.com\\\/product\\\/\"},{\"@type\":\"ListItem\",\"position\":3,\"name\":\"CHLUMOFIUOR\u00ae Perfluorohexylethyltrichlorosilane CAS 78560-45-9\"}]},{\"@type\":\"WebSite\",\"@id\":\"https:\\\/\\\/changhongchemical.com\\\/#website\",\"url\":\"https:\\\/\\\/changhongchemical.com\\\/\",\"name\":\"Changhong Chemical\",\"description\":\"China chemical manufacturer \uff06 supplier\",\"publisher\":{\"@id\":\"https:\\\/\\\/changhongchemical.com\\\/#organization\"},\"potentialAction\":[{\"@type\":\"SearchAction\",\"target\":{\"@type\":\"EntryPoint\",\"urlTemplate\":\"https:\\\/\\\/changhongchemical.com\\\/?s={search_term_string}\"},\"query-input\":{\"@type\":\"PropertyValueSpecification\",\"valueRequired\":true,\"valueName\":\"search_term_string\"}}],\"inLanguage\":\"pt-BR\"},{\"@type\":\"Organization\",\"@id\":\"https:\\\/\\\/changhongchemical.com\\\/#organization\",\"name\":\"Changhong Chemical\",\"url\":\"https:\\\/\\\/changhongchemical.com\\\/\",\"logo\":{\"@type\":\"ImageObject\",\"inLanguage\":\"pt-BR\",\"@id\":\"https:\\\/\\\/changhongchemical.com\\\/#\\\/schema\\\/logo\\\/image\\\/\",\"url\":\"https:\\\/\\\/changhongchemical.com\\\/wp-content\\\/uploads\\\/2020\\\/08\\\/cropped-longchang-logo.png\",\"contentUrl\":\"https:\\\/\\\/changhongchemical.com\\\/wp-content\\\/uploads\\\/2020\\\/08\\\/cropped-longchang-logo.png\",\"width\":512,\"height\":512,\"caption\":\"Changhong Chemical\"},\"image\":{\"@id\":\"https:\\\/\\\/changhongchemical.com\\\/#\\\/schema\\\/logo\\\/image\\\/\"}}]}<\/script>\n<!-- \/ Yoast SEO plugin. -->","yoast_head_json":{"title":"China CHLUMOFIUOR\u00ae Perfluorohexiletiltriclorosilano CAS 78560-45-9 Fabricante - Changhong Chemical","description":"Product information Product name: FL103 Chemical name: Perfluorohexylethyltrichlorosilane Chemical formula: Cl3SiCH2CH2(CF2CF2)3F","robots":{"index":"index","follow":"follow","max-snippet":"max-snippet:-1","max-image-preview":"max-image-preview:large","max-video-preview":"max-video-preview:-1"},"canonical":"https:\/\/changhongchemical.com\/pt\/product\/perfluorohexylethyltrichlorosilane\/","og_locale":"pt_BR","og_type":"article","og_title":"China CHLUMOFIUOR\u00ae Perfluorohexylethyltrichlorosilane CAS 78560-45-9 Manufacturer - Changhong Chemical","og_description":"Product information Product name: FL103 Chemical name: Perfluorohexylethyltrichlorosilane Chemical formula: Cl3SiCH2CH2(CF2CF2)3F","og_url":"https:\/\/changhongchemical.com\/pt\/product\/perfluorohexylethyltrichlorosilane\/","og_site_name":"Changhong Chemical","article_modified_time":"2026-01-08T06:47:08+00:00","og_image":[{"width":300,"height":300,"url":"https:\/\/changhongchemical.com\/wp-content\/uploads\/2025\/03\/6-4.jpg","type":"image\/jpeg"}],"twitter_card":"summary_large_image","twitter_misc":{"Est. tempo de leitura":"1 minuto"},"schema":{"@context":"https:\/\/schema.org","@graph":[{"@type":"WebPage","@id":"https:\/\/changhongchemical.com\/product\/perfluorohexylethyltrichlorosilane\/","url":"https:\/\/changhongchemical.com\/product\/perfluorohexylethyltrichlorosilane\/","name":"China CHLUMOFIUOR\u00ae Perfluorohexiletiltriclorosilano CAS 78560-45-9 Fabricante - Changhong Chemical","isPartOf":{"@id":"https:\/\/changhongchemical.com\/#website"},"primaryImageOfPage":{"@id":"https:\/\/changhongchemical.com\/product\/perfluorohexylethyltrichlorosilane\/#primaryimage"},"image":{"@id":"https:\/\/changhongchemical.com\/product\/perfluorohexylethyltrichlorosilane\/#primaryimage"},"thumbnailUrl":"https:\/\/changhongchemical.com\/wp-content\/uploads\/2025\/03\/6-4.jpg","datePublished":"2025-03-26T07:56:00+00:00","dateModified":"2026-01-08T06:47:08+00:00","description":"Product information Product name: FL103 Chemical name: Perfluorohexylethyltrichlorosilane Chemical formula: Cl3SiCH2CH2(CF2CF2)3F","breadcrumb":{"@id":"https:\/\/changhongchemical.com\/product\/perfluorohexylethyltrichlorosilane\/#breadcrumb"},"inLanguage":"pt-BR","potentialAction":[{"@type":"ReadAction","target":["https:\/\/changhongchemical.com\/product\/perfluorohexylethyltrichlorosilane\/"]}]},{"@type":"ImageObject","inLanguage":"pt-BR","@id":"https:\/\/changhongchemical.com\/product\/perfluorohexylethyltrichlorosilane\/#primaryimage","url":"https:\/\/changhongchemical.com\/wp-content\/uploads\/2025\/03\/6-4.jpg","contentUrl":"https:\/\/changhongchemical.com\/wp-content\/uploads\/2025\/03\/6-4.jpg","width":300,"height":300},{"@type":"BreadcrumbList","@id":"https:\/\/changhongchemical.com\/product\/perfluorohexylethyltrichlorosilane\/#breadcrumb","itemListElement":[{"@type":"ListItem","position":1,"name":"Home","item":"https:\/\/changhongchemical.com\/"},{"@type":"ListItem","position":2,"name":"Products Changhong","item":"https:\/\/changhongchemical.com\/product\/"},{"@type":"ListItem","position":3,"name":"CHLUMOFIUOR\u00ae Perfluorohexylethyltrichlorosilane CAS 78560-45-9"}]},{"@type":"WebSite","@id":"https:\/\/changhongchemical.com\/#website","url":"https:\/\/changhongchemical.com\/","name":"Qu\u00edmica Longchang","description":"Fabricante de produtos qu\u00edmicos na China \uff06 fornecedor","publisher":{"@id":"https:\/\/changhongchemical.com\/#organization"},"potentialAction":[{"@type":"SearchAction","target":{"@type":"EntryPoint","urlTemplate":"https:\/\/changhongchemical.com\/?s={search_term_string}"},"query-input":{"@type":"PropertyValueSpecification","valueRequired":true,"valueName":"search_term_string"}}],"inLanguage":"pt-BR"},{"@type":"Organization","@id":"https:\/\/changhongchemical.com\/#organization","name":"Qu\u00edmica Longchang","url":"https:\/\/changhongchemical.com\/","logo":{"@type":"ImageObject","inLanguage":"pt-BR","@id":"https:\/\/changhongchemical.com\/#\/schema\/logo\/image\/","url":"https:\/\/changhongchemical.com\/wp-content\/uploads\/2020\/08\/cropped-longchang-logo.png","contentUrl":"https:\/\/changhongchemical.com\/wp-content\/uploads\/2020\/08\/cropped-longchang-logo.png","width":512,"height":512,"caption":"Changhong Chemical"},"image":{"@id":"https:\/\/changhongchemical.com\/#\/schema\/logo\/image\/"}}]}},"_links":{"self":[{"href":"https:\/\/changhongchemical.com\/pt\/wp-json\/wp\/v2\/product\/8389","targetHints":{"allow":["GET"]}}],"collection":[{"href":"https:\/\/changhongchemical.com\/pt\/wp-json\/wp\/v2\/product"}],"about":[{"href":"https:\/\/changhongchemical.com\/pt\/wp-json\/wp\/v2\/types\/product"}],"replies":[{"embeddable":true,"href":"https:\/\/changhongchemical.com\/pt\/wp-json\/wp\/v2\/comments?post=8389"}],"wp:featuredmedia":[{"embeddable":true,"href":"https:\/\/changhongchemical.com\/pt\/wp-json\/wp\/v2\/media\/8416"}],"wp:attachment":[{"href":"https:\/\/changhongchemical.com\/pt\/wp-json\/wp\/v2\/media?parent=8389"}],"wp:term":[{"taxonomy":"product_brand","embeddable":true,"href":"https:\/\/changhongchemical.com\/pt\/wp-json\/wp\/v2\/product_brand?post=8389"},{"taxonomy":"product_cat","embeddable":true,"href":"https:\/\/changhongchemical.com\/pt\/wp-json\/wp\/v2\/product_cat?post=8389"},{"taxonomy":"product_tag","embeddable":true,"href":"https:\/\/changhongchemical.com\/pt\/wp-json\/wp\/v2\/product_tag?post=8389"}],"curies":[{"name":"wp","href":"https:\/\/api.w.org\/{rel}","templated":true}]}}