{"id":8378,"date":"2025-03-26T04:03:46","date_gmt":"2025-03-26T04:03:46","guid":{"rendered":"https:\/\/changhongchemical.com\/?post_type=product&#038;p=8378"},"modified":"2025-05-12T03:02:43","modified_gmt":"2025-05-12T03:02:43","slug":"hydrofluoroether-hfe-347","status":"publish","type":"product","link":"https:\/\/changhongchemical.com\/pt\/product\/hydrofluoroether-hfe-347\/","title":{"rendered":"CHLUMOFIUOR\u00ae Hidrofluoro\u00e9ter HFE-347"},"content":{"rendered":"<p>Solv\u00eancia: leve<\/p>\n<p>Confiabilidade: extremamente est\u00e1vel<\/p>\n<p>Secagem r\u00e1pida: alto ponto de ebuli\u00e7\u00e3o, volatiliza\u00e7\u00e3o completa.<\/p>\n<p>Regenera\u00e7\u00e3o: Reduz significativamente a quantidade de res\u00edduos industriais por meio da regenera\u00e7\u00e3o da destila\u00e7\u00e3o.<\/p>\n<p>Penetrabilidade: baixa viscosidade, baixa tens\u00e3o superficial, alta densidade, alta fluidez.<\/p>\n<p>Respeito ao meio ambiente: sem destrui\u00e7\u00e3o da camada de oz\u00f4nio, atende facilmente a v\u00e1rios padr\u00f5es ambientais.<br \/>\nAplica\u00e7\u00f5es recomendadas:<\/p>\n<p>1, diluente de solvente 2, limpeza de precis\u00e3o<\/p>\n<p>3\u3001Desincrustante 4\u3001Outros etc.<\/p>\n<h2><strong><b>Entre em contato conosco agora!<\/b><\/strong><\/h2>\n<h4><strong><b>Se precisar do Price, preencha suas informa\u00e7\u00f5es de contato no formul\u00e1rio abaixo. Normalmente, entraremos em contato dentro de 24 horas. Voc\u00ea tamb\u00e9m pode me enviar um e-mail\u00a0<span style=\"color: #00ccff;\"><a style=\"color: #00ccff;\" href=\"mailto:info@changhongchemical.com\">info@changhongchemical.com<\/a><\/span>\u00a0durante o hor\u00e1rio comercial (das 8h30 \u00e0s 18h UTC+8 de segunda a s\u00e1bado) ou use o bate-papo ao vivo do site para obter uma resposta imediata.<\/b><\/strong><\/h4>","protected":false},"excerpt":{"rendered":"<p>Hidrofluor\u00e9ter HFE-347, nome qu\u00edmico: 1,1,2,2-tetrafluoroetil-2,2,2-trifluoroetil \u00e9ter Como uma solu\u00e7\u00e3o de fluoreto eletr\u00f4nico ecologicamente correta, tem excelentes propriedades, como boa in\u00e9rcia, alta densidade, baixa tens\u00e3o superficial, baixa constante diel\u00e9trica; n\u00e3o \u00e9 inflam\u00e1vel, n\u00e3o \u00e9 t\u00f3xico, n\u00e3o \u00e9 corrosivo e tem a caracter\u00edstica de n\u00e3o deixar res\u00edduos na volatiliza\u00e7\u00e3o.<\/p>\n<table style=\"border-collapse: collapse; width: 511.52pt;\" border=\"0\" width=\"682\" cellspacing=\"0\" cellpadding=\"0\">\n<tbody>\n<tr style=\"height: 13.50pt;\">\n<td class=\"et3\" style=\"height: 13.50pt; width: 511.50pt;\" colspan=\"2\" width=\"682\" height=\"18\">Especifica\u00e7\u00e3o t\u00e9cnica do produto Hidrofluoro\u00e9teres FL\u00ae347<\/td>\n<\/tr>\n<tr style=\"height: 13.50pt;\">\n<td class=\"et3\" style=\"height: 13.50pt;\" height=\"18\">Propriedades f\u00edsicas<\/td>\n<td class=\"et3\">FL\u00ae 347<\/td>\n<\/tr>\n<tr style=\"height: 13.50pt;\">\n<td class=\"et3\" style=\"height: 13.50pt;\" height=\"18\">Apar\u00eancia<\/td>\n<td class=\"et3\">L\u00edquido transparente incolor e inodoro<\/td>\n<\/tr>\n<tr style=\"height: 13.50pt;\">\n<td class=\"et3\" style=\"height: 13.50pt;\" height=\"18\">Ponto de ebuli\u00e7\u00e3o (\u2103)<\/td>\n<td class=\"et3\">56.6<\/td>\n<\/tr>\n<tr style=\"height: 13.50pt;\">\n<td class=\"et3\" style=\"height: 13.50pt;\" height=\"18\">Densidade (g\/mL)<\/td>\n<td class=\"et3\">1.487<\/td>\n<\/tr>\n<tr style=\"height: 13.50pt;\">\n<td class=\"et3\" style=\"height: 13.50pt;\" height=\"18\">Umidade (ppm)<\/td>\n<td class=\"et3\">\uff1c20ppm<\/td>\n<\/tr>\n<tr style=\"height: 13.50pt;\">\n<td class=\"et3\" style=\"height: 13.50pt;\" height=\"18\">Valor de acidez (ppm)<\/td>\n<td class=\"et3\">\u4e2d\u6027<\/td>\n<\/tr>\n<tr style=\"height: 13.50pt;\">\n<td class=\"et3\" style=\"height: 13.50pt;\" height=\"18\">ODP<\/td>\n<td class=\"et3\">0<\/td>\n<\/tr>\n<tr style=\"height: 13.50pt;\">\n<td class=\"et3\" style=\"height: 13.50pt;\" height=\"18\">GWP<\/td>\n<td class=\"et3\">540<\/td>\n<\/tr>\n<\/tbody>\n<\/table>","protected":false},"featured_media":0,"comment_status":"closed","ping_status":"closed","template":"","meta":[],"product_brand":[],"product_cat":[188],"product_tag":[],"class_list":{"0":"post-8378","1":"product","2":"type-product","3":"status-publish","5":"product_cat-fluorinated-fine-chemicals","7":"first","8":"instock","9":"shipping-taxable","10":"product-type-simple"},"yoast_head":"<!-- This site is optimized with the Yoast SEO plugin v27.4 - https:\/\/yoast.com\/product\/yoast-seo-wordpress\/ -->\n<title>China CHLUMOFIUOR\u00ae Hydrofluoroether HFE-347 Manufacturer - Changhong Chemical<\/title>\n<meta name=\"description\" content=\"Hydrofluoroether HFE-347, chemical name: 1,1,2,2-tetrafluoroethyl-2,2,2-trifluoroethyl ether As an environmentally friendly e-fluoride solution, it has...\" \/>\n<meta name=\"robots\" content=\"index, follow, max-snippet:-1, max-image-preview:large, max-video-preview:-1\" \/>\n<link rel=\"canonical\" href=\"https:\/\/changhongchemical.com\/pt\/product\/hydrofluoroether-hfe-347\/\" \/>\n<meta property=\"og:locale\" content=\"pt_BR\" \/>\n<meta property=\"og:type\" content=\"article\" \/>\n<meta property=\"og:title\" content=\"China CHLUMOFIUOR\u00ae Hydrofluoroether HFE-347 Manufacturer - Changhong Chemical\" \/>\n<meta property=\"og:description\" content=\"Hydrofluoroether HFE-347, chemical name: 1,1,2,2-tetrafluoroethyl-2,2,2-trifluoroethyl ether As an environmentally friendly e-fluoride solution, it has...\" \/>\n<meta property=\"og:url\" content=\"https:\/\/changhongchemical.com\/pt\/product\/hydrofluoroether-hfe-347\/\" \/>\n<meta property=\"og:site_name\" content=\"Changhong Chemical\" \/>\n<meta property=\"article:modified_time\" content=\"2025-05-12T03:02:43+00:00\" \/>\n<meta property=\"og:image\" content=\"https:\/\/changhongchemical.com\/wp-content\/uploads\/2024\/02\/logo-jpeg.jpg\" \/>\n\t<meta property=\"og:image:width\" content=\"1000\" \/>\n\t<meta property=\"og:image:height\" content=\"1000\" \/>\n\t<meta property=\"og:image:type\" content=\"image\/jpeg\" \/>\n<meta name=\"twitter:card\" content=\"summary_large_image\" \/>\n<meta name=\"twitter:label1\" content=\"Est. tempo de leitura\" \/>\n\t<meta name=\"twitter:data1\" content=\"1 minuto\" \/>\n<script type=\"application\/ld+json\" class=\"yoast-schema-graph\">{\"@context\":\"https:\\\/\\\/schema.org\",\"@graph\":[{\"@type\":\"WebPage\",\"@id\":\"https:\\\/\\\/changhongchemical.com\\\/product\\\/hydrofluoroether-hfe-347\\\/\",\"url\":\"https:\\\/\\\/changhongchemical.com\\\/product\\\/hydrofluoroether-hfe-347\\\/\",\"name\":\"China CHLUMOFIUOR\u00ae Hydrofluoroether HFE-347 Manufacturer - Changhong Chemical\",\"isPartOf\":{\"@id\":\"https:\\\/\\\/changhongchemical.com\\\/#website\"},\"datePublished\":\"2025-03-26T04:03:46+00:00\",\"dateModified\":\"2025-05-12T03:02:43+00:00\",\"description\":\"Hydrofluoroether HFE-347, chemical name: 1,1,2,2-tetrafluoroethyl-2,2,2-trifluoroethyl ether As an environmentally friendly e-fluoride solution, it has...\",\"breadcrumb\":{\"@id\":\"https:\\\/\\\/changhongchemical.com\\\/product\\\/hydrofluoroether-hfe-347\\\/#breadcrumb\"},\"inLanguage\":\"pt-BR\",\"potentialAction\":[{\"@type\":\"ReadAction\",\"target\":[\"https:\\\/\\\/changhongchemical.com\\\/product\\\/hydrofluoroether-hfe-347\\\/\"]}]},{\"@type\":\"BreadcrumbList\",\"@id\":\"https:\\\/\\\/changhongchemical.com\\\/product\\\/hydrofluoroether-hfe-347\\\/#breadcrumb\",\"itemListElement\":[{\"@type\":\"ListItem\",\"position\":1,\"name\":\"Home\",\"item\":\"https:\\\/\\\/changhongchemical.com\\\/\"},{\"@type\":\"ListItem\",\"position\":2,\"name\":\"Products Changhong\",\"item\":\"https:\\\/\\\/changhongchemical.com\\\/product\\\/\"},{\"@type\":\"ListItem\",\"position\":3,\"name\":\"CHLUMOFIUOR\u00ae Hydrofluoroether HFE-347\"}]},{\"@type\":\"WebSite\",\"@id\":\"https:\\\/\\\/changhongchemical.com\\\/#website\",\"url\":\"https:\\\/\\\/changhongchemical.com\\\/\",\"name\":\"Changhong Chemical\",\"description\":\"China chemical manufacturer \uff06 supplier\",\"publisher\":{\"@id\":\"https:\\\/\\\/changhongchemical.com\\\/#organization\"},\"potentialAction\":[{\"@type\":\"SearchAction\",\"target\":{\"@type\":\"EntryPoint\",\"urlTemplate\":\"https:\\\/\\\/changhongchemical.com\\\/?s={search_term_string}\"},\"query-input\":{\"@type\":\"PropertyValueSpecification\",\"valueRequired\":true,\"valueName\":\"search_term_string\"}}],\"inLanguage\":\"pt-BR\"},{\"@type\":\"Organization\",\"@id\":\"https:\\\/\\\/changhongchemical.com\\\/#organization\",\"name\":\"Changhong Chemical\",\"url\":\"https:\\\/\\\/changhongchemical.com\\\/\",\"logo\":{\"@type\":\"ImageObject\",\"inLanguage\":\"pt-BR\",\"@id\":\"https:\\\/\\\/changhongchemical.com\\\/#\\\/schema\\\/logo\\\/image\\\/\",\"url\":\"https:\\\/\\\/changhongchemical.com\\\/wp-content\\\/uploads\\\/2020\\\/08\\\/cropped-longchang-logo.png\",\"contentUrl\":\"https:\\\/\\\/changhongchemical.com\\\/wp-content\\\/uploads\\\/2020\\\/08\\\/cropped-longchang-logo.png\",\"width\":512,\"height\":512,\"caption\":\"Changhong Chemical\"},\"image\":{\"@id\":\"https:\\\/\\\/changhongchemical.com\\\/#\\\/schema\\\/logo\\\/image\\\/\"}}]}<\/script>\n<!-- \/ Yoast SEO plugin. -->","yoast_head_json":{"title":"Fabricante de CHLUMOFIUOR\u00ae Hydrofluoroether HFE-347 na China - Changhong Chemical","description":"Hydrofluoroether HFE-347, chemical name: 1,1,2,2-tetrafluoroethyl-2,2,2-trifluoroethyl ether As an environmentally friendly e-fluoride solution, it has...","robots":{"index":"index","follow":"follow","max-snippet":"max-snippet:-1","max-image-preview":"max-image-preview:large","max-video-preview":"max-video-preview:-1"},"canonical":"https:\/\/changhongchemical.com\/pt\/product\/hydrofluoroether-hfe-347\/","og_locale":"pt_BR","og_type":"article","og_title":"China CHLUMOFIUOR\u00ae Hydrofluoroether HFE-347 Manufacturer - Changhong Chemical","og_description":"Hydrofluoroether HFE-347, chemical name: 1,1,2,2-tetrafluoroethyl-2,2,2-trifluoroethyl ether As an environmentally friendly e-fluoride solution, it has...","og_url":"https:\/\/changhongchemical.com\/pt\/product\/hydrofluoroether-hfe-347\/","og_site_name":"Changhong Chemical","article_modified_time":"2025-05-12T03:02:43+00:00","og_image":[{"width":1000,"height":1000,"url":"https:\/\/changhongchemical.com\/wp-content\/uploads\/2024\/02\/logo-jpeg.jpg","type":"image\/jpeg"}],"twitter_card":"summary_large_image","twitter_misc":{"Est. tempo de leitura":"1 minuto"},"schema":{"@context":"https:\/\/schema.org","@graph":[{"@type":"WebPage","@id":"https:\/\/changhongchemical.com\/product\/hydrofluoroether-hfe-347\/","url":"https:\/\/changhongchemical.com\/product\/hydrofluoroether-hfe-347\/","name":"Fabricante de CHLUMOFIUOR\u00ae Hydrofluoroether HFE-347 na China - Changhong Chemical","isPartOf":{"@id":"https:\/\/changhongchemical.com\/#website"},"datePublished":"2025-03-26T04:03:46+00:00","dateModified":"2025-05-12T03:02:43+00:00","description":"Hydrofluoroether HFE-347, chemical name: 1,1,2,2-tetrafluoroethyl-2,2,2-trifluoroethyl ether As an environmentally friendly e-fluoride solution, it has...","breadcrumb":{"@id":"https:\/\/changhongchemical.com\/product\/hydrofluoroether-hfe-347\/#breadcrumb"},"inLanguage":"pt-BR","potentialAction":[{"@type":"ReadAction","target":["https:\/\/changhongchemical.com\/product\/hydrofluoroether-hfe-347\/"]}]},{"@type":"BreadcrumbList","@id":"https:\/\/changhongchemical.com\/product\/hydrofluoroether-hfe-347\/#breadcrumb","itemListElement":[{"@type":"ListItem","position":1,"name":"Home","item":"https:\/\/changhongchemical.com\/"},{"@type":"ListItem","position":2,"name":"Products Changhong","item":"https:\/\/changhongchemical.com\/product\/"},{"@type":"ListItem","position":3,"name":"CHLUMOFIUOR\u00ae Hydrofluoroether HFE-347"}]},{"@type":"WebSite","@id":"https:\/\/changhongchemical.com\/#website","url":"https:\/\/changhongchemical.com\/","name":"Qu\u00edmica Longchang","description":"Fabricante de produtos qu\u00edmicos na China \uff06 fornecedor","publisher":{"@id":"https:\/\/changhongchemical.com\/#organization"},"potentialAction":[{"@type":"SearchAction","target":{"@type":"EntryPoint","urlTemplate":"https:\/\/changhongchemical.com\/?s={search_term_string}"},"query-input":{"@type":"PropertyValueSpecification","valueRequired":true,"valueName":"search_term_string"}}],"inLanguage":"pt-BR"},{"@type":"Organization","@id":"https:\/\/changhongchemical.com\/#organization","name":"Qu\u00edmica Longchang","url":"https:\/\/changhongchemical.com\/","logo":{"@type":"ImageObject","inLanguage":"pt-BR","@id":"https:\/\/changhongchemical.com\/#\/schema\/logo\/image\/","url":"https:\/\/changhongchemical.com\/wp-content\/uploads\/2020\/08\/cropped-longchang-logo.png","contentUrl":"https:\/\/changhongchemical.com\/wp-content\/uploads\/2020\/08\/cropped-longchang-logo.png","width":512,"height":512,"caption":"Changhong Chemical"},"image":{"@id":"https:\/\/changhongchemical.com\/#\/schema\/logo\/image\/"}}]}},"_links":{"self":[{"href":"https:\/\/changhongchemical.com\/pt\/wp-json\/wp\/v2\/product\/8378","targetHints":{"allow":["GET"]}}],"collection":[{"href":"https:\/\/changhongchemical.com\/pt\/wp-json\/wp\/v2\/product"}],"about":[{"href":"https:\/\/changhongchemical.com\/pt\/wp-json\/wp\/v2\/types\/product"}],"replies":[{"embeddable":true,"href":"https:\/\/changhongchemical.com\/pt\/wp-json\/wp\/v2\/comments?post=8378"}],"wp:attachment":[{"href":"https:\/\/changhongchemical.com\/pt\/wp-json\/wp\/v2\/media?parent=8378"}],"wp:term":[{"taxonomy":"product_brand","embeddable":true,"href":"https:\/\/changhongchemical.com\/pt\/wp-json\/wp\/v2\/product_brand?post=8378"},{"taxonomy":"product_cat","embeddable":true,"href":"https:\/\/changhongchemical.com\/pt\/wp-json\/wp\/v2\/product_cat?post=8378"},{"taxonomy":"product_tag","embeddable":true,"href":"https:\/\/changhongchemical.com\/pt\/wp-json\/wp\/v2\/product_tag?post=8378"}],"curies":[{"name":"wp","href":"https:\/\/api.w.org\/{rel}","templated":true}]}}