{"id":8363,"date":"2025-03-25T07:48:06","date_gmt":"2025-03-25T07:48:06","guid":{"rendered":"https:\/\/changhongchemical.com\/?post_type=product&#038;p=8363"},"modified":"2026-01-08T07:16:53","modified_gmt":"2026-01-08T07:16:53","slug":"c-6-cas-355-42-0","status":"publish","type":"product","link":"https:\/\/changhongchemical.com\/pt\/product\/c-6-cas-355-42-0\/","title":{"rendered":"CHLUMOFIUOR\u00ae C-6 Perfluorohexano CAS 355-42-0"},"content":{"rendered":"<p>\u00cdndice de desempenho<br \/>\nApar\u00eancia: l\u00edquido incolor<br \/>\nPonto de ebuli\u00e7\u00e3o (\u00b0C): 57@760mmHg<br \/>\nPonto de fus\u00e3o (\u00b0C): -81,0<br \/>\nDensidade (g\/mL): 1,669@25\u00b0C<br \/>\n\u00cdndice de refra\u00e7\u00e3o: 1.252@20\u00b0C<br \/>\nPonto de fulgor (\u00b0C): Nenhum<br \/>\nPureza (GC): &gt;99%<br \/>\nCampos de aplica\u00e7\u00e3o<br \/>\nSolvente industrial, usado na medicina como sangue humano e agente de contraste de resson\u00e2ncia magn\u00e9tica.<br \/>\nEmbalagem e armazenamento<br \/>\nEste produto \u00e9 embalado em garrafas\/tambores de PEAD de 1L e 10L e em tambores compostos de a\u00e7o e pl\u00e1stico de 25L. O produto \u00e9 armazenado em um local ventilado e fresco em um recipiente lacrado. Consulte a MSDS para obter detalhes.<\/p>\n<p>Outro nome:<\/p>\n<p>Tetradecafluorohexano<\/p>\n<p>FC - 72<\/p>\n<p>Fluorinert FC - 72<\/p>\n<p>Flutec PP1<\/p>\n<p>Perfluoro - composto FC - 72<\/p>\n<h2><strong><b>Entre em contato conosco agora!<\/b><\/strong><\/h2>\n<h4><strong><b>Se precisar do Price, preencha suas informa\u00e7\u00f5es de contato no formul\u00e1rio abaixo. Normalmente, entraremos em contato dentro de 24 horas. Voc\u00ea tamb\u00e9m pode me enviar um e-mail\u00a0<span style=\"color: #00ccff;\"><a style=\"color: #00ccff;\" href=\"mailto:info@changhongchemical.com\">info@changhongchemical.com<\/a><\/span>\u00a0durante o hor\u00e1rio comercial (das 8h30 \u00e0s 18h UTC+8 de segunda a s\u00e1bado) ou use o bate-papo ao vivo do site para obter uma resposta imediata.<\/b><\/strong><\/h4>","protected":false},"excerpt":{"rendered":"<p>C-6<br \/>\nPerfluorohexano<br \/>\nN\u00famero CAS: 355-42-0<br \/>\nF\u00f3rmula molecular: CF3CF2CF2CF2CF2CF2CF3<br \/>\nPeso molecular: 338,04<br \/>\nN\u00ba EINECS: 206-585-0<\/p>","protected":false},"featured_media":8364,"comment_status":"closed","ping_status":"closed","template":"","meta":[],"product_brand":[],"product_cat":[188],"product_tag":[],"class_list":{"0":"post-8363","1":"product","2":"type-product","3":"status-publish","4":"has-post-thumbnail","6":"product_cat-fluorinated-fine-chemicals","8":"first","9":"instock","10":"shipping-taxable","11":"product-type-simple"},"yoast_head":"<!-- This site is optimized with the Yoast SEO plugin v23.3 - https:\/\/yoast.com\/wordpress\/plugins\/seo\/ -->\n<title>China CHLUMOFIUOR\u00ae C-6 Perfluorohexane CAS 355-42-0 Manufacturer - Changhong Chemical<\/title>\n<meta name=\"description\" content=\"CHLUMOFIUOR\u00ae C-6 Perfluorohexane CAS 355-42-0 is a key product of Changhong Chemical. We provide the best price. We are the leading manufacturer in China with the best quality and competitive price.\" \/>\n<meta name=\"robots\" content=\"index, follow, max-snippet:-1, max-image-preview:large, max-video-preview:-1\" \/>\n<link rel=\"canonical\" href=\"https:\/\/changhongchemical.com\/pt\/product\/c-6-cas-355-42-0\/\" \/>\n<meta property=\"og:locale\" content=\"pt_BR\" \/>\n<meta property=\"og:type\" content=\"article\" \/>\n<meta property=\"og:title\" content=\"China CHLUMOFIUOR\u00ae C-6 Perfluorohexane CAS 355-42-0 Manufacturer - Changhong Chemical\" \/>\n<meta property=\"og:description\" content=\"CHLUMOFIUOR\u00ae C-6 Perfluorohexane CAS 355-42-0 is a key product of Changhong Chemical. We provide the best price. We are the leading manufacturer in China with the best quality and competitive price.\" \/>\n<meta property=\"og:url\" content=\"https:\/\/changhongchemical.com\/pt\/product\/c-6-cas-355-42-0\/\" \/>\n<meta property=\"og:site_name\" content=\"Changhong Chemical\" \/>\n<meta property=\"article:modified_time\" content=\"2026-01-08T07:16:53+00:00\" \/>\n<meta property=\"og:image\" content=\"https:\/\/changhongchemical.com\/wp-content\/uploads\/2025\/03\/C-6.jpg\" \/>\n\t<meta property=\"og:image:width\" content=\"300\" \/>\n\t<meta property=\"og:image:height\" content=\"300\" \/>\n\t<meta property=\"og:image:type\" content=\"image\/jpeg\" \/>\n<meta name=\"twitter:card\" content=\"summary_large_image\" \/>\n<meta name=\"twitter:label1\" content=\"Est. tempo de leitura\" \/>\n\t<meta name=\"twitter:data1\" content=\"1 minuto\" \/>\n<script type=\"application\/ld+json\" class=\"yoast-schema-graph\">{\"@context\":\"https:\/\/schema.org\",\"@graph\":[{\"@type\":\"WebPage\",\"@id\":\"https:\/\/changhongchemical.com\/product\/c-6-cas-355-42-0\/\",\"url\":\"https:\/\/changhongchemical.com\/product\/c-6-cas-355-42-0\/\",\"name\":\"China CHLUMOFIUOR\u00ae C-6 Perfluorohexane CAS 355-42-0 Manufacturer - Changhong Chemical\",\"isPartOf\":{\"@id\":\"https:\/\/changhongchemical.com\/#website\"},\"primaryImageOfPage\":{\"@id\":\"https:\/\/changhongchemical.com\/product\/c-6-cas-355-42-0\/#primaryimage\"},\"image\":{\"@id\":\"https:\/\/changhongchemical.com\/product\/c-6-cas-355-42-0\/#primaryimage\"},\"thumbnailUrl\":\"https:\/\/changhongchemical.com\/wp-content\/uploads\/2025\/03\/C-6.jpg\",\"datePublished\":\"2025-03-25T07:48:06+00:00\",\"dateModified\":\"2026-01-08T07:16:53+00:00\",\"description\":\"CHLUMOFIUOR\u00ae C-6 Perfluorohexane CAS 355-42-0 is a key product of Changhong Chemical. We provide the best price. We are the leading manufacturer in China with the best quality and competitive price.\",\"breadcrumb\":{\"@id\":\"https:\/\/changhongchemical.com\/product\/c-6-cas-355-42-0\/#breadcrumb\"},\"inLanguage\":\"pt-BR\",\"potentialAction\":[{\"@type\":\"ReadAction\",\"target\":[\"https:\/\/changhongchemical.com\/product\/c-6-cas-355-42-0\/\"]}]},{\"@type\":\"ImageObject\",\"inLanguage\":\"pt-BR\",\"@id\":\"https:\/\/changhongchemical.com\/product\/c-6-cas-355-42-0\/#primaryimage\",\"url\":\"https:\/\/changhongchemical.com\/wp-content\/uploads\/2025\/03\/C-6.jpg\",\"contentUrl\":\"https:\/\/changhongchemical.com\/wp-content\/uploads\/2025\/03\/C-6.jpg\",\"width\":300,\"height\":300},{\"@type\":\"BreadcrumbList\",\"@id\":\"https:\/\/changhongchemical.com\/product\/c-6-cas-355-42-0\/#breadcrumb\",\"itemListElement\":[{\"@type\":\"ListItem\",\"position\":1,\"name\":\"Home\",\"item\":\"https:\/\/changhongchemical.com\/\"},{\"@type\":\"ListItem\",\"position\":2,\"name\":\"Products Changhong\",\"item\":\"https:\/\/changhongchemical.com\/product\/\"},{\"@type\":\"ListItem\",\"position\":3,\"name\":\"CHLUMOFIUOR\u00ae C-6 Perfluorohexane CAS 355-42-0\"}]},{\"@type\":\"WebSite\",\"@id\":\"https:\/\/changhongchemical.com\/#website\",\"url\":\"https:\/\/changhongchemical.com\/\",\"name\":\"Changhong Chemical\",\"description\":\"China chemical manufacturer \uff06 supplier\",\"publisher\":{\"@id\":\"https:\/\/changhongchemical.com\/#organization\"},\"potentialAction\":[{\"@type\":\"SearchAction\",\"target\":{\"@type\":\"EntryPoint\",\"urlTemplate\":\"https:\/\/changhongchemical.com\/?s={search_term_string}\"},\"query-input\":\"required name=search_term_string\"}],\"inLanguage\":\"pt-BR\"},{\"@type\":\"Organization\",\"@id\":\"https:\/\/changhongchemical.com\/#organization\",\"name\":\"Changhong Chemical\",\"url\":\"https:\/\/changhongchemical.com\/\",\"logo\":{\"@type\":\"ImageObject\",\"inLanguage\":\"pt-BR\",\"@id\":\"https:\/\/changhongchemical.com\/#\/schema\/logo\/image\/\",\"url\":\"https:\/\/changhongchemical.com\/wp-content\/uploads\/2020\/08\/cropped-longchang-logo.png\",\"contentUrl\":\"https:\/\/changhongchemical.com\/wp-content\/uploads\/2020\/08\/cropped-longchang-logo.png\",\"width\":512,\"height\":512,\"caption\":\"Changhong Chemical\"},\"image\":{\"@id\":\"https:\/\/changhongchemical.com\/#\/schema\/logo\/image\/\"}}]}<\/script>\n<!-- \/ Yoast SEO plugin. -->","yoast_head_json":{"title":"Fabricante de CHLUMOFIUOR\u00ae C-6 Perfluorohexano CAS 355-42-0 na China - Changhong Chemical","description":"CHLUMOFIUOR\u00ae C-6 Perfluorohexano CAS 355-42-0 \u00e9 um produto-chave da Changhong Chemical. Oferecemos o melhor pre\u00e7o. Somos o fabricante l\u00edder na China, com a melhor qualidade e pre\u00e7o competitivo.","robots":{"index":"index","follow":"follow","max-snippet":"max-snippet:-1","max-image-preview":"max-image-preview:large","max-video-preview":"max-video-preview:-1"},"canonical":"https:\/\/changhongchemical.com\/pt\/product\/c-6-cas-355-42-0\/","og_locale":"pt_BR","og_type":"article","og_title":"China CHLUMOFIUOR\u00ae C-6 Perfluorohexane CAS 355-42-0 Manufacturer - Changhong Chemical","og_description":"CHLUMOFIUOR\u00ae C-6 Perfluorohexane CAS 355-42-0 is a key product of Changhong Chemical. We provide the best price. We are the leading manufacturer in China with the best quality and competitive price.","og_url":"https:\/\/changhongchemical.com\/pt\/product\/c-6-cas-355-42-0\/","og_site_name":"Changhong Chemical","article_modified_time":"2026-01-08T07:16:53+00:00","og_image":[{"width":300,"height":300,"url":"https:\/\/changhongchemical.com\/wp-content\/uploads\/2025\/03\/C-6.jpg","type":"image\/jpeg"}],"twitter_card":"summary_large_image","twitter_misc":{"Est. tempo de leitura":"1 minuto"},"schema":{"@context":"https:\/\/schema.org","@graph":[{"@type":"WebPage","@id":"https:\/\/changhongchemical.com\/product\/c-6-cas-355-42-0\/","url":"https:\/\/changhongchemical.com\/product\/c-6-cas-355-42-0\/","name":"Fabricante de CHLUMOFIUOR\u00ae C-6 Perfluorohexano CAS 355-42-0 na China - Changhong Chemical","isPartOf":{"@id":"https:\/\/changhongchemical.com\/#website"},"primaryImageOfPage":{"@id":"https:\/\/changhongchemical.com\/product\/c-6-cas-355-42-0\/#primaryimage"},"image":{"@id":"https:\/\/changhongchemical.com\/product\/c-6-cas-355-42-0\/#primaryimage"},"thumbnailUrl":"https:\/\/changhongchemical.com\/wp-content\/uploads\/2025\/03\/C-6.jpg","datePublished":"2025-03-25T07:48:06+00:00","dateModified":"2026-01-08T07:16:53+00:00","description":"CHLUMOFIUOR\u00ae C-6 Perfluorohexano CAS 355-42-0 \u00e9 um produto-chave da Changhong Chemical. Oferecemos o melhor pre\u00e7o. Somos o fabricante l\u00edder na China, com a melhor qualidade e pre\u00e7o competitivo.","breadcrumb":{"@id":"https:\/\/changhongchemical.com\/product\/c-6-cas-355-42-0\/#breadcrumb"},"inLanguage":"pt-BR","potentialAction":[{"@type":"ReadAction","target":["https:\/\/changhongchemical.com\/product\/c-6-cas-355-42-0\/"]}]},{"@type":"ImageObject","inLanguage":"pt-BR","@id":"https:\/\/changhongchemical.com\/product\/c-6-cas-355-42-0\/#primaryimage","url":"https:\/\/changhongchemical.com\/wp-content\/uploads\/2025\/03\/C-6.jpg","contentUrl":"https:\/\/changhongchemical.com\/wp-content\/uploads\/2025\/03\/C-6.jpg","width":300,"height":300},{"@type":"BreadcrumbList","@id":"https:\/\/changhongchemical.com\/product\/c-6-cas-355-42-0\/#breadcrumb","itemListElement":[{"@type":"ListItem","position":1,"name":"Home","item":"https:\/\/changhongchemical.com\/"},{"@type":"ListItem","position":2,"name":"Products Changhong","item":"https:\/\/changhongchemical.com\/product\/"},{"@type":"ListItem","position":3,"name":"CHLUMOFIUOR\u00ae C-6 Perfluorohexane CAS 355-42-0"}]},{"@type":"WebSite","@id":"https:\/\/changhongchemical.com\/#website","url":"https:\/\/changhongchemical.com\/","name":"Qu\u00edmica Longchang","description":"Fabricante de produtos qu\u00edmicos na China \uff06 fornecedor","publisher":{"@id":"https:\/\/changhongchemical.com\/#organization"},"potentialAction":[{"@type":"SearchAction","target":{"@type":"EntryPoint","urlTemplate":"https:\/\/changhongchemical.com\/?s={search_term_string}"},"query-input":"required name=search_term_string"}],"inLanguage":"pt-BR"},{"@type":"Organization","@id":"https:\/\/changhongchemical.com\/#organization","name":"Qu\u00edmica Longchang","url":"https:\/\/changhongchemical.com\/","logo":{"@type":"ImageObject","inLanguage":"pt-BR","@id":"https:\/\/changhongchemical.com\/#\/schema\/logo\/image\/","url":"https:\/\/changhongchemical.com\/wp-content\/uploads\/2020\/08\/cropped-longchang-logo.png","contentUrl":"https:\/\/changhongchemical.com\/wp-content\/uploads\/2020\/08\/cropped-longchang-logo.png","width":512,"height":512,"caption":"Changhong Chemical"},"image":{"@id":"https:\/\/changhongchemical.com\/#\/schema\/logo\/image\/"}}]}},"_links":{"self":[{"href":"https:\/\/changhongchemical.com\/pt\/wp-json\/wp\/v2\/product\/8363","targetHints":{"allow":["GET"]}}],"collection":[{"href":"https:\/\/changhongchemical.com\/pt\/wp-json\/wp\/v2\/product"}],"about":[{"href":"https:\/\/changhongchemical.com\/pt\/wp-json\/wp\/v2\/types\/product"}],"replies":[{"embeddable":true,"href":"https:\/\/changhongchemical.com\/pt\/wp-json\/wp\/v2\/comments?post=8363"}],"wp:featuredmedia":[{"embeddable":true,"href":"https:\/\/changhongchemical.com\/pt\/wp-json\/wp\/v2\/media\/8364"}],"wp:attachment":[{"href":"https:\/\/changhongchemical.com\/pt\/wp-json\/wp\/v2\/media?parent=8363"}],"wp:term":[{"taxonomy":"product_brand","embeddable":true,"href":"https:\/\/changhongchemical.com\/pt\/wp-json\/wp\/v2\/product_brand?post=8363"},{"taxonomy":"product_cat","embeddable":true,"href":"https:\/\/changhongchemical.com\/pt\/wp-json\/wp\/v2\/product_cat?post=8363"},{"taxonomy":"product_tag","embeddable":true,"href":"https:\/\/changhongchemical.com\/pt\/wp-json\/wp\/v2\/product_tag?post=8363"}],"curies":[{"name":"wp","href":"https:\/\/api.w.org\/{rel}","templated":true}]}}