{"id":8220,"date":"2025-03-24T06:50:35","date_gmt":"2025-03-24T06:50:35","guid":{"rendered":"https:\/\/changhongchemical.com\/?post_type=product&#038;p=8220"},"modified":"2026-01-09T04:18:44","modified_gmt":"2026-01-09T04:18:44","slug":"ch-n-cas-68391-08-2","status":"publish","type":"product","link":"https:\/\/changhongchemical.com\/pt\/product\/ch-n-cas-68391-08-2\/","title":{"rendered":"CHLUMOFIUOR\u00ae CH-N Perfluoroalquil etanol CAS 68391-08-2"},"content":{"rendered":"<p>\u00cdndice de desempenho<br \/>\nApar\u00eancia: S\u00f3lido ceroso<br \/>\nPonto de ebuli\u00e7\u00e3o (\u00b0C): 145-245@760mmHg<br \/>\nFaixa de fus\u00e3o (\u00b0C): 34.8-56.9<br \/>\nDensidade (g\/mL): 1,7<br \/>\n\u00cdndice de refra\u00e7\u00e3o: N\/A<br \/>\nPonto de fulgor (\u00b0C): Nenhum<br \/>\nPureza (GC): &gt;90%<\/p>\n<p>Outro nome:<\/p>\n<p>\u03c9 - H - \u00c1lcool perfluoroalqu\u00edlico<\/p>\n<p>2 - (Perfluoroalquil) etanol<\/p>\n<p>2 - \u00c1lcool et\u00edlico (perfluoroalqu\u00edlico)<\/p>\n<h2><strong><b>Entre em contato conosco agora!<\/b><\/strong><\/h2>\n<h4><strong><b>Se precisar do Price, preencha suas informa\u00e7\u00f5es de contato no formul\u00e1rio abaixo. Normalmente, entraremos em contato dentro de 24 horas. Voc\u00ea tamb\u00e9m pode me enviar um e-mail\u00a0<span style=\"color: #00ccff;\"><a style=\"color: #00ccff;\" href=\"mailto:info@changhongchemical.com\">info@changhongchemical.com<\/a><\/span>\u00a0durante o hor\u00e1rio comercial (das 8h30 \u00e0s 18h UTC+8 de segunda a s\u00e1bado) ou use o bate-papo ao vivo do site para obter uma resposta imediata.<\/b><\/strong><\/h4>","protected":false},"excerpt":{"rendered":"<p>CH-N<br \/>\n\u00c1lcool et\u00edlico 2-Perfluoroalqu\u00edlico<br \/>\nN\u00famero CAS: 68391-08-2<br \/>\nF\u00f3rmula molecular: F(CF2)nCH2CH2OH<br \/>\nPeso molecular: 490<br \/>\nN\u00ba EINECS: 269-927-8<\/p>\n<p>Campos de aplica\u00e7\u00e3o<br \/>\nTratamento de tecidos, revestimentos, s\u00edntese de surfactantes contendo fl\u00faor.<br \/>\nMat\u00e9ria-prima para a s\u00edntese de acrilato ou metacrilato.<br \/>\nEmbalagem e armazenamento<br \/>\nEsse produto \u00e9 embalado em tambores compostos de a\u00e7o e pl\u00e1stico de 25L, 50L e 200L. O produto \u00e9 armazenado em um local ventilado e fresco em condi\u00e7\u00f5es herm\u00e9ticas. Consulte a MSDS para obter detalhes.<\/p>","protected":false},"featured_media":8221,"comment_status":"closed","ping_status":"closed","template":"","meta":[],"product_brand":[],"product_cat":[187],"product_tag":[],"class_list":{"0":"post-8220","1":"product","2":"type-product","3":"status-publish","4":"has-post-thumbnail","6":"product_cat-functional-fluorinated-monomers","8":"first","9":"instock","10":"shipping-taxable","11":"product-type-simple"},"yoast_head":"<!-- This site is optimized with the Yoast SEO plugin v23.3 - https:\/\/yoast.com\/wordpress\/plugins\/seo\/ -->\n<title>China CHLUMOFIUOR\u00ae CH-N Perfluoroalkyl ethanol CAS 68391-08-2 Manufacturer - Changhong Chemical<\/title>\n<meta name=\"description\" content=\"CHLUMOFIUOR\u00ae CH-N Perfluoroalkyl ethanol CAS 68391-08-2 is a key product of Changhong Chemical. We provide the best price. We are the leading manufacturer in China with the best quality and competitive price.\" \/>\n<meta name=\"robots\" content=\"index, follow, max-snippet:-1, max-image-preview:large, max-video-preview:-1\" \/>\n<link rel=\"canonical\" href=\"https:\/\/changhongchemical.com\/pt\/product\/ch-n-cas-68391-08-2\/\" \/>\n<meta property=\"og:locale\" content=\"pt_BR\" \/>\n<meta property=\"og:type\" content=\"article\" \/>\n<meta property=\"og:title\" content=\"China CHLUMOFIUOR\u00ae CH-N Perfluoroalkyl ethanol CAS 68391-08-2 Manufacturer - Changhong Chemical\" \/>\n<meta property=\"og:description\" content=\"CHLUMOFIUOR\u00ae CH-N Perfluoroalkyl ethanol CAS 68391-08-2 is a key product of Changhong Chemical. We provide the best price. We are the leading manufacturer in China with the best quality and competitive price.\" \/>\n<meta property=\"og:url\" content=\"https:\/\/changhongchemical.com\/pt\/product\/ch-n-cas-68391-08-2\/\" \/>\n<meta property=\"og:site_name\" content=\"Changhong Chemical\" \/>\n<meta property=\"article:modified_time\" content=\"2026-01-09T04:18:44+00:00\" \/>\n<meta property=\"og:image\" content=\"https:\/\/changhongchemical.com\/wp-content\/uploads\/2025\/03\/N.jpg\" \/>\n\t<meta property=\"og:image:width\" content=\"300\" \/>\n\t<meta property=\"og:image:height\" content=\"300\" \/>\n\t<meta property=\"og:image:type\" content=\"image\/jpeg\" \/>\n<meta name=\"twitter:card\" content=\"summary_large_image\" \/>\n<meta name=\"twitter:label1\" content=\"Est. tempo de leitura\" \/>\n\t<meta name=\"twitter:data1\" content=\"1 minuto\" \/>\n<script type=\"application\/ld+json\" class=\"yoast-schema-graph\">{\"@context\":\"https:\/\/schema.org\",\"@graph\":[{\"@type\":\"WebPage\",\"@id\":\"https:\/\/changhongchemical.com\/product\/ch-n-cas-68391-08-2\/\",\"url\":\"https:\/\/changhongchemical.com\/product\/ch-n-cas-68391-08-2\/\",\"name\":\"China CHLUMOFIUOR\u00ae CH-N Perfluoroalkyl ethanol CAS 68391-08-2 Manufacturer - Changhong Chemical\",\"isPartOf\":{\"@id\":\"https:\/\/changhongchemical.com\/#website\"},\"primaryImageOfPage\":{\"@id\":\"https:\/\/changhongchemical.com\/product\/ch-n-cas-68391-08-2\/#primaryimage\"},\"image\":{\"@id\":\"https:\/\/changhongchemical.com\/product\/ch-n-cas-68391-08-2\/#primaryimage\"},\"thumbnailUrl\":\"https:\/\/changhongchemical.com\/wp-content\/uploads\/2025\/03\/N.jpg\",\"datePublished\":\"2025-03-24T06:50:35+00:00\",\"dateModified\":\"2026-01-09T04:18:44+00:00\",\"description\":\"CHLUMOFIUOR\u00ae CH-N Perfluoroalkyl ethanol CAS 68391-08-2 is a key product of Changhong Chemical. We provide the best price. We are the leading manufacturer in China with the best quality and competitive price.\",\"breadcrumb\":{\"@id\":\"https:\/\/changhongchemical.com\/product\/ch-n-cas-68391-08-2\/#breadcrumb\"},\"inLanguage\":\"pt-BR\",\"potentialAction\":[{\"@type\":\"ReadAction\",\"target\":[\"https:\/\/changhongchemical.com\/product\/ch-n-cas-68391-08-2\/\"]}]},{\"@type\":\"ImageObject\",\"inLanguage\":\"pt-BR\",\"@id\":\"https:\/\/changhongchemical.com\/product\/ch-n-cas-68391-08-2\/#primaryimage\",\"url\":\"https:\/\/changhongchemical.com\/wp-content\/uploads\/2025\/03\/N.jpg\",\"contentUrl\":\"https:\/\/changhongchemical.com\/wp-content\/uploads\/2025\/03\/N.jpg\",\"width\":300,\"height\":300},{\"@type\":\"BreadcrumbList\",\"@id\":\"https:\/\/changhongchemical.com\/product\/ch-n-cas-68391-08-2\/#breadcrumb\",\"itemListElement\":[{\"@type\":\"ListItem\",\"position\":1,\"name\":\"Home\",\"item\":\"https:\/\/changhongchemical.com\/\"},{\"@type\":\"ListItem\",\"position\":2,\"name\":\"Products Changhong\",\"item\":\"https:\/\/changhongchemical.com\/product\/\"},{\"@type\":\"ListItem\",\"position\":3,\"name\":\"CHLUMOFIUOR\u00ae CH-N Perfluoroalkyl ethanol CAS 68391-08-2\"}]},{\"@type\":\"WebSite\",\"@id\":\"https:\/\/changhongchemical.com\/#website\",\"url\":\"https:\/\/changhongchemical.com\/\",\"name\":\"Changhong Chemical\",\"description\":\"China chemical manufacturer \uff06 supplier\",\"publisher\":{\"@id\":\"https:\/\/changhongchemical.com\/#organization\"},\"potentialAction\":[{\"@type\":\"SearchAction\",\"target\":{\"@type\":\"EntryPoint\",\"urlTemplate\":\"https:\/\/changhongchemical.com\/?s={search_term_string}\"},\"query-input\":\"required name=search_term_string\"}],\"inLanguage\":\"pt-BR\"},{\"@type\":\"Organization\",\"@id\":\"https:\/\/changhongchemical.com\/#organization\",\"name\":\"Changhong Chemical\",\"url\":\"https:\/\/changhongchemical.com\/\",\"logo\":{\"@type\":\"ImageObject\",\"inLanguage\":\"pt-BR\",\"@id\":\"https:\/\/changhongchemical.com\/#\/schema\/logo\/image\/\",\"url\":\"https:\/\/changhongchemical.com\/wp-content\/uploads\/2020\/08\/cropped-longchang-logo.png\",\"contentUrl\":\"https:\/\/changhongchemical.com\/wp-content\/uploads\/2020\/08\/cropped-longchang-logo.png\",\"width\":512,\"height\":512,\"caption\":\"Changhong Chemical\"},\"image\":{\"@id\":\"https:\/\/changhongchemical.com\/#\/schema\/logo\/image\/\"}}]}<\/script>\n<!-- \/ Yoast SEO plugin. -->","yoast_head_json":{"title":"China CHLUMOFIUOR\u00ae CH-N Perfluoroalkyl ethanol CAS 68391-08-2 Fabricante - Changhong Chemical","description":"CHLUMOFIUOR\u00ae CH-N Perfluoroalkyl ethanol CAS 68391-08-2 \u00e9 um produto-chave da Changhong Chemical. Oferecemos o melhor pre\u00e7o. Somos o fabricante l\u00edder na China, com a melhor qualidade e pre\u00e7o competitivo.","robots":{"index":"index","follow":"follow","max-snippet":"max-snippet:-1","max-image-preview":"max-image-preview:large","max-video-preview":"max-video-preview:-1"},"canonical":"https:\/\/changhongchemical.com\/pt\/product\/ch-n-cas-68391-08-2\/","og_locale":"pt_BR","og_type":"article","og_title":"China CHLUMOFIUOR\u00ae CH-N Perfluoroalkyl ethanol CAS 68391-08-2 Manufacturer - Changhong Chemical","og_description":"CHLUMOFIUOR\u00ae CH-N Perfluoroalkyl ethanol CAS 68391-08-2 is a key product of Changhong Chemical. We provide the best price. We are the leading manufacturer in China with the best quality and competitive price.","og_url":"https:\/\/changhongchemical.com\/pt\/product\/ch-n-cas-68391-08-2\/","og_site_name":"Changhong Chemical","article_modified_time":"2026-01-09T04:18:44+00:00","og_image":[{"width":300,"height":300,"url":"https:\/\/changhongchemical.com\/wp-content\/uploads\/2025\/03\/N.jpg","type":"image\/jpeg"}],"twitter_card":"summary_large_image","twitter_misc":{"Est. tempo de leitura":"1 minuto"},"schema":{"@context":"https:\/\/schema.org","@graph":[{"@type":"WebPage","@id":"https:\/\/changhongchemical.com\/product\/ch-n-cas-68391-08-2\/","url":"https:\/\/changhongchemical.com\/product\/ch-n-cas-68391-08-2\/","name":"China CHLUMOFIUOR\u00ae CH-N Perfluoroalkyl ethanol CAS 68391-08-2 Fabricante - Changhong Chemical","isPartOf":{"@id":"https:\/\/changhongchemical.com\/#website"},"primaryImageOfPage":{"@id":"https:\/\/changhongchemical.com\/product\/ch-n-cas-68391-08-2\/#primaryimage"},"image":{"@id":"https:\/\/changhongchemical.com\/product\/ch-n-cas-68391-08-2\/#primaryimage"},"thumbnailUrl":"https:\/\/changhongchemical.com\/wp-content\/uploads\/2025\/03\/N.jpg","datePublished":"2025-03-24T06:50:35+00:00","dateModified":"2026-01-09T04:18:44+00:00","description":"CHLUMOFIUOR\u00ae CH-N Perfluoroalkyl ethanol CAS 68391-08-2 \u00e9 um produto-chave da Changhong Chemical. Oferecemos o melhor pre\u00e7o. Somos o fabricante l\u00edder na China, com a melhor qualidade e pre\u00e7o competitivo.","breadcrumb":{"@id":"https:\/\/changhongchemical.com\/product\/ch-n-cas-68391-08-2\/#breadcrumb"},"inLanguage":"pt-BR","potentialAction":[{"@type":"ReadAction","target":["https:\/\/changhongchemical.com\/product\/ch-n-cas-68391-08-2\/"]}]},{"@type":"ImageObject","inLanguage":"pt-BR","@id":"https:\/\/changhongchemical.com\/product\/ch-n-cas-68391-08-2\/#primaryimage","url":"https:\/\/changhongchemical.com\/wp-content\/uploads\/2025\/03\/N.jpg","contentUrl":"https:\/\/changhongchemical.com\/wp-content\/uploads\/2025\/03\/N.jpg","width":300,"height":300},{"@type":"BreadcrumbList","@id":"https:\/\/changhongchemical.com\/product\/ch-n-cas-68391-08-2\/#breadcrumb","itemListElement":[{"@type":"ListItem","position":1,"name":"Home","item":"https:\/\/changhongchemical.com\/"},{"@type":"ListItem","position":2,"name":"Products Changhong","item":"https:\/\/changhongchemical.com\/product\/"},{"@type":"ListItem","position":3,"name":"CHLUMOFIUOR\u00ae CH-N Perfluoroalkyl ethanol CAS 68391-08-2"}]},{"@type":"WebSite","@id":"https:\/\/changhongchemical.com\/#website","url":"https:\/\/changhongchemical.com\/","name":"Qu\u00edmica Longchang","description":"Fabricante de produtos qu\u00edmicos na China \uff06 fornecedor","publisher":{"@id":"https:\/\/changhongchemical.com\/#organization"},"potentialAction":[{"@type":"SearchAction","target":{"@type":"EntryPoint","urlTemplate":"https:\/\/changhongchemical.com\/?s={search_term_string}"},"query-input":"required name=search_term_string"}],"inLanguage":"pt-BR"},{"@type":"Organization","@id":"https:\/\/changhongchemical.com\/#organization","name":"Qu\u00edmica Longchang","url":"https:\/\/changhongchemical.com\/","logo":{"@type":"ImageObject","inLanguage":"pt-BR","@id":"https:\/\/changhongchemical.com\/#\/schema\/logo\/image\/","url":"https:\/\/changhongchemical.com\/wp-content\/uploads\/2020\/08\/cropped-longchang-logo.png","contentUrl":"https:\/\/changhongchemical.com\/wp-content\/uploads\/2020\/08\/cropped-longchang-logo.png","width":512,"height":512,"caption":"Changhong Chemical"},"image":{"@id":"https:\/\/changhongchemical.com\/#\/schema\/logo\/image\/"}}]}},"_links":{"self":[{"href":"https:\/\/changhongchemical.com\/pt\/wp-json\/wp\/v2\/product\/8220","targetHints":{"allow":["GET"]}}],"collection":[{"href":"https:\/\/changhongchemical.com\/pt\/wp-json\/wp\/v2\/product"}],"about":[{"href":"https:\/\/changhongchemical.com\/pt\/wp-json\/wp\/v2\/types\/product"}],"replies":[{"embeddable":true,"href":"https:\/\/changhongchemical.com\/pt\/wp-json\/wp\/v2\/comments?post=8220"}],"wp:featuredmedia":[{"embeddable":true,"href":"https:\/\/changhongchemical.com\/pt\/wp-json\/wp\/v2\/media\/8221"}],"wp:attachment":[{"href":"https:\/\/changhongchemical.com\/pt\/wp-json\/wp\/v2\/media?parent=8220"}],"wp:term":[{"taxonomy":"product_brand","embeddable":true,"href":"https:\/\/changhongchemical.com\/pt\/wp-json\/wp\/v2\/product_brand?post=8220"},{"taxonomy":"product_cat","embeddable":true,"href":"https:\/\/changhongchemical.com\/pt\/wp-json\/wp\/v2\/product_cat?post=8220"},{"taxonomy":"product_tag","embeddable":true,"href":"https:\/\/changhongchemical.com\/pt\/wp-json\/wp\/v2\/product_tag?post=8220"}],"curies":[{"name":"wp","href":"https:\/\/api.w.org\/{rel}","templated":true}]}}