{"id":8198,"date":"2025-03-24T04:30:48","date_gmt":"2025-03-24T04:30:48","guid":{"rendered":"https:\/\/changhongchemical.com\/?post_type=product&#038;p=8198"},"modified":"2025-05-12T02:58:11","modified_gmt":"2025-05-12T02:58:11","slug":"ch-101","status":"publish","type":"product","link":"https:\/\/changhongchemical.com\/pt\/product\/ch-101\/","title":{"rendered":"CHLUMOFIUOR\u00ae CH-101 emuls\u00e3o de fluorocarbono de um componente \u00e0 base de \u00e1gua"},"content":{"rendered":"<p>\u00cdndice de desempenho:<\/p>\n<p>Apar\u00eancia: l\u00edquido branco leitoso<\/p>\n<p>Teor de fl\u00faor s\u00f3lido (%): 10\u00b11<\/p>\n<p>Conte\u00fado s\u00f3lido (%): 45\u00b11<\/p>\n<p>Temperatura de transi\u00e7\u00e3o v\u00edtrea (\u00b0C): 25\u00b15<\/p>\n<p>Viscosidade (S): 10\uff5e20 (23\u00b12\u00b0C, copos revestidos-4)<\/p>\n<p>Densidade (g\/mL): 1,1\u00b10,05@20\u00b0C<\/p>\n<p>pH: 6,5\uff5e8<\/p>\n<p>Estabilidade mec\u00e2nica: Nenhuma anormalidade (3000r\/min, 0,5h)<\/p>\n<p>Propriedades i\u00f4nicas: ani\u00f4nica<\/p>\n<p>&nbsp;<\/p>\n<p>Caracter\u00edsticas do produto.<\/p>\n<p>Resist\u00eancia ultralonga \u00e0s intemp\u00e9ries, excelente resist\u00eancia \u00e0 sujeira, baix\u00edssima emiss\u00e3o de VOC, prote\u00e7\u00e3o ambiental verde, boa capacidade de constru\u00e7\u00e3o; pode ser laminado, escovado, pulverizado ou pulverizado sem ar<\/p>\n<p>\u00c1reas de aplica\u00e7\u00e3o: paredes internas e externas de edif\u00edcios, cimento, cer\u00e2mica, etc.<\/p>\n<p>Prote\u00e7\u00e3o e decora\u00e7\u00e3o de paredes internas e externas de edif\u00edcios, cimento, cer\u00e2mica, metal, madeira e esmalte.<\/p>\n<p>Embalagem e armazenamento.<\/p>\n<p>A especifica\u00e7\u00e3o da embalagem desse produto \u00e9 de 25 kg\/barril e 200 kg\/barril, respectivamente. O produto deve ser armazenado em recipientes lacrados a uma temperatura de 5 a 30\u00b0C, evitando congelamento e altas temperaturas, com prazo de validade de 1 ano.<\/p>\n<p>Outro nome:<\/p>\n<p>Emuls\u00e3o de fluorocarbono monocomponente \u00e0 base de \u00e1gua<\/p>\n<p>Emuls\u00e3o de fluorocarbono de uma parte \u00e0 base de \u00e1gua<\/p>\n<p>Emuls\u00e3o de fluorocarbono de embalagem \u00fanica \u00e0 base de \u00e1gua<\/p>\n<p>Emuls\u00e3o de componente \u00fanico de fluorocarbono \u00e0 base de \u00e1gua<\/p>\n<h2><strong><b>Entre em contato conosco agora!<\/b><\/strong><\/h2>\n<h4><strong><b>Se precisar do Price, preencha suas informa\u00e7\u00f5es de contato no formul\u00e1rio abaixo. Normalmente, entraremos em contato dentro de 24 horas. Voc\u00ea tamb\u00e9m pode me enviar um e-mail\u00a0<span style=\"color: #00ccff;\"><a style=\"color: #00ccff;\" href=\"mailto:info@changhongchemical.com\">info@changhongchemical.com<\/a><\/span>\u00a0durante o hor\u00e1rio comercial (das 8h30 \u00e0s 18h UTC+8 de segunda a s\u00e1bado) ou use o bate-papo ao vivo do site para obter uma resposta imediata.<\/b><\/strong><\/h4>","protected":false},"excerpt":{"rendered":"<p>A emuls\u00e3o de fluorocarbono de um componente \u00e0 base de \u00e1gua CH-101 \u00e9 um copol\u00edmero de mon\u00f4mero contendo fl\u00faor, mon\u00f4mero olef\u00ednico e mon\u00f4mero funcional; \u00e9 uma emuls\u00e3o de pol\u00edmero com estrutura composta de n\u00facleo duro e casca mole produzida pela tecnologia de polimeriza\u00e7\u00e3o de emuls\u00e3o de sementes. O revestimento de fluorocarbono \u00e0 base de \u00e1gua preparado por essa emuls\u00e3o de fluorocarbono tem resist\u00eancia ultralonga \u00e0s intemp\u00e9ries, resist\u00eancia aos raios UV, excelente resist\u00eancia \u00e0 brancura da \u00e1gua, resist\u00eancia \u00e0 corros\u00e3o por \u00e1cidos, \u00e1lcalis e sal e nenhuma altera\u00e7\u00e3o sob chuva \u00e1cida, polui\u00e7\u00e3o atmosf\u00e9rica e condi\u00e7\u00f5es de corros\u00e3o por spray de sal marinho. A emiss\u00e3o de VOC extremamente baixa, a prote\u00e7\u00e3o ambiental verde, o bom desempenho da constru\u00e7\u00e3o etc. s\u00e3o particularmente adequados para a prote\u00e7\u00e3o de paredes internas e externas da luz decorativa e de cobertura, e o per\u00edodo de prote\u00e7\u00e3o pode ser de at\u00e9 20 anos.<\/p>","protected":false},"featured_media":8199,"comment_status":"closed","ping_status":"closed","template":"","meta":[],"product_brand":[],"product_cat":[186],"product_tag":[],"class_list":{"0":"post-8198","1":"product","2":"type-product","3":"status-publish","4":"has-post-thumbnail","6":"product_cat-fluorocarbon-resin","8":"first","9":"instock","10":"shipping-taxable","11":"product-type-simple"},"yoast_head":"<!-- This site is optimized with the Yoast SEO plugin v27.4 - https:\/\/yoast.com\/product\/yoast-seo-wordpress\/ -->\n<title>China CHLUMOFIUOR\u00ae CH-101 waterborne one-component fluorocarbon emulsion Manufacturer - Changhong Chemical<\/title>\n<meta name=\"description\" content=\"CH-101 waterborne one-component fluorocarbon emulsion is a copolymer of fluorine-containing monomer, olefinic monomer and functional monomer; it is a...\" \/>\n<meta name=\"robots\" content=\"index, follow, max-snippet:-1, max-image-preview:large, max-video-preview:-1\" \/>\n<link rel=\"canonical\" href=\"https:\/\/changhongchemical.com\/pt\/product\/ch-101\/\" \/>\n<meta property=\"og:locale\" content=\"pt_BR\" \/>\n<meta property=\"og:type\" content=\"article\" \/>\n<meta property=\"og:title\" content=\"China CHLUMOFIUOR\u00ae CH-101 waterborne one-component fluorocarbon emulsion Manufacturer - Changhong Chemical\" \/>\n<meta property=\"og:description\" content=\"CH-101 waterborne one-component fluorocarbon emulsion is a copolymer of fluorine-containing monomer, olefinic monomer and functional monomer; it is a...\" \/>\n<meta property=\"og:url\" content=\"https:\/\/changhongchemical.com\/pt\/product\/ch-101\/\" \/>\n<meta property=\"og:site_name\" content=\"Changhong Chemical\" \/>\n<meta property=\"article:modified_time\" content=\"2025-05-12T02:58:11+00:00\" \/>\n<meta property=\"og:image\" content=\"https:\/\/changhongchemical.com\/wp-content\/uploads\/2025\/03\/CH-101.jpg\" \/>\n\t<meta property=\"og:image:width\" content=\"600\" \/>\n\t<meta property=\"og:image:height\" content=\"600\" \/>\n\t<meta property=\"og:image:type\" content=\"image\/jpeg\" \/>\n<meta name=\"twitter:card\" content=\"summary_large_image\" \/>\n<meta name=\"twitter:label1\" content=\"Est. tempo de leitura\" \/>\n\t<meta name=\"twitter:data1\" content=\"2 minutos\" \/>\n<script type=\"application\/ld+json\" class=\"yoast-schema-graph\">{\"@context\":\"https:\\\/\\\/schema.org\",\"@graph\":[{\"@type\":\"WebPage\",\"@id\":\"https:\\\/\\\/changhongchemical.com\\\/product\\\/ch-101\\\/\",\"url\":\"https:\\\/\\\/changhongchemical.com\\\/product\\\/ch-101\\\/\",\"name\":\"China CHLUMOFIUOR\u00ae CH-101 waterborne one-component fluorocarbon emulsion Manufacturer - Changhong Chemical\",\"isPartOf\":{\"@id\":\"https:\\\/\\\/changhongchemical.com\\\/#website\"},\"primaryImageOfPage\":{\"@id\":\"https:\\\/\\\/changhongchemical.com\\\/product\\\/ch-101\\\/#primaryimage\"},\"image\":{\"@id\":\"https:\\\/\\\/changhongchemical.com\\\/product\\\/ch-101\\\/#primaryimage\"},\"thumbnailUrl\":\"https:\\\/\\\/changhongchemical.com\\\/wp-content\\\/uploads\\\/2025\\\/03\\\/CH-101.jpg\",\"datePublished\":\"2025-03-24T04:30:48+00:00\",\"dateModified\":\"2025-05-12T02:58:11+00:00\",\"description\":\"CH-101 waterborne one-component fluorocarbon emulsion is a copolymer of fluorine-containing monomer, olefinic monomer and functional monomer; it is a...\",\"breadcrumb\":{\"@id\":\"https:\\\/\\\/changhongchemical.com\\\/product\\\/ch-101\\\/#breadcrumb\"},\"inLanguage\":\"pt-BR\",\"potentialAction\":[{\"@type\":\"ReadAction\",\"target\":[\"https:\\\/\\\/changhongchemical.com\\\/product\\\/ch-101\\\/\"]}]},{\"@type\":\"ImageObject\",\"inLanguage\":\"pt-BR\",\"@id\":\"https:\\\/\\\/changhongchemical.com\\\/product\\\/ch-101\\\/#primaryimage\",\"url\":\"https:\\\/\\\/changhongchemical.com\\\/wp-content\\\/uploads\\\/2025\\\/03\\\/CH-101.jpg\",\"contentUrl\":\"https:\\\/\\\/changhongchemical.com\\\/wp-content\\\/uploads\\\/2025\\\/03\\\/CH-101.jpg\",\"width\":600,\"height\":600},{\"@type\":\"BreadcrumbList\",\"@id\":\"https:\\\/\\\/changhongchemical.com\\\/product\\\/ch-101\\\/#breadcrumb\",\"itemListElement\":[{\"@type\":\"ListItem\",\"position\":1,\"name\":\"Home\",\"item\":\"https:\\\/\\\/changhongchemical.com\\\/\"},{\"@type\":\"ListItem\",\"position\":2,\"name\":\"Products Changhong\",\"item\":\"https:\\\/\\\/changhongchemical.com\\\/product\\\/\"},{\"@type\":\"ListItem\",\"position\":3,\"name\":\"CHLUMOFIUOR\u00ae CH-101 waterborne one-component fluorocarbon emulsion\"}]},{\"@type\":\"WebSite\",\"@id\":\"https:\\\/\\\/changhongchemical.com\\\/#website\",\"url\":\"https:\\\/\\\/changhongchemical.com\\\/\",\"name\":\"Changhong Chemical\",\"description\":\"China chemical manufacturer \uff06 supplier\",\"publisher\":{\"@id\":\"https:\\\/\\\/changhongchemical.com\\\/#organization\"},\"potentialAction\":[{\"@type\":\"SearchAction\",\"target\":{\"@type\":\"EntryPoint\",\"urlTemplate\":\"https:\\\/\\\/changhongchemical.com\\\/?s={search_term_string}\"},\"query-input\":{\"@type\":\"PropertyValueSpecification\",\"valueRequired\":true,\"valueName\":\"search_term_string\"}}],\"inLanguage\":\"pt-BR\"},{\"@type\":\"Organization\",\"@id\":\"https:\\\/\\\/changhongchemical.com\\\/#organization\",\"name\":\"Changhong Chemical\",\"url\":\"https:\\\/\\\/changhongchemical.com\\\/\",\"logo\":{\"@type\":\"ImageObject\",\"inLanguage\":\"pt-BR\",\"@id\":\"https:\\\/\\\/changhongchemical.com\\\/#\\\/schema\\\/logo\\\/image\\\/\",\"url\":\"https:\\\/\\\/changhongchemical.com\\\/wp-content\\\/uploads\\\/2020\\\/08\\\/cropped-longchang-logo.png\",\"contentUrl\":\"https:\\\/\\\/changhongchemical.com\\\/wp-content\\\/uploads\\\/2020\\\/08\\\/cropped-longchang-logo.png\",\"width\":512,\"height\":512,\"caption\":\"Changhong Chemical\"},\"image\":{\"@id\":\"https:\\\/\\\/changhongchemical.com\\\/#\\\/schema\\\/logo\\\/image\\\/\"}}]}<\/script>\n<!-- \/ Yoast SEO plugin. -->","yoast_head_json":{"title":"Fabricante de emuls\u00e3o de fluorocarbono monocomponente \u00e0 base de \u00e1gua CHLUMOFIUOR\u00ae CH-101 da China - Changhong Chemical","description":"CH-101 waterborne one-component fluorocarbon emulsion is a copolymer of fluorine-containing monomer, olefinic monomer and functional monomer; it is a...","robots":{"index":"index","follow":"follow","max-snippet":"max-snippet:-1","max-image-preview":"max-image-preview:large","max-video-preview":"max-video-preview:-1"},"canonical":"https:\/\/changhongchemical.com\/pt\/product\/ch-101\/","og_locale":"pt_BR","og_type":"article","og_title":"China CHLUMOFIUOR\u00ae CH-101 waterborne one-component fluorocarbon emulsion Manufacturer - Changhong Chemical","og_description":"CH-101 waterborne one-component fluorocarbon emulsion is a copolymer of fluorine-containing monomer, olefinic monomer and functional monomer; it is a...","og_url":"https:\/\/changhongchemical.com\/pt\/product\/ch-101\/","og_site_name":"Changhong Chemical","article_modified_time":"2025-05-12T02:58:11+00:00","og_image":[{"width":600,"height":600,"url":"https:\/\/changhongchemical.com\/wp-content\/uploads\/2025\/03\/CH-101.jpg","type":"image\/jpeg"}],"twitter_card":"summary_large_image","twitter_misc":{"Est. tempo de leitura":"2 minutos"},"schema":{"@context":"https:\/\/schema.org","@graph":[{"@type":"WebPage","@id":"https:\/\/changhongchemical.com\/product\/ch-101\/","url":"https:\/\/changhongchemical.com\/product\/ch-101\/","name":"Fabricante de emuls\u00e3o de fluorocarbono monocomponente \u00e0 base de \u00e1gua CHLUMOFIUOR\u00ae CH-101 da China - Changhong Chemical","isPartOf":{"@id":"https:\/\/changhongchemical.com\/#website"},"primaryImageOfPage":{"@id":"https:\/\/changhongchemical.com\/product\/ch-101\/#primaryimage"},"image":{"@id":"https:\/\/changhongchemical.com\/product\/ch-101\/#primaryimage"},"thumbnailUrl":"https:\/\/changhongchemical.com\/wp-content\/uploads\/2025\/03\/CH-101.jpg","datePublished":"2025-03-24T04:30:48+00:00","dateModified":"2025-05-12T02:58:11+00:00","description":"CH-101 waterborne one-component fluorocarbon emulsion is a copolymer of fluorine-containing monomer, olefinic monomer and functional monomer; it is a...","breadcrumb":{"@id":"https:\/\/changhongchemical.com\/product\/ch-101\/#breadcrumb"},"inLanguage":"pt-BR","potentialAction":[{"@type":"ReadAction","target":["https:\/\/changhongchemical.com\/product\/ch-101\/"]}]},{"@type":"ImageObject","inLanguage":"pt-BR","@id":"https:\/\/changhongchemical.com\/product\/ch-101\/#primaryimage","url":"https:\/\/changhongchemical.com\/wp-content\/uploads\/2025\/03\/CH-101.jpg","contentUrl":"https:\/\/changhongchemical.com\/wp-content\/uploads\/2025\/03\/CH-101.jpg","width":600,"height":600},{"@type":"BreadcrumbList","@id":"https:\/\/changhongchemical.com\/product\/ch-101\/#breadcrumb","itemListElement":[{"@type":"ListItem","position":1,"name":"Home","item":"https:\/\/changhongchemical.com\/"},{"@type":"ListItem","position":2,"name":"Products Changhong","item":"https:\/\/changhongchemical.com\/product\/"},{"@type":"ListItem","position":3,"name":"CHLUMOFIUOR\u00ae CH-101 waterborne one-component fluorocarbon emulsion"}]},{"@type":"WebSite","@id":"https:\/\/changhongchemical.com\/#website","url":"https:\/\/changhongchemical.com\/","name":"Qu\u00edmica Longchang","description":"Fabricante de produtos qu\u00edmicos na China \uff06 fornecedor","publisher":{"@id":"https:\/\/changhongchemical.com\/#organization"},"potentialAction":[{"@type":"SearchAction","target":{"@type":"EntryPoint","urlTemplate":"https:\/\/changhongchemical.com\/?s={search_term_string}"},"query-input":{"@type":"PropertyValueSpecification","valueRequired":true,"valueName":"search_term_string"}}],"inLanguage":"pt-BR"},{"@type":"Organization","@id":"https:\/\/changhongchemical.com\/#organization","name":"Qu\u00edmica Longchang","url":"https:\/\/changhongchemical.com\/","logo":{"@type":"ImageObject","inLanguage":"pt-BR","@id":"https:\/\/changhongchemical.com\/#\/schema\/logo\/image\/","url":"https:\/\/changhongchemical.com\/wp-content\/uploads\/2020\/08\/cropped-longchang-logo.png","contentUrl":"https:\/\/changhongchemical.com\/wp-content\/uploads\/2020\/08\/cropped-longchang-logo.png","width":512,"height":512,"caption":"Changhong Chemical"},"image":{"@id":"https:\/\/changhongchemical.com\/#\/schema\/logo\/image\/"}}]}},"_links":{"self":[{"href":"https:\/\/changhongchemical.com\/pt\/wp-json\/wp\/v2\/product\/8198","targetHints":{"allow":["GET"]}}],"collection":[{"href":"https:\/\/changhongchemical.com\/pt\/wp-json\/wp\/v2\/product"}],"about":[{"href":"https:\/\/changhongchemical.com\/pt\/wp-json\/wp\/v2\/types\/product"}],"replies":[{"embeddable":true,"href":"https:\/\/changhongchemical.com\/pt\/wp-json\/wp\/v2\/comments?post=8198"}],"wp:featuredmedia":[{"embeddable":true,"href":"https:\/\/changhongchemical.com\/pt\/wp-json\/wp\/v2\/media\/8199"}],"wp:attachment":[{"href":"https:\/\/changhongchemical.com\/pt\/wp-json\/wp\/v2\/media?parent=8198"}],"wp:term":[{"taxonomy":"product_brand","embeddable":true,"href":"https:\/\/changhongchemical.com\/pt\/wp-json\/wp\/v2\/product_brand?post=8198"},{"taxonomy":"product_cat","embeddable":true,"href":"https:\/\/changhongchemical.com\/pt\/wp-json\/wp\/v2\/product_cat?post=8198"},{"taxonomy":"product_tag","embeddable":true,"href":"https:\/\/changhongchemical.com\/pt\/wp-json\/wp\/v2\/product_tag?post=8198"}],"curies":[{"name":"wp","href":"https:\/\/api.w.org\/{rel}","templated":true}]}}