{"id":8184,"date":"2025-03-24T03:50:21","date_gmt":"2025-03-24T03:50:21","guid":{"rendered":"https:\/\/changhongchemical.com\/?post_type=product&#038;p=8184"},"modified":"2025-05-12T02:59:13","modified_gmt":"2025-05-12T02:59:13","slug":"ch-302","status":"publish","type":"product","link":"https:\/\/changhongchemical.com\/pt\/product\/ch-302\/","title":{"rendered":"CHLUMOFIUOR\u00ae CH-302 resina de fluorocarbono de dois componentes \u00e0 base de solvente"},"content":{"rendered":"<p>\u00cdndice de desempenho:<br \/>\nApar\u00eancia: l\u00edquido branco-\u00e1gua<br \/>\nTeor de fl\u00faor (%): 24\u00b11<br \/>\nConte\u00fado s\u00f3lido (%): \u226550<br \/>\nTemperatura de transi\u00e7\u00e3o v\u00edtrea (\u00b0C): 35\u00b11<br \/>\nViscosidade (S): 90\uff5e180 (23\u00b12\u00b0C, copos revestidos-4)<br \/>\nDensidade (g\/mL): 1,1\u00b10,05@20\u00b0C<br \/>\nValor de hidroxila (mgKOH\/g): 25\u00b13<br \/>\nValor de acidez (mgKOH\/g): 3\u00b11<\/p>\n<p>Caracter\u00edsticas do produto.<br \/>\nSuper-resistente a intemp\u00e9ries, anticorrosivo, altamente decorativo e com forte autolimpeza<br \/>\n\u00c1rea de aplica\u00e7\u00e3o: usado principalmente em revestimentos solares fotovoltaicos e revestimentos industriais.<br \/>\nUsado principalmente em revestimentos solares fotovoltaicos e revestimentos industriais e arquitet\u00f4nicos.<br \/>\nEmbalagem e armazenamento.<br \/>\nEsse produto \u00e9 embalado em 200 kg\/tambor. O produto deve ser armazenado em recipientes fechados, em local fresco e seco, evitando o contato com \u00e1gua e vapor, com prazo de validade de um ano.<\/p>\n<p>Outro nome\uff1a<\/p>\n<p>Resina de fluorocarbono de dois componentes \u00e0 base de solvente<\/p>\n<p>Resina de fluorocarbono de duas partes \u00e0 base de solvente<\/p>\n<p>Resina de fluorocarbono de dois componentes, \u00e0 base de solvente<\/p>\n<p>Resina de dois componentes de fluorocarbono \u00e0 base de solvente<\/p>\n<h2><strong><b>Entre em contato conosco agora!<\/b><\/strong><\/h2>\n<h4><strong><b>Se precisar do Price, preencha suas informa\u00e7\u00f5es de contato no formul\u00e1rio abaixo. Normalmente, entraremos em contato dentro de 24 horas. Voc\u00ea tamb\u00e9m pode me enviar um e-mail\u00a0<span style=\"color: #00ccff;\"><a style=\"color: #00ccff;\" href=\"mailto:info@changhongchemical.com\">info@changhongchemical.com<\/a><\/span>\u00a0durante o hor\u00e1rio comercial (das 8h30 \u00e0s 18h UTC+8 de segunda a s\u00e1bado) ou use o bate-papo ao vivo do site para obter uma resposta imediata.<\/b><\/strong><\/h4>","protected":false},"excerpt":{"rendered":"<p>A resina de fluorocarbono de dois componentes \u00e0 base de solvente CH-302 \u00e9 um produto da copolimeriza\u00e7\u00e3o de cloreto de trifluoroetileno com \u00e9ter vin\u00edlico e outros mon\u00f4meros funcionais, e pode ser curada em um filme em temperatura ambiente ou cozida em temperatura m\u00e9dia para produzir tinta de fluorocarbono para cozimento. Ele tem excelente durabilidade contra intemp\u00e9ries, resist\u00eancia \u00e0 corros\u00e3o, resist\u00eancia qu\u00edmica, forte autolimpeza e altas propriedades decorativas, sendo especialmente adequado para a fabrica\u00e7\u00e3o de revestimentos resistentes a intemp\u00e9ries superdur\u00e1veis para o setor industrial e de constru\u00e7\u00e3o.<\/p>","protected":false},"featured_media":8185,"comment_status":"closed","ping_status":"closed","template":"","meta":[],"product_brand":[],"product_cat":[186],"product_tag":[],"class_list":{"0":"post-8184","1":"product","2":"type-product","3":"status-publish","4":"has-post-thumbnail","6":"product_cat-fluorocarbon-resin","8":"first","9":"instock","10":"shipping-taxable","11":"product-type-simple"},"yoast_head":"<!-- This site is optimized with the Yoast SEO plugin v27.4 - https:\/\/yoast.com\/product\/yoast-seo-wordpress\/ -->\n<title>China CHLUMOFIUOR\u00ae CH-302 solvent-based two-component fluorocarbon resin Manufacturer - Changhong Chemical<\/title>\n<meta name=\"description\" content=\"CH-302 solvent-based two-component fluorocarbon resin is a product of copolymerization of trifluoroethylene chloride with vinyl ether and other functional...\" \/>\n<meta name=\"robots\" content=\"index, follow, max-snippet:-1, max-image-preview:large, max-video-preview:-1\" \/>\n<link rel=\"canonical\" href=\"https:\/\/changhongchemical.com\/pt\/product\/ch-302\/\" \/>\n<meta property=\"og:locale\" content=\"pt_BR\" \/>\n<meta property=\"og:type\" content=\"article\" \/>\n<meta property=\"og:title\" content=\"China CHLUMOFIUOR\u00ae CH-302 solvent-based two-component fluorocarbon resin Manufacturer - Changhong Chemical\" \/>\n<meta property=\"og:description\" content=\"CH-302 solvent-based two-component fluorocarbon resin is a product of copolymerization of trifluoroethylene chloride with vinyl ether and other functional...\" \/>\n<meta property=\"og:url\" content=\"https:\/\/changhongchemical.com\/pt\/product\/ch-302\/\" \/>\n<meta property=\"og:site_name\" content=\"Changhong Chemical\" \/>\n<meta property=\"article:modified_time\" content=\"2025-05-12T02:59:13+00:00\" \/>\n<meta property=\"og:image\" content=\"https:\/\/changhongchemical.com\/wp-content\/uploads\/2025\/03\/CH-302.jpg\" \/>\n\t<meta property=\"og:image:width\" content=\"600\" \/>\n\t<meta property=\"og:image:height\" content=\"600\" \/>\n\t<meta property=\"og:image:type\" content=\"image\/jpeg\" \/>\n<meta name=\"twitter:card\" content=\"summary_large_image\" \/>\n<meta name=\"twitter:label1\" content=\"Est. tempo de leitura\" \/>\n\t<meta name=\"twitter:data1\" content=\"1 minuto\" \/>\n<script type=\"application\/ld+json\" class=\"yoast-schema-graph\">{\"@context\":\"https:\\\/\\\/schema.org\",\"@graph\":[{\"@type\":\"WebPage\",\"@id\":\"https:\\\/\\\/changhongchemical.com\\\/product\\\/ch-302\\\/\",\"url\":\"https:\\\/\\\/changhongchemical.com\\\/product\\\/ch-302\\\/\",\"name\":\"China CHLUMOFIUOR\u00ae CH-302 solvent-based two-component fluorocarbon resin Manufacturer - Changhong Chemical\",\"isPartOf\":{\"@id\":\"https:\\\/\\\/changhongchemical.com\\\/#website\"},\"primaryImageOfPage\":{\"@id\":\"https:\\\/\\\/changhongchemical.com\\\/product\\\/ch-302\\\/#primaryimage\"},\"image\":{\"@id\":\"https:\\\/\\\/changhongchemical.com\\\/product\\\/ch-302\\\/#primaryimage\"},\"thumbnailUrl\":\"https:\\\/\\\/changhongchemical.com\\\/wp-content\\\/uploads\\\/2025\\\/03\\\/CH-302.jpg\",\"datePublished\":\"2025-03-24T03:50:21+00:00\",\"dateModified\":\"2025-05-12T02:59:13+00:00\",\"description\":\"CH-302 solvent-based two-component fluorocarbon resin is a product of copolymerization of trifluoroethylene chloride with vinyl ether and other functional...\",\"breadcrumb\":{\"@id\":\"https:\\\/\\\/changhongchemical.com\\\/product\\\/ch-302\\\/#breadcrumb\"},\"inLanguage\":\"pt-BR\",\"potentialAction\":[{\"@type\":\"ReadAction\",\"target\":[\"https:\\\/\\\/changhongchemical.com\\\/product\\\/ch-302\\\/\"]}]},{\"@type\":\"ImageObject\",\"inLanguage\":\"pt-BR\",\"@id\":\"https:\\\/\\\/changhongchemical.com\\\/product\\\/ch-302\\\/#primaryimage\",\"url\":\"https:\\\/\\\/changhongchemical.com\\\/wp-content\\\/uploads\\\/2025\\\/03\\\/CH-302.jpg\",\"contentUrl\":\"https:\\\/\\\/changhongchemical.com\\\/wp-content\\\/uploads\\\/2025\\\/03\\\/CH-302.jpg\",\"width\":600,\"height\":600},{\"@type\":\"BreadcrumbList\",\"@id\":\"https:\\\/\\\/changhongchemical.com\\\/product\\\/ch-302\\\/#breadcrumb\",\"itemListElement\":[{\"@type\":\"ListItem\",\"position\":1,\"name\":\"Home\",\"item\":\"https:\\\/\\\/changhongchemical.com\\\/\"},{\"@type\":\"ListItem\",\"position\":2,\"name\":\"Products Changhong\",\"item\":\"https:\\\/\\\/changhongchemical.com\\\/product\\\/\"},{\"@type\":\"ListItem\",\"position\":3,\"name\":\"CHLUMOFIUOR\u00ae CH-302 solvent-based two-component fluorocarbon resin\"}]},{\"@type\":\"WebSite\",\"@id\":\"https:\\\/\\\/changhongchemical.com\\\/#website\",\"url\":\"https:\\\/\\\/changhongchemical.com\\\/\",\"name\":\"Changhong Chemical\",\"description\":\"China chemical manufacturer \uff06 supplier\",\"publisher\":{\"@id\":\"https:\\\/\\\/changhongchemical.com\\\/#organization\"},\"potentialAction\":[{\"@type\":\"SearchAction\",\"target\":{\"@type\":\"EntryPoint\",\"urlTemplate\":\"https:\\\/\\\/changhongchemical.com\\\/?s={search_term_string}\"},\"query-input\":{\"@type\":\"PropertyValueSpecification\",\"valueRequired\":true,\"valueName\":\"search_term_string\"}}],\"inLanguage\":\"pt-BR\"},{\"@type\":\"Organization\",\"@id\":\"https:\\\/\\\/changhongchemical.com\\\/#organization\",\"name\":\"Changhong Chemical\",\"url\":\"https:\\\/\\\/changhongchemical.com\\\/\",\"logo\":{\"@type\":\"ImageObject\",\"inLanguage\":\"pt-BR\",\"@id\":\"https:\\\/\\\/changhongchemical.com\\\/#\\\/schema\\\/logo\\\/image\\\/\",\"url\":\"https:\\\/\\\/changhongchemical.com\\\/wp-content\\\/uploads\\\/2020\\\/08\\\/cropped-longchang-logo.png\",\"contentUrl\":\"https:\\\/\\\/changhongchemical.com\\\/wp-content\\\/uploads\\\/2020\\\/08\\\/cropped-longchang-logo.png\",\"width\":512,\"height\":512,\"caption\":\"Changhong Chemical\"},\"image\":{\"@id\":\"https:\\\/\\\/changhongchemical.com\\\/#\\\/schema\\\/logo\\\/image\\\/\"}}]}<\/script>\n<!-- \/ Yoast SEO plugin. -->","yoast_head_json":{"title":"Fabricante da resina de fluorocarbono de dois componentes \u00e0 base de solvente CHLUMOFIUOR\u00ae CH-302 da China - Changhong Chemical","description":"CH-302 solvent-based two-component fluorocarbon resin is a product of copolymerization of trifluoroethylene chloride with vinyl ether and other functional...","robots":{"index":"index","follow":"follow","max-snippet":"max-snippet:-1","max-image-preview":"max-image-preview:large","max-video-preview":"max-video-preview:-1"},"canonical":"https:\/\/changhongchemical.com\/pt\/product\/ch-302\/","og_locale":"pt_BR","og_type":"article","og_title":"China CHLUMOFIUOR\u00ae CH-302 solvent-based two-component fluorocarbon resin Manufacturer - Changhong Chemical","og_description":"CH-302 solvent-based two-component fluorocarbon resin is a product of copolymerization of trifluoroethylene chloride with vinyl ether and other functional...","og_url":"https:\/\/changhongchemical.com\/pt\/product\/ch-302\/","og_site_name":"Changhong Chemical","article_modified_time":"2025-05-12T02:59:13+00:00","og_image":[{"width":600,"height":600,"url":"https:\/\/changhongchemical.com\/wp-content\/uploads\/2025\/03\/CH-302.jpg","type":"image\/jpeg"}],"twitter_card":"summary_large_image","twitter_misc":{"Est. tempo de leitura":"1 minuto"},"schema":{"@context":"https:\/\/schema.org","@graph":[{"@type":"WebPage","@id":"https:\/\/changhongchemical.com\/product\/ch-302\/","url":"https:\/\/changhongchemical.com\/product\/ch-302\/","name":"Fabricante da resina de fluorocarbono de dois componentes \u00e0 base de solvente CHLUMOFIUOR\u00ae CH-302 da China - Changhong Chemical","isPartOf":{"@id":"https:\/\/changhongchemical.com\/#website"},"primaryImageOfPage":{"@id":"https:\/\/changhongchemical.com\/product\/ch-302\/#primaryimage"},"image":{"@id":"https:\/\/changhongchemical.com\/product\/ch-302\/#primaryimage"},"thumbnailUrl":"https:\/\/changhongchemical.com\/wp-content\/uploads\/2025\/03\/CH-302.jpg","datePublished":"2025-03-24T03:50:21+00:00","dateModified":"2025-05-12T02:59:13+00:00","description":"CH-302 solvent-based two-component fluorocarbon resin is a product of copolymerization of trifluoroethylene chloride with vinyl ether and other functional...","breadcrumb":{"@id":"https:\/\/changhongchemical.com\/product\/ch-302\/#breadcrumb"},"inLanguage":"pt-BR","potentialAction":[{"@type":"ReadAction","target":["https:\/\/changhongchemical.com\/product\/ch-302\/"]}]},{"@type":"ImageObject","inLanguage":"pt-BR","@id":"https:\/\/changhongchemical.com\/product\/ch-302\/#primaryimage","url":"https:\/\/changhongchemical.com\/wp-content\/uploads\/2025\/03\/CH-302.jpg","contentUrl":"https:\/\/changhongchemical.com\/wp-content\/uploads\/2025\/03\/CH-302.jpg","width":600,"height":600},{"@type":"BreadcrumbList","@id":"https:\/\/changhongchemical.com\/product\/ch-302\/#breadcrumb","itemListElement":[{"@type":"ListItem","position":1,"name":"Home","item":"https:\/\/changhongchemical.com\/"},{"@type":"ListItem","position":2,"name":"Products Changhong","item":"https:\/\/changhongchemical.com\/product\/"},{"@type":"ListItem","position":3,"name":"CHLUMOFIUOR\u00ae CH-302 solvent-based two-component fluorocarbon resin"}]},{"@type":"WebSite","@id":"https:\/\/changhongchemical.com\/#website","url":"https:\/\/changhongchemical.com\/","name":"Qu\u00edmica Longchang","description":"Fabricante de produtos qu\u00edmicos na China \uff06 fornecedor","publisher":{"@id":"https:\/\/changhongchemical.com\/#organization"},"potentialAction":[{"@type":"SearchAction","target":{"@type":"EntryPoint","urlTemplate":"https:\/\/changhongchemical.com\/?s={search_term_string}"},"query-input":{"@type":"PropertyValueSpecification","valueRequired":true,"valueName":"search_term_string"}}],"inLanguage":"pt-BR"},{"@type":"Organization","@id":"https:\/\/changhongchemical.com\/#organization","name":"Qu\u00edmica Longchang","url":"https:\/\/changhongchemical.com\/","logo":{"@type":"ImageObject","inLanguage":"pt-BR","@id":"https:\/\/changhongchemical.com\/#\/schema\/logo\/image\/","url":"https:\/\/changhongchemical.com\/wp-content\/uploads\/2020\/08\/cropped-longchang-logo.png","contentUrl":"https:\/\/changhongchemical.com\/wp-content\/uploads\/2020\/08\/cropped-longchang-logo.png","width":512,"height":512,"caption":"Changhong Chemical"},"image":{"@id":"https:\/\/changhongchemical.com\/#\/schema\/logo\/image\/"}}]}},"_links":{"self":[{"href":"https:\/\/changhongchemical.com\/pt\/wp-json\/wp\/v2\/product\/8184","targetHints":{"allow":["GET"]}}],"collection":[{"href":"https:\/\/changhongchemical.com\/pt\/wp-json\/wp\/v2\/product"}],"about":[{"href":"https:\/\/changhongchemical.com\/pt\/wp-json\/wp\/v2\/types\/product"}],"replies":[{"embeddable":true,"href":"https:\/\/changhongchemical.com\/pt\/wp-json\/wp\/v2\/comments?post=8184"}],"wp:featuredmedia":[{"embeddable":true,"href":"https:\/\/changhongchemical.com\/pt\/wp-json\/wp\/v2\/media\/8185"}],"wp:attachment":[{"href":"https:\/\/changhongchemical.com\/pt\/wp-json\/wp\/v2\/media?parent=8184"}],"wp:term":[{"taxonomy":"product_brand","embeddable":true,"href":"https:\/\/changhongchemical.com\/pt\/wp-json\/wp\/v2\/product_brand?post=8184"},{"taxonomy":"product_cat","embeddable":true,"href":"https:\/\/changhongchemical.com\/pt\/wp-json\/wp\/v2\/product_cat?post=8184"},{"taxonomy":"product_tag","embeddable":true,"href":"https:\/\/changhongchemical.com\/pt\/wp-json\/wp\/v2\/product_tag?post=8184"}],"curies":[{"name":"wp","href":"https:\/\/api.w.org\/{rel}","templated":true}]}}