{"id":8175,"date":"2025-03-24T03:28:17","date_gmt":"2025-03-24T03:28:17","guid":{"rendered":"https:\/\/changhongchemical.com\/?post_type=product&#038;p=8175"},"modified":"2025-05-12T02:59:26","modified_gmt":"2025-05-12T02:59:26","slug":"ch-901-solvent-based-fluorosilicone-resin","status":"publish","type":"product","link":"https:\/\/changhongchemical.com\/pt\/product\/ch-901-solvent-based-fluorosilicone-resin\/","title":{"rendered":"CHLUMOFIUOR\u00ae CH-901 Resina de fluorosilicone \u00e0 base de solvente"},"content":{"rendered":"<p>\u00cdndice de desempenho:<br \/>\nApar\u00eancia: l\u00edquido amarelo claro<br \/>\nTeor de fl\u00faor (%): 24\u00b11<br \/>\nConte\u00fado s\u00f3lido (%): \u226550<br \/>\nTemperatura de transi\u00e7\u00e3o v\u00edtrea (\u00b0C): 35\u00b11<br \/>\nViscosidade (S): 90\uff5e180 (23\u00b12\u00b0C, copos revestidos-4)<br \/>\nDensidade (g\/mL): 1,1\u00b10,05@20\u00b0C<br \/>\nValor de hidroxila (mgKOH\/g): 23\u00b13<br \/>\nValor de acidez (mgKOH\/g): 3\u00b11<\/p>\n<p>Caracter\u00edsticas do produto.<br \/>\nSuper-resistente a intemp\u00e9ries, anticorrosivo, altamente decorativo, forte hidrofobicidade, forte autolimpeza<br \/>\n\u00c1reas de aplica\u00e7\u00e3o: usado principalmente em revestimentos autolimpantes de alto desempenho.<br \/>\nUsado principalmente em revestimentos autolimpantes de alto desempenho<br \/>\nEmbalagem e armazenamento.<br \/>\nA especifica\u00e7\u00e3o da embalagem \u00e9 de 200 kg\/tambor. O produto deve ser armazenado em recipientes fechados, colocados em local fresco e seco, evitando o contato com \u00e1gua e vapor, com prazo de validade de um ano.<\/p>\n<p>Outro nome:<\/p>\n<p>Resina de fluorosilicone \u00e0 base de solvente<\/p>\n<p>Resina de fluorosilicone, \u00e0 base de solvente<\/p>\n<p>Resina de fluorosilicone tipo solvente<\/p>\n<p>Sistema \u00e0 base de solvente de resina de fluorosilicone<\/p>\n<h2><strong><b>Entre em contato conosco agora!<\/b><\/strong><\/h2>\n<h4><strong><b>Se precisar do Price, preencha suas informa\u00e7\u00f5es de contato no formul\u00e1rio abaixo. Normalmente, entraremos em contato dentro de 24 horas. Voc\u00ea tamb\u00e9m pode me enviar um e-mail\u00a0<span style=\"color: #00ccff;\"><a style=\"color: #00ccff;\" href=\"mailto:info@changhongchemical.com\">info@changhongchemical.com<\/a><\/span>\u00a0durante o hor\u00e1rio comercial (das 8h30 \u00e0s 18h UTC+8 de segunda a s\u00e1bado) ou use o bate-papo ao vivo do site para obter uma resposta imediata.<\/b><\/strong><\/h4>","protected":false},"excerpt":{"rendered":"<p>A resina de fluorosilicone \u00e0 base de solvente CH-901 \u00e9 um produto da copolimeriza\u00e7\u00e3o de cloreto de trifluoroetileno com \u00e9ster de vinil e outros mon\u00f4meros funcionais, que pode ser curado em um filme em temperatura ambiente e tamb\u00e9m pode ser transformado em tinta de cozimento de fluorocarbono por cozimento em temperatura m\u00e9dia. Possui excelente durabilidade contra intemp\u00e9ries, resist\u00eancia \u00e0 corros\u00e3o, resist\u00eancia qu\u00edmica, forte autolimpeza, forte hidrofobicidade e altas propriedades decorativas, sendo especialmente adequado para a produ\u00e7\u00e3o de revestimentos industriais e arquitet\u00f4nicos ultradur\u00e1veis contra intemp\u00e9ries.<\/p>","protected":false},"featured_media":8176,"comment_status":"closed","ping_status":"closed","template":"","meta":[],"product_brand":[],"product_cat":[186],"product_tag":[],"class_list":{"0":"post-8175","1":"product","2":"type-product","3":"status-publish","4":"has-post-thumbnail","6":"product_cat-fluorocarbon-resin","8":"first","9":"instock","10":"shipping-taxable","11":"product-type-simple"},"yoast_head":"<!-- This site is optimized with the Yoast SEO plugin v27.4 - https:\/\/yoast.com\/product\/yoast-seo-wordpress\/ -->\n<title>China CHLUMOFIUOR\u00ae CH-901 Solvent-based Fluorosilicone Resin Manufacturer - Changhong Chemical<\/title>\n<meta name=\"description\" content=\"CH-901 solvent-based fluorosilicone resin is a product of copolymerization of trifluoroethylene chloride with vinyl ester and other functional monomers...\" \/>\n<meta name=\"robots\" content=\"index, follow, max-snippet:-1, max-image-preview:large, max-video-preview:-1\" \/>\n<link rel=\"canonical\" href=\"https:\/\/changhongchemical.com\/pt\/product\/ch-901-solvent-based-fluorosilicone-resin\/\" \/>\n<meta property=\"og:locale\" content=\"pt_BR\" \/>\n<meta property=\"og:type\" content=\"article\" \/>\n<meta property=\"og:title\" content=\"China CHLUMOFIUOR\u00ae CH-901 Solvent-based Fluorosilicone Resin Manufacturer - Changhong Chemical\" \/>\n<meta property=\"og:description\" content=\"CH-901 solvent-based fluorosilicone resin is a product of copolymerization of trifluoroethylene chloride with vinyl ester and other functional monomers...\" \/>\n<meta property=\"og:url\" content=\"https:\/\/changhongchemical.com\/pt\/product\/ch-901-solvent-based-fluorosilicone-resin\/\" \/>\n<meta property=\"og:site_name\" content=\"Changhong Chemical\" \/>\n<meta property=\"article:modified_time\" content=\"2025-05-12T02:59:26+00:00\" \/>\n<meta property=\"og:image\" content=\"https:\/\/changhongchemical.com\/wp-content\/uploads\/2025\/03\/ch-901.jpg\" \/>\n\t<meta property=\"og:image:width\" content=\"600\" \/>\n\t<meta property=\"og:image:height\" content=\"600\" \/>\n\t<meta property=\"og:image:type\" content=\"image\/jpeg\" \/>\n<meta name=\"twitter:card\" content=\"summary_large_image\" \/>\n<meta name=\"twitter:label1\" content=\"Est. tempo de leitura\" \/>\n\t<meta name=\"twitter:data1\" content=\"1 minuto\" \/>\n<script type=\"application\/ld+json\" class=\"yoast-schema-graph\">{\"@context\":\"https:\\\/\\\/schema.org\",\"@graph\":[{\"@type\":\"WebPage\",\"@id\":\"https:\\\/\\\/changhongchemical.com\\\/product\\\/ch-901-solvent-based-fluorosilicone-resin\\\/\",\"url\":\"https:\\\/\\\/changhongchemical.com\\\/product\\\/ch-901-solvent-based-fluorosilicone-resin\\\/\",\"name\":\"China CHLUMOFIUOR\u00ae CH-901 Solvent-based Fluorosilicone Resin Manufacturer - Changhong Chemical\",\"isPartOf\":{\"@id\":\"https:\\\/\\\/changhongchemical.com\\\/#website\"},\"primaryImageOfPage\":{\"@id\":\"https:\\\/\\\/changhongchemical.com\\\/product\\\/ch-901-solvent-based-fluorosilicone-resin\\\/#primaryimage\"},\"image\":{\"@id\":\"https:\\\/\\\/changhongchemical.com\\\/product\\\/ch-901-solvent-based-fluorosilicone-resin\\\/#primaryimage\"},\"thumbnailUrl\":\"https:\\\/\\\/changhongchemical.com\\\/wp-content\\\/uploads\\\/2025\\\/03\\\/ch-901.jpg\",\"datePublished\":\"2025-03-24T03:28:17+00:00\",\"dateModified\":\"2025-05-12T02:59:26+00:00\",\"description\":\"CH-901 solvent-based fluorosilicone resin is a product of copolymerization of trifluoroethylene chloride with vinyl ester and other functional monomers...\",\"breadcrumb\":{\"@id\":\"https:\\\/\\\/changhongchemical.com\\\/product\\\/ch-901-solvent-based-fluorosilicone-resin\\\/#breadcrumb\"},\"inLanguage\":\"pt-BR\",\"potentialAction\":[{\"@type\":\"ReadAction\",\"target\":[\"https:\\\/\\\/changhongchemical.com\\\/product\\\/ch-901-solvent-based-fluorosilicone-resin\\\/\"]}]},{\"@type\":\"ImageObject\",\"inLanguage\":\"pt-BR\",\"@id\":\"https:\\\/\\\/changhongchemical.com\\\/product\\\/ch-901-solvent-based-fluorosilicone-resin\\\/#primaryimage\",\"url\":\"https:\\\/\\\/changhongchemical.com\\\/wp-content\\\/uploads\\\/2025\\\/03\\\/ch-901.jpg\",\"contentUrl\":\"https:\\\/\\\/changhongchemical.com\\\/wp-content\\\/uploads\\\/2025\\\/03\\\/ch-901.jpg\",\"width\":600,\"height\":600},{\"@type\":\"BreadcrumbList\",\"@id\":\"https:\\\/\\\/changhongchemical.com\\\/product\\\/ch-901-solvent-based-fluorosilicone-resin\\\/#breadcrumb\",\"itemListElement\":[{\"@type\":\"ListItem\",\"position\":1,\"name\":\"Home\",\"item\":\"https:\\\/\\\/changhongchemical.com\\\/\"},{\"@type\":\"ListItem\",\"position\":2,\"name\":\"Products Changhong\",\"item\":\"https:\\\/\\\/changhongchemical.com\\\/product\\\/\"},{\"@type\":\"ListItem\",\"position\":3,\"name\":\"CHLUMOFIUOR\u00ae CH-901 Solvent-based Fluorosilicone Resin\"}]},{\"@type\":\"WebSite\",\"@id\":\"https:\\\/\\\/changhongchemical.com\\\/#website\",\"url\":\"https:\\\/\\\/changhongchemical.com\\\/\",\"name\":\"Changhong Chemical\",\"description\":\"China chemical manufacturer \uff06 supplier\",\"publisher\":{\"@id\":\"https:\\\/\\\/changhongchemical.com\\\/#organization\"},\"potentialAction\":[{\"@type\":\"SearchAction\",\"target\":{\"@type\":\"EntryPoint\",\"urlTemplate\":\"https:\\\/\\\/changhongchemical.com\\\/?s={search_term_string}\"},\"query-input\":{\"@type\":\"PropertyValueSpecification\",\"valueRequired\":true,\"valueName\":\"search_term_string\"}}],\"inLanguage\":\"pt-BR\"},{\"@type\":\"Organization\",\"@id\":\"https:\\\/\\\/changhongchemical.com\\\/#organization\",\"name\":\"Changhong Chemical\",\"url\":\"https:\\\/\\\/changhongchemical.com\\\/\",\"logo\":{\"@type\":\"ImageObject\",\"inLanguage\":\"pt-BR\",\"@id\":\"https:\\\/\\\/changhongchemical.com\\\/#\\\/schema\\\/logo\\\/image\\\/\",\"url\":\"https:\\\/\\\/changhongchemical.com\\\/wp-content\\\/uploads\\\/2020\\\/08\\\/cropped-longchang-logo.png\",\"contentUrl\":\"https:\\\/\\\/changhongchemical.com\\\/wp-content\\\/uploads\\\/2020\\\/08\\\/cropped-longchang-logo.png\",\"width\":512,\"height\":512,\"caption\":\"Changhong Chemical\"},\"image\":{\"@id\":\"https:\\\/\\\/changhongchemical.com\\\/#\\\/schema\\\/logo\\\/image\\\/\"}}]}<\/script>\n<!-- \/ Yoast SEO plugin. -->","yoast_head_json":{"title":"Fabricante de resina de fluorosilicone \u00e0 base de solvente CHLUMOFIUOR\u00ae CH-901 na China - Changhong Chemical","description":"CH-901 solvent-based fluorosilicone resin is a product of copolymerization of trifluoroethylene chloride with vinyl ester and other functional monomers...","robots":{"index":"index","follow":"follow","max-snippet":"max-snippet:-1","max-image-preview":"max-image-preview:large","max-video-preview":"max-video-preview:-1"},"canonical":"https:\/\/changhongchemical.com\/pt\/product\/ch-901-solvent-based-fluorosilicone-resin\/","og_locale":"pt_BR","og_type":"article","og_title":"China CHLUMOFIUOR\u00ae CH-901 Solvent-based Fluorosilicone Resin Manufacturer - Changhong Chemical","og_description":"CH-901 solvent-based fluorosilicone resin is a product of copolymerization of trifluoroethylene chloride with vinyl ester and other functional monomers...","og_url":"https:\/\/changhongchemical.com\/pt\/product\/ch-901-solvent-based-fluorosilicone-resin\/","og_site_name":"Changhong Chemical","article_modified_time":"2025-05-12T02:59:26+00:00","og_image":[{"width":600,"height":600,"url":"https:\/\/changhongchemical.com\/wp-content\/uploads\/2025\/03\/ch-901.jpg","type":"image\/jpeg"}],"twitter_card":"summary_large_image","twitter_misc":{"Est. tempo de leitura":"1 minuto"},"schema":{"@context":"https:\/\/schema.org","@graph":[{"@type":"WebPage","@id":"https:\/\/changhongchemical.com\/product\/ch-901-solvent-based-fluorosilicone-resin\/","url":"https:\/\/changhongchemical.com\/product\/ch-901-solvent-based-fluorosilicone-resin\/","name":"Fabricante de resina de fluorosilicone \u00e0 base de solvente CHLUMOFIUOR\u00ae CH-901 na China - Changhong Chemical","isPartOf":{"@id":"https:\/\/changhongchemical.com\/#website"},"primaryImageOfPage":{"@id":"https:\/\/changhongchemical.com\/product\/ch-901-solvent-based-fluorosilicone-resin\/#primaryimage"},"image":{"@id":"https:\/\/changhongchemical.com\/product\/ch-901-solvent-based-fluorosilicone-resin\/#primaryimage"},"thumbnailUrl":"https:\/\/changhongchemical.com\/wp-content\/uploads\/2025\/03\/ch-901.jpg","datePublished":"2025-03-24T03:28:17+00:00","dateModified":"2025-05-12T02:59:26+00:00","description":"CH-901 solvent-based fluorosilicone resin is a product of copolymerization of trifluoroethylene chloride with vinyl ester and other functional monomers...","breadcrumb":{"@id":"https:\/\/changhongchemical.com\/product\/ch-901-solvent-based-fluorosilicone-resin\/#breadcrumb"},"inLanguage":"pt-BR","potentialAction":[{"@type":"ReadAction","target":["https:\/\/changhongchemical.com\/product\/ch-901-solvent-based-fluorosilicone-resin\/"]}]},{"@type":"ImageObject","inLanguage":"pt-BR","@id":"https:\/\/changhongchemical.com\/product\/ch-901-solvent-based-fluorosilicone-resin\/#primaryimage","url":"https:\/\/changhongchemical.com\/wp-content\/uploads\/2025\/03\/ch-901.jpg","contentUrl":"https:\/\/changhongchemical.com\/wp-content\/uploads\/2025\/03\/ch-901.jpg","width":600,"height":600},{"@type":"BreadcrumbList","@id":"https:\/\/changhongchemical.com\/product\/ch-901-solvent-based-fluorosilicone-resin\/#breadcrumb","itemListElement":[{"@type":"ListItem","position":1,"name":"Home","item":"https:\/\/changhongchemical.com\/"},{"@type":"ListItem","position":2,"name":"Products Changhong","item":"https:\/\/changhongchemical.com\/product\/"},{"@type":"ListItem","position":3,"name":"CHLUMOFIUOR\u00ae CH-901 Solvent-based Fluorosilicone Resin"}]},{"@type":"WebSite","@id":"https:\/\/changhongchemical.com\/#website","url":"https:\/\/changhongchemical.com\/","name":"Qu\u00edmica Longchang","description":"Fabricante de produtos qu\u00edmicos na China \uff06 fornecedor","publisher":{"@id":"https:\/\/changhongchemical.com\/#organization"},"potentialAction":[{"@type":"SearchAction","target":{"@type":"EntryPoint","urlTemplate":"https:\/\/changhongchemical.com\/?s={search_term_string}"},"query-input":{"@type":"PropertyValueSpecification","valueRequired":true,"valueName":"search_term_string"}}],"inLanguage":"pt-BR"},{"@type":"Organization","@id":"https:\/\/changhongchemical.com\/#organization","name":"Qu\u00edmica Longchang","url":"https:\/\/changhongchemical.com\/","logo":{"@type":"ImageObject","inLanguage":"pt-BR","@id":"https:\/\/changhongchemical.com\/#\/schema\/logo\/image\/","url":"https:\/\/changhongchemical.com\/wp-content\/uploads\/2020\/08\/cropped-longchang-logo.png","contentUrl":"https:\/\/changhongchemical.com\/wp-content\/uploads\/2020\/08\/cropped-longchang-logo.png","width":512,"height":512,"caption":"Changhong Chemical"},"image":{"@id":"https:\/\/changhongchemical.com\/#\/schema\/logo\/image\/"}}]}},"_links":{"self":[{"href":"https:\/\/changhongchemical.com\/pt\/wp-json\/wp\/v2\/product\/8175","targetHints":{"allow":["GET"]}}],"collection":[{"href":"https:\/\/changhongchemical.com\/pt\/wp-json\/wp\/v2\/product"}],"about":[{"href":"https:\/\/changhongchemical.com\/pt\/wp-json\/wp\/v2\/types\/product"}],"replies":[{"embeddable":true,"href":"https:\/\/changhongchemical.com\/pt\/wp-json\/wp\/v2\/comments?post=8175"}],"wp:featuredmedia":[{"embeddable":true,"href":"https:\/\/changhongchemical.com\/pt\/wp-json\/wp\/v2\/media\/8176"}],"wp:attachment":[{"href":"https:\/\/changhongchemical.com\/pt\/wp-json\/wp\/v2\/media?parent=8175"}],"wp:term":[{"taxonomy":"product_brand","embeddable":true,"href":"https:\/\/changhongchemical.com\/pt\/wp-json\/wp\/v2\/product_brand?post=8175"},{"taxonomy":"product_cat","embeddable":true,"href":"https:\/\/changhongchemical.com\/pt\/wp-json\/wp\/v2\/product_cat?post=8175"},{"taxonomy":"product_tag","embeddable":true,"href":"https:\/\/changhongchemical.com\/pt\/wp-json\/wp\/v2\/product_tag?post=8175"}],"curies":[{"name":"wp","href":"https:\/\/api.w.org\/{rel}","templated":true}]}}