{"id":8156,"date":"2025-03-24T02:21:21","date_gmt":"2025-03-24T02:21:21","guid":{"rendered":"https:\/\/changhongchemical.com\/?post_type=product&#038;p=8156"},"modified":"2025-04-01T02:15:42","modified_gmt":"2025-04-01T02:15:42","slug":"ch-903","status":"publish","type":"product","link":"https:\/\/changhongchemical.com\/pt\/product\/ch-903\/","title":{"rendered":"CHLUMOFIUOR\u00ae CH-903 Resina de fluorosilicone \u00e0 base de \u00e1gua contendo acrilato fluorado"},"content":{"rendered":"<p>CH-903 Resina de fluorosilicone \u00e0 base de \u00e1gua contendo acrilato fluorado<\/p>\n<p>&nbsp;<\/p>\n<p><b><strong>Indicadores de desempenho:<\/strong><\/b><\/p>\n<p>Apar\u00eancia: l\u00edquido branco leitoso<\/p>\n<p>Teor de fl\u00faor (%): 10\u00b11<\/p>\n<p>Conte\u00fado s\u00f3lido (%): 45\u00b12<\/p>\n<p>Temperatura de transi\u00e7\u00e3o v\u00edtrea (\u00b0C): 35<\/p>\n<p>Densidade (g\/mL): 1,1\u00b10,05@20\u00b0C<\/p>\n<p>Valor de hidroxila (mgKOH\/g): 115\u00b15<\/p>\n<p>Valor do pH: 7,0-9,0<\/p>\n<p>Propriedade i\u00f4nica: \u00e2nion<\/p>\n<p><b><strong>Caracter\u00edsticas do produto:<\/strong><\/b><\/p>\n<p>alta resist\u00eancia a intemp\u00e9ries e a manchas; alto brilho, sem amarelamento, alta dureza, resist\u00eancia ao desgaste, boa repel\u00eancia \u00e0 \u00e1gua e ao \u00f3leo<\/p>\n<p><b><strong>\u00c1reas de aplica\u00e7\u00e3o:<\/strong><\/b><\/p>\n<p>usado principalmente em revestimentos autolimpantes de alto desempenho<\/p>\n<p><b><strong>Embalagem e armazenamento:<\/strong><\/b><\/p>\n<p>Este produto \u00e9 embalado em 200 kg\/barris. O produto deve ser armazenado em recipientes herm\u00e9ticos, longe de congelamento e altas temperaturas. A temperatura de armazenamento \u00e9 de 5~30\u00b0C, e o prazo de validade \u00e9 de um ano.<\/p>\n<h2><strong><b>Entre em contato conosco agora!<\/b><\/strong><\/h2>\n<h4><strong><b>Se precisar do Price, preencha suas informa\u00e7\u00f5es de contato no formul\u00e1rio abaixo. Normalmente, entraremos em contato dentro de 24 horas. Voc\u00ea tamb\u00e9m pode me enviar um e-mail <a href=\"mailto:info@changhongchemical.com\"><span style=\"color: #00ccff;\">info@changhongchemical.com<\/span><\/a>\u00a0durante o hor\u00e1rio comercial (das 8h30 \u00e0s 18h UTC+8 de segunda a s\u00e1bado) ou use o bate-papo ao vivo do site para obter uma resposta imediata.<\/b><\/strong><\/h4>","protected":false},"excerpt":{"rendered":"<p>A resina de fluorosilicone \u00e0 base de \u00e1gua CH-903 contendo acrilato fluorado \u00e9 uma resina de fluorosilicone \u00e0 base de \u00e1gua contendo acrilato fluorado hidroxifuncional, produzida por meio de uma tecnologia especial de transfer\u00eancia de fase. Ap\u00f3s a cura, apresenta as mesmas propriedades dos produtos \u00e0 base de solvente. Ela pode ser usada para formar um sistema de dois componentes com um agente de cura de isocianato aquoso ou um sistema de cozimento de um componente com uma resina amino. Os revestimentos aquosos preparados com esse produto t\u00eam alta resist\u00eancia a intemp\u00e9ries e a manchas, alto brilho sem amarelamento, alta dureza e boa resist\u00eancia ao desgaste, al\u00e9m de boa repel\u00eancia \u00e0 \u00e1gua e ao \u00f3leo.<\/p>","protected":false},"featured_media":8157,"comment_status":"closed","ping_status":"closed","template":"","meta":[],"product_brand":[],"product_cat":[186],"product_tag":[],"class_list":{"0":"post-8156","1":"product","2":"type-product","3":"status-publish","4":"has-post-thumbnail","6":"product_cat-fluorocarbon-resin","8":"first","9":"instock","10":"shipping-taxable","11":"product-type-simple"},"yoast_head":"<!-- This site is optimized with the Yoast SEO plugin v27.4 - https:\/\/yoast.com\/product\/yoast-seo-wordpress\/ -->\n<title>China CHLUMOFIUOR\u00ae CH-903 Water-based fluorosilicone resin containing fluorinated acrylate Manufacturer - Changhong Chemical<\/title>\n<meta name=\"description\" content=\"CH-903 water-based fluorosilicone resin containing fluorinated acrylate is a water-based fluorosilicone resin containing hydroxy-functional fluorinated...\" \/>\n<meta name=\"robots\" content=\"index, follow, max-snippet:-1, max-image-preview:large, max-video-preview:-1\" \/>\n<link rel=\"canonical\" href=\"https:\/\/changhongchemical.com\/pt\/product\/ch-903\/\" \/>\n<meta property=\"og:locale\" content=\"pt_BR\" \/>\n<meta property=\"og:type\" content=\"article\" \/>\n<meta property=\"og:title\" content=\"China CHLUMOFIUOR\u00ae CH-903 Water-based fluorosilicone resin containing fluorinated acrylate Manufacturer - Changhong Chemical\" \/>\n<meta property=\"og:description\" content=\"CH-903 water-based fluorosilicone resin containing fluorinated acrylate is a water-based fluorosilicone resin containing hydroxy-functional fluorinated...\" \/>\n<meta property=\"og:url\" content=\"https:\/\/changhongchemical.com\/pt\/product\/ch-903\/\" \/>\n<meta property=\"og:site_name\" content=\"Changhong Chemical\" \/>\n<meta property=\"article:modified_time\" content=\"2025-04-01T02:15:42+00:00\" \/>\n<meta property=\"og:image\" content=\"https:\/\/changhongchemical.com\/wp-content\/uploads\/2025\/03\/CH-903-Water-based-fluorosilicone-resin-containing-fluorinated-acrylate.jpg\" \/>\n\t<meta property=\"og:image:width\" content=\"600\" \/>\n\t<meta property=\"og:image:height\" content=\"600\" \/>\n\t<meta property=\"og:image:type\" content=\"image\/jpeg\" \/>\n<meta name=\"twitter:card\" content=\"summary_large_image\" \/>\n<meta name=\"twitter:label1\" content=\"Est. tempo de leitura\" \/>\n\t<meta name=\"twitter:data1\" content=\"1 minuto\" \/>\n<script type=\"application\/ld+json\" class=\"yoast-schema-graph\">{\"@context\":\"https:\\\/\\\/schema.org\",\"@graph\":[{\"@type\":\"WebPage\",\"@id\":\"https:\\\/\\\/changhongchemical.com\\\/product\\\/ch-903\\\/\",\"url\":\"https:\\\/\\\/changhongchemical.com\\\/product\\\/ch-903\\\/\",\"name\":\"China CHLUMOFIUOR\u00ae CH-903 Water-based fluorosilicone resin containing fluorinated acrylate Manufacturer - Changhong Chemical\",\"isPartOf\":{\"@id\":\"https:\\\/\\\/changhongchemical.com\\\/#website\"},\"primaryImageOfPage\":{\"@id\":\"https:\\\/\\\/changhongchemical.com\\\/product\\\/ch-903\\\/#primaryimage\"},\"image\":{\"@id\":\"https:\\\/\\\/changhongchemical.com\\\/product\\\/ch-903\\\/#primaryimage\"},\"thumbnailUrl\":\"https:\\\/\\\/changhongchemical.com\\\/wp-content\\\/uploads\\\/2025\\\/03\\\/CH-903-Water-based-fluorosilicone-resin-containing-fluorinated-acrylate.jpg\",\"datePublished\":\"2025-03-24T02:21:21+00:00\",\"dateModified\":\"2025-04-01T02:15:42+00:00\",\"description\":\"CH-903 water-based fluorosilicone resin containing fluorinated acrylate is a water-based fluorosilicone resin containing hydroxy-functional fluorinated...\",\"breadcrumb\":{\"@id\":\"https:\\\/\\\/changhongchemical.com\\\/product\\\/ch-903\\\/#breadcrumb\"},\"inLanguage\":\"pt-BR\",\"potentialAction\":[{\"@type\":\"ReadAction\",\"target\":[\"https:\\\/\\\/changhongchemical.com\\\/product\\\/ch-903\\\/\"]}]},{\"@type\":\"ImageObject\",\"inLanguage\":\"pt-BR\",\"@id\":\"https:\\\/\\\/changhongchemical.com\\\/product\\\/ch-903\\\/#primaryimage\",\"url\":\"https:\\\/\\\/changhongchemical.com\\\/wp-content\\\/uploads\\\/2025\\\/03\\\/CH-903-Water-based-fluorosilicone-resin-containing-fluorinated-acrylate.jpg\",\"contentUrl\":\"https:\\\/\\\/changhongchemical.com\\\/wp-content\\\/uploads\\\/2025\\\/03\\\/CH-903-Water-based-fluorosilicone-resin-containing-fluorinated-acrylate.jpg\",\"width\":600,\"height\":600,\"caption\":\"CH-903-Water-based-fluorosilicone-resin-containing-fluorinated-acrylate\"},{\"@type\":\"BreadcrumbList\",\"@id\":\"https:\\\/\\\/changhongchemical.com\\\/product\\\/ch-903\\\/#breadcrumb\",\"itemListElement\":[{\"@type\":\"ListItem\",\"position\":1,\"name\":\"Home\",\"item\":\"https:\\\/\\\/changhongchemical.com\\\/\"},{\"@type\":\"ListItem\",\"position\":2,\"name\":\"Products Changhong\",\"item\":\"https:\\\/\\\/changhongchemical.com\\\/product\\\/\"},{\"@type\":\"ListItem\",\"position\":3,\"name\":\"CHLUMOFIUOR\u00ae CH-903 Water-based fluorosilicone resin containing fluorinated acrylate\"}]},{\"@type\":\"WebSite\",\"@id\":\"https:\\\/\\\/changhongchemical.com\\\/#website\",\"url\":\"https:\\\/\\\/changhongchemical.com\\\/\",\"name\":\"Changhong Chemical\",\"description\":\"China chemical manufacturer \uff06 supplier\",\"publisher\":{\"@id\":\"https:\\\/\\\/changhongchemical.com\\\/#organization\"},\"potentialAction\":[{\"@type\":\"SearchAction\",\"target\":{\"@type\":\"EntryPoint\",\"urlTemplate\":\"https:\\\/\\\/changhongchemical.com\\\/?s={search_term_string}\"},\"query-input\":{\"@type\":\"PropertyValueSpecification\",\"valueRequired\":true,\"valueName\":\"search_term_string\"}}],\"inLanguage\":\"pt-BR\"},{\"@type\":\"Organization\",\"@id\":\"https:\\\/\\\/changhongchemical.com\\\/#organization\",\"name\":\"Changhong Chemical\",\"url\":\"https:\\\/\\\/changhongchemical.com\\\/\",\"logo\":{\"@type\":\"ImageObject\",\"inLanguage\":\"pt-BR\",\"@id\":\"https:\\\/\\\/changhongchemical.com\\\/#\\\/schema\\\/logo\\\/image\\\/\",\"url\":\"https:\\\/\\\/changhongchemical.com\\\/wp-content\\\/uploads\\\/2020\\\/08\\\/cropped-longchang-logo.png\",\"contentUrl\":\"https:\\\/\\\/changhongchemical.com\\\/wp-content\\\/uploads\\\/2020\\\/08\\\/cropped-longchang-logo.png\",\"width\":512,\"height\":512,\"caption\":\"Changhong Chemical\"},\"image\":{\"@id\":\"https:\\\/\\\/changhongchemical.com\\\/#\\\/schema\\\/logo\\\/image\\\/\"}}]}<\/script>\n<!-- \/ Yoast SEO plugin. -->","yoast_head_json":{"title":"China CHLUMOFIUOR\u00ae CH-903 Resina de fluorosilicone \u00e0 base de \u00e1gua contendo acrilato fluorado Fabricante - Changhong Chemical","description":"CH-903 water-based fluorosilicone resin containing fluorinated acrylate is a water-based fluorosilicone resin containing hydroxy-functional fluorinated...","robots":{"index":"index","follow":"follow","max-snippet":"max-snippet:-1","max-image-preview":"max-image-preview:large","max-video-preview":"max-video-preview:-1"},"canonical":"https:\/\/changhongchemical.com\/pt\/product\/ch-903\/","og_locale":"pt_BR","og_type":"article","og_title":"China CHLUMOFIUOR\u00ae CH-903 Water-based fluorosilicone resin containing fluorinated acrylate Manufacturer - Changhong Chemical","og_description":"CH-903 water-based fluorosilicone resin containing fluorinated acrylate is a water-based fluorosilicone resin containing hydroxy-functional fluorinated...","og_url":"https:\/\/changhongchemical.com\/pt\/product\/ch-903\/","og_site_name":"Changhong Chemical","article_modified_time":"2025-04-01T02:15:42+00:00","og_image":[{"width":600,"height":600,"url":"https:\/\/changhongchemical.com\/wp-content\/uploads\/2025\/03\/CH-903-Water-based-fluorosilicone-resin-containing-fluorinated-acrylate.jpg","type":"image\/jpeg"}],"twitter_card":"summary_large_image","twitter_misc":{"Est. tempo de leitura":"1 minuto"},"schema":{"@context":"https:\/\/schema.org","@graph":[{"@type":"WebPage","@id":"https:\/\/changhongchemical.com\/product\/ch-903\/","url":"https:\/\/changhongchemical.com\/product\/ch-903\/","name":"China CHLUMOFIUOR\u00ae CH-903 Resina de fluorosilicone \u00e0 base de \u00e1gua contendo acrilato fluorado Fabricante - Changhong Chemical","isPartOf":{"@id":"https:\/\/changhongchemical.com\/#website"},"primaryImageOfPage":{"@id":"https:\/\/changhongchemical.com\/product\/ch-903\/#primaryimage"},"image":{"@id":"https:\/\/changhongchemical.com\/product\/ch-903\/#primaryimage"},"thumbnailUrl":"https:\/\/changhongchemical.com\/wp-content\/uploads\/2025\/03\/CH-903-Water-based-fluorosilicone-resin-containing-fluorinated-acrylate.jpg","datePublished":"2025-03-24T02:21:21+00:00","dateModified":"2025-04-01T02:15:42+00:00","description":"CH-903 water-based fluorosilicone resin containing fluorinated acrylate is a water-based fluorosilicone resin containing hydroxy-functional fluorinated...","breadcrumb":{"@id":"https:\/\/changhongchemical.com\/product\/ch-903\/#breadcrumb"},"inLanguage":"pt-BR","potentialAction":[{"@type":"ReadAction","target":["https:\/\/changhongchemical.com\/product\/ch-903\/"]}]},{"@type":"ImageObject","inLanguage":"pt-BR","@id":"https:\/\/changhongchemical.com\/product\/ch-903\/#primaryimage","url":"https:\/\/changhongchemical.com\/wp-content\/uploads\/2025\/03\/CH-903-Water-based-fluorosilicone-resin-containing-fluorinated-acrylate.jpg","contentUrl":"https:\/\/changhongchemical.com\/wp-content\/uploads\/2025\/03\/CH-903-Water-based-fluorosilicone-resin-containing-fluorinated-acrylate.jpg","width":600,"height":600,"caption":"CH-903-Water-based-fluorosilicone-resin-containing-fluorinated-acrylate"},{"@type":"BreadcrumbList","@id":"https:\/\/changhongchemical.com\/product\/ch-903\/#breadcrumb","itemListElement":[{"@type":"ListItem","position":1,"name":"Home","item":"https:\/\/changhongchemical.com\/"},{"@type":"ListItem","position":2,"name":"Products Changhong","item":"https:\/\/changhongchemical.com\/product\/"},{"@type":"ListItem","position":3,"name":"CHLUMOFIUOR\u00ae CH-903 Water-based fluorosilicone resin containing fluorinated acrylate"}]},{"@type":"WebSite","@id":"https:\/\/changhongchemical.com\/#website","url":"https:\/\/changhongchemical.com\/","name":"Qu\u00edmica Longchang","description":"Fabricante de produtos qu\u00edmicos na China \uff06 fornecedor","publisher":{"@id":"https:\/\/changhongchemical.com\/#organization"},"potentialAction":[{"@type":"SearchAction","target":{"@type":"EntryPoint","urlTemplate":"https:\/\/changhongchemical.com\/?s={search_term_string}"},"query-input":{"@type":"PropertyValueSpecification","valueRequired":true,"valueName":"search_term_string"}}],"inLanguage":"pt-BR"},{"@type":"Organization","@id":"https:\/\/changhongchemical.com\/#organization","name":"Qu\u00edmica Longchang","url":"https:\/\/changhongchemical.com\/","logo":{"@type":"ImageObject","inLanguage":"pt-BR","@id":"https:\/\/changhongchemical.com\/#\/schema\/logo\/image\/","url":"https:\/\/changhongchemical.com\/wp-content\/uploads\/2020\/08\/cropped-longchang-logo.png","contentUrl":"https:\/\/changhongchemical.com\/wp-content\/uploads\/2020\/08\/cropped-longchang-logo.png","width":512,"height":512,"caption":"Changhong Chemical"},"image":{"@id":"https:\/\/changhongchemical.com\/#\/schema\/logo\/image\/"}}]}},"_links":{"self":[{"href":"https:\/\/changhongchemical.com\/pt\/wp-json\/wp\/v2\/product\/8156","targetHints":{"allow":["GET"]}}],"collection":[{"href":"https:\/\/changhongchemical.com\/pt\/wp-json\/wp\/v2\/product"}],"about":[{"href":"https:\/\/changhongchemical.com\/pt\/wp-json\/wp\/v2\/types\/product"}],"replies":[{"embeddable":true,"href":"https:\/\/changhongchemical.com\/pt\/wp-json\/wp\/v2\/comments?post=8156"}],"wp:featuredmedia":[{"embeddable":true,"href":"https:\/\/changhongchemical.com\/pt\/wp-json\/wp\/v2\/media\/8157"}],"wp:attachment":[{"href":"https:\/\/changhongchemical.com\/pt\/wp-json\/wp\/v2\/media?parent=8156"}],"wp:term":[{"taxonomy":"product_brand","embeddable":true,"href":"https:\/\/changhongchemical.com\/pt\/wp-json\/wp\/v2\/product_brand?post=8156"},{"taxonomy":"product_cat","embeddable":true,"href":"https:\/\/changhongchemical.com\/pt\/wp-json\/wp\/v2\/product_cat?post=8156"},{"taxonomy":"product_tag","embeddable":true,"href":"https:\/\/changhongchemical.com\/pt\/wp-json\/wp\/v2\/product_tag?post=8156"}],"curies":[{"name":"wp","href":"https:\/\/api.w.org\/{rel}","templated":true}]}}