{"id":6205,"date":"2023-08-18T07:59:18","date_gmt":"2023-08-18T07:59:18","guid":{"rendered":"https:\/\/changhongchemical.com\/?post_type=product&#038;p=6205"},"modified":"2026-04-24T01:40:42","modified_gmt":"2026-04-24T01:40:42","slug":"uv-5151-cas-104810-48-2","status":"publish","type":"product","link":"https:\/\/changhongchemical.com\/pt\/product\/uv-5151-cas-104810-48-2\/","title":{"rendered":"CHLUMILS\u00ae UV 5151 \/ Estabilizador de luz 5151 CAS 104810-48-2"},"content":{"rendered":"<h1><strong>UV 5151 \/ Estabilizador de luz 5151 CAS 104810-48-2<\/strong><\/h1>\n<table style=\"border-collapse: collapse; width: 366.77pt;\" border=\"0\" width=\"489\" cellspacing=\"0\" cellpadding=\"0\">\n<tbody>\n<tr style=\"height: 17.25pt;\">\n<td class=\"et2\" style=\"height: 17.25pt; width: 164.25pt;\" width=\"219\" height=\"23\">Apar\u00eancia<\/td>\n<td class=\"et3\" style=\"width: 202.50pt;\" width=\"270\">L\u00edquido viscoso de cor \u00e2mbar<\/td>\n<\/tr>\n<tr style=\"height: 17.25pt;\">\n<td class=\"et2\" style=\"height: 17.25pt; width: 164.25pt;\" width=\"219\" height=\"23\">Conte\u00fado<\/td>\n<td class=\"et3\" style=\"width: 202.50pt;\" width=\"270\">\u226593%<\/td>\n<\/tr>\n<tr style=\"height: 17.25pt;\">\n<td class=\"et2\" style=\"height: 17.25pt; width: 164.25pt;\" width=\"219\" height=\"23\">Viscosidade@20<span class=\"font3\">\u2103<\/span><\/td>\n<td class=\"et3\" style=\"width: 202.50pt;\" width=\"270\">7000mPa.s<\/td>\n<\/tr>\n<tr style=\"height: 17.25pt;\">\n<td class=\"et2\" style=\"height: 17.25pt; width: 164.25pt;\" width=\"219\" height=\"23\">Densidade<\/td>\n<td class=\"et3\" style=\"width: 202.50pt;\" width=\"270\">1,10g\/cm3<\/td>\n<\/tr>\n<tr style=\"height: 17.25pt;\">\n<td class=\"et2\" style=\"height: 17.25pt; width: 164.25pt;\" width=\"219\" height=\"23\">Cinza<\/td>\n<td class=\"et3\" style=\"width: 202.50pt;\" width=\"270\">\u22640,1%<\/td>\n<\/tr>\n<tr style=\"height: 17.25pt;\">\n<td class=\"et2\" style=\"height: 17.25pt; width: 164.25pt;\" width=\"219\" height=\"23\">Volatilidade<\/td>\n<td class=\"et3\" style=\"width: 202.50pt;\" width=\"270\">\u22640,5%<\/td>\n<\/tr>\n<tr style=\"height: 17.25pt;\">\n<td class=\"et4\" style=\"height: 34.50pt; width: 164.25pt;\" rowspan=\"2\" width=\"219\" height=\"46\">Transmiss\u00e3o<\/td>\n<td class=\"et3\" style=\"width: 202.50pt;\" width=\"270\">460nm\u226595%<\/td>\n<\/tr>\n<tr style=\"height: 17.25pt;\">\n<td class=\"et3\" style=\"width: 202.50pt;\" width=\"270\">500nm\u226597%<\/td>\n<\/tr>\n<tr style=\"height: 17.25pt;\">\n<td class=\"et2\" style=\"height: 17.25pt; width: 164.25pt;\" width=\"219\" height=\"23\">Especifica\u00e7\u00e3o da embalagem<\/td>\n<td class=\"et3\" style=\"width: 202.50pt;\" width=\"270\">25 kg 200 kg<\/td>\n<\/tr>\n<\/tbody>\n<\/table>\n<h2><strong>Uso do UV 5151<\/strong><\/h2>\n<p>O estabilizador de luz UV5151 \u00e9 uma mistura sin\u00e9rgica de absorvedor UV de hidroxifenilbenzotriazol l\u00edquido e estabilizador de luz de amina impedida l\u00edquida, que se caracteriza por boa compatibilidade, baixa volatilidade, boa dispers\u00e3o, baixa migra\u00e7\u00e3o, boa estabilidade t\u00e9rmica e alta estabilidade \u00e0 luz. Grupo hidroxila especial, sistema aquoso f\u00e1cil de emulsionar, a dispers\u00e3o em sistema aquoso pode ser obtida pela dissolu\u00e7\u00e3o em solventes aquosos, como \u00e9ter diet\u00edlico de dietilenoglicol. \u00c9 adequado para cozimento em alta temperatura e requisitos rigorosos de revestimentos automotivos, revestimentos industriais, revestimentos de madeira, especialmente para revestimentos \u00e0 base de \u00e1gua.<\/p>\n<p>&nbsp;<\/p>\n<p><span style=\"color: #0267c1;\"><!--more--><\/span><\/p>\n<blockquote>\n<h3>Entre em contato conosco agora!<\/h3>\n<h3>Se precisar de pre\u00e7os ou testes de amostras, envie um e-mail para <span style=\"color: #0267c1;\"><a style=\"color: #0267c1;\" href=\"mailto:info@changhongchemical.com\"><strong>info@changhongchemical.com<\/strong><\/a><\/span>ou use o bate-papo ao vivo do site para obter uma resposta imediata.<\/h3>\n<\/blockquote>\n<p>&nbsp;<\/p>","protected":false},"excerpt":{"rendered":"<p>UV 5151 \/ Light stabilizer 5151 CAS 104810-48-2 Appearance Amber colored viscous liquid Content \u226593% Viscosity@20\u2103 7000mPa.s Density 1.10g\/cm3 Ash \u22640.1% Volatility \u22640.5% Transmittance 460nm\u226595% 500nm\u226597% Packing specification 25kg 200kg UV 5151 Usage Light stabilizer UV5151 is a&#8230;<\/p>","protected":false},"featured_media":6206,"comment_status":"open","ping_status":"closed","template":"","meta":[],"product_brand":[],"product_cat":[104],"product_tag":[],"class_list":{"0":"post-6205","1":"product","2":"type-product","3":"status-publish","4":"has-post-thumbnail","6":"product_cat-light-stabilizer","8":"first","9":"instock","10":"shipping-taxable","11":"product-type-simple"},"yoast_head":"<!-- This site is optimized with the Yoast SEO plugin v27.4 - https:\/\/yoast.com\/product\/yoast-seo-wordpress\/ -->\n<title>China UV 5151 \/ Light stabilizer 5151 CAS 104810-48-2 Manufacturer - Changhong Chemical<\/title>\n<meta name=\"description\" content=\"UV 5151 \/ Light stabilizer 5151 CAS 104810-48-2 is a key product of Changhong Chemical. We provide the best price. We are the leading manufacturer in China with the best quality and competitive price.\" \/>\n<meta name=\"robots\" content=\"index, follow, max-snippet:-1, max-image-preview:large, max-video-preview:-1\" \/>\n<link rel=\"canonical\" href=\"https:\/\/changhongchemical.com\/pt\/product\/uv-5151-cas-104810-48-2\/\" \/>\n<meta property=\"og:locale\" content=\"pt_BR\" \/>\n<meta property=\"og:type\" content=\"article\" \/>\n<meta property=\"og:title\" content=\"China UV 5151 \/ Light stabilizer 5151 CAS 104810-48-2 Manufacturer - Changhong Chemical\" \/>\n<meta property=\"og:description\" content=\"UV 5151 \/ Light stabilizer 5151 CAS 104810-48-2 is a key product of Changhong Chemical. We provide the best price. We are the leading manufacturer in China with the best quality and competitive price.\" \/>\n<meta property=\"og:url\" content=\"https:\/\/changhongchemical.com\/pt\/product\/uv-5151-cas-104810-48-2\/\" \/>\n<meta property=\"og:site_name\" content=\"Changhong Chemical\" \/>\n<meta property=\"article:modified_time\" content=\"2026-04-24T01:40:42+00:00\" \/>\n<meta property=\"og:image\" content=\"https:\/\/changhongchemical.com\/wp-content\/uploads\/2023\/08\/UV-5151.png\" \/>\n\t<meta property=\"og:image:width\" content=\"440\" \/>\n\t<meta property=\"og:image:height\" content=\"747\" \/>\n\t<meta property=\"og:image:type\" content=\"image\/png\" \/>\n<meta name=\"twitter:card\" content=\"summary_large_image\" \/>\n<meta name=\"twitter:label1\" content=\"Est. tempo de leitura\" \/>\n\t<meta name=\"twitter:data1\" content=\"1 minuto\" \/>\n<script type=\"application\/ld+json\" class=\"yoast-schema-graph\">{\"@context\":\"https:\\\/\\\/schema.org\",\"@graph\":[{\"@type\":\"WebPage\",\"@id\":\"https:\\\/\\\/changhongchemical.com\\\/product\\\/uv-5151-cas-104810-48-2\\\/\",\"url\":\"https:\\\/\\\/changhongchemical.com\\\/product\\\/uv-5151-cas-104810-48-2\\\/\",\"name\":\"China UV 5151 \\\/ Light stabilizer 5151 CAS 104810-48-2 Manufacturer - Changhong Chemical\",\"isPartOf\":{\"@id\":\"https:\\\/\\\/changhongchemical.com\\\/#website\"},\"primaryImageOfPage\":{\"@id\":\"https:\\\/\\\/changhongchemical.com\\\/product\\\/uv-5151-cas-104810-48-2\\\/#primaryimage\"},\"image\":{\"@id\":\"https:\\\/\\\/changhongchemical.com\\\/product\\\/uv-5151-cas-104810-48-2\\\/#primaryimage\"},\"thumbnailUrl\":\"https:\\\/\\\/changhongchemical.com\\\/wp-content\\\/uploads\\\/2023\\\/08\\\/UV-5151.png\",\"datePublished\":\"2023-08-18T07:59:18+00:00\",\"dateModified\":\"2026-04-24T01:40:42+00:00\",\"description\":\"UV 5151 \\\/ Light stabilizer 5151 CAS 104810-48-2 is a key product of Changhong Chemical. We provide the best price. We are the leading manufacturer in China with the best quality and competitive price.\",\"breadcrumb\":{\"@id\":\"https:\\\/\\\/changhongchemical.com\\\/product\\\/uv-5151-cas-104810-48-2\\\/#breadcrumb\"},\"inLanguage\":\"pt-BR\",\"potentialAction\":[{\"@type\":\"ReadAction\",\"target\":[\"https:\\\/\\\/changhongchemical.com\\\/product\\\/uv-5151-cas-104810-48-2\\\/\"]}]},{\"@type\":\"ImageObject\",\"inLanguage\":\"pt-BR\",\"@id\":\"https:\\\/\\\/changhongchemical.com\\\/product\\\/uv-5151-cas-104810-48-2\\\/#primaryimage\",\"url\":\"https:\\\/\\\/changhongchemical.com\\\/wp-content\\\/uploads\\\/2023\\\/08\\\/UV-5151.png\",\"contentUrl\":\"https:\\\/\\\/changhongchemical.com\\\/wp-content\\\/uploads\\\/2023\\\/08\\\/UV-5151.png\",\"width\":440,\"height\":747},{\"@type\":\"BreadcrumbList\",\"@id\":\"https:\\\/\\\/changhongchemical.com\\\/product\\\/uv-5151-cas-104810-48-2\\\/#breadcrumb\",\"itemListElement\":[{\"@type\":\"ListItem\",\"position\":1,\"name\":\"Home\",\"item\":\"https:\\\/\\\/changhongchemical.com\\\/\"},{\"@type\":\"ListItem\",\"position\":2,\"name\":\"Products Changhong\",\"item\":\"https:\\\/\\\/changhongchemical.com\\\/product\\\/\"},{\"@type\":\"ListItem\",\"position\":3,\"name\":\"CHLUMILS\u00ae UV 5151 \\\/ Light stabilizer 5151 CAS 104810-48-2\"}]},{\"@type\":\"WebSite\",\"@id\":\"https:\\\/\\\/changhongchemical.com\\\/#website\",\"url\":\"https:\\\/\\\/changhongchemical.com\\\/\",\"name\":\"Changhong Chemical\",\"description\":\"China chemical manufacturer \uff06 supplier\",\"publisher\":{\"@id\":\"https:\\\/\\\/changhongchemical.com\\\/#organization\"},\"potentialAction\":[{\"@type\":\"SearchAction\",\"target\":{\"@type\":\"EntryPoint\",\"urlTemplate\":\"https:\\\/\\\/changhongchemical.com\\\/?s={search_term_string}\"},\"query-input\":{\"@type\":\"PropertyValueSpecification\",\"valueRequired\":true,\"valueName\":\"search_term_string\"}}],\"inLanguage\":\"pt-BR\"},{\"@type\":\"Organization\",\"@id\":\"https:\\\/\\\/changhongchemical.com\\\/#organization\",\"name\":\"Changhong Chemical\",\"url\":\"https:\\\/\\\/changhongchemical.com\\\/\",\"logo\":{\"@type\":\"ImageObject\",\"inLanguage\":\"pt-BR\",\"@id\":\"https:\\\/\\\/changhongchemical.com\\\/#\\\/schema\\\/logo\\\/image\\\/\",\"url\":\"https:\\\/\\\/changhongchemical.com\\\/wp-content\\\/uploads\\\/2020\\\/08\\\/cropped-longchang-logo.png\",\"contentUrl\":\"https:\\\/\\\/changhongchemical.com\\\/wp-content\\\/uploads\\\/2020\\\/08\\\/cropped-longchang-logo.png\",\"width\":512,\"height\":512,\"caption\":\"Changhong Chemical\"},\"image\":{\"@id\":\"https:\\\/\\\/changhongchemical.com\\\/#\\\/schema\\\/logo\\\/image\\\/\"}}]}<\/script>\n<!-- \/ Yoast SEO plugin. -->","yoast_head_json":{"title":"China UV 5151 \/ Estabilizador de luz 5151 CAS 104810-48-2 Fabricante - Changhong Chemical","description":"UV 5151 \/ Estabilizador de luz 5151 CAS 104810-48-2 \u00e9 um produto-chave da Changhong Chemical. Oferecemos o melhor pre\u00e7o. Somos o fabricante l\u00edder na China, com a melhor qualidade e pre\u00e7o competitivo.","robots":{"index":"index","follow":"follow","max-snippet":"max-snippet:-1","max-image-preview":"max-image-preview:large","max-video-preview":"max-video-preview:-1"},"canonical":"https:\/\/changhongchemical.com\/pt\/product\/uv-5151-cas-104810-48-2\/","og_locale":"pt_BR","og_type":"article","og_title":"China UV 5151 \/ Light stabilizer 5151 CAS 104810-48-2 Manufacturer - Changhong Chemical","og_description":"UV 5151 \/ Light stabilizer 5151 CAS 104810-48-2 is a key product of Changhong Chemical. We provide the best price. We are the leading manufacturer in China with the best quality and competitive price.","og_url":"https:\/\/changhongchemical.com\/pt\/product\/uv-5151-cas-104810-48-2\/","og_site_name":"Changhong Chemical","article_modified_time":"2026-04-24T01:40:42+00:00","og_image":[{"width":440,"height":747,"url":"https:\/\/changhongchemical.com\/wp-content\/uploads\/2023\/08\/UV-5151.png","type":"image\/png"}],"twitter_card":"summary_large_image","twitter_misc":{"Est. tempo de leitura":"1 minuto"},"schema":{"@context":"https:\/\/schema.org","@graph":[{"@type":"WebPage","@id":"https:\/\/changhongchemical.com\/product\/uv-5151-cas-104810-48-2\/","url":"https:\/\/changhongchemical.com\/product\/uv-5151-cas-104810-48-2\/","name":"China UV 5151 \/ Estabilizador de luz 5151 CAS 104810-48-2 Fabricante - Changhong Chemical","isPartOf":{"@id":"https:\/\/changhongchemical.com\/#website"},"primaryImageOfPage":{"@id":"https:\/\/changhongchemical.com\/product\/uv-5151-cas-104810-48-2\/#primaryimage"},"image":{"@id":"https:\/\/changhongchemical.com\/product\/uv-5151-cas-104810-48-2\/#primaryimage"},"thumbnailUrl":"https:\/\/changhongchemical.com\/wp-content\/uploads\/2023\/08\/UV-5151.png","datePublished":"2023-08-18T07:59:18+00:00","dateModified":"2026-04-24T01:40:42+00:00","description":"UV 5151 \/ Estabilizador de luz 5151 CAS 104810-48-2 \u00e9 um produto-chave da Changhong Chemical. Oferecemos o melhor pre\u00e7o. Somos o fabricante l\u00edder na China, com a melhor qualidade e pre\u00e7o competitivo.","breadcrumb":{"@id":"https:\/\/changhongchemical.com\/product\/uv-5151-cas-104810-48-2\/#breadcrumb"},"inLanguage":"pt-BR","potentialAction":[{"@type":"ReadAction","target":["https:\/\/changhongchemical.com\/product\/uv-5151-cas-104810-48-2\/"]}]},{"@type":"ImageObject","inLanguage":"pt-BR","@id":"https:\/\/changhongchemical.com\/product\/uv-5151-cas-104810-48-2\/#primaryimage","url":"https:\/\/changhongchemical.com\/wp-content\/uploads\/2023\/08\/UV-5151.png","contentUrl":"https:\/\/changhongchemical.com\/wp-content\/uploads\/2023\/08\/UV-5151.png","width":440,"height":747},{"@type":"BreadcrumbList","@id":"https:\/\/changhongchemical.com\/product\/uv-5151-cas-104810-48-2\/#breadcrumb","itemListElement":[{"@type":"ListItem","position":1,"name":"Home","item":"https:\/\/changhongchemical.com\/"},{"@type":"ListItem","position":2,"name":"Products Changhong","item":"https:\/\/changhongchemical.com\/product\/"},{"@type":"ListItem","position":3,"name":"CHLUMILS\u00ae UV 5151 \/ Light stabilizer 5151 CAS 104810-48-2"}]},{"@type":"WebSite","@id":"https:\/\/changhongchemical.com\/#website","url":"https:\/\/changhongchemical.com\/","name":"Qu\u00edmica Longchang","description":"Fabricante de produtos qu\u00edmicos na China \uff06 fornecedor","publisher":{"@id":"https:\/\/changhongchemical.com\/#organization"},"potentialAction":[{"@type":"SearchAction","target":{"@type":"EntryPoint","urlTemplate":"https:\/\/changhongchemical.com\/?s={search_term_string}"},"query-input":{"@type":"PropertyValueSpecification","valueRequired":true,"valueName":"search_term_string"}}],"inLanguage":"pt-BR"},{"@type":"Organization","@id":"https:\/\/changhongchemical.com\/#organization","name":"Qu\u00edmica Longchang","url":"https:\/\/changhongchemical.com\/","logo":{"@type":"ImageObject","inLanguage":"pt-BR","@id":"https:\/\/changhongchemical.com\/#\/schema\/logo\/image\/","url":"https:\/\/changhongchemical.com\/wp-content\/uploads\/2020\/08\/cropped-longchang-logo.png","contentUrl":"https:\/\/changhongchemical.com\/wp-content\/uploads\/2020\/08\/cropped-longchang-logo.png","width":512,"height":512,"caption":"Changhong Chemical"},"image":{"@id":"https:\/\/changhongchemical.com\/#\/schema\/logo\/image\/"}}]}},"_links":{"self":[{"href":"https:\/\/changhongchemical.com\/pt\/wp-json\/wp\/v2\/product\/6205","targetHints":{"allow":["GET"]}}],"collection":[{"href":"https:\/\/changhongchemical.com\/pt\/wp-json\/wp\/v2\/product"}],"about":[{"href":"https:\/\/changhongchemical.com\/pt\/wp-json\/wp\/v2\/types\/product"}],"replies":[{"embeddable":true,"href":"https:\/\/changhongchemical.com\/pt\/wp-json\/wp\/v2\/comments?post=6205"}],"wp:featuredmedia":[{"embeddable":true,"href":"https:\/\/changhongchemical.com\/pt\/wp-json\/wp\/v2\/media\/6206"}],"wp:attachment":[{"href":"https:\/\/changhongchemical.com\/pt\/wp-json\/wp\/v2\/media?parent=6205"}],"wp:term":[{"taxonomy":"product_brand","embeddable":true,"href":"https:\/\/changhongchemical.com\/pt\/wp-json\/wp\/v2\/product_brand?post=6205"},{"taxonomy":"product_cat","embeddable":true,"href":"https:\/\/changhongchemical.com\/pt\/wp-json\/wp\/v2\/product_cat?post=6205"},{"taxonomy":"product_tag","embeddable":true,"href":"https:\/\/changhongchemical.com\/pt\/wp-json\/wp\/v2\/product_tag?post=6205"}],"curies":[{"name":"wp","href":"https:\/\/api.w.org\/{rel}","templated":true}]}}