{"id":6044,"date":"2023-04-20T06:53:49","date_gmt":"2023-04-20T06:53:49","guid":{"rendered":"https:\/\/changhongchemical.com\/?post_type=product&#038;p=6044"},"modified":"2026-04-24T01:40:48","modified_gmt":"2026-04-24T01:40:48","slug":"lcsorb-uv-1-cas-57834-33-0","status":"publish","type":"product","link":"https:\/\/changhongchemical.com\/pt\/product\/lcsorb-uv-1-cas-57834-33-0\/","title":{"rendered":"CHLUMIUV\u00ae UV-1 CAS 57834-33-0"},"content":{"rendered":"<h1><strong>UV-1 CAS 57834-33-0<\/strong><\/h1>\n<table style=\"border-collapse: collapse; width: 203.28pt;\" border=\"0\" width=\"271\" cellspacing=\"0\" cellpadding=\"0\">\n<tbody>\n<tr style=\"height: 28.50pt;\">\n<td class=\"et2\" style=\"height: 28.50pt; width: 109.50pt;\" width=\"146\" height=\"38\">Apar\u00eancia<\/td>\n<td class=\"et3\" style=\"width: 93.75pt;\" width=\"125\">L\u00edquido amarelo p\u00e1lido<\/td>\n<\/tr>\n<tr style=\"height: 28.50pt;\">\n<td class=\"et2\" style=\"height: 28.50pt; width: 109.50pt;\" width=\"146\" height=\"38\">Peso molecular<\/td>\n<td class=\"et4\" style=\"width: 93.75pt;\" width=\"125\">282.3<\/td>\n<\/tr>\n<tr style=\"height: 14.25pt;\">\n<td class=\"et2\" style=\"height: 14.25pt; width: 109.50pt;\" width=\"146\" height=\"19\">Conte\u00fado<\/td>\n<td class=\"et2\" style=\"width: 93.75pt;\" width=\"125\">\u226599.0%<\/td>\n<\/tr>\n<tr style=\"height: 28.50pt;\">\n<td class=\"et2\" style=\"height: 28.50pt; width: 109.50pt;\" width=\"146\" height=\"38\">Ponto de congelamento<\/td>\n<td class=\"et2\" style=\"width: 93.75pt;\" width=\"125\">\u22640,5%<\/td>\n<\/tr>\n<tr style=\"height: 28.50pt;\">\n<td class=\"et2\" style=\"height: 28.50pt; width: 109.50pt;\" width=\"146\" height=\"38\">Ponto de fulgor<\/td>\n<td class=\"et2\" style=\"width: 93.75pt;\" width=\"125\">206\u00b0C<\/td>\n<\/tr>\n<tr style=\"height: 28.50pt;\">\n<td class=\"et2\" style=\"height: 28.50pt; width: 109.50pt;\" width=\"146\" height=\"38\">Densidade@20\u00b0C<\/td>\n<td class=\"et2\" style=\"width: 93.75pt;\" width=\"125\">1,05g\/cm3<\/td>\n<\/tr>\n<tr style=\"height: 28.50pt;\">\n<td class=\"et2\" style=\"height: 28.50pt; width: 109.50pt;\" width=\"146\" height=\"38\">Teor de \u00e1gua<\/td>\n<td class=\"et2\" style=\"width: 93.75pt;\" width=\"125\">\u22640,5%<\/td>\n<\/tr>\n<tr style=\"height: 14.25pt;\">\n<td class=\"et2\" style=\"height: 14.25pt; width: 109.50pt;\" width=\"146\" height=\"19\">Vol\u00e1teis<\/td>\n<td class=\"et2\" style=\"width: 93.75pt;\" width=\"125\">\u22640,5%<\/td>\n<\/tr>\n<tr style=\"height: 14.25pt;\">\n<td class=\"et4\" style=\"height: 28.50pt; width: 109.50pt;\" rowspan=\"2\" width=\"146\" height=\"38\">Transmiss\u00e3o de luz<\/td>\n<td class=\"et2\" style=\"width: 93.75pt;\" width=\"125\">460nm\u226590%<\/td>\n<\/tr>\n<tr style=\"height: 14.25pt;\">\n<td class=\"et2\" style=\"width: 93.75pt;\" width=\"125\">500nm\u226595%<\/td>\n<\/tr>\n<\/tbody>\n<\/table>\n<h2>Uso do UV-1<\/h2>\n<p>O absorvedor de UV UV-1(101) \u00e9 um absorvedor de UV de metacrilato de fenila l\u00edquido, capaz de absorver luz UV de 280 a 350 nm, com um pico de absor\u00e7\u00e3o de 308 nm. A luz UV de 300 a 330 nm \u00e9 quase totalmente absorvida.<\/p>\n<p>Possui boa compatibilidade, baixa volatilidade, boa estabilidade t\u00e9rmica e alta efici\u00eancia de absor\u00e7\u00e3o, al\u00e9m de ser facilmente sol\u00favel em poliol poli\u00e9ster, poliol poli\u00e9ter, resina ep\u00f3xi e isocianato. \u00c9 adequado para adesivos, adesivos de envasamento, adesivos de gotejamento de cristal, especialmente para poliuretano, espuma dura, espuma macia, adesivos, elast\u00f4meros, revestimentos de tecido, PVC e resinas acr\u00edlicas. A dosagem geral \u00e9 de 0,3-0,5%.<\/p>\n<p>Adequado para: uso em produtos de poliuretano, como espuma microcelular, espuma r\u00edgida tradicional, espuma semirr\u00edgida, espuma flex\u00edvel, revestimento de tecido, determinados adesivos, selantes e elast\u00f4meros, bem como cloreto de polivinila, resinas acr\u00edlicas e outros pol\u00edmeros, todos com excelentes propriedades de estabilidade \u00e0 luz.<\/p>\n<p>&nbsp;<\/p>\n<h2><strong>Entre em contato conosco agora!<\/strong><\/h2>\n<p><strong>Se voc\u00ea precisar de COA, MSDS ou TDS de <span style=\"color: #00ccff;\"><a style=\"color: #00ccff;\" href=\"https:\/\/changhongchemical.com\/product-category\/lcsorb-uv-absorber\/\">Absorvedor de UV lcsorb<\/a><\/span>Preencha suas informa\u00e7\u00f5es de contato no formul\u00e1rio abaixo. Normalmente, entraremos em contato dentro de 24 horas. Voc\u00ea tamb\u00e9m pode me enviar um e-mail <span style=\"color: #00ccff;\"><a style=\"color: #00ccff;\" href=\"mailto:info@changhongchemical.com\">info@changhongchemical.com<\/a> <\/span>durante o hor\u00e1rio comercial (das 8h30 \u00e0s 18h UTC+8 de segunda a s\u00e1bado) ou use o bate-papo ao vivo do site para obter uma resposta imediata.<\/strong><\/p>","protected":false},"excerpt":{"rendered":"<p>UV-1 CAS 57834-33-0 Appearance Pale yellow liquid Molecular weight 282.3 Content \u226599.0% Freezing point \u22640.5% Flash point 206\u00b0C Density@20\u00b0C 1.05g\/cm3 Water content \u22640.5% Volatiles \u22640.5% Light transmission 460nm\u226590% 500nm\u226595% UV-1 Usage UV absorber UV-1(101) is a liquid phenyl&#8230;<\/p>","protected":false},"featured_media":7955,"comment_status":"closed","ping_status":"closed","template":"","meta":[],"product_brand":[],"product_cat":[139],"product_tag":[],"class_list":{"0":"post-6044","1":"product","2":"type-product","3":"status-publish","4":"has-post-thumbnail","6":"product_cat-uv-absorber","8":"first","9":"instock","10":"shipping-taxable","11":"product-type-simple"},"yoast_head":"<!-- This site is optimized with the Yoast SEO plugin v27.4 - https:\/\/yoast.com\/product\/yoast-seo-wordpress\/ -->\n<title>China CHLUMIUV\u00ae UV-1 CAS 57834-33-0 Manufacturer - Changhong Chemical<\/title>\n<meta name=\"description\" content=\"UV-1 CAS 57834-33-0 Appearance Pale yellow liquid Molecular weight 282.3 Content \u226599.0% Freezing point \u22640.5% Flash point 206\u00b0C Density@20\u00b0C 1.05g\/cm3...\" \/>\n<meta name=\"robots\" content=\"index, follow, max-snippet:-1, max-image-preview:large, max-video-preview:-1\" \/>\n<link rel=\"canonical\" href=\"https:\/\/changhongchemical.com\/pt\/product\/lcsorb-uv-1-cas-57834-33-0\/\" \/>\n<meta property=\"og:locale\" content=\"pt_BR\" \/>\n<meta property=\"og:type\" content=\"article\" \/>\n<meta property=\"og:title\" content=\"China CHLUMIUV\u00ae UV-1 CAS 57834-33-0 Manufacturer - Changhong Chemical\" \/>\n<meta property=\"og:description\" content=\"UV-1 CAS 57834-33-0 Appearance Pale yellow liquid Molecular weight 282.3 Content \u226599.0% Freezing point \u22640.5% Flash point 206\u00b0C Density@20\u00b0C 1.05g\/cm3...\" \/>\n<meta property=\"og:url\" content=\"https:\/\/changhongchemical.com\/pt\/product\/lcsorb-uv-1-cas-57834-33-0\/\" \/>\n<meta property=\"og:site_name\" content=\"Changhong Chemical\" \/>\n<meta property=\"article:modified_time\" content=\"2026-04-24T01:40:48+00:00\" \/>\n<meta property=\"og:image\" content=\"https:\/\/changhongchemical.com\/wp-content\/uploads\/2023\/04\/57834-33-0.jpg\" \/>\n\t<meta property=\"og:image:width\" content=\"600\" \/>\n\t<meta property=\"og:image:height\" content=\"600\" \/>\n\t<meta property=\"og:image:type\" content=\"image\/jpeg\" \/>\n<meta name=\"twitter:card\" content=\"summary_large_image\" \/>\n<meta name=\"twitter:label1\" content=\"Est. tempo de leitura\" \/>\n\t<meta name=\"twitter:data1\" content=\"2 minutos\" \/>\n<script type=\"application\/ld+json\" class=\"yoast-schema-graph\">{\"@context\":\"https:\\\/\\\/schema.org\",\"@graph\":[{\"@type\":\"WebPage\",\"@id\":\"https:\\\/\\\/changhongchemical.com\\\/product\\\/lcsorb-uv-1-cas-57834-33-0\\\/\",\"url\":\"https:\\\/\\\/changhongchemical.com\\\/product\\\/lcsorb-uv-1-cas-57834-33-0\\\/\",\"name\":\"China CHLUMIUV\u00ae UV-1 CAS 57834-33-0 Manufacturer - Changhong Chemical\",\"isPartOf\":{\"@id\":\"https:\\\/\\\/changhongchemical.com\\\/#website\"},\"primaryImageOfPage\":{\"@id\":\"https:\\\/\\\/changhongchemical.com\\\/product\\\/lcsorb-uv-1-cas-57834-33-0\\\/#primaryimage\"},\"image\":{\"@id\":\"https:\\\/\\\/changhongchemical.com\\\/product\\\/lcsorb-uv-1-cas-57834-33-0\\\/#primaryimage\"},\"thumbnailUrl\":\"https:\\\/\\\/changhongchemical.com\\\/wp-content\\\/uploads\\\/2023\\\/04\\\/57834-33-0.jpg\",\"datePublished\":\"2023-04-20T06:53:49+00:00\",\"dateModified\":\"2026-04-24T01:40:48+00:00\",\"description\":\"UV-1 CAS 57834-33-0 Appearance Pale yellow liquid Molecular weight 282.3 Content \u226599.0% Freezing point \u22640.5% Flash point 206\u00b0C Density@20\u00b0C 1.05g\\\/cm3...\",\"breadcrumb\":{\"@id\":\"https:\\\/\\\/changhongchemical.com\\\/product\\\/lcsorb-uv-1-cas-57834-33-0\\\/#breadcrumb\"},\"inLanguage\":\"pt-BR\",\"potentialAction\":[{\"@type\":\"ReadAction\",\"target\":[\"https:\\\/\\\/changhongchemical.com\\\/product\\\/lcsorb-uv-1-cas-57834-33-0\\\/\"]}]},{\"@type\":\"ImageObject\",\"inLanguage\":\"pt-BR\",\"@id\":\"https:\\\/\\\/changhongchemical.com\\\/product\\\/lcsorb-uv-1-cas-57834-33-0\\\/#primaryimage\",\"url\":\"https:\\\/\\\/changhongchemical.com\\\/wp-content\\\/uploads\\\/2023\\\/04\\\/57834-33-0.jpg\",\"contentUrl\":\"https:\\\/\\\/changhongchemical.com\\\/wp-content\\\/uploads\\\/2023\\\/04\\\/57834-33-0.jpg\",\"width\":600,\"height\":600},{\"@type\":\"BreadcrumbList\",\"@id\":\"https:\\\/\\\/changhongchemical.com\\\/product\\\/lcsorb-uv-1-cas-57834-33-0\\\/#breadcrumb\",\"itemListElement\":[{\"@type\":\"ListItem\",\"position\":1,\"name\":\"Home\",\"item\":\"https:\\\/\\\/changhongchemical.com\\\/\"},{\"@type\":\"ListItem\",\"position\":2,\"name\":\"Products Changhong\",\"item\":\"https:\\\/\\\/changhongchemical.com\\\/product\\\/\"},{\"@type\":\"ListItem\",\"position\":3,\"name\":\"CHLUMIUV\u00ae UV-1 CAS 57834-33-0\"}]},{\"@type\":\"WebSite\",\"@id\":\"https:\\\/\\\/changhongchemical.com\\\/#website\",\"url\":\"https:\\\/\\\/changhongchemical.com\\\/\",\"name\":\"Changhong Chemical\",\"description\":\"China chemical manufacturer \uff06 supplier\",\"publisher\":{\"@id\":\"https:\\\/\\\/changhongchemical.com\\\/#organization\"},\"potentialAction\":[{\"@type\":\"SearchAction\",\"target\":{\"@type\":\"EntryPoint\",\"urlTemplate\":\"https:\\\/\\\/changhongchemical.com\\\/?s={search_term_string}\"},\"query-input\":{\"@type\":\"PropertyValueSpecification\",\"valueRequired\":true,\"valueName\":\"search_term_string\"}}],\"inLanguage\":\"pt-BR\"},{\"@type\":\"Organization\",\"@id\":\"https:\\\/\\\/changhongchemical.com\\\/#organization\",\"name\":\"Changhong Chemical\",\"url\":\"https:\\\/\\\/changhongchemical.com\\\/\",\"logo\":{\"@type\":\"ImageObject\",\"inLanguage\":\"pt-BR\",\"@id\":\"https:\\\/\\\/changhongchemical.com\\\/#\\\/schema\\\/logo\\\/image\\\/\",\"url\":\"https:\\\/\\\/changhongchemical.com\\\/wp-content\\\/uploads\\\/2020\\\/08\\\/cropped-longchang-logo.png\",\"contentUrl\":\"https:\\\/\\\/changhongchemical.com\\\/wp-content\\\/uploads\\\/2020\\\/08\\\/cropped-longchang-logo.png\",\"width\":512,\"height\":512,\"caption\":\"Changhong Chemical\"},\"image\":{\"@id\":\"https:\\\/\\\/changhongchemical.com\\\/#\\\/schema\\\/logo\\\/image\\\/\"}}]}<\/script>\n<!-- \/ Yoast SEO plugin. -->","yoast_head_json":{"title":"Fabricante do CHLUMIUV\u00ae UV-1 CAS 57834-33-0 na China - Changhong Chemical","description":"UV-1 CAS 57834-33-0 Appearance Pale yellow liquid Molecular weight 282.3 Content \u226599.0% Freezing point \u22640.5% Flash point 206\u00b0C Density@20\u00b0C 1.05g\/cm3...","robots":{"index":"index","follow":"follow","max-snippet":"max-snippet:-1","max-image-preview":"max-image-preview:large","max-video-preview":"max-video-preview:-1"},"canonical":"https:\/\/changhongchemical.com\/pt\/product\/lcsorb-uv-1-cas-57834-33-0\/","og_locale":"pt_BR","og_type":"article","og_title":"China CHLUMIUV\u00ae UV-1 CAS 57834-33-0 Manufacturer - Changhong Chemical","og_description":"UV-1 CAS 57834-33-0 Appearance Pale yellow liquid Molecular weight 282.3 Content \u226599.0% Freezing point \u22640.5% Flash point 206\u00b0C Density@20\u00b0C 1.05g\/cm3...","og_url":"https:\/\/changhongchemical.com\/pt\/product\/lcsorb-uv-1-cas-57834-33-0\/","og_site_name":"Changhong Chemical","article_modified_time":"2026-04-24T01:40:48+00:00","og_image":[{"width":600,"height":600,"url":"https:\/\/changhongchemical.com\/wp-content\/uploads\/2023\/04\/57834-33-0.jpg","type":"image\/jpeg"}],"twitter_card":"summary_large_image","twitter_misc":{"Est. tempo de leitura":"2 minutos"},"schema":{"@context":"https:\/\/schema.org","@graph":[{"@type":"WebPage","@id":"https:\/\/changhongchemical.com\/product\/lcsorb-uv-1-cas-57834-33-0\/","url":"https:\/\/changhongchemical.com\/product\/lcsorb-uv-1-cas-57834-33-0\/","name":"Fabricante do CHLUMIUV\u00ae UV-1 CAS 57834-33-0 na China - Changhong Chemical","isPartOf":{"@id":"https:\/\/changhongchemical.com\/#website"},"primaryImageOfPage":{"@id":"https:\/\/changhongchemical.com\/product\/lcsorb-uv-1-cas-57834-33-0\/#primaryimage"},"image":{"@id":"https:\/\/changhongchemical.com\/product\/lcsorb-uv-1-cas-57834-33-0\/#primaryimage"},"thumbnailUrl":"https:\/\/changhongchemical.com\/wp-content\/uploads\/2023\/04\/57834-33-0.jpg","datePublished":"2023-04-20T06:53:49+00:00","dateModified":"2026-04-24T01:40:48+00:00","description":"UV-1 CAS 57834-33-0 Appearance Pale yellow liquid Molecular weight 282.3 Content \u226599.0% Freezing point \u22640.5% Flash point 206\u00b0C Density@20\u00b0C 1.05g\/cm3...","breadcrumb":{"@id":"https:\/\/changhongchemical.com\/product\/lcsorb-uv-1-cas-57834-33-0\/#breadcrumb"},"inLanguage":"pt-BR","potentialAction":[{"@type":"ReadAction","target":["https:\/\/changhongchemical.com\/product\/lcsorb-uv-1-cas-57834-33-0\/"]}]},{"@type":"ImageObject","inLanguage":"pt-BR","@id":"https:\/\/changhongchemical.com\/product\/lcsorb-uv-1-cas-57834-33-0\/#primaryimage","url":"https:\/\/changhongchemical.com\/wp-content\/uploads\/2023\/04\/57834-33-0.jpg","contentUrl":"https:\/\/changhongchemical.com\/wp-content\/uploads\/2023\/04\/57834-33-0.jpg","width":600,"height":600},{"@type":"BreadcrumbList","@id":"https:\/\/changhongchemical.com\/product\/lcsorb-uv-1-cas-57834-33-0\/#breadcrumb","itemListElement":[{"@type":"ListItem","position":1,"name":"Home","item":"https:\/\/changhongchemical.com\/"},{"@type":"ListItem","position":2,"name":"Products Changhong","item":"https:\/\/changhongchemical.com\/product\/"},{"@type":"ListItem","position":3,"name":"CHLUMIUV\u00ae UV-1 CAS 57834-33-0"}]},{"@type":"WebSite","@id":"https:\/\/changhongchemical.com\/#website","url":"https:\/\/changhongchemical.com\/","name":"Qu\u00edmica Longchang","description":"Fabricante de produtos qu\u00edmicos na China \uff06 fornecedor","publisher":{"@id":"https:\/\/changhongchemical.com\/#organization"},"potentialAction":[{"@type":"SearchAction","target":{"@type":"EntryPoint","urlTemplate":"https:\/\/changhongchemical.com\/?s={search_term_string}"},"query-input":{"@type":"PropertyValueSpecification","valueRequired":true,"valueName":"search_term_string"}}],"inLanguage":"pt-BR"},{"@type":"Organization","@id":"https:\/\/changhongchemical.com\/#organization","name":"Qu\u00edmica Longchang","url":"https:\/\/changhongchemical.com\/","logo":{"@type":"ImageObject","inLanguage":"pt-BR","@id":"https:\/\/changhongchemical.com\/#\/schema\/logo\/image\/","url":"https:\/\/changhongchemical.com\/wp-content\/uploads\/2020\/08\/cropped-longchang-logo.png","contentUrl":"https:\/\/changhongchemical.com\/wp-content\/uploads\/2020\/08\/cropped-longchang-logo.png","width":512,"height":512,"caption":"Changhong Chemical"},"image":{"@id":"https:\/\/changhongchemical.com\/#\/schema\/logo\/image\/"}}]}},"_links":{"self":[{"href":"https:\/\/changhongchemical.com\/pt\/wp-json\/wp\/v2\/product\/6044","targetHints":{"allow":["GET"]}}],"collection":[{"href":"https:\/\/changhongchemical.com\/pt\/wp-json\/wp\/v2\/product"}],"about":[{"href":"https:\/\/changhongchemical.com\/pt\/wp-json\/wp\/v2\/types\/product"}],"replies":[{"embeddable":true,"href":"https:\/\/changhongchemical.com\/pt\/wp-json\/wp\/v2\/comments?post=6044"}],"wp:featuredmedia":[{"embeddable":true,"href":"https:\/\/changhongchemical.com\/pt\/wp-json\/wp\/v2\/media\/7955"}],"wp:attachment":[{"href":"https:\/\/changhongchemical.com\/pt\/wp-json\/wp\/v2\/media?parent=6044"}],"wp:term":[{"taxonomy":"product_brand","embeddable":true,"href":"https:\/\/changhongchemical.com\/pt\/wp-json\/wp\/v2\/product_brand?post=6044"},{"taxonomy":"product_cat","embeddable":true,"href":"https:\/\/changhongchemical.com\/pt\/wp-json\/wp\/v2\/product_cat?post=6044"},{"taxonomy":"product_tag","embeddable":true,"href":"https:\/\/changhongchemical.com\/pt\/wp-json\/wp\/v2\/product_tag?post=6044"}],"curies":[{"name":"wp","href":"https:\/\/api.w.org\/{rel}","templated":true}]}}