{"id":5769,"date":"2022-12-03T15:10:16","date_gmt":"2022-12-03T15:10:16","guid":{"rendered":"https:\/\/changhongchemical.com\/?post_type=product&#038;p=5769"},"modified":"2026-01-08T03:48:13","modified_gmt":"2026-01-08T03:48:13","slug":"lcsorb-uv-1577-cas-147315-50-2","status":"publish","type":"product","link":"https:\/\/changhongchemical.com\/pt\/product\/lcsorb-uv-1577-cas-147315-50-2\/","title":{"rendered":"CHLUMIUV\u00ae UV-1577 \/ TINUVIN 1577 \/ Sarasorb 3577 CAS 147315-50-2"},"content":{"rendered":"<h1><strong>UV-1577 \/ TINUVIN 1577 CAS 147315-50-2<\/strong><\/h1>\n<div class=\"stm-products-catalog\">\n<div class=\"container\">\n<div class=\"row\">\n<div class=\"col-md-12 man_main_sidebar\">\n<div class=\"content-area\">\n<div id=\"product-4145\" class=\"product type-product post-4145 status-publish first instock product_cat-uv-absorber has-post-thumbnail shipping-taxable product-type-simple\">\n<div class=\"woocommerce-tabs wc-tabs-wrapper\">\n<div id=\"tab-description\" class=\"woocommerce-Tabs-panel woocommerce-Tabs-panel--description panel entry-content wc-tab\" role=\"tabpanel\" aria-labelledby=\"tab-title-description\">\n<div class=\"row\">\n<div class=\"col-md-6\">\n<table border=\"1\" width=\"505\" cellspacing=\"0\">\n<tbody>\n<tr>\n<td valign=\"top\" width=\"104\">Apar\u00eancia<\/td>\n<td valign=\"top\" width=\"386\">P\u00f3 cristalino amarelo claro<\/td>\n<\/tr>\n<tr>\n<td valign=\"top\" width=\"104\">Conte\u00fado<\/td>\n<td valign=\"top\" width=\"386\">\u226598,5%(HPLC)<\/td>\n<\/tr>\n<tr>\n<td valign=\"top\" width=\"104\">Ponto de fus\u00e3o<\/td>\n<td valign=\"top\" width=\"386\">147-151\u2103<\/td>\n<\/tr>\n<tr>\n<td valign=\"top\" width=\"104\">Cinza<\/td>\n<td valign=\"top\" width=\"386\">\u22640,1%<\/td>\n<\/tr>\n<tr>\n<td valign=\"top\" width=\"104\">Vol\u00e1til<\/td>\n<td valign=\"top\" width=\"386\">\u22640,5%<\/td>\n<\/tr>\n<tr>\n<td valign=\"top\" width=\"104\">Transmiss\u00e3o<\/td>\n<td valign=\"top\" width=\"386\">450 nm\u226586,5% 500 nm\u226599%<\/td>\n<\/tr>\n<\/tbody>\n<\/table>\n<p><strong>Aplica\u00e7\u00e3o\uff1a<\/strong><\/p>\n<p>O UV-1577 \u00e9 adequado para polieteramina, polibutileno tereftalato, policarbonato, poli\u00e9ter, polimetilmetacrilato, copol\u00edmero acr\u00edlico, poliamida, poliestireno, resina de estireno-acrilonitrila e poliolefina, etc.<\/p>\n<p>&nbsp;<\/p>\n<p><strong>Armazenamento:<\/strong><br \/>\nMantido em um dep\u00f3sito seco e limpo, com boa ventila\u00e7\u00e3o.<br \/>\nEvite a exposi\u00e7\u00e3o \u00e0 luz e ao aquecimento para evitar a oxida\u00e7\u00e3o.<br \/>\nProteger o produto contra vazamentos, chuva e insola\u00e7\u00e3o durante o transporte.<\/p>\n<\/div>\n<\/div>\n<\/div>\n<\/div>\n<\/div>\n<\/div>\n<\/div>\n<\/div>\n<\/div>\n<\/div>\n<div class=\"nav-box man_nav_previous man_image_bck col-md-6\" data-image=\"https:\/\/changhongchemical.com\/wp-content\/uploads\/2021\/08\/DMDEE-768x768.jpg\" data-color=\"#292929\">\n<h2><strong>Entre em contato conosco agora!<\/strong><\/h2>\n<p><strong>Se voc\u00ea precisar de COA, MSDS ou TDS de <span style=\"color: #00ccff;\"><a style=\"color: #00ccff;\" href=\"https:\/\/changhongchemical.com\/product-category\/lcsorb-uv-absorber\/\">Absorvedor de UV lcsorb<\/a><\/span>Preencha suas informa\u00e7\u00f5es de contato no formul\u00e1rio abaixo. Normalmente, entraremos em contato dentro de 24 horas. Voc\u00ea tamb\u00e9m pode me enviar um e-mail <span style=\"color: #00ccff;\"><a style=\"color: #00ccff;\" href=\"mailto:info@changhongchemical.com\">info@changhongchemical.com<\/a> <\/span>durante o hor\u00e1rio comercial (das 8h30 \u00e0s 18h UTC+8 de segunda a s\u00e1bado) ou use o bate-papo ao vivo do site para obter uma resposta imediata.<\/strong><\/p>\n<\/div>\n<div data-image=\"https:\/\/changhongchemical.com\/wp-content\/uploads\/2021\/08\/DMDEE-768x768.jpg\" data-color=\"#292929\"><\/div>","protected":false},"excerpt":{"rendered":"<p>Nome do produto: Absorvedor de UV UV-1577<\/p>\n<p>N\u00ba CAS: 147315-50-2<\/p>\n<p>Nome qu\u00edmico:2-(4,6-Diphenyl-1,3,5-triazin-2-yl)-5-[(hexyl)oxy]-phenol<\/p>\n<p>Sin\u00f4nimos:Appolo 1577;BIOSORB 1577;TINUVIN 1577;;CG 30-1577;Chiguard 5577;K.SORB 1577;OMNISTAB UV 1577;Absorvedor de UV UV-1577<\/p>\n<p>MF: C27H27N3O2<\/p>\n<p>Pureza: \u226598,5% (HPLC)<\/p>","protected":false},"featured_media":7958,"comment_status":"closed","ping_status":"closed","template":"","meta":[],"product_brand":[],"product_cat":[139],"product_tag":[],"class_list":{"0":"post-5769","1":"product","2":"type-product","3":"status-publish","4":"has-post-thumbnail","6":"product_cat-uv-absorber","8":"first","9":"instock","10":"shipping-taxable","11":"product-type-simple"},"yoast_head":"<!-- This site is optimized with the Yoast SEO plugin v27.4 - https:\/\/yoast.com\/product\/yoast-seo-wordpress\/ -->\n<title>Uv absorber UV-1577 \/ TINUVIN 1577 CAS 147315-50-2 manufacturer - Changhong Chemical<\/title>\n<meta name=\"description\" content=\"UV-1577 can replace Appolo 1577;BIOSORB 1577;TINUVIN 1577;;CG 30-1577;Chiguard 5577;K.SORB 1577;OMNISTAB UV 1577,used as ultraviolet absorber and is the key product of Changhong Chemical. We are the leading uv material manufacturer and supplier in China with the best quanlity and competitive price.\" \/>\n<meta name=\"robots\" content=\"index, follow, max-snippet:-1, max-image-preview:large, max-video-preview:-1\" \/>\n<link rel=\"canonical\" href=\"https:\/\/changhongchemical.com\/pt\/product\/lcsorb-uv-1577-cas-147315-50-2\/\" \/>\n<meta property=\"og:locale\" content=\"pt_BR\" \/>\n<meta property=\"og:type\" content=\"article\" \/>\n<meta property=\"og:title\" content=\"Uv absorber UV-1577 \/ TINUVIN 1577 CAS 147315-50-2 manufacturer - Changhong Chemical\" \/>\n<meta property=\"og:description\" content=\"UV-1577 can replace Appolo 1577;BIOSORB 1577;TINUVIN 1577;;CG 30-1577;Chiguard 5577;K.SORB 1577;OMNISTAB UV 1577,used as ultraviolet absorber and is the key product of Changhong Chemical. We are the leading uv material manufacturer and supplier in China with the best quanlity and competitive price.\" \/>\n<meta property=\"og:url\" content=\"https:\/\/changhongchemical.com\/pt\/product\/lcsorb-uv-1577-cas-147315-50-2\/\" \/>\n<meta property=\"og:site_name\" content=\"Changhong Chemical\" \/>\n<meta property=\"article:modified_time\" content=\"2026-01-08T03:48:13+00:00\" \/>\n<meta property=\"og:image\" content=\"https:\/\/changhongchemical.com\/wp-content\/uploads\/2022\/12\/147315-50-2.jpg\" \/>\n\t<meta property=\"og:image:width\" content=\"600\" \/>\n\t<meta property=\"og:image:height\" content=\"600\" \/>\n\t<meta property=\"og:image:type\" content=\"image\/jpeg\" \/>\n<meta name=\"twitter:card\" content=\"summary_large_image\" \/>\n<meta name=\"twitter:label1\" content=\"Est. tempo de leitura\" \/>\n\t<meta name=\"twitter:data1\" content=\"1 minuto\" \/>\n<script type=\"application\/ld+json\" class=\"yoast-schema-graph\">{\"@context\":\"https:\\\/\\\/schema.org\",\"@graph\":[{\"@type\":\"WebPage\",\"@id\":\"https:\\\/\\\/changhongchemical.com\\\/product\\\/lcsorb-uv-1577-cas-147315-50-2\\\/\",\"url\":\"https:\\\/\\\/changhongchemical.com\\\/product\\\/lcsorb-uv-1577-cas-147315-50-2\\\/\",\"name\":\"Uv absorber UV-1577 \\\/ TINUVIN 1577 CAS 147315-50-2 manufacturer - Changhong Chemical\",\"isPartOf\":{\"@id\":\"https:\\\/\\\/changhongchemical.com\\\/#website\"},\"primaryImageOfPage\":{\"@id\":\"https:\\\/\\\/changhongchemical.com\\\/product\\\/lcsorb-uv-1577-cas-147315-50-2\\\/#primaryimage\"},\"image\":{\"@id\":\"https:\\\/\\\/changhongchemical.com\\\/product\\\/lcsorb-uv-1577-cas-147315-50-2\\\/#primaryimage\"},\"thumbnailUrl\":\"https:\\\/\\\/changhongchemical.com\\\/wp-content\\\/uploads\\\/2022\\\/12\\\/147315-50-2.jpg\",\"datePublished\":\"2022-12-03T15:10:16+00:00\",\"dateModified\":\"2026-01-08T03:48:13+00:00\",\"description\":\"UV-1577 can replace Appolo 1577;BIOSORB 1577;TINUVIN 1577;;CG 30-1577;Chiguard 5577;K.SORB 1577;OMNISTAB UV 1577,used as ultraviolet absorber and is the key product of Changhong Chemical. We are the leading uv material manufacturer and supplier in China with the best quanlity and competitive price.\",\"breadcrumb\":{\"@id\":\"https:\\\/\\\/changhongchemical.com\\\/product\\\/lcsorb-uv-1577-cas-147315-50-2\\\/#breadcrumb\"},\"inLanguage\":\"pt-BR\",\"potentialAction\":[{\"@type\":\"ReadAction\",\"target\":[\"https:\\\/\\\/changhongchemical.com\\\/product\\\/lcsorb-uv-1577-cas-147315-50-2\\\/\"]}]},{\"@type\":\"ImageObject\",\"inLanguage\":\"pt-BR\",\"@id\":\"https:\\\/\\\/changhongchemical.com\\\/product\\\/lcsorb-uv-1577-cas-147315-50-2\\\/#primaryimage\",\"url\":\"https:\\\/\\\/changhongchemical.com\\\/wp-content\\\/uploads\\\/2022\\\/12\\\/147315-50-2.jpg\",\"contentUrl\":\"https:\\\/\\\/changhongchemical.com\\\/wp-content\\\/uploads\\\/2022\\\/12\\\/147315-50-2.jpg\",\"width\":600,\"height\":600},{\"@type\":\"BreadcrumbList\",\"@id\":\"https:\\\/\\\/changhongchemical.com\\\/product\\\/lcsorb-uv-1577-cas-147315-50-2\\\/#breadcrumb\",\"itemListElement\":[{\"@type\":\"ListItem\",\"position\":1,\"name\":\"Home\",\"item\":\"https:\\\/\\\/changhongchemical.com\\\/\"},{\"@type\":\"ListItem\",\"position\":2,\"name\":\"Products Changhong\",\"item\":\"https:\\\/\\\/changhongchemical.com\\\/product\\\/\"},{\"@type\":\"ListItem\",\"position\":3,\"name\":\"CHLUMIUV\u00ae UV-1577 \\\/ TINUVIN 1577 \\\/ Sarasorb 3577 CAS 147315-50-2\"}]},{\"@type\":\"WebSite\",\"@id\":\"https:\\\/\\\/changhongchemical.com\\\/#website\",\"url\":\"https:\\\/\\\/changhongchemical.com\\\/\",\"name\":\"Changhong Chemical\",\"description\":\"China chemical manufacturer \uff06 supplier\",\"publisher\":{\"@id\":\"https:\\\/\\\/changhongchemical.com\\\/#organization\"},\"potentialAction\":[{\"@type\":\"SearchAction\",\"target\":{\"@type\":\"EntryPoint\",\"urlTemplate\":\"https:\\\/\\\/changhongchemical.com\\\/?s={search_term_string}\"},\"query-input\":{\"@type\":\"PropertyValueSpecification\",\"valueRequired\":true,\"valueName\":\"search_term_string\"}}],\"inLanguage\":\"pt-BR\"},{\"@type\":\"Organization\",\"@id\":\"https:\\\/\\\/changhongchemical.com\\\/#organization\",\"name\":\"Changhong Chemical\",\"url\":\"https:\\\/\\\/changhongchemical.com\\\/\",\"logo\":{\"@type\":\"ImageObject\",\"inLanguage\":\"pt-BR\",\"@id\":\"https:\\\/\\\/changhongchemical.com\\\/#\\\/schema\\\/logo\\\/image\\\/\",\"url\":\"https:\\\/\\\/changhongchemical.com\\\/wp-content\\\/uploads\\\/2020\\\/08\\\/cropped-longchang-logo.png\",\"contentUrl\":\"https:\\\/\\\/changhongchemical.com\\\/wp-content\\\/uploads\\\/2020\\\/08\\\/cropped-longchang-logo.png\",\"width\":512,\"height\":512,\"caption\":\"Changhong Chemical\"},\"image\":{\"@id\":\"https:\\\/\\\/changhongchemical.com\\\/#\\\/schema\\\/logo\\\/image\\\/\"}}]}<\/script>\n<!-- \/ Yoast SEO plugin. -->","yoast_head_json":{"title":"Fabricante do absorvedor de UV UV-1577 \/ TINUVIN 1577 CAS 147315-50-2 - Changhong Chemical","description":"O UV-1577 pode substituir o Appolo 1577; o BIOSORB 1577; o TINUVIN 1577; o CG 30-1577; o Chiguard 5577; o K.SORB 1577; o OMNISTAB UV 1577, usado como absorvedor ultravioleta e \u00e9 o principal produto da Changhong Chemical. Somos o principal fabricante e fornecedor de material UV na China, com a melhor qualidade e pre\u00e7o competitivo.","robots":{"index":"index","follow":"follow","max-snippet":"max-snippet:-1","max-image-preview":"max-image-preview:large","max-video-preview":"max-video-preview:-1"},"canonical":"https:\/\/changhongchemical.com\/pt\/product\/lcsorb-uv-1577-cas-147315-50-2\/","og_locale":"pt_BR","og_type":"article","og_title":"Uv absorber UV-1577 \/ TINUVIN 1577 CAS 147315-50-2 manufacturer - Changhong Chemical","og_description":"UV-1577 can replace Appolo 1577;BIOSORB 1577;TINUVIN 1577;;CG 30-1577;Chiguard 5577;K.SORB 1577;OMNISTAB UV 1577,used as ultraviolet absorber and is the key product of Changhong Chemical. We are the leading uv material manufacturer and supplier in China with the best quanlity and competitive price.","og_url":"https:\/\/changhongchemical.com\/pt\/product\/lcsorb-uv-1577-cas-147315-50-2\/","og_site_name":"Changhong Chemical","article_modified_time":"2026-01-08T03:48:13+00:00","og_image":[{"width":600,"height":600,"url":"https:\/\/changhongchemical.com\/wp-content\/uploads\/2022\/12\/147315-50-2.jpg","type":"image\/jpeg"}],"twitter_card":"summary_large_image","twitter_misc":{"Est. tempo de leitura":"1 minuto"},"schema":{"@context":"https:\/\/schema.org","@graph":[{"@type":"WebPage","@id":"https:\/\/changhongchemical.com\/product\/lcsorb-uv-1577-cas-147315-50-2\/","url":"https:\/\/changhongchemical.com\/product\/lcsorb-uv-1577-cas-147315-50-2\/","name":"Fabricante do absorvedor de UV UV-1577 \/ TINUVIN 1577 CAS 147315-50-2 - Changhong Chemical","isPartOf":{"@id":"https:\/\/changhongchemical.com\/#website"},"primaryImageOfPage":{"@id":"https:\/\/changhongchemical.com\/product\/lcsorb-uv-1577-cas-147315-50-2\/#primaryimage"},"image":{"@id":"https:\/\/changhongchemical.com\/product\/lcsorb-uv-1577-cas-147315-50-2\/#primaryimage"},"thumbnailUrl":"https:\/\/changhongchemical.com\/wp-content\/uploads\/2022\/12\/147315-50-2.jpg","datePublished":"2022-12-03T15:10:16+00:00","dateModified":"2026-01-08T03:48:13+00:00","description":"O UV-1577 pode substituir o Appolo 1577; o BIOSORB 1577; o TINUVIN 1577; o CG 30-1577; o Chiguard 5577; o K.SORB 1577; o OMNISTAB UV 1577, usado como absorvedor ultravioleta e \u00e9 o principal produto da Changhong Chemical. Somos o principal fabricante e fornecedor de material UV na China, com a melhor qualidade e pre\u00e7o competitivo.","breadcrumb":{"@id":"https:\/\/changhongchemical.com\/product\/lcsorb-uv-1577-cas-147315-50-2\/#breadcrumb"},"inLanguage":"pt-BR","potentialAction":[{"@type":"ReadAction","target":["https:\/\/changhongchemical.com\/product\/lcsorb-uv-1577-cas-147315-50-2\/"]}]},{"@type":"ImageObject","inLanguage":"pt-BR","@id":"https:\/\/changhongchemical.com\/product\/lcsorb-uv-1577-cas-147315-50-2\/#primaryimage","url":"https:\/\/changhongchemical.com\/wp-content\/uploads\/2022\/12\/147315-50-2.jpg","contentUrl":"https:\/\/changhongchemical.com\/wp-content\/uploads\/2022\/12\/147315-50-2.jpg","width":600,"height":600},{"@type":"BreadcrumbList","@id":"https:\/\/changhongchemical.com\/product\/lcsorb-uv-1577-cas-147315-50-2\/#breadcrumb","itemListElement":[{"@type":"ListItem","position":1,"name":"Home","item":"https:\/\/changhongchemical.com\/"},{"@type":"ListItem","position":2,"name":"Products Changhong","item":"https:\/\/changhongchemical.com\/product\/"},{"@type":"ListItem","position":3,"name":"CHLUMIUV\u00ae UV-1577 \/ TINUVIN 1577 \/ Sarasorb 3577 CAS 147315-50-2"}]},{"@type":"WebSite","@id":"https:\/\/changhongchemical.com\/#website","url":"https:\/\/changhongchemical.com\/","name":"Qu\u00edmica Longchang","description":"Fabricante de produtos qu\u00edmicos na China \uff06 fornecedor","publisher":{"@id":"https:\/\/changhongchemical.com\/#organization"},"potentialAction":[{"@type":"SearchAction","target":{"@type":"EntryPoint","urlTemplate":"https:\/\/changhongchemical.com\/?s={search_term_string}"},"query-input":{"@type":"PropertyValueSpecification","valueRequired":true,"valueName":"search_term_string"}}],"inLanguage":"pt-BR"},{"@type":"Organization","@id":"https:\/\/changhongchemical.com\/#organization","name":"Qu\u00edmica Longchang","url":"https:\/\/changhongchemical.com\/","logo":{"@type":"ImageObject","inLanguage":"pt-BR","@id":"https:\/\/changhongchemical.com\/#\/schema\/logo\/image\/","url":"https:\/\/changhongchemical.com\/wp-content\/uploads\/2020\/08\/cropped-longchang-logo.png","contentUrl":"https:\/\/changhongchemical.com\/wp-content\/uploads\/2020\/08\/cropped-longchang-logo.png","width":512,"height":512,"caption":"Changhong Chemical"},"image":{"@id":"https:\/\/changhongchemical.com\/#\/schema\/logo\/image\/"}}]}},"_links":{"self":[{"href":"https:\/\/changhongchemical.com\/pt\/wp-json\/wp\/v2\/product\/5769","targetHints":{"allow":["GET"]}}],"collection":[{"href":"https:\/\/changhongchemical.com\/pt\/wp-json\/wp\/v2\/product"}],"about":[{"href":"https:\/\/changhongchemical.com\/pt\/wp-json\/wp\/v2\/types\/product"}],"replies":[{"embeddable":true,"href":"https:\/\/changhongchemical.com\/pt\/wp-json\/wp\/v2\/comments?post=5769"}],"wp:featuredmedia":[{"embeddable":true,"href":"https:\/\/changhongchemical.com\/pt\/wp-json\/wp\/v2\/media\/7958"}],"wp:attachment":[{"href":"https:\/\/changhongchemical.com\/pt\/wp-json\/wp\/v2\/media?parent=5769"}],"wp:term":[{"taxonomy":"product_brand","embeddable":true,"href":"https:\/\/changhongchemical.com\/pt\/wp-json\/wp\/v2\/product_brand?post=5769"},{"taxonomy":"product_cat","embeddable":true,"href":"https:\/\/changhongchemical.com\/pt\/wp-json\/wp\/v2\/product_cat?post=5769"},{"taxonomy":"product_tag","embeddable":true,"href":"https:\/\/changhongchemical.com\/pt\/wp-json\/wp\/v2\/product_tag?post=5769"}],"curies":[{"name":"wp","href":"https:\/\/api.w.org\/{rel}","templated":true}]}}