{"id":3721,"date":"2023-05-07T15:06:32","date_gmt":"2023-05-07T15:06:32","guid":{"rendered":"https:\/\/changhongchemical.com\/?post_type=product&#038;p=3721"},"modified":"2026-01-08T02:26:01","modified_gmt":"2026-01-08T02:26:01","slug":"lcsorb-bp-3-cas-131-57-7","status":"publish","type":"product","link":"https:\/\/changhongchemical.com\/pt\/product\/lcsorb-bp-3-cas-131-57-7\/","title":{"rendered":"CHLUMIUV\u00ae BP-3 \/ benzofenona-3 CAS 131-57-7"},"content":{"rendered":"<h1><strong>BP-3 \/ benzofenona-3 CAS 131-57-7<\/strong><\/h1>\n<table class=\"table-1\">\n<tbody>\n<tr>\n<td>Itens<\/td>\n<td>Padr\u00e3o<\/td>\n<\/tr>\n<tr>\n<td>Apar\u00eancia<\/td>\n<td>P\u00f3 de cristal verde-amarelo claro<\/td>\n<\/tr>\n<tr>\n<td>Ponto de fus\u00e3o<\/td>\n<td>62.0-65.0\u2103<\/td>\n<\/tr>\n<tr>\n<td>Pureza<\/td>\n<td>\u226599.0%<\/td>\n<\/tr>\n<tr>\n<td>Coeficiente de absor\u00e7\u00e3o de UV (1%, 1cm)E288<\/td>\n<td>\u2265630<\/td>\n<\/tr>\n<tr>\n<td>Coeficiente de absor\u00e7\u00e3o de UV (1%, 1cm)E325<\/td>\n<td>\u2265410<\/td>\n<\/tr>\n<tr>\n<td>Perda na secagem<\/td>\n<td>\u22640.2\uff05<\/td>\n<\/tr>\n<tr>\n<td>Cor de Gardner<\/td>\n<td>\u22644.0<\/td>\n<\/tr>\n<tr>\n<td>Res\u00edduo na igni\u00e7\u00e3o<\/td>\n<td>\u2264 0,1 %<\/td>\n<\/tr>\n<tr>\n<td>Heavy metal<\/td>\n<td>\u22645 ppm<\/td>\n<\/tr>\n<\/tbody>\n<\/table>\n<p><strong>Benzofenona-3<\/strong><\/p>\n<h1 class=\"product_title entry-title\">benzofenona-3 cas 131-57-7<\/h1>\n<p>1. \u00e9 um absorvedor de UV de amplo espectro<\/p>\n<p>2. tem as vantagens de alta taxa de absor\u00e7\u00e3o, n\u00e3o \u00e9 t\u00f3xico e n\u00e3o tem efeitos teratog\u00eanicos.<\/p>\n<p>3. pode absorver tanto UV-A quanto UV-B<\/p>\n<p>4. amplamente utilizado em cosm\u00e9ticos de prote\u00e7\u00e3o solar, como creme de prote\u00e7\u00e3o solar, creme, mel, lo\u00e7\u00e3o, etc.<\/p>\n<p>5. tamb\u00e9m pode ser usado como agente antimancha para produtos descoloridos por fotossensibilidade.<\/p>\n<p><strong>Benzofenona-3Embalagem e remessa<\/strong><\/p>\n<p>25 kg\/tambor de papel\u00e3o<\/p>\n<p><strong>Benzofenona-3Armazenamento<\/strong><\/p>\n<p>Armazenado em recipiente lacrado.<\/p>\n<h2><strong>Entre em contato conosco agora!<\/strong><\/h2>\n<p><strong>Se voc\u00ea precisar de COA, MSDS ou TDS de <span style=\"color: #00ccff;\"><a style=\"color: #00ccff;\" href=\"https:\/\/changhongchemical.com\/product-category\/lcsorb-uv-absorber\/\">Absorvedor de UV lcsorb<\/a><\/span>Preencha suas informa\u00e7\u00f5es de contato no formul\u00e1rio abaixo. Normalmente, entraremos em contato dentro de 24 horas. Voc\u00ea tamb\u00e9m pode me enviar um e-mail <span style=\"color: #00ccff;\"><a style=\"color: #00ccff;\" href=\"mailto:info@changhongchemical.com\">info@changhongchemical.com<\/a> <\/span>durante o hor\u00e1rio comercial (das 8h30 \u00e0s 18h UTC+8 de segunda a s\u00e1bado) ou use o bate-papo ao vivo do site para obter uma resposta imediata.<\/strong><\/p>","protected":false},"excerpt":{"rendered":"<p>Nome qu\u00edmico: Benzofenona-3<\/p>\n<p>N\u00famero CAS: 131-57-7<br \/>\nF\u00f3rmula molecular: C14H12O3<\/p>\n<p>Estrutura qu\u00edmica:<img decoding=\"async\" title=\"image.png\" src=\"https:\/\/changhongchemical.com\/wp-content\/uploads\/product-details\/20200617207706.png\" alt=\"image.png\" \/><\/p>\n<p>Peso molecular: 228,24<\/p>\n<p>Apar\u00eancia: P\u00f3 cristalino verde-amarelo claro<\/p>","protected":false},"featured_media":7947,"comment_status":"open","ping_status":"closed","template":"","meta":[],"product_brand":[],"product_cat":[139],"product_tag":[],"class_list":{"0":"post-3721","1":"product","2":"type-product","3":"status-publish","4":"has-post-thumbnail","6":"product_cat-uv-absorber","8":"first","9":"instock","10":"shipping-taxable","11":"product-type-simple"},"yoast_head":"<!-- This site is optimized with the Yoast SEO plugin v27.4 - https:\/\/yoast.com\/product\/yoast-seo-wordpress\/ -->\n<title>China BP-3 \/ benzophenone-3 CAS 131-57-7 Manufacturer - Changhong Chemical<\/title>\n<meta name=\"description\" content=\"BP-3 \/ UV-9,chemical name is Benzophenone-3;Oxybenzone,2-hydroxy-4-methoxybenzophenone,can replace Escalol 567;Eversorb 11,SpecAUV BP-3;Speedblock UV-9,UVINOL M40,Eusolex 4360;Lankromark LE296,used as ultraviolet absorber and is the key product of Changhong Chemical. We are the leading uv material manufacturer and supplier in China with the best quanlity and competitive price.\" \/>\n<meta name=\"robots\" content=\"index, follow, max-snippet:-1, max-image-preview:large, max-video-preview:-1\" \/>\n<link rel=\"canonical\" href=\"https:\/\/changhongchemical.com\/pt\/product\/lcsorb-bp-3-cas-131-57-7\/\" \/>\n<meta property=\"og:locale\" content=\"pt_BR\" \/>\n<meta property=\"og:type\" content=\"article\" \/>\n<meta property=\"og:title\" content=\"China BP-3 \/ benzophenone-3 CAS 131-57-7 Manufacturer - Changhong Chemical\" \/>\n<meta property=\"og:description\" content=\"BP-3 \/ UV-9,chemical name is Benzophenone-3;Oxybenzone,2-hydroxy-4-methoxybenzophenone,can replace Escalol 567;Eversorb 11,SpecAUV BP-3;Speedblock UV-9,UVINOL M40,Eusolex 4360;Lankromark LE296,used as ultraviolet absorber and is the key product of Changhong Chemical. We are the leading uv material manufacturer and supplier in China with the best quanlity and competitive price.\" \/>\n<meta property=\"og:url\" content=\"https:\/\/changhongchemical.com\/pt\/product\/lcsorb-bp-3-cas-131-57-7\/\" \/>\n<meta property=\"og:site_name\" content=\"Changhong Chemical\" \/>\n<meta property=\"article:modified_time\" content=\"2026-01-08T02:26:01+00:00\" \/>\n<meta property=\"og:image\" content=\"https:\/\/changhongchemical.com\/wp-content\/uploads\/2023\/05\/131-57-7.jpg\" \/>\n\t<meta property=\"og:image:width\" content=\"600\" \/>\n\t<meta property=\"og:image:height\" content=\"600\" \/>\n\t<meta property=\"og:image:type\" content=\"image\/jpeg\" \/>\n<meta name=\"twitter:card\" content=\"summary_large_image\" \/>\n<meta name=\"twitter:label1\" content=\"Est. tempo de leitura\" \/>\n\t<meta name=\"twitter:data1\" content=\"1 minuto\" \/>\n<script type=\"application\/ld+json\" class=\"yoast-schema-graph\">{\"@context\":\"https:\\\/\\\/schema.org\",\"@graph\":[{\"@type\":\"WebPage\",\"@id\":\"https:\\\/\\\/changhongchemical.com\\\/product\\\/lcsorb-bp-3-cas-131-57-7\\\/\",\"url\":\"https:\\\/\\\/changhongchemical.com\\\/product\\\/lcsorb-bp-3-cas-131-57-7\\\/\",\"name\":\"China BP-3 \\\/ benzophenone-3 CAS 131-57-7 Manufacturer - Changhong Chemical\",\"isPartOf\":{\"@id\":\"https:\\\/\\\/changhongchemical.com\\\/#website\"},\"primaryImageOfPage\":{\"@id\":\"https:\\\/\\\/changhongchemical.com\\\/product\\\/lcsorb-bp-3-cas-131-57-7\\\/#primaryimage\"},\"image\":{\"@id\":\"https:\\\/\\\/changhongchemical.com\\\/product\\\/lcsorb-bp-3-cas-131-57-7\\\/#primaryimage\"},\"thumbnailUrl\":\"https:\\\/\\\/changhongchemical.com\\\/wp-content\\\/uploads\\\/2023\\\/05\\\/131-57-7.jpg\",\"datePublished\":\"2023-05-07T15:06:32+00:00\",\"dateModified\":\"2026-01-08T02:26:01+00:00\",\"description\":\"BP-3 \\\/ UV-9,chemical name is Benzophenone-3;Oxybenzone,2-hydroxy-4-methoxybenzophenone,can replace Escalol 567;Eversorb 11,SpecAUV BP-3;Speedblock UV-9,UVINOL M40,Eusolex 4360;Lankromark LE296,used as ultraviolet absorber and is the key product of Changhong Chemical. We are the leading uv material manufacturer and supplier in China with the best quanlity and competitive price.\",\"breadcrumb\":{\"@id\":\"https:\\\/\\\/changhongchemical.com\\\/product\\\/lcsorb-bp-3-cas-131-57-7\\\/#breadcrumb\"},\"inLanguage\":\"pt-BR\",\"potentialAction\":[{\"@type\":\"ReadAction\",\"target\":[\"https:\\\/\\\/changhongchemical.com\\\/product\\\/lcsorb-bp-3-cas-131-57-7\\\/\"]}]},{\"@type\":\"ImageObject\",\"inLanguage\":\"pt-BR\",\"@id\":\"https:\\\/\\\/changhongchemical.com\\\/product\\\/lcsorb-bp-3-cas-131-57-7\\\/#primaryimage\",\"url\":\"https:\\\/\\\/changhongchemical.com\\\/wp-content\\\/uploads\\\/2023\\\/05\\\/131-57-7.jpg\",\"contentUrl\":\"https:\\\/\\\/changhongchemical.com\\\/wp-content\\\/uploads\\\/2023\\\/05\\\/131-57-7.jpg\",\"width\":600,\"height\":600},{\"@type\":\"BreadcrumbList\",\"@id\":\"https:\\\/\\\/changhongchemical.com\\\/product\\\/lcsorb-bp-3-cas-131-57-7\\\/#breadcrumb\",\"itemListElement\":[{\"@type\":\"ListItem\",\"position\":1,\"name\":\"Home\",\"item\":\"https:\\\/\\\/changhongchemical.com\\\/\"},{\"@type\":\"ListItem\",\"position\":2,\"name\":\"Products Changhong\",\"item\":\"https:\\\/\\\/changhongchemical.com\\\/product\\\/\"},{\"@type\":\"ListItem\",\"position\":3,\"name\":\"CHLUMIUV\u00ae BP-3 \\\/ benzophenone-3 CAS 131-57-7\"}]},{\"@type\":\"WebSite\",\"@id\":\"https:\\\/\\\/changhongchemical.com\\\/#website\",\"url\":\"https:\\\/\\\/changhongchemical.com\\\/\",\"name\":\"Changhong Chemical\",\"description\":\"China chemical manufacturer \uff06 supplier\",\"publisher\":{\"@id\":\"https:\\\/\\\/changhongchemical.com\\\/#organization\"},\"potentialAction\":[{\"@type\":\"SearchAction\",\"target\":{\"@type\":\"EntryPoint\",\"urlTemplate\":\"https:\\\/\\\/changhongchemical.com\\\/?s={search_term_string}\"},\"query-input\":{\"@type\":\"PropertyValueSpecification\",\"valueRequired\":true,\"valueName\":\"search_term_string\"}}],\"inLanguage\":\"pt-BR\"},{\"@type\":\"Organization\",\"@id\":\"https:\\\/\\\/changhongchemical.com\\\/#organization\",\"name\":\"Changhong Chemical\",\"url\":\"https:\\\/\\\/changhongchemical.com\\\/\",\"logo\":{\"@type\":\"ImageObject\",\"inLanguage\":\"pt-BR\",\"@id\":\"https:\\\/\\\/changhongchemical.com\\\/#\\\/schema\\\/logo\\\/image\\\/\",\"url\":\"https:\\\/\\\/changhongchemical.com\\\/wp-content\\\/uploads\\\/2020\\\/08\\\/cropped-longchang-logo.png\",\"contentUrl\":\"https:\\\/\\\/changhongchemical.com\\\/wp-content\\\/uploads\\\/2020\\\/08\\\/cropped-longchang-logo.png\",\"width\":512,\"height\":512,\"caption\":\"Changhong Chemical\"},\"image\":{\"@id\":\"https:\\\/\\\/changhongchemical.com\\\/#\\\/schema\\\/logo\\\/image\\\/\"}}]}<\/script>\n<!-- \/ Yoast SEO plugin. -->","yoast_head_json":{"title":"Fabricante de BP-3 \/ benzofenona-3 CAS 131-57-7 na China - Changhong Chemical","description":"BP-3 \/ UV-9, o nome qu\u00edmico \u00e9 benzofenona-3, oxibenzona, 2-hidroxi-4-metoxibenzofenona, pode substituir Escalol 567, Eversorb 11, SpecAUV BP-3, Speedblock UV-9, UVINOL M40, Eusolex 4360, Lankromark LE296, usado como absorvedor de ultravioleta e \u00e9 o principal produto da Changhong Chemical. Somos o principal fabricante e fornecedor de material ultravioleta na China, com a melhor qualidade e pre\u00e7o competitivo.","robots":{"index":"index","follow":"follow","max-snippet":"max-snippet:-1","max-image-preview":"max-image-preview:large","max-video-preview":"max-video-preview:-1"},"canonical":"https:\/\/changhongchemical.com\/pt\/product\/lcsorb-bp-3-cas-131-57-7\/","og_locale":"pt_BR","og_type":"article","og_title":"China BP-3 \/ benzophenone-3 CAS 131-57-7 Manufacturer - Changhong Chemical","og_description":"BP-3 \/ UV-9,chemical name is Benzophenone-3;Oxybenzone,2-hydroxy-4-methoxybenzophenone,can replace Escalol 567;Eversorb 11,SpecAUV BP-3;Speedblock UV-9,UVINOL M40,Eusolex 4360;Lankromark LE296,used as ultraviolet absorber and is the key product of Changhong Chemical. We are the leading uv material manufacturer and supplier in China with the best quanlity and competitive price.","og_url":"https:\/\/changhongchemical.com\/pt\/product\/lcsorb-bp-3-cas-131-57-7\/","og_site_name":"Changhong Chemical","article_modified_time":"2026-01-08T02:26:01+00:00","og_image":[{"width":600,"height":600,"url":"https:\/\/changhongchemical.com\/wp-content\/uploads\/2023\/05\/131-57-7.jpg","type":"image\/jpeg"}],"twitter_card":"summary_large_image","twitter_misc":{"Est. tempo de leitura":"1 minuto"},"schema":{"@context":"https:\/\/schema.org","@graph":[{"@type":"WebPage","@id":"https:\/\/changhongchemical.com\/product\/lcsorb-bp-3-cas-131-57-7\/","url":"https:\/\/changhongchemical.com\/product\/lcsorb-bp-3-cas-131-57-7\/","name":"Fabricante de BP-3 \/ benzofenona-3 CAS 131-57-7 na China - Changhong Chemical","isPartOf":{"@id":"https:\/\/changhongchemical.com\/#website"},"primaryImageOfPage":{"@id":"https:\/\/changhongchemical.com\/product\/lcsorb-bp-3-cas-131-57-7\/#primaryimage"},"image":{"@id":"https:\/\/changhongchemical.com\/product\/lcsorb-bp-3-cas-131-57-7\/#primaryimage"},"thumbnailUrl":"https:\/\/changhongchemical.com\/wp-content\/uploads\/2023\/05\/131-57-7.jpg","datePublished":"2023-05-07T15:06:32+00:00","dateModified":"2026-01-08T02:26:01+00:00","description":"BP-3 \/ UV-9, o nome qu\u00edmico \u00e9 benzofenona-3, oxibenzona, 2-hidroxi-4-metoxibenzofenona, pode substituir Escalol 567, Eversorb 11, SpecAUV BP-3, Speedblock UV-9, UVINOL M40, Eusolex 4360, Lankromark LE296, usado como absorvedor de ultravioleta e \u00e9 o principal produto da Changhong Chemical. Somos o principal fabricante e fornecedor de material ultravioleta na China, com a melhor qualidade e pre\u00e7o competitivo.","breadcrumb":{"@id":"https:\/\/changhongchemical.com\/product\/lcsorb-bp-3-cas-131-57-7\/#breadcrumb"},"inLanguage":"pt-BR","potentialAction":[{"@type":"ReadAction","target":["https:\/\/changhongchemical.com\/product\/lcsorb-bp-3-cas-131-57-7\/"]}]},{"@type":"ImageObject","inLanguage":"pt-BR","@id":"https:\/\/changhongchemical.com\/product\/lcsorb-bp-3-cas-131-57-7\/#primaryimage","url":"https:\/\/changhongchemical.com\/wp-content\/uploads\/2023\/05\/131-57-7.jpg","contentUrl":"https:\/\/changhongchemical.com\/wp-content\/uploads\/2023\/05\/131-57-7.jpg","width":600,"height":600},{"@type":"BreadcrumbList","@id":"https:\/\/changhongchemical.com\/product\/lcsorb-bp-3-cas-131-57-7\/#breadcrumb","itemListElement":[{"@type":"ListItem","position":1,"name":"Home","item":"https:\/\/changhongchemical.com\/"},{"@type":"ListItem","position":2,"name":"Products Changhong","item":"https:\/\/changhongchemical.com\/product\/"},{"@type":"ListItem","position":3,"name":"CHLUMIUV\u00ae BP-3 \/ benzophenone-3 CAS 131-57-7"}]},{"@type":"WebSite","@id":"https:\/\/changhongchemical.com\/#website","url":"https:\/\/changhongchemical.com\/","name":"Qu\u00edmica Longchang","description":"Fabricante de produtos qu\u00edmicos na China \uff06 fornecedor","publisher":{"@id":"https:\/\/changhongchemical.com\/#organization"},"potentialAction":[{"@type":"SearchAction","target":{"@type":"EntryPoint","urlTemplate":"https:\/\/changhongchemical.com\/?s={search_term_string}"},"query-input":{"@type":"PropertyValueSpecification","valueRequired":true,"valueName":"search_term_string"}}],"inLanguage":"pt-BR"},{"@type":"Organization","@id":"https:\/\/changhongchemical.com\/#organization","name":"Qu\u00edmica Longchang","url":"https:\/\/changhongchemical.com\/","logo":{"@type":"ImageObject","inLanguage":"pt-BR","@id":"https:\/\/changhongchemical.com\/#\/schema\/logo\/image\/","url":"https:\/\/changhongchemical.com\/wp-content\/uploads\/2020\/08\/cropped-longchang-logo.png","contentUrl":"https:\/\/changhongchemical.com\/wp-content\/uploads\/2020\/08\/cropped-longchang-logo.png","width":512,"height":512,"caption":"Changhong Chemical"},"image":{"@id":"https:\/\/changhongchemical.com\/#\/schema\/logo\/image\/"}}]}},"_links":{"self":[{"href":"https:\/\/changhongchemical.com\/pt\/wp-json\/wp\/v2\/product\/3721","targetHints":{"allow":["GET"]}}],"collection":[{"href":"https:\/\/changhongchemical.com\/pt\/wp-json\/wp\/v2\/product"}],"about":[{"href":"https:\/\/changhongchemical.com\/pt\/wp-json\/wp\/v2\/types\/product"}],"replies":[{"embeddable":true,"href":"https:\/\/changhongchemical.com\/pt\/wp-json\/wp\/v2\/comments?post=3721"}],"wp:featuredmedia":[{"embeddable":true,"href":"https:\/\/changhongchemical.com\/pt\/wp-json\/wp\/v2\/media\/7947"}],"wp:attachment":[{"href":"https:\/\/changhongchemical.com\/pt\/wp-json\/wp\/v2\/media?parent=3721"}],"wp:term":[{"taxonomy":"product_brand","embeddable":true,"href":"https:\/\/changhongchemical.com\/pt\/wp-json\/wp\/v2\/product_brand?post=3721"},{"taxonomy":"product_cat","embeddable":true,"href":"https:\/\/changhongchemical.com\/pt\/wp-json\/wp\/v2\/product_cat?post=3721"},{"taxonomy":"product_tag","embeddable":true,"href":"https:\/\/changhongchemical.com\/pt\/wp-json\/wp\/v2\/product_tag?post=3721"}],"curies":[{"name":"wp","href":"https:\/\/api.w.org\/{rel}","templated":true}]}}