{"id":3264,"date":"2020-09-24T02:25:30","date_gmt":"2020-09-24T02:25:30","guid":{"rendered":"https:\/\/changhongchemical.com\/?post_type=product&#038;p=3264"},"modified":"2025-04-01T02:45:26","modified_gmt":"2025-04-01T02:45:26","slug":"light-stabilizer-944-cas-70624-18-9","status":"publish","type":"product","link":"https:\/\/changhongchemical.com\/pt\/product\/light-stabilizer-944-cas-70624-18-9\/","title":{"rendered":"CHLUMILS\u00ae UV-944 \/ HALS 944 Estabilizador de luz-944 Chimasorb 944 CAS 70624-18-9 \/ 71878-19-8"},"content":{"rendered":"<h2><strong><b>Propriedades t\u00edpicas do Light Stabilizer-944<\/b><\/strong><\/h2>\n<table>\n<tbody>\n<tr>\n<td>Item<\/td>\n<td colspan=\"2\">Especifica\u00e7\u00f5es<\/td>\n<\/tr>\n<tr>\n<td>Apar\u00eancia<\/td>\n<td colspan=\"2\">P\u00f3 branco ou gr\u00e2nulos amarelos claros<\/td>\n<\/tr>\n<tr>\n<td>Ponto de fus\u00e3o,\u2103<\/td>\n<td colspan=\"2\">110-130<\/td>\n<\/tr>\n<tr>\n<td>Cinza<\/td>\n<td colspan=\"2\">\u22640,1%<\/td>\n<\/tr>\n<tr>\n<td>Mat\u00e9ria vol\u00e1til<\/td>\n<td colspan=\"2\">\u22641.0%<\/td>\n<\/tr>\n<tr>\n<td>Transmiss\u00e3o<\/td>\n<td colspan=\"2\">425 nm\u226593% 450 nm\u226595%<\/td>\n<\/tr>\n<tr>\n<td rowspan=\"5\">Solubilidade<\/td>\n<td>\u00e1gua<\/td>\n<td>&lt;0.01<\/td>\n<\/tr>\n<tr>\n<td>Acetato de etila<\/td>\n<td>&gt;50<\/td>\n<\/tr>\n<tr>\n<td>Hexano<\/td>\n<td>41<\/td>\n<\/tr>\n<tr>\n<td>Metanol<\/td>\n<td>3<\/td>\n<\/tr>\n<tr>\n<td>acetona<\/td>\n<td>&gt;50<\/td>\n<\/tr>\n<\/tbody>\n<\/table>\n<h2><\/h2>\n<h2><strong><b>O que \u00e9 o Light Stabilizer-944?<\/b><\/strong><\/h2>\n<h4>O UV-944 \u00e9 um estabilizador de luz de amina impedida de alto peso molecular com excelente compatibilidade, resist\u00eancia \u00e0 extra\u00e7\u00e3o e baixa volatilidade. As caracter\u00edsticas do estabilizador de luz 944 s\u00e3o: estabilizador de luz de amina impedida de alto peso molecular, excelente compatibilidade, boa resist\u00eancia \u00e0 extra\u00e7\u00e3o e baixa volatilidade.<\/h4>\n<p>&nbsp;<\/p>\n<h2><strong><b>Uso do Light Stabilizer-944<\/b><\/strong><\/h2>\n<h4>As aplica\u00e7\u00f5es do 1.HALS 944 incluem poliolefinas (PP, PE), copol\u00edmeros de olefinas, como o EVA, bem como misturas de polipropileno com elast\u00f4meros. Ele confere excelente estabilidade \u00e0 luz para artigos finos, especialmente fibras e filmes. Em se\u00e7\u00f5es transversais espessas, \u00e9 especificamente adequado para artigos de polietileno.<\/h4>\n<h4>2. HALS 944 Usado em polioximetileno (POM), poliamida (PA), poliuretano (PU), PVC macio e duro e misturas de PVC.<\/h4>\n<h4>3. HALS 944 Usado em elast\u00f4meros de estireno e adesivos<\/h4>\n<h4>4. O tipo de enxofre ou halog\u00eanio pode afetar o efeito do UV-944 quando existente.<\/h4>\n<h4>5. Suas concentra\u00e7\u00f5es variam entre 0,1 % e 2,0 %, dependendo do substrato, das condi\u00e7\u00f5es de processamento e da aplica\u00e7\u00e3o.<\/h4>\n<p>&nbsp;<\/p>\n<h2><strong><b>Light Stabilizer-944 Embalagem e envio<\/b><\/strong><\/h2>\n<h4>Embalagem: 25 kg\/tambor<\/h4>\n<h4>Entrega: Por via mar\u00edtima ou a\u00e9rea<\/h4>\n<p>&nbsp;<\/p>\n<h2><strong><b>Estabilizador de luz-944 Armazenamento<\/b><\/strong><\/h2>\n<h4>Armazenado em local fresco e seco, longe da luz.<\/h4>\n<h4><\/h4>\n<h2><strong><b>Entre em contato conosco agora!<\/b><\/strong><\/h2>\n<h4><strong><b>Se precisar de COA, MSDS ou TDS, preencha suas informa\u00e7\u00f5es de contato no formul\u00e1rio abaixo. Normalmente, entraremos em contato em 24 horas. Voc\u00ea tamb\u00e9m pode me enviar um e-mail <span style=\"color: #0000ff;\"><a style=\"color: #0000ff;\" href=\"mailto:info@changhongchemical.com\">info@changhongchemical.com<\/a><\/span> durante o hor\u00e1rio comercial (das 8h30 \u00e0s 18h UTC+8 de segunda a s\u00e1bado) ou use o bate-papo ao vivo do site para obter uma resposta imediata.<\/b><\/strong><\/h4>","protected":false},"excerpt":{"rendered":"<h2><strong><b>Estabilizador de luz-944 Detalhes<\/b><\/strong><\/h2>\n<p>Nome qu\u00edmico: Estabilizador de Luz-944<\/p>\n<p>Outros nomes: HALS 944; Chimasorb 944<\/p>\n<p>N\u00ba CAS: 70624-18-9; 71878-19-8<\/p>\n<p>F\u00f3rmula molecular: C35H69Cl3N8<\/p>\n<p>Peso molecular: 708,3<\/p>\n<p>Estrutura do Light Stabilizer-944:<\/p>\n<p><img decoding=\"async\" class=\"size-full wp-image-3265\" src=\"https:\/\/changhongchemical.com\/wp-content\/uploads\/2020\/09\/Light-Stabilizer-944-Structure.png\" alt=\"Estrutura do Light Stabilizer-944\" width=\"221\" height=\"170\" \/><\/p>\n<p>Apar\u00eancia: P\u00f3 branco ou gr\u00e2nulos amarelos claros<\/p>","protected":false},"featured_media":3266,"comment_status":"open","ping_status":"closed","template":"","meta":[],"product_brand":[],"product_cat":[104],"product_tag":[],"class_list":{"0":"post-3264","1":"product","2":"type-product","3":"status-publish","4":"has-post-thumbnail","6":"product_cat-light-stabilizer","8":"first","9":"instock","10":"shipping-taxable","11":"product-type-simple"},"yoast_head":"<!-- This site is optimized with the Yoast SEO plugin v27.4 - https:\/\/yoast.com\/product\/yoast-seo-wordpress\/ -->\n<title>China Light Stabilizer-944 Chimasorb 944 CAS 70624-18-9 \/ 71878-19-8 manufacturer - Changhong Chemical<\/title>\n<meta name=\"description\" content=\"China top Light Stabilizer-944 manufacturers and CAS 70624-18-9 suppliers. Buy Chimasorb 944 in china. Changhong Chemical can provide the best Light Stabilizer-944 price. other name: HALS 944; Tinuvin 944\" \/>\n<meta name=\"robots\" content=\"index, follow, max-snippet:-1, max-image-preview:large, max-video-preview:-1\" \/>\n<link rel=\"canonical\" href=\"https:\/\/changhongchemical.com\/pt\/product\/light-stabilizer-944-cas-70624-18-9\/\" \/>\n<meta property=\"og:locale\" content=\"pt_BR\" \/>\n<meta property=\"og:type\" content=\"article\" \/>\n<meta property=\"og:title\" content=\"China Light Stabilizer-944 Chimasorb 944 CAS 70624-18-9 \/ 71878-19-8 manufacturer - Changhong Chemical\" \/>\n<meta property=\"og:description\" content=\"China top Light Stabilizer-944 manufacturers and CAS 70624-18-9 suppliers. Buy Chimasorb 944 in china. Changhong Chemical can provide the best Light Stabilizer-944 price. other name: HALS 944; Tinuvin 944\" \/>\n<meta property=\"og:url\" content=\"https:\/\/changhongchemical.com\/pt\/product\/light-stabilizer-944-cas-70624-18-9\/\" \/>\n<meta property=\"og:site_name\" content=\"Changhong Chemical\" \/>\n<meta property=\"article:modified_time\" content=\"2025-04-01T02:45:26+00:00\" \/>\n<meta property=\"og:image\" content=\"https:\/\/changhongchemical.com\/wp-content\/uploads\/2020\/09\/Light-Stabilizer-944-appearance.jpg\" \/>\n\t<meta property=\"og:image:width\" content=\"600\" \/>\n\t<meta property=\"og:image:height\" content=\"800\" \/>\n\t<meta property=\"og:image:type\" content=\"image\/jpeg\" \/>\n<meta name=\"twitter:card\" content=\"summary_large_image\" \/>\n<meta name=\"twitter:label1\" content=\"Est. tempo de leitura\" \/>\n\t<meta name=\"twitter:data1\" content=\"2 minutos\" \/>\n<script type=\"application\/ld+json\" class=\"yoast-schema-graph\">{\"@context\":\"https:\\\/\\\/schema.org\",\"@graph\":[{\"@type\":\"WebPage\",\"@id\":\"https:\\\/\\\/changhongchemical.com\\\/product\\\/light-stabilizer-944-cas-70624-18-9\\\/\",\"url\":\"https:\\\/\\\/changhongchemical.com\\\/product\\\/light-stabilizer-944-cas-70624-18-9\\\/\",\"name\":\"China Light Stabilizer-944 Chimasorb 944 CAS 70624-18-9 \\\/ 71878-19-8 manufacturer - Changhong Chemical\",\"isPartOf\":{\"@id\":\"https:\\\/\\\/changhongchemical.com\\\/#website\"},\"primaryImageOfPage\":{\"@id\":\"https:\\\/\\\/changhongchemical.com\\\/product\\\/light-stabilizer-944-cas-70624-18-9\\\/#primaryimage\"},\"image\":{\"@id\":\"https:\\\/\\\/changhongchemical.com\\\/product\\\/light-stabilizer-944-cas-70624-18-9\\\/#primaryimage\"},\"thumbnailUrl\":\"https:\\\/\\\/changhongchemical.com\\\/wp-content\\\/uploads\\\/2020\\\/09\\\/Light-Stabilizer-944-appearance.jpg\",\"datePublished\":\"2020-09-24T02:25:30+00:00\",\"dateModified\":\"2025-04-01T02:45:26+00:00\",\"description\":\"China top Light Stabilizer-944 manufacturers and CAS 70624-18-9 suppliers. Buy Chimasorb 944 in china. Changhong Chemical can provide the best Light Stabilizer-944 price. other name: HALS 944; Tinuvin 944\",\"breadcrumb\":{\"@id\":\"https:\\\/\\\/changhongchemical.com\\\/product\\\/light-stabilizer-944-cas-70624-18-9\\\/#breadcrumb\"},\"inLanguage\":\"pt-BR\",\"potentialAction\":[{\"@type\":\"ReadAction\",\"target\":[\"https:\\\/\\\/changhongchemical.com\\\/product\\\/light-stabilizer-944-cas-70624-18-9\\\/\"]}]},{\"@type\":\"ImageObject\",\"inLanguage\":\"pt-BR\",\"@id\":\"https:\\\/\\\/changhongchemical.com\\\/product\\\/light-stabilizer-944-cas-70624-18-9\\\/#primaryimage\",\"url\":\"https:\\\/\\\/changhongchemical.com\\\/wp-content\\\/uploads\\\/2020\\\/09\\\/Light-Stabilizer-944-appearance.jpg\",\"contentUrl\":\"https:\\\/\\\/changhongchemical.com\\\/wp-content\\\/uploads\\\/2020\\\/09\\\/Light-Stabilizer-944-appearance.jpg\",\"width\":600,\"height\":800,\"caption\":\"Light-Stabilizer-944-appearance\"},{\"@type\":\"BreadcrumbList\",\"@id\":\"https:\\\/\\\/changhongchemical.com\\\/product\\\/light-stabilizer-944-cas-70624-18-9\\\/#breadcrumb\",\"itemListElement\":[{\"@type\":\"ListItem\",\"position\":1,\"name\":\"Home\",\"item\":\"https:\\\/\\\/changhongchemical.com\\\/\"},{\"@type\":\"ListItem\",\"position\":2,\"name\":\"Products Changhong\",\"item\":\"https:\\\/\\\/changhongchemical.com\\\/product\\\/\"},{\"@type\":\"ListItem\",\"position\":3,\"name\":\"CHLUMILS\u00ae UV-944 \\\/ HALS 944 Light Stabilizer-944 Chimasorb 944 CAS 70624-18-9 \\\/ 71878-19-8\"}]},{\"@type\":\"WebSite\",\"@id\":\"https:\\\/\\\/changhongchemical.com\\\/#website\",\"url\":\"https:\\\/\\\/changhongchemical.com\\\/\",\"name\":\"Changhong Chemical\",\"description\":\"China chemical manufacturer \uff06 supplier\",\"publisher\":{\"@id\":\"https:\\\/\\\/changhongchemical.com\\\/#organization\"},\"potentialAction\":[{\"@type\":\"SearchAction\",\"target\":{\"@type\":\"EntryPoint\",\"urlTemplate\":\"https:\\\/\\\/changhongchemical.com\\\/?s={search_term_string}\"},\"query-input\":{\"@type\":\"PropertyValueSpecification\",\"valueRequired\":true,\"valueName\":\"search_term_string\"}}],\"inLanguage\":\"pt-BR\"},{\"@type\":\"Organization\",\"@id\":\"https:\\\/\\\/changhongchemical.com\\\/#organization\",\"name\":\"Changhong Chemical\",\"url\":\"https:\\\/\\\/changhongchemical.com\\\/\",\"logo\":{\"@type\":\"ImageObject\",\"inLanguage\":\"pt-BR\",\"@id\":\"https:\\\/\\\/changhongchemical.com\\\/#\\\/schema\\\/logo\\\/image\\\/\",\"url\":\"https:\\\/\\\/changhongchemical.com\\\/wp-content\\\/uploads\\\/2020\\\/08\\\/cropped-longchang-logo.png\",\"contentUrl\":\"https:\\\/\\\/changhongchemical.com\\\/wp-content\\\/uploads\\\/2020\\\/08\\\/cropped-longchang-logo.png\",\"width\":512,\"height\":512,\"caption\":\"Changhong Chemical\"},\"image\":{\"@id\":\"https:\\\/\\\/changhongchemical.com\\\/#\\\/schema\\\/logo\\\/image\\\/\"}}]}<\/script>\n<!-- \/ Yoast SEO plugin. -->","yoast_head_json":{"title":"Fabricante do Estabilizador de Luz-944 Chimasorb 944 CAS 70624-18-9 \/ 71878-19-8 na China - Changhong Chemical","description":"Os principais fabricantes e fornecedores de CAS 70624-18-9 do Estabilizador de Luz-944 na China. Compre Chimasorb 944 na China. A Changhong Chemical pode fornecer o melhor pre\u00e7o de Estabilizador de Luz 944. Outro nome: HALS 944; Tinuvin 944","robots":{"index":"index","follow":"follow","max-snippet":"max-snippet:-1","max-image-preview":"max-image-preview:large","max-video-preview":"max-video-preview:-1"},"canonical":"https:\/\/changhongchemical.com\/pt\/product\/light-stabilizer-944-cas-70624-18-9\/","og_locale":"pt_BR","og_type":"article","og_title":"China Light Stabilizer-944 Chimasorb 944 CAS 70624-18-9 \/ 71878-19-8 manufacturer - Changhong Chemical","og_description":"China top Light Stabilizer-944 manufacturers and CAS 70624-18-9 suppliers. Buy Chimasorb 944 in china. Changhong Chemical can provide the best Light Stabilizer-944 price. other name: HALS 944; Tinuvin 944","og_url":"https:\/\/changhongchemical.com\/pt\/product\/light-stabilizer-944-cas-70624-18-9\/","og_site_name":"Changhong Chemical","article_modified_time":"2025-04-01T02:45:26+00:00","og_image":[{"width":600,"height":800,"url":"https:\/\/changhongchemical.com\/wp-content\/uploads\/2020\/09\/Light-Stabilizer-944-appearance.jpg","type":"image\/jpeg"}],"twitter_card":"summary_large_image","twitter_misc":{"Est. tempo de leitura":"2 minutos"},"schema":{"@context":"https:\/\/schema.org","@graph":[{"@type":"WebPage","@id":"https:\/\/changhongchemical.com\/product\/light-stabilizer-944-cas-70624-18-9\/","url":"https:\/\/changhongchemical.com\/product\/light-stabilizer-944-cas-70624-18-9\/","name":"Fabricante do Estabilizador de Luz-944 Chimasorb 944 CAS 70624-18-9 \/ 71878-19-8 na China - Changhong Chemical","isPartOf":{"@id":"https:\/\/changhongchemical.com\/#website"},"primaryImageOfPage":{"@id":"https:\/\/changhongchemical.com\/product\/light-stabilizer-944-cas-70624-18-9\/#primaryimage"},"image":{"@id":"https:\/\/changhongchemical.com\/product\/light-stabilizer-944-cas-70624-18-9\/#primaryimage"},"thumbnailUrl":"https:\/\/changhongchemical.com\/wp-content\/uploads\/2020\/09\/Light-Stabilizer-944-appearance.jpg","datePublished":"2020-09-24T02:25:30+00:00","dateModified":"2025-04-01T02:45:26+00:00","description":"Os principais fabricantes e fornecedores de CAS 70624-18-9 do Estabilizador de Luz-944 na China. Compre Chimasorb 944 na China. A Changhong Chemical pode fornecer o melhor pre\u00e7o de Estabilizador de Luz 944. Outro nome: HALS 944; Tinuvin 944","breadcrumb":{"@id":"https:\/\/changhongchemical.com\/product\/light-stabilizer-944-cas-70624-18-9\/#breadcrumb"},"inLanguage":"pt-BR","potentialAction":[{"@type":"ReadAction","target":["https:\/\/changhongchemical.com\/product\/light-stabilizer-944-cas-70624-18-9\/"]}]},{"@type":"ImageObject","inLanguage":"pt-BR","@id":"https:\/\/changhongchemical.com\/product\/light-stabilizer-944-cas-70624-18-9\/#primaryimage","url":"https:\/\/changhongchemical.com\/wp-content\/uploads\/2020\/09\/Light-Stabilizer-944-appearance.jpg","contentUrl":"https:\/\/changhongchemical.com\/wp-content\/uploads\/2020\/09\/Light-Stabilizer-944-appearance.jpg","width":600,"height":800,"caption":"Light-Stabilizer-944-appearance"},{"@type":"BreadcrumbList","@id":"https:\/\/changhongchemical.com\/product\/light-stabilizer-944-cas-70624-18-9\/#breadcrumb","itemListElement":[{"@type":"ListItem","position":1,"name":"Home","item":"https:\/\/changhongchemical.com\/"},{"@type":"ListItem","position":2,"name":"Products Changhong","item":"https:\/\/changhongchemical.com\/product\/"},{"@type":"ListItem","position":3,"name":"CHLUMILS\u00ae UV-944 \/ HALS 944 Light Stabilizer-944 Chimasorb 944 CAS 70624-18-9 \/ 71878-19-8"}]},{"@type":"WebSite","@id":"https:\/\/changhongchemical.com\/#website","url":"https:\/\/changhongchemical.com\/","name":"Qu\u00edmica Longchang","description":"Fabricante de produtos qu\u00edmicos na China \uff06 fornecedor","publisher":{"@id":"https:\/\/changhongchemical.com\/#organization"},"potentialAction":[{"@type":"SearchAction","target":{"@type":"EntryPoint","urlTemplate":"https:\/\/changhongchemical.com\/?s={search_term_string}"},"query-input":{"@type":"PropertyValueSpecification","valueRequired":true,"valueName":"search_term_string"}}],"inLanguage":"pt-BR"},{"@type":"Organization","@id":"https:\/\/changhongchemical.com\/#organization","name":"Qu\u00edmica Longchang","url":"https:\/\/changhongchemical.com\/","logo":{"@type":"ImageObject","inLanguage":"pt-BR","@id":"https:\/\/changhongchemical.com\/#\/schema\/logo\/image\/","url":"https:\/\/changhongchemical.com\/wp-content\/uploads\/2020\/08\/cropped-longchang-logo.png","contentUrl":"https:\/\/changhongchemical.com\/wp-content\/uploads\/2020\/08\/cropped-longchang-logo.png","width":512,"height":512,"caption":"Changhong Chemical"},"image":{"@id":"https:\/\/changhongchemical.com\/#\/schema\/logo\/image\/"}}]}},"_links":{"self":[{"href":"https:\/\/changhongchemical.com\/pt\/wp-json\/wp\/v2\/product\/3264","targetHints":{"allow":["GET"]}}],"collection":[{"href":"https:\/\/changhongchemical.com\/pt\/wp-json\/wp\/v2\/product"}],"about":[{"href":"https:\/\/changhongchemical.com\/pt\/wp-json\/wp\/v2\/types\/product"}],"replies":[{"embeddable":true,"href":"https:\/\/changhongchemical.com\/pt\/wp-json\/wp\/v2\/comments?post=3264"}],"wp:featuredmedia":[{"embeddable":true,"href":"https:\/\/changhongchemical.com\/pt\/wp-json\/wp\/v2\/media\/3266"}],"wp:attachment":[{"href":"https:\/\/changhongchemical.com\/pt\/wp-json\/wp\/v2\/media?parent=3264"}],"wp:term":[{"taxonomy":"product_brand","embeddable":true,"href":"https:\/\/changhongchemical.com\/pt\/wp-json\/wp\/v2\/product_brand?post=3264"},{"taxonomy":"product_cat","embeddable":true,"href":"https:\/\/changhongchemical.com\/pt\/wp-json\/wp\/v2\/product_cat?post=3264"},{"taxonomy":"product_tag","embeddable":true,"href":"https:\/\/changhongchemical.com\/pt\/wp-json\/wp\/v2\/product_tag?post=3264"}],"curies":[{"name":"wp","href":"https:\/\/api.w.org\/{rel}","templated":true}]}}