{"id":747,"date":"2016-04-19T17:42:25","date_gmt":"2016-04-19T17:42:25","guid":{"rendered":"https:\/\/dione.thememove.com\/?page_id=747"},"modified":"2025-07-08T10:59:29","modified_gmt":"2025-07-08T10:59:29","slug":"about-us","status":"publish","type":"page","link":"https:\/\/changhongchemical.com\/pt\/about-us\/","title":{"rendered":"Sobre Changhong"},"content":{"rendered":"<div id=\"ut-row-6a03523136bc6\" data-vc-full-width=\"true\" data-vc-full-width-init=\"false\" class=\"vc_row wpb_row vc_row-fluid vc_column-gap-0 ut-row-6a03523136bd2\" ><div class=\"wpb_column vc_column_container vc_col-sm-12\" ><div id=\"ut_inner_column_6a0352313766c\" class=\"vc_column-inner\" ><div class=\"wpb_wrapper\">\r\n\t<div class=\"wpb_text_column wpb_content_element\" >\r\n\t\t<div class=\"wpb_wrapper\">\r\n\t\t\t\r\n\t\t<\/div>\r\n\t<\/div>\r\n<\/div><\/div><\/div><div class=\"wpb_column vc_column_container vc_col-sm-12\" ><div id=\"ut_inner_column_6a03523137d8c\" class=\"vc_column-inner\" ><div class=\"wpb_wrapper\">\r\n\t<div class=\"wpb_text_column wpb_content_element\" >\r\n\t\t<div class=\"wpb_wrapper\">\r\n\t\t\t<p><a href=\"https:\/\/longchangchemical.com\/\"><span style=\"color: #00ccff;\">Longchang chemical Co., Ltd.<\/span><\/a> foi fundada em 1996 e est\u00e1 localizada no lado sul da 309 National Road, Shibu Economic Development Zone, Changyi City, Weifang. Em outubro de 2003, ela foi reestruturada a partir da Changyi Longchang Paohua Soda Plant para estabelecer a Longchang Biochemical Co., Ltd. A empresa tem ativos existentes de 8 milh\u00f5es de yuans e a \u00e1rea da f\u00e1brica cobre uma \u00e1rea de 11.000 metros quadrados, a empresa tem um grupo de profissionais envolvidos em gerenciamento, produ\u00e7\u00e3o, pesquisa e desenvolvimento de produtos qu\u00edmicos, com 10 funcion\u00e1rios de alta tecnologia e alta qualidade, 126 funcion\u00e1rios, dos quais a propor\u00e7\u00e3o de pessoal t\u00e9cnico representava 30%, montou o departamento de produ\u00e7\u00e3o, o departamento de inspe\u00e7\u00e3o de qualidade, o departamento de transporte, o departamento de P&amp;D, o departamento de compras e o departamento financeiro.<\/p>\n\r\n\t\t<\/div>\r\n\t<\/div>\r\n\r\n\t<div class=\"wpb_text_column wpb_content_element\" >\r\n\t\t<div class=\"wpb_wrapper\">\r\n\t\t\t<p>A Longchang Chemical Co., Ltd. foi aprovada na certifica\u00e7\u00e3o do sistema de qualidade ISO-9001 em 2018 e na auditoria de avalia\u00e7\u00e3o de impacto ambiental. A empresa tem um grupo de profissionais envolvidos em gerenciamento, produ\u00e7\u00e3o, pesquisa e desenvolvimento de produtos qu\u00edmicos. A empresa segue rigorosamente as normas ISO9001, ISO14001 e GB\/T-28001. \u00c9 necess\u00e1rio supervisionar, controlar e operar todos os aspectos da produ\u00e7\u00e3o para obter a combina\u00e7\u00e3o perfeita de responsabilidade social, sa\u00fade dos funcion\u00e1rios, prote\u00e7\u00e3o ambiental e qualidade do produto.<\/p>\n\r\n\t\t<\/div>\r\n\t<\/div>\r\n\r\n\t<div class=\"wpb_text_column wpb_content_element\" >\r\n\t\t<div class=\"wpb_wrapper\">\r\n\t\t\t<p>Nossa empresa tem mantido uma coopera\u00e7\u00e3o relativamente estreita com a Escola de Qu\u00edmica e Engenharia Molecular da Universidade de Pequim e da Universidade de Tecnologia de Qilu, de modo que a empresa est\u00e1 constantemente desenvolvendo novos produtos, desde o silicato de s\u00f3dio inicial at\u00e9 os principais produtos e subprodutos subsequentes da s\u00e9rie de resinas de petr\u00f3leo. Em 2015, a empresa introduziu muitos talentos e abriu um novo laborat\u00f3rio, fazendo um grande avan\u00e7o em fotoiniciadores, mon\u00f4meros fotopolimeriz\u00e1veis, mon\u00f4meros fluorados, olig\u00f4meros UV e produtos de cura por luz. Os produtos e as capacidades t\u00e9cnicas abrangentes da nossa empresa nos tornam uma empresa l\u00edder no setor qu\u00edmico.<\/p>\n\r\n\t\t<\/div>\r\n\t<\/div>\r\n\r\n\t<div class=\"wpb_text_column wpb_content_element\" >\r\n\t\t<div class=\"wpb_wrapper\">\r\n\t\t\t<p>No final de 2019, a fim de decolar ainda mais, a empresa come\u00e7ou a formar o Minist\u00e9rio de Com\u00e9rcio Exterior e Opera\u00e7\u00f5es de Rede para entrar em mercados estrangeiros. No final de 2024, nossa empresa estabeleceu uma filial em Jinan, prov\u00edncia de Shandong: <a href=\"https:\/\/changhongchemical.com\/\"><span style=\"color: #00ccff;\">Shandong Changhong Chemical Co., Ltd.<\/span><\/a><\/p>\n\r\n\t\t<\/div>\r\n\t<\/div>\r\n\r\n\t<div class=\"wpb_text_column wpb_content_element\" >\r\n\t\t<div class=\"wpb_wrapper\">\r\n\t\t\t<p>No final de 2024, usaremos fotoiniciadores, mon\u00f4meros fotopolimeriz\u00e1veis e olig\u00f4meros UV para conduzir pesquisas downstream e desenvolver e produzir gel de polimento UV Gel sem HEMA sob nossa pr\u00f3pria marca: <a href=\"https:\/\/chromeclair.com\/\"><span style=\"color: #00ccff;\">CHROM\u00c9CLAIR<\/span><\/a><\/p>\n\r\n\t\t<\/div>\r\n\t<\/div>\r\n\r\n\t<div class=\"wpb_text_column wpb_content_element\" >\r\n\t\t<div class=\"wpb_wrapper\">\r\n\t\t\t<p>A empresa adere ao princ\u00edpio de \"reputa\u00e7\u00e3o em primeiro lugar, qualidade em primeiro lugar\" e segue o conceito de \"integridade, pragmatismo, inova\u00e7\u00e3o e alta efici\u00eancia\". Ao mesmo tempo, estamos dispostos a compartilhar benef\u00edcios m\u00fatuos e a estabelecer um relacionamento comercial de longo prazo em que todos saem ganhando com nossos clientes em todo o mundo.<\/p>\n\r\n\t\t<\/div>\r\n\t<\/div>\r\n<\/div><\/div><\/div><\/div><div class=\"vc_row-full-width vc_clearfix\"><\/div>","protected":false},"excerpt":{"rendered":"Longchang chemical Co., Ltd. was established in 1996 and is located on the south side of 309 National Road, Shibu Economic Development Zone, Changyi City, Weifang. In October 2003, it was restructured from Changyi Longchang Paohua Soda Plant to establish Longchang Biochemical Co., Ltd. The company has existing assets of 8 million yuan and the [...]","protected":false},"author":1,"featured_media":0,"parent":0,"menu_order":0,"comment_status":"closed","ping_status":"closed","template":"","meta":{"footnotes":""},"class_list":["post-747","page","type-page","status-publish","hentry"],"yoast_head":"<!-- This site is optimized with the Yoast SEO plugin v27.4 - https:\/\/yoast.com\/product\/yoast-seo-wordpress\/ -->\n<title>About Changhong Chemical \u2014 China Chemical Manufacturer Since 1996<\/title>\n<meta name=\"description\" content=\"Est. 1996, Shandong China. ISO 9001\/14001 certified. UV-curing materials, fluorinated monomers, photoinitiators. Trusted supplier to 20+ countries. Learn about us.\" \/>\n<meta name=\"robots\" content=\"index, follow, max-snippet:-1, max-image-preview:large, max-video-preview:-1\" \/>\n<link rel=\"canonical\" href=\"https:\/\/changhongchemical.com\/pt\/about-us\/\" \/>\n<meta property=\"og:locale\" content=\"pt_BR\" \/>\n<meta property=\"og:type\" content=\"article\" \/>\n<meta property=\"og:title\" content=\"About Changhong Chemical \u2014 China Chemical Manufacturer Since 1996\" \/>\n<meta property=\"og:description\" content=\"Est. 1996, Shandong China. ISO 9001\/14001 certified. UV-curing materials, fluorinated monomers, photoinitiators. Trusted supplier to 20+ countries. Learn about us.\" \/>\n<meta property=\"og:url\" content=\"https:\/\/changhongchemical.com\/pt\/about-us\/\" \/>\n<meta property=\"og:site_name\" content=\"Changhong Chemical\" \/>\n<meta property=\"article:modified_time\" content=\"2025-07-08T10:59:29+00:00\" \/>\n<meta property=\"og:image\" content=\"https:\/\/changhongchemical.com\/wp-content\/uploads\/2024\/02\/logo-jpeg.jpg\" \/>\n\t<meta property=\"og:image:width\" content=\"1000\" \/>\n\t<meta property=\"og:image:height\" content=\"1000\" \/>\n\t<meta property=\"og:image:type\" content=\"image\/jpeg\" \/>\n<meta name=\"twitter:card\" content=\"summary_large_image\" \/>\n<meta name=\"twitter:label1\" content=\"Est. tempo de leitura\" \/>\n\t<meta name=\"twitter:data1\" content=\"2 minutos\" \/>\n<script type=\"application\/ld+json\" class=\"yoast-schema-graph\">{\"@context\":\"https:\\\/\\\/schema.org\",\"@graph\":[{\"@type\":\"WebPage\",\"@id\":\"https:\\\/\\\/changhongchemical.com\\\/about-us\\\/\",\"url\":\"https:\\\/\\\/changhongchemical.com\\\/about-us\\\/\",\"name\":\"About Changhong Chemical \u2014 China Chemical Manufacturer Since 1996\",\"isPartOf\":{\"@id\":\"https:\\\/\\\/changhongchemical.com\\\/#website\"},\"datePublished\":\"2016-04-19T17:42:25+00:00\",\"dateModified\":\"2025-07-08T10:59:29+00:00\",\"description\":\"Est. 1996, Shandong China. ISO 9001\\\/14001 certified. UV-curing materials, fluorinated monomers, photoinitiators. Trusted supplier to 20+ countries. Learn about us.\",\"breadcrumb\":{\"@id\":\"https:\\\/\\\/changhongchemical.com\\\/about-us\\\/#breadcrumb\"},\"inLanguage\":\"pt-BR\",\"potentialAction\":[{\"@type\":\"ReadAction\",\"target\":[\"https:\\\/\\\/changhongchemical.com\\\/about-us\\\/\"]}]},{\"@type\":\"BreadcrumbList\",\"@id\":\"https:\\\/\\\/changhongchemical.com\\\/about-us\\\/#breadcrumb\",\"itemListElement\":[{\"@type\":\"ListItem\",\"position\":1,\"name\":\"Home\",\"item\":\"https:\\\/\\\/changhongchemical.com\\\/\"},{\"@type\":\"ListItem\",\"position\":2,\"name\":\"About Changhong\"}]},{\"@type\":\"WebSite\",\"@id\":\"https:\\\/\\\/changhongchemical.com\\\/#website\",\"url\":\"https:\\\/\\\/changhongchemical.com\\\/\",\"name\":\"Changhong Chemical\",\"description\":\"China chemical manufacturer \uff06 supplier\",\"publisher\":{\"@id\":\"https:\\\/\\\/changhongchemical.com\\\/#organization\"},\"potentialAction\":[{\"@type\":\"SearchAction\",\"target\":{\"@type\":\"EntryPoint\",\"urlTemplate\":\"https:\\\/\\\/changhongchemical.com\\\/?s={search_term_string}\"},\"query-input\":{\"@type\":\"PropertyValueSpecification\",\"valueRequired\":true,\"valueName\":\"search_term_string\"}}],\"inLanguage\":\"pt-BR\"},{\"@type\":\"Organization\",\"@id\":\"https:\\\/\\\/changhongchemical.com\\\/#organization\",\"name\":\"Changhong Chemical\",\"url\":\"https:\\\/\\\/changhongchemical.com\\\/\",\"logo\":{\"@type\":\"ImageObject\",\"inLanguage\":\"pt-BR\",\"@id\":\"https:\\\/\\\/changhongchemical.com\\\/#\\\/schema\\\/logo\\\/image\\\/\",\"url\":\"https:\\\/\\\/changhongchemical.com\\\/wp-content\\\/uploads\\\/2020\\\/08\\\/cropped-longchang-logo.png\",\"contentUrl\":\"https:\\\/\\\/changhongchemical.com\\\/wp-content\\\/uploads\\\/2020\\\/08\\\/cropped-longchang-logo.png\",\"width\":512,\"height\":512,\"caption\":\"Changhong Chemical\"},\"image\":{\"@id\":\"https:\\\/\\\/changhongchemical.com\\\/#\\\/schema\\\/logo\\\/image\\\/\"}}]}<\/script>\n<!-- \/ Yoast SEO plugin. -->","yoast_head_json":{"title":"About Changhong Chemical \u2014 China Chemical Manufacturer Since 1996","description":"Est. 1996, Shandong China. ISO 9001\/14001 certified. UV-curing materials, fluorinated monomers, photoinitiators. Trusted supplier to 20+ countries. Learn about us.","robots":{"index":"index","follow":"follow","max-snippet":"max-snippet:-1","max-image-preview":"max-image-preview:large","max-video-preview":"max-video-preview:-1"},"canonical":"https:\/\/changhongchemical.com\/pt\/about-us\/","og_locale":"pt_BR","og_type":"article","og_title":"About Changhong Chemical \u2014 China Chemical Manufacturer Since 1996","og_description":"Est. 1996, Shandong China. ISO 9001\/14001 certified. UV-curing materials, fluorinated monomers, photoinitiators. Trusted supplier to 20+ countries. Learn about us.","og_url":"https:\/\/changhongchemical.com\/pt\/about-us\/","og_site_name":"Changhong Chemical","article_modified_time":"2025-07-08T10:59:29+00:00","og_image":[{"width":1000,"height":1000,"url":"https:\/\/changhongchemical.com\/wp-content\/uploads\/2024\/02\/logo-jpeg.jpg","type":"image\/jpeg"}],"twitter_card":"summary_large_image","twitter_misc":{"Est. tempo de leitura":"2 minutos"},"schema":{"@context":"https:\/\/schema.org","@graph":[{"@type":"WebPage","@id":"https:\/\/changhongchemical.com\/about-us\/","url":"https:\/\/changhongchemical.com\/about-us\/","name":"About Changhong Chemical \u2014 China Chemical Manufacturer Since 1996","isPartOf":{"@id":"https:\/\/changhongchemical.com\/#website"},"datePublished":"2016-04-19T17:42:25+00:00","dateModified":"2025-07-08T10:59:29+00:00","description":"Est. 1996, Shandong China. ISO 9001\/14001 certified. UV-curing materials, fluorinated monomers, photoinitiators. Trusted supplier to 20+ countries. Learn about us.","breadcrumb":{"@id":"https:\/\/changhongchemical.com\/about-us\/#breadcrumb"},"inLanguage":"pt-BR","potentialAction":[{"@type":"ReadAction","target":["https:\/\/changhongchemical.com\/about-us\/"]}]},{"@type":"BreadcrumbList","@id":"https:\/\/changhongchemical.com\/about-us\/#breadcrumb","itemListElement":[{"@type":"ListItem","position":1,"name":"Home","item":"https:\/\/changhongchemical.com\/"},{"@type":"ListItem","position":2,"name":"About Changhong"}]},{"@type":"WebSite","@id":"https:\/\/changhongchemical.com\/#website","url":"https:\/\/changhongchemical.com\/","name":"Qu\u00edmica Longchang","description":"Fabricante de produtos qu\u00edmicos na China \uff06 fornecedor","publisher":{"@id":"https:\/\/changhongchemical.com\/#organization"},"potentialAction":[{"@type":"SearchAction","target":{"@type":"EntryPoint","urlTemplate":"https:\/\/changhongchemical.com\/?s={search_term_string}"},"query-input":{"@type":"PropertyValueSpecification","valueRequired":true,"valueName":"search_term_string"}}],"inLanguage":"pt-BR"},{"@type":"Organization","@id":"https:\/\/changhongchemical.com\/#organization","name":"Qu\u00edmica Longchang","url":"https:\/\/changhongchemical.com\/","logo":{"@type":"ImageObject","inLanguage":"pt-BR","@id":"https:\/\/changhongchemical.com\/#\/schema\/logo\/image\/","url":"https:\/\/changhongchemical.com\/wp-content\/uploads\/2020\/08\/cropped-longchang-logo.png","contentUrl":"https:\/\/changhongchemical.com\/wp-content\/uploads\/2020\/08\/cropped-longchang-logo.png","width":512,"height":512,"caption":"Changhong Chemical"},"image":{"@id":"https:\/\/changhongchemical.com\/#\/schema\/logo\/image\/"}}]}},"_links":{"self":[{"href":"https:\/\/changhongchemical.com\/pt\/wp-json\/wp\/v2\/pages\/747","targetHints":{"allow":["GET"]}}],"collection":[{"href":"https:\/\/changhongchemical.com\/pt\/wp-json\/wp\/v2\/pages"}],"about":[{"href":"https:\/\/changhongchemical.com\/pt\/wp-json\/wp\/v2\/types\/page"}],"author":[{"embeddable":true,"href":"https:\/\/changhongchemical.com\/pt\/wp-json\/wp\/v2\/users\/1"}],"replies":[{"embeddable":true,"href":"https:\/\/changhongchemical.com\/pt\/wp-json\/wp\/v2\/comments?post=747"}],"version-history":[{"count":8,"href":"https:\/\/changhongchemical.com\/pt\/wp-json\/wp\/v2\/pages\/747\/revisions"}],"predecessor-version":[{"id":8817,"href":"https:\/\/changhongchemical.com\/pt\/wp-json\/wp\/v2\/pages\/747\/revisions\/8817"}],"wp:attachment":[{"href":"https:\/\/changhongchemical.com\/pt\/wp-json\/wp\/v2\/media?parent=747"}],"curies":[{"name":"wp","href":"https:\/\/api.w.org\/{rel}","templated":true}]}}