{"id":8528,"date":"2025-05-06T07:05:11","date_gmt":"2025-05-06T07:05:11","guid":{"rendered":"https:\/\/changhongchemical.com\/?post_type=product&#038;p=8528"},"modified":"2025-05-06T07:05:25","modified_gmt":"2025-05-06T07:05:25","slug":"chluminit-202","status":"publish","type":"product","link":"https:\/\/changhongchemical.com\/it\/product\/chluminit-202\/","title":{"rendered":"CHLUMINIT\u00ae 202 CAS 75482-18-7, 74227-35-3, 108-32-7"},"content":{"rendered":"<h2>Soluzione di carbonato di propilene di tipo misto di trifenil solfonio esafluorofosfato sale di propilene<\/h2>\n<h2><strong><b>Parametri tecnici<\/b><\/strong><\/h2>\n<p>Aspetto: liquido trasparente giallo chiaro<\/p>\n<p>Contenuto solido:\u226540.00%<\/p>\n<p>Contenuto d'acqua: 1,00%<\/p>\n<p>Cromaticit\u00e0: 4.0<\/p>\n<h2><strong><b>Vantaggi<\/b><\/strong><\/h2>\n<p>Bassa tossicit\u00e0<\/p>\n<p>Buona efficienza dei costi<\/p>\n<h2><strong><b>Applicazioni<\/b><\/strong><\/h2>\n<p>CHLUMINIT\u00ae-202 \u00e8 utilizzato principalmente per rivestimenti epossidici e inchiostri speciali. Il dosaggio consigliato \u00e8 di 3~5%.<\/p>\n<h2><strong><b>Stoccaggio e <\/b><\/strong><strong><b>P<\/b><\/strong><strong><b>ackaging<\/b><\/strong><\/h2>\n<p>Conservare in un contenitore ben chiuso e in un luogo fresco, asciutto, buio e ventilato. Efficace dalla data di produzione, entro 2 anni. Confezioni: 25 kg\/pacco; 250 kg\/fusto; 1000 kg\/IBC.<img decoding=\"async\" class=\"alignnone size-full wp-image-8529\" src=\"https:\/\/changhongchemical.com\/wp-content\/uploads\/2025\/05\/202.webp\" alt=\"\" width=\"795\" height=\"351\" srcset=\"https:\/\/changhongchemical.com\/wp-content\/uploads\/2025\/05\/202.webp 795w, https:\/\/changhongchemical.com\/wp-content\/uploads\/2025\/05\/202-768x339.webp 768w, https:\/\/changhongchemical.com\/wp-content\/uploads\/2025\/05\/202-18x8.webp 18w, https:\/\/changhongchemical.com\/wp-content\/uploads\/2025\/05\/202-600x265.webp 600w\" sizes=\"(max-width: 795px) 100vw, 795px\" \/><\/p>\n<h1><strong><b>Contattateci ora!<\/b><\/strong><\/h1>\n<h4><strong><b>Se avete bisogno di Price, inserite i vostri dati di contatto nel modulo sottostante; di solito vi contatteremo entro 24 ore. Potete anche inviarmi un'e-mail\u00a0<span style=\"color: #00ccff;\"><a style=\"color: #00ccff;\" href=\"mailto:info@changhongchemical.com\">info@changhongchemical.com<\/a><\/span>\u00a0durante l'orario di lavoro (dalle 8:30 alle 18:00 UTC+8 lun.-sab.) o utilizzare la live chat del sito web per ottenere una risposta immediata.<\/b><\/strong><\/h4>","protected":false},"excerpt":{"rendered":"<p><strong><b>Informazioni generali<\/b><\/strong><\/p>\n<p>CHLUMINIT\u00ae-202 \u00e8 un fotoiniziatore cationico generico, disciolto in carbonato di propilene per un facile utilizzo. Grazie alla bassa tossicit\u00e0 e alle prestazioni ad alto costo, \u00e8 uno dei fotoiniziatori cationici pi\u00f9 maturi, utilizzato principalmente nei sistemi cationici di base, come rivestimenti e inchiostri.<\/p>\n<p><strong><b>Informazioni sul prodotto<\/b><\/strong><\/p>\n<p>Nome chimico: Soluzione di tipo misto di esafluorofosfato di trifenile solfonato, sale di propilene carbonato<\/p>\n<p>N. CAS: 75482-18-7, 74227-35-3, 108-32-7<\/p>","protected":false},"featured_media":8530,"comment_status":"closed","ping_status":"closed","template":"","meta":[],"product_brand":[],"product_cat":[175,174],"product_tag":[],"class_list":{"0":"post-8528","1":"product","2":"type-product","3":"status-publish","4":"has-post-thumbnail","6":"product_cat-cationic-photoinitiator","7":"product_cat-photoinitiator","9":"first","10":"instock","11":"shipping-taxable","12":"product-type-simple"},"yoast_head":"<!-- This site is optimized with the Yoast SEO plugin v27.4 - https:\/\/yoast.com\/product\/yoast-seo-wordpress\/ -->\n<title>China CHLUMINIT\u00ae 202 CAS 75482-18-7, 74227-35-3, 108-32-7 Manufacturer - Changhong Chemical<\/title>\n<meta name=\"description\" content=\"General Information CHLUMINIT\u00ae-202 is a general cationic photoinitiator, which is dissolved in propylene carbonate for easy...\" \/>\n<meta name=\"robots\" content=\"index, follow, max-snippet:-1, max-image-preview:large, max-video-preview:-1\" \/>\n<link rel=\"canonical\" href=\"https:\/\/changhongchemical.com\/it\/product\/chluminit-202\/\" \/>\n<meta property=\"og:locale\" content=\"it_IT\" \/>\n<meta property=\"og:type\" content=\"article\" \/>\n<meta property=\"og:title\" content=\"China CHLUMINIT\u00ae 202 CAS 75482-18-7, 74227-35-3, 108-32-7 Manufacturer - Changhong Chemical\" \/>\n<meta property=\"og:description\" content=\"General Information CHLUMINIT\u00ae-202 is a general cationic photoinitiator, which is dissolved in propylene carbonate for easy...\" \/>\n<meta property=\"og:url\" content=\"https:\/\/changhongchemical.com\/it\/product\/chluminit-202\/\" \/>\n<meta property=\"og:site_name\" content=\"Changhong Chemical\" \/>\n<meta property=\"article:modified_time\" content=\"2025-05-06T07:05:25+00:00\" \/>\n<meta property=\"og:image\" content=\"https:\/\/changhongchemical.com\/wp-content\/uploads\/2025\/05\/202-300x300-1.webp\" \/>\n\t<meta property=\"og:image:width\" content=\"300\" \/>\n\t<meta property=\"og:image:height\" content=\"300\" \/>\n\t<meta property=\"og:image:type\" content=\"image\/webp\" \/>\n<meta name=\"twitter:card\" content=\"summary_large_image\" \/>\n<meta name=\"twitter:label1\" content=\"Tempo di lettura stimato\" \/>\n\t<meta name=\"twitter:data1\" content=\"1 minuto\" \/>\n<script type=\"application\/ld+json\" class=\"yoast-schema-graph\">{\"@context\":\"https:\\\/\\\/schema.org\",\"@graph\":[{\"@type\":\"WebPage\",\"@id\":\"https:\\\/\\\/changhongchemical.com\\\/product\\\/chluminit-202\\\/\",\"url\":\"https:\\\/\\\/changhongchemical.com\\\/product\\\/chluminit-202\\\/\",\"name\":\"China CHLUMINIT\u00ae 202 CAS 75482-18-7, 74227-35-3, 108-32-7 Manufacturer - Changhong Chemical\",\"isPartOf\":{\"@id\":\"https:\\\/\\\/changhongchemical.com\\\/#website\"},\"primaryImageOfPage\":{\"@id\":\"https:\\\/\\\/changhongchemical.com\\\/product\\\/chluminit-202\\\/#primaryimage\"},\"image\":{\"@id\":\"https:\\\/\\\/changhongchemical.com\\\/product\\\/chluminit-202\\\/#primaryimage\"},\"thumbnailUrl\":\"https:\\\/\\\/changhongchemical.com\\\/wp-content\\\/uploads\\\/2025\\\/05\\\/202-300x300-1.webp\",\"datePublished\":\"2025-05-06T07:05:11+00:00\",\"dateModified\":\"2025-05-06T07:05:25+00:00\",\"description\":\"General Information CHLUMINIT\u00ae-202 is a general cationic photoinitiator, which is dissolved in propylene carbonate for easy...\",\"breadcrumb\":{\"@id\":\"https:\\\/\\\/changhongchemical.com\\\/product\\\/chluminit-202\\\/#breadcrumb\"},\"inLanguage\":\"it-IT\",\"potentialAction\":[{\"@type\":\"ReadAction\",\"target\":[\"https:\\\/\\\/changhongchemical.com\\\/product\\\/chluminit-202\\\/\"]}]},{\"@type\":\"ImageObject\",\"inLanguage\":\"it-IT\",\"@id\":\"https:\\\/\\\/changhongchemical.com\\\/product\\\/chluminit-202\\\/#primaryimage\",\"url\":\"https:\\\/\\\/changhongchemical.com\\\/wp-content\\\/uploads\\\/2025\\\/05\\\/202-300x300-1.webp\",\"contentUrl\":\"https:\\\/\\\/changhongchemical.com\\\/wp-content\\\/uploads\\\/2025\\\/05\\\/202-300x300-1.webp\",\"width\":300,\"height\":300},{\"@type\":\"BreadcrumbList\",\"@id\":\"https:\\\/\\\/changhongchemical.com\\\/product\\\/chluminit-202\\\/#breadcrumb\",\"itemListElement\":[{\"@type\":\"ListItem\",\"position\":1,\"name\":\"Home\",\"item\":\"https:\\\/\\\/changhongchemical.com\\\/\"},{\"@type\":\"ListItem\",\"position\":2,\"name\":\"Products Changhong\",\"item\":\"https:\\\/\\\/changhongchemical.com\\\/product\\\/\"},{\"@type\":\"ListItem\",\"position\":3,\"name\":\"CHLUMINIT\u00ae 202 CAS 75482-18-7, 74227-35-3, 108-32-7\"}]},{\"@type\":\"WebSite\",\"@id\":\"https:\\\/\\\/changhongchemical.com\\\/#website\",\"url\":\"https:\\\/\\\/changhongchemical.com\\\/\",\"name\":\"Changhong Chemical\",\"description\":\"China chemical manufacturer \uff06 supplier\",\"publisher\":{\"@id\":\"https:\\\/\\\/changhongchemical.com\\\/#organization\"},\"potentialAction\":[{\"@type\":\"SearchAction\",\"target\":{\"@type\":\"EntryPoint\",\"urlTemplate\":\"https:\\\/\\\/changhongchemical.com\\\/?s={search_term_string}\"},\"query-input\":{\"@type\":\"PropertyValueSpecification\",\"valueRequired\":true,\"valueName\":\"search_term_string\"}}],\"inLanguage\":\"it-IT\"},{\"@type\":\"Organization\",\"@id\":\"https:\\\/\\\/changhongchemical.com\\\/#organization\",\"name\":\"Changhong Chemical\",\"url\":\"https:\\\/\\\/changhongchemical.com\\\/\",\"logo\":{\"@type\":\"ImageObject\",\"inLanguage\":\"it-IT\",\"@id\":\"https:\\\/\\\/changhongchemical.com\\\/#\\\/schema\\\/logo\\\/image\\\/\",\"url\":\"https:\\\/\\\/changhongchemical.com\\\/wp-content\\\/uploads\\\/2020\\\/08\\\/cropped-longchang-logo.png\",\"contentUrl\":\"https:\\\/\\\/changhongchemical.com\\\/wp-content\\\/uploads\\\/2020\\\/08\\\/cropped-longchang-logo.png\",\"width\":512,\"height\":512,\"caption\":\"Changhong Chemical\"},\"image\":{\"@id\":\"https:\\\/\\\/changhongchemical.com\\\/#\\\/schema\\\/logo\\\/image\\\/\"}}]}<\/script>\n<!-- \/ Yoast SEO plugin. -->","yoast_head_json":{"title":"Cina CHLUMINIT\u00ae 202 CAS 75482-18-7, 74227-35-3, 108-32-7 Produttore - Changhong Chemical","description":"General Information CHLUMINIT\u00ae-202 is a general cationic photoinitiator, which is dissolved in propylene carbonate for easy...","robots":{"index":"index","follow":"follow","max-snippet":"max-snippet:-1","max-image-preview":"max-image-preview:large","max-video-preview":"max-video-preview:-1"},"canonical":"https:\/\/changhongchemical.com\/it\/product\/chluminit-202\/","og_locale":"it_IT","og_type":"article","og_title":"China CHLUMINIT\u00ae 202 CAS 75482-18-7, 74227-35-3, 108-32-7 Manufacturer - Changhong Chemical","og_description":"General Information CHLUMINIT\u00ae-202 is a general cationic photoinitiator, which is dissolved in propylene carbonate for easy...","og_url":"https:\/\/changhongchemical.com\/it\/product\/chluminit-202\/","og_site_name":"Changhong Chemical","article_modified_time":"2025-05-06T07:05:25+00:00","og_image":[{"width":300,"height":300,"url":"https:\/\/changhongchemical.com\/wp-content\/uploads\/2025\/05\/202-300x300-1.webp","type":"image\/webp"}],"twitter_card":"summary_large_image","twitter_misc":{"Tempo di lettura stimato":"1 minuto"},"schema":{"@context":"https:\/\/schema.org","@graph":[{"@type":"WebPage","@id":"https:\/\/changhongchemical.com\/product\/chluminit-202\/","url":"https:\/\/changhongchemical.com\/product\/chluminit-202\/","name":"Cina CHLUMINIT\u00ae 202 CAS 75482-18-7, 74227-35-3, 108-32-7 Produttore - Changhong Chemical","isPartOf":{"@id":"https:\/\/changhongchemical.com\/#website"},"primaryImageOfPage":{"@id":"https:\/\/changhongchemical.com\/product\/chluminit-202\/#primaryimage"},"image":{"@id":"https:\/\/changhongchemical.com\/product\/chluminit-202\/#primaryimage"},"thumbnailUrl":"https:\/\/changhongchemical.com\/wp-content\/uploads\/2025\/05\/202-300x300-1.webp","datePublished":"2025-05-06T07:05:11+00:00","dateModified":"2025-05-06T07:05:25+00:00","description":"General Information CHLUMINIT\u00ae-202 is a general cationic photoinitiator, which is dissolved in propylene carbonate for easy...","breadcrumb":{"@id":"https:\/\/changhongchemical.com\/product\/chluminit-202\/#breadcrumb"},"inLanguage":"it-IT","potentialAction":[{"@type":"ReadAction","target":["https:\/\/changhongchemical.com\/product\/chluminit-202\/"]}]},{"@type":"ImageObject","inLanguage":"it-IT","@id":"https:\/\/changhongchemical.com\/product\/chluminit-202\/#primaryimage","url":"https:\/\/changhongchemical.com\/wp-content\/uploads\/2025\/05\/202-300x300-1.webp","contentUrl":"https:\/\/changhongchemical.com\/wp-content\/uploads\/2025\/05\/202-300x300-1.webp","width":300,"height":300},{"@type":"BreadcrumbList","@id":"https:\/\/changhongchemical.com\/product\/chluminit-202\/#breadcrumb","itemListElement":[{"@type":"ListItem","position":1,"name":"Home","item":"https:\/\/changhongchemical.com\/"},{"@type":"ListItem","position":2,"name":"Products Changhong","item":"https:\/\/changhongchemical.com\/product\/"},{"@type":"ListItem","position":3,"name":"CHLUMINIT\u00ae 202 CAS 75482-18-7, 74227-35-3, 108-32-7"}]},{"@type":"WebSite","@id":"https:\/\/changhongchemical.com\/#website","url":"https:\/\/changhongchemical.com\/","name":"Changhong Chemical","description":"Cina produttore di prodotti chimici \uff06 fornitore","publisher":{"@id":"https:\/\/changhongchemical.com\/#organization"},"potentialAction":[{"@type":"SearchAction","target":{"@type":"EntryPoint","urlTemplate":"https:\/\/changhongchemical.com\/?s={search_term_string}"},"query-input":{"@type":"PropertyValueSpecification","valueRequired":true,"valueName":"search_term_string"}}],"inLanguage":"it-IT"},{"@type":"Organization","@id":"https:\/\/changhongchemical.com\/#organization","name":"Changhong Chemical","url":"https:\/\/changhongchemical.com\/","logo":{"@type":"ImageObject","inLanguage":"it-IT","@id":"https:\/\/changhongchemical.com\/#\/schema\/logo\/image\/","url":"https:\/\/changhongchemical.com\/wp-content\/uploads\/2020\/08\/cropped-longchang-logo.png","contentUrl":"https:\/\/changhongchemical.com\/wp-content\/uploads\/2020\/08\/cropped-longchang-logo.png","width":512,"height":512,"caption":"Changhong Chemical"},"image":{"@id":"https:\/\/changhongchemical.com\/#\/schema\/logo\/image\/"}}]}},"_links":{"self":[{"href":"https:\/\/changhongchemical.com\/it\/wp-json\/wp\/v2\/product\/8528","targetHints":{"allow":["GET"]}}],"collection":[{"href":"https:\/\/changhongchemical.com\/it\/wp-json\/wp\/v2\/product"}],"about":[{"href":"https:\/\/changhongchemical.com\/it\/wp-json\/wp\/v2\/types\/product"}],"replies":[{"embeddable":true,"href":"https:\/\/changhongchemical.com\/it\/wp-json\/wp\/v2\/comments?post=8528"}],"wp:featuredmedia":[{"embeddable":true,"href":"https:\/\/changhongchemical.com\/it\/wp-json\/wp\/v2\/media\/8530"}],"wp:attachment":[{"href":"https:\/\/changhongchemical.com\/it\/wp-json\/wp\/v2\/media?parent=8528"}],"wp:term":[{"taxonomy":"product_brand","embeddable":true,"href":"https:\/\/changhongchemical.com\/it\/wp-json\/wp\/v2\/product_brand?post=8528"},{"taxonomy":"product_cat","embeddable":true,"href":"https:\/\/changhongchemical.com\/it\/wp-json\/wp\/v2\/product_cat?post=8528"},{"taxonomy":"product_tag","embeddable":true,"href":"https:\/\/changhongchemical.com\/it\/wp-json\/wp\/v2\/product_tag?post=8528"}],"curies":[{"name":"wp","href":"https:\/\/api.w.org\/{rel}","templated":true}]}}