{"id":8392,"date":"2025-03-26T08:34:41","date_gmt":"2025-03-26T08:34:41","guid":{"rendered":"https:\/\/changhongchemical.com\/?post_type=product&#038;p=8392"},"modified":"2025-05-12T03:01:36","modified_gmt":"2025-05-12T03:01:36","slug":"ninafluorobutyl-vinyl","status":"publish","type":"product","link":"https:\/\/changhongchemical.com\/it\/product\/ninafluorobutyl-vinyl\/","title":{"rendered":"CHLUMOFIUOR\u00ae Ninafluorobutile vinile"},"content":{"rendered":"<p>Indicatori di prodotto<\/p>\n<table style=\"border-collapse: collapse; width: 730.52pt;\" border=\"0\" width=\"974\" cellspacing=\"0\" cellpadding=\"0\">\n<tbody>\n<tr style=\"height: 13.50pt;\">\n<td style=\"height: 13.50pt; width: 145.50pt;\" width=\"194\" height=\"18\">Modello<\/td>\n<td style=\"width: 97.50pt;\" width=\"130\"><\/td>\n<td style=\"width: 156.75pt;\" width=\"209\"><\/td>\n<td style=\"width: 168.00pt;\" width=\"224\"><\/td>\n<td style=\"width: 162.75pt;\" width=\"217\"><\/td>\n<\/tr>\n<tr style=\"height: 13.50pt;\">\n<td style=\"height: 13.50pt;\" height=\"18\"><\/td>\n<td><\/td>\n<td>FL\u00ae PFBE01<\/td>\n<td>FL\u00ae PFBE02<\/td>\n<td>FL\u00ae PFBE03<\/td>\n<\/tr>\n<tr style=\"height: 13.50pt;\">\n<td style=\"height: 13.50pt;\" height=\"18\">Componenti<\/td>\n<td>Unit\u00e0: PFBE<\/td>\n<td>Specifiche tecniche<\/td>\n<td>Specifiche tecniche<\/td>\n<td>Specifiche tecniche<\/td>\n<\/tr>\n<tr style=\"height: 13.50pt;\">\n<td style=\"height: 13.50pt;\" height=\"18\">Perfluorobutil etilene<\/td>\n<td>%<\/td>\n<td>&gt;98<\/td>\n<td>&gt;99<\/td>\n<td>&gt;99.5<\/td>\n<\/tr>\n<tr style=\"height: 13.50pt;\">\n<td style=\"height: 13.50pt;\" height=\"18\">Perfluoroesano<\/td>\n<td>%<\/td>\n<td>&lt;2.0<\/td>\n<td>\/<\/td>\n<td>&lt;2.0<\/td>\n<\/tr>\n<tr style=\"height: 13.50pt;\">\n<td style=\"height: 13.50pt;\" height=\"18\">Perfluoroesiletilene<\/td>\n<td>%<\/td>\n<td>&lt;1.0<\/td>\n<td>\/<\/td>\n<td>&lt;1.0<\/td>\n<\/tr>\n<tr style=\"height: 13.50pt;\">\n<td style=\"height: 13.50pt;\" height=\"18\">Iodio totale<\/td>\n<td>ppm<\/td>\n<td>&lt;150<\/td>\n<td>\/<\/td>\n<td>&lt;150<\/td>\n<\/tr>\n<\/tbody>\n<\/table>\n<p>Aree di applicazione:<\/p>\n<p>Trattamento delle superfici e lubrificazione, pulizia, solventi\/refrigeranti, resine siliconiche fluorurate e silani<\/p>\n<p>Tabella dei parametri delle propriet\u00e0 fisiche<\/p>\n<table width=\"788\">\n<tbody>\n<tr>\n<td width=\"330\">Nome CAS<\/td>\n<td width=\"458\">3,3,4,4,5,5,5,6,6,6-Nonafluoro-1-hexene<\/td>\n<\/tr>\n<tr>\n<td>Altri nomi<\/td>\n<td>PFBE<\/td>\n<\/tr>\n<tr>\n<td>Formula molecolare<\/td>\n<td>C4F9CH=CH2<\/td>\n<\/tr>\n<tr>\n<td width=\"330\">Peso molecolare<\/td>\n<td>246<\/td>\n<\/tr>\n<tr>\n<td>Morfologia<\/td>\n<td>Liquido<\/td>\n<\/tr>\n<tr>\n<td>Colore<\/td>\n<td>Incolore e trasparente<\/td>\n<\/tr>\n<tr>\n<td>Odore<\/td>\n<td>Etere<\/td>\n<\/tr>\n<tr>\n<td>Punto di ebollizione<\/td>\n<td>58 (136\u00b0F)<\/td>\n<\/tr>\n<tr>\n<td>Contenuto di fluoro, wt%<\/td>\n<td>69.5<\/td>\n<\/tr>\n<tr>\n<td>Densit\u00e0 25(77)<\/td>\n<td width=\"458\">1,4 g\/cm3<\/td>\n<\/tr>\n<tr>\n<td width=\"330\">Punto di addensamento<\/td>\n<td>&lt;25(77\u00b0F)<\/td>\n<\/tr>\n<tr>\n<td width=\"330\">Viscosit\u00e0, 25(77)<\/td>\n<td>&lt;7 cp<\/td>\n<\/tr>\n<tr>\n<td>Punto di infiammabilit\u00e0<\/td>\n<td>Non infiammabile<\/td>\n<\/tr>\n<\/tbody>\n<\/table>\n<p>Primo soccorso personale, conservazione e manipolazione<\/p>\n<p>Questo prodotto \u00e8 irritante per la pelle e gli occhi. Per evitare l'esposizione, indossare guanti, occhiali di sicurezza e altri dispositivi di protezione quando si utilizza questo prodotto e leggere la scheda di sicurezza prima dell'uso.<\/p>\n<p>Informazioni sull'imballaggio e sulla spedizione<\/p>\n<p>Questo prodotto non \u00e8 un prodotto tubolare DOT, IMO o IATA.<\/p>\n<h2><strong><b>Contattateci ora!<\/b><\/strong><\/h2>\n<h4><strong><b>Se avete bisogno di Price, inserite i vostri dati di contatto nel modulo sottostante; di solito vi contatteremo entro 24 ore. Potete anche inviarmi un'e-mail\u00a0<span style=\"color: #00ccff;\"><a style=\"color: #00ccff;\" href=\"mailto:info@changhongchemical.com\">info@changhongchemical.com<\/a><\/span>\u00a0durante l'orario di lavoro (dalle 8:30 alle 18:00 UTC+8 lun.-sab.) o utilizzare la live chat del sito web per ottenere una risposta immediata.<\/b><\/strong><\/h4>","protected":false},"excerpt":{"rendered":"<p>I. Introduzione<\/p>\n<p>Il vinile ninfluorobutile \u00e8 un'olefina fluorurata che pu\u00f2 essere utilizzata come additivo, coadiuvante tecnologico o monomero copolimerico per la polimerizzazione a radicali liberi. Contiene quattro atomi di carbonio fluorurati ed \u00e8 uno dei numerosi monomeri speciali fluorurati offerti da Fluorine Edge.<\/p>\n<p>Applicazioni<\/p>\n<p>Il ninafluorobutilvinile \u00e8 un monomero fluorurato dalle prestazioni eccellenti, che pu\u00f2 essere utilizzato per ridurre l'energia superficiale, migliorare la stabilit\u00e0 chimica e aumentare la lubrificazione superficiale. Pu\u00f2 essere utilizzato come monomero per la polimerizzazione a radicali liberi in sistemi acquosi o non acquosi e pu\u00f2 essere miscelato con le materie plastiche per agire come agente di distacco dagli stampi.<\/p>","protected":false},"featured_media":0,"comment_status":"closed","ping_status":"closed","template":"","meta":[],"product_brand":[],"product_cat":[188],"product_tag":[],"class_list":{"0":"post-8392","1":"product","2":"type-product","3":"status-publish","5":"product_cat-fluorinated-fine-chemicals","7":"first","8":"instock","9":"shipping-taxable","10":"product-type-simple"},"yoast_head":"<!-- This site is optimized with the Yoast SEO plugin v27.4 - https:\/\/yoast.com\/product\/yoast-seo-wordpress\/ -->\n<title>China CHLUMOFIUOR\u00ae Ninafluorobutyl vinyl Manufacturer - Changhong Chemical<\/title>\n<meta name=\"description\" content=\"I. Introduction Ninafluorobutyl vinyl is a fluorinated olefin that can be used as an additive, processing aid, or copolymer monomer for free radical...\" \/>\n<meta name=\"robots\" content=\"index, follow, max-snippet:-1, max-image-preview:large, max-video-preview:-1\" \/>\n<link rel=\"canonical\" href=\"https:\/\/changhongchemical.com\/it\/product\/ninafluorobutyl-vinyl\/\" \/>\n<meta property=\"og:locale\" content=\"it_IT\" \/>\n<meta property=\"og:type\" content=\"article\" \/>\n<meta property=\"og:title\" content=\"China CHLUMOFIUOR\u00ae Ninafluorobutyl vinyl Manufacturer - Changhong Chemical\" \/>\n<meta property=\"og:description\" content=\"I. Introduction Ninafluorobutyl vinyl is a fluorinated olefin that can be used as an additive, processing aid, or copolymer monomer for free radical...\" \/>\n<meta property=\"og:url\" content=\"https:\/\/changhongchemical.com\/it\/product\/ninafluorobutyl-vinyl\/\" \/>\n<meta property=\"og:site_name\" content=\"Changhong Chemical\" \/>\n<meta property=\"article:modified_time\" content=\"2025-05-12T03:01:36+00:00\" \/>\n<meta property=\"og:image\" content=\"https:\/\/changhongchemical.com\/wp-content\/uploads\/2024\/02\/logo-jpeg.jpg\" \/>\n\t<meta property=\"og:image:width\" content=\"1000\" \/>\n\t<meta property=\"og:image:height\" content=\"1000\" \/>\n\t<meta property=\"og:image:type\" content=\"image\/jpeg\" \/>\n<meta name=\"twitter:card\" content=\"summary_large_image\" \/>\n<meta name=\"twitter:label1\" content=\"Tempo di lettura stimato\" \/>\n\t<meta name=\"twitter:data1\" content=\"1 minuto\" \/>\n<script type=\"application\/ld+json\" class=\"yoast-schema-graph\">{\"@context\":\"https:\\\/\\\/schema.org\",\"@graph\":[{\"@type\":\"WebPage\",\"@id\":\"https:\\\/\\\/changhongchemical.com\\\/product\\\/ninafluorobutyl-vinyl\\\/\",\"url\":\"https:\\\/\\\/changhongchemical.com\\\/product\\\/ninafluorobutyl-vinyl\\\/\",\"name\":\"China CHLUMOFIUOR\u00ae Ninafluorobutyl vinyl Manufacturer - Changhong Chemical\",\"isPartOf\":{\"@id\":\"https:\\\/\\\/changhongchemical.com\\\/#website\"},\"datePublished\":\"2025-03-26T08:34:41+00:00\",\"dateModified\":\"2025-05-12T03:01:36+00:00\",\"description\":\"I. Introduction Ninafluorobutyl vinyl is a fluorinated olefin that can be used as an additive, processing aid, or copolymer monomer for free radical...\",\"breadcrumb\":{\"@id\":\"https:\\\/\\\/changhongchemical.com\\\/product\\\/ninafluorobutyl-vinyl\\\/#breadcrumb\"},\"inLanguage\":\"it-IT\",\"potentialAction\":[{\"@type\":\"ReadAction\",\"target\":[\"https:\\\/\\\/changhongchemical.com\\\/product\\\/ninafluorobutyl-vinyl\\\/\"]}]},{\"@type\":\"BreadcrumbList\",\"@id\":\"https:\\\/\\\/changhongchemical.com\\\/product\\\/ninafluorobutyl-vinyl\\\/#breadcrumb\",\"itemListElement\":[{\"@type\":\"ListItem\",\"position\":1,\"name\":\"Home\",\"item\":\"https:\\\/\\\/changhongchemical.com\\\/\"},{\"@type\":\"ListItem\",\"position\":2,\"name\":\"Products Changhong\",\"item\":\"https:\\\/\\\/changhongchemical.com\\\/product\\\/\"},{\"@type\":\"ListItem\",\"position\":3,\"name\":\"CHLUMOFIUOR\u00ae Ninafluorobutyl vinyl\"}]},{\"@type\":\"WebSite\",\"@id\":\"https:\\\/\\\/changhongchemical.com\\\/#website\",\"url\":\"https:\\\/\\\/changhongchemical.com\\\/\",\"name\":\"Changhong Chemical\",\"description\":\"China chemical manufacturer \uff06 supplier\",\"publisher\":{\"@id\":\"https:\\\/\\\/changhongchemical.com\\\/#organization\"},\"potentialAction\":[{\"@type\":\"SearchAction\",\"target\":{\"@type\":\"EntryPoint\",\"urlTemplate\":\"https:\\\/\\\/changhongchemical.com\\\/?s={search_term_string}\"},\"query-input\":{\"@type\":\"PropertyValueSpecification\",\"valueRequired\":true,\"valueName\":\"search_term_string\"}}],\"inLanguage\":\"it-IT\"},{\"@type\":\"Organization\",\"@id\":\"https:\\\/\\\/changhongchemical.com\\\/#organization\",\"name\":\"Changhong Chemical\",\"url\":\"https:\\\/\\\/changhongchemical.com\\\/\",\"logo\":{\"@type\":\"ImageObject\",\"inLanguage\":\"it-IT\",\"@id\":\"https:\\\/\\\/changhongchemical.com\\\/#\\\/schema\\\/logo\\\/image\\\/\",\"url\":\"https:\\\/\\\/changhongchemical.com\\\/wp-content\\\/uploads\\\/2020\\\/08\\\/cropped-longchang-logo.png\",\"contentUrl\":\"https:\\\/\\\/changhongchemical.com\\\/wp-content\\\/uploads\\\/2020\\\/08\\\/cropped-longchang-logo.png\",\"width\":512,\"height\":512,\"caption\":\"Changhong Chemical\"},\"image\":{\"@id\":\"https:\\\/\\\/changhongchemical.com\\\/#\\\/schema\\\/logo\\\/image\\\/\"}}]}<\/script>\n<!-- \/ Yoast SEO plugin. -->","yoast_head_json":{"title":"Cina CHLUMOFIUOR\u00ae Ninafluorobutile vinile Produttore - Changhong Chemical","description":"I. Introduction Ninafluorobutyl vinyl is a fluorinated olefin that can be used as an additive, processing aid, or copolymer monomer for free radical...","robots":{"index":"index","follow":"follow","max-snippet":"max-snippet:-1","max-image-preview":"max-image-preview:large","max-video-preview":"max-video-preview:-1"},"canonical":"https:\/\/changhongchemical.com\/it\/product\/ninafluorobutyl-vinyl\/","og_locale":"it_IT","og_type":"article","og_title":"China CHLUMOFIUOR\u00ae Ninafluorobutyl vinyl Manufacturer - Changhong Chemical","og_description":"I. Introduction Ninafluorobutyl vinyl is a fluorinated olefin that can be used as an additive, processing aid, or copolymer monomer for free radical...","og_url":"https:\/\/changhongchemical.com\/it\/product\/ninafluorobutyl-vinyl\/","og_site_name":"Changhong Chemical","article_modified_time":"2025-05-12T03:01:36+00:00","og_image":[{"width":1000,"height":1000,"url":"https:\/\/changhongchemical.com\/wp-content\/uploads\/2024\/02\/logo-jpeg.jpg","type":"image\/jpeg"}],"twitter_card":"summary_large_image","twitter_misc":{"Tempo di lettura stimato":"1 minuto"},"schema":{"@context":"https:\/\/schema.org","@graph":[{"@type":"WebPage","@id":"https:\/\/changhongchemical.com\/product\/ninafluorobutyl-vinyl\/","url":"https:\/\/changhongchemical.com\/product\/ninafluorobutyl-vinyl\/","name":"Cina CHLUMOFIUOR\u00ae Ninafluorobutile vinile Produttore - Changhong Chemical","isPartOf":{"@id":"https:\/\/changhongchemical.com\/#website"},"datePublished":"2025-03-26T08:34:41+00:00","dateModified":"2025-05-12T03:01:36+00:00","description":"I. Introduction Ninafluorobutyl vinyl is a fluorinated olefin that can be used as an additive, processing aid, or copolymer monomer for free radical...","breadcrumb":{"@id":"https:\/\/changhongchemical.com\/product\/ninafluorobutyl-vinyl\/#breadcrumb"},"inLanguage":"it-IT","potentialAction":[{"@type":"ReadAction","target":["https:\/\/changhongchemical.com\/product\/ninafluorobutyl-vinyl\/"]}]},{"@type":"BreadcrumbList","@id":"https:\/\/changhongchemical.com\/product\/ninafluorobutyl-vinyl\/#breadcrumb","itemListElement":[{"@type":"ListItem","position":1,"name":"Home","item":"https:\/\/changhongchemical.com\/"},{"@type":"ListItem","position":2,"name":"Products Changhong","item":"https:\/\/changhongchemical.com\/product\/"},{"@type":"ListItem","position":3,"name":"CHLUMOFIUOR\u00ae Ninafluorobutyl vinyl"}]},{"@type":"WebSite","@id":"https:\/\/changhongchemical.com\/#website","url":"https:\/\/changhongchemical.com\/","name":"Changhong Chemical","description":"Cina produttore di prodotti chimici \uff06 fornitore","publisher":{"@id":"https:\/\/changhongchemical.com\/#organization"},"potentialAction":[{"@type":"SearchAction","target":{"@type":"EntryPoint","urlTemplate":"https:\/\/changhongchemical.com\/?s={search_term_string}"},"query-input":{"@type":"PropertyValueSpecification","valueRequired":true,"valueName":"search_term_string"}}],"inLanguage":"it-IT"},{"@type":"Organization","@id":"https:\/\/changhongchemical.com\/#organization","name":"Changhong Chemical","url":"https:\/\/changhongchemical.com\/","logo":{"@type":"ImageObject","inLanguage":"it-IT","@id":"https:\/\/changhongchemical.com\/#\/schema\/logo\/image\/","url":"https:\/\/changhongchemical.com\/wp-content\/uploads\/2020\/08\/cropped-longchang-logo.png","contentUrl":"https:\/\/changhongchemical.com\/wp-content\/uploads\/2020\/08\/cropped-longchang-logo.png","width":512,"height":512,"caption":"Changhong Chemical"},"image":{"@id":"https:\/\/changhongchemical.com\/#\/schema\/logo\/image\/"}}]}},"_links":{"self":[{"href":"https:\/\/changhongchemical.com\/it\/wp-json\/wp\/v2\/product\/8392","targetHints":{"allow":["GET"]}}],"collection":[{"href":"https:\/\/changhongchemical.com\/it\/wp-json\/wp\/v2\/product"}],"about":[{"href":"https:\/\/changhongchemical.com\/it\/wp-json\/wp\/v2\/types\/product"}],"replies":[{"embeddable":true,"href":"https:\/\/changhongchemical.com\/it\/wp-json\/wp\/v2\/comments?post=8392"}],"wp:attachment":[{"href":"https:\/\/changhongchemical.com\/it\/wp-json\/wp\/v2\/media?parent=8392"}],"wp:term":[{"taxonomy":"product_brand","embeddable":true,"href":"https:\/\/changhongchemical.com\/it\/wp-json\/wp\/v2\/product_brand?post=8392"},{"taxonomy":"product_cat","embeddable":true,"href":"https:\/\/changhongchemical.com\/it\/wp-json\/wp\/v2\/product_cat?post=8392"},{"taxonomy":"product_tag","embeddable":true,"href":"https:\/\/changhongchemical.com\/it\/wp-json\/wp\/v2\/product_tag?post=8392"}],"curies":[{"name":"wp","href":"https:\/\/api.w.org\/{rel}","templated":true}]}}