{"id":8382,"date":"2025-03-27T09:07:16","date_gmt":"2025-03-27T09:07:16","guid":{"rendered":"https:\/\/changhongchemical.com\/?post_type=product&#038;p=8382"},"modified":"2025-05-12T03:00:13","modified_gmt":"2025-05-12T03:00:13","slug":"perfluoropolyether-grease","status":"publish","type":"product","link":"https:\/\/changhongchemical.com\/it\/product\/perfluoropolyether-grease\/","title":{"rendered":"CHLUMOFIUOR\u00ae Grasso in perfluoropolietere"},"content":{"rendered":"<p><strong>S<\/strong><strong>specialit\u00e0:<\/strong><\/p>\n<p>Eccellente resistenza agli agenti chimici e ai solventi Eccellenti propriet\u00e0 termiche, intervallo di temperatura di esercizio molto ampio<\/p>\n<p>Eccellenti propriet\u00e0 termiche, intervallo di temperatura operativa molto ampio Eccellenti propriet\u00e0 elettriche e resistenza alle radiazioni Buona compatibilit\u00e0 con metalli, plastiche e gomma<\/p>\n<p>Inerte all'ossigeno liquido e gassoso Facilmente formulabile nei grassi<\/p>\n<p>Eccellente indice di viscosit\u00e0 Basse perdite per evaporazione<\/p>\n<p>Eccellenti propriet\u00e0 di lavaggio dell'acqua Buone propriet\u00e0 di usura ad alta e bassa temperatura<\/p>\n<p>Sicuro per l'ambiente, non tossico, non infiammabile, zero potenziale di riduzione dell'ozono<\/p>\n<p><strong>Applicazione:<\/strong><\/p>\n<p>Industria dei semiconduttori (olio per pompe a vuoto), industria elettronica (fluido per il trasferimento di calore, fluido per test di affidabilit\u00e0), lubrificazione dell'elettronica (hard disk), lubrificazione dell'industria aeronautica, lubrificazione dell'industria automobilistica, lubrificazione industriale (cuscinetti, ingranaggi), lubrificazione dell'industria cartaria (carta ondulata).<\/p>\n<p>1, fluido elettronico<\/p>\n<p>Apparecchiature per l'incisione dei semiconduttori e pulizia dei dischi rigidi, pulizia delle impurit\u00e0 delle particelle, pulizia della superficie dei touch screen, fluido per i test di affidabilit\u00e0 nell'industria elettronica<\/p>\n<table style=\"border-collapse: collapse; width: 616.52pt;\" border=\"0\" width=\"822\" cellspacing=\"0\" cellpadding=\"0\">\n<tbody>\n<tr style=\"height: 13.50pt;\">\n<td class=\"et2\" style=\"height: 13.50pt; width: 616.50pt;\" colspan=\"3\" width=\"822\" height=\"18\">Specifiche di prodotto dei fluidi elettronici<\/td>\n<\/tr>\n<tr style=\"height: 13.50pt;\">\n<td class=\"et2\" style=\"height: 13.50pt;\" height=\"18\">Propriet\u00e0 fisiche<\/td>\n<td class=\"et2\">FL\u00ae ET01<\/td>\n<td class=\"et2\">FL\u00aeET02<\/td>\n<\/tr>\n<tr style=\"height: 13.50pt;\">\n<td class=\"et2\" style=\"height: 13.50pt;\" height=\"18\">Aspetto<\/td>\n<td class=\"et2\">Incolore e trasparente<\/td>\n<td class=\"et2\">Incolore e trasparente<\/td>\n<\/tr>\n<tr style=\"height: 13.50pt;\">\n<td class=\"et2\" style=\"height: 13.50pt;\" height=\"18\">Viscosit\u00e0 cinematica (20\u2103, cSt)<\/td>\n<td class=\"et2\">&lt;30<\/td>\n<td class=\"et2\">30-60<\/td>\n<\/tr>\n<tr style=\"height: 40.50pt;\">\n<td class=\"et2\" style=\"height: 40.50pt;\" height=\"54\">Numero di neutralizzazione (KOH, %)<\/td>\n<td class=\"et2\">\u22640.03<\/td>\n<td class=\"et3\" style=\"width: 176.25pt;\" width=\"235\">\u22640.03<\/td>\n<\/tr>\n<\/tbody>\n<\/table>\n<p>2, olio della pompa del vuoto<\/p>\n<p>Olio per pompe a vuoto per apparecchiature di incisione ionica nell'industria dei semiconduttori e dei circuiti integrati.<\/p>\n<table style=\"border-collapse: collapse; width: 616.52pt;\" border=\"0\" width=\"822\" cellspacing=\"0\" cellpadding=\"0\">\n<tbody>\n<tr style=\"height: 13.50pt;\">\n<td class=\"et2\" style=\"height: 13.50pt; width: 616.50pt;\" colspan=\"3\" width=\"822\" height=\"18\">Specifiche di prodotto dell'olio per pompe a vuoto<\/td>\n<\/tr>\n<tr style=\"height: 13.50pt;\">\n<td class=\"et2\" style=\"height: 13.50pt;\" height=\"18\">Propriet\u00e0 fisiche<\/td>\n<td class=\"et2\">FL\u00aeVPL16<\/td>\n<td class=\"et2\">FL\u00aeVPL25FL\u00aeVPL25<\/td>\n<\/tr>\n<tr style=\"height: 13.50pt;\">\n<td class=\"et2\" style=\"height: 13.50pt;\" height=\"18\">Aspetto<\/td>\n<td class=\"et2\">Incolore e trasparente<\/td>\n<td class=\"et2\">Incolore e trasparente<\/td>\n<\/tr>\n<tr style=\"height: 13.50pt;\">\n<td class=\"et2\" style=\"height: 13.50pt;\" height=\"18\">Viscosit\u00e0 cinematica (20\u2103, cSt)<\/td>\n<td class=\"et2\">145-175<\/td>\n<td class=\"et2\">250-290<\/td>\n<\/tr>\n<tr style=\"height: 14.00pt;\">\n<td class=\"et2\" style=\"height: 14.00pt;\" height=\"18\">Punto di scorrimento (\u2103)<\/td>\n<td class=\"et2\">-45<\/td>\n<td class=\"et4\" style=\"width: 176.25pt;\" width=\"235\">-35<\/td>\n<\/tr>\n<tr style=\"height: 13.50pt;\">\n<td class=\"et2\" style=\"height: 13.50pt;\" height=\"18\">Tensione superficiale (20\u2103, g\/cm3)<\/td>\n<td class=\"et2\">22<\/td>\n<td class=\"et2\">22<\/td>\n<\/tr>\n<tr style=\"height: 13.50pt;\">\n<td class=\"et2\" style=\"height: 13.50pt;\" height=\"18\">Perdita di evaporazione (149\u2103, 22h, %)<\/td>\n<td class=\"et2\">\u22647<\/td>\n<td class=\"et2\">\u22645<\/td>\n<\/tr>\n<tr style=\"height: 13.50pt;\">\n<td class=\"et2\" style=\"height: 13.50pt;\" height=\"18\">Numero di neutralizzazione (KOH, %)<\/td>\n<td class=\"et2\">\u22640.03<\/td>\n<td class=\"et2\">\u22640.03<\/td>\n<\/tr>\n<\/tbody>\n<\/table>\n<p>3, olio base grasso<\/p>\n<p>Olio base per lubrificanti e grassi ad alte prestazioni utilizzato in macchinari, automobili, industria chimica, aviazione, settore militare, industria nucleare e altri settori.<\/p>\n<table style=\"border-collapse: collapse; width: 1010.27pt;\" border=\"0\" width=\"1347\" cellspacing=\"0\" cellpadding=\"0\">\n<tbody>\n<tr style=\"height: 13.50pt;\">\n<td class=\"et2\" style=\"height: 13.50pt; width: 1010.25pt;\" colspan=\"5\" width=\"1347\" height=\"18\">Specifiche tecniche del prodotto Olio base grasso<\/td>\n<\/tr>\n<tr style=\"height: 13.50pt;\">\n<td class=\"et2\" style=\"height: 13.50pt;\" colspan=\"2\" height=\"18\">Propriet\u00e0 fisiche<\/td>\n<td class=\"et2\">FL\u00aeL700<\/td>\n<td class=\"et2\">FL\u00aeL1500<\/td>\n<td class=\"et3\" style=\"width: 160.50pt;\" width=\"214\">FL\u00aeL1800<\/td>\n<\/tr>\n<tr style=\"height: 13.50pt;\">\n<td class=\"et2\" style=\"height: 13.50pt;\" colspan=\"2\" height=\"18\">Aspetto<\/td>\n<td class=\"et2\">Incolore e trasparente<\/td>\n<td class=\"et2\">Incolore e trasparente<\/td>\n<td class=\"et2\">Incolore e trasparente<\/td>\n<\/tr>\n<tr style=\"height: 13.50pt;\">\n<td class=\"et2\" style=\"height: 41.00pt;\" rowspan=\"3\" height=\"54\">Viscosit\u00e0 cinematica (cSt)<\/td>\n<td class=\"et2\">20\u2103<\/td>\n<td class=\"et2\">600-800<\/td>\n<td class=\"et2\">1400-1600<\/td>\n<td class=\"et3\" style=\"width: 160.50pt;\" width=\"214\">1700-1950<\/td>\n<\/tr>\n<tr style=\"height: 14.00pt;\">\n<td class=\"et2\">40\u2103<\/td>\n<td class=\"et3\" style=\"width: 233.25pt;\" width=\"311\">180-230<\/td>\n<td class=\"et3\" style=\"width: 176.25pt;\" width=\"235\">390-450<\/td>\n<td class=\"et2\">490-530<\/td>\n<\/tr>\n<tr style=\"height: 13.50pt;\">\n<td class=\"et2\">100\u2103<\/td>\n<td class=\"et2\">18-25<\/td>\n<td class=\"et2\">34-43<\/td>\n<td class=\"et2\">43-50<\/td>\n<\/tr>\n<tr style=\"height: 13.50pt;\">\n<td class=\"et2\" style=\"height: 13.50pt;\" colspan=\"2\" height=\"18\">Punto di scorrimento (\u2103)<\/td>\n<td class=\"et3\" style=\"width: 233.25pt;\" width=\"311\">-27<\/td>\n<td class=\"et2\">-25<\/td>\n<td class=\"et2\">-20<\/td>\n<\/tr>\n<tr style=\"height: 13.50pt;\">\n<td class=\"et2\" style=\"height: 13.50pt;\" colspan=\"2\" height=\"18\">Tensione superficiale (20\u00b0C, g\/cm3)<\/td>\n<td class=\"et2\">23<\/td>\n<td class=\"et2\">24<\/td>\n<td class=\"et2\">24<\/td>\n<\/tr>\n<tr style=\"height: 13.50pt;\">\n<td class=\"et2\" style=\"height: 27.00pt;\" rowspan=\"2\" height=\"36\">Perdita per evaporazione (%)<\/td>\n<td class=\"et2\">149\u2103\uff0c22h<\/td>\n<td class=\"et2\">\u22641<\/td>\n<td class=\"et2\">\u22641<\/td>\n<td class=\"et2\">\u22641<\/td>\n<\/tr>\n<tr style=\"height: 13.50pt;\">\n<td class=\"et2\">204\u2103\uff0c22h<\/td>\n<td class=\"et2\">\u22643<\/td>\n<td class=\"et2\">\u22641<\/td>\n<td class=\"et2\">\u22641<\/td>\n<\/tr>\n<tr style=\"height: 13.50pt;\">\n<td class=\"et2\" style=\"height: 13.50pt;\" colspan=\"2\" height=\"18\">Numero di neutralizzazione (KOH, %)<\/td>\n<td class=\"et2\">\u22640.03<\/td>\n<td class=\"et2\">\u22640.03<\/td>\n<td class=\"et2\">\u22640.03<\/td>\n<\/tr>\n<\/tbody>\n<\/table>\n<h2><strong><b>Contattateci ora!<\/b><\/strong><\/h2>\n<h4><strong><b>Se avete bisogno di Price, inserite i vostri dati di contatto nel modulo sottostante; di solito vi contatteremo entro 24 ore. Potete anche inviarmi un'e-mail\u00a0<span style=\"color: #00ccff;\"><a style=\"color: #00ccff;\" href=\"mailto:info@changhongchemical.com\">info@changhongchemical.com<\/a><\/span>\u00a0durante l'orario di lavoro (dalle 8:30 alle 18:00 UTC+8 lun.-sab.) o utilizzare la live chat del sito web per ottenere una risposta immediata.<\/b><\/strong><\/h4>","protected":false},"excerpt":{"rendered":"<p>I perfluoropolieteri (PFPE) sono una classe speciale di composti perfluoropolimerici con peso molecolare medio compreso tra 500 e 15.000 e solo tre elementi nella molecola, C, F e O. I PFPE hanno propriet\u00e0 fisiche e chimiche superiori, come l'eccellente resistenza al calore, le prestazioni a bassa temperatura, la resistenza all'ossidazione, la stabilit\u00e0 chimica (resistenza agli acidi forti, agli alcali, all'ossigeno liquido, ecc.), la lubrificazione, ecc. \u00c8 ampiamente utilizzato in una vasta gamma di applicazioni. Ha eccellenti propriet\u00e0 fisico-chimiche, come l'ottima resistenza al calore, le prestazioni a bassa temperatura, la resistenza all'ossidazione, la stabilit\u00e0 chimica (resistenza ad acidi molto forti, alcali, ossigeno liquido, ecc.), la lubrificazione, ecc.<\/p>","protected":false},"featured_media":8383,"comment_status":"closed","ping_status":"closed","template":"","meta":[],"product_brand":[],"product_cat":[188],"product_tag":[],"class_list":{"0":"post-8382","1":"product","2":"type-product","3":"status-publish","4":"has-post-thumbnail","6":"product_cat-fluorinated-fine-chemicals","8":"first","9":"instock","10":"shipping-taxable","11":"product-type-simple"},"yoast_head":"<!-- This site is optimized with the Yoast SEO plugin v27.4 - https:\/\/yoast.com\/product\/yoast-seo-wordpress\/ -->\n<title>China CHLUMOFIUOR\u00ae Perfluoropolyether grease Manufacturer - Changhong Chemical<\/title>\n<meta name=\"description\" content=\"Perfluoropolyethers (PFPE) is a special class of perfluoropolymer compounds with average molecular weight ranging from 500 to 15,000 and only three...\" \/>\n<meta name=\"robots\" content=\"index, follow, max-snippet:-1, max-image-preview:large, max-video-preview:-1\" \/>\n<link rel=\"canonical\" href=\"https:\/\/changhongchemical.com\/it\/product\/perfluoropolyether-grease\/\" \/>\n<meta property=\"og:locale\" content=\"it_IT\" \/>\n<meta property=\"og:type\" content=\"article\" \/>\n<meta property=\"og:title\" content=\"China CHLUMOFIUOR\u00ae Perfluoropolyether grease Manufacturer - Changhong Chemical\" \/>\n<meta property=\"og:description\" content=\"Perfluoropolyethers (PFPE) is a special class of perfluoropolymer compounds with average molecular weight ranging from 500 to 15,000 and only three...\" \/>\n<meta property=\"og:url\" content=\"https:\/\/changhongchemical.com\/it\/product\/perfluoropolyether-grease\/\" \/>\n<meta property=\"og:site_name\" content=\"Changhong Chemical\" \/>\n<meta property=\"article:modified_time\" content=\"2025-05-12T03:00:13+00:00\" \/>\n<meta property=\"og:image\" content=\"https:\/\/changhongchemical.com\/wp-content\/uploads\/2025\/03\/2-1.jpg\" \/>\n\t<meta property=\"og:image:width\" content=\"300\" \/>\n\t<meta property=\"og:image:height\" content=\"300\" \/>\n\t<meta property=\"og:image:type\" content=\"image\/jpeg\" \/>\n<meta name=\"twitter:card\" content=\"summary_large_image\" \/>\n<meta name=\"twitter:label1\" content=\"Tempo di lettura stimato\" \/>\n\t<meta name=\"twitter:data1\" content=\"2 minuti\" \/>\n<script type=\"application\/ld+json\" class=\"yoast-schema-graph\">{\"@context\":\"https:\\\/\\\/schema.org\",\"@graph\":[{\"@type\":\"WebPage\",\"@id\":\"https:\\\/\\\/changhongchemical.com\\\/product\\\/perfluoropolyether-grease\\\/\",\"url\":\"https:\\\/\\\/changhongchemical.com\\\/product\\\/perfluoropolyether-grease\\\/\",\"name\":\"China CHLUMOFIUOR\u00ae Perfluoropolyether grease Manufacturer - Changhong Chemical\",\"isPartOf\":{\"@id\":\"https:\\\/\\\/changhongchemical.com\\\/#website\"},\"primaryImageOfPage\":{\"@id\":\"https:\\\/\\\/changhongchemical.com\\\/product\\\/perfluoropolyether-grease\\\/#primaryimage\"},\"image\":{\"@id\":\"https:\\\/\\\/changhongchemical.com\\\/product\\\/perfluoropolyether-grease\\\/#primaryimage\"},\"thumbnailUrl\":\"https:\\\/\\\/changhongchemical.com\\\/wp-content\\\/uploads\\\/2025\\\/03\\\/2-1.jpg\",\"datePublished\":\"2025-03-27T09:07:16+00:00\",\"dateModified\":\"2025-05-12T03:00:13+00:00\",\"description\":\"Perfluoropolyethers (PFPE) is a special class of perfluoropolymer compounds with average molecular weight ranging from 500 to 15,000 and only three...\",\"breadcrumb\":{\"@id\":\"https:\\\/\\\/changhongchemical.com\\\/product\\\/perfluoropolyether-grease\\\/#breadcrumb\"},\"inLanguage\":\"it-IT\",\"potentialAction\":[{\"@type\":\"ReadAction\",\"target\":[\"https:\\\/\\\/changhongchemical.com\\\/product\\\/perfluoropolyether-grease\\\/\"]}]},{\"@type\":\"ImageObject\",\"inLanguage\":\"it-IT\",\"@id\":\"https:\\\/\\\/changhongchemical.com\\\/product\\\/perfluoropolyether-grease\\\/#primaryimage\",\"url\":\"https:\\\/\\\/changhongchemical.com\\\/wp-content\\\/uploads\\\/2025\\\/03\\\/2-1.jpg\",\"contentUrl\":\"https:\\\/\\\/changhongchemical.com\\\/wp-content\\\/uploads\\\/2025\\\/03\\\/2-1.jpg\",\"width\":300,\"height\":300},{\"@type\":\"BreadcrumbList\",\"@id\":\"https:\\\/\\\/changhongchemical.com\\\/product\\\/perfluoropolyether-grease\\\/#breadcrumb\",\"itemListElement\":[{\"@type\":\"ListItem\",\"position\":1,\"name\":\"Home\",\"item\":\"https:\\\/\\\/changhongchemical.com\\\/\"},{\"@type\":\"ListItem\",\"position\":2,\"name\":\"Products Changhong\",\"item\":\"https:\\\/\\\/changhongchemical.com\\\/product\\\/\"},{\"@type\":\"ListItem\",\"position\":3,\"name\":\"CHLUMOFIUOR\u00ae Perfluoropolyether grease\"}]},{\"@type\":\"WebSite\",\"@id\":\"https:\\\/\\\/changhongchemical.com\\\/#website\",\"url\":\"https:\\\/\\\/changhongchemical.com\\\/\",\"name\":\"Changhong Chemical\",\"description\":\"China chemical manufacturer \uff06 supplier\",\"publisher\":{\"@id\":\"https:\\\/\\\/changhongchemical.com\\\/#organization\"},\"potentialAction\":[{\"@type\":\"SearchAction\",\"target\":{\"@type\":\"EntryPoint\",\"urlTemplate\":\"https:\\\/\\\/changhongchemical.com\\\/?s={search_term_string}\"},\"query-input\":{\"@type\":\"PropertyValueSpecification\",\"valueRequired\":true,\"valueName\":\"search_term_string\"}}],\"inLanguage\":\"it-IT\"},{\"@type\":\"Organization\",\"@id\":\"https:\\\/\\\/changhongchemical.com\\\/#organization\",\"name\":\"Changhong Chemical\",\"url\":\"https:\\\/\\\/changhongchemical.com\\\/\",\"logo\":{\"@type\":\"ImageObject\",\"inLanguage\":\"it-IT\",\"@id\":\"https:\\\/\\\/changhongchemical.com\\\/#\\\/schema\\\/logo\\\/image\\\/\",\"url\":\"https:\\\/\\\/changhongchemical.com\\\/wp-content\\\/uploads\\\/2020\\\/08\\\/cropped-longchang-logo.png\",\"contentUrl\":\"https:\\\/\\\/changhongchemical.com\\\/wp-content\\\/uploads\\\/2020\\\/08\\\/cropped-longchang-logo.png\",\"width\":512,\"height\":512,\"caption\":\"Changhong Chemical\"},\"image\":{\"@id\":\"https:\\\/\\\/changhongchemical.com\\\/#\\\/schema\\\/logo\\\/image\\\/\"}}]}<\/script>\n<!-- \/ Yoast SEO plugin. -->","yoast_head_json":{"title":"Cina Grasso di perfluoropolietere CHLUMOFIUOR\u00ae Produttore - Changhong Chemical","description":"Perfluoropolyethers (PFPE) is a special class of perfluoropolymer compounds with average molecular weight ranging from 500 to 15,000 and only three...","robots":{"index":"index","follow":"follow","max-snippet":"max-snippet:-1","max-image-preview":"max-image-preview:large","max-video-preview":"max-video-preview:-1"},"canonical":"https:\/\/changhongchemical.com\/it\/product\/perfluoropolyether-grease\/","og_locale":"it_IT","og_type":"article","og_title":"China CHLUMOFIUOR\u00ae Perfluoropolyether grease Manufacturer - Changhong Chemical","og_description":"Perfluoropolyethers (PFPE) is a special class of perfluoropolymer compounds with average molecular weight ranging from 500 to 15,000 and only three...","og_url":"https:\/\/changhongchemical.com\/it\/product\/perfluoropolyether-grease\/","og_site_name":"Changhong Chemical","article_modified_time":"2025-05-12T03:00:13+00:00","og_image":[{"width":300,"height":300,"url":"https:\/\/changhongchemical.com\/wp-content\/uploads\/2025\/03\/2-1.jpg","type":"image\/jpeg"}],"twitter_card":"summary_large_image","twitter_misc":{"Tempo di lettura stimato":"2 minuti"},"schema":{"@context":"https:\/\/schema.org","@graph":[{"@type":"WebPage","@id":"https:\/\/changhongchemical.com\/product\/perfluoropolyether-grease\/","url":"https:\/\/changhongchemical.com\/product\/perfluoropolyether-grease\/","name":"Cina Grasso di perfluoropolietere CHLUMOFIUOR\u00ae Produttore - Changhong Chemical","isPartOf":{"@id":"https:\/\/changhongchemical.com\/#website"},"primaryImageOfPage":{"@id":"https:\/\/changhongchemical.com\/product\/perfluoropolyether-grease\/#primaryimage"},"image":{"@id":"https:\/\/changhongchemical.com\/product\/perfluoropolyether-grease\/#primaryimage"},"thumbnailUrl":"https:\/\/changhongchemical.com\/wp-content\/uploads\/2025\/03\/2-1.jpg","datePublished":"2025-03-27T09:07:16+00:00","dateModified":"2025-05-12T03:00:13+00:00","description":"Perfluoropolyethers (PFPE) is a special class of perfluoropolymer compounds with average molecular weight ranging from 500 to 15,000 and only three...","breadcrumb":{"@id":"https:\/\/changhongchemical.com\/product\/perfluoropolyether-grease\/#breadcrumb"},"inLanguage":"it-IT","potentialAction":[{"@type":"ReadAction","target":["https:\/\/changhongchemical.com\/product\/perfluoropolyether-grease\/"]}]},{"@type":"ImageObject","inLanguage":"it-IT","@id":"https:\/\/changhongchemical.com\/product\/perfluoropolyether-grease\/#primaryimage","url":"https:\/\/changhongchemical.com\/wp-content\/uploads\/2025\/03\/2-1.jpg","contentUrl":"https:\/\/changhongchemical.com\/wp-content\/uploads\/2025\/03\/2-1.jpg","width":300,"height":300},{"@type":"BreadcrumbList","@id":"https:\/\/changhongchemical.com\/product\/perfluoropolyether-grease\/#breadcrumb","itemListElement":[{"@type":"ListItem","position":1,"name":"Home","item":"https:\/\/changhongchemical.com\/"},{"@type":"ListItem","position":2,"name":"Products Changhong","item":"https:\/\/changhongchemical.com\/product\/"},{"@type":"ListItem","position":3,"name":"CHLUMOFIUOR\u00ae Perfluoropolyether grease"}]},{"@type":"WebSite","@id":"https:\/\/changhongchemical.com\/#website","url":"https:\/\/changhongchemical.com\/","name":"Changhong Chemical","description":"Cina produttore di prodotti chimici \uff06 fornitore","publisher":{"@id":"https:\/\/changhongchemical.com\/#organization"},"potentialAction":[{"@type":"SearchAction","target":{"@type":"EntryPoint","urlTemplate":"https:\/\/changhongchemical.com\/?s={search_term_string}"},"query-input":{"@type":"PropertyValueSpecification","valueRequired":true,"valueName":"search_term_string"}}],"inLanguage":"it-IT"},{"@type":"Organization","@id":"https:\/\/changhongchemical.com\/#organization","name":"Changhong Chemical","url":"https:\/\/changhongchemical.com\/","logo":{"@type":"ImageObject","inLanguage":"it-IT","@id":"https:\/\/changhongchemical.com\/#\/schema\/logo\/image\/","url":"https:\/\/changhongchemical.com\/wp-content\/uploads\/2020\/08\/cropped-longchang-logo.png","contentUrl":"https:\/\/changhongchemical.com\/wp-content\/uploads\/2020\/08\/cropped-longchang-logo.png","width":512,"height":512,"caption":"Changhong Chemical"},"image":{"@id":"https:\/\/changhongchemical.com\/#\/schema\/logo\/image\/"}}]}},"_links":{"self":[{"href":"https:\/\/changhongchemical.com\/it\/wp-json\/wp\/v2\/product\/8382","targetHints":{"allow":["GET"]}}],"collection":[{"href":"https:\/\/changhongchemical.com\/it\/wp-json\/wp\/v2\/product"}],"about":[{"href":"https:\/\/changhongchemical.com\/it\/wp-json\/wp\/v2\/types\/product"}],"replies":[{"embeddable":true,"href":"https:\/\/changhongchemical.com\/it\/wp-json\/wp\/v2\/comments?post=8382"}],"wp:featuredmedia":[{"embeddable":true,"href":"https:\/\/changhongchemical.com\/it\/wp-json\/wp\/v2\/media\/8383"}],"wp:attachment":[{"href":"https:\/\/changhongchemical.com\/it\/wp-json\/wp\/v2\/media?parent=8382"}],"wp:term":[{"taxonomy":"product_brand","embeddable":true,"href":"https:\/\/changhongchemical.com\/it\/wp-json\/wp\/v2\/product_brand?post=8382"},{"taxonomy":"product_cat","embeddable":true,"href":"https:\/\/changhongchemical.com\/it\/wp-json\/wp\/v2\/product_cat?post=8382"},{"taxonomy":"product_tag","embeddable":true,"href":"https:\/\/changhongchemical.com\/it\/wp-json\/wp\/v2\/product_tag?post=8382"}],"curies":[{"name":"wp","href":"https:\/\/api.w.org\/{rel}","templated":true}]}}