{"id":8332,"date":"2025-03-25T06:09:33","date_gmt":"2025-03-25T06:09:33","guid":{"rendered":"https:\/\/changhongchemical.com\/?post_type=product&#038;p=8332"},"modified":"2026-01-08T08:06:12","modified_gmt":"2026-01-08T08:06:12","slug":"cha-6-cas-80806-68-4","status":"publish","type":"product","link":"https:\/\/changhongchemical.com\/it\/product\/cha-6-cas-80806-68-4\/","title":{"rendered":"CHLUMOFIUOR\u00ae CHA-6 Perfluoroesil propanolo CAS 80806-68-4"},"content":{"rendered":"<p>Indice di prestazione<br \/>\nAspetto: liquido incolore<br \/>\nPunto di ebollizione (\u00b0C): 184@ 760mm Hg<br \/>\nPunto di fusione (\u00b0C): 2,23\u00b0C<br \/>\nDensit\u00e0 (g\/mL): 1,6336@17\u00b0C<br \/>\nIndice di rifrazione: 1.3131 @16\u00b0C<br \/>\nPunto di infiammabilit\u00e0 (\u00b0C): &gt;108<br \/>\nPurezza (GC): &gt;98<br \/>\nCampo di applicazione<br \/>\nMateria prima di tensioattivi per il trattamento idrorepellente e oleorepellente dei tessuti, come importante intermedio del fluoro, pu\u00f2 essere trasformato in una variet\u00e0 di preziosi prodotti chimici organici a base di fluoro, \u00e8 un tensioattivo o un agente per il trattamento delle superfici con un'ampia gamma di applicazioni, e pu\u00f2 anche essere utilizzato come intermediario farmaceutico e materiale.<br \/>\nImballaggio e stoccaggio<br \/>\nQuesto prodotto \u00e8 confezionato in bottiglie\/fusti in HDPE da 1 litro e 10 litri e in fusti compositi in acciaio-plastica da 25 litri. Il prodotto deve essere conservato in un luogo fresco e ventilato in un contenitore sigillato; per i dettagli, consultare la scheda di sicurezza; la durata di conservazione \u00e8 di un anno.<\/p>\n<p>Altro nome:<\/p>\n<p>3 - Alcool propilico (perfluoroesilico)<\/p>\n<h2><strong><b>Contattateci ora!<\/b><\/strong><\/h2>\n<h4><strong><b>Se avete bisogno di Price, inserite i vostri dati di contatto nel modulo sottostante; di solito vi contatteremo entro 24 ore. Potete anche inviarmi un'e-mail\u00a0<span style=\"color: #00ccff;\"><a style=\"color: #00ccff;\" href=\"mailto:info@changhongchemical.com\">info@changhongchemical.com<\/a><\/span>\u00a0durante l'orario di lavoro (dalle 8:30 alle 18:00 UTC+8 lun.-sab.) o utilizzare la live chat del sito web per ottenere una risposta immediata.<\/b><\/strong><\/h4>","protected":false},"excerpt":{"rendered":"<p>CHA-6<br \/>\n3-(Perfluoroesil)propanolo<br \/>\nN. CAS: 80806-68-4<br \/>\nFormula molecolare: C6F13CH2CH2OH<br \/>\nPeso molecolare: 378,13<br \/>\nN. EINECS: Nessuno<\/p>","protected":false},"featured_media":8333,"comment_status":"closed","ping_status":"closed","template":"","meta":[],"product_brand":[],"product_cat":[188],"product_tag":[],"class_list":{"0":"post-8332","1":"product","2":"type-product","3":"status-publish","4":"has-post-thumbnail","6":"product_cat-fluorinated-fine-chemicals","8":"first","9":"instock","10":"shipping-taxable","11":"product-type-simple"},"yoast_head":"<!-- This site is optimized with the Yoast SEO plugin v27.4 - https:\/\/yoast.com\/product\/yoast-seo-wordpress\/ -->\n<title>China CHLUMOFIUOR\u00ae CHA-6 Perfluorohexyl propanol CAS 80806-68-4 Manufacturer - Changhong Chemical<\/title>\n<meta name=\"description\" content=\"CHA-6 3-(Perfluorohexyl)propanol CAS No.: 80806-68-4 Molecular Formula: C6F13CH2CH2CH2OH Molecular weight: 378.13 EINECS No.: None\" \/>\n<meta name=\"robots\" content=\"index, follow, max-snippet:-1, max-image-preview:large, max-video-preview:-1\" \/>\n<link rel=\"canonical\" href=\"https:\/\/changhongchemical.com\/it\/product\/cha-6-cas-80806-68-4\/\" \/>\n<meta property=\"og:locale\" content=\"it_IT\" \/>\n<meta property=\"og:type\" content=\"article\" \/>\n<meta property=\"og:title\" content=\"China CHLUMOFIUOR\u00ae CHA-6 Perfluorohexyl propanol CAS 80806-68-4 Manufacturer - Changhong Chemical\" \/>\n<meta property=\"og:description\" content=\"CHA-6 3-(Perfluorohexyl)propanol CAS No.: 80806-68-4 Molecular Formula: C6F13CH2CH2CH2OH Molecular weight: 378.13 EINECS No.: None\" \/>\n<meta property=\"og:url\" content=\"https:\/\/changhongchemical.com\/it\/product\/cha-6-cas-80806-68-4\/\" \/>\n<meta property=\"og:site_name\" content=\"Changhong Chemical\" \/>\n<meta property=\"article:modified_time\" content=\"2026-01-08T08:06:12+00:00\" \/>\n<meta property=\"og:image\" content=\"https:\/\/changhongchemical.com\/wp-content\/uploads\/2025\/03\/CHA-6.jpg\" \/>\n\t<meta property=\"og:image:width\" content=\"300\" \/>\n\t<meta property=\"og:image:height\" content=\"300\" \/>\n\t<meta property=\"og:image:type\" content=\"image\/jpeg\" \/>\n<meta name=\"twitter:card\" content=\"summary_large_image\" \/>\n<meta name=\"twitter:label1\" content=\"Tempo di lettura stimato\" \/>\n\t<meta name=\"twitter:data1\" content=\"1 minuto\" \/>\n<script type=\"application\/ld+json\" class=\"yoast-schema-graph\">{\"@context\":\"https:\\\/\\\/schema.org\",\"@graph\":[{\"@type\":\"WebPage\",\"@id\":\"https:\\\/\\\/changhongchemical.com\\\/product\\\/cha-6-cas-80806-68-4\\\/\",\"url\":\"https:\\\/\\\/changhongchemical.com\\\/product\\\/cha-6-cas-80806-68-4\\\/\",\"name\":\"China CHLUMOFIUOR\u00ae CHA-6 Perfluorohexyl propanol CAS 80806-68-4 Manufacturer - Changhong Chemical\",\"isPartOf\":{\"@id\":\"https:\\\/\\\/changhongchemical.com\\\/#website\"},\"primaryImageOfPage\":{\"@id\":\"https:\\\/\\\/changhongchemical.com\\\/product\\\/cha-6-cas-80806-68-4\\\/#primaryimage\"},\"image\":{\"@id\":\"https:\\\/\\\/changhongchemical.com\\\/product\\\/cha-6-cas-80806-68-4\\\/#primaryimage\"},\"thumbnailUrl\":\"https:\\\/\\\/changhongchemical.com\\\/wp-content\\\/uploads\\\/2025\\\/03\\\/CHA-6.jpg\",\"datePublished\":\"2025-03-25T06:09:33+00:00\",\"dateModified\":\"2026-01-08T08:06:12+00:00\",\"description\":\"CHA-6 3-(Perfluorohexyl)propanol CAS No.: 80806-68-4 Molecular Formula: C6F13CH2CH2CH2OH Molecular weight: 378.13 EINECS No.: None\",\"breadcrumb\":{\"@id\":\"https:\\\/\\\/changhongchemical.com\\\/product\\\/cha-6-cas-80806-68-4\\\/#breadcrumb\"},\"inLanguage\":\"it-IT\",\"potentialAction\":[{\"@type\":\"ReadAction\",\"target\":[\"https:\\\/\\\/changhongchemical.com\\\/product\\\/cha-6-cas-80806-68-4\\\/\"]}]},{\"@type\":\"ImageObject\",\"inLanguage\":\"it-IT\",\"@id\":\"https:\\\/\\\/changhongchemical.com\\\/product\\\/cha-6-cas-80806-68-4\\\/#primaryimage\",\"url\":\"https:\\\/\\\/changhongchemical.com\\\/wp-content\\\/uploads\\\/2025\\\/03\\\/CHA-6.jpg\",\"contentUrl\":\"https:\\\/\\\/changhongchemical.com\\\/wp-content\\\/uploads\\\/2025\\\/03\\\/CHA-6.jpg\",\"width\":300,\"height\":300},{\"@type\":\"BreadcrumbList\",\"@id\":\"https:\\\/\\\/changhongchemical.com\\\/product\\\/cha-6-cas-80806-68-4\\\/#breadcrumb\",\"itemListElement\":[{\"@type\":\"ListItem\",\"position\":1,\"name\":\"Home\",\"item\":\"https:\\\/\\\/changhongchemical.com\\\/\"},{\"@type\":\"ListItem\",\"position\":2,\"name\":\"Products Changhong\",\"item\":\"https:\\\/\\\/changhongchemical.com\\\/product\\\/\"},{\"@type\":\"ListItem\",\"position\":3,\"name\":\"CHLUMOFIUOR\u00ae CHA-6 Perfluorohexyl propanol CAS 80806-68-4\"}]},{\"@type\":\"WebSite\",\"@id\":\"https:\\\/\\\/changhongchemical.com\\\/#website\",\"url\":\"https:\\\/\\\/changhongchemical.com\\\/\",\"name\":\"Changhong Chemical\",\"description\":\"China chemical manufacturer \uff06 supplier\",\"publisher\":{\"@id\":\"https:\\\/\\\/changhongchemical.com\\\/#organization\"},\"potentialAction\":[{\"@type\":\"SearchAction\",\"target\":{\"@type\":\"EntryPoint\",\"urlTemplate\":\"https:\\\/\\\/changhongchemical.com\\\/?s={search_term_string}\"},\"query-input\":{\"@type\":\"PropertyValueSpecification\",\"valueRequired\":true,\"valueName\":\"search_term_string\"}}],\"inLanguage\":\"it-IT\"},{\"@type\":\"Organization\",\"@id\":\"https:\\\/\\\/changhongchemical.com\\\/#organization\",\"name\":\"Changhong Chemical\",\"url\":\"https:\\\/\\\/changhongchemical.com\\\/\",\"logo\":{\"@type\":\"ImageObject\",\"inLanguage\":\"it-IT\",\"@id\":\"https:\\\/\\\/changhongchemical.com\\\/#\\\/schema\\\/logo\\\/image\\\/\",\"url\":\"https:\\\/\\\/changhongchemical.com\\\/wp-content\\\/uploads\\\/2020\\\/08\\\/cropped-longchang-logo.png\",\"contentUrl\":\"https:\\\/\\\/changhongchemical.com\\\/wp-content\\\/uploads\\\/2020\\\/08\\\/cropped-longchang-logo.png\",\"width\":512,\"height\":512,\"caption\":\"Changhong Chemical\"},\"image\":{\"@id\":\"https:\\\/\\\/changhongchemical.com\\\/#\\\/schema\\\/logo\\\/image\\\/\"}}]}<\/script>\n<!-- \/ Yoast SEO plugin. -->","yoast_head_json":{"title":"Cina CHLUMOFIUOR\u00ae CHA-6 Perfluorohexyl propanol CAS 80806-68-4 Produttore - Changhong Chemical","description":"CHA-6 3-(Perfluorohexyl)propanol CAS No.: 80806-68-4 Molecular Formula: C6F13CH2CH2CH2OH Molecular weight: 378.13 EINECS No.: None","robots":{"index":"index","follow":"follow","max-snippet":"max-snippet:-1","max-image-preview":"max-image-preview:large","max-video-preview":"max-video-preview:-1"},"canonical":"https:\/\/changhongchemical.com\/it\/product\/cha-6-cas-80806-68-4\/","og_locale":"it_IT","og_type":"article","og_title":"China CHLUMOFIUOR\u00ae CHA-6 Perfluorohexyl propanol CAS 80806-68-4 Manufacturer - Changhong Chemical","og_description":"CHA-6 3-(Perfluorohexyl)propanol CAS No.: 80806-68-4 Molecular Formula: C6F13CH2CH2CH2OH Molecular weight: 378.13 EINECS No.: None","og_url":"https:\/\/changhongchemical.com\/it\/product\/cha-6-cas-80806-68-4\/","og_site_name":"Changhong Chemical","article_modified_time":"2026-01-08T08:06:12+00:00","og_image":[{"width":300,"height":300,"url":"https:\/\/changhongchemical.com\/wp-content\/uploads\/2025\/03\/CHA-6.jpg","type":"image\/jpeg"}],"twitter_card":"summary_large_image","twitter_misc":{"Tempo di lettura stimato":"1 minuto"},"schema":{"@context":"https:\/\/schema.org","@graph":[{"@type":"WebPage","@id":"https:\/\/changhongchemical.com\/product\/cha-6-cas-80806-68-4\/","url":"https:\/\/changhongchemical.com\/product\/cha-6-cas-80806-68-4\/","name":"Cina CHLUMOFIUOR\u00ae CHA-6 Perfluorohexyl propanol CAS 80806-68-4 Produttore - Changhong Chemical","isPartOf":{"@id":"https:\/\/changhongchemical.com\/#website"},"primaryImageOfPage":{"@id":"https:\/\/changhongchemical.com\/product\/cha-6-cas-80806-68-4\/#primaryimage"},"image":{"@id":"https:\/\/changhongchemical.com\/product\/cha-6-cas-80806-68-4\/#primaryimage"},"thumbnailUrl":"https:\/\/changhongchemical.com\/wp-content\/uploads\/2025\/03\/CHA-6.jpg","datePublished":"2025-03-25T06:09:33+00:00","dateModified":"2026-01-08T08:06:12+00:00","description":"CHA-6 3-(Perfluorohexyl)propanol CAS No.: 80806-68-4 Molecular Formula: C6F13CH2CH2CH2OH Molecular weight: 378.13 EINECS No.: None","breadcrumb":{"@id":"https:\/\/changhongchemical.com\/product\/cha-6-cas-80806-68-4\/#breadcrumb"},"inLanguage":"it-IT","potentialAction":[{"@type":"ReadAction","target":["https:\/\/changhongchemical.com\/product\/cha-6-cas-80806-68-4\/"]}]},{"@type":"ImageObject","inLanguage":"it-IT","@id":"https:\/\/changhongchemical.com\/product\/cha-6-cas-80806-68-4\/#primaryimage","url":"https:\/\/changhongchemical.com\/wp-content\/uploads\/2025\/03\/CHA-6.jpg","contentUrl":"https:\/\/changhongchemical.com\/wp-content\/uploads\/2025\/03\/CHA-6.jpg","width":300,"height":300},{"@type":"BreadcrumbList","@id":"https:\/\/changhongchemical.com\/product\/cha-6-cas-80806-68-4\/#breadcrumb","itemListElement":[{"@type":"ListItem","position":1,"name":"Home","item":"https:\/\/changhongchemical.com\/"},{"@type":"ListItem","position":2,"name":"Products Changhong","item":"https:\/\/changhongchemical.com\/product\/"},{"@type":"ListItem","position":3,"name":"CHLUMOFIUOR\u00ae CHA-6 Perfluorohexyl propanol CAS 80806-68-4"}]},{"@type":"WebSite","@id":"https:\/\/changhongchemical.com\/#website","url":"https:\/\/changhongchemical.com\/","name":"Changhong Chemical","description":"Cina produttore di prodotti chimici \uff06 fornitore","publisher":{"@id":"https:\/\/changhongchemical.com\/#organization"},"potentialAction":[{"@type":"SearchAction","target":{"@type":"EntryPoint","urlTemplate":"https:\/\/changhongchemical.com\/?s={search_term_string}"},"query-input":{"@type":"PropertyValueSpecification","valueRequired":true,"valueName":"search_term_string"}}],"inLanguage":"it-IT"},{"@type":"Organization","@id":"https:\/\/changhongchemical.com\/#organization","name":"Changhong Chemical","url":"https:\/\/changhongchemical.com\/","logo":{"@type":"ImageObject","inLanguage":"it-IT","@id":"https:\/\/changhongchemical.com\/#\/schema\/logo\/image\/","url":"https:\/\/changhongchemical.com\/wp-content\/uploads\/2020\/08\/cropped-longchang-logo.png","contentUrl":"https:\/\/changhongchemical.com\/wp-content\/uploads\/2020\/08\/cropped-longchang-logo.png","width":512,"height":512,"caption":"Changhong Chemical"},"image":{"@id":"https:\/\/changhongchemical.com\/#\/schema\/logo\/image\/"}}]}},"_links":{"self":[{"href":"https:\/\/changhongchemical.com\/it\/wp-json\/wp\/v2\/product\/8332","targetHints":{"allow":["GET"]}}],"collection":[{"href":"https:\/\/changhongchemical.com\/it\/wp-json\/wp\/v2\/product"}],"about":[{"href":"https:\/\/changhongchemical.com\/it\/wp-json\/wp\/v2\/types\/product"}],"replies":[{"embeddable":true,"href":"https:\/\/changhongchemical.com\/it\/wp-json\/wp\/v2\/comments?post=8332"}],"wp:featuredmedia":[{"embeddable":true,"href":"https:\/\/changhongchemical.com\/it\/wp-json\/wp\/v2\/media\/8333"}],"wp:attachment":[{"href":"https:\/\/changhongchemical.com\/it\/wp-json\/wp\/v2\/media?parent=8332"}],"wp:term":[{"taxonomy":"product_brand","embeddable":true,"href":"https:\/\/changhongchemical.com\/it\/wp-json\/wp\/v2\/product_brand?post=8332"},{"taxonomy":"product_cat","embeddable":true,"href":"https:\/\/changhongchemical.com\/it\/wp-json\/wp\/v2\/product_cat?post=8332"},{"taxonomy":"product_tag","embeddable":true,"href":"https:\/\/changhongchemical.com\/it\/wp-json\/wp\/v2\/product_tag?post=8332"}],"curies":[{"name":"wp","href":"https:\/\/api.w.org\/{rel}","templated":true}]}}