{"id":8190,"date":"2025-03-24T04:06:34","date_gmt":"2025-03-24T04:06:34","guid":{"rendered":"https:\/\/changhongchemical.com\/?post_type=product&#038;p=8190"},"modified":"2025-05-12T02:59:00","modified_gmt":"2025-05-12T02:59:00","slug":"ch-202","status":"publish","type":"product","link":"https:\/\/changhongchemical.com\/it\/product\/ch-202\/","title":{"rendered":"CHLUMOFIUOR\u00ae CH-202 dispersione di resina acrilica fluorurata a base acquosa"},"content":{"rendered":"<p>Indice di prestazione:<br \/>\nAspetto: liquido bianco lattiginoso<br \/>\nContenuto di fluoro solido (%): 10\u00b11<br \/>\nContenuto solido (%): 45\u00b12<br \/>\nTemperatura di transizione vetrosa (\u2103): 35<br \/>\nDensit\u00e0 (g\/mL): 1,1\u00b10,05@20\u00b0C<br \/>\nValore idrossilico (mgKOH\/g): 115\u00b15<br \/>\nValore del pH: 7,0\uff5e9,0<br \/>\nPropriet\u00e0 ioniche: anioniche<\/p>\n<p>Caratteristiche del prodotto.<br \/>\nElevata resistenza agli agenti atmosferici, resistenza alle macchie, elevata lucentezza, assenza di ingiallimento, elevata durezza, resistenza all'usura<br \/>\nAree di applicazione: vernici fluorocarboniche all'acqua<br \/>\nVernice al fluorocarbonio a base d'acqua, vernice di sovrastampa al fluorocarbonio a base d'acqua.<br \/>\nImballaggio e stoccaggio.<br \/>\nQuesto prodotto \u00e8 confezionato in 200Kg\/drum. Il prodotto deve essere conservato in contenitori chiusi, evitando il congelamento e le alte temperature, temperatura di conservazione 5 ~ 30 \u2103, durata di conservazione di un anno.<\/p>\n<p>Altri nomi: il nome del prodotto<\/p>\n<p>Emulsione di resina acrilica fluorurata a base acquosa<\/p>\n<p>Dispersione acquosa di resina acrilica fluorurata<\/p>\n<p>Dispersione acquosa di resina acrilica fluorurata<\/p>\n<p>Dispersione acquosa di resina acrilica fluorurata<\/p>\n<h2><strong><b>Contattateci ora!<\/b><\/strong><\/h2>\n<h4><strong><b>Se avete bisogno di Price, inserite i vostri dati di contatto nel modulo sottostante; di solito vi contatteremo entro 24 ore. Potete anche inviarmi un'e-mail\u00a0<span style=\"color: #00ccff;\"><a style=\"color: #00ccff;\" href=\"mailto:info@changhongchemical.com\">info@changhongchemical.com<\/a><\/span>\u00a0durante l'orario di lavoro (dalle 8:30 alle 18:00 UTC+8 lun.-sab.) o utilizzare la live chat del sito web per ottenere una risposta immediata.<\/b><\/strong><\/h4>","protected":false},"excerpt":{"rendered":"<p>CH-201 \u00e8 una dispersione di resina acrilica idrossilfluorurata. Questo prodotto \u00e8 ottenuto con il metodo del trasferimento di fase e presenta le stesse propriet\u00e0 dei prodotti a base di solvente dopo l'indurimento. Pu\u00f2 formare un sistema bicomponente con un agente di polimerizzazione isocianato a base acquosa e un sistema monocomponente con resina amminica. I rivestimenti a base acquosa preparati con questo prodotto hanno un'elevata resistenza agli agenti atmosferici e alle macchie, un'elevata lucentezza senza ingiallimento e un'elevata durezza con buona resistenza all'abrasione.<\/p>","protected":false},"featured_media":8191,"comment_status":"closed","ping_status":"closed","template":"","meta":[],"product_brand":[],"product_cat":[186],"product_tag":[],"class_list":{"0":"post-8190","1":"product","2":"type-product","3":"status-publish","4":"has-post-thumbnail","6":"product_cat-fluorocarbon-resin","8":"first","9":"instock","10":"shipping-taxable","11":"product-type-simple"},"yoast_head":"<!-- This site is optimized with the Yoast SEO plugin v27.4 - https:\/\/yoast.com\/product\/yoast-seo-wordpress\/ -->\n<title>China CHLUMOFIUOR\u00ae CH-202 waterborne fluorinated acrylate resin dispersion Manufacturer - Changhong Chemical<\/title>\n<meta name=\"description\" content=\"CH-201 is a hydroxyl fluorinated acrylic resin dispersion. This product is produced by phase transfer method and has the same properties as solvent-based...\" \/>\n<meta name=\"robots\" content=\"index, follow, max-snippet:-1, max-image-preview:large, max-video-preview:-1\" \/>\n<link rel=\"canonical\" href=\"https:\/\/changhongchemical.com\/it\/product\/ch-202\/\" \/>\n<meta property=\"og:locale\" content=\"it_IT\" \/>\n<meta property=\"og:type\" content=\"article\" \/>\n<meta property=\"og:title\" content=\"China CHLUMOFIUOR\u00ae CH-202 waterborne fluorinated acrylate resin dispersion Manufacturer - Changhong Chemical\" \/>\n<meta property=\"og:description\" content=\"CH-201 is a hydroxyl fluorinated acrylic resin dispersion. This product is produced by phase transfer method and has the same properties as solvent-based...\" \/>\n<meta property=\"og:url\" content=\"https:\/\/changhongchemical.com\/it\/product\/ch-202\/\" \/>\n<meta property=\"og:site_name\" content=\"Changhong Chemical\" \/>\n<meta property=\"article:modified_time\" content=\"2025-05-12T02:59:00+00:00\" \/>\n<meta property=\"og:image\" content=\"https:\/\/changhongchemical.com\/wp-content\/uploads\/2025\/03\/CH-202.jpg\" \/>\n\t<meta property=\"og:image:width\" content=\"600\" \/>\n\t<meta property=\"og:image:height\" content=\"600\" \/>\n\t<meta property=\"og:image:type\" content=\"image\/jpeg\" \/>\n<meta name=\"twitter:card\" content=\"summary_large_image\" \/>\n<meta name=\"twitter:label1\" content=\"Tempo di lettura stimato\" \/>\n\t<meta name=\"twitter:data1\" content=\"1 minuto\" \/>\n<script type=\"application\/ld+json\" class=\"yoast-schema-graph\">{\"@context\":\"https:\\\/\\\/schema.org\",\"@graph\":[{\"@type\":\"WebPage\",\"@id\":\"https:\\\/\\\/changhongchemical.com\\\/product\\\/ch-202\\\/\",\"url\":\"https:\\\/\\\/changhongchemical.com\\\/product\\\/ch-202\\\/\",\"name\":\"China CHLUMOFIUOR\u00ae CH-202 waterborne fluorinated acrylate resin dispersion Manufacturer - Changhong Chemical\",\"isPartOf\":{\"@id\":\"https:\\\/\\\/changhongchemical.com\\\/#website\"},\"primaryImageOfPage\":{\"@id\":\"https:\\\/\\\/changhongchemical.com\\\/product\\\/ch-202\\\/#primaryimage\"},\"image\":{\"@id\":\"https:\\\/\\\/changhongchemical.com\\\/product\\\/ch-202\\\/#primaryimage\"},\"thumbnailUrl\":\"https:\\\/\\\/changhongchemical.com\\\/wp-content\\\/uploads\\\/2025\\\/03\\\/CH-202.jpg\",\"datePublished\":\"2025-03-24T04:06:34+00:00\",\"dateModified\":\"2025-05-12T02:59:00+00:00\",\"description\":\"CH-201 is a hydroxyl fluorinated acrylic resin dispersion. This product is produced by phase transfer method and has the same properties as solvent-based...\",\"breadcrumb\":{\"@id\":\"https:\\\/\\\/changhongchemical.com\\\/product\\\/ch-202\\\/#breadcrumb\"},\"inLanguage\":\"it-IT\",\"potentialAction\":[{\"@type\":\"ReadAction\",\"target\":[\"https:\\\/\\\/changhongchemical.com\\\/product\\\/ch-202\\\/\"]}]},{\"@type\":\"ImageObject\",\"inLanguage\":\"it-IT\",\"@id\":\"https:\\\/\\\/changhongchemical.com\\\/product\\\/ch-202\\\/#primaryimage\",\"url\":\"https:\\\/\\\/changhongchemical.com\\\/wp-content\\\/uploads\\\/2025\\\/03\\\/CH-202.jpg\",\"contentUrl\":\"https:\\\/\\\/changhongchemical.com\\\/wp-content\\\/uploads\\\/2025\\\/03\\\/CH-202.jpg\",\"width\":600,\"height\":600},{\"@type\":\"BreadcrumbList\",\"@id\":\"https:\\\/\\\/changhongchemical.com\\\/product\\\/ch-202\\\/#breadcrumb\",\"itemListElement\":[{\"@type\":\"ListItem\",\"position\":1,\"name\":\"Home\",\"item\":\"https:\\\/\\\/changhongchemical.com\\\/\"},{\"@type\":\"ListItem\",\"position\":2,\"name\":\"Products Changhong\",\"item\":\"https:\\\/\\\/changhongchemical.com\\\/product\\\/\"},{\"@type\":\"ListItem\",\"position\":3,\"name\":\"CHLUMOFIUOR\u00ae CH-202 waterborne fluorinated acrylate resin dispersion\"}]},{\"@type\":\"WebSite\",\"@id\":\"https:\\\/\\\/changhongchemical.com\\\/#website\",\"url\":\"https:\\\/\\\/changhongchemical.com\\\/\",\"name\":\"Changhong Chemical\",\"description\":\"China chemical manufacturer \uff06 supplier\",\"publisher\":{\"@id\":\"https:\\\/\\\/changhongchemical.com\\\/#organization\"},\"potentialAction\":[{\"@type\":\"SearchAction\",\"target\":{\"@type\":\"EntryPoint\",\"urlTemplate\":\"https:\\\/\\\/changhongchemical.com\\\/?s={search_term_string}\"},\"query-input\":{\"@type\":\"PropertyValueSpecification\",\"valueRequired\":true,\"valueName\":\"search_term_string\"}}],\"inLanguage\":\"it-IT\"},{\"@type\":\"Organization\",\"@id\":\"https:\\\/\\\/changhongchemical.com\\\/#organization\",\"name\":\"Changhong Chemical\",\"url\":\"https:\\\/\\\/changhongchemical.com\\\/\",\"logo\":{\"@type\":\"ImageObject\",\"inLanguage\":\"it-IT\",\"@id\":\"https:\\\/\\\/changhongchemical.com\\\/#\\\/schema\\\/logo\\\/image\\\/\",\"url\":\"https:\\\/\\\/changhongchemical.com\\\/wp-content\\\/uploads\\\/2020\\\/08\\\/cropped-longchang-logo.png\",\"contentUrl\":\"https:\\\/\\\/changhongchemical.com\\\/wp-content\\\/uploads\\\/2020\\\/08\\\/cropped-longchang-logo.png\",\"width\":512,\"height\":512,\"caption\":\"Changhong Chemical\"},\"image\":{\"@id\":\"https:\\\/\\\/changhongchemical.com\\\/#\\\/schema\\\/logo\\\/image\\\/\"}}]}<\/script>\n<!-- \/ Yoast SEO plugin. -->","yoast_head_json":{"title":"Cina CHLUMOFIUOR\u00ae CH-202 dispersione di resina acrilica fluorurata a base acquosa Produttore - Changhong Chemical","description":"CH-201 is a hydroxyl fluorinated acrylic resin dispersion. This product is produced by phase transfer method and has the same properties as solvent-based...","robots":{"index":"index","follow":"follow","max-snippet":"max-snippet:-1","max-image-preview":"max-image-preview:large","max-video-preview":"max-video-preview:-1"},"canonical":"https:\/\/changhongchemical.com\/it\/product\/ch-202\/","og_locale":"it_IT","og_type":"article","og_title":"China CHLUMOFIUOR\u00ae CH-202 waterborne fluorinated acrylate resin dispersion Manufacturer - Changhong Chemical","og_description":"CH-201 is a hydroxyl fluorinated acrylic resin dispersion. This product is produced by phase transfer method and has the same properties as solvent-based...","og_url":"https:\/\/changhongchemical.com\/it\/product\/ch-202\/","og_site_name":"Changhong Chemical","article_modified_time":"2025-05-12T02:59:00+00:00","og_image":[{"width":600,"height":600,"url":"https:\/\/changhongchemical.com\/wp-content\/uploads\/2025\/03\/CH-202.jpg","type":"image\/jpeg"}],"twitter_card":"summary_large_image","twitter_misc":{"Tempo di lettura stimato":"1 minuto"},"schema":{"@context":"https:\/\/schema.org","@graph":[{"@type":"WebPage","@id":"https:\/\/changhongchemical.com\/product\/ch-202\/","url":"https:\/\/changhongchemical.com\/product\/ch-202\/","name":"Cina CHLUMOFIUOR\u00ae CH-202 dispersione di resina acrilica fluorurata a base acquosa Produttore - Changhong Chemical","isPartOf":{"@id":"https:\/\/changhongchemical.com\/#website"},"primaryImageOfPage":{"@id":"https:\/\/changhongchemical.com\/product\/ch-202\/#primaryimage"},"image":{"@id":"https:\/\/changhongchemical.com\/product\/ch-202\/#primaryimage"},"thumbnailUrl":"https:\/\/changhongchemical.com\/wp-content\/uploads\/2025\/03\/CH-202.jpg","datePublished":"2025-03-24T04:06:34+00:00","dateModified":"2025-05-12T02:59:00+00:00","description":"CH-201 is a hydroxyl fluorinated acrylic resin dispersion. This product is produced by phase transfer method and has the same properties as solvent-based...","breadcrumb":{"@id":"https:\/\/changhongchemical.com\/product\/ch-202\/#breadcrumb"},"inLanguage":"it-IT","potentialAction":[{"@type":"ReadAction","target":["https:\/\/changhongchemical.com\/product\/ch-202\/"]}]},{"@type":"ImageObject","inLanguage":"it-IT","@id":"https:\/\/changhongchemical.com\/product\/ch-202\/#primaryimage","url":"https:\/\/changhongchemical.com\/wp-content\/uploads\/2025\/03\/CH-202.jpg","contentUrl":"https:\/\/changhongchemical.com\/wp-content\/uploads\/2025\/03\/CH-202.jpg","width":600,"height":600},{"@type":"BreadcrumbList","@id":"https:\/\/changhongchemical.com\/product\/ch-202\/#breadcrumb","itemListElement":[{"@type":"ListItem","position":1,"name":"Home","item":"https:\/\/changhongchemical.com\/"},{"@type":"ListItem","position":2,"name":"Products Changhong","item":"https:\/\/changhongchemical.com\/product\/"},{"@type":"ListItem","position":3,"name":"CHLUMOFIUOR\u00ae CH-202 waterborne fluorinated acrylate resin dispersion"}]},{"@type":"WebSite","@id":"https:\/\/changhongchemical.com\/#website","url":"https:\/\/changhongchemical.com\/","name":"Changhong Chemical","description":"Cina produttore di prodotti chimici \uff06 fornitore","publisher":{"@id":"https:\/\/changhongchemical.com\/#organization"},"potentialAction":[{"@type":"SearchAction","target":{"@type":"EntryPoint","urlTemplate":"https:\/\/changhongchemical.com\/?s={search_term_string}"},"query-input":{"@type":"PropertyValueSpecification","valueRequired":true,"valueName":"search_term_string"}}],"inLanguage":"it-IT"},{"@type":"Organization","@id":"https:\/\/changhongchemical.com\/#organization","name":"Changhong Chemical","url":"https:\/\/changhongchemical.com\/","logo":{"@type":"ImageObject","inLanguage":"it-IT","@id":"https:\/\/changhongchemical.com\/#\/schema\/logo\/image\/","url":"https:\/\/changhongchemical.com\/wp-content\/uploads\/2020\/08\/cropped-longchang-logo.png","contentUrl":"https:\/\/changhongchemical.com\/wp-content\/uploads\/2020\/08\/cropped-longchang-logo.png","width":512,"height":512,"caption":"Changhong Chemical"},"image":{"@id":"https:\/\/changhongchemical.com\/#\/schema\/logo\/image\/"}}]}},"_links":{"self":[{"href":"https:\/\/changhongchemical.com\/it\/wp-json\/wp\/v2\/product\/8190","targetHints":{"allow":["GET"]}}],"collection":[{"href":"https:\/\/changhongchemical.com\/it\/wp-json\/wp\/v2\/product"}],"about":[{"href":"https:\/\/changhongchemical.com\/it\/wp-json\/wp\/v2\/types\/product"}],"replies":[{"embeddable":true,"href":"https:\/\/changhongchemical.com\/it\/wp-json\/wp\/v2\/comments?post=8190"}],"wp:featuredmedia":[{"embeddable":true,"href":"https:\/\/changhongchemical.com\/it\/wp-json\/wp\/v2\/media\/8191"}],"wp:attachment":[{"href":"https:\/\/changhongchemical.com\/it\/wp-json\/wp\/v2\/media?parent=8190"}],"wp:term":[{"taxonomy":"product_brand","embeddable":true,"href":"https:\/\/changhongchemical.com\/it\/wp-json\/wp\/v2\/product_brand?post=8190"},{"taxonomy":"product_cat","embeddable":true,"href":"https:\/\/changhongchemical.com\/it\/wp-json\/wp\/v2\/product_cat?post=8190"},{"taxonomy":"product_tag","embeddable":true,"href":"https:\/\/changhongchemical.com\/it\/wp-json\/wp\/v2\/product_tag?post=8190"}],"curies":[{"name":"wp","href":"https:\/\/api.w.org\/{rel}","templated":true}]}}