{"id":6059,"date":"2023-04-30T12:57:39","date_gmt":"2023-04-30T12:57:39","guid":{"rendered":"https:\/\/changhongchemical.com\/?post_type=product&#038;p=6059"},"modified":"2026-04-24T01:40:47","modified_gmt":"2026-04-24T01:40:47","slug":"lcsorb-uv-928-cas-73936-91-1","status":"publish","type":"product","link":"https:\/\/changhongchemical.com\/it\/product\/lcsorb-uv-928-cas-73936-91-1\/","title":{"rendered":"CHLUMIUV\u00ae UV-928 CAS 73936-91-1"},"content":{"rendered":"<h1><strong>UV-928 CAS 73936-91-1<\/strong><\/h1>\n<table style=\"border-collapse: collapse; width: 265.52pt;\" border=\"0\" width=\"354\" cellspacing=\"0\" cellpadding=\"0\">\n<tbody>\n<tr style=\"height: 13.50pt;\">\n<td class=\"et2\" style=\"height: 13.50pt; width: 125.25pt;\" width=\"167\" height=\"18\">Aspetto<\/td>\n<td class=\"et2\" style=\"width: 140.25pt;\" width=\"187\">cristallo giallo chiaro<\/td>\n<\/tr>\n<tr style=\"height: 13.50pt;\">\n<td class=\"et2\" style=\"height: 13.50pt;\" height=\"18\">Contenuto<\/td>\n<td class=\"et2\">\u226598%<\/td>\n<\/tr>\n<tr style=\"height: 13.50pt;\">\n<td class=\"et2\" style=\"height: 13.50pt;\" height=\"18\">Punto di fusione<\/td>\n<td class=\"et2\">108-112\u00b0C<\/td>\n<\/tr>\n<tr style=\"height: 13.50pt;\">\n<td class=\"et2\" style=\"height: 13.50pt;\" height=\"18\">Materia volatile<\/td>\n<td class=\"et2\">\u2264 0,3%<\/td>\n<\/tr>\n<tr style=\"height: 13.50pt;\">\n<td class=\"et2\" style=\"height: 13.50pt;\" height=\"18\">Cenere<\/td>\n<td class=\"et2\">\u2264 0,1%<\/td>\n<\/tr>\n<tr style=\"height: 13.50pt;\">\n<td class=\"et3\" style=\"height: 27.00pt;\" rowspan=\"2\" height=\"36\">Trasmittanza luminosa:<\/td>\n<td class=\"et2\">460nm: \u2265 97%<\/td>\n<\/tr>\n<tr style=\"height: 13.50pt;\">\n<td class=\"et2\">500nm: \u226598%<\/td>\n<\/tr>\n<\/tbody>\n<\/table>\n<h2><strong>Uso di UV-928<\/strong><\/h2>\n<p>1. Assorbitore UV UV-928 \u00e8 un assorbitore UV benzotriazolico, in grado di assorbire la luce UV da 270 a 380 nm, con picchi di assorbimento di 303 nm e 343 nm. Ha una buona compatibilit\u00e0, bassa volatilit\u00e0, buona disperdibilit\u00e0, bassa migrazione, buona stabilit\u00e0 termica ed elevata efficienza di assorbimento. \u00c8 adatto per i sistemi di polimerizzazione ad alta temperatura, per i rivestimenti in polvere, per i rivestimenti in acciaio in bobina e soprattutto per il rivestimento superficiale dei rivestimenti. In combinazione con gli stabilizzatori della luce UV292 e UV123, pu\u00f2 migliorare significativamente la durata del rivestimento e inibire la perdita di luce, lo scolorimento, la fessurazione e la delaminazione del rivestimento. Il dosaggio generale \u00e8 di 1,0-3,0%.<\/p>\n<p>2. Applicabile a: Assorbitore UV per rivestimenti ad alte prestazioni. Con un'ampia gamma di propriet\u00e0 di assorbimento, pu\u00f2 proteggere efficacemente i rivestimenti e altri materiali fotosensibili. Possiede inoltre un'elevata solubilit\u00e0, una resistenza alle alte temperature e una buona durata ambientale, particolarmente adatta ai sistemi di polimerizzazione ad alta temperatura, come i rivestimenti in polvere, i rivestimenti in acciaio in bobina, ecc.<\/p>\n<h2><strong>Contattateci ora!<\/strong><\/h2>\n<p><strong>Se avete bisogno di COA, MSDS o TDS di <span style=\"color: #00ccff;\"><a style=\"color: #00ccff;\" href=\"https:\/\/changhongchemical.com\/product-category\/lcsorb-uv-absorber\/\">Assorbitore UV lcsorb<\/a><\/span>Se non si \u00e8 in grado di contattare il cliente, si prega di inserire i propri dati di contatto nel modulo sottostante; di solito ci metteremo in contatto con lui entro 24 ore. Potete anche inviarmi un'e-mail <span style=\"color: #00ccff;\"><a style=\"color: #00ccff;\" href=\"mailto:info@changhongchemical.com\">info@changhongchemical.com<\/a> <\/span>durante l'orario di lavoro (dalle 8:30 alle 18:00 UTC+8 lun.-sab.) o utilizzare la live chat del sito web per ottenere una risposta immediata.<\/strong><\/p>","protected":false},"excerpt":{"rendered":"<p>UV-928 CAS 73936-91-1 Appearance light yellow crystal Content \u226598% Melting point 108-112\u00b0C Volatile matter \u2264 0.3% Ash \u2264 0.1% Light transmittance: 460nm: \u2265 97% 500nm: \u226598% UV-928 Usage 1. UV absorber UV-928 is a benzotriazole UV absorber, capable&#8230;<\/p>","protected":false},"featured_media":7951,"comment_status":"closed","ping_status":"closed","template":"","meta":[],"product_brand":[],"product_cat":[139],"product_tag":[],"class_list":{"0":"post-6059","1":"product","2":"type-product","3":"status-publish","4":"has-post-thumbnail","6":"product_cat-uv-absorber","8":"first","9":"instock","10":"shipping-taxable","11":"product-type-simple"},"yoast_head":"<!-- This site is optimized with the Yoast SEO plugin v27.4 - https:\/\/yoast.com\/product\/yoast-seo-wordpress\/ -->\n<title>China CHLUMIUV\u00ae UV-928 CAS 73936-91-1 Manufacturer - Changhong Chemical<\/title>\n<meta name=\"description\" content=\"UV-928 CAS 73936-91-1 Appearance light yellow crystal Content \u226598% Melting point 108-112\u00b0C Volatile matter \u2264 0.3% Ash \u2264 0.1% Light transmittance: 460nm: \u2265...\" \/>\n<meta name=\"robots\" content=\"index, follow, max-snippet:-1, max-image-preview:large, max-video-preview:-1\" \/>\n<link rel=\"canonical\" href=\"https:\/\/changhongchemical.com\/it\/product\/lcsorb-uv-928-cas-73936-91-1\/\" \/>\n<meta property=\"og:locale\" content=\"it_IT\" \/>\n<meta property=\"og:type\" content=\"article\" \/>\n<meta property=\"og:title\" content=\"China CHLUMIUV\u00ae UV-928 CAS 73936-91-1 Manufacturer - Changhong Chemical\" \/>\n<meta property=\"og:description\" content=\"UV-928 CAS 73936-91-1 Appearance light yellow crystal Content \u226598% Melting point 108-112\u00b0C Volatile matter \u2264 0.3% Ash \u2264 0.1% Light transmittance: 460nm: \u2265...\" \/>\n<meta property=\"og:url\" content=\"https:\/\/changhongchemical.com\/it\/product\/lcsorb-uv-928-cas-73936-91-1\/\" \/>\n<meta property=\"og:site_name\" content=\"Changhong Chemical\" \/>\n<meta property=\"article:modified_time\" content=\"2026-04-24T01:40:47+00:00\" \/>\n<meta property=\"og:image\" content=\"https:\/\/changhongchemical.com\/wp-content\/uploads\/2023\/04\/73936-91-1.jpg\" \/>\n\t<meta property=\"og:image:width\" content=\"600\" \/>\n\t<meta property=\"og:image:height\" content=\"600\" \/>\n\t<meta property=\"og:image:type\" content=\"image\/jpeg\" \/>\n<meta name=\"twitter:card\" content=\"summary_large_image\" \/>\n<meta name=\"twitter:label1\" content=\"Tempo di lettura stimato\" \/>\n\t<meta name=\"twitter:data1\" content=\"2 minuti\" \/>\n<script type=\"application\/ld+json\" class=\"yoast-schema-graph\">{\"@context\":\"https:\\\/\\\/schema.org\",\"@graph\":[{\"@type\":\"WebPage\",\"@id\":\"https:\\\/\\\/changhongchemical.com\\\/product\\\/lcsorb-uv-928-cas-73936-91-1\\\/\",\"url\":\"https:\\\/\\\/changhongchemical.com\\\/product\\\/lcsorb-uv-928-cas-73936-91-1\\\/\",\"name\":\"China CHLUMIUV\u00ae UV-928 CAS 73936-91-1 Manufacturer - Changhong Chemical\",\"isPartOf\":{\"@id\":\"https:\\\/\\\/changhongchemical.com\\\/#website\"},\"primaryImageOfPage\":{\"@id\":\"https:\\\/\\\/changhongchemical.com\\\/product\\\/lcsorb-uv-928-cas-73936-91-1\\\/#primaryimage\"},\"image\":{\"@id\":\"https:\\\/\\\/changhongchemical.com\\\/product\\\/lcsorb-uv-928-cas-73936-91-1\\\/#primaryimage\"},\"thumbnailUrl\":\"https:\\\/\\\/changhongchemical.com\\\/wp-content\\\/uploads\\\/2023\\\/04\\\/73936-91-1.jpg\",\"datePublished\":\"2023-04-30T12:57:39+00:00\",\"dateModified\":\"2026-04-24T01:40:47+00:00\",\"description\":\"UV-928 CAS 73936-91-1 Appearance light yellow crystal Content \u226598% Melting point 108-112\u00b0C Volatile matter \u2264 0.3% Ash \u2264 0.1% Light transmittance: 460nm: \u2265...\",\"breadcrumb\":{\"@id\":\"https:\\\/\\\/changhongchemical.com\\\/product\\\/lcsorb-uv-928-cas-73936-91-1\\\/#breadcrumb\"},\"inLanguage\":\"it-IT\",\"potentialAction\":[{\"@type\":\"ReadAction\",\"target\":[\"https:\\\/\\\/changhongchemical.com\\\/product\\\/lcsorb-uv-928-cas-73936-91-1\\\/\"]}]},{\"@type\":\"ImageObject\",\"inLanguage\":\"it-IT\",\"@id\":\"https:\\\/\\\/changhongchemical.com\\\/product\\\/lcsorb-uv-928-cas-73936-91-1\\\/#primaryimage\",\"url\":\"https:\\\/\\\/changhongchemical.com\\\/wp-content\\\/uploads\\\/2023\\\/04\\\/73936-91-1.jpg\",\"contentUrl\":\"https:\\\/\\\/changhongchemical.com\\\/wp-content\\\/uploads\\\/2023\\\/04\\\/73936-91-1.jpg\",\"width\":600,\"height\":600},{\"@type\":\"BreadcrumbList\",\"@id\":\"https:\\\/\\\/changhongchemical.com\\\/product\\\/lcsorb-uv-928-cas-73936-91-1\\\/#breadcrumb\",\"itemListElement\":[{\"@type\":\"ListItem\",\"position\":1,\"name\":\"Home\",\"item\":\"https:\\\/\\\/changhongchemical.com\\\/\"},{\"@type\":\"ListItem\",\"position\":2,\"name\":\"Products Changhong\",\"item\":\"https:\\\/\\\/changhongchemical.com\\\/product\\\/\"},{\"@type\":\"ListItem\",\"position\":3,\"name\":\"CHLUMIUV\u00ae UV-928 CAS 73936-91-1\"}]},{\"@type\":\"WebSite\",\"@id\":\"https:\\\/\\\/changhongchemical.com\\\/#website\",\"url\":\"https:\\\/\\\/changhongchemical.com\\\/\",\"name\":\"Changhong Chemical\",\"description\":\"China chemical manufacturer \uff06 supplier\",\"publisher\":{\"@id\":\"https:\\\/\\\/changhongchemical.com\\\/#organization\"},\"potentialAction\":[{\"@type\":\"SearchAction\",\"target\":{\"@type\":\"EntryPoint\",\"urlTemplate\":\"https:\\\/\\\/changhongchemical.com\\\/?s={search_term_string}\"},\"query-input\":{\"@type\":\"PropertyValueSpecification\",\"valueRequired\":true,\"valueName\":\"search_term_string\"}}],\"inLanguage\":\"it-IT\"},{\"@type\":\"Organization\",\"@id\":\"https:\\\/\\\/changhongchemical.com\\\/#organization\",\"name\":\"Changhong Chemical\",\"url\":\"https:\\\/\\\/changhongchemical.com\\\/\",\"logo\":{\"@type\":\"ImageObject\",\"inLanguage\":\"it-IT\",\"@id\":\"https:\\\/\\\/changhongchemical.com\\\/#\\\/schema\\\/logo\\\/image\\\/\",\"url\":\"https:\\\/\\\/changhongchemical.com\\\/wp-content\\\/uploads\\\/2020\\\/08\\\/cropped-longchang-logo.png\",\"contentUrl\":\"https:\\\/\\\/changhongchemical.com\\\/wp-content\\\/uploads\\\/2020\\\/08\\\/cropped-longchang-logo.png\",\"width\":512,\"height\":512,\"caption\":\"Changhong Chemical\"},\"image\":{\"@id\":\"https:\\\/\\\/changhongchemical.com\\\/#\\\/schema\\\/logo\\\/image\\\/\"}}]}<\/script>\n<!-- \/ Yoast SEO plugin. -->","yoast_head_json":{"title":"Cina CHLUMIUV\u00ae UV-928 CAS 73936-91-1 Produttore - Changhong Chemical","description":"UV-928 CAS 73936-91-1 Appearance light yellow crystal Content \u226598% Melting point 108-112\u00b0C Volatile matter \u2264 0.3% Ash \u2264 0.1% Light transmittance: 460nm: \u2265...","robots":{"index":"index","follow":"follow","max-snippet":"max-snippet:-1","max-image-preview":"max-image-preview:large","max-video-preview":"max-video-preview:-1"},"canonical":"https:\/\/changhongchemical.com\/it\/product\/lcsorb-uv-928-cas-73936-91-1\/","og_locale":"it_IT","og_type":"article","og_title":"China CHLUMIUV\u00ae UV-928 CAS 73936-91-1 Manufacturer - Changhong Chemical","og_description":"UV-928 CAS 73936-91-1 Appearance light yellow crystal Content \u226598% Melting point 108-112\u00b0C Volatile matter \u2264 0.3% Ash \u2264 0.1% Light transmittance: 460nm: \u2265...","og_url":"https:\/\/changhongchemical.com\/it\/product\/lcsorb-uv-928-cas-73936-91-1\/","og_site_name":"Changhong Chemical","article_modified_time":"2026-04-24T01:40:47+00:00","og_image":[{"width":600,"height":600,"url":"https:\/\/changhongchemical.com\/wp-content\/uploads\/2023\/04\/73936-91-1.jpg","type":"image\/jpeg"}],"twitter_card":"summary_large_image","twitter_misc":{"Tempo di lettura stimato":"2 minuti"},"schema":{"@context":"https:\/\/schema.org","@graph":[{"@type":"WebPage","@id":"https:\/\/changhongchemical.com\/product\/lcsorb-uv-928-cas-73936-91-1\/","url":"https:\/\/changhongchemical.com\/product\/lcsorb-uv-928-cas-73936-91-1\/","name":"Cina CHLUMIUV\u00ae UV-928 CAS 73936-91-1 Produttore - Changhong Chemical","isPartOf":{"@id":"https:\/\/changhongchemical.com\/#website"},"primaryImageOfPage":{"@id":"https:\/\/changhongchemical.com\/product\/lcsorb-uv-928-cas-73936-91-1\/#primaryimage"},"image":{"@id":"https:\/\/changhongchemical.com\/product\/lcsorb-uv-928-cas-73936-91-1\/#primaryimage"},"thumbnailUrl":"https:\/\/changhongchemical.com\/wp-content\/uploads\/2023\/04\/73936-91-1.jpg","datePublished":"2023-04-30T12:57:39+00:00","dateModified":"2026-04-24T01:40:47+00:00","description":"UV-928 CAS 73936-91-1 Appearance light yellow crystal Content \u226598% Melting point 108-112\u00b0C Volatile matter \u2264 0.3% Ash \u2264 0.1% Light transmittance: 460nm: \u2265...","breadcrumb":{"@id":"https:\/\/changhongchemical.com\/product\/lcsorb-uv-928-cas-73936-91-1\/#breadcrumb"},"inLanguage":"it-IT","potentialAction":[{"@type":"ReadAction","target":["https:\/\/changhongchemical.com\/product\/lcsorb-uv-928-cas-73936-91-1\/"]}]},{"@type":"ImageObject","inLanguage":"it-IT","@id":"https:\/\/changhongchemical.com\/product\/lcsorb-uv-928-cas-73936-91-1\/#primaryimage","url":"https:\/\/changhongchemical.com\/wp-content\/uploads\/2023\/04\/73936-91-1.jpg","contentUrl":"https:\/\/changhongchemical.com\/wp-content\/uploads\/2023\/04\/73936-91-1.jpg","width":600,"height":600},{"@type":"BreadcrumbList","@id":"https:\/\/changhongchemical.com\/product\/lcsorb-uv-928-cas-73936-91-1\/#breadcrumb","itemListElement":[{"@type":"ListItem","position":1,"name":"Home","item":"https:\/\/changhongchemical.com\/"},{"@type":"ListItem","position":2,"name":"Products Changhong","item":"https:\/\/changhongchemical.com\/product\/"},{"@type":"ListItem","position":3,"name":"CHLUMIUV\u00ae UV-928 CAS 73936-91-1"}]},{"@type":"WebSite","@id":"https:\/\/changhongchemical.com\/#website","url":"https:\/\/changhongchemical.com\/","name":"Changhong Chemical","description":"Cina produttore di prodotti chimici \uff06 fornitore","publisher":{"@id":"https:\/\/changhongchemical.com\/#organization"},"potentialAction":[{"@type":"SearchAction","target":{"@type":"EntryPoint","urlTemplate":"https:\/\/changhongchemical.com\/?s={search_term_string}"},"query-input":{"@type":"PropertyValueSpecification","valueRequired":true,"valueName":"search_term_string"}}],"inLanguage":"it-IT"},{"@type":"Organization","@id":"https:\/\/changhongchemical.com\/#organization","name":"Changhong Chemical","url":"https:\/\/changhongchemical.com\/","logo":{"@type":"ImageObject","inLanguage":"it-IT","@id":"https:\/\/changhongchemical.com\/#\/schema\/logo\/image\/","url":"https:\/\/changhongchemical.com\/wp-content\/uploads\/2020\/08\/cropped-longchang-logo.png","contentUrl":"https:\/\/changhongchemical.com\/wp-content\/uploads\/2020\/08\/cropped-longchang-logo.png","width":512,"height":512,"caption":"Changhong Chemical"},"image":{"@id":"https:\/\/changhongchemical.com\/#\/schema\/logo\/image\/"}}]}},"_links":{"self":[{"href":"https:\/\/changhongchemical.com\/it\/wp-json\/wp\/v2\/product\/6059","targetHints":{"allow":["GET"]}}],"collection":[{"href":"https:\/\/changhongchemical.com\/it\/wp-json\/wp\/v2\/product"}],"about":[{"href":"https:\/\/changhongchemical.com\/it\/wp-json\/wp\/v2\/types\/product"}],"replies":[{"embeddable":true,"href":"https:\/\/changhongchemical.com\/it\/wp-json\/wp\/v2\/comments?post=6059"}],"wp:featuredmedia":[{"embeddable":true,"href":"https:\/\/changhongchemical.com\/it\/wp-json\/wp\/v2\/media\/7951"}],"wp:attachment":[{"href":"https:\/\/changhongchemical.com\/it\/wp-json\/wp\/v2\/media?parent=6059"}],"wp:term":[{"taxonomy":"product_brand","embeddable":true,"href":"https:\/\/changhongchemical.com\/it\/wp-json\/wp\/v2\/product_brand?post=6059"},{"taxonomy":"product_cat","embeddable":true,"href":"https:\/\/changhongchemical.com\/it\/wp-json\/wp\/v2\/product_cat?post=6059"},{"taxonomy":"product_tag","embeddable":true,"href":"https:\/\/changhongchemical.com\/it\/wp-json\/wp\/v2\/product_tag?post=6059"}],"curies":[{"name":"wp","href":"https:\/\/api.w.org\/{rel}","templated":true}]}}