{"id":9293,"date":"2025-11-17T02:01:28","date_gmt":"2025-11-17T02:01:28","guid":{"rendered":"https:\/\/changhongchemical.com\/?post_type=product&#038;p=9293"},"modified":"2025-11-17T02:01:28","modified_gmt":"2025-11-17T02:01:28","slug":"chluminitone","status":"publish","type":"product","link":"https:\/\/changhongchemical.com\/hu\/product\/chluminitone\/","title":{"rendered":"CHLUMINIT\u00aeONE"},"content":{"rendered":"<p><b>Specifik\u00e1ci\u00f3 <\/b><\/p>\n<p>Megjelen\u00e9s: Feh\u00e9r vagy t\u00f6rtfeh\u00e9r por<\/p>\n<p>Tartalom: \u226598.0%<\/p>\n<p>Olvad\u00e1spont: 100-120\u00b0C<\/p>\n<p>Oldhat\u00f3s\u00e1g: v\u00edzben nem old\u00f3dik, a legt\u00f6bb gyakori szerves old\u00f3szerben, monomerekben, prepolimerekben old\u00f3dik; kompatibilis a k\u00f6vetkez\u0151 anyagokkal<\/p>\n<p>gyant\u00e1k.<\/p>\n<p><b>Alkalmaz\u00e1sok <\/b><\/p>\n<p>Tiszta bevonatok f\u00e1hoz, m\u0171anyaghoz, pap\u00edrhoz, f\u00e9mhez, optikai sz\u00e1lakhoz; Padl\u00f3bevonatok; ragaszt\u00f3k; nyomdafest\u00e9kek, k\u00fcl\u00f6n\u00f6sen nyomdafest\u00e9kek<\/p>\n<p>\u00e9lelmiszercsomagol\u00e1shoz; nyom\u00f3lapok.<\/p>\n<p>Az optim\u00e1lis koncentr\u00e1ci\u00f3 0,5 \u00e9s 5% k\u00f6z\u00f6tt van, a rendszer \u00f6sszet\u00e9tel\u00e9t\u0151l, vastags\u00e1g\u00e1t\u00f3l, \u00e9s<\/p>\n<p>a k\u00edv\u00e1nt gy\u00f3gyul\u00e1si sebess\u00e9g.<\/p>\n<p><b>Biztons\u00e1g \u00e9s kezel\u00e9s <\/b><\/p>\n<p>A k\u00f6vetkez\u0151 kezel\u00e9si \u00f3vint\u00e9zked\u00e9seket kell betartani:<\/p>\n<p>- Biztos\u00edtson tiszta \u00e9s j\u00f3l szell\u0151z\u0151 munkater\u00fcletet.<\/p>\n<p>- Ker\u00fclje a b\u0151rrel val\u00f3 \u00e9rintkez\u00e9st (keszty\u0171).<\/p>\n<p>- A szemirrit\u00e1ci\u00f3 elker\u00fcl\u00e9se \u00e9rdek\u00e9ben viseljen v\u00e9d\u0151szem\u00fcveget.<\/p>\n<p>Szavatoss\u00e1gi id\u0151: 12 h\u00f3nap, ha a HRcure-ONE-t sz\u00e1raz helyen, 25 \u00b0C alatt, s\u00f6t\u00e9tben t\u00e1rolj\u00e1k.<\/p>","protected":false},"excerpt":{"rendered":"<p>&nbsp;<\/p>\n<p><strong>Alkalmaz\u00e1si \u00fatmutat\u00f3<\/strong><\/p>\n<p>egy oligomer polifunkci\u00f3s \u0251-hidroxi-keton, amelyet nagy reaktivit\u00e1s \u00e9s s\u00e1rgul\u00e1smentess\u00e9g jellemez.<\/p>\n<p>tulajdons\u00e1gok. K\u00fcl\u00f6n\u00f6sen akkor aj\u00e1nlott, ha nincs migr\u00e1ci\u00f3, alacsony szag \u00e9s alacsony s\u00e1rgul\u00e1si tulajdons\u00e1gok sz\u00fcks\u00e9gesek.<\/p>\n<p>Alkalmas v\u00edzb\u00e1zis\u00fa UV-h\u00f3gy\u00edt\u00f3 rendszerekhez, ha v\u00edzzel kompatibilis old\u00f3szerrel el\u0151h\u00edg\u00edtj\u00e1k.<\/p>","protected":false},"featured_media":0,"comment_status":"closed","ping_status":"closed","template":"","meta":[],"product_brand":[],"product_cat":[154],"product_tag":[],"class_list":{"0":"post-9293","1":"product","2":"type-product","3":"status-publish","5":"product_cat-aproducts","7":"first","8":"instock","9":"shipping-taxable","10":"product-type-simple"},"yoast_head":"<!-- This site is optimized with the Yoast SEO plugin v27.4 - https:\/\/yoast.com\/product\/yoast-seo-wordpress\/ -->\n<title>CHLUMINIT\u00aeONE - Changhong Chemical<\/title>\n<meta name=\"description\" content=\"is an oligomeric polyfunctional \u0251-hydroxyketone characterized by high reactivity and non-yellowingproperties. It is particularly recommended when no migration, low odor and low yellowing characteristics are required.It is suitable for water based UV curable systems when prediluted in a water compatible solvent.\" \/>\n<meta name=\"robots\" content=\"index, follow, max-snippet:-1, max-image-preview:large, max-video-preview:-1\" \/>\n<link rel=\"canonical\" href=\"https:\/\/changhongchemical.com\/hu\/product\/chluminitone\/\" \/>\n<meta property=\"og:locale\" content=\"hu_HU\" \/>\n<meta property=\"og:type\" content=\"article\" \/>\n<meta property=\"og:title\" content=\"CHLUMINIT\u00aeONE - Changhong Chemical\" \/>\n<meta property=\"og:description\" content=\"is an oligomeric polyfunctional \u0251-hydroxyketone characterized by high reactivity and non-yellowingproperties. It is particularly recommended when no migration, low odor and low yellowing characteristics are required.It is suitable for water based UV curable systems when prediluted in a water compatible solvent.\" \/>\n<meta property=\"og:url\" content=\"https:\/\/changhongchemical.com\/hu\/product\/chluminitone\/\" \/>\n<meta property=\"og:site_name\" content=\"Changhong Chemical\" \/>\n<meta property=\"og:image\" content=\"https:\/\/changhongchemical.com\/wp-content\/uploads\/2024\/02\/logo-jpeg.jpg\" \/>\n\t<meta property=\"og:image:width\" content=\"1000\" \/>\n\t<meta property=\"og:image:height\" content=\"1000\" \/>\n\t<meta property=\"og:image:type\" content=\"image\/jpeg\" \/>\n<meta name=\"twitter:card\" content=\"summary_large_image\" \/>\n<meta name=\"twitter:label1\" content=\"Becs\u00fclt olvas\u00e1si id\u0151\" \/>\n\t<meta name=\"twitter:data1\" content=\"1 perc\" \/>\n<script type=\"application\/ld+json\" class=\"yoast-schema-graph\">{\"@context\":\"https:\\\/\\\/schema.org\",\"@graph\":[{\"@type\":\"WebPage\",\"@id\":\"https:\\\/\\\/changhongchemical.com\\\/product\\\/chluminitone\\\/\",\"url\":\"https:\\\/\\\/changhongchemical.com\\\/product\\\/chluminitone\\\/\",\"name\":\"CHLUMINIT\u00aeONE - Changhong Chemical\",\"isPartOf\":{\"@id\":\"https:\\\/\\\/changhongchemical.com\\\/#website\"},\"datePublished\":\"2025-11-17T02:01:28+00:00\",\"description\":\"is an oligomeric polyfunctional \u0251-hydroxyketone characterized by high reactivity and non-yellowingproperties. It is particularly recommended when no migration, low odor and low yellowing characteristics are required.It is suitable for water based UV curable systems when prediluted in a water compatible solvent.\",\"breadcrumb\":{\"@id\":\"https:\\\/\\\/changhongchemical.com\\\/product\\\/chluminitone\\\/#breadcrumb\"},\"inLanguage\":\"hu\",\"potentialAction\":[{\"@type\":\"ReadAction\",\"target\":[\"https:\\\/\\\/changhongchemical.com\\\/product\\\/chluminitone\\\/\"]}]},{\"@type\":\"BreadcrumbList\",\"@id\":\"https:\\\/\\\/changhongchemical.com\\\/product\\\/chluminitone\\\/#breadcrumb\",\"itemListElement\":[{\"@type\":\"ListItem\",\"position\":1,\"name\":\"Home\",\"item\":\"https:\\\/\\\/changhongchemical.com\\\/\"},{\"@type\":\"ListItem\",\"position\":2,\"name\":\"Products Changhong\",\"item\":\"https:\\\/\\\/changhongchemical.com\\\/product\\\/\"},{\"@type\":\"ListItem\",\"position\":3,\"name\":\"CHLUMINIT\u00aeONE\"}]},{\"@type\":\"WebSite\",\"@id\":\"https:\\\/\\\/changhongchemical.com\\\/#website\",\"url\":\"https:\\\/\\\/changhongchemical.com\\\/\",\"name\":\"Changhong Chemical\",\"description\":\"China chemical manufacturer \uff06 supplier\",\"publisher\":{\"@id\":\"https:\\\/\\\/changhongchemical.com\\\/#organization\"},\"potentialAction\":[{\"@type\":\"SearchAction\",\"target\":{\"@type\":\"EntryPoint\",\"urlTemplate\":\"https:\\\/\\\/changhongchemical.com\\\/?s={search_term_string}\"},\"query-input\":{\"@type\":\"PropertyValueSpecification\",\"valueRequired\":true,\"valueName\":\"search_term_string\"}}],\"inLanguage\":\"hu\"},{\"@type\":\"Organization\",\"@id\":\"https:\\\/\\\/changhongchemical.com\\\/#organization\",\"name\":\"Changhong Chemical\",\"url\":\"https:\\\/\\\/changhongchemical.com\\\/\",\"logo\":{\"@type\":\"ImageObject\",\"inLanguage\":\"hu\",\"@id\":\"https:\\\/\\\/changhongchemical.com\\\/#\\\/schema\\\/logo\\\/image\\\/\",\"url\":\"https:\\\/\\\/changhongchemical.com\\\/wp-content\\\/uploads\\\/2020\\\/08\\\/cropped-longchang-logo.png\",\"contentUrl\":\"https:\\\/\\\/changhongchemical.com\\\/wp-content\\\/uploads\\\/2020\\\/08\\\/cropped-longchang-logo.png\",\"width\":512,\"height\":512,\"caption\":\"Changhong Chemical\"},\"image\":{\"@id\":\"https:\\\/\\\/changhongchemical.com\\\/#\\\/schema\\\/logo\\\/image\\\/\"}}]}<\/script>\n<!-- \/ Yoast SEO plugin. -->","yoast_head_json":{"title":"CHLUMINIT\u00aeONE - Changhong Chemical","description":"egy oligomer polifunkcion\u00e1lis \u0251-hidroxi-ceton, amelyet nagy reaktivit\u00e1s \u00e9s nem s\u00e1rgul\u00f3 tulajdons\u00e1gok jellemeznek. K\u00fcl\u00f6n\u00f6sen akkor aj\u00e1nlott, ha nincs migr\u00e1ci\u00f3, alacsony szag \u00e9s alacsony s\u00e1rgul\u00e1si tulajdons\u00e1gok sz\u00fcks\u00e9gesek.V\u00edzb\u00e1zis\u00fa UV-h\u00f3gy\u00edt\u00f3 rendszerekhez alkalmas, ha v\u00edzzel kompatibilis old\u00f3szerrel el\u0151h\u00edg\u00edtj\u00e1k.","robots":{"index":"index","follow":"follow","max-snippet":"max-snippet:-1","max-image-preview":"max-image-preview:large","max-video-preview":"max-video-preview:-1"},"canonical":"https:\/\/changhongchemical.com\/hu\/product\/chluminitone\/","og_locale":"hu_HU","og_type":"article","og_title":"CHLUMINIT\u00aeONE - Changhong Chemical","og_description":"is an oligomeric polyfunctional \u0251-hydroxyketone characterized by high reactivity and non-yellowingproperties. It is particularly recommended when no migration, low odor and low yellowing characteristics are required.It is suitable for water based UV curable systems when prediluted in a water compatible solvent.","og_url":"https:\/\/changhongchemical.com\/hu\/product\/chluminitone\/","og_site_name":"Changhong Chemical","og_image":[{"width":1000,"height":1000,"url":"https:\/\/changhongchemical.com\/wp-content\/uploads\/2024\/02\/logo-jpeg.jpg","type":"image\/jpeg"}],"twitter_card":"summary_large_image","twitter_misc":{"Becs\u00fclt olvas\u00e1si id\u0151":"1 perc"},"schema":{"@context":"https:\/\/schema.org","@graph":[{"@type":"WebPage","@id":"https:\/\/changhongchemical.com\/product\/chluminitone\/","url":"https:\/\/changhongchemical.com\/product\/chluminitone\/","name":"CHLUMINIT\u00aeONE - Changhong Chemical","isPartOf":{"@id":"https:\/\/changhongchemical.com\/#website"},"datePublished":"2025-11-17T02:01:28+00:00","description":"egy oligomer polifunkcion\u00e1lis \u0251-hidroxi-ceton, amelyet nagy reaktivit\u00e1s \u00e9s nem s\u00e1rgul\u00f3 tulajdons\u00e1gok jellemeznek. K\u00fcl\u00f6n\u00f6sen akkor aj\u00e1nlott, ha nincs migr\u00e1ci\u00f3, alacsony szag \u00e9s alacsony s\u00e1rgul\u00e1si tulajdons\u00e1gok sz\u00fcks\u00e9gesek.V\u00edzb\u00e1zis\u00fa UV-h\u00f3gy\u00edt\u00f3 rendszerekhez alkalmas, ha v\u00edzzel kompatibilis old\u00f3szerrel el\u0151h\u00edg\u00edtj\u00e1k.","breadcrumb":{"@id":"https:\/\/changhongchemical.com\/product\/chluminitone\/#breadcrumb"},"inLanguage":"hu","potentialAction":[{"@type":"ReadAction","target":["https:\/\/changhongchemical.com\/product\/chluminitone\/"]}]},{"@type":"BreadcrumbList","@id":"https:\/\/changhongchemical.com\/product\/chluminitone\/#breadcrumb","itemListElement":[{"@type":"ListItem","position":1,"name":"Home","item":"https:\/\/changhongchemical.com\/"},{"@type":"ListItem","position":2,"name":"Products Changhong","item":"https:\/\/changhongchemical.com\/product\/"},{"@type":"ListItem","position":3,"name":"CHLUMINIT\u00aeONE"}]},{"@type":"WebSite","@id":"https:\/\/changhongchemical.com\/#website","url":"https:\/\/changhongchemical.com\/","name":"Changhong Chemical","description":"K\u00edna k\u00e9miai gy\u00e1rt\u00f3 \uff06 sz\u00e1ll\u00edt\u00f3","publisher":{"@id":"https:\/\/changhongchemical.com\/#organization"},"potentialAction":[{"@type":"SearchAction","target":{"@type":"EntryPoint","urlTemplate":"https:\/\/changhongchemical.com\/?s={search_term_string}"},"query-input":{"@type":"PropertyValueSpecification","valueRequired":true,"valueName":"search_term_string"}}],"inLanguage":"hu"},{"@type":"Organization","@id":"https:\/\/changhongchemical.com\/#organization","name":"Changhong Chemical","url":"https:\/\/changhongchemical.com\/","logo":{"@type":"ImageObject","inLanguage":"hu","@id":"https:\/\/changhongchemical.com\/#\/schema\/logo\/image\/","url":"https:\/\/changhongchemical.com\/wp-content\/uploads\/2020\/08\/cropped-longchang-logo.png","contentUrl":"https:\/\/changhongchemical.com\/wp-content\/uploads\/2020\/08\/cropped-longchang-logo.png","width":512,"height":512,"caption":"Changhong Chemical"},"image":{"@id":"https:\/\/changhongchemical.com\/#\/schema\/logo\/image\/"}}]}},"_links":{"self":[{"href":"https:\/\/changhongchemical.com\/hu\/wp-json\/wp\/v2\/product\/9293","targetHints":{"allow":["GET"]}}],"collection":[{"href":"https:\/\/changhongchemical.com\/hu\/wp-json\/wp\/v2\/product"}],"about":[{"href":"https:\/\/changhongchemical.com\/hu\/wp-json\/wp\/v2\/types\/product"}],"replies":[{"embeddable":true,"href":"https:\/\/changhongchemical.com\/hu\/wp-json\/wp\/v2\/comments?post=9293"}],"wp:attachment":[{"href":"https:\/\/changhongchemical.com\/hu\/wp-json\/wp\/v2\/media?parent=9293"}],"wp:term":[{"taxonomy":"product_brand","embeddable":true,"href":"https:\/\/changhongchemical.com\/hu\/wp-json\/wp\/v2\/product_brand?post=9293"},{"taxonomy":"product_cat","embeddable":true,"href":"https:\/\/changhongchemical.com\/hu\/wp-json\/wp\/v2\/product_cat?post=9293"},{"taxonomy":"product_tag","embeddable":true,"href":"https:\/\/changhongchemical.com\/hu\/wp-json\/wp\/v2\/product_tag?post=9293"}],"curies":[{"name":"wp","href":"https:\/\/api.w.org\/{rel}","templated":true}]}}