{"id":8532,"date":"2025-05-06T07:10:30","date_gmt":"2025-05-06T07:10:30","guid":{"rendered":"https:\/\/changhongchemical.com\/?post_type=product&#038;p=8532"},"modified":"2025-05-06T07:12:44","modified_gmt":"2025-05-06T07:12:44","slug":"chluminit-20102p-cas-71449-78-0-108-32-7","status":"publish","type":"product","link":"https:\/\/changhongchemical.com\/hu\/product\/chluminit-20102p-cas-71449-78-0-108-32-7\/","title":{"rendered":"CHLUMINIT\u00ae 20102P CAS 71449-78-0, 108-32-7"},"content":{"rendered":"<h2>4-tiofenil fenil-difenil-szulfonium-hexafluorantimon\u00e1t s\u00f3 propil\u00e9n-karbon\u00e1t oldat<\/h2>\n<h2><strong><b>M\u0171szaki param\u00e9terek<\/b><\/strong><\/h2>\n<p>Megjelen\u00e9s: Vil\u00e1goss\u00e1rga \u00e1tl\u00e1tsz\u00f3 folyad\u00e9k<\/p>\n<p>Szil\u00e1rd tartalom\uff1a45.00~55.00%<\/p>\n<p>V\u00edztartalom\uff1a\u22640.50%<\/p>\n<h2><strong><b>El\u0151ny\u00f6k<\/b><\/strong><\/h2>\n<p>Magas aktivit\u00e1s<\/p>\n<p>J\u00f3 stabilit\u00e1s<\/p>\n<h2><strong><b>Alkalmaz\u00e1sok<\/b><\/strong><\/h2>\n<p>A CHLUMINIT\u00ae-20102P-t els\u0151sorban epoxi bevonatokhoz, speci\u00e1lis tint\u00e1khoz \u00e9s 3D-nyomtat\u00e1shoz haszn\u00e1lj\u00e1k. Az aj\u00e1nlott adagol\u00e1s 1~3%.<\/p>\n<h2><strong><b>T\u00e1rol\u00e1s &amp; <\/b><\/strong><strong><b>P<\/b><\/strong><strong><b>ackaging<\/b><\/strong><\/h2>\n<p>Tartsa szorosan z\u00e1rt tart\u00e1lyban, \u00e9s t\u00e1rolja h\u0171v\u00f6s, sz\u00e1raz, s\u00f6t\u00e9t, szell\u0151ztetett helyen. A gy\u00e1rt\u00e1s id\u0151pontj\u00e1t\u00f3l sz\u00e1m\u00edtott 2 \u00e9ven bel\u00fcl \u00e9rv\u00e9nyes. Csomagol\u00e1s: 20 kg\/csomagol\u00e1s.<\/p>\n<h2><strong><b>UV abszorbancia spektrum<\/b><\/strong><\/h2>\n<p><img decoding=\"async\" class=\"alignnone size-full wp-image-8533\" src=\"https:\/\/changhongchemical.com\/wp-content\/uploads\/2025\/05\/20102p.webp\" alt=\"\" width=\"797\" height=\"353\" srcset=\"https:\/\/changhongchemical.com\/wp-content\/uploads\/2025\/05\/20102p.webp 797w, https:\/\/changhongchemical.com\/wp-content\/uploads\/2025\/05\/20102p-768x340.webp 768w, https:\/\/changhongchemical.com\/wp-content\/uploads\/2025\/05\/20102p-18x8.webp 18w, https:\/\/changhongchemical.com\/wp-content\/uploads\/2025\/05\/20102p-600x266.webp 600w\" sizes=\"(max-width: 797px) 100vw, 797px\" \/><\/p>\n<h1><strong><b>L\u00e9pjen kapcsolatba vel\u00fcnk most!<\/b><\/strong><\/h1>\n<h4><strong><b>Ha sz\u00fcks\u00e9ge van Price-ra, k\u00e9rj\u00fck, t\u00f6ltse ki el\u00e9rhet\u0151s\u00e9g\u00e9t az al\u00e1bbi \u0171rlapon, \u00e1ltal\u00e1ban 24 \u00f3r\u00e1n bel\u00fcl felvessz\u00fck \u00d6nnel a kapcsolatot. \u00d6n is k\u00fcldhet nekem e-mailt\u00a0<span style=\"color: #00ccff;\"><a style=\"color: #00ccff;\" href=\"mailto:info@changhongchemical.com\">info@changhongchemical.com<\/a><\/span>\u00a0munkaid\u0151ben ( 8:30-18:00 UTC+8 H.-Szombat ) vagy haszn\u00e1lja a weboldal \u00e9l\u0151 chatj\u00e9t, hogy azonnali v\u00e1laszt kapjon.<\/b><\/strong><\/h4>","protected":false},"excerpt":{"rendered":"<p><strong><b>\u00c1ltal\u00e1nos inform\u00e1ci\u00f3k<\/b><\/strong><\/p>\n<p>A CHLUMINIT\u00ae-20102P egy \u00e1ltal\u00e1nos kationos fotoinici\u00e1tor, amely a k\u00f6nny\u0171 haszn\u00e1lat \u00e9rdek\u00e9ben propil\u00e9n-karbon\u00e1tban oldott. Nagy aktivit\u00e1ssal \u00e9s j\u00f3 stabilit\u00e1ssal rendelkezik, ez\u00e9rt els\u0151sorban kationos rendszerekben, p\u00e9ld\u00e1ul bevonatokban, tint\u00e1kban \u00e9s 3D nyomtat\u00e1sban haszn\u00e1lj\u00e1k.<\/p>\n<p><strong><b>Term\u00e9kinform\u00e1ci\u00f3<\/b><\/strong><\/p>\n<p>K\u00e9miai n\u00e9v: 4-tiofenil fenil-difenil-szulfonium-hexafluorantimon\u00e1t s\u00f3 propil\u00e9n-karbon\u00e1t oldat<\/p>\n<p>CAS-sz\u00e1m: 71449-78-0, 108-32-7<\/p>","protected":false},"featured_media":8534,"comment_status":"closed","ping_status":"closed","template":"","meta":[],"product_brand":[],"product_cat":[175,174],"product_tag":[],"class_list":{"0":"post-8532","1":"product","2":"type-product","3":"status-publish","4":"has-post-thumbnail","6":"product_cat-cationic-photoinitiator","7":"product_cat-photoinitiator","9":"first","10":"instock","11":"shipping-taxable","12":"product-type-simple"},"yoast_head":"<!-- This site is optimized with the Yoast SEO plugin v27.4 - https:\/\/yoast.com\/product\/yoast-seo-wordpress\/ -->\n<title>China CHLUMINIT\u00ae 20102P CAS 71449-78-0, 108-32-7 Manufacturer - Changhong Chemical<\/title>\n<meta name=\"description\" content=\"General Information CHLUMINIT\u00ae-20102P is a general cationic photoinitiator, which is dissolved in propylene carbonate for easy...\" \/>\n<meta name=\"robots\" content=\"index, follow, max-snippet:-1, max-image-preview:large, max-video-preview:-1\" \/>\n<link rel=\"canonical\" href=\"https:\/\/changhongchemical.com\/hu\/product\/chluminit-20102p-cas-71449-78-0-108-32-7\/\" \/>\n<meta property=\"og:locale\" content=\"hu_HU\" \/>\n<meta property=\"og:type\" content=\"article\" \/>\n<meta property=\"og:title\" content=\"China CHLUMINIT\u00ae 20102P CAS 71449-78-0, 108-32-7 Manufacturer - Changhong Chemical\" \/>\n<meta property=\"og:description\" content=\"General Information CHLUMINIT\u00ae-20102P is a general cationic photoinitiator, which is dissolved in propylene carbonate for easy...\" \/>\n<meta property=\"og:url\" content=\"https:\/\/changhongchemical.com\/hu\/product\/chluminit-20102p-cas-71449-78-0-108-32-7\/\" \/>\n<meta property=\"og:site_name\" content=\"Changhong Chemical\" \/>\n<meta property=\"article:modified_time\" content=\"2025-05-06T07:12:44+00:00\" \/>\n<meta property=\"og:image\" content=\"https:\/\/changhongchemical.com\/wp-content\/uploads\/2025\/05\/20102p-300x300-1.webp\" \/>\n\t<meta property=\"og:image:width\" content=\"300\" \/>\n\t<meta property=\"og:image:height\" content=\"300\" \/>\n\t<meta property=\"og:image:type\" content=\"image\/webp\" \/>\n<meta name=\"twitter:card\" content=\"summary_large_image\" \/>\n<meta name=\"twitter:label1\" content=\"Becs\u00fclt olvas\u00e1si id\u0151\" \/>\n\t<meta name=\"twitter:data1\" content=\"1 perc\" \/>\n<script type=\"application\/ld+json\" class=\"yoast-schema-graph\">{\"@context\":\"https:\\\/\\\/schema.org\",\"@graph\":[{\"@type\":\"WebPage\",\"@id\":\"https:\\\/\\\/changhongchemical.com\\\/product\\\/chluminit-20102p-cas-71449-78-0-108-32-7\\\/\",\"url\":\"https:\\\/\\\/changhongchemical.com\\\/product\\\/chluminit-20102p-cas-71449-78-0-108-32-7\\\/\",\"name\":\"China CHLUMINIT\u00ae 20102P CAS 71449-78-0, 108-32-7 Manufacturer - Changhong Chemical\",\"isPartOf\":{\"@id\":\"https:\\\/\\\/changhongchemical.com\\\/#website\"},\"primaryImageOfPage\":{\"@id\":\"https:\\\/\\\/changhongchemical.com\\\/product\\\/chluminit-20102p-cas-71449-78-0-108-32-7\\\/#primaryimage\"},\"image\":{\"@id\":\"https:\\\/\\\/changhongchemical.com\\\/product\\\/chluminit-20102p-cas-71449-78-0-108-32-7\\\/#primaryimage\"},\"thumbnailUrl\":\"https:\\\/\\\/changhongchemical.com\\\/wp-content\\\/uploads\\\/2025\\\/05\\\/20102p-300x300-1.webp\",\"datePublished\":\"2025-05-06T07:10:30+00:00\",\"dateModified\":\"2025-05-06T07:12:44+00:00\",\"description\":\"General Information CHLUMINIT\u00ae-20102P is a general cationic photoinitiator, which is dissolved in propylene carbonate for easy...\",\"breadcrumb\":{\"@id\":\"https:\\\/\\\/changhongchemical.com\\\/product\\\/chluminit-20102p-cas-71449-78-0-108-32-7\\\/#breadcrumb\"},\"inLanguage\":\"hu\",\"potentialAction\":[{\"@type\":\"ReadAction\",\"target\":[\"https:\\\/\\\/changhongchemical.com\\\/product\\\/chluminit-20102p-cas-71449-78-0-108-32-7\\\/\"]}]},{\"@type\":\"ImageObject\",\"inLanguage\":\"hu\",\"@id\":\"https:\\\/\\\/changhongchemical.com\\\/product\\\/chluminit-20102p-cas-71449-78-0-108-32-7\\\/#primaryimage\",\"url\":\"https:\\\/\\\/changhongchemical.com\\\/wp-content\\\/uploads\\\/2025\\\/05\\\/20102p-300x300-1.webp\",\"contentUrl\":\"https:\\\/\\\/changhongchemical.com\\\/wp-content\\\/uploads\\\/2025\\\/05\\\/20102p-300x300-1.webp\",\"width\":300,\"height\":300},{\"@type\":\"BreadcrumbList\",\"@id\":\"https:\\\/\\\/changhongchemical.com\\\/product\\\/chluminit-20102p-cas-71449-78-0-108-32-7\\\/#breadcrumb\",\"itemListElement\":[{\"@type\":\"ListItem\",\"position\":1,\"name\":\"Home\",\"item\":\"https:\\\/\\\/changhongchemical.com\\\/\"},{\"@type\":\"ListItem\",\"position\":2,\"name\":\"Products Changhong\",\"item\":\"https:\\\/\\\/changhongchemical.com\\\/product\\\/\"},{\"@type\":\"ListItem\",\"position\":3,\"name\":\"CHLUMINIT\u00ae 20102P CAS 71449-78-0, 108-32-7\"}]},{\"@type\":\"WebSite\",\"@id\":\"https:\\\/\\\/changhongchemical.com\\\/#website\",\"url\":\"https:\\\/\\\/changhongchemical.com\\\/\",\"name\":\"Changhong Chemical\",\"description\":\"China chemical manufacturer \uff06 supplier\",\"publisher\":{\"@id\":\"https:\\\/\\\/changhongchemical.com\\\/#organization\"},\"potentialAction\":[{\"@type\":\"SearchAction\",\"target\":{\"@type\":\"EntryPoint\",\"urlTemplate\":\"https:\\\/\\\/changhongchemical.com\\\/?s={search_term_string}\"},\"query-input\":{\"@type\":\"PropertyValueSpecification\",\"valueRequired\":true,\"valueName\":\"search_term_string\"}}],\"inLanguage\":\"hu\"},{\"@type\":\"Organization\",\"@id\":\"https:\\\/\\\/changhongchemical.com\\\/#organization\",\"name\":\"Changhong Chemical\",\"url\":\"https:\\\/\\\/changhongchemical.com\\\/\",\"logo\":{\"@type\":\"ImageObject\",\"inLanguage\":\"hu\",\"@id\":\"https:\\\/\\\/changhongchemical.com\\\/#\\\/schema\\\/logo\\\/image\\\/\",\"url\":\"https:\\\/\\\/changhongchemical.com\\\/wp-content\\\/uploads\\\/2020\\\/08\\\/cropped-longchang-logo.png\",\"contentUrl\":\"https:\\\/\\\/changhongchemical.com\\\/wp-content\\\/uploads\\\/2020\\\/08\\\/cropped-longchang-logo.png\",\"width\":512,\"height\":512,\"caption\":\"Changhong Chemical\"},\"image\":{\"@id\":\"https:\\\/\\\/changhongchemical.com\\\/#\\\/schema\\\/logo\\\/image\\\/\"}}]}<\/script>\n<!-- \/ Yoast SEO plugin. -->","yoast_head_json":{"title":"K\u00edna CHLUMINIT\u00ae 20102P CAS 71449-78-0, 108-32-7 gy\u00e1rt\u00f3 - Changhong Chemical","description":"General Information CHLUMINIT\u00ae-20102P is a general cationic photoinitiator, which is dissolved in propylene carbonate for easy...","robots":{"index":"index","follow":"follow","max-snippet":"max-snippet:-1","max-image-preview":"max-image-preview:large","max-video-preview":"max-video-preview:-1"},"canonical":"https:\/\/changhongchemical.com\/hu\/product\/chluminit-20102p-cas-71449-78-0-108-32-7\/","og_locale":"hu_HU","og_type":"article","og_title":"China CHLUMINIT\u00ae 20102P CAS 71449-78-0, 108-32-7 Manufacturer - Changhong Chemical","og_description":"General Information CHLUMINIT\u00ae-20102P is a general cationic photoinitiator, which is dissolved in propylene carbonate for easy...","og_url":"https:\/\/changhongchemical.com\/hu\/product\/chluminit-20102p-cas-71449-78-0-108-32-7\/","og_site_name":"Changhong Chemical","article_modified_time":"2025-05-06T07:12:44+00:00","og_image":[{"width":300,"height":300,"url":"https:\/\/changhongchemical.com\/wp-content\/uploads\/2025\/05\/20102p-300x300-1.webp","type":"image\/webp"}],"twitter_card":"summary_large_image","twitter_misc":{"Becs\u00fclt olvas\u00e1si id\u0151":"1 perc"},"schema":{"@context":"https:\/\/schema.org","@graph":[{"@type":"WebPage","@id":"https:\/\/changhongchemical.com\/product\/chluminit-20102p-cas-71449-78-0-108-32-7\/","url":"https:\/\/changhongchemical.com\/product\/chluminit-20102p-cas-71449-78-0-108-32-7\/","name":"K\u00edna CHLUMINIT\u00ae 20102P CAS 71449-78-0, 108-32-7 gy\u00e1rt\u00f3 - Changhong Chemical","isPartOf":{"@id":"https:\/\/changhongchemical.com\/#website"},"primaryImageOfPage":{"@id":"https:\/\/changhongchemical.com\/product\/chluminit-20102p-cas-71449-78-0-108-32-7\/#primaryimage"},"image":{"@id":"https:\/\/changhongchemical.com\/product\/chluminit-20102p-cas-71449-78-0-108-32-7\/#primaryimage"},"thumbnailUrl":"https:\/\/changhongchemical.com\/wp-content\/uploads\/2025\/05\/20102p-300x300-1.webp","datePublished":"2025-05-06T07:10:30+00:00","dateModified":"2025-05-06T07:12:44+00:00","description":"General Information CHLUMINIT\u00ae-20102P is a general cationic photoinitiator, which is dissolved in propylene carbonate for easy...","breadcrumb":{"@id":"https:\/\/changhongchemical.com\/product\/chluminit-20102p-cas-71449-78-0-108-32-7\/#breadcrumb"},"inLanguage":"hu","potentialAction":[{"@type":"ReadAction","target":["https:\/\/changhongchemical.com\/product\/chluminit-20102p-cas-71449-78-0-108-32-7\/"]}]},{"@type":"ImageObject","inLanguage":"hu","@id":"https:\/\/changhongchemical.com\/product\/chluminit-20102p-cas-71449-78-0-108-32-7\/#primaryimage","url":"https:\/\/changhongchemical.com\/wp-content\/uploads\/2025\/05\/20102p-300x300-1.webp","contentUrl":"https:\/\/changhongchemical.com\/wp-content\/uploads\/2025\/05\/20102p-300x300-1.webp","width":300,"height":300},{"@type":"BreadcrumbList","@id":"https:\/\/changhongchemical.com\/product\/chluminit-20102p-cas-71449-78-0-108-32-7\/#breadcrumb","itemListElement":[{"@type":"ListItem","position":1,"name":"Home","item":"https:\/\/changhongchemical.com\/"},{"@type":"ListItem","position":2,"name":"Products Changhong","item":"https:\/\/changhongchemical.com\/product\/"},{"@type":"ListItem","position":3,"name":"CHLUMINIT\u00ae 20102P CAS 71449-78-0, 108-32-7"}]},{"@type":"WebSite","@id":"https:\/\/changhongchemical.com\/#website","url":"https:\/\/changhongchemical.com\/","name":"Changhong Chemical","description":"K\u00edna k\u00e9miai gy\u00e1rt\u00f3 \uff06 sz\u00e1ll\u00edt\u00f3","publisher":{"@id":"https:\/\/changhongchemical.com\/#organization"},"potentialAction":[{"@type":"SearchAction","target":{"@type":"EntryPoint","urlTemplate":"https:\/\/changhongchemical.com\/?s={search_term_string}"},"query-input":{"@type":"PropertyValueSpecification","valueRequired":true,"valueName":"search_term_string"}}],"inLanguage":"hu"},{"@type":"Organization","@id":"https:\/\/changhongchemical.com\/#organization","name":"Changhong Chemical","url":"https:\/\/changhongchemical.com\/","logo":{"@type":"ImageObject","inLanguage":"hu","@id":"https:\/\/changhongchemical.com\/#\/schema\/logo\/image\/","url":"https:\/\/changhongchemical.com\/wp-content\/uploads\/2020\/08\/cropped-longchang-logo.png","contentUrl":"https:\/\/changhongchemical.com\/wp-content\/uploads\/2020\/08\/cropped-longchang-logo.png","width":512,"height":512,"caption":"Changhong Chemical"},"image":{"@id":"https:\/\/changhongchemical.com\/#\/schema\/logo\/image\/"}}]}},"_links":{"self":[{"href":"https:\/\/changhongchemical.com\/hu\/wp-json\/wp\/v2\/product\/8532","targetHints":{"allow":["GET"]}}],"collection":[{"href":"https:\/\/changhongchemical.com\/hu\/wp-json\/wp\/v2\/product"}],"about":[{"href":"https:\/\/changhongchemical.com\/hu\/wp-json\/wp\/v2\/types\/product"}],"replies":[{"embeddable":true,"href":"https:\/\/changhongchemical.com\/hu\/wp-json\/wp\/v2\/comments?post=8532"}],"wp:featuredmedia":[{"embeddable":true,"href":"https:\/\/changhongchemical.com\/hu\/wp-json\/wp\/v2\/media\/8534"}],"wp:attachment":[{"href":"https:\/\/changhongchemical.com\/hu\/wp-json\/wp\/v2\/media?parent=8532"}],"wp:term":[{"taxonomy":"product_brand","embeddable":true,"href":"https:\/\/changhongchemical.com\/hu\/wp-json\/wp\/v2\/product_brand?post=8532"},{"taxonomy":"product_cat","embeddable":true,"href":"https:\/\/changhongchemical.com\/hu\/wp-json\/wp\/v2\/product_cat?post=8532"},{"taxonomy":"product_tag","embeddable":true,"href":"https:\/\/changhongchemical.com\/hu\/wp-json\/wp\/v2\/product_tag?post=8532"}],"curies":[{"name":"wp","href":"https:\/\/api.w.org\/{rel}","templated":true}]}}