{"id":8399,"date":"2025-03-26T09:14:11","date_gmt":"2025-03-26T09:14:11","guid":{"rendered":"https:\/\/changhongchemical.com\/?post_type=product&#038;p=8399"},"modified":"2026-01-08T05:50:07","modified_gmt":"2026-01-08T05:50:07","slug":"perfluoroalkyl-alcohol","status":"publish","type":"product","link":"https:\/\/changhongchemical.com\/hu\/product\/perfluoroalkyl-alcohol\/","title":{"rendered":"CHLUMOFIUOR\u00ae perfluoralkil-alkohol CAS 65530-60-1"},"content":{"rendered":"<table width=\"531\">\n<tbody>\n<tr>\n<td colspan=\"3\" width=\"531\">Perfluoralkil-alkohol Term\u00e9kle\u00edr\u00e1sok<\/td>\n<\/tr>\n<tr>\n<td>Fizikai tulajdons\u00e1gok<\/td>\n<td width=\"192\">Perfluoroktiletanol<\/td>\n<td>Perfluorhexil-etanol<\/td>\n<\/tr>\n<tr>\n<td>Megjelen\u00e9s<\/td>\n<td>Viaszos szil\u00e1rd anyag<\/td>\n<td>Sz\u00edntelen \u00e1tl\u00e1tsz\u00f3 folyad\u00e9k<\/td>\n<\/tr>\n<tr>\n<td>Tisztas\u00e1g (%)<\/td>\n<td>\uff1e96<\/td>\n<td width=\"200\">\uff1e95<\/td>\n<\/tr>\n<tr>\n<td>CAS NO<\/td>\n<td>678-39-7<\/td>\n<td>647-42-7<\/td>\n<\/tr>\n<tr>\n<td>Molekula k\u00e9plet<\/td>\n<td>C10H5F17O<\/td>\n<td>C8H5F13O<\/td>\n<\/tr>\n<tr>\n<td>Molekulat\u00f6meg<\/td>\n<td width=\"192\">464.12<\/td>\n<td>364.1<\/td>\n<\/tr>\n<tr>\n<td>Forr\u00e1spont (l\u00e9gk\u00f6ri nyom\u00e1s)<\/td>\n<td>112~114\u2103<\/td>\n<td width=\"200\">88 ~ 95 \u210328 mm Hg (lit.)<\/td>\n<\/tr>\n<tr>\n<td>Olvad\u00e1spont<\/td>\n<td>\u00a050\u00b0C<\/td>\n<td>\/<\/td>\n<\/tr>\n<tr>\n<td>S\u0171r\u0171s\u00e9g 25\u2103<\/td>\n<td width=\"192\">1,7 g\/ml<\/td>\n<td>1,65g\/mL<\/td>\n<\/tr>\n<tr>\n<td>pH(20\u2103)<\/td>\n<td>6~7<\/td>\n<td>3~7<\/td>\n<\/tr>\n<\/tbody>\n<\/table>\n<p>&nbsp;<\/p>\n<p>Egy\u00e9b n\u00e9v:<\/p>\n<p>3,3,3,3-Trifluor-1-propanol<\/p>\n<p>PFAS alkohol<\/p>\n<h2><strong><b>L\u00e9pjen kapcsolatba vel\u00fcnk most!<\/b><\/strong><\/h2>\n<h4><strong><b>Ha sz\u00fcks\u00e9ge van Price-ra, k\u00e9rj\u00fck, t\u00f6ltse ki el\u00e9rhet\u0151s\u00e9g\u00e9t az al\u00e1bbi \u0171rlapon, \u00e1ltal\u00e1ban 24 \u00f3r\u00e1n bel\u00fcl felvessz\u00fck \u00d6nnel a kapcsolatot. \u00d6n is k\u00fcldhet nekem e-mailt\u00a0<span style=\"color: #00ccff;\"><a style=\"color: #00ccff;\" href=\"mailto:info@changhongchemical.com\">info@changhongchemical.com<\/a><\/span>\u00a0munkaid\u0151ben ( 8:30-18:00 UTC+8 H.-Szombat ) vagy haszn\u00e1lja a weboldal \u00e9l\u0151 chatj\u00e9t, hogy azonnali v\u00e1laszt kapjon.<\/b><\/strong><\/h4>","protected":false},"excerpt":{"rendered":"<p>A perfluoralkil-alkoholok egyed\u00fcl\u00e1ll\u00f3 fizikai-k\u00e9miai tulajdons\u00e1gaiknak k\u00f6sz\u00f6nhet\u0151en kulcsszerepet j\u00e1tszanak az ipari, gy\u00f3gyszeripari \u00e9s k\u00f6rnyezetv\u00e9delmi ter\u00fcleteken.<\/p>\n<p>Alkalmaz\u00e1si ter\u00fcletek: k\u00e9miai reagensek, finom vegyi anyagok, gy\u00f3gyszeripari k\u00f6ztes term\u00e9kek, anyagk\u00f6zi term\u00e9kek, perfluoralkil-etilakril\u00e1t gy\u00e1rt\u00e1sa.<\/p>","protected":false},"featured_media":8408,"comment_status":"closed","ping_status":"closed","template":"","meta":[],"product_brand":[],"product_cat":[188],"product_tag":[],"class_list":{"0":"post-8399","1":"product","2":"type-product","3":"status-publish","4":"has-post-thumbnail","6":"product_cat-fluorinated-fine-chemicals","8":"first","9":"instock","10":"shipping-taxable","11":"product-type-simple"},"yoast_head":"<!-- This site is optimized with the Yoast SEO plugin v27.4 - https:\/\/yoast.com\/product\/yoast-seo-wordpress\/ -->\n<title>China CHLUMOFIUOR\u00ae Perfluoroalkyl alcohol CAS 65530-60-1 Manufacturer - Changhong Chemical<\/title>\n<meta name=\"description\" content=\"Perfluoroalkyl alcohols play a key role in industrial, pharmaceutical, and environmental fields due to their unique physicochemical...\" \/>\n<meta name=\"robots\" content=\"index, follow, max-snippet:-1, max-image-preview:large, max-video-preview:-1\" \/>\n<link rel=\"canonical\" href=\"https:\/\/changhongchemical.com\/hu\/product\/perfluoroalkyl-alcohol\/\" \/>\n<meta property=\"og:locale\" content=\"hu_HU\" \/>\n<meta property=\"og:type\" content=\"article\" \/>\n<meta property=\"og:title\" content=\"China CHLUMOFIUOR\u00ae Perfluoroalkyl alcohol CAS 65530-60-1 Manufacturer - Changhong Chemical\" \/>\n<meta property=\"og:description\" content=\"Perfluoroalkyl alcohols play a key role in industrial, pharmaceutical, and environmental fields due to their unique physicochemical...\" \/>\n<meta property=\"og:url\" content=\"https:\/\/changhongchemical.com\/hu\/product\/perfluoroalkyl-alcohol\/\" \/>\n<meta property=\"og:site_name\" content=\"Changhong Chemical\" \/>\n<meta property=\"article:modified_time\" content=\"2026-01-08T05:50:07+00:00\" \/>\n<meta property=\"og:image\" content=\"https:\/\/changhongchemical.com\/wp-content\/uploads\/2025\/03\/2-2.jpg\" \/>\n\t<meta property=\"og:image:width\" content=\"300\" \/>\n\t<meta property=\"og:image:height\" content=\"300\" \/>\n\t<meta property=\"og:image:type\" content=\"image\/jpeg\" \/>\n<meta name=\"twitter:card\" content=\"summary_large_image\" \/>\n<meta name=\"twitter:label1\" content=\"Becs\u00fclt olvas\u00e1si id\u0151\" \/>\n\t<meta name=\"twitter:data1\" content=\"1 perc\" \/>\n<script type=\"application\/ld+json\" class=\"yoast-schema-graph\">{\"@context\":\"https:\\\/\\\/schema.org\",\"@graph\":[{\"@type\":\"WebPage\",\"@id\":\"https:\\\/\\\/changhongchemical.com\\\/product\\\/perfluoroalkyl-alcohol\\\/\",\"url\":\"https:\\\/\\\/changhongchemical.com\\\/product\\\/perfluoroalkyl-alcohol\\\/\",\"name\":\"China CHLUMOFIUOR\u00ae Perfluoroalkyl alcohol CAS 65530-60-1 Manufacturer - Changhong Chemical\",\"isPartOf\":{\"@id\":\"https:\\\/\\\/changhongchemical.com\\\/#website\"},\"primaryImageOfPage\":{\"@id\":\"https:\\\/\\\/changhongchemical.com\\\/product\\\/perfluoroalkyl-alcohol\\\/#primaryimage\"},\"image\":{\"@id\":\"https:\\\/\\\/changhongchemical.com\\\/product\\\/perfluoroalkyl-alcohol\\\/#primaryimage\"},\"thumbnailUrl\":\"https:\\\/\\\/changhongchemical.com\\\/wp-content\\\/uploads\\\/2025\\\/03\\\/2-2.jpg\",\"datePublished\":\"2025-03-26T09:14:11+00:00\",\"dateModified\":\"2026-01-08T05:50:07+00:00\",\"description\":\"Perfluoroalkyl alcohols play a key role in industrial, pharmaceutical, and environmental fields due to their unique physicochemical...\",\"breadcrumb\":{\"@id\":\"https:\\\/\\\/changhongchemical.com\\\/product\\\/perfluoroalkyl-alcohol\\\/#breadcrumb\"},\"inLanguage\":\"hu\",\"potentialAction\":[{\"@type\":\"ReadAction\",\"target\":[\"https:\\\/\\\/changhongchemical.com\\\/product\\\/perfluoroalkyl-alcohol\\\/\"]}]},{\"@type\":\"ImageObject\",\"inLanguage\":\"hu\",\"@id\":\"https:\\\/\\\/changhongchemical.com\\\/product\\\/perfluoroalkyl-alcohol\\\/#primaryimage\",\"url\":\"https:\\\/\\\/changhongchemical.com\\\/wp-content\\\/uploads\\\/2025\\\/03\\\/2-2.jpg\",\"contentUrl\":\"https:\\\/\\\/changhongchemical.com\\\/wp-content\\\/uploads\\\/2025\\\/03\\\/2-2.jpg\",\"width\":300,\"height\":300},{\"@type\":\"BreadcrumbList\",\"@id\":\"https:\\\/\\\/changhongchemical.com\\\/product\\\/perfluoroalkyl-alcohol\\\/#breadcrumb\",\"itemListElement\":[{\"@type\":\"ListItem\",\"position\":1,\"name\":\"Home\",\"item\":\"https:\\\/\\\/changhongchemical.com\\\/\"},{\"@type\":\"ListItem\",\"position\":2,\"name\":\"Products Changhong\",\"item\":\"https:\\\/\\\/changhongchemical.com\\\/product\\\/\"},{\"@type\":\"ListItem\",\"position\":3,\"name\":\"CHLUMOFIUOR\u00ae Perfluoroalkyl alcohol CAS 65530-60-1\"}]},{\"@type\":\"WebSite\",\"@id\":\"https:\\\/\\\/changhongchemical.com\\\/#website\",\"url\":\"https:\\\/\\\/changhongchemical.com\\\/\",\"name\":\"Changhong Chemical\",\"description\":\"China chemical manufacturer \uff06 supplier\",\"publisher\":{\"@id\":\"https:\\\/\\\/changhongchemical.com\\\/#organization\"},\"potentialAction\":[{\"@type\":\"SearchAction\",\"target\":{\"@type\":\"EntryPoint\",\"urlTemplate\":\"https:\\\/\\\/changhongchemical.com\\\/?s={search_term_string}\"},\"query-input\":{\"@type\":\"PropertyValueSpecification\",\"valueRequired\":true,\"valueName\":\"search_term_string\"}}],\"inLanguage\":\"hu\"},{\"@type\":\"Organization\",\"@id\":\"https:\\\/\\\/changhongchemical.com\\\/#organization\",\"name\":\"Changhong Chemical\",\"url\":\"https:\\\/\\\/changhongchemical.com\\\/\",\"logo\":{\"@type\":\"ImageObject\",\"inLanguage\":\"hu\",\"@id\":\"https:\\\/\\\/changhongchemical.com\\\/#\\\/schema\\\/logo\\\/image\\\/\",\"url\":\"https:\\\/\\\/changhongchemical.com\\\/wp-content\\\/uploads\\\/2020\\\/08\\\/cropped-longchang-logo.png\",\"contentUrl\":\"https:\\\/\\\/changhongchemical.com\\\/wp-content\\\/uploads\\\/2020\\\/08\\\/cropped-longchang-logo.png\",\"width\":512,\"height\":512,\"caption\":\"Changhong Chemical\"},\"image\":{\"@id\":\"https:\\\/\\\/changhongchemical.com\\\/#\\\/schema\\\/logo\\\/image\\\/\"}}]}<\/script>\n<!-- \/ Yoast SEO plugin. -->","yoast_head_json":{"title":"K\u00edna CHLUMOFIUOR\u00ae perfluoralkil-alkohol CAS 65530-60-1 Gy\u00e1rt\u00f3 - Changhong Chemical","description":"Perfluoroalkyl alcohols play a key role in industrial, pharmaceutical, and environmental fields due to their unique physicochemical...","robots":{"index":"index","follow":"follow","max-snippet":"max-snippet:-1","max-image-preview":"max-image-preview:large","max-video-preview":"max-video-preview:-1"},"canonical":"https:\/\/changhongchemical.com\/hu\/product\/perfluoroalkyl-alcohol\/","og_locale":"hu_HU","og_type":"article","og_title":"China CHLUMOFIUOR\u00ae Perfluoroalkyl alcohol CAS 65530-60-1 Manufacturer - Changhong Chemical","og_description":"Perfluoroalkyl alcohols play a key role in industrial, pharmaceutical, and environmental fields due to their unique physicochemical...","og_url":"https:\/\/changhongchemical.com\/hu\/product\/perfluoroalkyl-alcohol\/","og_site_name":"Changhong Chemical","article_modified_time":"2026-01-08T05:50:07+00:00","og_image":[{"width":300,"height":300,"url":"https:\/\/changhongchemical.com\/wp-content\/uploads\/2025\/03\/2-2.jpg","type":"image\/jpeg"}],"twitter_card":"summary_large_image","twitter_misc":{"Becs\u00fclt olvas\u00e1si id\u0151":"1 perc"},"schema":{"@context":"https:\/\/schema.org","@graph":[{"@type":"WebPage","@id":"https:\/\/changhongchemical.com\/product\/perfluoroalkyl-alcohol\/","url":"https:\/\/changhongchemical.com\/product\/perfluoroalkyl-alcohol\/","name":"K\u00edna CHLUMOFIUOR\u00ae perfluoralkil-alkohol CAS 65530-60-1 Gy\u00e1rt\u00f3 - Changhong Chemical","isPartOf":{"@id":"https:\/\/changhongchemical.com\/#website"},"primaryImageOfPage":{"@id":"https:\/\/changhongchemical.com\/product\/perfluoroalkyl-alcohol\/#primaryimage"},"image":{"@id":"https:\/\/changhongchemical.com\/product\/perfluoroalkyl-alcohol\/#primaryimage"},"thumbnailUrl":"https:\/\/changhongchemical.com\/wp-content\/uploads\/2025\/03\/2-2.jpg","datePublished":"2025-03-26T09:14:11+00:00","dateModified":"2026-01-08T05:50:07+00:00","description":"Perfluoroalkyl alcohols play a key role in industrial, pharmaceutical, and environmental fields due to their unique physicochemical...","breadcrumb":{"@id":"https:\/\/changhongchemical.com\/product\/perfluoroalkyl-alcohol\/#breadcrumb"},"inLanguage":"hu","potentialAction":[{"@type":"ReadAction","target":["https:\/\/changhongchemical.com\/product\/perfluoroalkyl-alcohol\/"]}]},{"@type":"ImageObject","inLanguage":"hu","@id":"https:\/\/changhongchemical.com\/product\/perfluoroalkyl-alcohol\/#primaryimage","url":"https:\/\/changhongchemical.com\/wp-content\/uploads\/2025\/03\/2-2.jpg","contentUrl":"https:\/\/changhongchemical.com\/wp-content\/uploads\/2025\/03\/2-2.jpg","width":300,"height":300},{"@type":"BreadcrumbList","@id":"https:\/\/changhongchemical.com\/product\/perfluoroalkyl-alcohol\/#breadcrumb","itemListElement":[{"@type":"ListItem","position":1,"name":"Home","item":"https:\/\/changhongchemical.com\/"},{"@type":"ListItem","position":2,"name":"Products Changhong","item":"https:\/\/changhongchemical.com\/product\/"},{"@type":"ListItem","position":3,"name":"CHLUMOFIUOR\u00ae Perfluoroalkyl alcohol CAS 65530-60-1"}]},{"@type":"WebSite","@id":"https:\/\/changhongchemical.com\/#website","url":"https:\/\/changhongchemical.com\/","name":"Changhong Chemical","description":"K\u00edna k\u00e9miai gy\u00e1rt\u00f3 \uff06 sz\u00e1ll\u00edt\u00f3","publisher":{"@id":"https:\/\/changhongchemical.com\/#organization"},"potentialAction":[{"@type":"SearchAction","target":{"@type":"EntryPoint","urlTemplate":"https:\/\/changhongchemical.com\/?s={search_term_string}"},"query-input":{"@type":"PropertyValueSpecification","valueRequired":true,"valueName":"search_term_string"}}],"inLanguage":"hu"},{"@type":"Organization","@id":"https:\/\/changhongchemical.com\/#organization","name":"Changhong Chemical","url":"https:\/\/changhongchemical.com\/","logo":{"@type":"ImageObject","inLanguage":"hu","@id":"https:\/\/changhongchemical.com\/#\/schema\/logo\/image\/","url":"https:\/\/changhongchemical.com\/wp-content\/uploads\/2020\/08\/cropped-longchang-logo.png","contentUrl":"https:\/\/changhongchemical.com\/wp-content\/uploads\/2020\/08\/cropped-longchang-logo.png","width":512,"height":512,"caption":"Changhong Chemical"},"image":{"@id":"https:\/\/changhongchemical.com\/#\/schema\/logo\/image\/"}}]}},"_links":{"self":[{"href":"https:\/\/changhongchemical.com\/hu\/wp-json\/wp\/v2\/product\/8399","targetHints":{"allow":["GET"]}}],"collection":[{"href":"https:\/\/changhongchemical.com\/hu\/wp-json\/wp\/v2\/product"}],"about":[{"href":"https:\/\/changhongchemical.com\/hu\/wp-json\/wp\/v2\/types\/product"}],"replies":[{"embeddable":true,"href":"https:\/\/changhongchemical.com\/hu\/wp-json\/wp\/v2\/comments?post=8399"}],"wp:featuredmedia":[{"embeddable":true,"href":"https:\/\/changhongchemical.com\/hu\/wp-json\/wp\/v2\/media\/8408"}],"wp:attachment":[{"href":"https:\/\/changhongchemical.com\/hu\/wp-json\/wp\/v2\/media?parent=8399"}],"wp:term":[{"taxonomy":"product_brand","embeddable":true,"href":"https:\/\/changhongchemical.com\/hu\/wp-json\/wp\/v2\/product_brand?post=8399"},{"taxonomy":"product_cat","embeddable":true,"href":"https:\/\/changhongchemical.com\/hu\/wp-json\/wp\/v2\/product_cat?post=8399"},{"taxonomy":"product_tag","embeddable":true,"href":"https:\/\/changhongchemical.com\/hu\/wp-json\/wp\/v2\/product_tag?post=8399"}],"curies":[{"name":"wp","href":"https:\/\/api.w.org\/{rel}","templated":true}]}}