{"id":8394,"date":"2025-03-26T08:48:46","date_gmt":"2025-03-26T08:48:46","guid":{"rendered":"https:\/\/changhongchemical.com\/?post_type=product&#038;p=8394"},"modified":"2026-01-08T06:35:24","modified_gmt":"2026-01-08T06:35:24","slug":"perfluorohexylethyl-methacrylate","status":"publish","type":"product","link":"https:\/\/changhongchemical.com\/hu\/product\/perfluorohexylethyl-methacrylate\/","title":{"rendered":"CHLUMOFIUOR\u00ae perfluorhexil-etil-metakril\u00e1t CAS 2144-53-8"},"content":{"rendered":"<table style=\"border-collapse: collapse; width: 375.02pt;\" border=\"0\" width=\"500\" cellspacing=\"0\" cellpadding=\"0\">\n<tbody>\n<tr style=\"height: 13.50pt;\">\n<td class=\"et2\" style=\"height: 13.50pt; width: 375.00pt;\" colspan=\"2\" width=\"500\" height=\"18\">Perfluorhexyletil-metakril\u00e1t Term\u00e9kle\u00edr\u00e1sok<\/td>\n<\/tr>\n<tr style=\"height: 13.50pt;\">\n<td style=\"height: 13.50pt;\" height=\"18\">Megjelen\u00e9s<\/td>\n<td>Sz\u00edntelen \u00e1tl\u00e1tsz\u00f3 folyad\u00e9k<\/td>\n<\/tr>\n<tr style=\"height: 13.50pt;\">\n<td style=\"height: 13.50pt;\" height=\"18\">Tisztas\u00e1g (%)<\/td>\n<td>\uff1e97<\/td>\n<\/tr>\n<tr style=\"height: 13.50pt;\">\n<td class=\"et3\" style=\"height: 13.50pt; width: 184.50pt;\" width=\"246\" height=\"18\">Perfluoralkil-alkohol ( %)<\/td>\n<td>&lt; 0.5<\/td>\n<\/tr>\n<tr style=\"height: 13.50pt;\">\n<td style=\"height: 13.50pt;\" height=\"18\">Perfluoralkil-etil-jodid ( %)<\/td>\n<td>&lt; 0.5<\/td>\n<\/tr>\n<tr style=\"height: 13.50pt;\">\n<td class=\"et3\" style=\"height: 13.50pt; width: 184.50pt;\" width=\"246\" height=\"18\">Egy\u00e9b ( %)<\/td>\n<td>&lt; 0.5<\/td>\n<\/tr>\n<tr style=\"height: 13.50pt;\">\n<td style=\"height: 13.50pt;\" height=\"18\">CAS NO<\/td>\n<td>2144-53-8<\/td>\n<\/tr>\n<tr style=\"height: 13.50pt;\">\n<td style=\"height: 13.50pt;\" height=\"18\">Molekul\u00e1ris k\u00e9plet<\/td>\n<td class=\"et3\" style=\"width: 190.50pt;\" width=\"254\">C2F5(C2F4)2C2H4OC(O)CH=CH2<\/td>\n<\/tr>\n<tr style=\"height: 13.50pt;\">\n<td style=\"height: 13.50pt;\" height=\"18\">Molekulat\u00f6meg<\/td>\n<td align=\"right\">432.18<\/td>\n<\/tr>\n<tr style=\"height: 13.50pt;\">\n<td style=\"height: 13.50pt;\" height=\"18\">Forr\u00e1spont \u2103 (4mmHg)<\/td>\n<td>71\u00b0C<\/td>\n<\/tr>\n<tr style=\"height: 13.50pt;\">\n<td style=\"height: 13.50pt;\" height=\"18\">Olvad\u00e1spont<\/td>\n<td>-33.39\u2103<\/td>\n<\/tr>\n<tr style=\"height: 13.50pt;\">\n<td style=\"height: 13.50pt;\" height=\"18\">S\u0171r\u0171s\u00e9g 25\u2103<\/td>\n<td>1,496 g\/ml<\/td>\n<\/tr>\n<tr style=\"height: 13.50pt;\">\n<td style=\"height: 13.50pt;\" height=\"18\">pH(20\u2103)<\/td>\n<td>6~7<\/td>\n<\/tr>\n<\/tbody>\n<\/table>\n<p>&nbsp;<\/p>\n<p>Egy\u00e9b n\u00e9v:<\/p>\n<p>Perfluorhexil-etil-metakril\u00e1t bevonatokhoz<\/p>\n<p>Perfluorhexil-etil-metakril\u00e1t a textilipari kik\u00e9sz\u00edt\u00e9sben<\/p>\n<p>Perfluorhexil-etil-metakril\u00e1t ragaszt\u00f3anyag gy\u00e1rt\u00e1s\u00e1hoz<\/p>\n<p>\u00d6mlesztett perfluorhexil-etil-metakril\u00e1t k\u00edn\u00e1lat<\/p>\n<h2><strong><b>L\u00e9pjen kapcsolatba vel\u00fcnk most!<\/b><\/strong><\/h2>\n<h4><strong><b>Ha sz\u00fcks\u00e9ge van Price-ra, k\u00e9rj\u00fck, t\u00f6ltse ki el\u00e9rhet\u0151s\u00e9g\u00e9t az al\u00e1bbi \u0171rlapon, \u00e1ltal\u00e1ban 24 \u00f3r\u00e1n bel\u00fcl felvessz\u00fck \u00d6nnel a kapcsolatot. \u00d6n is k\u00fcldhet nekem e-mailt\u00a0<span style=\"color: #00ccff;\"><a style=\"color: #00ccff;\" href=\"mailto:info@changhongchemical.com\">info@changhongchemical.com<\/a><\/span>\u00a0munkaid\u0151ben ( 8:30-18:00 UTC+8 H.-Szombat ) vagy haszn\u00e1lja a weboldal \u00e9l\u0151 chatj\u00e9t, hogy azonnali v\u00e1laszt kapjon.<\/b><\/strong><\/h4>","protected":false},"excerpt":{"rendered":"<p>Sz\u00e9les k\u00f6rben haszn\u00e1lj\u00e1k a bevonatok, a textilkik\u00e9sz\u00edt\u00e9s, a b\u0151rkezel\u00e9s, a m\u0171anyag- \u00e9s gumim\u00f3dos\u00edt\u00e1s, az optikai anyagok, az elektronikai anyagok stb. ter\u00fclet\u00e9n.<\/p>\n<p>Alkalmaz\u00e1si ter\u00fcletek: f\u0151k\u00e9nt k\u00fcl\u00f6nb\u00f6z\u0151 fluortartalm\u00fa speci\u00e1lis fel\u00fcletakt\u00edv anyagok, fluortartalm\u00fa h\u00e1romf\u00e9ny\u0171 kik\u00e9sz\u00edt\u0151szerek, fluortartalm\u00fa gy\u00f3gyszeripari intermedierek \u00e9s egy\u00e9b fluortartalm\u00fa finomk\u00e9miai anyagok szint\u00e9zis\u00e9re haszn\u00e1lj\u00e1k.<\/p>","protected":false},"featured_media":8410,"comment_status":"closed","ping_status":"closed","template":"","meta":[],"product_brand":[],"product_cat":[188],"product_tag":[],"class_list":{"0":"post-8394","1":"product","2":"type-product","3":"status-publish","4":"has-post-thumbnail","6":"product_cat-fluorinated-fine-chemicals","8":"first","9":"instock","10":"shipping-taxable","11":"product-type-simple"},"yoast_head":"<!-- This site is optimized with the Yoast SEO plugin v27.4 - https:\/\/yoast.com\/product\/yoast-seo-wordpress\/ -->\n<title>China CHLUMOFIUOR\u00ae Perfluorohexylethyl methacrylate CAS 2144-53-8 Manufacturer - Changhong Chemical<\/title>\n<meta name=\"description\" content=\"Widely used in coating field, textile finishing, leather treatment, plastic and rubber modification, optical materials, electronic materials...\" \/>\n<meta name=\"robots\" content=\"index, follow, max-snippet:-1, max-image-preview:large, max-video-preview:-1\" \/>\n<link rel=\"canonical\" href=\"https:\/\/changhongchemical.com\/hu\/product\/perfluorohexylethyl-methacrylate\/\" \/>\n<meta property=\"og:locale\" content=\"hu_HU\" \/>\n<meta property=\"og:type\" content=\"article\" \/>\n<meta property=\"og:title\" content=\"China CHLUMOFIUOR\u00ae Perfluorohexylethyl methacrylate CAS 2144-53-8 Manufacturer - Changhong Chemical\" \/>\n<meta property=\"og:description\" content=\"Widely used in coating field, textile finishing, leather treatment, plastic and rubber modification, optical materials, electronic materials...\" \/>\n<meta property=\"og:url\" content=\"https:\/\/changhongchemical.com\/hu\/product\/perfluorohexylethyl-methacrylate\/\" \/>\n<meta property=\"og:site_name\" content=\"Changhong Chemical\" \/>\n<meta property=\"article:modified_time\" content=\"2026-01-08T06:35:24+00:00\" \/>\n<meta property=\"og:image\" content=\"https:\/\/changhongchemical.com\/wp-content\/uploads\/2025\/03\/3-2.jpg\" \/>\n\t<meta property=\"og:image:width\" content=\"300\" \/>\n\t<meta property=\"og:image:height\" content=\"300\" \/>\n\t<meta property=\"og:image:type\" content=\"image\/jpeg\" \/>\n<meta name=\"twitter:card\" content=\"summary_large_image\" \/>\n<meta name=\"twitter:label1\" content=\"Becs\u00fclt olvas\u00e1si id\u0151\" \/>\n\t<meta name=\"twitter:data1\" content=\"1 perc\" \/>\n<script type=\"application\/ld+json\" class=\"yoast-schema-graph\">{\"@context\":\"https:\\\/\\\/schema.org\",\"@graph\":[{\"@type\":\"WebPage\",\"@id\":\"https:\\\/\\\/changhongchemical.com\\\/product\\\/perfluorohexylethyl-methacrylate\\\/\",\"url\":\"https:\\\/\\\/changhongchemical.com\\\/product\\\/perfluorohexylethyl-methacrylate\\\/\",\"name\":\"China CHLUMOFIUOR\u00ae Perfluorohexylethyl methacrylate CAS 2144-53-8 Manufacturer - Changhong Chemical\",\"isPartOf\":{\"@id\":\"https:\\\/\\\/changhongchemical.com\\\/#website\"},\"primaryImageOfPage\":{\"@id\":\"https:\\\/\\\/changhongchemical.com\\\/product\\\/perfluorohexylethyl-methacrylate\\\/#primaryimage\"},\"image\":{\"@id\":\"https:\\\/\\\/changhongchemical.com\\\/product\\\/perfluorohexylethyl-methacrylate\\\/#primaryimage\"},\"thumbnailUrl\":\"https:\\\/\\\/changhongchemical.com\\\/wp-content\\\/uploads\\\/2025\\\/03\\\/3-2.jpg\",\"datePublished\":\"2025-03-26T08:48:46+00:00\",\"dateModified\":\"2026-01-08T06:35:24+00:00\",\"description\":\"Widely used in coating field, textile finishing, leather treatment, plastic and rubber modification, optical materials, electronic materials...\",\"breadcrumb\":{\"@id\":\"https:\\\/\\\/changhongchemical.com\\\/product\\\/perfluorohexylethyl-methacrylate\\\/#breadcrumb\"},\"inLanguage\":\"hu\",\"potentialAction\":[{\"@type\":\"ReadAction\",\"target\":[\"https:\\\/\\\/changhongchemical.com\\\/product\\\/perfluorohexylethyl-methacrylate\\\/\"]}]},{\"@type\":\"ImageObject\",\"inLanguage\":\"hu\",\"@id\":\"https:\\\/\\\/changhongchemical.com\\\/product\\\/perfluorohexylethyl-methacrylate\\\/#primaryimage\",\"url\":\"https:\\\/\\\/changhongchemical.com\\\/wp-content\\\/uploads\\\/2025\\\/03\\\/3-2.jpg\",\"contentUrl\":\"https:\\\/\\\/changhongchemical.com\\\/wp-content\\\/uploads\\\/2025\\\/03\\\/3-2.jpg\",\"width\":300,\"height\":300},{\"@type\":\"BreadcrumbList\",\"@id\":\"https:\\\/\\\/changhongchemical.com\\\/product\\\/perfluorohexylethyl-methacrylate\\\/#breadcrumb\",\"itemListElement\":[{\"@type\":\"ListItem\",\"position\":1,\"name\":\"Home\",\"item\":\"https:\\\/\\\/changhongchemical.com\\\/\"},{\"@type\":\"ListItem\",\"position\":2,\"name\":\"Products Changhong\",\"item\":\"https:\\\/\\\/changhongchemical.com\\\/product\\\/\"},{\"@type\":\"ListItem\",\"position\":3,\"name\":\"CHLUMOFIUOR\u00ae Perfluorohexylethyl methacrylate CAS 2144-53-8\"}]},{\"@type\":\"WebSite\",\"@id\":\"https:\\\/\\\/changhongchemical.com\\\/#website\",\"url\":\"https:\\\/\\\/changhongchemical.com\\\/\",\"name\":\"Changhong Chemical\",\"description\":\"China chemical manufacturer \uff06 supplier\",\"publisher\":{\"@id\":\"https:\\\/\\\/changhongchemical.com\\\/#organization\"},\"potentialAction\":[{\"@type\":\"SearchAction\",\"target\":{\"@type\":\"EntryPoint\",\"urlTemplate\":\"https:\\\/\\\/changhongchemical.com\\\/?s={search_term_string}\"},\"query-input\":{\"@type\":\"PropertyValueSpecification\",\"valueRequired\":true,\"valueName\":\"search_term_string\"}}],\"inLanguage\":\"hu\"},{\"@type\":\"Organization\",\"@id\":\"https:\\\/\\\/changhongchemical.com\\\/#organization\",\"name\":\"Changhong Chemical\",\"url\":\"https:\\\/\\\/changhongchemical.com\\\/\",\"logo\":{\"@type\":\"ImageObject\",\"inLanguage\":\"hu\",\"@id\":\"https:\\\/\\\/changhongchemical.com\\\/#\\\/schema\\\/logo\\\/image\\\/\",\"url\":\"https:\\\/\\\/changhongchemical.com\\\/wp-content\\\/uploads\\\/2020\\\/08\\\/cropped-longchang-logo.png\",\"contentUrl\":\"https:\\\/\\\/changhongchemical.com\\\/wp-content\\\/uploads\\\/2020\\\/08\\\/cropped-longchang-logo.png\",\"width\":512,\"height\":512,\"caption\":\"Changhong Chemical\"},\"image\":{\"@id\":\"https:\\\/\\\/changhongchemical.com\\\/#\\\/schema\\\/logo\\\/image\\\/\"}}]}<\/script>\n<!-- \/ Yoast SEO plugin. -->","yoast_head_json":{"title":"K\u00edna CHLUMOFIUOR\u00ae perfluorhexyletil-metakril\u00e1t CAS 2144-53-8 Gy\u00e1rt\u00f3 - Changhong Chemical","description":"Widely used in coating field, textile finishing, leather treatment, plastic and rubber modification, optical materials, electronic materials...","robots":{"index":"index","follow":"follow","max-snippet":"max-snippet:-1","max-image-preview":"max-image-preview:large","max-video-preview":"max-video-preview:-1"},"canonical":"https:\/\/changhongchemical.com\/hu\/product\/perfluorohexylethyl-methacrylate\/","og_locale":"hu_HU","og_type":"article","og_title":"China CHLUMOFIUOR\u00ae Perfluorohexylethyl methacrylate CAS 2144-53-8 Manufacturer - Changhong Chemical","og_description":"Widely used in coating field, textile finishing, leather treatment, plastic and rubber modification, optical materials, electronic materials...","og_url":"https:\/\/changhongchemical.com\/hu\/product\/perfluorohexylethyl-methacrylate\/","og_site_name":"Changhong Chemical","article_modified_time":"2026-01-08T06:35:24+00:00","og_image":[{"width":300,"height":300,"url":"https:\/\/changhongchemical.com\/wp-content\/uploads\/2025\/03\/3-2.jpg","type":"image\/jpeg"}],"twitter_card":"summary_large_image","twitter_misc":{"Becs\u00fclt olvas\u00e1si id\u0151":"1 perc"},"schema":{"@context":"https:\/\/schema.org","@graph":[{"@type":"WebPage","@id":"https:\/\/changhongchemical.com\/product\/perfluorohexylethyl-methacrylate\/","url":"https:\/\/changhongchemical.com\/product\/perfluorohexylethyl-methacrylate\/","name":"K\u00edna CHLUMOFIUOR\u00ae perfluorhexyletil-metakril\u00e1t CAS 2144-53-8 Gy\u00e1rt\u00f3 - Changhong Chemical","isPartOf":{"@id":"https:\/\/changhongchemical.com\/#website"},"primaryImageOfPage":{"@id":"https:\/\/changhongchemical.com\/product\/perfluorohexylethyl-methacrylate\/#primaryimage"},"image":{"@id":"https:\/\/changhongchemical.com\/product\/perfluorohexylethyl-methacrylate\/#primaryimage"},"thumbnailUrl":"https:\/\/changhongchemical.com\/wp-content\/uploads\/2025\/03\/3-2.jpg","datePublished":"2025-03-26T08:48:46+00:00","dateModified":"2026-01-08T06:35:24+00:00","description":"Widely used in coating field, textile finishing, leather treatment, plastic and rubber modification, optical materials, electronic materials...","breadcrumb":{"@id":"https:\/\/changhongchemical.com\/product\/perfluorohexylethyl-methacrylate\/#breadcrumb"},"inLanguage":"hu","potentialAction":[{"@type":"ReadAction","target":["https:\/\/changhongchemical.com\/product\/perfluorohexylethyl-methacrylate\/"]}]},{"@type":"ImageObject","inLanguage":"hu","@id":"https:\/\/changhongchemical.com\/product\/perfluorohexylethyl-methacrylate\/#primaryimage","url":"https:\/\/changhongchemical.com\/wp-content\/uploads\/2025\/03\/3-2.jpg","contentUrl":"https:\/\/changhongchemical.com\/wp-content\/uploads\/2025\/03\/3-2.jpg","width":300,"height":300},{"@type":"BreadcrumbList","@id":"https:\/\/changhongchemical.com\/product\/perfluorohexylethyl-methacrylate\/#breadcrumb","itemListElement":[{"@type":"ListItem","position":1,"name":"Home","item":"https:\/\/changhongchemical.com\/"},{"@type":"ListItem","position":2,"name":"Products Changhong","item":"https:\/\/changhongchemical.com\/product\/"},{"@type":"ListItem","position":3,"name":"CHLUMOFIUOR\u00ae Perfluorohexylethyl methacrylate CAS 2144-53-8"}]},{"@type":"WebSite","@id":"https:\/\/changhongchemical.com\/#website","url":"https:\/\/changhongchemical.com\/","name":"Changhong Chemical","description":"K\u00edna k\u00e9miai gy\u00e1rt\u00f3 \uff06 sz\u00e1ll\u00edt\u00f3","publisher":{"@id":"https:\/\/changhongchemical.com\/#organization"},"potentialAction":[{"@type":"SearchAction","target":{"@type":"EntryPoint","urlTemplate":"https:\/\/changhongchemical.com\/?s={search_term_string}"},"query-input":{"@type":"PropertyValueSpecification","valueRequired":true,"valueName":"search_term_string"}}],"inLanguage":"hu"},{"@type":"Organization","@id":"https:\/\/changhongchemical.com\/#organization","name":"Changhong Chemical","url":"https:\/\/changhongchemical.com\/","logo":{"@type":"ImageObject","inLanguage":"hu","@id":"https:\/\/changhongchemical.com\/#\/schema\/logo\/image\/","url":"https:\/\/changhongchemical.com\/wp-content\/uploads\/2020\/08\/cropped-longchang-logo.png","contentUrl":"https:\/\/changhongchemical.com\/wp-content\/uploads\/2020\/08\/cropped-longchang-logo.png","width":512,"height":512,"caption":"Changhong Chemical"},"image":{"@id":"https:\/\/changhongchemical.com\/#\/schema\/logo\/image\/"}}]}},"_links":{"self":[{"href":"https:\/\/changhongchemical.com\/hu\/wp-json\/wp\/v2\/product\/8394","targetHints":{"allow":["GET"]}}],"collection":[{"href":"https:\/\/changhongchemical.com\/hu\/wp-json\/wp\/v2\/product"}],"about":[{"href":"https:\/\/changhongchemical.com\/hu\/wp-json\/wp\/v2\/types\/product"}],"replies":[{"embeddable":true,"href":"https:\/\/changhongchemical.com\/hu\/wp-json\/wp\/v2\/comments?post=8394"}],"wp:featuredmedia":[{"embeddable":true,"href":"https:\/\/changhongchemical.com\/hu\/wp-json\/wp\/v2\/media\/8410"}],"wp:attachment":[{"href":"https:\/\/changhongchemical.com\/hu\/wp-json\/wp\/v2\/media?parent=8394"}],"wp:term":[{"taxonomy":"product_brand","embeddable":true,"href":"https:\/\/changhongchemical.com\/hu\/wp-json\/wp\/v2\/product_brand?post=8394"},{"taxonomy":"product_cat","embeddable":true,"href":"https:\/\/changhongchemical.com\/hu\/wp-json\/wp\/v2\/product_cat?post=8394"},{"taxonomy":"product_tag","embeddable":true,"href":"https:\/\/changhongchemical.com\/hu\/wp-json\/wp\/v2\/product_tag?post=8394"}],"curies":[{"name":"wp","href":"https:\/\/api.w.org\/{rel}","templated":true}]}}