{"id":8389,"date":"2025-03-26T07:56:00","date_gmt":"2025-03-26T07:56:00","guid":{"rendered":"https:\/\/changhongchemical.com\/?post_type=product&#038;p=8389"},"modified":"2026-01-08T06:47:08","modified_gmt":"2026-01-08T06:47:08","slug":"perfluorohexylethyltrichlorosilane","status":"publish","type":"product","link":"https:\/\/changhongchemical.com\/hu\/product\/perfluorohexylethyltrichlorosilane\/","title":{"rendered":"CHLUMOFIUOR\u00ae perfluorhexil-etil-trikl\u00f3r-szil\u00e1n CAS 78560-45-9"},"content":{"rendered":"<p>\u00d6sszetev\u0151kre \u00e9s \u00f6sszetev\u0151kre vonatkoz\u00f3 inform\u00e1ci\u00f3k<\/p>\n<p>Anyag neve: perfluorhexil-etil-trikl\u00f3rszil\u00e1n<\/p>\n<p>CAS-k\u00f3d: 78560-45-9<\/p>\n<p>EINECS-k\u00f3d: Nincs<\/p>\n<p>TSCA-list\u00e1n szerepel vagy sem: Nem szerepel a jegyz\u00e9kben<\/p>\n<p>Tisztas\u00e1g:&gt; 97<\/p>\n<p>Fizikai \u00e9s k\u00e9miai tulajdons\u00e1gok<\/p>\n<p>Sz\u00edn: sz\u00edntelen \u00e9s vil\u00e1gos r\u00f3zsasz\u00edn k\u00f6z\u00f6tt<\/p>\n<p>Molekulat\u00f6meg: 481,56<\/p>\n<p>Forr\u00e1spont: 199,3\u00b0C<\/p>\n<p>Olvad\u00e1spont: -<\/p>\n<p>Lobban\u00e1spont: 74,3\u00b0C<\/p>\n<p>G\u0151znyom\u00e1s: 0,486mmHg 25\u00b0C-on<\/p>\n<p>P\u00e1ras\u0171r\u0171s\u00e9g (leveg\u0151=1): &gt;1<\/p>\n<p>Boml\u00e1si h\u0151m\u00e9rs\u00e9klet: nincs adat<\/p>\n<p>Gyullad\u00e1spont: nincs adat<\/p>\n<p>Robban\u00e1shat\u00e1r: Nincs adat<\/p>\n<p>S\u0171r\u0171s\u00e9g: 1,638 g\/ml 25\u00b0C-on<\/p>\n<p>T\u00f6r\u00e9smutat\u00f3: 1.352@ 20\u2103<\/p>\n<p>V\u00edzben val\u00f3 oldhat\u00f3s\u00e1g: v\u00edzzel reag\u00e1l<\/p>\n<p>Egy\u00e9b n\u00e9v:<\/p>\n<p>1H,1H,2H,2H,2H - Tridecafluoroktil-trikl\u00f3rszil\u00e1n<\/p>\n<p>3,3,4,4,4,5,5,6,6,7,7,8,8,8,8 - Tridecafluoroktil-trikl\u00f3rszil\u00e1n<\/p>\n<h2><strong><b>L\u00e9pjen kapcsolatba vel\u00fcnk most!<\/b><\/strong><\/h2>\n<h4><strong><b>Ha sz\u00fcks\u00e9ge van Price-ra, k\u00e9rj\u00fck, t\u00f6ltse ki el\u00e9rhet\u0151s\u00e9g\u00e9t az al\u00e1bbi \u0171rlapon, \u00e1ltal\u00e1ban 24 \u00f3r\u00e1n bel\u00fcl felvessz\u00fck \u00d6nnel a kapcsolatot. \u00d6n is k\u00fcldhet nekem e-mailt\u00a0<span style=\"color: #00ccff;\"><a style=\"color: #00ccff;\" href=\"mailto:info@changhongchemical.com\">info@changhongchemical.com<\/a><\/span>\u00a0munkaid\u0151ben ( 8:30-18:00 UTC+8 H.-Szombat ) vagy haszn\u00e1lja a weboldal \u00e9l\u0151 chatj\u00e9t, hogy azonnali v\u00e1laszt kapjon.<\/b><\/strong><\/h4>","protected":false},"excerpt":{"rendered":"<p>Term\u00e9kinform\u00e1ci\u00f3<\/p>\n<p>Term\u00e9k neve: FL103<\/p>\n<p>K\u00e9miai n\u00e9v: perfluorhexil-etil-trikl\u00f3rszil\u00e1n<\/p>\n<p>K\u00e9miai k\u00e9plet: Cl3SiCH2CH2(CF2CF2)3F<\/p>","protected":false},"featured_media":8416,"comment_status":"closed","ping_status":"closed","template":"","meta":[],"product_brand":[],"product_cat":[188],"product_tag":[],"class_list":{"0":"post-8389","1":"product","2":"type-product","3":"status-publish","4":"has-post-thumbnail","6":"product_cat-fluorinated-fine-chemicals","8":"first","9":"instock","10":"shipping-taxable","11":"product-type-simple"},"yoast_head":"<!-- This site is optimized with the Yoast SEO plugin v27.4 - https:\/\/yoast.com\/product\/yoast-seo-wordpress\/ -->\n<title>China CHLUMOFIUOR\u00ae Perfluorohexylethyltrichlorosilane CAS 78560-45-9 Manufacturer - Changhong Chemical<\/title>\n<meta name=\"description\" content=\"Product information Product name: FL103 Chemical name: Perfluorohexylethyltrichlorosilane Chemical formula: Cl3SiCH2CH2(CF2CF2)3F\" \/>\n<meta name=\"robots\" content=\"index, follow, max-snippet:-1, max-image-preview:large, max-video-preview:-1\" \/>\n<link rel=\"canonical\" href=\"https:\/\/changhongchemical.com\/hu\/product\/perfluorohexylethyltrichlorosilane\/\" \/>\n<meta property=\"og:locale\" content=\"hu_HU\" \/>\n<meta property=\"og:type\" content=\"article\" \/>\n<meta property=\"og:title\" content=\"China CHLUMOFIUOR\u00ae Perfluorohexylethyltrichlorosilane CAS 78560-45-9 Manufacturer - Changhong Chemical\" \/>\n<meta property=\"og:description\" content=\"Product information Product name: FL103 Chemical name: Perfluorohexylethyltrichlorosilane Chemical formula: Cl3SiCH2CH2(CF2CF2)3F\" \/>\n<meta property=\"og:url\" content=\"https:\/\/changhongchemical.com\/hu\/product\/perfluorohexylethyltrichlorosilane\/\" \/>\n<meta property=\"og:site_name\" content=\"Changhong Chemical\" \/>\n<meta property=\"article:modified_time\" content=\"2026-01-08T06:47:08+00:00\" \/>\n<meta property=\"og:image\" content=\"https:\/\/changhongchemical.com\/wp-content\/uploads\/2025\/03\/6-4.jpg\" \/>\n\t<meta property=\"og:image:width\" content=\"300\" \/>\n\t<meta property=\"og:image:height\" content=\"300\" \/>\n\t<meta property=\"og:image:type\" content=\"image\/jpeg\" \/>\n<meta name=\"twitter:card\" content=\"summary_large_image\" \/>\n<meta name=\"twitter:label1\" content=\"Becs\u00fclt olvas\u00e1si id\u0151\" \/>\n\t<meta name=\"twitter:data1\" content=\"1 perc\" \/>\n<script type=\"application\/ld+json\" class=\"yoast-schema-graph\">{\"@context\":\"https:\\\/\\\/schema.org\",\"@graph\":[{\"@type\":\"WebPage\",\"@id\":\"https:\\\/\\\/changhongchemical.com\\\/product\\\/perfluorohexylethyltrichlorosilane\\\/\",\"url\":\"https:\\\/\\\/changhongchemical.com\\\/product\\\/perfluorohexylethyltrichlorosilane\\\/\",\"name\":\"China CHLUMOFIUOR\u00ae Perfluorohexylethyltrichlorosilane CAS 78560-45-9 Manufacturer - Changhong Chemical\",\"isPartOf\":{\"@id\":\"https:\\\/\\\/changhongchemical.com\\\/#website\"},\"primaryImageOfPage\":{\"@id\":\"https:\\\/\\\/changhongchemical.com\\\/product\\\/perfluorohexylethyltrichlorosilane\\\/#primaryimage\"},\"image\":{\"@id\":\"https:\\\/\\\/changhongchemical.com\\\/product\\\/perfluorohexylethyltrichlorosilane\\\/#primaryimage\"},\"thumbnailUrl\":\"https:\\\/\\\/changhongchemical.com\\\/wp-content\\\/uploads\\\/2025\\\/03\\\/6-4.jpg\",\"datePublished\":\"2025-03-26T07:56:00+00:00\",\"dateModified\":\"2026-01-08T06:47:08+00:00\",\"description\":\"Product information Product name: FL103 Chemical name: Perfluorohexylethyltrichlorosilane Chemical formula: Cl3SiCH2CH2(CF2CF2)3F\",\"breadcrumb\":{\"@id\":\"https:\\\/\\\/changhongchemical.com\\\/product\\\/perfluorohexylethyltrichlorosilane\\\/#breadcrumb\"},\"inLanguage\":\"hu\",\"potentialAction\":[{\"@type\":\"ReadAction\",\"target\":[\"https:\\\/\\\/changhongchemical.com\\\/product\\\/perfluorohexylethyltrichlorosilane\\\/\"]}]},{\"@type\":\"ImageObject\",\"inLanguage\":\"hu\",\"@id\":\"https:\\\/\\\/changhongchemical.com\\\/product\\\/perfluorohexylethyltrichlorosilane\\\/#primaryimage\",\"url\":\"https:\\\/\\\/changhongchemical.com\\\/wp-content\\\/uploads\\\/2025\\\/03\\\/6-4.jpg\",\"contentUrl\":\"https:\\\/\\\/changhongchemical.com\\\/wp-content\\\/uploads\\\/2025\\\/03\\\/6-4.jpg\",\"width\":300,\"height\":300},{\"@type\":\"BreadcrumbList\",\"@id\":\"https:\\\/\\\/changhongchemical.com\\\/product\\\/perfluorohexylethyltrichlorosilane\\\/#breadcrumb\",\"itemListElement\":[{\"@type\":\"ListItem\",\"position\":1,\"name\":\"Home\",\"item\":\"https:\\\/\\\/changhongchemical.com\\\/\"},{\"@type\":\"ListItem\",\"position\":2,\"name\":\"Products Changhong\",\"item\":\"https:\\\/\\\/changhongchemical.com\\\/product\\\/\"},{\"@type\":\"ListItem\",\"position\":3,\"name\":\"CHLUMOFIUOR\u00ae Perfluorohexylethyltrichlorosilane CAS 78560-45-9\"}]},{\"@type\":\"WebSite\",\"@id\":\"https:\\\/\\\/changhongchemical.com\\\/#website\",\"url\":\"https:\\\/\\\/changhongchemical.com\\\/\",\"name\":\"Changhong Chemical\",\"description\":\"China chemical manufacturer \uff06 supplier\",\"publisher\":{\"@id\":\"https:\\\/\\\/changhongchemical.com\\\/#organization\"},\"potentialAction\":[{\"@type\":\"SearchAction\",\"target\":{\"@type\":\"EntryPoint\",\"urlTemplate\":\"https:\\\/\\\/changhongchemical.com\\\/?s={search_term_string}\"},\"query-input\":{\"@type\":\"PropertyValueSpecification\",\"valueRequired\":true,\"valueName\":\"search_term_string\"}}],\"inLanguage\":\"hu\"},{\"@type\":\"Organization\",\"@id\":\"https:\\\/\\\/changhongchemical.com\\\/#organization\",\"name\":\"Changhong Chemical\",\"url\":\"https:\\\/\\\/changhongchemical.com\\\/\",\"logo\":{\"@type\":\"ImageObject\",\"inLanguage\":\"hu\",\"@id\":\"https:\\\/\\\/changhongchemical.com\\\/#\\\/schema\\\/logo\\\/image\\\/\",\"url\":\"https:\\\/\\\/changhongchemical.com\\\/wp-content\\\/uploads\\\/2020\\\/08\\\/cropped-longchang-logo.png\",\"contentUrl\":\"https:\\\/\\\/changhongchemical.com\\\/wp-content\\\/uploads\\\/2020\\\/08\\\/cropped-longchang-logo.png\",\"width\":512,\"height\":512,\"caption\":\"Changhong Chemical\"},\"image\":{\"@id\":\"https:\\\/\\\/changhongchemical.com\\\/#\\\/schema\\\/logo\\\/image\\\/\"}}]}<\/script>\n<!-- \/ Yoast SEO plugin. -->","yoast_head_json":{"title":"K\u00edna CHLUMOFIUOR\u00ae perfluorhexil-etil-trikl\u00f3rszil\u00e1n CAS 78560-45-9 Gy\u00e1rt\u00f3 - Changhong Chemical","description":"Product information Product name: FL103 Chemical name: Perfluorohexylethyltrichlorosilane Chemical formula: Cl3SiCH2CH2(CF2CF2)3F","robots":{"index":"index","follow":"follow","max-snippet":"max-snippet:-1","max-image-preview":"max-image-preview:large","max-video-preview":"max-video-preview:-1"},"canonical":"https:\/\/changhongchemical.com\/hu\/product\/perfluorohexylethyltrichlorosilane\/","og_locale":"hu_HU","og_type":"article","og_title":"China CHLUMOFIUOR\u00ae Perfluorohexylethyltrichlorosilane CAS 78560-45-9 Manufacturer - Changhong Chemical","og_description":"Product information Product name: FL103 Chemical name: Perfluorohexylethyltrichlorosilane Chemical formula: Cl3SiCH2CH2(CF2CF2)3F","og_url":"https:\/\/changhongchemical.com\/hu\/product\/perfluorohexylethyltrichlorosilane\/","og_site_name":"Changhong Chemical","article_modified_time":"2026-01-08T06:47:08+00:00","og_image":[{"width":300,"height":300,"url":"https:\/\/changhongchemical.com\/wp-content\/uploads\/2025\/03\/6-4.jpg","type":"image\/jpeg"}],"twitter_card":"summary_large_image","twitter_misc":{"Becs\u00fclt olvas\u00e1si id\u0151":"1 perc"},"schema":{"@context":"https:\/\/schema.org","@graph":[{"@type":"WebPage","@id":"https:\/\/changhongchemical.com\/product\/perfluorohexylethyltrichlorosilane\/","url":"https:\/\/changhongchemical.com\/product\/perfluorohexylethyltrichlorosilane\/","name":"K\u00edna CHLUMOFIUOR\u00ae perfluorhexil-etil-trikl\u00f3rszil\u00e1n CAS 78560-45-9 Gy\u00e1rt\u00f3 - Changhong Chemical","isPartOf":{"@id":"https:\/\/changhongchemical.com\/#website"},"primaryImageOfPage":{"@id":"https:\/\/changhongchemical.com\/product\/perfluorohexylethyltrichlorosilane\/#primaryimage"},"image":{"@id":"https:\/\/changhongchemical.com\/product\/perfluorohexylethyltrichlorosilane\/#primaryimage"},"thumbnailUrl":"https:\/\/changhongchemical.com\/wp-content\/uploads\/2025\/03\/6-4.jpg","datePublished":"2025-03-26T07:56:00+00:00","dateModified":"2026-01-08T06:47:08+00:00","description":"Product information Product name: FL103 Chemical name: Perfluorohexylethyltrichlorosilane Chemical formula: Cl3SiCH2CH2(CF2CF2)3F","breadcrumb":{"@id":"https:\/\/changhongchemical.com\/product\/perfluorohexylethyltrichlorosilane\/#breadcrumb"},"inLanguage":"hu","potentialAction":[{"@type":"ReadAction","target":["https:\/\/changhongchemical.com\/product\/perfluorohexylethyltrichlorosilane\/"]}]},{"@type":"ImageObject","inLanguage":"hu","@id":"https:\/\/changhongchemical.com\/product\/perfluorohexylethyltrichlorosilane\/#primaryimage","url":"https:\/\/changhongchemical.com\/wp-content\/uploads\/2025\/03\/6-4.jpg","contentUrl":"https:\/\/changhongchemical.com\/wp-content\/uploads\/2025\/03\/6-4.jpg","width":300,"height":300},{"@type":"BreadcrumbList","@id":"https:\/\/changhongchemical.com\/product\/perfluorohexylethyltrichlorosilane\/#breadcrumb","itemListElement":[{"@type":"ListItem","position":1,"name":"Home","item":"https:\/\/changhongchemical.com\/"},{"@type":"ListItem","position":2,"name":"Products Changhong","item":"https:\/\/changhongchemical.com\/product\/"},{"@type":"ListItem","position":3,"name":"CHLUMOFIUOR\u00ae Perfluorohexylethyltrichlorosilane CAS 78560-45-9"}]},{"@type":"WebSite","@id":"https:\/\/changhongchemical.com\/#website","url":"https:\/\/changhongchemical.com\/","name":"Changhong Chemical","description":"K\u00edna k\u00e9miai gy\u00e1rt\u00f3 \uff06 sz\u00e1ll\u00edt\u00f3","publisher":{"@id":"https:\/\/changhongchemical.com\/#organization"},"potentialAction":[{"@type":"SearchAction","target":{"@type":"EntryPoint","urlTemplate":"https:\/\/changhongchemical.com\/?s={search_term_string}"},"query-input":{"@type":"PropertyValueSpecification","valueRequired":true,"valueName":"search_term_string"}}],"inLanguage":"hu"},{"@type":"Organization","@id":"https:\/\/changhongchemical.com\/#organization","name":"Changhong Chemical","url":"https:\/\/changhongchemical.com\/","logo":{"@type":"ImageObject","inLanguage":"hu","@id":"https:\/\/changhongchemical.com\/#\/schema\/logo\/image\/","url":"https:\/\/changhongchemical.com\/wp-content\/uploads\/2020\/08\/cropped-longchang-logo.png","contentUrl":"https:\/\/changhongchemical.com\/wp-content\/uploads\/2020\/08\/cropped-longchang-logo.png","width":512,"height":512,"caption":"Changhong Chemical"},"image":{"@id":"https:\/\/changhongchemical.com\/#\/schema\/logo\/image\/"}}]}},"_links":{"self":[{"href":"https:\/\/changhongchemical.com\/hu\/wp-json\/wp\/v2\/product\/8389","targetHints":{"allow":["GET"]}}],"collection":[{"href":"https:\/\/changhongchemical.com\/hu\/wp-json\/wp\/v2\/product"}],"about":[{"href":"https:\/\/changhongchemical.com\/hu\/wp-json\/wp\/v2\/types\/product"}],"replies":[{"embeddable":true,"href":"https:\/\/changhongchemical.com\/hu\/wp-json\/wp\/v2\/comments?post=8389"}],"wp:featuredmedia":[{"embeddable":true,"href":"https:\/\/changhongchemical.com\/hu\/wp-json\/wp\/v2\/media\/8416"}],"wp:attachment":[{"href":"https:\/\/changhongchemical.com\/hu\/wp-json\/wp\/v2\/media?parent=8389"}],"wp:term":[{"taxonomy":"product_brand","embeddable":true,"href":"https:\/\/changhongchemical.com\/hu\/wp-json\/wp\/v2\/product_brand?post=8389"},{"taxonomy":"product_cat","embeddable":true,"href":"https:\/\/changhongchemical.com\/hu\/wp-json\/wp\/v2\/product_cat?post=8389"},{"taxonomy":"product_tag","embeddable":true,"href":"https:\/\/changhongchemical.com\/hu\/wp-json\/wp\/v2\/product_tag?post=8389"}],"curies":[{"name":"wp","href":"https:\/\/api.w.org\/{rel}","templated":true}]}}