{"id":8378,"date":"2025-03-26T04:03:46","date_gmt":"2025-03-26T04:03:46","guid":{"rendered":"https:\/\/changhongchemical.com\/?post_type=product&#038;p=8378"},"modified":"2025-05-12T03:02:43","modified_gmt":"2025-05-12T03:02:43","slug":"hydrofluoroether-hfe-347","status":"publish","type":"product","link":"https:\/\/changhongchemical.com\/hu\/product\/hydrofluoroether-hfe-347\/","title":{"rendered":"CHLUMOFIUOR\u00ae hidrofluor\u00e9ter HFE-347"},"content":{"rendered":"<p>Szolvencia: enyhe<\/p>\n<p>Megb\u00edzhat\u00f3s\u00e1g: rendk\u00edv\u00fcl stabil<\/p>\n<p>Gyors sz\u00e1rad\u00e1s: magas forr\u00e1spont, teljes elp\u00e1rolg\u00e1s.<\/p>\n<p>Regener\u00e1ci\u00f3: Jelent\u0151sen cs\u00f6kkenti az ipari hullad\u00e9k mennyis\u00e9g\u00e9t a desztill\u00e1ci\u00f3s regener\u00e1l\u00e1s r\u00e9v\u00e9n.<\/p>\n<p>\u00c1that\u00f3s\u00e1g: alacsony viszkozit\u00e1s, alacsony fel\u00fcleti fesz\u00fclts\u00e9g, nagy s\u0171r\u0171s\u00e9g, nagy foly\u00e9konys\u00e1g.<\/p>\n<p>K\u00f6rnyezetbar\u00e1t: nem k\u00e1ros\u00edtja az \u00f3zont, k\u00f6nnyen \u00e1tmegy a k\u00fcl\u00f6nb\u00f6z\u0151 k\u00f6rnyezetv\u00e9delmi el\u0151\u00edr\u00e1sokon.<br \/>\nAj\u00e1nlott alkalmaz\u00e1sok:<\/p>\n<p>1, old\u00f3szer h\u00edg\u00edt\u00f3 2, prec\u00edzi\u00f3s tiszt\u00edt\u00e1s<\/p>\n<p>3\u3001Szikkaszt\u00f3 4\u3001M\u00e1s stb.<\/p>\n<h2><strong><b>L\u00e9pjen kapcsolatba vel\u00fcnk most!<\/b><\/strong><\/h2>\n<h4><strong><b>Ha sz\u00fcks\u00e9ge van Price-ra, k\u00e9rj\u00fck, t\u00f6ltse ki el\u00e9rhet\u0151s\u00e9g\u00e9t az al\u00e1bbi \u0171rlapon, \u00e1ltal\u00e1ban 24 \u00f3r\u00e1n bel\u00fcl felvessz\u00fck \u00d6nnel a kapcsolatot. \u00d6n is k\u00fcldhet nekem e-mailt\u00a0<span style=\"color: #00ccff;\"><a style=\"color: #00ccff;\" href=\"mailto:info@changhongchemical.com\">info@changhongchemical.com<\/a><\/span>\u00a0munkaid\u0151ben ( 8:30-18:00 UTC+8 H.-Szombat ) vagy haszn\u00e1lja a weboldal \u00e9l\u0151 chatj\u00e9t, hogy azonnali v\u00e1laszt kapjon.<\/b><\/strong><\/h4>","protected":false},"excerpt":{"rendered":"<p>Hidrofluor\u00e9ter HFE-347, k\u00e9miai n\u00e9v: 1,1,2,2,2-tetrafluoretil-2,2,2,2-trifluoretil\u00e9ter K\u00f6rnyezetbar\u00e1t e-fluorid-oldatk\u00e9nt kiv\u00e1l\u00f3 tulajdons\u00e1gokkal rendelkezik, mint p\u00e9ld\u00e1ul j\u00f3 inertit\u00e1s, nagy s\u0171r\u0171s\u00e9g, alacsony fel\u00fcleti fesz\u00fclts\u00e9g, alacsony dielektromos \u00e1lland\u00f3; \u00e9s nem gy\u00fal\u00e9kony, nem m\u00e9rgez\u0151, nem korroz\u00edv, \u00e9s az elp\u00e1rolg\u00e1s sor\u00e1n nem maradv\u00e1nyoz\u00f3dik.<\/p>\n<table style=\"border-collapse: collapse; width: 511.52pt;\" border=\"0\" width=\"682\" cellspacing=\"0\" cellpadding=\"0\">\n<tbody>\n<tr style=\"height: 13.50pt;\">\n<td class=\"et3\" style=\"height: 13.50pt; width: 511.50pt;\" colspan=\"2\" width=\"682\" height=\"18\">FL\u00ae347 hidrofluor\u00e9terek Term\u00e9k m\u0171szaki le\u00edr\u00e1sa<\/td>\n<\/tr>\n<tr style=\"height: 13.50pt;\">\n<td class=\"et3\" style=\"height: 13.50pt;\" height=\"18\">Fizikai tulajdons\u00e1gok<\/td>\n<td class=\"et3\">FL\u00ae 347<\/td>\n<\/tr>\n<tr style=\"height: 13.50pt;\">\n<td class=\"et3\" style=\"height: 13.50pt;\" height=\"18\">Megjelen\u00e9s<\/td>\n<td class=\"et3\">Sz\u00edntelen \u00e9s szagtalan \u00e1tl\u00e1tsz\u00f3 folyad\u00e9k<\/td>\n<\/tr>\n<tr style=\"height: 13.50pt;\">\n<td class=\"et3\" style=\"height: 13.50pt;\" height=\"18\">Forr\u00e1spont (\u2103)<\/td>\n<td class=\"et3\">56.6<\/td>\n<\/tr>\n<tr style=\"height: 13.50pt;\">\n<td class=\"et3\" style=\"height: 13.50pt;\" height=\"18\">S\u0171r\u0171s\u00e9g (g\/ml)<\/td>\n<td class=\"et3\">1.487<\/td>\n<\/tr>\n<tr style=\"height: 13.50pt;\">\n<td class=\"et3\" style=\"height: 13.50pt;\" height=\"18\">Nedvess\u00e9g (ppm)<\/td>\n<td class=\"et3\">\uff1c20ppm<\/td>\n<\/tr>\n<tr style=\"height: 13.50pt;\">\n<td class=\"et3\" style=\"height: 13.50pt;\" height=\"18\">Sav\u00e9rt\u00e9k (ppm)<\/td>\n<td class=\"et3\">\u4e2d\u6027<\/td>\n<\/tr>\n<tr style=\"height: 13.50pt;\">\n<td class=\"et3\" style=\"height: 13.50pt;\" height=\"18\">ODP<\/td>\n<td class=\"et3\">0<\/td>\n<\/tr>\n<tr style=\"height: 13.50pt;\">\n<td class=\"et3\" style=\"height: 13.50pt;\" height=\"18\">GWP<\/td>\n<td class=\"et3\">540<\/td>\n<\/tr>\n<\/tbody>\n<\/table>","protected":false},"featured_media":0,"comment_status":"closed","ping_status":"closed","template":"","meta":[],"product_brand":[],"product_cat":[188],"product_tag":[],"class_list":{"0":"post-8378","1":"product","2":"type-product","3":"status-publish","5":"product_cat-fluorinated-fine-chemicals","7":"first","8":"instock","9":"shipping-taxable","10":"product-type-simple"},"yoast_head":"<!-- This site is optimized with the Yoast SEO plugin v27.4 - https:\/\/yoast.com\/product\/yoast-seo-wordpress\/ -->\n<title>China CHLUMOFIUOR\u00ae Hydrofluoroether HFE-347 Manufacturer - Changhong Chemical<\/title>\n<meta name=\"description\" content=\"Hydrofluoroether HFE-347, chemical name: 1,1,2,2-tetrafluoroethyl-2,2,2-trifluoroethyl ether As an environmentally friendly e-fluoride solution, it has...\" \/>\n<meta name=\"robots\" content=\"index, follow, max-snippet:-1, max-image-preview:large, max-video-preview:-1\" \/>\n<link rel=\"canonical\" href=\"https:\/\/changhongchemical.com\/hu\/product\/hydrofluoroether-hfe-347\/\" \/>\n<meta property=\"og:locale\" content=\"hu_HU\" \/>\n<meta property=\"og:type\" content=\"article\" \/>\n<meta property=\"og:title\" content=\"China CHLUMOFIUOR\u00ae Hydrofluoroether HFE-347 Manufacturer - Changhong Chemical\" \/>\n<meta property=\"og:description\" content=\"Hydrofluoroether HFE-347, chemical name: 1,1,2,2-tetrafluoroethyl-2,2,2-trifluoroethyl ether As an environmentally friendly e-fluoride solution, it has...\" \/>\n<meta property=\"og:url\" content=\"https:\/\/changhongchemical.com\/hu\/product\/hydrofluoroether-hfe-347\/\" \/>\n<meta property=\"og:site_name\" content=\"Changhong Chemical\" \/>\n<meta property=\"article:modified_time\" content=\"2025-05-12T03:02:43+00:00\" \/>\n<meta property=\"og:image\" content=\"https:\/\/changhongchemical.com\/wp-content\/uploads\/2024\/02\/logo-jpeg.jpg\" \/>\n\t<meta property=\"og:image:width\" content=\"1000\" \/>\n\t<meta property=\"og:image:height\" content=\"1000\" \/>\n\t<meta property=\"og:image:type\" content=\"image\/jpeg\" \/>\n<meta name=\"twitter:card\" content=\"summary_large_image\" \/>\n<meta name=\"twitter:label1\" content=\"Becs\u00fclt olvas\u00e1si id\u0151\" \/>\n\t<meta name=\"twitter:data1\" content=\"1 perc\" \/>\n<script type=\"application\/ld+json\" class=\"yoast-schema-graph\">{\"@context\":\"https:\\\/\\\/schema.org\",\"@graph\":[{\"@type\":\"WebPage\",\"@id\":\"https:\\\/\\\/changhongchemical.com\\\/product\\\/hydrofluoroether-hfe-347\\\/\",\"url\":\"https:\\\/\\\/changhongchemical.com\\\/product\\\/hydrofluoroether-hfe-347\\\/\",\"name\":\"China CHLUMOFIUOR\u00ae Hydrofluoroether HFE-347 Manufacturer - Changhong Chemical\",\"isPartOf\":{\"@id\":\"https:\\\/\\\/changhongchemical.com\\\/#website\"},\"datePublished\":\"2025-03-26T04:03:46+00:00\",\"dateModified\":\"2025-05-12T03:02:43+00:00\",\"description\":\"Hydrofluoroether HFE-347, chemical name: 1,1,2,2-tetrafluoroethyl-2,2,2-trifluoroethyl ether As an environmentally friendly e-fluoride solution, it has...\",\"breadcrumb\":{\"@id\":\"https:\\\/\\\/changhongchemical.com\\\/product\\\/hydrofluoroether-hfe-347\\\/#breadcrumb\"},\"inLanguage\":\"hu\",\"potentialAction\":[{\"@type\":\"ReadAction\",\"target\":[\"https:\\\/\\\/changhongchemical.com\\\/product\\\/hydrofluoroether-hfe-347\\\/\"]}]},{\"@type\":\"BreadcrumbList\",\"@id\":\"https:\\\/\\\/changhongchemical.com\\\/product\\\/hydrofluoroether-hfe-347\\\/#breadcrumb\",\"itemListElement\":[{\"@type\":\"ListItem\",\"position\":1,\"name\":\"Home\",\"item\":\"https:\\\/\\\/changhongchemical.com\\\/\"},{\"@type\":\"ListItem\",\"position\":2,\"name\":\"Products Changhong\",\"item\":\"https:\\\/\\\/changhongchemical.com\\\/product\\\/\"},{\"@type\":\"ListItem\",\"position\":3,\"name\":\"CHLUMOFIUOR\u00ae Hydrofluoroether HFE-347\"}]},{\"@type\":\"WebSite\",\"@id\":\"https:\\\/\\\/changhongchemical.com\\\/#website\",\"url\":\"https:\\\/\\\/changhongchemical.com\\\/\",\"name\":\"Changhong Chemical\",\"description\":\"China chemical manufacturer \uff06 supplier\",\"publisher\":{\"@id\":\"https:\\\/\\\/changhongchemical.com\\\/#organization\"},\"potentialAction\":[{\"@type\":\"SearchAction\",\"target\":{\"@type\":\"EntryPoint\",\"urlTemplate\":\"https:\\\/\\\/changhongchemical.com\\\/?s={search_term_string}\"},\"query-input\":{\"@type\":\"PropertyValueSpecification\",\"valueRequired\":true,\"valueName\":\"search_term_string\"}}],\"inLanguage\":\"hu\"},{\"@type\":\"Organization\",\"@id\":\"https:\\\/\\\/changhongchemical.com\\\/#organization\",\"name\":\"Changhong Chemical\",\"url\":\"https:\\\/\\\/changhongchemical.com\\\/\",\"logo\":{\"@type\":\"ImageObject\",\"inLanguage\":\"hu\",\"@id\":\"https:\\\/\\\/changhongchemical.com\\\/#\\\/schema\\\/logo\\\/image\\\/\",\"url\":\"https:\\\/\\\/changhongchemical.com\\\/wp-content\\\/uploads\\\/2020\\\/08\\\/cropped-longchang-logo.png\",\"contentUrl\":\"https:\\\/\\\/changhongchemical.com\\\/wp-content\\\/uploads\\\/2020\\\/08\\\/cropped-longchang-logo.png\",\"width\":512,\"height\":512,\"caption\":\"Changhong Chemical\"},\"image\":{\"@id\":\"https:\\\/\\\/changhongchemical.com\\\/#\\\/schema\\\/logo\\\/image\\\/\"}}]}<\/script>\n<!-- \/ Yoast SEO plugin. -->","yoast_head_json":{"title":"K\u00edna CHLUMOFIUOR\u00ae hidrofluor\u00e9ter HFE-347 gy\u00e1rt\u00f3 - Changhong Chemical","description":"Hydrofluoroether HFE-347, chemical name: 1,1,2,2-tetrafluoroethyl-2,2,2-trifluoroethyl ether As an environmentally friendly e-fluoride solution, it has...","robots":{"index":"index","follow":"follow","max-snippet":"max-snippet:-1","max-image-preview":"max-image-preview:large","max-video-preview":"max-video-preview:-1"},"canonical":"https:\/\/changhongchemical.com\/hu\/product\/hydrofluoroether-hfe-347\/","og_locale":"hu_HU","og_type":"article","og_title":"China CHLUMOFIUOR\u00ae Hydrofluoroether HFE-347 Manufacturer - Changhong Chemical","og_description":"Hydrofluoroether HFE-347, chemical name: 1,1,2,2-tetrafluoroethyl-2,2,2-trifluoroethyl ether As an environmentally friendly e-fluoride solution, it has...","og_url":"https:\/\/changhongchemical.com\/hu\/product\/hydrofluoroether-hfe-347\/","og_site_name":"Changhong Chemical","article_modified_time":"2025-05-12T03:02:43+00:00","og_image":[{"width":1000,"height":1000,"url":"https:\/\/changhongchemical.com\/wp-content\/uploads\/2024\/02\/logo-jpeg.jpg","type":"image\/jpeg"}],"twitter_card":"summary_large_image","twitter_misc":{"Becs\u00fclt olvas\u00e1si id\u0151":"1 perc"},"schema":{"@context":"https:\/\/schema.org","@graph":[{"@type":"WebPage","@id":"https:\/\/changhongchemical.com\/product\/hydrofluoroether-hfe-347\/","url":"https:\/\/changhongchemical.com\/product\/hydrofluoroether-hfe-347\/","name":"K\u00edna CHLUMOFIUOR\u00ae hidrofluor\u00e9ter HFE-347 gy\u00e1rt\u00f3 - Changhong Chemical","isPartOf":{"@id":"https:\/\/changhongchemical.com\/#website"},"datePublished":"2025-03-26T04:03:46+00:00","dateModified":"2025-05-12T03:02:43+00:00","description":"Hydrofluoroether HFE-347, chemical name: 1,1,2,2-tetrafluoroethyl-2,2,2-trifluoroethyl ether As an environmentally friendly e-fluoride solution, it has...","breadcrumb":{"@id":"https:\/\/changhongchemical.com\/product\/hydrofluoroether-hfe-347\/#breadcrumb"},"inLanguage":"hu","potentialAction":[{"@type":"ReadAction","target":["https:\/\/changhongchemical.com\/product\/hydrofluoroether-hfe-347\/"]}]},{"@type":"BreadcrumbList","@id":"https:\/\/changhongchemical.com\/product\/hydrofluoroether-hfe-347\/#breadcrumb","itemListElement":[{"@type":"ListItem","position":1,"name":"Home","item":"https:\/\/changhongchemical.com\/"},{"@type":"ListItem","position":2,"name":"Products Changhong","item":"https:\/\/changhongchemical.com\/product\/"},{"@type":"ListItem","position":3,"name":"CHLUMOFIUOR\u00ae Hydrofluoroether HFE-347"}]},{"@type":"WebSite","@id":"https:\/\/changhongchemical.com\/#website","url":"https:\/\/changhongchemical.com\/","name":"Changhong Chemical","description":"K\u00edna k\u00e9miai gy\u00e1rt\u00f3 \uff06 sz\u00e1ll\u00edt\u00f3","publisher":{"@id":"https:\/\/changhongchemical.com\/#organization"},"potentialAction":[{"@type":"SearchAction","target":{"@type":"EntryPoint","urlTemplate":"https:\/\/changhongchemical.com\/?s={search_term_string}"},"query-input":{"@type":"PropertyValueSpecification","valueRequired":true,"valueName":"search_term_string"}}],"inLanguage":"hu"},{"@type":"Organization","@id":"https:\/\/changhongchemical.com\/#organization","name":"Changhong Chemical","url":"https:\/\/changhongchemical.com\/","logo":{"@type":"ImageObject","inLanguage":"hu","@id":"https:\/\/changhongchemical.com\/#\/schema\/logo\/image\/","url":"https:\/\/changhongchemical.com\/wp-content\/uploads\/2020\/08\/cropped-longchang-logo.png","contentUrl":"https:\/\/changhongchemical.com\/wp-content\/uploads\/2020\/08\/cropped-longchang-logo.png","width":512,"height":512,"caption":"Changhong Chemical"},"image":{"@id":"https:\/\/changhongchemical.com\/#\/schema\/logo\/image\/"}}]}},"_links":{"self":[{"href":"https:\/\/changhongchemical.com\/hu\/wp-json\/wp\/v2\/product\/8378","targetHints":{"allow":["GET"]}}],"collection":[{"href":"https:\/\/changhongchemical.com\/hu\/wp-json\/wp\/v2\/product"}],"about":[{"href":"https:\/\/changhongchemical.com\/hu\/wp-json\/wp\/v2\/types\/product"}],"replies":[{"embeddable":true,"href":"https:\/\/changhongchemical.com\/hu\/wp-json\/wp\/v2\/comments?post=8378"}],"wp:attachment":[{"href":"https:\/\/changhongchemical.com\/hu\/wp-json\/wp\/v2\/media?parent=8378"}],"wp:term":[{"taxonomy":"product_brand","embeddable":true,"href":"https:\/\/changhongchemical.com\/hu\/wp-json\/wp\/v2\/product_brand?post=8378"},{"taxonomy":"product_cat","embeddable":true,"href":"https:\/\/changhongchemical.com\/hu\/wp-json\/wp\/v2\/product_cat?post=8378"},{"taxonomy":"product_tag","embeddable":true,"href":"https:\/\/changhongchemical.com\/hu\/wp-json\/wp\/v2\/product_tag?post=8378"}],"curies":[{"name":"wp","href":"https:\/\/api.w.org\/{rel}","templated":true}]}}