{"id":8370,"date":"2025-03-26T03:03:07","date_gmt":"2025-03-26T03:03:07","guid":{"rendered":"https:\/\/changhongchemical.com\/?post_type=product&#038;p=8370"},"modified":"2026-01-08T07:09:55","modified_gmt":"2026-01-08T07:09:55","slug":"perfluorobutylsulfonyl-fluoride","status":"publish","type":"product","link":"https:\/\/changhongchemical.com\/hu\/product\/perfluorobutylsulfonyl-fluoride\/","title":{"rendered":"CHLUMOFIUOR\u00ae perfluor-butil-szulfonil-fluorid CAS 375-72-4"},"content":{"rendered":"<p>N\u00e9v: perfluorobutilszulfonil fluorid<br \/>\nCAS NO.: 375-72-4<br \/>\nEINECS: 206-792-6<br \/>\nMolekulat\u00f6meg: 302,09<br \/>\nForr\u00e1spont: 64-66 \u2103<br \/>\nS\u0171r\u0171s\u00e9g: 25 \u2103---1.68g\/cm3<br \/>\nMolekul\u00e1ris k\u00e9plet: C4F9SO2F<br \/>\nTulajdons\u00e1gok: sz\u00edntelen, \u00e1tl\u00e1tsz\u00f3, v\u00edzben nem old\u00f3d\u00f3, irrit\u00e1l\u00f3, mar\u00f3, ill\u00e9kony folyad\u00e9k.<br \/>\nFelhaszn\u00e1l\u00e1s: Fluoros fel\u00fcletakt\u00edv anyagok, fluoros fel\u00fcletkezel\u0151 szerek \u00e9s egy\u00e9b fluoros finomk\u00e9miai anyagok szint\u00e9zis\u00e9ben. A PFBSF v\u00edzleperget\u0151 \u00e9s olajtasz\u00edt\u00f3 fel\u00fcletakt\u00edv nyersanyagai habz\u00e1sg\u00e1tl\u00f3k\u00e9nt, antisztatikus szerk\u00e9nt, mos\u00f3szerk\u00e9nt, szintez\u0151szerk\u00e9nt stb. haszn\u00e1lhat\u00f3k. Felhaszn\u00e1l\u00e1si ter\u00fcletei sz\u00e9les sk\u00e1l\u00e1n mozognak.<\/p>\n<p>Egy\u00e9b n\u00e9v:<\/p>\n<p>Nem-fluorobut\u00e1nszulfonil-fluorid<\/p>\n<p>Nem-fluor-1 -but\u00e1nszulfonil-fluorid<\/p>\n<p>Perfluor-1 -but\u00e1nszulfonil-fluorid<\/p>\n<p>1,1,2,2,2,2,3,3,4,4,4,4 -nonafluorobut\u00e1n -1-szulfonil-fluorid<\/p>\n<h2><strong><b>L\u00e9pjen kapcsolatba vel\u00fcnk most!<\/b><\/strong><\/h2>\n<h4><strong><b>Ha sz\u00fcks\u00e9ge van Price-ra, k\u00e9rj\u00fck, t\u00f6ltse ki el\u00e9rhet\u0151s\u00e9g\u00e9t az al\u00e1bbi \u0171rlapon, \u00e1ltal\u00e1ban 24 \u00f3r\u00e1n bel\u00fcl felvessz\u00fck \u00d6nnel a kapcsolatot. \u00d6n is k\u00fcldhet nekem e-mailt\u00a0<span style=\"color: #00ccff;\"><a style=\"color: #00ccff;\" href=\"mailto:info@changhongchemical.com\">info@changhongchemical.com<\/a><\/span>\u00a0munkaid\u0151ben ( 8:30-18:00 UTC+8 H.-Szombat ) vagy haszn\u00e1lja a weboldal \u00e9l\u0151 chatj\u00e9t, hogy azonnali v\u00e1laszt kapjon.<\/b><\/strong><\/h4>","protected":false},"excerpt":{"rendered":"<table style=\"border-collapse: collapse; width: 498.77pt;\" border=\"0\" width=\"665\" cellspacing=\"0\" cellpadding=\"0\">\n<tbody>\n<tr style=\"height: 20.00pt;\">\n<td class=\"et3\" style=\"height: 41.00pt; width: 163.50pt;\" colspan=\"2\" rowspan=\"2\" width=\"218\" height=\"54\">Tartalom<\/td>\n<td class=\"et3\" style=\"width: 335.25pt;\" colspan=\"3\" width=\"447\">Indik\u00e1tor<\/td>\n<\/tr>\n<tr style=\"height: 21.00pt;\">\n<td class=\"et3\">Kiv\u00e1l\u00f3 min\u0151s\u00e9g\u0171<\/td>\n<td class=\"et3\">Els\u0151 oszt\u00e1ly<\/td>\n<td class=\"et3\">Min\u0151s\u00edtett term\u00e9k<\/td>\n<\/tr>\n<tr style=\"height: 13.50pt;\">\n<td class=\"et3\" style=\"height: 13.50pt;\" colspan=\"2\" height=\"18\">Tisztas\u00e1g,GC<\/td>\n<td class=\"et3\">\u226598%<\/td>\n<td class=\"et3\">\u226597%<\/td>\n<td class=\"et3\">\u226595%<\/td>\n<\/tr>\n<tr style=\"height: 13.50pt;\">\n<td class=\"et3\" style=\"height: 13.50pt;\" colspan=\"2\" height=\"18\">PH<\/td>\n<td class=\"et3\">3.8-4.8<\/td>\n<td class=\"et3\">3.8-4.8<\/td>\n<td class=\"et3\">3.0-6.0<\/td>\n<\/tr>\n<tr style=\"height: 13.50pt;\">\n<td class=\"et3\" style=\"height: 13.50pt;\" colspan=\"2\" height=\"18\">Szennyez\u0151d\u00e9sek<\/td>\n<td class=\"et5\">\u22642.0%<\/td>\n<td class=\"et3\">\u22643.0%<\/td>\n<td class=\"et3\">\u22645.0%<\/td>\n<\/tr>\n<\/tbody>\n<\/table>","protected":false},"featured_media":8371,"comment_status":"closed","ping_status":"closed","template":"","meta":[],"product_brand":[],"product_cat":[188],"product_tag":[],"class_list":{"0":"post-8370","1":"product","2":"type-product","3":"status-publish","4":"has-post-thumbnail","6":"product_cat-fluorinated-fine-chemicals","8":"first","9":"instock","10":"shipping-taxable","11":"product-type-simple"},"yoast_head":"<!-- This site is optimized with the Yoast SEO plugin v27.4 - https:\/\/yoast.com\/product\/yoast-seo-wordpress\/ -->\n<title>China CHLUMOFIUOR\u00ae Perfluorobutylsulfonyl fluoride CAS 375-72-4 Manufacturer - Changhong Chemical<\/title>\n<meta name=\"description\" content=\"&lt;tr style=&quot;height...\" \/>\n<meta name=\"robots\" content=\"index, follow, max-snippet:-1, max-image-preview:large, max-video-preview:-1\" \/>\n<link rel=\"canonical\" href=\"https:\/\/changhongchemical.com\/hu\/product\/perfluorobutylsulfonyl-fluoride\/\" \/>\n<meta property=\"og:locale\" content=\"hu_HU\" \/>\n<meta property=\"og:type\" content=\"article\" \/>\n<meta property=\"og:title\" content=\"China CHLUMOFIUOR\u00ae Perfluorobutylsulfonyl fluoride CAS 375-72-4 Manufacturer - Changhong Chemical\" \/>\n<meta property=\"og:description\" content=\"&lt;tr style=&quot;height...\" \/>\n<meta property=\"og:url\" content=\"https:\/\/changhongchemical.com\/hu\/product\/perfluorobutylsulfonyl-fluoride\/\" \/>\n<meta property=\"og:site_name\" content=\"Changhong Chemical\" \/>\n<meta property=\"article:modified_time\" content=\"2026-01-08T07:09:55+00:00\" \/>\n<meta property=\"og:image\" content=\"https:\/\/changhongchemical.com\/wp-content\/uploads\/2025\/03\/2.jpg\" \/>\n\t<meta property=\"og:image:width\" content=\"300\" \/>\n\t<meta property=\"og:image:height\" content=\"300\" \/>\n\t<meta property=\"og:image:type\" content=\"image\/jpeg\" \/>\n<meta name=\"twitter:card\" content=\"summary_large_image\" \/>\n<meta name=\"twitter:label1\" content=\"Becs\u00fclt olvas\u00e1si id\u0151\" \/>\n\t<meta name=\"twitter:data1\" content=\"1 perc\" \/>\n<script type=\"application\/ld+json\" class=\"yoast-schema-graph\">{\"@context\":\"https:\\\/\\\/schema.org\",\"@graph\":[{\"@type\":\"WebPage\",\"@id\":\"https:\\\/\\\/changhongchemical.com\\\/product\\\/perfluorobutylsulfonyl-fluoride\\\/\",\"url\":\"https:\\\/\\\/changhongchemical.com\\\/product\\\/perfluorobutylsulfonyl-fluoride\\\/\",\"name\":\"China CHLUMOFIUOR\u00ae Perfluorobutylsulfonyl fluoride CAS 375-72-4 Manufacturer - Changhong Chemical\",\"isPartOf\":{\"@id\":\"https:\\\/\\\/changhongchemical.com\\\/#website\"},\"primaryImageOfPage\":{\"@id\":\"https:\\\/\\\/changhongchemical.com\\\/product\\\/perfluorobutylsulfonyl-fluoride\\\/#primaryimage\"},\"image\":{\"@id\":\"https:\\\/\\\/changhongchemical.com\\\/product\\\/perfluorobutylsulfonyl-fluoride\\\/#primaryimage\"},\"thumbnailUrl\":\"https:\\\/\\\/changhongchemical.com\\\/wp-content\\\/uploads\\\/2025\\\/03\\\/2.jpg\",\"datePublished\":\"2025-03-26T03:03:07+00:00\",\"dateModified\":\"2026-01-08T07:09:55+00:00\",\"description\":\"&lt;tr style=&quot;height...\",\"breadcrumb\":{\"@id\":\"https:\\\/\\\/changhongchemical.com\\\/product\\\/perfluorobutylsulfonyl-fluoride\\\/#breadcrumb\"},\"inLanguage\":\"hu\",\"potentialAction\":[{\"@type\":\"ReadAction\",\"target\":[\"https:\\\/\\\/changhongchemical.com\\\/product\\\/perfluorobutylsulfonyl-fluoride\\\/\"]}]},{\"@type\":\"ImageObject\",\"inLanguage\":\"hu\",\"@id\":\"https:\\\/\\\/changhongchemical.com\\\/product\\\/perfluorobutylsulfonyl-fluoride\\\/#primaryimage\",\"url\":\"https:\\\/\\\/changhongchemical.com\\\/wp-content\\\/uploads\\\/2025\\\/03\\\/2.jpg\",\"contentUrl\":\"https:\\\/\\\/changhongchemical.com\\\/wp-content\\\/uploads\\\/2025\\\/03\\\/2.jpg\",\"width\":300,\"height\":300},{\"@type\":\"BreadcrumbList\",\"@id\":\"https:\\\/\\\/changhongchemical.com\\\/product\\\/perfluorobutylsulfonyl-fluoride\\\/#breadcrumb\",\"itemListElement\":[{\"@type\":\"ListItem\",\"position\":1,\"name\":\"Home\",\"item\":\"https:\\\/\\\/changhongchemical.com\\\/\"},{\"@type\":\"ListItem\",\"position\":2,\"name\":\"Products Changhong\",\"item\":\"https:\\\/\\\/changhongchemical.com\\\/product\\\/\"},{\"@type\":\"ListItem\",\"position\":3,\"name\":\"CHLUMOFIUOR\u00ae Perfluorobutylsulfonyl fluoride CAS 375-72-4\"}]},{\"@type\":\"WebSite\",\"@id\":\"https:\\\/\\\/changhongchemical.com\\\/#website\",\"url\":\"https:\\\/\\\/changhongchemical.com\\\/\",\"name\":\"Changhong Chemical\",\"description\":\"China chemical manufacturer \uff06 supplier\",\"publisher\":{\"@id\":\"https:\\\/\\\/changhongchemical.com\\\/#organization\"},\"potentialAction\":[{\"@type\":\"SearchAction\",\"target\":{\"@type\":\"EntryPoint\",\"urlTemplate\":\"https:\\\/\\\/changhongchemical.com\\\/?s={search_term_string}\"},\"query-input\":{\"@type\":\"PropertyValueSpecification\",\"valueRequired\":true,\"valueName\":\"search_term_string\"}}],\"inLanguage\":\"hu\"},{\"@type\":\"Organization\",\"@id\":\"https:\\\/\\\/changhongchemical.com\\\/#organization\",\"name\":\"Changhong Chemical\",\"url\":\"https:\\\/\\\/changhongchemical.com\\\/\",\"logo\":{\"@type\":\"ImageObject\",\"inLanguage\":\"hu\",\"@id\":\"https:\\\/\\\/changhongchemical.com\\\/#\\\/schema\\\/logo\\\/image\\\/\",\"url\":\"https:\\\/\\\/changhongchemical.com\\\/wp-content\\\/uploads\\\/2020\\\/08\\\/cropped-longchang-logo.png\",\"contentUrl\":\"https:\\\/\\\/changhongchemical.com\\\/wp-content\\\/uploads\\\/2020\\\/08\\\/cropped-longchang-logo.png\",\"width\":512,\"height\":512,\"caption\":\"Changhong Chemical\"},\"image\":{\"@id\":\"https:\\\/\\\/changhongchemical.com\\\/#\\\/schema\\\/logo\\\/image\\\/\"}}]}<\/script>\n<!-- \/ Yoast SEO plugin. -->","yoast_head_json":{"title":"K\u00edna CHLUMOFIUOR\u00ae perfluorobutilszulfonil fluorid CAS 375-72-4 Gy\u00e1rt\u00f3 - Changhong Chemical","description":"&lt;tr style=&quot;height...","robots":{"index":"index","follow":"follow","max-snippet":"max-snippet:-1","max-image-preview":"max-image-preview:large","max-video-preview":"max-video-preview:-1"},"canonical":"https:\/\/changhongchemical.com\/hu\/product\/perfluorobutylsulfonyl-fluoride\/","og_locale":"hu_HU","og_type":"article","og_title":"China CHLUMOFIUOR\u00ae Perfluorobutylsulfonyl fluoride CAS 375-72-4 Manufacturer - Changhong Chemical","og_description":"&lt;tr style=&quot;height...","og_url":"https:\/\/changhongchemical.com\/hu\/product\/perfluorobutylsulfonyl-fluoride\/","og_site_name":"Changhong Chemical","article_modified_time":"2026-01-08T07:09:55+00:00","og_image":[{"width":300,"height":300,"url":"https:\/\/changhongchemical.com\/wp-content\/uploads\/2025\/03\/2.jpg","type":"image\/jpeg"}],"twitter_card":"summary_large_image","twitter_misc":{"Becs\u00fclt olvas\u00e1si id\u0151":"1 perc"},"schema":{"@context":"https:\/\/schema.org","@graph":[{"@type":"WebPage","@id":"https:\/\/changhongchemical.com\/product\/perfluorobutylsulfonyl-fluoride\/","url":"https:\/\/changhongchemical.com\/product\/perfluorobutylsulfonyl-fluoride\/","name":"K\u00edna CHLUMOFIUOR\u00ae perfluorobutilszulfonil fluorid CAS 375-72-4 Gy\u00e1rt\u00f3 - Changhong Chemical","isPartOf":{"@id":"https:\/\/changhongchemical.com\/#website"},"primaryImageOfPage":{"@id":"https:\/\/changhongchemical.com\/product\/perfluorobutylsulfonyl-fluoride\/#primaryimage"},"image":{"@id":"https:\/\/changhongchemical.com\/product\/perfluorobutylsulfonyl-fluoride\/#primaryimage"},"thumbnailUrl":"https:\/\/changhongchemical.com\/wp-content\/uploads\/2025\/03\/2.jpg","datePublished":"2025-03-26T03:03:07+00:00","dateModified":"2026-01-08T07:09:55+00:00","description":"&lt;tr style=&quot;height...","breadcrumb":{"@id":"https:\/\/changhongchemical.com\/product\/perfluorobutylsulfonyl-fluoride\/#breadcrumb"},"inLanguage":"hu","potentialAction":[{"@type":"ReadAction","target":["https:\/\/changhongchemical.com\/product\/perfluorobutylsulfonyl-fluoride\/"]}]},{"@type":"ImageObject","inLanguage":"hu","@id":"https:\/\/changhongchemical.com\/product\/perfluorobutylsulfonyl-fluoride\/#primaryimage","url":"https:\/\/changhongchemical.com\/wp-content\/uploads\/2025\/03\/2.jpg","contentUrl":"https:\/\/changhongchemical.com\/wp-content\/uploads\/2025\/03\/2.jpg","width":300,"height":300},{"@type":"BreadcrumbList","@id":"https:\/\/changhongchemical.com\/product\/perfluorobutylsulfonyl-fluoride\/#breadcrumb","itemListElement":[{"@type":"ListItem","position":1,"name":"Home","item":"https:\/\/changhongchemical.com\/"},{"@type":"ListItem","position":2,"name":"Products Changhong","item":"https:\/\/changhongchemical.com\/product\/"},{"@type":"ListItem","position":3,"name":"CHLUMOFIUOR\u00ae Perfluorobutylsulfonyl fluoride CAS 375-72-4"}]},{"@type":"WebSite","@id":"https:\/\/changhongchemical.com\/#website","url":"https:\/\/changhongchemical.com\/","name":"Changhong Chemical","description":"K\u00edna k\u00e9miai gy\u00e1rt\u00f3 \uff06 sz\u00e1ll\u00edt\u00f3","publisher":{"@id":"https:\/\/changhongchemical.com\/#organization"},"potentialAction":[{"@type":"SearchAction","target":{"@type":"EntryPoint","urlTemplate":"https:\/\/changhongchemical.com\/?s={search_term_string}"},"query-input":{"@type":"PropertyValueSpecification","valueRequired":true,"valueName":"search_term_string"}}],"inLanguage":"hu"},{"@type":"Organization","@id":"https:\/\/changhongchemical.com\/#organization","name":"Changhong Chemical","url":"https:\/\/changhongchemical.com\/","logo":{"@type":"ImageObject","inLanguage":"hu","@id":"https:\/\/changhongchemical.com\/#\/schema\/logo\/image\/","url":"https:\/\/changhongchemical.com\/wp-content\/uploads\/2020\/08\/cropped-longchang-logo.png","contentUrl":"https:\/\/changhongchemical.com\/wp-content\/uploads\/2020\/08\/cropped-longchang-logo.png","width":512,"height":512,"caption":"Changhong Chemical"},"image":{"@id":"https:\/\/changhongchemical.com\/#\/schema\/logo\/image\/"}}]}},"_links":{"self":[{"href":"https:\/\/changhongchemical.com\/hu\/wp-json\/wp\/v2\/product\/8370","targetHints":{"allow":["GET"]}}],"collection":[{"href":"https:\/\/changhongchemical.com\/hu\/wp-json\/wp\/v2\/product"}],"about":[{"href":"https:\/\/changhongchemical.com\/hu\/wp-json\/wp\/v2\/types\/product"}],"replies":[{"embeddable":true,"href":"https:\/\/changhongchemical.com\/hu\/wp-json\/wp\/v2\/comments?post=8370"}],"wp:featuredmedia":[{"embeddable":true,"href":"https:\/\/changhongchemical.com\/hu\/wp-json\/wp\/v2\/media\/8371"}],"wp:attachment":[{"href":"https:\/\/changhongchemical.com\/hu\/wp-json\/wp\/v2\/media?parent=8370"}],"wp:term":[{"taxonomy":"product_brand","embeddable":true,"href":"https:\/\/changhongchemical.com\/hu\/wp-json\/wp\/v2\/product_brand?post=8370"},{"taxonomy":"product_cat","embeddable":true,"href":"https:\/\/changhongchemical.com\/hu\/wp-json\/wp\/v2\/product_cat?post=8370"},{"taxonomy":"product_tag","embeddable":true,"href":"https:\/\/changhongchemical.com\/hu\/wp-json\/wp\/v2\/product_tag?post=8370"}],"curies":[{"name":"wp","href":"https:\/\/api.w.org\/{rel}","templated":true}]}}