{"id":8356,"date":"2025-03-25T07:18:38","date_gmt":"2025-03-25T07:18:38","guid":{"rendered":"https:\/\/changhongchemical.com\/?post_type=product&#038;p=8356"},"modified":"2025-04-01T02:07:03","modified_gmt":"2025-04-01T02:07:03","slug":"c-n-perfluoroalkanes","status":"publish","type":"product","link":"https:\/\/changhongchemical.com\/hu\/product\/c-n-perfluoroalkanes\/","title":{"rendered":"CHLUMOFIUOR\u00ae C-N perfluoralk\u00e1nok"},"content":{"rendered":"<p>Tulajdons\u00e1gok<br \/>\nMegjelen\u00e9s: Feh\u00e9r szil\u00e1rd anyag<br \/>\nForr\u00e1spont (\u00b0 C): nincs adat.<br \/>\nOlvad\u00e1spont (\u00b0C): 160-240<br \/>\nS\u0171r\u0171s\u00e9g (g\/ml): nincs adat.<br \/>\nT\u00f6r\u00e9smutat\u00f3: Nincs adat<br \/>\nLobban\u00e1spont (\u00b0C): Nincs<br \/>\nAlkalmaz\u00e1si ter\u00fcletek: K\u00e9miai reagensek, old\u00f3szerek, g\u0151zfel\u00fclet\u0171 fel\u00fcletakt\u00edv anyagok<br \/>\nK\u00e9miai reagensek, old\u00f3szerek, g\u0151zfel\u00fcletakt\u00edv anyagok<br \/>\nCsomagol\u00e1s \u00e9s t\u00e1rol\u00e1s<br \/>\nEz a term\u00e9k 1 literes, 10 literes HDPE palackokba\/hord\u00f3kba \u00e9s 25 literes ac\u00e9l-m\u0171anyag kompozit hord\u00f3kba van csomagolva. A term\u00e9ket szell\u0151ztetett \u00e9s h\u0171v\u00f6s helyen, l\u00e9gmentesen lez\u00e1rva t\u00e1roljuk, a r\u00e9szletek\u00e9rt l\u00e1sd az MSDS-t. A term\u00e9k eltarthat\u00f3s\u00e1gi ideje egy \u00e9v.<\/p>\n<p>Egy\u00e9b n\u00e9v:<\/p>\n<p>Perfluor-sz\u00e9nhidrog\u00e9nek<\/p>\n<p>Fluorkarbonok<\/p>","protected":false},"excerpt":{"rendered":"<p>C-N<br \/>\nPerfluoralk\u00e1n<br \/>\nCAS-sz\u00e1m: Nincs<br \/>\nMolekulat\u00f6meg: Nincs adat<br \/>\nEINECS-sz\u00e1m: Nincs<\/p>","protected":false},"featured_media":8358,"comment_status":"closed","ping_status":"closed","template":"","meta":[],"product_brand":[],"product_cat":[188],"product_tag":[],"class_list":{"0":"post-8356","1":"product","2":"type-product","3":"status-publish","4":"has-post-thumbnail","6":"product_cat-fluorinated-fine-chemicals","8":"first","9":"instock","10":"shipping-taxable","11":"product-type-simple"},"yoast_head":"<!-- This site is optimized with the Yoast SEO plugin v27.4 - https:\/\/yoast.com\/product\/yoast-seo-wordpress\/ -->\n<title>China CHLUMOFIUOR\u00ae C-N Perfluoroalkanes Manufacturer - Changhong Chemical<\/title>\n<meta name=\"description\" content=\"C-N Perfluoroalkane CAS No.: None Molecular weight: No data EINECS No.: None\" \/>\n<meta name=\"robots\" content=\"index, follow, max-snippet:-1, max-image-preview:large, max-video-preview:-1\" \/>\n<link rel=\"canonical\" href=\"https:\/\/changhongchemical.com\/hu\/product\/c-n-perfluoroalkanes\/\" \/>\n<meta property=\"og:locale\" content=\"hu_HU\" \/>\n<meta property=\"og:type\" content=\"article\" \/>\n<meta property=\"og:title\" content=\"China CHLUMOFIUOR\u00ae C-N Perfluoroalkanes Manufacturer - Changhong Chemical\" \/>\n<meta property=\"og:description\" content=\"C-N Perfluoroalkane CAS No.: None Molecular weight: No data EINECS No.: None\" \/>\n<meta property=\"og:url\" content=\"https:\/\/changhongchemical.com\/hu\/product\/c-n-perfluoroalkanes\/\" \/>\n<meta property=\"og:site_name\" content=\"Changhong Chemical\" \/>\n<meta property=\"article:modified_time\" content=\"2025-04-01T02:07:03+00:00\" \/>\n<meta property=\"og:image\" content=\"https:\/\/changhongchemical.com\/wp-content\/uploads\/2025\/03\/C-N.jpg\" \/>\n\t<meta property=\"og:image:width\" content=\"300\" \/>\n\t<meta property=\"og:image:height\" content=\"300\" \/>\n\t<meta property=\"og:image:type\" content=\"image\/jpeg\" \/>\n<meta name=\"twitter:card\" content=\"summary_large_image\" \/>\n<meta name=\"twitter:label1\" content=\"Becs\u00fclt olvas\u00e1si id\u0151\" \/>\n\t<meta name=\"twitter:data1\" content=\"1 perc\" \/>\n<script type=\"application\/ld+json\" class=\"yoast-schema-graph\">{\"@context\":\"https:\\\/\\\/schema.org\",\"@graph\":[{\"@type\":\"WebPage\",\"@id\":\"https:\\\/\\\/changhongchemical.com\\\/product\\\/c-n-perfluoroalkanes\\\/\",\"url\":\"https:\\\/\\\/changhongchemical.com\\\/product\\\/c-n-perfluoroalkanes\\\/\",\"name\":\"China CHLUMOFIUOR\u00ae C-N Perfluoroalkanes Manufacturer - Changhong Chemical\",\"isPartOf\":{\"@id\":\"https:\\\/\\\/changhongchemical.com\\\/#website\"},\"primaryImageOfPage\":{\"@id\":\"https:\\\/\\\/changhongchemical.com\\\/product\\\/c-n-perfluoroalkanes\\\/#primaryimage\"},\"image\":{\"@id\":\"https:\\\/\\\/changhongchemical.com\\\/product\\\/c-n-perfluoroalkanes\\\/#primaryimage\"},\"thumbnailUrl\":\"https:\\\/\\\/changhongchemical.com\\\/wp-content\\\/uploads\\\/2025\\\/03\\\/C-N.jpg\",\"datePublished\":\"2025-03-25T07:18:38+00:00\",\"dateModified\":\"2025-04-01T02:07:03+00:00\",\"description\":\"C-N Perfluoroalkane CAS No.: None Molecular weight: No data EINECS No.: None\",\"breadcrumb\":{\"@id\":\"https:\\\/\\\/changhongchemical.com\\\/product\\\/c-n-perfluoroalkanes\\\/#breadcrumb\"},\"inLanguage\":\"hu\",\"potentialAction\":[{\"@type\":\"ReadAction\",\"target\":[\"https:\\\/\\\/changhongchemical.com\\\/product\\\/c-n-perfluoroalkanes\\\/\"]}]},{\"@type\":\"ImageObject\",\"inLanguage\":\"hu\",\"@id\":\"https:\\\/\\\/changhongchemical.com\\\/product\\\/c-n-perfluoroalkanes\\\/#primaryimage\",\"url\":\"https:\\\/\\\/changhongchemical.com\\\/wp-content\\\/uploads\\\/2025\\\/03\\\/C-N.jpg\",\"contentUrl\":\"https:\\\/\\\/changhongchemical.com\\\/wp-content\\\/uploads\\\/2025\\\/03\\\/C-N.jpg\",\"width\":300,\"height\":300},{\"@type\":\"BreadcrumbList\",\"@id\":\"https:\\\/\\\/changhongchemical.com\\\/product\\\/c-n-perfluoroalkanes\\\/#breadcrumb\",\"itemListElement\":[{\"@type\":\"ListItem\",\"position\":1,\"name\":\"Home\",\"item\":\"https:\\\/\\\/changhongchemical.com\\\/\"},{\"@type\":\"ListItem\",\"position\":2,\"name\":\"Products Changhong\",\"item\":\"https:\\\/\\\/changhongchemical.com\\\/product\\\/\"},{\"@type\":\"ListItem\",\"position\":3,\"name\":\"CHLUMOFIUOR\u00ae C-N Perfluoroalkanes\"}]},{\"@type\":\"WebSite\",\"@id\":\"https:\\\/\\\/changhongchemical.com\\\/#website\",\"url\":\"https:\\\/\\\/changhongchemical.com\\\/\",\"name\":\"Changhong Chemical\",\"description\":\"China chemical manufacturer \uff06 supplier\",\"publisher\":{\"@id\":\"https:\\\/\\\/changhongchemical.com\\\/#organization\"},\"potentialAction\":[{\"@type\":\"SearchAction\",\"target\":{\"@type\":\"EntryPoint\",\"urlTemplate\":\"https:\\\/\\\/changhongchemical.com\\\/?s={search_term_string}\"},\"query-input\":{\"@type\":\"PropertyValueSpecification\",\"valueRequired\":true,\"valueName\":\"search_term_string\"}}],\"inLanguage\":\"hu\"},{\"@type\":\"Organization\",\"@id\":\"https:\\\/\\\/changhongchemical.com\\\/#organization\",\"name\":\"Changhong Chemical\",\"url\":\"https:\\\/\\\/changhongchemical.com\\\/\",\"logo\":{\"@type\":\"ImageObject\",\"inLanguage\":\"hu\",\"@id\":\"https:\\\/\\\/changhongchemical.com\\\/#\\\/schema\\\/logo\\\/image\\\/\",\"url\":\"https:\\\/\\\/changhongchemical.com\\\/wp-content\\\/uploads\\\/2020\\\/08\\\/cropped-longchang-logo.png\",\"contentUrl\":\"https:\\\/\\\/changhongchemical.com\\\/wp-content\\\/uploads\\\/2020\\\/08\\\/cropped-longchang-logo.png\",\"width\":512,\"height\":512,\"caption\":\"Changhong Chemical\"},\"image\":{\"@id\":\"https:\\\/\\\/changhongchemical.com\\\/#\\\/schema\\\/logo\\\/image\\\/\"}}]}<\/script>\n<!-- \/ Yoast SEO plugin. -->","yoast_head_json":{"title":"K\u00edna CHLUMOFIUOR\u00ae C-N perfluoralk\u00e1nok Gy\u00e1rt\u00f3 - Changhong Chemical","description":"C-N Perfluoroalkane CAS No.: None Molecular weight: No data EINECS No.: None","robots":{"index":"index","follow":"follow","max-snippet":"max-snippet:-1","max-image-preview":"max-image-preview:large","max-video-preview":"max-video-preview:-1"},"canonical":"https:\/\/changhongchemical.com\/hu\/product\/c-n-perfluoroalkanes\/","og_locale":"hu_HU","og_type":"article","og_title":"China CHLUMOFIUOR\u00ae C-N Perfluoroalkanes Manufacturer - Changhong Chemical","og_description":"C-N Perfluoroalkane CAS No.: None Molecular weight: No data EINECS No.: None","og_url":"https:\/\/changhongchemical.com\/hu\/product\/c-n-perfluoroalkanes\/","og_site_name":"Changhong Chemical","article_modified_time":"2025-04-01T02:07:03+00:00","og_image":[{"width":300,"height":300,"url":"https:\/\/changhongchemical.com\/wp-content\/uploads\/2025\/03\/C-N.jpg","type":"image\/jpeg"}],"twitter_card":"summary_large_image","twitter_misc":{"Becs\u00fclt olvas\u00e1si id\u0151":"1 perc"},"schema":{"@context":"https:\/\/schema.org","@graph":[{"@type":"WebPage","@id":"https:\/\/changhongchemical.com\/product\/c-n-perfluoroalkanes\/","url":"https:\/\/changhongchemical.com\/product\/c-n-perfluoroalkanes\/","name":"K\u00edna CHLUMOFIUOR\u00ae C-N perfluoralk\u00e1nok Gy\u00e1rt\u00f3 - Changhong Chemical","isPartOf":{"@id":"https:\/\/changhongchemical.com\/#website"},"primaryImageOfPage":{"@id":"https:\/\/changhongchemical.com\/product\/c-n-perfluoroalkanes\/#primaryimage"},"image":{"@id":"https:\/\/changhongchemical.com\/product\/c-n-perfluoroalkanes\/#primaryimage"},"thumbnailUrl":"https:\/\/changhongchemical.com\/wp-content\/uploads\/2025\/03\/C-N.jpg","datePublished":"2025-03-25T07:18:38+00:00","dateModified":"2025-04-01T02:07:03+00:00","description":"C-N Perfluoroalkane CAS No.: None Molecular weight: No data EINECS No.: None","breadcrumb":{"@id":"https:\/\/changhongchemical.com\/product\/c-n-perfluoroalkanes\/#breadcrumb"},"inLanguage":"hu","potentialAction":[{"@type":"ReadAction","target":["https:\/\/changhongchemical.com\/product\/c-n-perfluoroalkanes\/"]}]},{"@type":"ImageObject","inLanguage":"hu","@id":"https:\/\/changhongchemical.com\/product\/c-n-perfluoroalkanes\/#primaryimage","url":"https:\/\/changhongchemical.com\/wp-content\/uploads\/2025\/03\/C-N.jpg","contentUrl":"https:\/\/changhongchemical.com\/wp-content\/uploads\/2025\/03\/C-N.jpg","width":300,"height":300},{"@type":"BreadcrumbList","@id":"https:\/\/changhongchemical.com\/product\/c-n-perfluoroalkanes\/#breadcrumb","itemListElement":[{"@type":"ListItem","position":1,"name":"Home","item":"https:\/\/changhongchemical.com\/"},{"@type":"ListItem","position":2,"name":"Products Changhong","item":"https:\/\/changhongchemical.com\/product\/"},{"@type":"ListItem","position":3,"name":"CHLUMOFIUOR\u00ae C-N Perfluoroalkanes"}]},{"@type":"WebSite","@id":"https:\/\/changhongchemical.com\/#website","url":"https:\/\/changhongchemical.com\/","name":"Changhong Chemical","description":"K\u00edna k\u00e9miai gy\u00e1rt\u00f3 \uff06 sz\u00e1ll\u00edt\u00f3","publisher":{"@id":"https:\/\/changhongchemical.com\/#organization"},"potentialAction":[{"@type":"SearchAction","target":{"@type":"EntryPoint","urlTemplate":"https:\/\/changhongchemical.com\/?s={search_term_string}"},"query-input":{"@type":"PropertyValueSpecification","valueRequired":true,"valueName":"search_term_string"}}],"inLanguage":"hu"},{"@type":"Organization","@id":"https:\/\/changhongchemical.com\/#organization","name":"Changhong Chemical","url":"https:\/\/changhongchemical.com\/","logo":{"@type":"ImageObject","inLanguage":"hu","@id":"https:\/\/changhongchemical.com\/#\/schema\/logo\/image\/","url":"https:\/\/changhongchemical.com\/wp-content\/uploads\/2020\/08\/cropped-longchang-logo.png","contentUrl":"https:\/\/changhongchemical.com\/wp-content\/uploads\/2020\/08\/cropped-longchang-logo.png","width":512,"height":512,"caption":"Changhong Chemical"},"image":{"@id":"https:\/\/changhongchemical.com\/#\/schema\/logo\/image\/"}}]}},"_links":{"self":[{"href":"https:\/\/changhongchemical.com\/hu\/wp-json\/wp\/v2\/product\/8356","targetHints":{"allow":["GET"]}}],"collection":[{"href":"https:\/\/changhongchemical.com\/hu\/wp-json\/wp\/v2\/product"}],"about":[{"href":"https:\/\/changhongchemical.com\/hu\/wp-json\/wp\/v2\/types\/product"}],"replies":[{"embeddable":true,"href":"https:\/\/changhongchemical.com\/hu\/wp-json\/wp\/v2\/comments?post=8356"}],"wp:featuredmedia":[{"embeddable":true,"href":"https:\/\/changhongchemical.com\/hu\/wp-json\/wp\/v2\/media\/8358"}],"wp:attachment":[{"href":"https:\/\/changhongchemical.com\/hu\/wp-json\/wp\/v2\/media?parent=8356"}],"wp:term":[{"taxonomy":"product_brand","embeddable":true,"href":"https:\/\/changhongchemical.com\/hu\/wp-json\/wp\/v2\/product_brand?post=8356"},{"taxonomy":"product_cat","embeddable":true,"href":"https:\/\/changhongchemical.com\/hu\/wp-json\/wp\/v2\/product_cat?post=8356"},{"taxonomy":"product_tag","embeddable":true,"href":"https:\/\/changhongchemical.com\/hu\/wp-json\/wp\/v2\/product_tag?post=8356"}],"curies":[{"name":"wp","href":"https:\/\/api.w.org\/{rel}","templated":true}]}}