{"id":8330,"date":"2025-03-25T06:02:48","date_gmt":"2025-03-25T06:02:48","guid":{"rendered":"https:\/\/changhongchemical.com\/?post_type=product&#038;p=8330"},"modified":"2026-01-08T08:13:02","modified_gmt":"2026-01-08T08:13:02","slug":"cha-8-cas-1651-41-8","status":"publish","type":"product","link":"https:\/\/changhongchemical.com\/hu\/product\/cha-8-cas-1651-41-8\/","title":{"rendered":"CHLUMOFIUOR\u00ae CHA-8 perfluoroktilpropanol CAS 1651-41-8"},"content":{"rendered":"<p>Teljes\u00edtm\u00e9nyindex<br \/>\nMegjelen\u00e9s: feh\u00e9r szil\u00e1rd anyag<br \/>\nForrpont (\u00b0C): 86,5@2mmHg<br \/>\nOlvad\u00e1spont (\u00b0C): 45.6<br \/>\nS\u0171r\u0171s\u00e9g (g\/mL): 1,6362@50\u00b0C<br \/>\nLobban\u00e1spont (\u00b0C): &gt;108<br \/>\nTisztas\u00e1g (GC): &gt;98%<br \/>\nAlkalmaz\u00e1sok<br \/>\nA sz\u00f6vetek v\u00edz- \u00e9s olajtasz\u00edt\u00f3 kezel\u00e9s\u00e9hez haszn\u00e1lt fel\u00fcletakt\u00edv anyag nyersanyaga, mint fontos fluor intermedier, sz\u00e1mos \u00e9rt\u00e9kes szerves fluork\u00e9miai anyagg\u00e1 dolgozhat\u00f3 fel, \u00e9s fel\u00fcletakt\u00edv anyag vagy fel\u00fcletkezel\u0151 szer, sz\u00e9les k\u00f6r\u0171 alkalmaz\u00e1ssal, valamint gy\u00f3gyszer\u00e9szeti \u00e9s anyagk\u00f6zi term\u00e9kk\u00e9nt is felhaszn\u00e1lhat\u00f3.<br \/>\nCsomagol\u00e1s \u00e9s t\u00e1rol\u00e1s<br \/>\nEz a term\u00e9k 1 literes, 10 literes HDPE palackokba\/hord\u00f3kba \u00e9s 25 literes ac\u00e9l-m\u0171anyag kompozit hord\u00f3kba van csomagolva. A term\u00e9ket szell\u0151ztetett \u00e9s h\u0171v\u00f6s helyen, lez\u00e1rt tart\u00e1lyban kell t\u00e1rolni, r\u00e9szleteket l\u00e1sd az MSDS-ben, eltarthat\u00f3s\u00e1gi ideje egy \u00e9v.<\/p>\n<p>Egy\u00e9b n\u00e9v:<\/p>\n<p>3 - (perfluoroktil)propan - 1 - ol<\/p>\n<p>1H,1H,2H,2H,2H - Heptadecafluoroundecan - 1 - ol<\/p>\n<h2><strong><b>L\u00e9pjen kapcsolatba vel\u00fcnk most!<\/b><\/strong><\/h2>\n<h4><strong><b>Ha sz\u00fcks\u00e9ge van Price-ra, k\u00e9rj\u00fck, t\u00f6ltse ki el\u00e9rhet\u0151s\u00e9g\u00e9t az al\u00e1bbi \u0171rlapon, \u00e1ltal\u00e1ban 24 \u00f3r\u00e1n bel\u00fcl felvessz\u00fck \u00d6nnel a kapcsolatot. \u00d6n is k\u00fcldhet nekem e-mailt\u00a0<span style=\"color: #00ccff;\"><a style=\"color: #00ccff;\" href=\"mailto:info@changhongchemical.com\">info@changhongchemical.com<\/a><\/span>\u00a0munkaid\u0151ben ( 8:30-18:00 UTC+8 H.-Szombat ) vagy haszn\u00e1lja a weboldal \u00e9l\u0151 chatj\u00e9t, hogy azonnali v\u00e1laszt kapjon.<\/b><\/strong><\/h4>","protected":false},"excerpt":{"rendered":"<p>CHA-8<br \/>\n3-(perfluoroktil)propanol<br \/>\nCAS-sz\u00e1m: 1651-41-8<br \/>\nMolekulat\u00f6meg: 478,15<br \/>\nEINECS-sz\u00e1m: Nincs<\/p>","protected":false},"featured_media":8331,"comment_status":"closed","ping_status":"closed","template":"","meta":[],"product_brand":[],"product_cat":[188],"product_tag":[],"class_list":{"0":"post-8330","1":"product","2":"type-product","3":"status-publish","4":"has-post-thumbnail","6":"product_cat-fluorinated-fine-chemicals","8":"first","9":"instock","10":"shipping-taxable","11":"product-type-simple"},"yoast_head":"<!-- This site is optimized with the Yoast SEO plugin v27.4 - https:\/\/yoast.com\/product\/yoast-seo-wordpress\/ -->\n<title>China CHLUMOFIUOR\u00ae CHA-8 Perfluorooctylpropanol CAS 1651-41-8 Manufacturer - Changhong Chemical<\/title>\n<meta name=\"description\" content=\"CHA-8 3-(Perfluorooctyl)propanol CAS No.: 1651-41-8 Molecular weight: 478.15 EINECS No.: None\" \/>\n<meta name=\"robots\" content=\"index, follow, max-snippet:-1, max-image-preview:large, max-video-preview:-1\" \/>\n<link rel=\"canonical\" href=\"https:\/\/changhongchemical.com\/hu\/product\/cha-8-cas-1651-41-8\/\" \/>\n<meta property=\"og:locale\" content=\"hu_HU\" \/>\n<meta property=\"og:type\" content=\"article\" \/>\n<meta property=\"og:title\" content=\"China CHLUMOFIUOR\u00ae CHA-8 Perfluorooctylpropanol CAS 1651-41-8 Manufacturer - Changhong Chemical\" \/>\n<meta property=\"og:description\" content=\"CHA-8 3-(Perfluorooctyl)propanol CAS No.: 1651-41-8 Molecular weight: 478.15 EINECS No.: None\" \/>\n<meta property=\"og:url\" content=\"https:\/\/changhongchemical.com\/hu\/product\/cha-8-cas-1651-41-8\/\" \/>\n<meta property=\"og:site_name\" content=\"Changhong Chemical\" \/>\n<meta property=\"article:modified_time\" content=\"2026-01-08T08:13:02+00:00\" \/>\n<meta property=\"og:image\" content=\"https:\/\/changhongchemical.com\/wp-content\/uploads\/2025\/03\/CHA.jpg\" \/>\n\t<meta property=\"og:image:width\" content=\"300\" \/>\n\t<meta property=\"og:image:height\" content=\"300\" \/>\n\t<meta property=\"og:image:type\" content=\"image\/jpeg\" \/>\n<meta name=\"twitter:card\" content=\"summary_large_image\" \/>\n<meta name=\"twitter:label1\" content=\"Becs\u00fclt olvas\u00e1si id\u0151\" \/>\n\t<meta name=\"twitter:data1\" content=\"1 perc\" \/>\n<script type=\"application\/ld+json\" class=\"yoast-schema-graph\">{\"@context\":\"https:\\\/\\\/schema.org\",\"@graph\":[{\"@type\":\"WebPage\",\"@id\":\"https:\\\/\\\/changhongchemical.com\\\/product\\\/cha-8-cas-1651-41-8\\\/\",\"url\":\"https:\\\/\\\/changhongchemical.com\\\/product\\\/cha-8-cas-1651-41-8\\\/\",\"name\":\"China CHLUMOFIUOR\u00ae CHA-8 Perfluorooctylpropanol CAS 1651-41-8 Manufacturer - Changhong Chemical\",\"isPartOf\":{\"@id\":\"https:\\\/\\\/changhongchemical.com\\\/#website\"},\"primaryImageOfPage\":{\"@id\":\"https:\\\/\\\/changhongchemical.com\\\/product\\\/cha-8-cas-1651-41-8\\\/#primaryimage\"},\"image\":{\"@id\":\"https:\\\/\\\/changhongchemical.com\\\/product\\\/cha-8-cas-1651-41-8\\\/#primaryimage\"},\"thumbnailUrl\":\"https:\\\/\\\/changhongchemical.com\\\/wp-content\\\/uploads\\\/2025\\\/03\\\/CHA.jpg\",\"datePublished\":\"2025-03-25T06:02:48+00:00\",\"dateModified\":\"2026-01-08T08:13:02+00:00\",\"description\":\"CHA-8 3-(Perfluorooctyl)propanol CAS No.: 1651-41-8 Molecular weight: 478.15 EINECS No.: None\",\"breadcrumb\":{\"@id\":\"https:\\\/\\\/changhongchemical.com\\\/product\\\/cha-8-cas-1651-41-8\\\/#breadcrumb\"},\"inLanguage\":\"hu\",\"potentialAction\":[{\"@type\":\"ReadAction\",\"target\":[\"https:\\\/\\\/changhongchemical.com\\\/product\\\/cha-8-cas-1651-41-8\\\/\"]}]},{\"@type\":\"ImageObject\",\"inLanguage\":\"hu\",\"@id\":\"https:\\\/\\\/changhongchemical.com\\\/product\\\/cha-8-cas-1651-41-8\\\/#primaryimage\",\"url\":\"https:\\\/\\\/changhongchemical.com\\\/wp-content\\\/uploads\\\/2025\\\/03\\\/CHA.jpg\",\"contentUrl\":\"https:\\\/\\\/changhongchemical.com\\\/wp-content\\\/uploads\\\/2025\\\/03\\\/CHA.jpg\",\"width\":300,\"height\":300},{\"@type\":\"BreadcrumbList\",\"@id\":\"https:\\\/\\\/changhongchemical.com\\\/product\\\/cha-8-cas-1651-41-8\\\/#breadcrumb\",\"itemListElement\":[{\"@type\":\"ListItem\",\"position\":1,\"name\":\"Home\",\"item\":\"https:\\\/\\\/changhongchemical.com\\\/\"},{\"@type\":\"ListItem\",\"position\":2,\"name\":\"Products Changhong\",\"item\":\"https:\\\/\\\/changhongchemical.com\\\/product\\\/\"},{\"@type\":\"ListItem\",\"position\":3,\"name\":\"CHLUMOFIUOR\u00ae CHA-8 Perfluorooctylpropanol CAS 1651-41-8\"}]},{\"@type\":\"WebSite\",\"@id\":\"https:\\\/\\\/changhongchemical.com\\\/#website\",\"url\":\"https:\\\/\\\/changhongchemical.com\\\/\",\"name\":\"Changhong Chemical\",\"description\":\"China chemical manufacturer \uff06 supplier\",\"publisher\":{\"@id\":\"https:\\\/\\\/changhongchemical.com\\\/#organization\"},\"potentialAction\":[{\"@type\":\"SearchAction\",\"target\":{\"@type\":\"EntryPoint\",\"urlTemplate\":\"https:\\\/\\\/changhongchemical.com\\\/?s={search_term_string}\"},\"query-input\":{\"@type\":\"PropertyValueSpecification\",\"valueRequired\":true,\"valueName\":\"search_term_string\"}}],\"inLanguage\":\"hu\"},{\"@type\":\"Organization\",\"@id\":\"https:\\\/\\\/changhongchemical.com\\\/#organization\",\"name\":\"Changhong Chemical\",\"url\":\"https:\\\/\\\/changhongchemical.com\\\/\",\"logo\":{\"@type\":\"ImageObject\",\"inLanguage\":\"hu\",\"@id\":\"https:\\\/\\\/changhongchemical.com\\\/#\\\/schema\\\/logo\\\/image\\\/\",\"url\":\"https:\\\/\\\/changhongchemical.com\\\/wp-content\\\/uploads\\\/2020\\\/08\\\/cropped-longchang-logo.png\",\"contentUrl\":\"https:\\\/\\\/changhongchemical.com\\\/wp-content\\\/uploads\\\/2020\\\/08\\\/cropped-longchang-logo.png\",\"width\":512,\"height\":512,\"caption\":\"Changhong Chemical\"},\"image\":{\"@id\":\"https:\\\/\\\/changhongchemical.com\\\/#\\\/schema\\\/logo\\\/image\\\/\"}}]}<\/script>\n<!-- \/ Yoast SEO plugin. -->","yoast_head_json":{"title":"K\u00edna CHLUMOFIUOR\u00ae CHA-8 perfluoroctylpropanol CAS 1651-41-8 Gy\u00e1rt\u00f3 - Changhong Chemical","description":"CHA-8 3-(Perfluorooctyl)propanol CAS No.: 1651-41-8 Molecular weight: 478.15 EINECS No.: None","robots":{"index":"index","follow":"follow","max-snippet":"max-snippet:-1","max-image-preview":"max-image-preview:large","max-video-preview":"max-video-preview:-1"},"canonical":"https:\/\/changhongchemical.com\/hu\/product\/cha-8-cas-1651-41-8\/","og_locale":"hu_HU","og_type":"article","og_title":"China CHLUMOFIUOR\u00ae CHA-8 Perfluorooctylpropanol CAS 1651-41-8 Manufacturer - Changhong Chemical","og_description":"CHA-8 3-(Perfluorooctyl)propanol CAS No.: 1651-41-8 Molecular weight: 478.15 EINECS No.: None","og_url":"https:\/\/changhongchemical.com\/hu\/product\/cha-8-cas-1651-41-8\/","og_site_name":"Changhong Chemical","article_modified_time":"2026-01-08T08:13:02+00:00","og_image":[{"width":300,"height":300,"url":"https:\/\/changhongchemical.com\/wp-content\/uploads\/2025\/03\/CHA.jpg","type":"image\/jpeg"}],"twitter_card":"summary_large_image","twitter_misc":{"Becs\u00fclt olvas\u00e1si id\u0151":"1 perc"},"schema":{"@context":"https:\/\/schema.org","@graph":[{"@type":"WebPage","@id":"https:\/\/changhongchemical.com\/product\/cha-8-cas-1651-41-8\/","url":"https:\/\/changhongchemical.com\/product\/cha-8-cas-1651-41-8\/","name":"K\u00edna CHLUMOFIUOR\u00ae CHA-8 perfluoroctylpropanol CAS 1651-41-8 Gy\u00e1rt\u00f3 - Changhong Chemical","isPartOf":{"@id":"https:\/\/changhongchemical.com\/#website"},"primaryImageOfPage":{"@id":"https:\/\/changhongchemical.com\/product\/cha-8-cas-1651-41-8\/#primaryimage"},"image":{"@id":"https:\/\/changhongchemical.com\/product\/cha-8-cas-1651-41-8\/#primaryimage"},"thumbnailUrl":"https:\/\/changhongchemical.com\/wp-content\/uploads\/2025\/03\/CHA.jpg","datePublished":"2025-03-25T06:02:48+00:00","dateModified":"2026-01-08T08:13:02+00:00","description":"CHA-8 3-(Perfluorooctyl)propanol CAS No.: 1651-41-8 Molecular weight: 478.15 EINECS No.: None","breadcrumb":{"@id":"https:\/\/changhongchemical.com\/product\/cha-8-cas-1651-41-8\/#breadcrumb"},"inLanguage":"hu","potentialAction":[{"@type":"ReadAction","target":["https:\/\/changhongchemical.com\/product\/cha-8-cas-1651-41-8\/"]}]},{"@type":"ImageObject","inLanguage":"hu","@id":"https:\/\/changhongchemical.com\/product\/cha-8-cas-1651-41-8\/#primaryimage","url":"https:\/\/changhongchemical.com\/wp-content\/uploads\/2025\/03\/CHA.jpg","contentUrl":"https:\/\/changhongchemical.com\/wp-content\/uploads\/2025\/03\/CHA.jpg","width":300,"height":300},{"@type":"BreadcrumbList","@id":"https:\/\/changhongchemical.com\/product\/cha-8-cas-1651-41-8\/#breadcrumb","itemListElement":[{"@type":"ListItem","position":1,"name":"Home","item":"https:\/\/changhongchemical.com\/"},{"@type":"ListItem","position":2,"name":"Products Changhong","item":"https:\/\/changhongchemical.com\/product\/"},{"@type":"ListItem","position":3,"name":"CHLUMOFIUOR\u00ae CHA-8 Perfluorooctylpropanol CAS 1651-41-8"}]},{"@type":"WebSite","@id":"https:\/\/changhongchemical.com\/#website","url":"https:\/\/changhongchemical.com\/","name":"Changhong Chemical","description":"K\u00edna k\u00e9miai gy\u00e1rt\u00f3 \uff06 sz\u00e1ll\u00edt\u00f3","publisher":{"@id":"https:\/\/changhongchemical.com\/#organization"},"potentialAction":[{"@type":"SearchAction","target":{"@type":"EntryPoint","urlTemplate":"https:\/\/changhongchemical.com\/?s={search_term_string}"},"query-input":{"@type":"PropertyValueSpecification","valueRequired":true,"valueName":"search_term_string"}}],"inLanguage":"hu"},{"@type":"Organization","@id":"https:\/\/changhongchemical.com\/#organization","name":"Changhong Chemical","url":"https:\/\/changhongchemical.com\/","logo":{"@type":"ImageObject","inLanguage":"hu","@id":"https:\/\/changhongchemical.com\/#\/schema\/logo\/image\/","url":"https:\/\/changhongchemical.com\/wp-content\/uploads\/2020\/08\/cropped-longchang-logo.png","contentUrl":"https:\/\/changhongchemical.com\/wp-content\/uploads\/2020\/08\/cropped-longchang-logo.png","width":512,"height":512,"caption":"Changhong Chemical"},"image":{"@id":"https:\/\/changhongchemical.com\/#\/schema\/logo\/image\/"}}]}},"_links":{"self":[{"href":"https:\/\/changhongchemical.com\/hu\/wp-json\/wp\/v2\/product\/8330","targetHints":{"allow":["GET"]}}],"collection":[{"href":"https:\/\/changhongchemical.com\/hu\/wp-json\/wp\/v2\/product"}],"about":[{"href":"https:\/\/changhongchemical.com\/hu\/wp-json\/wp\/v2\/types\/product"}],"replies":[{"embeddable":true,"href":"https:\/\/changhongchemical.com\/hu\/wp-json\/wp\/v2\/comments?post=8330"}],"wp:featuredmedia":[{"embeddable":true,"href":"https:\/\/changhongchemical.com\/hu\/wp-json\/wp\/v2\/media\/8331"}],"wp:attachment":[{"href":"https:\/\/changhongchemical.com\/hu\/wp-json\/wp\/v2\/media?parent=8330"}],"wp:term":[{"taxonomy":"product_brand","embeddable":true,"href":"https:\/\/changhongchemical.com\/hu\/wp-json\/wp\/v2\/product_brand?post=8330"},{"taxonomy":"product_cat","embeddable":true,"href":"https:\/\/changhongchemical.com\/hu\/wp-json\/wp\/v2\/product_cat?post=8330"},{"taxonomy":"product_tag","embeddable":true,"href":"https:\/\/changhongchemical.com\/hu\/wp-json\/wp\/v2\/product_tag?post=8330"}],"curies":[{"name":"wp","href":"https:\/\/api.w.org\/{rel}","templated":true}]}}