{"id":8292,"date":"2025-03-25T02:26:47","date_gmt":"2025-03-25T02:26:47","guid":{"rendered":"https:\/\/changhongchemical.com\/?post_type=product&#038;p=8292"},"modified":"2025-05-12T02:51:04","modified_gmt":"2025-05-12T02:51:04","slug":"chz-05-12-hetero-chain-fluorinated-acrylates","status":"publish","type":"product","link":"https:\/\/changhongchemical.com\/hu\/product\/chz-05-12-hetero-chain-fluorinated-acrylates\/","title":{"rendered":"CHLUMOFIUOR\u00ae CHZ 05-12 Hetero l\u00e1nc\u00fa fluorozott akril\u00e1tok"},"content":{"rendered":"<p>Teljes\u00edtm\u00e9nyindex:<br \/>\nMegjelen\u00e9s: sz\u00edntelen vagy vil\u00e1goss\u00e1rga sz\u00edn\u0171 \u00e1tl\u00e1tsz\u00f3 folyad\u00e9k<br \/>\nS\u0171r\u0171s\u00e9g (g\/ml): 1,445@25\u00b0C-on<br \/>\nForr\u00e1spont (\u00b0C): Hg: 150-190@760mmHg<br \/>\nLobban\u00e1spont (\u00b0C): 81-85<br \/>\nT\u00f6r\u00e9smutat\u00f3: 1.361@25\u00b0C<br \/>\nOldhat\u00f3s\u00e1g (wt%): v\u00edzben nem old\u00f3dik, minden old\u00f3szerben csaknem old\u00f3dik.<br \/>\nTisztas\u00e1g: \u226596,0%<\/p>\n<h2><strong><b>L\u00e9pjen kapcsolatba vel\u00fcnk most!<\/b><\/strong><\/h2>\n<h4><strong><b>Ha sz\u00fcks\u00e9ge van Price-ra, k\u00e9rj\u00fck, t\u00f6ltse ki el\u00e9rhet\u0151s\u00e9g\u00e9t az al\u00e1bbi \u0171rlapon, \u00e1ltal\u00e1ban 24 \u00f3r\u00e1n bel\u00fcl felvessz\u00fck \u00d6nnel a kapcsolatot. \u00d6n is k\u00fcldhet nekem e-mailt\u00a0<span style=\"color: #00ccff;\"><a style=\"color: #00ccff;\" href=\"mailto:info@changhongchemical.com\">info@changhongchemical.com<\/a><\/span>\u00a0munkaid\u0151ben ( 8:30-18:00 UTC+8 H.-Szombat ) vagy haszn\u00e1lja a weboldal \u00e9l\u0151 chatj\u00e9t, hogy azonnali v\u00e1laszt kapjon.<\/b><\/strong><\/h4>","protected":false},"excerpt":{"rendered":"<p>Hetero l\u00e1nc\u00fa fluorozott akril\u00e1t<br \/>\nCAS-sz\u00e1m: N\/A<br \/>\nMolekul\u00e1ris k\u00e9plet: N \/ A<br \/>\nMolekulat\u00f6meg: N\/A<\/p>\n<p>Alkalmaz\u00e1si ter\u00fclet:<br \/>\nFluorozott akril emulzi\u00f3, fluorozott akrilgyanta<br \/>\nCsomagok t\u00e1rol\u00e1sa \u00e9s sz\u00e1ll\u00edt\u00e1sa:<br \/>\nCsomagol\u00e1si specifik\u00e1ci\u00f3: 25kg\/dob, 250kg\/dob. Megakad\u00e1lyozza a naps\u00fct\u00e9st \u00e9s az es\u0151t, az \u00fct\u0151d\u00e9st \u00e9s az extrud\u00e1l\u00e1st, \u00e9s sz\u00e1ll\u00edtsa \u00e1ltal\u00e1nos vesz\u00e9lyes \u00e1ruk\u00e9nt. H\u0171v\u00f6s, sz\u00e1raz, szell\u0151ztetett, f\u00e9nyt\u0151l v\u00e9dett helyen, h\u0151t\u0151l \u00e9s t\u0171zt\u0151l t\u00e1vol t\u00e1rolja. H\u0171t\u0151h\u00e1zban kell t\u00e1rolni 25 \u2103 alatt.<\/p>","protected":false},"featured_media":0,"comment_status":"closed","ping_status":"closed","template":"","meta":[],"product_brand":[],"product_cat":[187],"product_tag":[],"class_list":{"0":"post-8292","1":"product","2":"type-product","3":"status-publish","5":"product_cat-functional-fluorinated-monomers","7":"first","8":"instock","9":"shipping-taxable","10":"product-type-simple"},"yoast_head":"<!-- This site is optimized with the Yoast SEO plugin v23.3 - https:\/\/yoast.com\/wordpress\/plugins\/seo\/ -->\n<title>China CHLUMOFIUOR\u00ae CHZ 05-12 Hetero chain fluorinated acrylates Manufacturer - Changhong Chemical<\/title>\n<meta name=\"description\" content=\"CHLUMOFIUOR\u00ae CHZ 05-12 Hetero chain fluorinated acrylates is a key product of Changhong Chemical. We provide the best price. We are the leading manufacturer in China with the best quality and competitive price.\" \/>\n<meta name=\"robots\" content=\"index, follow, max-snippet:-1, max-image-preview:large, max-video-preview:-1\" \/>\n<link rel=\"canonical\" href=\"https:\/\/changhongchemical.com\/hu\/product\/chz-05-12-hetero-chain-fluorinated-acrylates\/\" \/>\n<meta property=\"og:locale\" content=\"hu_HU\" \/>\n<meta property=\"og:type\" content=\"article\" \/>\n<meta property=\"og:title\" content=\"China CHLUMOFIUOR\u00ae CHZ 05-12 Hetero chain fluorinated acrylates Manufacturer - Changhong Chemical\" \/>\n<meta property=\"og:description\" content=\"CHLUMOFIUOR\u00ae CHZ 05-12 Hetero chain fluorinated acrylates is a key product of Changhong Chemical. We provide the best price. We are the leading manufacturer in China with the best quality and competitive price.\" \/>\n<meta property=\"og:url\" content=\"https:\/\/changhongchemical.com\/hu\/product\/chz-05-12-hetero-chain-fluorinated-acrylates\/\" \/>\n<meta property=\"og:site_name\" content=\"Changhong Chemical\" \/>\n<meta property=\"article:modified_time\" content=\"2025-05-12T02:51:04+00:00\" \/>\n<meta property=\"og:image\" content=\"https:\/\/changhongchemical.com\/wp-content\/uploads\/2024\/02\/logo-jpeg.jpg\" \/>\n\t<meta property=\"og:image:width\" content=\"1000\" \/>\n\t<meta property=\"og:image:height\" content=\"1000\" \/>\n\t<meta property=\"og:image:type\" content=\"image\/jpeg\" \/>\n<meta name=\"twitter:card\" content=\"summary_large_image\" \/>\n<meta name=\"twitter:label1\" content=\"Becs\u00fclt olvas\u00e1si id\u0151\" \/>\n\t<meta name=\"twitter:data1\" content=\"1 perc\" \/>\n<script type=\"application\/ld+json\" class=\"yoast-schema-graph\">{\"@context\":\"https:\/\/schema.org\",\"@graph\":[{\"@type\":\"WebPage\",\"@id\":\"https:\/\/changhongchemical.com\/product\/chz-05-12-hetero-chain-fluorinated-acrylates\/\",\"url\":\"https:\/\/changhongchemical.com\/product\/chz-05-12-hetero-chain-fluorinated-acrylates\/\",\"name\":\"China CHLUMOFIUOR\u00ae CHZ 05-12 Hetero chain fluorinated acrylates Manufacturer - Changhong Chemical\",\"isPartOf\":{\"@id\":\"https:\/\/changhongchemical.com\/#website\"},\"datePublished\":\"2025-03-25T02:26:47+00:00\",\"dateModified\":\"2025-05-12T02:51:04+00:00\",\"description\":\"CHLUMOFIUOR\u00ae CHZ 05-12 Hetero chain fluorinated acrylates is a key product of Changhong Chemical. We provide the best price. We are the leading manufacturer in China with the best quality and competitive price.\",\"breadcrumb\":{\"@id\":\"https:\/\/changhongchemical.com\/product\/chz-05-12-hetero-chain-fluorinated-acrylates\/#breadcrumb\"},\"inLanguage\":\"hu\",\"potentialAction\":[{\"@type\":\"ReadAction\",\"target\":[\"https:\/\/changhongchemical.com\/product\/chz-05-12-hetero-chain-fluorinated-acrylates\/\"]}]},{\"@type\":\"BreadcrumbList\",\"@id\":\"https:\/\/changhongchemical.com\/product\/chz-05-12-hetero-chain-fluorinated-acrylates\/#breadcrumb\",\"itemListElement\":[{\"@type\":\"ListItem\",\"position\":1,\"name\":\"Home\",\"item\":\"https:\/\/changhongchemical.com\/\"},{\"@type\":\"ListItem\",\"position\":2,\"name\":\"Products Changhong\",\"item\":\"https:\/\/changhongchemical.com\/product\/\"},{\"@type\":\"ListItem\",\"position\":3,\"name\":\"CHLUMOFIUOR\u00ae CHZ 05-12 Hetero chain fluorinated acrylates\"}]},{\"@type\":\"WebSite\",\"@id\":\"https:\/\/changhongchemical.com\/#website\",\"url\":\"https:\/\/changhongchemical.com\/\",\"name\":\"Changhong Chemical\",\"description\":\"China chemical manufacturer \uff06 supplier\",\"publisher\":{\"@id\":\"https:\/\/changhongchemical.com\/#organization\"},\"potentialAction\":[{\"@type\":\"SearchAction\",\"target\":{\"@type\":\"EntryPoint\",\"urlTemplate\":\"https:\/\/changhongchemical.com\/?s={search_term_string}\"},\"query-input\":\"required name=search_term_string\"}],\"inLanguage\":\"hu\"},{\"@type\":\"Organization\",\"@id\":\"https:\/\/changhongchemical.com\/#organization\",\"name\":\"Changhong Chemical\",\"url\":\"https:\/\/changhongchemical.com\/\",\"logo\":{\"@type\":\"ImageObject\",\"inLanguage\":\"hu\",\"@id\":\"https:\/\/changhongchemical.com\/#\/schema\/logo\/image\/\",\"url\":\"https:\/\/changhongchemical.com\/wp-content\/uploads\/2020\/08\/cropped-longchang-logo.png\",\"contentUrl\":\"https:\/\/changhongchemical.com\/wp-content\/uploads\/2020\/08\/cropped-longchang-logo.png\",\"width\":512,\"height\":512,\"caption\":\"Changhong Chemical\"},\"image\":{\"@id\":\"https:\/\/changhongchemical.com\/#\/schema\/logo\/image\/\"}}]}<\/script>\n<!-- \/ Yoast SEO plugin. -->","yoast_head_json":{"title":"K\u00edna CHLUMOFIUOR\u00ae CHZ 05-12 Hetero l\u00e1nc\u00fa fluorozott akril\u00e1tok Gy\u00e1rt\u00f3 - Changhong Chemical","description":"A CHLUMOFIUOR\u00ae CHZ 05-12 Hetero l\u00e1nc\u00fa fluorozott akril\u00e1tok a Changhong Chemical egyik legfontosabb term\u00e9ke. Mi biztos\u00edtjuk a legjobb \u00e1rat. Mi vagyunk a vezet\u0151 gy\u00e1rt\u00f3 K\u00edn\u00e1ban a legjobb min\u0151s\u00e9ggel \u00e9s versenyk\u00e9pes \u00e1rral.","robots":{"index":"index","follow":"follow","max-snippet":"max-snippet:-1","max-image-preview":"max-image-preview:large","max-video-preview":"max-video-preview:-1"},"canonical":"https:\/\/changhongchemical.com\/hu\/product\/chz-05-12-hetero-chain-fluorinated-acrylates\/","og_locale":"hu_HU","og_type":"article","og_title":"China CHLUMOFIUOR\u00ae CHZ 05-12 Hetero chain fluorinated acrylates Manufacturer - Changhong Chemical","og_description":"CHLUMOFIUOR\u00ae CHZ 05-12 Hetero chain fluorinated acrylates is a key product of Changhong Chemical. We provide the best price. We are the leading manufacturer in China with the best quality and competitive price.","og_url":"https:\/\/changhongchemical.com\/hu\/product\/chz-05-12-hetero-chain-fluorinated-acrylates\/","og_site_name":"Changhong Chemical","article_modified_time":"2025-05-12T02:51:04+00:00","og_image":[{"width":1000,"height":1000,"url":"https:\/\/changhongchemical.com\/wp-content\/uploads\/2024\/02\/logo-jpeg.jpg","type":"image\/jpeg"}],"twitter_card":"summary_large_image","twitter_misc":{"Becs\u00fclt olvas\u00e1si id\u0151":"1 perc"},"schema":{"@context":"https:\/\/schema.org","@graph":[{"@type":"WebPage","@id":"https:\/\/changhongchemical.com\/product\/chz-05-12-hetero-chain-fluorinated-acrylates\/","url":"https:\/\/changhongchemical.com\/product\/chz-05-12-hetero-chain-fluorinated-acrylates\/","name":"K\u00edna CHLUMOFIUOR\u00ae CHZ 05-12 Hetero l\u00e1nc\u00fa fluorozott akril\u00e1tok Gy\u00e1rt\u00f3 - Changhong Chemical","isPartOf":{"@id":"https:\/\/changhongchemical.com\/#website"},"datePublished":"2025-03-25T02:26:47+00:00","dateModified":"2025-05-12T02:51:04+00:00","description":"A CHLUMOFIUOR\u00ae CHZ 05-12 Hetero l\u00e1nc\u00fa fluorozott akril\u00e1tok a Changhong Chemical egyik legfontosabb term\u00e9ke. Mi biztos\u00edtjuk a legjobb \u00e1rat. Mi vagyunk a vezet\u0151 gy\u00e1rt\u00f3 K\u00edn\u00e1ban a legjobb min\u0151s\u00e9ggel \u00e9s versenyk\u00e9pes \u00e1rral.","breadcrumb":{"@id":"https:\/\/changhongchemical.com\/product\/chz-05-12-hetero-chain-fluorinated-acrylates\/#breadcrumb"},"inLanguage":"hu","potentialAction":[{"@type":"ReadAction","target":["https:\/\/changhongchemical.com\/product\/chz-05-12-hetero-chain-fluorinated-acrylates\/"]}]},{"@type":"BreadcrumbList","@id":"https:\/\/changhongchemical.com\/product\/chz-05-12-hetero-chain-fluorinated-acrylates\/#breadcrumb","itemListElement":[{"@type":"ListItem","position":1,"name":"Home","item":"https:\/\/changhongchemical.com\/"},{"@type":"ListItem","position":2,"name":"Products Changhong","item":"https:\/\/changhongchemical.com\/product\/"},{"@type":"ListItem","position":3,"name":"CHLUMOFIUOR\u00ae CHZ 05-12 Hetero chain fluorinated acrylates"}]},{"@type":"WebSite","@id":"https:\/\/changhongchemical.com\/#website","url":"https:\/\/changhongchemical.com\/","name":"Changhong Chemical","description":"K\u00edna k\u00e9miai gy\u00e1rt\u00f3 \uff06 sz\u00e1ll\u00edt\u00f3","publisher":{"@id":"https:\/\/changhongchemical.com\/#organization"},"potentialAction":[{"@type":"SearchAction","target":{"@type":"EntryPoint","urlTemplate":"https:\/\/changhongchemical.com\/?s={search_term_string}"},"query-input":"required name=search_term_string"}],"inLanguage":"hu"},{"@type":"Organization","@id":"https:\/\/changhongchemical.com\/#organization","name":"Changhong Chemical","url":"https:\/\/changhongchemical.com\/","logo":{"@type":"ImageObject","inLanguage":"hu","@id":"https:\/\/changhongchemical.com\/#\/schema\/logo\/image\/","url":"https:\/\/changhongchemical.com\/wp-content\/uploads\/2020\/08\/cropped-longchang-logo.png","contentUrl":"https:\/\/changhongchemical.com\/wp-content\/uploads\/2020\/08\/cropped-longchang-logo.png","width":512,"height":512,"caption":"Changhong Chemical"},"image":{"@id":"https:\/\/changhongchemical.com\/#\/schema\/logo\/image\/"}}]}},"_links":{"self":[{"href":"https:\/\/changhongchemical.com\/hu\/wp-json\/wp\/v2\/product\/8292","targetHints":{"allow":["GET"]}}],"collection":[{"href":"https:\/\/changhongchemical.com\/hu\/wp-json\/wp\/v2\/product"}],"about":[{"href":"https:\/\/changhongchemical.com\/hu\/wp-json\/wp\/v2\/types\/product"}],"replies":[{"embeddable":true,"href":"https:\/\/changhongchemical.com\/hu\/wp-json\/wp\/v2\/comments?post=8292"}],"wp:attachment":[{"href":"https:\/\/changhongchemical.com\/hu\/wp-json\/wp\/v2\/media?parent=8292"}],"wp:term":[{"taxonomy":"product_brand","embeddable":true,"href":"https:\/\/changhongchemical.com\/hu\/wp-json\/wp\/v2\/product_brand?post=8292"},{"taxonomy":"product_cat","embeddable":true,"href":"https:\/\/changhongchemical.com\/hu\/wp-json\/wp\/v2\/product_cat?post=8292"},{"taxonomy":"product_tag","embeddable":true,"href":"https:\/\/changhongchemical.com\/hu\/wp-json\/wp\/v2\/product_tag?post=8292"}],"curies":[{"name":"wp","href":"https:\/\/api.w.org\/{rel}","templated":true}]}}